{"id":132287,"date":"2020-12-10T12:28:35","date_gmt":"2020-12-10T11:28:35","guid":{"rendered":"https:\/\/spinlama.com\/cz\/?post_type=product&#038;p=132287"},"modified":"2024-09-26T11:47:02","modified_gmt":"2024-09-26T09:47:02","slug":"smartflake","status":"publish","type":"product","link":"https:\/\/spinlama.com\/cz\/v\u00fdrobek\/smartflake\/","title":{"rendered":"Smartflake 18 v 1 \u2013 multifunk\u010dn\u00ed n\u00e1stroj ve tvaru sn\u011bhov\u00e9 vlo\u010dky"},"content":{"rendered":"<p style=\"text-align: center\"><span style=\"font-size: 110%\"><strong>Inovativn\u00ed design ve tvaru sn\u011bhov\u00e9 vlo\u010dky s 18 r\u016fzn\u00fdmi funkcemi!<br \/>\n<img fetchpriority=\"high\" decoding=\"async\" class=\"alignnone size-full wp-image-132288\" src=\"https:\/\/spinlama.com\/cz\/wp-content\/uploads\/sites\/19\/2020\/12\/ezgif.com-gif-maker-1.gif\" alt=\"\" width=\"320\" height=\"219\" \/><br \/>\n<\/strong><\/span><span style=\"font-size: 110%\"><strong>Lze pou\u017e\u00edt pro \u0161roubov\u00e1n\u00ed, otev\u00edr\u00e1n\u00ed lahv\u00ed, opravy kol, skateboard\u016f, hra\u010dek\u2026<br \/>\n<img decoding=\"async\" class=\"alignnone size-medium wp-image-132289\" src=\"https:\/\/spinlama.com\/cz\/wp-content\/uploads\/sites\/19\/2020\/12\/img4-400x400.jpg\" alt=\"\" width=\"400\" height=\"400\" srcset=\"https:\/\/spinlama.com\/cz\/wp-content\/uploads\/sites\/19\/2020\/12\/img4-400x400.jpg 400w, https:\/\/spinlama.com\/cz\/wp-content\/uploads\/sites\/19\/2020\/12\/img4-600x600.jpg 600w, https:\/\/spinlama.com\/cz\/wp-content\/uploads\/sites\/19\/2020\/12\/img4-100x100.jpg 100w, https:\/\/spinlama.com\/cz\/wp-content\/uploads\/sites\/19\/2020\/12\/img4-510x510.jpg 510w, https:\/\/spinlama.com\/cz\/wp-content\/uploads\/sites\/19\/2020\/12\/img4-800x800.jpg 800w, https:\/\/spinlama.com\/cz\/wp-content\/uploads\/sites\/19\/2020\/12\/img4-280x280.jpg 280w, https:\/\/spinlama.com\/cz\/wp-content\/uploads\/sites\/19\/2020\/12\/img4-768x768.jpg 768w, https:\/\/spinlama.com\/cz\/wp-content\/uploads\/sites\/19\/2020\/12\/img4.jpg 1000w\" sizes=\"(max-width: 400px) 100vw, 400px\" \/><br \/>\n<\/strong><\/span><span style=\"font-size: 110%\"><strong>Je vyroben z nerezov\u00e9 oceli.<br \/>\n<img decoding=\"async\" class=\"alignnone size-full wp-image-132290\" src=\"https:\/\/spinlama.com\/cz\/wp-content\/uploads\/sites\/19\/2020\/12\/giphy.gif\" alt=\"\" width=\"480\" height=\"255\" \/><br \/>\n<\/strong><\/span><span style=\"font-size: 110%\"><strong>V\u0161estrann\u00fd n\u00e1stroj \u2013 \u0161roubov\u00e1k<\/strong> (ploch\u00fd, k\u0159\u00ed\u017eov\u00fd nebo \u0161estihrann\u00fd kl\u00ed\u010d v 6 velikostech), <strong>n\u016f\u017e<\/strong> (na \u0159ez\u00e1n\u00ed p\u00e1sek a \u0161\u0148\u016fr), <strong>kl\u00ed\u010d<\/strong> (7 velikost\u00ed) a <strong>otv\u00edr\u00e1k na lahve<\/strong> s praktick\u00fdm otvorem, tak\u017ee jej m\u016f\u017eete nosit jako <strong>kl\u00ed\u010denku<\/strong>.<br \/>\n<img loading=\"lazy\" decoding=\"async\" class=\"alignnone size-full wp-image-132292\" src=\"https:\/\/spinlama.com\/cz\/wp-content\/uploads\/sites\/19\/2020\/12\/8_b32e6649-55d0-4f7b-a72e-f0c955c51f49_480x480.gif\" alt=\"\" width=\"320\" height=\"208\" \/><br \/>\n<img loading=\"lazy\" decoding=\"async\" class=\"alignnone size-medium wp-image-132291\" src=\"https:\/\/spinlama.com\/cz\/wp-content\/uploads\/sites\/19\/2020\/12\/funkcije-CZ-400x400.jpg\" alt=\"\" width=\"400\" height=\"400\" srcset=\"https:\/\/spinlama.com\/cz\/wp-content\/uploads\/sites\/19\/2020\/12\/funkcije-CZ-400x400.jpg 400w, https:\/\/spinlama.com\/cz\/wp-content\/uploads\/sites\/19\/2020\/12\/funkcije-CZ-600x600.jpg 600w, https:\/\/spinlama.com\/cz\/wp-content\/uploads\/sites\/19\/2020\/12\/funkcije-CZ-100x100.jpg 100w, https:\/\/spinlama.com\/cz\/wp-content\/uploads\/sites\/19\/2020\/12\/funkcije-CZ-510x510.jpg 510w, https:\/\/spinlama.com\/cz\/wp-content\/uploads\/sites\/19\/2020\/12\/funkcije-CZ-800x800.jpg 800w, https:\/\/spinlama.com\/cz\/wp-content\/uploads\/sites\/19\/2020\/12\/funkcije-CZ-280x280.jpg 280w, https:\/\/spinlama.com\/cz\/wp-content\/uploads\/sites\/19\/2020\/12\/funkcije-CZ-768x768.jpg 768w, https:\/\/spinlama.com\/cz\/wp-content\/uploads\/sites\/19\/2020\/12\/funkcije-CZ.jpg 1000w\" sizes=\"(max-width: 400px) 100vw, 400px\" \/><br \/>\n<\/span><span style=\"font-size: 110%\"><strong>Skv\u011bl\u00fd n\u00e1pad na d\u00e1rek! Ud\u011blejte sv\u00fdm p\u0159\u00e1tel\u016fm radost a v\u011bnujte jim praktick\u00fd d\u00e1rek.<br \/>\n<img loading=\"lazy\" decoding=\"async\" class=\"alignnone size-medium wp-image-132293\" src=\"https:\/\/spinlama.com\/cz\/wp-content\/uploads\/sites\/19\/2020\/12\/kolaz-800x400.png\" alt=\"\" width=\"800\" height=\"400\" srcset=\"https:\/\/spinlama.com\/cz\/wp-content\/uploads\/sites\/19\/2020\/12\/kolaz-800x400.png 800w, https:\/\/spinlama.com\/cz\/wp-content\/uploads\/sites\/19\/2020\/12\/kolaz-510x255.png 510w, https:\/\/spinlama.com\/cz\/wp-content\/uploads\/sites\/19\/2020\/12\/kolaz-768x384.png 768w, https:\/\/spinlama.com\/cz\/wp-content\/uploads\/sites\/19\/2020\/12\/kolaz.png 1000w\" sizes=\"(max-width: 800px) 100vw, 800px\" \/><br \/>\n<\/strong><\/span><span style=\"font-size: 110%\"><strong>Vezm\u011bte si ho s sebou kamkoli.\u00a0<\/strong>Vzhledem ke sv\u00e9 velikosti a praktick\u00e9mu pou\u017eit\u00ed se d\u00e1 snadno um\u00edstit na kl\u00ed\u010de, d\u00e1t do kapsy nebo batohu.<br \/>\n<img loading=\"lazy\" decoding=\"async\" class=\"alignnone size-medium wp-image-132294\" src=\"https:\/\/spinlama.com\/cz\/wp-content\/uploads\/sites\/19\/2020\/12\/img6-400x400.jpg\" alt=\"\" width=\"400\" height=\"400\" srcset=\"https:\/\/spinlama.com\/cz\/wp-content\/uploads\/sites\/19\/2020\/12\/img6-400x400.jpg 400w, https:\/\/spinlama.com\/cz\/wp-content\/uploads\/sites\/19\/2020\/12\/img6-600x600.jpg 600w, https:\/\/spinlama.com\/cz\/wp-content\/uploads\/sites\/19\/2020\/12\/img6-100x100.jpg 100w, https:\/\/spinlama.com\/cz\/wp-content\/uploads\/sites\/19\/2020\/12\/img6-510x510.jpg 510w, https:\/\/spinlama.com\/cz\/wp-content\/uploads\/sites\/19\/2020\/12\/img6-800x800.jpg 800w, https:\/\/spinlama.com\/cz\/wp-content\/uploads\/sites\/19\/2020\/12\/img6-280x280.jpg 280w, https:\/\/spinlama.com\/cz\/wp-content\/uploads\/sites\/19\/2020\/12\/img6-768x768.jpg 768w, https:\/\/spinlama.com\/cz\/wp-content\/uploads\/sites\/19\/2020\/12\/img6.jpg 1000w\" sizes=\"(max-width: 400px) 100vw, 400px\" \/><br \/>\n<\/span><\/p>\n<p><span style=\"font-size: 110%\"><strong>Vlastnosti:<\/strong><\/span><br \/>\n<span style=\"font-size: 110%\">&#8211; V\u00edce\u00fa\u010delov\u00fd n\u00e1stroj s 18 r\u016fzn\u00fdmi funkcemi<\/span><br \/>\n<span style=\"font-size: 110%\">&#8211; Skv\u011bl\u00fd n\u00e1pad na d\u00e1rek<\/span><br \/>\n<span style=\"font-size: 110%\">&#8211; Mo\u017enost pou\u017eit\u00ed kdekoli a kdykoli<\/span><br \/>\n<span style=\"font-size: 110%\">&#8211; Odoln\u00e9 v\u016f\u010di pov\u011btrnostn\u00edm vliv\u016fm<\/span><br \/>\n<span style=\"font-size: 110%\">&#8211; Kl\u00ed\u010denka<\/span><\/p>\n<p><span style=\"font-size: 110%\"><strong>Specifikace<\/strong> <strong>:<\/strong><\/span><br \/>\n<span style=\"font-size: 110%\">&#8211; barva: st\u0159\u00edbrn\u00e1<\/span><br \/>\n<span style=\"font-size: 110%\">&#8211; materi\u00e1l: nerezov\u00e1 ocel<\/span><br \/>\n<span style=\"font-size: 110%\">&#8211; rozm\u011bry: 4,6 cm x 4,6 cm<\/span><br \/>\n<span style=\"font-size: 110%\">&#8211; hmotnost: 78 g<\/span><\/p>\n<p><span style=\"font-size: 110%\"><strong>Balen\u00ed obsahuje<\/strong><\/span><br \/>\n<span style=\"font-size: 110%\">1x Smartflake 18 v 1<\/span><br \/>\n<span style=\"font-size: 110%\">1x kl\u00ed\u010denka<\/span><br \/>\n<span style=\"font-size: 110%\">1x \u00falo\u017en\u00fd s\u00e1\u010dek<\/span><\/p>\n<p style=\"text-align: center\"><img loading=\"lazy\" decoding=\"async\" class=\"alignnone size-medium wp-image-132295\" src=\"https:\/\/spinlama.com\/cz\/wp-content\/uploads\/sites\/19\/2020\/12\/img7-400x400.jpg\" alt=\"\" width=\"400\" height=\"400\" srcset=\"https:\/\/spinlama.com\/cz\/wp-content\/uploads\/sites\/19\/2020\/12\/img7-400x400.jpg 400w, https:\/\/spinlama.com\/cz\/wp-content\/uploads\/sites\/19\/2020\/12\/img7-600x600.jpg 600w, https:\/\/spinlama.com\/cz\/wp-content\/uploads\/sites\/19\/2020\/12\/img7-100x100.jpg 100w, https:\/\/spinlama.com\/cz\/wp-content\/uploads\/sites\/19\/2020\/12\/img7-510x510.jpg 510w, https:\/\/spinlama.com\/cz\/wp-content\/uploads\/sites\/19\/2020\/12\/img7-800x800.jpg 800w, https:\/\/spinlama.com\/cz\/wp-content\/uploads\/sites\/19\/2020\/12\/img7-280x280.jpg 280w, https:\/\/spinlama.com\/cz\/wp-content\/uploads\/sites\/19\/2020\/12\/img7-768x768.jpg 768w, https:\/\/spinlama.com\/cz\/wp-content\/uploads\/sites\/19\/2020\/12\/img7.jpg 1000w\" sizes=\"(max-width: 400px) 100vw, 400px\" \/><br \/>\n<img loading=\"lazy\" decoding=\"async\" class=\"alignnone size-medium wp-image-132296\" src=\"https:\/\/spinlama.com\/cz\/wp-content\/uploads\/sites\/19\/2020\/12\/img8-400x400.jpg\" alt=\"\" width=\"400\" height=\"400\" srcset=\"https:\/\/spinlama.com\/cz\/wp-content\/uploads\/sites\/19\/2020\/12\/img8-400x400.jpg 400w, https:\/\/spinlama.com\/cz\/wp-content\/uploads\/sites\/19\/2020\/12\/img8-600x600.jpg 600w, https:\/\/spinlama.com\/cz\/wp-content\/uploads\/sites\/19\/2020\/12\/img8-100x100.jpg 100w, https:\/\/spinlama.com\/cz\/wp-content\/uploads\/sites\/19\/2020\/12\/img8-510x510.jpg 510w, https:\/\/spinlama.com\/cz\/wp-content\/uploads\/sites\/19\/2020\/12\/img8-800x800.jpg 800w, https:\/\/spinlama.com\/cz\/wp-content\/uploads\/sites\/19\/2020\/12\/img8-280x280.jpg 280w, https:\/\/spinlama.com\/cz\/wp-content\/uploads\/sites\/19\/2020\/12\/img8-768x768.jpg 768w, https:\/\/spinlama.com\/cz\/wp-content\/uploads\/sites\/19\/2020\/12\/img8.jpg 1000w\" sizes=\"(max-width: 400px) 100vw, 400px\" \/><\/p>\n","protected":false},"excerpt":{"rendered":"<p><span style=\"font-size: 110%\"><strong>V\u00edce\u00fa\u010delov\u00fd a mimo\u0159\u00e1dn\u011b praktick\u00fd n\u00e1stroj s 18 r\u016fzn\u00fdmi funkcemi! M\u016f\u017eete jej pou\u017e\u00edt jako \u0161roubov\u00e1k nebo kl\u00ed\u010d, k otv\u00edr\u00e1n\u00ed krabic a lahv\u00ed, uta\u017een\u00ed \u0161roub\u016f na kole, ust\u0159ihnout pomoc\u00ed n\u011bj prov\u00e1zek nebo kousek lepic\u00ed p\u00e1sky a mnoho dal\u0161\u00edho.<br \/>\n<\/strong><\/span><span style=\"font-size: 110%\">Je nepostradateln\u00fdm dopl\u0148kem pro rychl\u00e9 opravy doma, na cest\u00e1ch, na dovolen\u00e9, na pikniku, p\u0159i kempov\u00e1n\u00ed nebo venku.<\/span><\/p>\n<p><span style=\"font-size: 110%\"><strong><img decoding=\"async\" class=\"emoji\" role=\"img\" src=\"https:\/\/s.w.org\/images\/core\/emoji\/13.0.0\/svg\/1f381.svg\" alt=\"\ud83c\udf81\" \/>Skv\u011bl\u00fd n\u00e1pad na d\u00e1rek!<img decoding=\"async\" class=\"emoji\" role=\"img\" src=\"https:\/\/s.w.org\/images\/core\/emoji\/13.0.0\/svg\/1f381.svg\" alt=\"\ud83c\udf81\" \/><\/strong><\/span><\/p>\n","protected":false},"featured_media":132297,"comment_status":"closed","ping_status":"closed","template":"","meta":[],"product_cat":[563,68],"product_tag":[1006,1007,1008,1009,1010,1011,1012,1013],"aioseo_notices":[],"_links":{"self":[{"href":"https:\/\/spinlama.com\/cz\/wp-json\/wp\/v2\/product\/132287"}],"collection":[{"href":"https:\/\/spinlama.com\/cz\/wp-json\/wp\/v2\/product"}],"about":[{"href":"https:\/\/spinlama.com\/cz\/wp-json\/wp\/v2\/types\/product"}],"replies":[{"embeddable":true,"href":"https:\/\/spinlama.com\/cz\/wp-json\/wp\/v2\/comments?post=132287"}],"version-history":[{"count":3,"href":"https:\/\/spinlama.com\/cz\/wp-json\/wp\/v2\/product\/132287\/revisions"}],"predecessor-version":[{"id":201687,"href":"https:\/\/spinlama.com\/cz\/wp-json\/wp\/v2\/product\/132287\/revisions\/201687"}],"wp:featuredmedia":[{"embeddable":true,"href":"https:\/\/spinlama.com\/cz\/wp-json\/wp\/v2\/media\/132297"}],"wp:attachment":[{"href":"https:\/\/spinlama.com\/cz\/wp-json\/wp\/v2\/media?parent=132287"}],"wp:term":[{"taxonomy":"product_cat","embeddable":true,"href":"https:\/\/spinlama.com\/cz\/wp-json\/wp\/v2\/product_cat?post=132287"},{"taxonomy":"product_tag","embeddable":true,"href":"https:\/\/spinlama.com\/cz\/wp-json\/wp\/v2\/product_tag?post=132287"}],"curies":[{"name":"wp","href":"https:\/\/api.w.org\/{rel}","templated":true}]}}