{"id":143680,"date":"2021-01-19T09:36:19","date_gmt":"2021-01-19T08:36:19","guid":{"rendered":"https:\/\/spinlama.com\/cz\/?post_type=product&#038;p=143680"},"modified":"2022-01-18T14:50:26","modified_gmt":"2022-01-18T13:50:26","slug":"vivo-gloves","status":"publish","type":"product","link":"https:\/\/spinlama.com\/cz\/v\u00fdrobek\/vivo-gloves\/","title":{"rendered":"Vivo Gloves \u2013 Kompresn\u00ed rukavice"},"content":{"rendered":"<p style=\"text-align: center\"><span style=\"font-size: 110%\"><strong>Kompresn\u00ed rukavice zlep\u0161uj\u00ed krevn\u00ed ob\u011bh a zm\u00edr\u0148uj\u00ed \u00fanavu rukou. Doporu\u010duj\u00ed se zejm\u00e9na osob\u00e1m s bolav\u00fdma a otekl\u00fdma rukama, <\/strong><strong>s artritidou nebo poran\u011bn\u00edm rukou.<\/strong><\/span><\/p>\n<p style=\"text-align: center\"><img fetchpriority=\"high\" decoding=\"async\" class=\"alignnone wp-image-146232\" src=\"https:\/\/spinlama.com\/cz\/wp-content\/uploads\/sites\/19\/2021\/01\/vivogloves-1.jpg\" alt=\"\" width=\"500\" height=\"500\" srcset=\"https:\/\/spinlama.com\/cz\/wp-content\/uploads\/sites\/19\/2021\/01\/vivogloves-1.jpg 800w, https:\/\/spinlama.com\/cz\/wp-content\/uploads\/sites\/19\/2021\/01\/vivogloves-1-600x600.jpg 600w, https:\/\/spinlama.com\/cz\/wp-content\/uploads\/sites\/19\/2021\/01\/vivogloves-1-100x100.jpg 100w, https:\/\/spinlama.com\/cz\/wp-content\/uploads\/sites\/19\/2021\/01\/vivogloves-1-510x510.jpg 510w, https:\/\/spinlama.com\/cz\/wp-content\/uploads\/sites\/19\/2021\/01\/vivogloves-1-400x400.jpg 400w, https:\/\/spinlama.com\/cz\/wp-content\/uploads\/sites\/19\/2021\/01\/vivogloves-1-280x280.jpg 280w, https:\/\/spinlama.com\/cz\/wp-content\/uploads\/sites\/19\/2021\/01\/vivogloves-1-768x768.jpg 768w\" sizes=\"(max-width: 500px) 100vw, 500px\" \/><\/p>\n<p style=\"text-align: center\"><span style=\"font-size: 110%\"><strong>Poskytuj\u00ed ruk\u00e1m p\u0159\u00edjemn\u00fd pocit a podporu.<\/strong><\/span><\/p>\n<p><img decoding=\"async\" class=\"aligncenter wp-image-146246\" src=\"https:\/\/spinlama.com\/cz\/wp-content\/uploads\/sites\/19\/2021\/01\/vivo-gloves-gif-01.gif\" alt=\"\" width=\"500\" height=\"500\" \/><\/p>\n<p style=\"text-align: center\"><span style=\"font-size: 110%\"><strong>Rukavice mohou pou\u017e\u00edvat tak\u00e9 lid\u00e9, kte\u0159\u00ed maj\u00ed brn\u011bn\u00ed rukou, ztuhlost prst\u016f, \u0161patn\u00fd krevn\u00ed ob\u011bh a studen\u00e9 ruce, zan\u00edcen\u00e9 nervy, bolest a \u201etrh\u00e1n\u00ed\u201c v rukou (neuropatie).<\/strong><\/span><\/p>\n<p><img decoding=\"async\" class=\"aligncenter wp-image-146240 size-medium\" src=\"https:\/\/spinlama.com\/cz\/wp-content\/uploads\/sites\/19\/2021\/01\/vivogloves-08-600x400.jpg\" alt=\"\" width=\"600\" height=\"400\" srcset=\"https:\/\/spinlama.com\/cz\/wp-content\/uploads\/sites\/19\/2021\/01\/vivogloves-08-600x400.jpg 600w, https:\/\/spinlama.com\/cz\/wp-content\/uploads\/sites\/19\/2021\/01\/vivogloves-08-510x340.jpg 510w, https:\/\/spinlama.com\/cz\/wp-content\/uploads\/sites\/19\/2021\/01\/vivogloves-08-768x512.jpg 768w, https:\/\/spinlama.com\/cz\/wp-content\/uploads\/sites\/19\/2021\/01\/vivogloves-08.jpg 1000w\" sizes=\"(max-width: 600px) 100vw, 600px\" \/><\/p>\n<p style=\"text-align: center\"><span style=\"font-size: 110%\"><strong>Jsou vyrobeny z p\u0159\u00edjemn\u00e9ho vzdu\u0161n\u00e9ho materi\u00e1lu (sm\u011bs bavlny a elastanu), kter\u00fd nezp\u016fsobuje pocen\u00ed rukou, tak\u017ee je m\u016f\u017eete nosit cel\u00fd den.<\/strong><\/span><\/p>\n<p><img loading=\"lazy\" decoding=\"async\" class=\"aligncenter wp-image-146244\" src=\"https:\/\/spinlama.com\/cz\/wp-content\/uploads\/sites\/19\/2021\/01\/vivogloves-11.jpg\" alt=\"\" width=\"500\" height=\"500\" srcset=\"https:\/\/spinlama.com\/cz\/wp-content\/uploads\/sites\/19\/2021\/01\/vivogloves-11.jpg 800w, https:\/\/spinlama.com\/cz\/wp-content\/uploads\/sites\/19\/2021\/01\/vivogloves-11-600x600.jpg 600w, https:\/\/spinlama.com\/cz\/wp-content\/uploads\/sites\/19\/2021\/01\/vivogloves-11-100x100.jpg 100w, https:\/\/spinlama.com\/cz\/wp-content\/uploads\/sites\/19\/2021\/01\/vivogloves-11-510x510.jpg 510w, https:\/\/spinlama.com\/cz\/wp-content\/uploads\/sites\/19\/2021\/01\/vivogloves-11-400x400.jpg 400w, https:\/\/spinlama.com\/cz\/wp-content\/uploads\/sites\/19\/2021\/01\/vivogloves-11-280x280.jpg 280w, https:\/\/spinlama.com\/cz\/wp-content\/uploads\/sites\/19\/2021\/01\/vivogloves-11-768x768.jpg 768w\" sizes=\"(max-width: 500px) 100vw, 500px\" \/><\/p>\n<p style=\"text-align: center\"><span style=\"font-size: 110%\"><strong>D\u00edky designu s otev\u0159en\u00fdmi prsty je m\u016f\u017eete snadno nosit p\u0159i ka\u017edodenn\u00edch \u00fakolech \u2013 telefonov\u00e1n\u00ed, pou\u017e\u00edv\u00e1n\u00ed po\u010d\u00edta\u010de, va\u0159en\u00ed, fitness, b\u011bhu a dal\u0161\u00edch \u010dinnostech.<\/strong><\/span><\/p>\n<p style=\"text-align: center\"><img loading=\"lazy\" decoding=\"async\" class=\"alignnone wp-image-146242\" src=\"https:\/\/spinlama.com\/cz\/wp-content\/uploads\/sites\/19\/2021\/01\/vivogloves-09.jpg\" alt=\"\" width=\"500\" height=\"500\" srcset=\"https:\/\/spinlama.com\/cz\/wp-content\/uploads\/sites\/19\/2021\/01\/vivogloves-09.jpg 800w, https:\/\/spinlama.com\/cz\/wp-content\/uploads\/sites\/19\/2021\/01\/vivogloves-09-600x600.jpg 600w, https:\/\/spinlama.com\/cz\/wp-content\/uploads\/sites\/19\/2021\/01\/vivogloves-09-100x100.jpg 100w, https:\/\/spinlama.com\/cz\/wp-content\/uploads\/sites\/19\/2021\/01\/vivogloves-09-510x510.jpg 510w, https:\/\/spinlama.com\/cz\/wp-content\/uploads\/sites\/19\/2021\/01\/vivogloves-09-400x400.jpg 400w, https:\/\/spinlama.com\/cz\/wp-content\/uploads\/sites\/19\/2021\/01\/vivogloves-09-280x280.jpg 280w, https:\/\/spinlama.com\/cz\/wp-content\/uploads\/sites\/19\/2021\/01\/vivogloves-09-768x768.jpg 768w\" sizes=\"(max-width: 500px) 100vw, 500px\" \/><\/p>\n<p style=\"text-align: center\"><span style=\"font-size: 110%\"><strong>Snadno v nich m\u016f\u017eete dr\u017eet a p\u0159en\u00e1\u0161et v\u011bci a dot\u00fdkat se jich.<\/strong><\/span><\/p>\n<p style=\"text-align: center\"><img loading=\"lazy\" decoding=\"async\" class=\"alignnone wp-image-146243\" src=\"https:\/\/spinlama.com\/cz\/wp-content\/uploads\/sites\/19\/2021\/01\/vivogloves-10.jpg\" alt=\"\" width=\"500\" height=\"500\" srcset=\"https:\/\/spinlama.com\/cz\/wp-content\/uploads\/sites\/19\/2021\/01\/vivogloves-10.jpg 800w, https:\/\/spinlama.com\/cz\/wp-content\/uploads\/sites\/19\/2021\/01\/vivogloves-10-600x600.jpg 600w, https:\/\/spinlama.com\/cz\/wp-content\/uploads\/sites\/19\/2021\/01\/vivogloves-10-100x100.jpg 100w, https:\/\/spinlama.com\/cz\/wp-content\/uploads\/sites\/19\/2021\/01\/vivogloves-10-510x510.jpg 510w, https:\/\/spinlama.com\/cz\/wp-content\/uploads\/sites\/19\/2021\/01\/vivogloves-10-400x400.jpg 400w, https:\/\/spinlama.com\/cz\/wp-content\/uploads\/sites\/19\/2021\/01\/vivogloves-10-280x280.jpg 280w, https:\/\/spinlama.com\/cz\/wp-content\/uploads\/sites\/19\/2021\/01\/vivogloves-10-768x768.jpg 768w\" sizes=\"(max-width: 500px) 100vw, 500px\" \/><\/p>\n<p style=\"text-align: center\"><span style=\"font-size: 110%\"><strong>Lze je tak\u00e9 nosit jako ochranu p\u0159ed chladem nebo jako ochranu rukou p\u0159i cvi\u010den\u00ed nebo outdoorov\u00fdch aktivit\u00e1ch.<\/strong><\/span><\/p>\n<p><img loading=\"lazy\" decoding=\"async\" class=\"aligncenter wp-image-146233\" src=\"https:\/\/spinlama.com\/cz\/wp-content\/uploads\/sites\/19\/2021\/01\/vivogloves-02-CZ.jpg\" alt=\"\" width=\"599\" height=\"471\" srcset=\"https:\/\/spinlama.com\/cz\/wp-content\/uploads\/sites\/19\/2021\/01\/vivogloves-02-CZ.jpg 1000w, https:\/\/spinlama.com\/cz\/wp-content\/uploads\/sites\/19\/2021\/01\/vivogloves-02-CZ-510x401.jpg 510w, https:\/\/spinlama.com\/cz\/wp-content\/uploads\/sites\/19\/2021\/01\/vivogloves-02-CZ-509x400.jpg 509w, https:\/\/spinlama.com\/cz\/wp-content\/uploads\/sites\/19\/2021\/01\/vivogloves-02-CZ-768x604.jpg 768w\" sizes=\"(max-width: 599px) 100vw, 599px\" \/><\/p>\n<p style=\"text-align: center\"><span style=\"font-size: 110%\"><strong>Rukavice jsou k dispozici ve 3 velikostech, v z\u00e1vislosti na pr\u016fm\u011bru dlan\u011b p\u0159es klouby.<\/strong><\/span><\/p>\n<p><img loading=\"lazy\" decoding=\"async\" class=\"wp-image-146235 aligncenter\" src=\"https:\/\/spinlama.com\/cz\/wp-content\/uploads\/sites\/19\/2021\/01\/vivogloves-03-CZ.jpg\" alt=\"\" width=\"500\" height=\"500\" srcset=\"https:\/\/spinlama.com\/cz\/wp-content\/uploads\/sites\/19\/2021\/01\/vivogloves-03-CZ.jpg 1000w, https:\/\/spinlama.com\/cz\/wp-content\/uploads\/sites\/19\/2021\/01\/vivogloves-03-CZ-600x600.jpg 600w, https:\/\/spinlama.com\/cz\/wp-content\/uploads\/sites\/19\/2021\/01\/vivogloves-03-CZ-100x100.jpg 100w, https:\/\/spinlama.com\/cz\/wp-content\/uploads\/sites\/19\/2021\/01\/vivogloves-03-CZ-510x510.jpg 510w, https:\/\/spinlama.com\/cz\/wp-content\/uploads\/sites\/19\/2021\/01\/vivogloves-03-CZ-400x400.jpg 400w, https:\/\/spinlama.com\/cz\/wp-content\/uploads\/sites\/19\/2021\/01\/vivogloves-03-CZ-800x800.jpg 800w, https:\/\/spinlama.com\/cz\/wp-content\/uploads\/sites\/19\/2021\/01\/vivogloves-03-CZ-280x280.jpg 280w, https:\/\/spinlama.com\/cz\/wp-content\/uploads\/sites\/19\/2021\/01\/vivogloves-03-CZ-768x768.jpg 768w\" sizes=\"(max-width: 500px) 100vw, 500px\" \/><\/p>\n<p><strong><span style=\"font-size: 105%\">Vlastnosti:<\/span><\/strong><br \/>\n<span style=\"font-size: 105%\">\u2714 Zm\u00edrn\u011bn\u00ed \u00fanavy a nap\u011bt\u00ed rukou<\/span><br \/>\n<span style=\"font-size: 105%\">\u2714 Podpora krevn\u00edho ob\u011bhu<\/span><br \/>\n<span style=\"font-size: 105%\">\u2714 Proti bolav\u00fdm, ztuhl\u00fdm ruk\u00e1m a mraven\u010den\u00ed<\/span><br \/>\n<span style=\"font-size: 105%\">\u2714 Proti otok\u016fm prst\u016f<\/span><br \/>\n<span style=\"font-size: 105%\">\u2714 Vyrobeno z p\u0159\u00edjemn\u00e9ho a vzdu\u0161n\u00e9ho materi\u00e1lu<\/span><br \/>\n<span style=\"font-size: 105%\">\u2714 Otev\u0159en\u00e9 prsty umo\u017e\u0148uj\u00ed nosit rukavice b\u011bhem ka\u017edodenn\u00edch \u010dinnost\u00ed<\/span><br \/>\n<span style=\"font-size: 105%\">\u2714 Jsou vhodn\u00e9 pro ka\u017edodenn\u00ed pou\u017eit\u00ed<\/span><\/p>\n<p><span style=\"font-size: 105%\"><strong>Materi\u00e1l<\/strong>: 85 % bavlna, 15 % lycra<\/span><br \/>\n<span style=\"font-size: 105%\"><strong>Velikost<\/strong>: k dispozici ve 3 velikostech (v z\u00e1vislosti na pr\u016fm\u011bru dlan\u011b).<\/span><br \/>\n<span style=\"font-size: 105%\"><strong>\u00dadr\u017eba<\/strong>: Pr\u00e1t na 30 \u00b0C, su\u0161it na vzduchu.<\/span><\/p>\n<p style=\"text-align: center\"><img loading=\"lazy\" decoding=\"async\" class=\"alignnone wp-image-146236\" src=\"https:\/\/spinlama.com\/cz\/wp-content\/uploads\/sites\/19\/2021\/01\/vivogloves-04.jpg\" alt=\"\" width=\"500\" height=\"500\" srcset=\"https:\/\/spinlama.com\/cz\/wp-content\/uploads\/sites\/19\/2021\/01\/vivogloves-04.jpg 1000w, https:\/\/spinlama.com\/cz\/wp-content\/uploads\/sites\/19\/2021\/01\/vivogloves-04-600x600.jpg 600w, https:\/\/spinlama.com\/cz\/wp-content\/uploads\/sites\/19\/2021\/01\/vivogloves-04-100x100.jpg 100w, https:\/\/spinlama.com\/cz\/wp-content\/uploads\/sites\/19\/2021\/01\/vivogloves-04-510x510.jpg 510w, https:\/\/spinlama.com\/cz\/wp-content\/uploads\/sites\/19\/2021\/01\/vivogloves-04-400x400.jpg 400w, https:\/\/spinlama.com\/cz\/wp-content\/uploads\/sites\/19\/2021\/01\/vivogloves-04-800x800.jpg 800w, https:\/\/spinlama.com\/cz\/wp-content\/uploads\/sites\/19\/2021\/01\/vivogloves-04-280x280.jpg 280w, https:\/\/spinlama.com\/cz\/wp-content\/uploads\/sites\/19\/2021\/01\/vivogloves-04-768x768.jpg 768w\" sizes=\"(max-width: 500px) 100vw, 500px\" \/> <img loading=\"lazy\" decoding=\"async\" class=\"alignnone wp-image-146238\" src=\"https:\/\/spinlama.com\/cz\/wp-content\/uploads\/sites\/19\/2021\/01\/vivogloves-06.jpg\" alt=\"\" width=\"500\" height=\"500\" srcset=\"https:\/\/spinlama.com\/cz\/wp-content\/uploads\/sites\/19\/2021\/01\/vivogloves-06.jpg 800w, https:\/\/spinlama.com\/cz\/wp-content\/uploads\/sites\/19\/2021\/01\/vivogloves-06-600x600.jpg 600w, https:\/\/spinlama.com\/cz\/wp-content\/uploads\/sites\/19\/2021\/01\/vivogloves-06-100x100.jpg 100w, https:\/\/spinlama.com\/cz\/wp-content\/uploads\/sites\/19\/2021\/01\/vivogloves-06-510x510.jpg 510w, https:\/\/spinlama.com\/cz\/wp-content\/uploads\/sites\/19\/2021\/01\/vivogloves-06-400x400.jpg 400w, https:\/\/spinlama.com\/cz\/wp-content\/uploads\/sites\/19\/2021\/01\/vivogloves-06-280x280.jpg 280w, https:\/\/spinlama.com\/cz\/wp-content\/uploads\/sites\/19\/2021\/01\/vivogloves-06-768x768.jpg 768w\" sizes=\"(max-width: 500px) 100vw, 500px\" \/><\/p>\n","protected":false},"excerpt":{"rendered":"<p><strong><span style=\"font-size: 110%\">Kompresn\u00ed rukavice jsou navr\u017eeny tak, aby zvy\u0161ovaly pr\u016ftok krve a zm\u00edr\u0148ovaly \u00fanavu a nap\u011bt\u00ed rukou. Jsou vhodn\u00e9 zejm\u00e9na pro lidi s bolav\u00fdma a otekl\u00fdma rukama.<\/span><\/strong><\/p>\n<p><span style=\"font-size: 110%\">D\u00edky otev\u0159en\u00fdm prst\u016fm je lze nosit p\u0159i ka\u017edodenn\u00edch \u010dinnostech a lze je tak\u00e9 pou\u017e\u00edvat p\u0159i fitness a cvi\u010den\u00ed k ochran\u011b va\u0161ich rukou.<\/span><\/p>\n<p><span style=\"font-size: 105%\">Rukavice jsou k dispozici ve 3 velikostech \u2013 v z\u00e1vislosti na pr\u016fm\u011bru dlan\u011b.<\/span><\/p>\n","protected":false},"featured_media":60643,"comment_status":"closed","ping_status":"closed","template":"","meta":[],"product_cat":[68,568],"product_tag":[533,540,538,534,537,535,536,530,529,539,532,531],"aioseo_notices":[],"_links":{"self":[{"href":"https:\/\/spinlama.com\/cz\/wp-json\/wp\/v2\/product\/143680"}],"collection":[{"href":"https:\/\/spinlama.com\/cz\/wp-json\/wp\/v2\/product"}],"about":[{"href":"https:\/\/spinlama.com\/cz\/wp-json\/wp\/v2\/types\/product"}],"replies":[{"embeddable":true,"href":"https:\/\/spinlama.com\/cz\/wp-json\/wp\/v2\/comments?post=143680"}],"version-history":[{"count":6,"href":"https:\/\/spinlama.com\/cz\/wp-json\/wp\/v2\/product\/143680\/revisions"}],"predecessor-version":[{"id":201684,"href":"https:\/\/spinlama.com\/cz\/wp-json\/wp\/v2\/product\/143680\/revisions\/201684"}],"wp:featuredmedia":[{"embeddable":true,"href":"https:\/\/spinlama.com\/cz\/wp-json\/wp\/v2\/media\/60643"}],"wp:attachment":[{"href":"https:\/\/spinlama.com\/cz\/wp-json\/wp\/v2\/media?parent=143680"}],"wp:term":[{"taxonomy":"product_cat","embeddable":true,"href":"https:\/\/spinlama.com\/cz\/wp-json\/wp\/v2\/product_cat?post=143680"},{"taxonomy":"product_tag","embeddable":true,"href":"https:\/\/spinlama.com\/cz\/wp-json\/wp\/v2\/product_tag?post=143680"}],"curies":[{"name":"wp","href":"https:\/\/api.w.org\/{rel}","templated":true}]}}