{"id":213511,"date":"2023-06-28T10:00:55","date_gmt":"2023-06-28T08:00:55","guid":{"rendered":"https:\/\/spinlama.com\/cz\/?post_type=product&#038;p=213511"},"modified":"2025-06-30T09:07:53","modified_gmt":"2025-06-30T07:07:53","slug":"shaveup","status":"publish","type":"product","link":"https:\/\/spinlama.com\/cz\/v\u00fdrobek\/shaveup\/","title":{"rendered":"ShaveUp \u2013 nanokrystalick\u00e9 za\u0159\u00edzen\u00ed na odstra\u0148ov\u00e1n\u00ed chloupk\u016f"},"content":{"rendered":"\t\t<div data-elementor-type=\"product-post\" data-elementor-id=\"213511\" class=\"elementor elementor-213511\" data-elementor-post-type=\"product\">\n\t\t\t\t\t\t<section class=\"elementor-section elementor-top-section elementor-element elementor-element-3c5c3422 elementor-section-boxed elementor-section-height-default elementor-section-height-default\" data-id=\"3c5c3422\" data-element_type=\"section\">\n\t\t\t\t\t\t<div class=\"elementor-container elementor-column-gap-default\">\n\t\t\t\t\t<div class=\"elementor-column elementor-col-50 elementor-top-column elementor-element elementor-element-349aecaa\" data-id=\"349aecaa\" data-element_type=\"column\">\n\t\t\t<div class=\"elementor-widget-wrap elementor-element-populated\">\n\t\t\t\t\t\t<div class=\"elementor-element elementor-element-3faaafb9 elementor-widget elementor-widget-text-editor\" data-id=\"3faaafb9\" data-element_type=\"widget\" data-widget_type=\"text-editor.default\">\n\t\t\t\t<div class=\"elementor-widget-container\">\n\t\t\t<style>\/*! elementor - v3.21.0 - 18-04-2024 *\/\n.elementor-widget-text-editor.elementor-drop-cap-view-stacked .elementor-drop-cap{background-color:#69727d;color:#fff}.elementor-widget-text-editor.elementor-drop-cap-view-framed .elementor-drop-cap{color:#69727d;border:3px solid;background-color:transparent}.elementor-widget-text-editor:not(.elementor-drop-cap-view-default) .elementor-drop-cap{margin-top:8px}.elementor-widget-text-editor:not(.elementor-drop-cap-view-default) .elementor-drop-cap-letter{width:1em;height:1em}.elementor-widget-text-editor .elementor-drop-cap{float:left;text-align:center;line-height:1;font-size:50px}.elementor-widget-text-editor .elementor-drop-cap-letter{display:inline-block}<\/style>\t\t\t\t<p style=\"text-align: center\"><span style=\"font-size: 110%\">Snadno <strong>odstra\u0148te ne\u017e\u00e1douc\u00ed chloupky<\/strong> na t\u011ble a z\u00edskejte <strong>hladkou a jemnou poko\u017eku<\/strong> jako po epilaci.<\/span><\/p><p style=\"text-align: center\"><span style=\"font-size: 110%\">Krom\u011b odstran\u011bn\u00ed chloupk\u016f poskytuje <strong>ShaveUp<\/strong> tak\u00e9 p\u0159\u00edjemn\u00fd <strong>peeling poko\u017eky<\/strong>.<\/span><\/p>\t\t\t\t\t\t<\/div>\n\t\t\t\t<\/div>\n\t\t\t\t\t<\/div>\n\t\t<\/div>\n\t\t\t\t<div class=\"elementor-column elementor-col-50 elementor-top-column elementor-element elementor-element-1630a8ef\" data-id=\"1630a8ef\" data-element_type=\"column\">\n\t\t\t<div class=\"elementor-widget-wrap elementor-element-populated\">\n\t\t\t\t\t\t<div class=\"elementor-element elementor-element-60be1cd1 elementor-widget elementor-widget-image\" data-id=\"60be1cd1\" data-element_type=\"widget\" data-widget_type=\"image.default\">\n\t\t\t\t<div class=\"elementor-widget-container\">\n\t\t\t<style>\/*! elementor - v3.21.0 - 18-04-2024 *\/\n.elementor-widget-image{text-align:center}.elementor-widget-image a{display:inline-block}.elementor-widget-image a img[src$=\".svg\"]{width:48px}.elementor-widget-image img{vertical-align:middle;display:inline-block}<\/style>\t\t\t\t\t\t\t\t\t\t<img fetchpriority=\"high\" decoding=\"async\" width=\"800\" height=\"800\" src=\"https:\/\/spinlama.com\/cz\/wp-content\/uploads\/sites\/19\/2023\/06\/7-1-800x800.jpg\" class=\"attachment-large size-large wp-image-213498\" alt=\"\" srcset=\"https:\/\/spinlama.com\/cz\/wp-content\/uploads\/sites\/19\/2023\/06\/7-1-800x800.jpg 800w, https:\/\/spinlama.com\/cz\/wp-content\/uploads\/sites\/19\/2023\/06\/7-1-280x280.jpg 280w, https:\/\/spinlama.com\/cz\/wp-content\/uploads\/sites\/19\/2023\/06\/7-1-768x768.jpg 768w, https:\/\/spinlama.com\/cz\/wp-content\/uploads\/sites\/19\/2023\/06\/7-1-600x600.jpg 600w, https:\/\/spinlama.com\/cz\/wp-content\/uploads\/sites\/19\/2023\/06\/7-1-100x100.jpg 100w, https:\/\/spinlama.com\/cz\/wp-content\/uploads\/sites\/19\/2023\/06\/7-1.jpg 1000w\" sizes=\"(max-width: 800px) 100vw, 800px\" \/>\t\t\t\t\t\t\t\t\t\t\t\t\t<\/div>\n\t\t\t\t<\/div>\n\t\t\t\t\t<\/div>\n\t\t<\/div>\n\t\t\t\t\t<\/div>\n\t\t<\/section>\n\t\t\t\t<section class=\"elementor-section elementor-top-section elementor-element elementor-element-58f616b elementor-reverse-mobile elementor-section-boxed elementor-section-height-default elementor-section-height-default\" data-id=\"58f616b\" data-element_type=\"section\">\n\t\t\t\t\t\t<div class=\"elementor-container elementor-column-gap-default\">\n\t\t\t\t\t<div class=\"elementor-column elementor-col-50 elementor-top-column elementor-element elementor-element-41506c28\" data-id=\"41506c28\" data-element_type=\"column\">\n\t\t\t<div class=\"elementor-widget-wrap elementor-element-populated\">\n\t\t\t\t\t\t<div class=\"elementor-element elementor-element-2b7ea292 elementor-widget elementor-widget-html\" data-id=\"2b7ea292\" data-element_type=\"widget\" data-widget_type=\"html.default\">\n\t\t\t\t<div class=\"elementor-widget-container\">\n\t\t\t<div style=\"position: relative; padding-top: 100%;\"><iframe src=\"https:\/\/iframe.mediadelivery.net\/embed\/53604\/4bf45765-ebdc-45df-be7b-dbe9cd7d4ae4?autoplay=true&loop=true&muted=true\" loading=\"lazy\" style=\"border: none; position: absolute; top: 0; height: 100%; width: 100%;\" allow=\"accelerometer; gyroscope; autoplay; encrypted-media; picture-in-picture;\" allowfullscreen=\"true\"><\/iframe><\/div>\t\t<\/div>\n\t\t\t\t<\/div>\n\t\t\t\t\t<\/div>\n\t\t<\/div>\n\t\t\t\t<div class=\"elementor-column elementor-col-50 elementor-top-column elementor-element elementor-element-55cc6e0c\" data-id=\"55cc6e0c\" data-element_type=\"column\">\n\t\t\t<div class=\"elementor-widget-wrap elementor-element-populated\">\n\t\t\t\t\t\t<div class=\"elementor-element elementor-element-4d9684a0 elementor-widget elementor-widget-text-editor\" data-id=\"4d9684a0\" data-element_type=\"widget\" data-widget_type=\"text-editor.default\">\n\t\t\t\t<div class=\"elementor-widget-container\">\n\t\t\t\t\t\t\t<p style=\"text-align: center\"><span style=\"font-size: 110%\">Podr\u00e1\u017ed\u011bn\u00e1 poko\u017eka, zar\u016fstaj\u00edc\u00ed chloupky a nedokonalosti jsou nyn\u00ed minulost\u00ed. Odstra\u0148ov\u00e1n\u00ed chloupk\u016f pomoc\u00ed ShaveUp je p\u0159\u00edjemn\u011bj\u0161\u00ed, zdrav\u011bj\u0161\u00ed pro va\u0161i poko\u017eku a mimo\u0159\u00e1dn\u011b \u00fa\u010dinn\u00e9.\u00a0<\/span><\/p>\t\t\t\t\t\t<\/div>\n\t\t\t\t<\/div>\n\t\t\t\t\t<\/div>\n\t\t<\/div>\n\t\t\t\t\t<\/div>\n\t\t<\/section>\n\t\t\t\t<section class=\"elementor-section elementor-top-section elementor-element elementor-element-78f71bbd elementor-section-boxed elementor-section-height-default elementor-section-height-default\" data-id=\"78f71bbd\" data-element_type=\"section\">\n\t\t\t\t\t\t<div class=\"elementor-container elementor-column-gap-default\">\n\t\t\t\t\t<div class=\"elementor-column elementor-col-50 elementor-top-column elementor-element elementor-element-8bda837\" data-id=\"8bda837\" data-element_type=\"column\">\n\t\t\t<div class=\"elementor-widget-wrap elementor-element-populated\">\n\t\t\t\t\t\t<div class=\"elementor-element elementor-element-47e52f20 elementor-widget elementor-widget-text-editor\" data-id=\"47e52f20\" data-element_type=\"widget\" data-widget_type=\"text-editor.default\">\n\t\t\t\t<div class=\"elementor-widget-container\">\n\t\t\t\t\t\t\t<h3 style=\"text-align: center\"><span style=\"font-size: 110%\"><strong>\u0160etrn\u00e9 k poko\u017ece a opakovan\u011b pou\u017eiteln\u00e9<\/strong><\/span><\/h3><p style=\"text-align: center\"><span style=\"font-size: 110%\">D\u00edky technologii nanokrystalick\u00e9ho povrchu zp\u016fsobuje ShaveUp, \u017ee p\u0159i jemn\u00e9m t\u0159en\u00ed o poko\u017eku doch\u00e1z\u00ed k zachycen\u00ed a odpadnut\u00ed chloupk\u016f. Ur\u010deno pro <strong>v\u00edcen\u00e1sobn\u00e9 pou\u017eit\u00ed<\/strong>.<strong>\u00a0<\/strong>T\u00edm \u0161et\u0159\u00edte pen\u00edze a chr\u00e1n\u00edte \u017eivotn\u00ed prost\u0159ed\u00ed.<\/span><\/p>\t\t\t\t\t\t<\/div>\n\t\t\t\t<\/div>\n\t\t\t\t\t<\/div>\n\t\t<\/div>\n\t\t\t\t<div class=\"elementor-column elementor-col-50 elementor-top-column elementor-element elementor-element-239e594a\" data-id=\"239e594a\" data-element_type=\"column\">\n\t\t\t<div class=\"elementor-widget-wrap elementor-element-populated\">\n\t\t\t\t\t\t<div class=\"elementor-element elementor-element-710b90e5 elementor-widget elementor-widget-image\" data-id=\"710b90e5\" data-element_type=\"widget\" data-widget_type=\"image.default\">\n\t\t\t\t<div class=\"elementor-widget-container\">\n\t\t\t\t\t\t\t\t\t\t\t\t\t<img decoding=\"async\" width=\"800\" height=\"800\" src=\"https:\/\/spinlama.com\/cz\/wp-content\/uploads\/sites\/19\/2023\/06\/10-1-800x800.jpg\" class=\"attachment-large size-large wp-image-213499\" alt=\"\" srcset=\"https:\/\/spinlama.com\/cz\/wp-content\/uploads\/sites\/19\/2023\/06\/10-1-800x800.jpg 800w, https:\/\/spinlama.com\/cz\/wp-content\/uploads\/sites\/19\/2023\/06\/10-1-280x280.jpg 280w, https:\/\/spinlama.com\/cz\/wp-content\/uploads\/sites\/19\/2023\/06\/10-1-768x768.jpg 768w, https:\/\/spinlama.com\/cz\/wp-content\/uploads\/sites\/19\/2023\/06\/10-1-600x600.jpg 600w, https:\/\/spinlama.com\/cz\/wp-content\/uploads\/sites\/19\/2023\/06\/10-1-100x100.jpg 100w, https:\/\/spinlama.com\/cz\/wp-content\/uploads\/sites\/19\/2023\/06\/10-1.jpg 1000w\" sizes=\"(max-width: 800px) 100vw, 800px\" \/>\t\t\t\t\t\t\t\t\t\t\t\t\t<\/div>\n\t\t\t\t<\/div>\n\t\t\t\t\t<\/div>\n\t\t<\/div>\n\t\t\t\t\t<\/div>\n\t\t<\/section>\n\t\t\t\t<section class=\"elementor-section elementor-top-section elementor-element elementor-element-79387951 elementor-reverse-mobile elementor-section-boxed elementor-section-height-default elementor-section-height-default\" data-id=\"79387951\" data-element_type=\"section\">\n\t\t\t\t\t\t<div class=\"elementor-container elementor-column-gap-default\">\n\t\t\t\t\t<div class=\"elementor-column elementor-col-50 elementor-top-column elementor-element elementor-element-6c91e7e2\" data-id=\"6c91e7e2\" data-element_type=\"column\">\n\t\t\t<div class=\"elementor-widget-wrap elementor-element-populated\">\n\t\t\t\t\t\t<div class=\"elementor-element elementor-element-522d8ffd elementor-widget elementor-widget-image\" data-id=\"522d8ffd\" data-element_type=\"widget\" data-widget_type=\"image.default\">\n\t\t\t\t<div class=\"elementor-widget-container\">\n\t\t\t\t\t\t\t\t\t\t\t\t\t<img decoding=\"async\" width=\"800\" height=\"800\" src=\"https:\/\/spinlama.com\/cz\/wp-content\/uploads\/sites\/19\/2023\/06\/11-800x800.png\" class=\"attachment-large size-large wp-image-213500\" alt=\"\" srcset=\"https:\/\/spinlama.com\/cz\/wp-content\/uploads\/sites\/19\/2023\/06\/11-800x800.png 800w, https:\/\/spinlama.com\/cz\/wp-content\/uploads\/sites\/19\/2023\/06\/11-280x280.png 280w, https:\/\/spinlama.com\/cz\/wp-content\/uploads\/sites\/19\/2023\/06\/11-768x768.png 768w, https:\/\/spinlama.com\/cz\/wp-content\/uploads\/sites\/19\/2023\/06\/11-600x600.png 600w, https:\/\/spinlama.com\/cz\/wp-content\/uploads\/sites\/19\/2023\/06\/11-100x100.png 100w, https:\/\/spinlama.com\/cz\/wp-content\/uploads\/sites\/19\/2023\/06\/11.png 1000w\" sizes=\"(max-width: 800px) 100vw, 800px\" \/>\t\t\t\t\t\t\t\t\t\t\t\t\t<\/div>\n\t\t\t\t<\/div>\n\t\t\t\t\t<\/div>\n\t\t<\/div>\n\t\t\t\t<div class=\"elementor-column elementor-col-50 elementor-top-column elementor-element elementor-element-4caf7676\" data-id=\"4caf7676\" data-element_type=\"column\">\n\t\t\t<div class=\"elementor-widget-wrap elementor-element-populated\">\n\t\t\t\t\t\t<div class=\"elementor-element elementor-element-10889966 elementor-widget elementor-widget-text-editor\" data-id=\"10889966\" data-element_type=\"widget\" data-widget_type=\"text-editor.default\">\n\t\t\t\t<div class=\"elementor-widget-container\">\n\t\t\t\t\t\t\t<h3 style=\"text-align: center\"><span style=\"font-size: 110%\"><strong>100% bez chemick\u00fdch l\u00e1tek<\/strong>.<\/span><\/h3><p style=\"text-align: center\"><span style=\"font-size: 110%\">Ide\u00e1ln\u00ed volba pro citlivou poko\u017eku. 100% bez chemick\u00fdch l\u00e1tek. Lze jej pou\u017e\u00edvat bez dal\u0161\u00edho kr\u00e9mu nebo p\u011bny na holen\u00ed.<\/span><\/p>\t\t\t\t\t\t<\/div>\n\t\t\t\t<\/div>\n\t\t\t\t\t<\/div>\n\t\t<\/div>\n\t\t\t\t\t<\/div>\n\t\t<\/section>\n\t\t\t\t<section class=\"elementor-section elementor-top-section elementor-element elementor-element-17fecb40 elementor-section-boxed elementor-section-height-default elementor-section-height-default\" data-id=\"17fecb40\" data-element_type=\"section\">\n\t\t\t\t\t\t<div class=\"elementor-container elementor-column-gap-default\">\n\t\t\t\t\t<div class=\"elementor-column elementor-col-50 elementor-top-column elementor-element elementor-element-4452a218\" data-id=\"4452a218\" data-element_type=\"column\">\n\t\t\t<div class=\"elementor-widget-wrap elementor-element-populated\">\n\t\t\t\t\t\t<div class=\"elementor-element elementor-element-7958c9ce elementor-widget elementor-widget-text-editor\" data-id=\"7958c9ce\" data-element_type=\"widget\" data-widget_type=\"text-editor.default\">\n\t\t\t\t<div class=\"elementor-widget-container\">\n\t\t\t\t\t\t\t<h3 style=\"text-align: center\"><span style=\"font-size: 110%\"><strong>\u00dadr\u017eba<\/strong><\/span><\/h3><p style=\"text-align: center\"><span style=\"font-size: 110%\">ShaveUp lze snadno um\u00fdt pod tekouc\u00ed vodou.\u00a0<\/span><\/p>\t\t\t\t\t\t<\/div>\n\t\t\t\t<\/div>\n\t\t\t\t\t<\/div>\n\t\t<\/div>\n\t\t\t\t<div class=\"elementor-column elementor-col-50 elementor-top-column elementor-element elementor-element-47b8fa45\" data-id=\"47b8fa45\" data-element_type=\"column\">\n\t\t\t<div class=\"elementor-widget-wrap elementor-element-populated\">\n\t\t\t\t\t\t<div class=\"elementor-element elementor-element-1226b4e1 elementor-widget elementor-widget-image\" data-id=\"1226b4e1\" data-element_type=\"widget\" data-widget_type=\"image.default\">\n\t\t\t\t<div class=\"elementor-widget-container\">\n\t\t\t\t\t\t\t\t\t\t\t\t\t<img loading=\"lazy\" decoding=\"async\" width=\"800\" height=\"800\" src=\"https:\/\/spinlama.com\/cz\/wp-content\/uploads\/sites\/19\/2023\/06\/11-1-800x800.jpg\" class=\"attachment-large size-large wp-image-213501\" alt=\"\" srcset=\"https:\/\/spinlama.com\/cz\/wp-content\/uploads\/sites\/19\/2023\/06\/11-1-800x800.jpg 800w, https:\/\/spinlama.com\/cz\/wp-content\/uploads\/sites\/19\/2023\/06\/11-1-280x280.jpg 280w, https:\/\/spinlama.com\/cz\/wp-content\/uploads\/sites\/19\/2023\/06\/11-1-768x768.jpg 768w, https:\/\/spinlama.com\/cz\/wp-content\/uploads\/sites\/19\/2023\/06\/11-1-600x600.jpg 600w, https:\/\/spinlama.com\/cz\/wp-content\/uploads\/sites\/19\/2023\/06\/11-1-100x100.jpg 100w, https:\/\/spinlama.com\/cz\/wp-content\/uploads\/sites\/19\/2023\/06\/11-1.jpg 1000w\" sizes=\"(max-width: 800px) 100vw, 800px\" \/>\t\t\t\t\t\t\t\t\t\t\t\t\t<\/div>\n\t\t\t\t<\/div>\n\t\t\t\t\t<\/div>\n\t\t<\/div>\n\t\t\t\t\t<\/div>\n\t\t<\/section>\n\t\t\t\t<section class=\"elementor-section elementor-top-section elementor-element elementor-element-88b87a5 elementor-section-boxed elementor-section-height-default elementor-section-height-default\" data-id=\"88b87a5\" data-element_type=\"section\" data-settings=\"{&quot;background_background&quot;:&quot;classic&quot;}\">\n\t\t\t\t\t\t<div class=\"elementor-container elementor-column-gap-default\">\n\t\t\t\t\t<div class=\"elementor-column elementor-col-100 elementor-top-column elementor-element elementor-element-4fbca5b4\" data-id=\"4fbca5b4\" data-element_type=\"column\">\n\t\t\t<div class=\"elementor-widget-wrap elementor-element-populated\">\n\t\t\t\t\t\t<div class=\"elementor-element elementor-element-3aecae1e elementor-widget elementor-widget-accordion\" data-id=\"3aecae1e\" data-element_type=\"widget\" data-widget_type=\"accordion.default\">\n\t\t\t\t<div class=\"elementor-widget-container\">\n\t\t\t<style>\/*! elementor - v3.21.0 - 18-04-2024 *\/\n.elementor-accordion{text-align:start}.elementor-accordion .elementor-accordion-item{border:1px solid #d5d8dc}.elementor-accordion .elementor-accordion-item+.elementor-accordion-item{border-top:none}.elementor-accordion .elementor-tab-title{margin:0;padding:15px 20px;font-weight:700;line-height:1;cursor:pointer;outline:none}.elementor-accordion .elementor-tab-title .elementor-accordion-icon{display:inline-block;width:1.5em}.elementor-accordion .elementor-tab-title .elementor-accordion-icon svg{width:1em;height:1em}.elementor-accordion .elementor-tab-title .elementor-accordion-icon.elementor-accordion-icon-right{float:right;text-align:right}.elementor-accordion .elementor-tab-title .elementor-accordion-icon.elementor-accordion-icon-left{float:left;text-align:left}.elementor-accordion .elementor-tab-title .elementor-accordion-icon .elementor-accordion-icon-closed{display:block}.elementor-accordion .elementor-tab-title .elementor-accordion-icon .elementor-accordion-icon-opened,.elementor-accordion .elementor-tab-title.elementor-active .elementor-accordion-icon-closed{display:none}.elementor-accordion .elementor-tab-title.elementor-active .elementor-accordion-icon-opened{display:block}.elementor-accordion .elementor-tab-content{display:none;padding:15px 20px;border-top:1px solid #d5d8dc}@media (max-width:767px){.elementor-accordion .elementor-tab-title{padding:12px 15px}.elementor-accordion .elementor-tab-title .elementor-accordion-icon{width:1.2em}.elementor-accordion .elementor-tab-content{padding:7px 15px}}.e-con-inner>.elementor-widget-accordion,.e-con>.elementor-widget-accordion{width:var(--container-widget-width);--flex-grow:var(--container-widget-flex-grow)}<\/style>\t\t<div class=\"elementor-accordion\">\n\t\t\t\t\t\t\t<div class=\"elementor-accordion-item\">\n\t\t\t\t\t<div id=\"elementor-tab-title-9881\" class=\"elementor-tab-title\" data-tab=\"1\" role=\"button\" aria-controls=\"elementor-tab-content-9881\" aria-expanded=\"false\">\n\t\t\t\t\t\t\t\t\t\t\t\t\t<span class=\"elementor-accordion-icon elementor-accordion-icon-left\" aria-hidden=\"true\">\n\t\t\t\t\t\t\t\t\t\t\t\t\t\t\t<span class=\"elementor-accordion-icon-closed\"><i class=\"fas fa-chevron-down\"><\/i><\/span>\n\t\t\t\t\t\t\t\t<span class=\"elementor-accordion-icon-opened\"><i class=\"fas fa-chevron-up\"><\/i><\/span>\n\t\t\t\t\t\t\t\t\t\t\t\t\t\t<\/span>\n\t\t\t\t\t\t\t\t\t\t\t\t<a class=\"elementor-accordion-title\" tabindex=\"0\">Vlastnosti<\/a>\n\t\t\t\t\t<\/div>\n\t\t\t\t\t<div id=\"elementor-tab-content-9881\" class=\"elementor-tab-content elementor-clearfix\" data-tab=\"1\" role=\"region\" aria-labelledby=\"elementor-tab-title-9881\"><div class=\"ql-block\" data-block-id=\"block-2fab4c49-20f4-4252-a05a-4eaf87c34eba\"><p><strong>Materi\u00e1l:<\/strong>\u00a0Plast ABS + povrch z nanoskla<\/p><p><strong>Velikost:<\/strong>\u00a0110*70*25 mm<\/p><p><strong>Hmotnost:<\/strong>\u00a075 g<\/p><p><strong>Barva:<\/strong>\u00a0Oran\u017eovo-zlat\u00e1 barva<br \/><br \/><strong>Balen\u00ed obsahuje:<\/strong>\u00a01x n\u00e1stroj na odstra\u0148ov\u00e1n\u00ed chloupk\u016f ShaveUp<\/p>Opakovan\u011b pou\u017eiteln\u00fd.<\/div><\/div>\n\t\t\t\t<\/div>\n\t\t\t\t\t\t\t<div class=\"elementor-accordion-item\">\n\t\t\t\t\t<div id=\"elementor-tab-title-9882\" class=\"elementor-tab-title\" data-tab=\"2\" role=\"button\" aria-controls=\"elementor-tab-content-9882\" aria-expanded=\"false\">\n\t\t\t\t\t\t\t\t\t\t\t\t\t<span class=\"elementor-accordion-icon elementor-accordion-icon-left\" aria-hidden=\"true\">\n\t\t\t\t\t\t\t\t\t\t\t\t\t\t\t<span class=\"elementor-accordion-icon-closed\"><i class=\"fas fa-chevron-down\"><\/i><\/span>\n\t\t\t\t\t\t\t\t<span class=\"elementor-accordion-icon-opened\"><i class=\"fas fa-chevron-up\"><\/i><\/span>\n\t\t\t\t\t\t\t\t\t\t\t\t\t\t<\/span>\n\t\t\t\t\t\t\t\t\t\t\t\t<a class=\"elementor-accordion-title\" tabindex=\"0\"> DOPORU\u010cEN\u00cd A TIPY PRO POU\u017dIT\u00cd<\/a>\n\t\t\t\t\t<\/div>\n\t\t\t\t\t<div id=\"elementor-tab-content-9882\" class=\"elementor-tab-content elementor-clearfix\" data-tab=\"2\" role=\"region\" aria-labelledby=\"elementor-tab-title-9882\"><p>Odstra\u0148ova\u010d chloupk\u016f ShaveUp se nejl\u00e9pe pou\u017e\u00edv\u00e1 na suchou a vy\u010di\u0161t\u011bnou poko\u017eku.\u00a0<\/p><p>K jeho pou\u017eit\u00ed nepot\u0159ebujete \u017e\u00e1dn\u00e9 dal\u0161\u00ed holic\u00ed kr\u00e9my, gely ani ple\u0165ov\u00e9 vody.\u00a0<\/p><p><strong>*Upozorn\u011bn\u00ed<\/strong><br \/>Nepou\u017e\u00edvejte na extr\u00e9mn\u011b citlivou a podr\u00e1\u017ed\u011bnou poko\u017eku!<\/p><p>* Nepou\u017e\u00edvejte jej na k\u016f\u017ei p\u0159\u00edli\u0161 siln\u011b<\/p><p>* Doporu\u010den\u00e9 pou\u017eit\u00ed: jednou za 2-3 t\u00fddny<\/p><p>*Pokud m\u00e1te citlivou poko\u017eku, vyzkou\u0161ejte si jej nejprve na rukou nebo nohou<\/p><p>* Nedoporu\u010dujeme pou\u017e\u00edvat krystal na citlivou poko\u017eku, jako je nap\u0159<\/p><p>obli\u010dej a podpa\u017e\u00ed, proto\u017ee m\u016f\u017ee zp\u016fsobit podr\u00e1\u017ed\u011bn\u00ed poko\u017eky<\/p><\/div>\n\t\t\t\t<\/div>\n\t\t\t\t\t\t\t\t<\/div>\n\t\t\t\t<\/div>\n\t\t\t\t<\/div>\n\t\t\t\t\t<\/div>\n\t\t<\/div>\n\t\t\t\t\t<\/div>\n\t\t<\/section>\n\t\t\t\t<\/div>\n\t\t","protected":false},"excerpt":{"rendered":"<p><span style=\"font-size: 110%\">Ci\u0165te se sebejist\u011b ve sv\u00e9 k\u016f\u017ei. Snadno a \u00fa\u010dinn\u011b odstra\u0148uje chloupky.\u00a0<strong>Kdekoli. Kdykoli.<\/strong><\/span><\/p>\n<p>&nbsp;<\/p>\n<ul>\n<li><span style=\"font-size: 110%\"><strong>Bezpe\u010dn\u00e9 a k poko\u017ece \u0161etrn\u00e9 za\u0159\u00edzen\u00ed<\/strong><\/span><\/li>\n<li><span style=\"font-size: 110%\"><strong>Vhodn\u00e9 pro v\u0161echny \u010d\u00e1sti t\u011bla<\/strong><\/span><\/li>\n<li><span style=\"font-size: 110%\"><strong>Za\u0159\u00edzen\u00ed \u0161etrn\u00e9 k citliv\u00e9 poko\u017ece<\/strong><\/span><\/li>\n<li><span style=\"font-size: 110%\"><strong>Opakovan\u011b pou\u017eiteln\u00e9<\/strong><\/span><\/li>\n<li><span style=\"font-size: 110%\"><strong>Snadno se \u010dist\u00ed<\/strong><\/span><\/li>\n<li><span style=\"font-size: 110%\"><strong>Tak\u00e9 jemn\u011b \u010dist\u00ed poko\u017eku a odum\u0159el\u00e9 ko\u017en\u00ed bu\u0148ky<\/strong><\/span><\/li>\n<li><span style=\"font-size: 110%\"><strong>Nen\u00ed bolestiv\u00e9<\/strong><\/span><\/li>\n<\/ul>\n","protected":false},"featured_media":213496,"comment_status":"closed","ping_status":"closed","template":"","meta":[],"product_cat":[68,567],"product_tag":[960,961,962],"aioseo_notices":[],"_links":{"self":[{"href":"https:\/\/spinlama.com\/cz\/wp-json\/wp\/v2\/product\/213511"}],"collection":[{"href":"https:\/\/spinlama.com\/cz\/wp-json\/wp\/v2\/product"}],"about":[{"href":"https:\/\/spinlama.com\/cz\/wp-json\/wp\/v2\/types\/product"}],"replies":[{"embeddable":true,"href":"https:\/\/spinlama.com\/cz\/wp-json\/wp\/v2\/comments?post=213511"}],"version-history":[{"count":10,"href":"https:\/\/spinlama.com\/cz\/wp-json\/wp\/v2\/product\/213511\/revisions"}],"predecessor-version":[{"id":222407,"href":"https:\/\/spinlama.com\/cz\/wp-json\/wp\/v2\/product\/213511\/revisions\/222407"}],"wp:featuredmedia":[{"embeddable":true,"href":"https:\/\/spinlama.com\/cz\/wp-json\/wp\/v2\/media\/213496"}],"wp:attachment":[{"href":"https:\/\/spinlama.com\/cz\/wp-json\/wp\/v2\/media?parent=213511"}],"wp:term":[{"taxonomy":"product_cat","embeddable":true,"href":"https:\/\/spinlama.com\/cz\/wp-json\/wp\/v2\/product_cat?post=213511"},{"taxonomy":"product_tag","embeddable":true,"href":"https:\/\/spinlama.com\/cz\/wp-json\/wp\/v2\/product_tag?post=213511"}],"curies":[{"name":"wp","href":"https:\/\/api.w.org\/{rel}","templated":true}]}}