{"id":213711,"date":"2023-07-14T10:59:55","date_gmt":"2023-07-14T08:59:55","guid":{"rendered":"https:\/\/spinlama.com\/cz\/?post_type=product&#038;p=213711"},"modified":"2024-09-26T11:42:21","modified_gmt":"2024-09-26T09:42:21","slug":"magicwipe-2","status":"publish","type":"product","link":"https:\/\/spinlama.com\/cz\/v\u00fdrobek\/magicwipe-2\/","title":{"rendered":"MagicWipe &#8211; sada 5 univerz\u00e1ln\u00edch kouzeln\u00fdch ut\u011brek"},"content":{"rendered":"\t\t<div data-elementor-type=\"product-post\" data-elementor-id=\"213711\" class=\"elementor elementor-213711\" data-elementor-post-type=\"product\">\n\t\t\t\t\t\t<section class=\"elementor-section elementor-top-section elementor-element elementor-element-4ced9c43 elementor-section-boxed elementor-section-height-default elementor-section-height-default\" data-id=\"4ced9c43\" data-element_type=\"section\">\n\t\t\t\t\t\t<div class=\"elementor-container elementor-column-gap-default\">\n\t\t\t\t\t<div class=\"elementor-column elementor-col-50 elementor-top-column elementor-element elementor-element-1c918141\" data-id=\"1c918141\" data-element_type=\"column\">\n\t\t\t<div class=\"elementor-widget-wrap elementor-element-populated\">\n\t\t\t\t\t\t<div class=\"elementor-element elementor-element-dbd060d elementor-widget elementor-widget-text-editor\" data-id=\"dbd060d\" data-element_type=\"widget\" data-widget_type=\"text-editor.default\">\n\t\t\t\t<div class=\"elementor-widget-container\">\n\t\t\t<style>\/*! elementor - v3.21.0 - 18-04-2024 *\/\n.elementor-widget-text-editor.elementor-drop-cap-view-stacked .elementor-drop-cap{background-color:#69727d;color:#fff}.elementor-widget-text-editor.elementor-drop-cap-view-framed .elementor-drop-cap{color:#69727d;border:3px solid;background-color:transparent}.elementor-widget-text-editor:not(.elementor-drop-cap-view-default) .elementor-drop-cap{margin-top:8px}.elementor-widget-text-editor:not(.elementor-drop-cap-view-default) .elementor-drop-cap-letter{width:1em;height:1em}.elementor-widget-text-editor .elementor-drop-cap{float:left;text-align:center;line-height:1;font-size:50px}.elementor-widget-text-editor .elementor-drop-cap-letter{display:inline-block}<\/style>\t\t\t\t<h2 style=\"text-align: left\"><span style=\"font-size: 110%\">Dokonal\u00e9 ut\u011brky na ut\u00edr\u00e1n\u00ed v\u0161ech povrch\u016f!<\/span><\/h2><p style=\"text-align: left\"><span style=\"font-size: 110%\">Sada <strong>5\u00a0<\/strong>ut\u011brek na \u010di\u0161t\u011bn\u00ed v\u0161ech hladk\u00fdch povrch\u016f bez zanech\u00e1n\u00ed zbytk\u016f.<\/span><\/p><p style=\"text-align: left\"><span style=\"font-size: 110%\">Nikde nejsou tak levn\u00e9! Absorp\u010dn\u00ed, v\u00edce\u00fa\u010delov\u00e9 <strong>ut\u011brky XL<\/strong>\u00a0pouze do vyprod\u00e1n\u00ed z\u00e1sob.<\/span><br \/><span style=\"font-size: 110%\">Le\u0161t\u00ed, ut\u00edraj\u00ed a \u010dist\u00ed bez zanech\u00e1n\u00ed stop vl\u00e1ken <img decoding=\"async\" class=\"emoji\" role=\"img\" src=\"https:\/\/s.w.org\/images\/core\/emoji\/14.0.0\/svg\/1f60a.svg\" alt=\"\ud83d\ude0a\" \/> Ut\u011brky, kter\u00e9 prost\u011b mus\u00edte m\u00edt!<\/span><\/p><p style=\"text-align: left\"><span style=\"font-size: 110%\"><strong>VELIKOST XL:\u00a0<\/strong>30 x 40 CM<strong><br \/>Barvy v sad\u011b: Classic (zelen\u00e1, b\u00edl\u00e1, fialov\u00e1, \u0161ed\u00e1 a modr\u00e1) \/ Pastel (b\u00edl\u00e1, \u0161ed\u00e1, modr\u00e1, b\u00e9\u017eov\u00e1, r\u016f\u017eova)<br \/><\/strong><\/span><\/p>\t\t\t\t\t\t<\/div>\n\t\t\t\t<\/div>\n\t\t\t\t\t<\/div>\n\t\t<\/div>\n\t\t\t\t<div class=\"elementor-column elementor-col-50 elementor-top-column elementor-element elementor-element-5f3c9e76\" data-id=\"5f3c9e76\" data-element_type=\"column\">\n\t\t\t<div class=\"elementor-widget-wrap elementor-element-populated\">\n\t\t\t\t\t\t<div class=\"elementor-element elementor-element-d7b7d3d elementor-widget elementor-widget-shortcode\" data-id=\"d7b7d3d\" data-element_type=\"widget\" data-widget_type=\"shortcode.default\">\n\t\t\t\t<div class=\"elementor-widget-container\">\n\t\t\t\t\t<div class=\"elementor-shortcode\"><div style=\"position: relative; padding-top: 100%;\"><iframe src=\"https:\/\/iframe.mediadelivery.net\/embed\/53604\/e5dfa95e-dff3-4450-bc97-08bd6f32af3a?autoplay=true&loop=true&muted=true\" loading=\"lazy\" style=\"border: none; position: absolute; top: 0; height: 100%; width: 100%;\" allow=\"accelerometer; gyroscope; autoplay; encrypted-media; picture-in-picture;\" allowfullscreen=\"true\"><\/iframe><\/div><\/div>\n\t\t\t\t<\/div>\n\t\t\t\t<\/div>\n\t\t\t\t\t<\/div>\n\t\t<\/div>\n\t\t\t\t\t<\/div>\n\t\t<\/section>\n\t\t\t\t<section class=\"elementor-section elementor-top-section elementor-element elementor-element-6ce0818a elementor-reverse-mobile elementor-section-boxed elementor-section-height-default elementor-section-height-default\" data-id=\"6ce0818a\" data-element_type=\"section\">\n\t\t\t\t\t\t<div class=\"elementor-container elementor-column-gap-default\">\n\t\t\t\t\t<div class=\"elementor-column elementor-col-50 elementor-top-column elementor-element elementor-element-63ed9c8a\" data-id=\"63ed9c8a\" data-element_type=\"column\">\n\t\t\t<div class=\"elementor-widget-wrap elementor-element-populated\">\n\t\t\t\t\t\t<div class=\"elementor-element elementor-element-71ca8b1b elementor-arrows-position-inside elementor-pagination-position-outside elementor-widget elementor-widget-image-carousel\" data-id=\"71ca8b1b\" data-element_type=\"widget\" data-settings=\"{&quot;slides_to_show&quot;:&quot;1&quot;,&quot;navigation&quot;:&quot;both&quot;,&quot;autoplay&quot;:&quot;yes&quot;,&quot;pause_on_hover&quot;:&quot;yes&quot;,&quot;pause_on_interaction&quot;:&quot;yes&quot;,&quot;autoplay_speed&quot;:5000,&quot;infinite&quot;:&quot;yes&quot;,&quot;effect&quot;:&quot;slide&quot;,&quot;speed&quot;:500}\" data-widget_type=\"image-carousel.default\">\n\t\t\t\t<div class=\"elementor-widget-container\">\n\t\t\t<style>\/*! elementor - v3.21.0 - 18-04-2024 *\/\n.elementor-widget-image-carousel .swiper,.elementor-widget-image-carousel .swiper-container{position:static}.elementor-widget-image-carousel .swiper-container .swiper-slide figure,.elementor-widget-image-carousel .swiper .swiper-slide figure{line-height:inherit}.elementor-widget-image-carousel .swiper-slide{text-align:center}.elementor-image-carousel-wrapper:not(.swiper-container-initialized):not(.swiper-initialized) .swiper-slide{max-width:calc(100% \/ var(--e-image-carousel-slides-to-show, 3))}<\/style>\t\t<div class=\"elementor-image-carousel-wrapper swiper\" dir=\"ltr\">\n\t\t\t<div class=\"elementor-image-carousel swiper-wrapper\" aria-live=\"off\">\n\t\t\t\t\t\t\t\t<div class=\"swiper-slide\" role=\"group\" aria-roledescription=\"slide\" aria-label=\"1 z 4\"><figure class=\"swiper-slide-inner\"><img decoding=\"async\" class=\"swiper-slide-image\" src=\"https:\/\/spinlama.com\/cz\/wp-content\/uploads\/sites\/19\/2023\/07\/Hce31af569684426d85ed056d03ad1271r-800x800.png\" alt=\"Hce31af569684426d85ed056d03ad1271r\" \/><\/figure><\/div><div class=\"swiper-slide\" role=\"group\" aria-roledescription=\"slide\" aria-label=\"2 z 4\"><figure class=\"swiper-slide-inner\"><img decoding=\"async\" class=\"swiper-slide-image\" src=\"https:\/\/spinlama.com\/cz\/wp-content\/uploads\/sites\/19\/2023\/07\/Scda358d1e40a476397b8cbf994b17a5fb-1-800x800.png\" alt=\"Scda358d1e40a476397b8cbf994b17a5fb\" \/><\/figure><\/div><div class=\"swiper-slide\" role=\"group\" aria-roledescription=\"slide\" aria-label=\"3 z 4\"><figure class=\"swiper-slide-inner\"><img decoding=\"async\" class=\"swiper-slide-image\" src=\"https:\/\/spinlama.com\/cz\/wp-content\/uploads\/sites\/19\/2023\/07\/10pcs-Microfiber-Glass-Cleaning-Cloth-Rag-Lint-Free-For-Windows-Car-Kitchen-Mirror-No-Trace-Reusable.jpg_Q90.jpg_-1-2-800x800.png\" alt=\"10pcs-Microfiber-Glass-Cleaning-Cloth-Rag-Lint-Free-For-Windows-Car-Kitchen-Mirror-No-Trace-Reusable.jpg_Q90.jpg_ (1)\" \/><\/figure><\/div><div class=\"swiper-slide\" role=\"group\" aria-roledescription=\"slide\" aria-label=\"4 z 4\"><figure class=\"swiper-slide-inner\"><img decoding=\"async\" class=\"swiper-slide-image\" src=\"https:\/\/spinlama.com\/cz\/wp-content\/uploads\/sites\/19\/2023\/07\/1-10PCs-Microfiber-Glass-Polishing-Rags-Fish-Scale-Cloth-Cleaning-Towel-For-Kitchen-Windows-Car-Mirrors.jpg_Q90.jpg_-1-800x800.png\" alt=\"1-10PCs-Microfiber-Glass-Polishing-Rags-Fish-Scale-Cloth-Cleaning-Towel-For-Kitchen-Windows-Car-Mirrors.jpg_Q90.jpg_\" \/><\/figure><\/div>\t\t\t<\/div>\n\t\t\t\t\t\t\t\t\t\t\t\t<div class=\"elementor-swiper-button elementor-swiper-button-prev\" role=\"button\" tabindex=\"0\">\n\t\t\t\t\t\t<i aria-hidden=\"true\" class=\"eicon-chevron-left\"><\/i>\t\t\t\t\t<\/div>\n\t\t\t\t\t<div class=\"elementor-swiper-button elementor-swiper-button-next\" role=\"button\" tabindex=\"0\">\n\t\t\t\t\t\t<i aria-hidden=\"true\" class=\"eicon-chevron-right\"><\/i>\t\t\t\t\t<\/div>\n\t\t\t\t\n\t\t\t\t\t\t\t\t\t<div class=\"swiper-pagination\"><\/div>\n\t\t\t\t\t\t\t\t\t<\/div>\n\t\t\t\t<\/div>\n\t\t\t\t<\/div>\n\t\t\t\t\t<\/div>\n\t\t<\/div>\n\t\t\t\t<div class=\"elementor-column elementor-col-50 elementor-top-column elementor-element elementor-element-7b5557d9\" data-id=\"7b5557d9\" data-element_type=\"column\">\n\t\t\t<div class=\"elementor-widget-wrap elementor-element-populated\">\n\t\t\t\t\t\t<div class=\"elementor-element elementor-element-59d3c76f elementor-widget elementor-widget-text-editor\" data-id=\"59d3c76f\" data-element_type=\"widget\" data-widget_type=\"text-editor.default\">\n\t\t\t\t<div class=\"elementor-widget-container\">\n\t\t\t\t\t\t\t<h2><span style=\"font-size: 110%\">Ut\u011brky jsou vynikaj\u00edc\u00ed pro st\u00edr\u00e1n\u00ed a le\u0161t\u011bn\u00ed sklen\u011bn\u00fdch povrch\u016f.<\/span><\/h2><p>Materi\u00e1l je m\u011bkk\u00fd, odoln\u00fd a \u0161etrn\u00fd k poko\u017ece.<\/p><p>\u00da\u010dinn\u011b odstra\u0148uj\u00ed prach i z hladk\u00fdch povrch\u016f.<\/p><p>Lze je tak\u00e9 pou\u017e\u00edt k bezprobl\u00e9mov\u00e9mu \u010di\u0161t\u011bn\u00ed obrazovek va\u0161ich za\u0159\u00edzen\u00ed.<\/p>\t\t\t\t\t\t<\/div>\n\t\t\t\t<\/div>\n\t\t\t\t\t<\/div>\n\t\t<\/div>\n\t\t\t\t\t<\/div>\n\t\t<\/section>\n\t\t\t\t<section class=\"elementor-section elementor-top-section elementor-element elementor-element-6dee2ebf elementor-section-boxed elementor-section-height-default elementor-section-height-default\" data-id=\"6dee2ebf\" data-element_type=\"section\">\n\t\t\t\t\t\t<div class=\"elementor-container elementor-column-gap-default\">\n\t\t\t\t\t<div class=\"elementor-column elementor-col-100 elementor-top-column elementor-element elementor-element-710fbe72\" data-id=\"710fbe72\" data-element_type=\"column\">\n\t\t\t<div class=\"elementor-widget-wrap elementor-element-populated\">\n\t\t\t\t\t\t<div class=\"elementor-element elementor-element-30ef320f elementor-widget elementor-widget-accordion\" data-id=\"30ef320f\" data-element_type=\"widget\" data-widget_type=\"accordion.default\">\n\t\t\t\t<div class=\"elementor-widget-container\">\n\t\t\t<style>\/*! elementor - v3.21.0 - 18-04-2024 *\/\n.elementor-accordion{text-align:start}.elementor-accordion .elementor-accordion-item{border:1px solid #d5d8dc}.elementor-accordion .elementor-accordion-item+.elementor-accordion-item{border-top:none}.elementor-accordion .elementor-tab-title{margin:0;padding:15px 20px;font-weight:700;line-height:1;cursor:pointer;outline:none}.elementor-accordion .elementor-tab-title .elementor-accordion-icon{display:inline-block;width:1.5em}.elementor-accordion .elementor-tab-title .elementor-accordion-icon svg{width:1em;height:1em}.elementor-accordion .elementor-tab-title .elementor-accordion-icon.elementor-accordion-icon-right{float:right;text-align:right}.elementor-accordion .elementor-tab-title .elementor-accordion-icon.elementor-accordion-icon-left{float:left;text-align:left}.elementor-accordion .elementor-tab-title .elementor-accordion-icon .elementor-accordion-icon-closed{display:block}.elementor-accordion .elementor-tab-title .elementor-accordion-icon .elementor-accordion-icon-opened,.elementor-accordion .elementor-tab-title.elementor-active .elementor-accordion-icon-closed{display:none}.elementor-accordion .elementor-tab-title.elementor-active .elementor-accordion-icon-opened{display:block}.elementor-accordion .elementor-tab-content{display:none;padding:15px 20px;border-top:1px solid #d5d8dc}@media (max-width:767px){.elementor-accordion .elementor-tab-title{padding:12px 15px}.elementor-accordion .elementor-tab-title .elementor-accordion-icon{width:1.2em}.elementor-accordion .elementor-tab-content{padding:7px 15px}}.e-con-inner>.elementor-widget-accordion,.e-con>.elementor-widget-accordion{width:var(--container-widget-width);--flex-grow:var(--container-widget-flex-grow)}<\/style>\t\t<div class=\"elementor-accordion\">\n\t\t\t\t\t\t\t<div class=\"elementor-accordion-item\">\n\t\t\t\t\t<div id=\"elementor-tab-title-8201\" class=\"elementor-tab-title\" data-tab=\"1\" role=\"button\" aria-controls=\"elementor-tab-content-8201\" aria-expanded=\"false\">\n\t\t\t\t\t\t\t\t\t\t\t\t\t<span class=\"elementor-accordion-icon elementor-accordion-icon-left\" aria-hidden=\"true\">\n\t\t\t\t\t\t\t\t\t\t\t\t\t\t\t<span class=\"elementor-accordion-icon-closed\"><i class=\"fas fa-plus\"><\/i><\/span>\n\t\t\t\t\t\t\t\t<span class=\"elementor-accordion-icon-opened\"><i class=\"fas fa-minus\"><\/i><\/span>\n\t\t\t\t\t\t\t\t\t\t\t\t\t\t<\/span>\n\t\t\t\t\t\t\t\t\t\t\t\t<a class=\"elementor-accordion-title\" tabindex=\"0\">JAK FUNGUJ\u00cd?<\/a>\n\t\t\t\t\t<\/div>\n\t\t\t\t\t<div id=\"elementor-tab-content-8201\" class=\"elementor-tab-content elementor-clearfix\" data-tab=\"1\" role=\"region\" aria-labelledby=\"elementor-tab-title-8201\"><p>MagicWipes jsou vysoce \u00fa\u010dinn\u00fdm a revolu\u010dn\u00edm \u0159e\u0161en\u00edm, kter\u00e9 ohromuje sv\u011bt!<\/p><p>Vhodn\u00e9 k ut\u00edr\u00e1n\u00ed mokr\u00fdch skvrn a such\u00fdch povrch\u016f (prach).\u00a0<\/p><p>Pro dosa\u017een\u00ed nejlep\u0161\u00edch v\u00fdsledk\u016f pou\u017eijte vlhkou ut\u011brku a pot\u00e9 povrch ot\u0159ete suchou ut\u011brkou. M\u016f\u017eete pou\u017e\u00edvat pouze vodu, nen\u00ed t\u0159eba pou\u017e\u00edvat \u017e\u00e1dn\u00e9 \u010distic\u00ed prost\u0159edky.\u00a0<\/p><\/div>\n\t\t\t\t<\/div>\n\t\t\t\t\t\t\t<div class=\"elementor-accordion-item\">\n\t\t\t\t\t<div id=\"elementor-tab-title-8202\" class=\"elementor-tab-title\" data-tab=\"2\" role=\"button\" aria-controls=\"elementor-tab-content-8202\" aria-expanded=\"false\">\n\t\t\t\t\t\t\t\t\t\t\t\t\t<span class=\"elementor-accordion-icon elementor-accordion-icon-left\" aria-hidden=\"true\">\n\t\t\t\t\t\t\t\t\t\t\t\t\t\t\t<span class=\"elementor-accordion-icon-closed\"><i class=\"fas fa-plus\"><\/i><\/span>\n\t\t\t\t\t\t\t\t<span class=\"elementor-accordion-icon-opened\"><i class=\"fas fa-minus\"><\/i><\/span>\n\t\t\t\t\t\t\t\t\t\t\t\t\t\t<\/span>\n\t\t\t\t\t\t\t\t\t\t\t\t<a class=\"elementor-accordion-title\" tabindex=\"0\">VLASTNOSTI<\/a>\n\t\t\t\t\t<\/div>\n\t\t\t\t\t<div id=\"elementor-tab-content-8202\" class=\"elementor-tab-content elementor-clearfix\" data-tab=\"2\" role=\"region\" aria-labelledby=\"elementor-tab-title-8202\"><p><strong>Rozm\u011bry:<\/strong> 30 cm x 40 cm<br \/>Baleno v sad\u011b 5 ut\u011brek<br \/><span style=\"font-size: 110%\"><strong>Barvy v sad\u011b: Classic (<\/strong>zelen\u00e1, b\u00edl\u00e1, fialov\u00e1, \u0161ed\u00e1 a modr\u00e1) \/ <strong>Pastel<\/strong> (b\u00edl\u00e1, \u0161ed\u00e1, modr\u00e1, b\u00e9\u017eov\u00e1, r\u016f\u017eova)<\/span><\/p><ul><li>V balen\u00ed obdr\u017e\u00edte 5 ut\u011brek<\/li><li>Antibakteri\u00e1ln\u00ed absorp\u010dn\u00ed ut\u011brky<\/li><li>Hygienick\u00e9<\/li><li>M\u011bkk\u00fd, odoln\u00fd a kvalitn\u00ed materi\u00e1l<\/li><li>Opakovan\u011b pou\u017eiteln\u00e9\u00a0<\/li><li>Ut\u011brky lze pr\u00e1t<\/li><li>Pojmou a\u017e 7n\u00e1sobek sv\u00e9 hmotnosti<\/li><li>\u0160etrn\u00e9 k \u017eivotn\u00edmu prost\u0159ed\u00ed<\/li><li>K \u010di\u0161t\u011bn\u00ed s nimi sta\u010d\u00ed voda, nepot\u0159ebujete chemik\u00e1lie ani \u010distic\u00ed prost\u0159edky<\/li><li>Nezanech\u00e1vaj\u00ed stopy\u00a0<\/li><\/ul><\/div>\n\t\t\t\t<\/div>\n\t\t\t\t\t\t\t<div class=\"elementor-accordion-item\">\n\t\t\t\t\t<div id=\"elementor-tab-title-8203\" class=\"elementor-tab-title\" data-tab=\"3\" role=\"button\" aria-controls=\"elementor-tab-content-8203\" aria-expanded=\"false\">\n\t\t\t\t\t\t\t\t\t\t\t\t\t<span class=\"elementor-accordion-icon elementor-accordion-icon-left\" aria-hidden=\"true\">\n\t\t\t\t\t\t\t\t\t\t\t\t\t\t\t<span class=\"elementor-accordion-icon-closed\"><i class=\"fas fa-plus\"><\/i><\/span>\n\t\t\t\t\t\t\t\t<span class=\"elementor-accordion-icon-opened\"><i class=\"fas fa-minus\"><\/i><\/span>\n\t\t\t\t\t\t\t\t\t\t\t\t\t\t<\/span>\n\t\t\t\t\t\t\t\t\t\t\t\t<a class=\"elementor-accordion-title\" tabindex=\"0\">MATERI\u00c1L<\/a>\n\t\t\t\t\t<\/div>\n\t\t\t\t\t<div id=\"elementor-tab-content-8203\" class=\"elementor-tab-content elementor-clearfix\" data-tab=\"3\" role=\"region\" aria-labelledby=\"elementor-tab-title-8203\"><p>Mikrovl\u00e1kna<\/p><p><strong>Slo\u017een\u00ed:\u00a0<\/strong>Sm\u011bs kompozitn\u00ed p\u0159\u00edze polyester\/nylon.<\/p><\/div>\n\t\t\t\t<\/div>\n\t\t\t\t\t\t\t<div class=\"elementor-accordion-item\">\n\t\t\t\t\t<div id=\"elementor-tab-title-8204\" class=\"elementor-tab-title\" data-tab=\"4\" role=\"button\" aria-controls=\"elementor-tab-content-8204\" aria-expanded=\"false\">\n\t\t\t\t\t\t\t\t\t\t\t\t\t<span class=\"elementor-accordion-icon elementor-accordion-icon-left\" aria-hidden=\"true\">\n\t\t\t\t\t\t\t\t\t\t\t\t\t\t\t<span class=\"elementor-accordion-icon-closed\"><i class=\"fas fa-plus\"><\/i><\/span>\n\t\t\t\t\t\t\t\t<span class=\"elementor-accordion-icon-opened\"><i class=\"fas fa-minus\"><\/i><\/span>\n\t\t\t\t\t\t\t\t\t\t\t\t\t\t<\/span>\n\t\t\t\t\t\t\t\t\t\t\t\t<a class=\"elementor-accordion-title\" tabindex=\"0\">\u00daDR\u017dBA<\/a>\n\t\t\t\t\t<\/div>\n\t\t\t\t\t<div id=\"elementor-tab-content-8204\" class=\"elementor-tab-content elementor-clearfix\" data-tab=\"4\" role=\"region\" aria-labelledby=\"elementor-tab-title-8204\"><p>L\u00e1tky lze pr\u00e1t ru\u010dn\u011b nebo v pra\u010dce.\u00a0<\/p><\/div>\n\t\t\t\t<\/div>\n\t\t\t\t\t\t\t\t<\/div>\n\t\t\t\t<\/div>\n\t\t\t\t<\/div>\n\t\t\t\t\t<\/div>\n\t\t<\/div>\n\t\t\t\t\t<\/div>\n\t\t<\/section>\n\t\t\t\t<\/div>\n\t\t","protected":false},"excerpt":{"rendered":"<p>XL ut\u011brky, kter\u00e9 prost\u011b mus\u00edte m\u00edt! Le\u0161t\u00ed, st\u00edraj\u00ed a \u010dist\u00ed bez zanech\u00e1n\u00ed stop vl\u00e1ken \ud83d\ude0a<\/p>\n<p>Absorp\u010dn\u00ed, v\u00edce\u00fa\u010delov\u00e9\u00a0<strong>XL ut\u011brky.<\/strong><\/p>\n","protected":false},"featured_media":213676,"comment_status":"closed","ping_status":"closed","template":"","meta":[],"product_cat":[564,68],"product_tag":[950,951,952,953,954,955,956],"aioseo_notices":[],"_links":{"self":[{"href":"https:\/\/spinlama.com\/cz\/wp-json\/wp\/v2\/product\/213711"}],"collection":[{"href":"https:\/\/spinlama.com\/cz\/wp-json\/wp\/v2\/product"}],"about":[{"href":"https:\/\/spinlama.com\/cz\/wp-json\/wp\/v2\/types\/product"}],"replies":[{"embeddable":true,"href":"https:\/\/spinlama.com\/cz\/wp-json\/wp\/v2\/comments?post=213711"}],"version-history":[{"count":12,"href":"https:\/\/spinlama.com\/cz\/wp-json\/wp\/v2\/product\/213711\/revisions"}],"predecessor-version":[{"id":213821,"href":"https:\/\/spinlama.com\/cz\/wp-json\/wp\/v2\/product\/213711\/revisions\/213821"}],"wp:featuredmedia":[{"embeddable":true,"href":"https:\/\/spinlama.com\/cz\/wp-json\/wp\/v2\/media\/213676"}],"wp:attachment":[{"href":"https:\/\/spinlama.com\/cz\/wp-json\/wp\/v2\/media?parent=213711"}],"wp:term":[{"taxonomy":"product_cat","embeddable":true,"href":"https:\/\/spinlama.com\/cz\/wp-json\/wp\/v2\/product_cat?post=213711"},{"taxonomy":"product_tag","embeddable":true,"href":"https:\/\/spinlama.com\/cz\/wp-json\/wp\/v2\/product_tag?post=213711"}],"curies":[{"name":"wp","href":"https:\/\/api.w.org\/{rel}","templated":true}]}}