{"id":213992,"date":"2023-08-01T09:37:00","date_gmt":"2023-08-01T07:37:00","guid":{"rendered":"https:\/\/spinlama.com\/cz\/?post_type=product&#038;p=213992"},"modified":"2023-08-01T09:42:28","modified_gmt":"2023-08-01T07:42:28","slug":"brush-heads","status":"publish","type":"product","link":"https:\/\/spinlama.com\/cz\/v\u00fdrobek\/brush-heads\/","title":{"rendered":"Brush Heads &#8211; 3x sada hlavic sonick\u00e9ho zubn\u00edho kart\u00e1\u010dku"},"content":{"rendered":"\t\t<div data-elementor-type=\"product-post\" data-elementor-id=\"213992\" class=\"elementor elementor-213992\" data-elementor-post-type=\"product\">\n\t\t\t\t\t\t<section class=\"elementor-section elementor-top-section elementor-element elementor-element-7d5d46f5 elementor-section-boxed elementor-section-height-default elementor-section-height-default\" data-id=\"7d5d46f5\" data-element_type=\"section\">\n\t\t\t\t\t\t\t<div class=\"elementor-background-overlay\"><\/div>\n\t\t\t\t\t\t\t<div class=\"elementor-container elementor-column-gap-default\">\n\t\t\t\t\t<div class=\"elementor-column elementor-col-100 elementor-top-column elementor-element elementor-element-63becb52\" data-id=\"63becb52\" data-element_type=\"column\">\n\t\t\t<div class=\"elementor-widget-wrap elementor-element-populated\">\n\t\t\t\t\t\t<div class=\"elementor-element elementor-element-43a156be elementor-widget elementor-widget-heading\" data-id=\"43a156be\" data-element_type=\"widget\" data-widget_type=\"heading.default\">\n\t\t\t\t<div class=\"elementor-widget-container\">\n\t\t\t<style>\/*! elementor - v3.21.0 - 18-04-2024 *\/\n.elementor-heading-title{padding:0;margin:0;line-height:1}.elementor-widget-heading .elementor-heading-title[class*=elementor-size-]>a{color:inherit;font-size:inherit;line-height:inherit}.elementor-widget-heading .elementor-heading-title.elementor-size-small{font-size:15px}.elementor-widget-heading .elementor-heading-title.elementor-size-medium{font-size:19px}.elementor-widget-heading .elementor-heading-title.elementor-size-large{font-size:29px}.elementor-widget-heading .elementor-heading-title.elementor-size-xl{font-size:39px}.elementor-widget-heading .elementor-heading-title.elementor-size-xxl{font-size:59px}<\/style><h2 class=\"elementor-heading-title elementor-size-default\">Hlavice zubn\u00edho kart\u00e1\u010dku pro sonick\u00fd zubn\u00ed kart\u00e1\u010dek<\/h2>\t\t<\/div>\n\t\t\t\t<\/div>\n\t\t\t\t\t<\/div>\n\t\t<\/div>\n\t\t\t\t\t<\/div>\n\t\t<\/section>\n\t\t\t\t<section class=\"elementor-section elementor-top-section elementor-element elementor-element-1b64dbb4 elementor-reverse-mobile elementor-section-boxed elementor-section-height-default elementor-section-height-default\" data-id=\"1b64dbb4\" data-element_type=\"section\">\n\t\t\t\t\t\t<div class=\"elementor-container elementor-column-gap-default\">\n\t\t\t\t\t<div class=\"elementor-column elementor-col-50 elementor-top-column elementor-element elementor-element-5a8dc718\" data-id=\"5a8dc718\" data-element_type=\"column\">\n\t\t\t<div class=\"elementor-widget-wrap elementor-element-populated\">\n\t\t\t\t\t\t<div class=\"elementor-element elementor-element-4943a5f6 elementor-arrows-position-inside elementor-pagination-position-outside elementor-widget elementor-widget-image-carousel\" data-id=\"4943a5f6\" data-element_type=\"widget\" data-settings=\"{&quot;slides_to_show&quot;:&quot;1&quot;,&quot;navigation&quot;:&quot;both&quot;,&quot;autoplay&quot;:&quot;yes&quot;,&quot;pause_on_hover&quot;:&quot;yes&quot;,&quot;pause_on_interaction&quot;:&quot;yes&quot;,&quot;autoplay_speed&quot;:5000,&quot;infinite&quot;:&quot;yes&quot;,&quot;effect&quot;:&quot;slide&quot;,&quot;speed&quot;:500}\" data-widget_type=\"image-carousel.default\">\n\t\t\t\t<div class=\"elementor-widget-container\">\n\t\t\t<style>\/*! elementor - v3.21.0 - 18-04-2024 *\/\n.elementor-widget-image-carousel .swiper,.elementor-widget-image-carousel .swiper-container{position:static}.elementor-widget-image-carousel .swiper-container .swiper-slide figure,.elementor-widget-image-carousel .swiper .swiper-slide figure{line-height:inherit}.elementor-widget-image-carousel .swiper-slide{text-align:center}.elementor-image-carousel-wrapper:not(.swiper-container-initialized):not(.swiper-initialized) .swiper-slide{max-width:calc(100% \/ var(--e-image-carousel-slides-to-show, 3))}<\/style>\t\t<div class=\"elementor-image-carousel-wrapper swiper\" dir=\"ltr\">\n\t\t\t<div class=\"elementor-image-carousel swiper-wrapper\" aria-live=\"off\">\n\t\t\t\t\t\t\t\t<div class=\"swiper-slide\" role=\"group\" aria-roledescription=\"slide\" aria-label=\"1 z 2\"><figure class=\"swiper-slide-inner\"><img decoding=\"async\" class=\"swiper-slide-image\" src=\"https:\/\/spinlama.com\/cz\/wp-content\/uploads\/sites\/19\/2023\/08\/ETB-5-3-800x800.jpg\" alt=\"ETB-5-3.jpg\" \/><\/figure><\/div><div class=\"swiper-slide\" role=\"group\" aria-roledescription=\"slide\" aria-label=\"2 z 2\"><figure class=\"swiper-slide-inner\"><img decoding=\"async\" class=\"swiper-slide-image\" src=\"https:\/\/spinlama.com\/cz\/wp-content\/uploads\/sites\/19\/2023\/08\/ETB-8-2-800x800.jpg\" alt=\"ETB-8-2.jpg\" \/><\/figure><\/div>\t\t\t<\/div>\n\t\t\t\t\t\t\t\t\t\t\t\t<div class=\"elementor-swiper-button elementor-swiper-button-prev\" role=\"button\" tabindex=\"0\">\n\t\t\t\t\t\t<i aria-hidden=\"true\" class=\"eicon-chevron-left\"><\/i>\t\t\t\t\t<\/div>\n\t\t\t\t\t<div class=\"elementor-swiper-button elementor-swiper-button-next\" role=\"button\" tabindex=\"0\">\n\t\t\t\t\t\t<i aria-hidden=\"true\" class=\"eicon-chevron-right\"><\/i>\t\t\t\t\t<\/div>\n\t\t\t\t\n\t\t\t\t\t\t\t\t\t<div class=\"swiper-pagination\"><\/div>\n\t\t\t\t\t\t\t\t\t<\/div>\n\t\t\t\t<\/div>\n\t\t\t\t<\/div>\n\t\t\t\t\t<\/div>\n\t\t<\/div>\n\t\t\t\t<div class=\"elementor-column elementor-col-50 elementor-top-column elementor-element elementor-element-6febf02\" data-id=\"6febf02\" data-element_type=\"column\">\n\t\t\t<div class=\"elementor-widget-wrap elementor-element-populated\">\n\t\t\t\t\t\t<div class=\"elementor-element elementor-element-350472fa elementor-widget elementor-widget-heading\" data-id=\"350472fa\" data-element_type=\"widget\" data-widget_type=\"heading.default\">\n\t\t\t\t<div class=\"elementor-widget-container\">\n\t\t\t<h2 class=\"elementor-heading-title elementor-size-default\">Hlavice zubn\u00edho kart\u00e1\u010dku pro dosp\u011bl\u00e9<\/h2>\t\t<\/div>\n\t\t\t\t<\/div>\n\t\t\t\t<div class=\"elementor-element elementor-element-2442997c elementor-widget elementor-widget-text-editor\" data-id=\"2442997c\" data-element_type=\"widget\" data-widget_type=\"text-editor.default\">\n\t\t\t\t<div class=\"elementor-widget-container\">\n\t\t\t<style>\/*! elementor - v3.21.0 - 18-04-2024 *\/\n.elementor-widget-text-editor.elementor-drop-cap-view-stacked .elementor-drop-cap{background-color:#69727d;color:#fff}.elementor-widget-text-editor.elementor-drop-cap-view-framed .elementor-drop-cap{color:#69727d;border:3px solid;background-color:transparent}.elementor-widget-text-editor:not(.elementor-drop-cap-view-default) .elementor-drop-cap{margin-top:8px}.elementor-widget-text-editor:not(.elementor-drop-cap-view-default) .elementor-drop-cap-letter{width:1em;height:1em}.elementor-widget-text-editor .elementor-drop-cap{float:left;text-align:center;line-height:1;font-size:50px}.elementor-widget-text-editor .elementor-drop-cap-letter{display:inline-block}<\/style>\t\t\t\t<p>M\u011bkk\u00e9 a hust\u00e9 \u0161t\u011btiny pom\u00e1haj\u00ed \u00fa\u010dinn\u011b rozb\u00edjet zubn\u00ed plak a bakterie. Snadno se dostanou i do mezizubn\u00edch prostor, p\u0159i\u010dem\u017e \u0161t\u011btiny jsou dostate\u010dn\u011b jemn\u00e9, aby nepo\u0161kodily d\u00e1sn\u011b.<\/p><p><strong>V 1 sad\u011b jsou 3 hlavice zubn\u00edho kart\u00e1\u010dku.<\/strong><\/p><p>*Sou\u010d\u00e1st\u00ed balen\u00ed jsou pouze hlavice zubn\u00edho kart\u00e1\u010dku, nikoli sonick\u00fd zubn\u00ed kart\u00e1\u010dek.<\/p>\t\t\t\t\t\t<\/div>\n\t\t\t\t<\/div>\n\t\t\t\t\t<\/div>\n\t\t<\/div>\n\t\t\t\t\t<\/div>\n\t\t<\/section>\n\t\t\t\t<section class=\"elementor-section elementor-top-section elementor-element elementor-element-1c830c2b elementor-section-boxed elementor-section-height-default elementor-section-height-default\" data-id=\"1c830c2b\" data-element_type=\"section\">\n\t\t\t\t\t\t<div class=\"elementor-container elementor-column-gap-default\">\n\t\t\t\t\t<div class=\"elementor-column elementor-col-50 elementor-top-column elementor-element elementor-element-716ef81b\" data-id=\"716ef81b\" data-element_type=\"column\">\n\t\t\t<div class=\"elementor-widget-wrap elementor-element-populated\">\n\t\t\t\t\t\t<div class=\"elementor-element elementor-element-438f1158 elementor-widget elementor-widget-heading\" data-id=\"438f1158\" data-element_type=\"widget\" data-widget_type=\"heading.default\">\n\t\t\t\t<div class=\"elementor-widget-container\">\n\t\t\t<h2 class=\"elementor-heading-title elementor-size-default\">Hlavice zubn\u00edho kart\u00e1\u010dku pro d\u011bti<\/h2>\t\t<\/div>\n\t\t\t\t<\/div>\n\t\t\t\t<div class=\"elementor-element elementor-element-797ec32e elementor-widget elementor-widget-text-editor\" data-id=\"797ec32e\" data-element_type=\"widget\" data-widget_type=\"text-editor.default\">\n\t\t\t\t<div class=\"elementor-widget-container\">\n\t\t\t\t\t\t\t<p>M\u011bkk\u00e9 a hust\u00e9 \u0161t\u011btiny jsou speci\u00e1ln\u011b navr\u017eeny pro \u0161etrn\u00e9 \u010di\u0161t\u011bn\u00ed d\u011btsk\u00fdch zub\u016f a m\u011bkk\u00e1 silikonov\u00e1 hlavice kart\u00e1\u010dku poskytuje dodate\u010dnou ochranu p\u0159i \u010di\u0161t\u011bn\u00ed.<\/p><p><strong>V 1 sad\u011b jsou 3 hlavice zubn\u00edho kart\u00e1\u010dku.<\/strong><\/p><p>*P\u0159i n\u00e1kupu obdr\u017e\u00edte pouze hlavice zubn\u00edho kart\u00e1\u010dku, nikoli sonick\u00fd zubn\u00ed kart\u00e1\u010dek.<\/p>\t\t\t\t\t\t<\/div>\n\t\t\t\t<\/div>\n\t\t\t\t\t<\/div>\n\t\t<\/div>\n\t\t\t\t<div class=\"elementor-column elementor-col-50 elementor-top-column elementor-element elementor-element-48381469\" data-id=\"48381469\" data-element_type=\"column\">\n\t\t\t<div class=\"elementor-widget-wrap elementor-element-populated\">\n\t\t\t\t\t\t<div class=\"elementor-element elementor-element-4b020cca elementor-arrows-position-inside elementor-pagination-position-outside elementor-widget elementor-widget-image-carousel\" data-id=\"4b020cca\" data-element_type=\"widget\" data-settings=\"{&quot;slides_to_show&quot;:&quot;1&quot;,&quot;navigation&quot;:&quot;both&quot;,&quot;autoplay&quot;:&quot;yes&quot;,&quot;pause_on_hover&quot;:&quot;yes&quot;,&quot;pause_on_interaction&quot;:&quot;yes&quot;,&quot;autoplay_speed&quot;:5000,&quot;infinite&quot;:&quot;yes&quot;,&quot;effect&quot;:&quot;slide&quot;,&quot;speed&quot;:500}\" data-widget_type=\"image-carousel.default\">\n\t\t\t\t<div class=\"elementor-widget-container\">\n\t\t\t\t\t<div class=\"elementor-image-carousel-wrapper swiper\" dir=\"ltr\">\n\t\t\t<div class=\"elementor-image-carousel swiper-wrapper\" aria-live=\"off\">\n\t\t\t\t\t\t\t\t<div class=\"swiper-slide\" role=\"group\" aria-roledescription=\"slide\" aria-label=\"1 z 2\"><figure class=\"swiper-slide-inner\"><img decoding=\"async\" class=\"swiper-slide-image\" src=\"https:\/\/spinlama.com\/cz\/wp-content\/uploads\/sites\/19\/2023\/08\/ETB-7-1-800x800.jpg\" alt=\"ETB-7-1.jpg\" \/><\/figure><\/div><div class=\"swiper-slide\" role=\"group\" aria-roledescription=\"slide\" aria-label=\"2 z 2\"><figure class=\"swiper-slide-inner\"><img decoding=\"async\" class=\"swiper-slide-image\" src=\"https:\/\/spinlama.com\/cz\/wp-content\/uploads\/sites\/19\/2023\/08\/ETB-9-1-800x800.jpg\" alt=\"ETB-9-1.jpg\" \/><\/figure><\/div>\t\t\t<\/div>\n\t\t\t\t\t\t\t\t\t\t\t\t<div class=\"elementor-swiper-button elementor-swiper-button-prev\" role=\"button\" tabindex=\"0\">\n\t\t\t\t\t\t<i aria-hidden=\"true\" class=\"eicon-chevron-left\"><\/i>\t\t\t\t\t<\/div>\n\t\t\t\t\t<div class=\"elementor-swiper-button elementor-swiper-button-next\" role=\"button\" tabindex=\"0\">\n\t\t\t\t\t\t<i aria-hidden=\"true\" class=\"eicon-chevron-right\"><\/i>\t\t\t\t\t<\/div>\n\t\t\t\t\n\t\t\t\t\t\t\t\t\t<div class=\"swiper-pagination\"><\/div>\n\t\t\t\t\t\t\t\t\t<\/div>\n\t\t\t\t<\/div>\n\t\t\t\t<\/div>\n\t\t\t\t\t<\/div>\n\t\t<\/div>\n\t\t\t\t\t<\/div>\n\t\t<\/section>\n\t\t\t\t<section class=\"elementor-section elementor-top-section elementor-element elementor-element-1b9addec elementor-section-boxed elementor-section-height-default elementor-section-height-default\" data-id=\"1b9addec\" data-element_type=\"section\">\n\t\t\t\t\t\t<div class=\"elementor-container elementor-column-gap-default\">\n\t\t\t\t\t<div class=\"elementor-column elementor-col-100 elementor-top-column elementor-element elementor-element-53727dd8\" data-id=\"53727dd8\" data-element_type=\"column\">\n\t\t\t<div class=\"elementor-widget-wrap elementor-element-populated\">\n\t\t\t\t\t\t<div class=\"elementor-element elementor-element-10f34bd0 elementor-widget elementor-widget-accordion\" data-id=\"10f34bd0\" data-element_type=\"widget\" data-widget_type=\"accordion.default\">\n\t\t\t\t<div class=\"elementor-widget-container\">\n\t\t\t<style>\/*! elementor - v3.21.0 - 18-04-2024 *\/\n.elementor-accordion{text-align:start}.elementor-accordion .elementor-accordion-item{border:1px solid #d5d8dc}.elementor-accordion .elementor-accordion-item+.elementor-accordion-item{border-top:none}.elementor-accordion .elementor-tab-title{margin:0;padding:15px 20px;font-weight:700;line-height:1;cursor:pointer;outline:none}.elementor-accordion .elementor-tab-title .elementor-accordion-icon{display:inline-block;width:1.5em}.elementor-accordion .elementor-tab-title .elementor-accordion-icon svg{width:1em;height:1em}.elementor-accordion .elementor-tab-title .elementor-accordion-icon.elementor-accordion-icon-right{float:right;text-align:right}.elementor-accordion .elementor-tab-title .elementor-accordion-icon.elementor-accordion-icon-left{float:left;text-align:left}.elementor-accordion .elementor-tab-title .elementor-accordion-icon .elementor-accordion-icon-closed{display:block}.elementor-accordion .elementor-tab-title .elementor-accordion-icon .elementor-accordion-icon-opened,.elementor-accordion .elementor-tab-title.elementor-active .elementor-accordion-icon-closed{display:none}.elementor-accordion .elementor-tab-title.elementor-active .elementor-accordion-icon-opened{display:block}.elementor-accordion .elementor-tab-content{display:none;padding:15px 20px;border-top:1px solid #d5d8dc}@media (max-width:767px){.elementor-accordion .elementor-tab-title{padding:12px 15px}.elementor-accordion .elementor-tab-title .elementor-accordion-icon{width:1.2em}.elementor-accordion .elementor-tab-content{padding:7px 15px}}.e-con-inner>.elementor-widget-accordion,.e-con>.elementor-widget-accordion{width:var(--container-widget-width);--flex-grow:var(--container-widget-flex-grow)}<\/style>\t\t<div class=\"elementor-accordion\">\n\t\t\t\t\t\t\t<div class=\"elementor-accordion-item\">\n\t\t\t\t\t<div id=\"elementor-tab-title-2841\" class=\"elementor-tab-title\" data-tab=\"1\" role=\"button\" aria-controls=\"elementor-tab-content-2841\" aria-expanded=\"false\">\n\t\t\t\t\t\t\t\t\t\t\t\t\t<span class=\"elementor-accordion-icon elementor-accordion-icon-left\" aria-hidden=\"true\">\n\t\t\t\t\t\t\t\t\t\t\t\t\t\t\t<span class=\"elementor-accordion-icon-closed\"><i class=\"fas fa-chevron-down\"><\/i><\/span>\n\t\t\t\t\t\t\t\t<span class=\"elementor-accordion-icon-opened\"><i class=\"fas fa-chevron-up\"><\/i><\/span>\n\t\t\t\t\t\t\t\t\t\t\t\t\t\t<\/span>\n\t\t\t\t\t\t\t\t\t\t\t\t<a class=\"elementor-accordion-title\" tabindex=\"0\">Vlastnosti<\/a>\n\t\t\t\t\t<\/div>\n\t\t\t\t\t<div id=\"elementor-tab-content-2841\" class=\"elementor-tab-content elementor-clearfix\" data-tab=\"1\" role=\"region\" aria-labelledby=\"elementor-tab-title-2841\"><p><strong>P\u0159i n\u00e1kupu obdr\u017e\u00edte 3 sady hlavic zubn\u00edho kart\u00e1\u010dku (celkem 9 hlavic zubn\u00edho kart\u00e1\u010dku).<\/strong><\/p><p>Materi\u00e1l: \u00a0ABS\/TPR\/nylon<\/p><p>Velikost hlavice pro dosp\u011bl\u00e9: 20 mm x 10 mm<\/p><p>Velikost hlavice d\u011btsk\u00e9ho n\u00e1stavce: 12 mm x 7 mm<\/p><p>N\u00e1stavce doporu\u010dujeme vym\u011b\u0148ovat ka\u017ed\u00e9 3 m\u011bs\u00edce, proto\u017ee po uplynut\u00ed t\u00e9to doby ji\u017e nebudou \u010distit zuby tak \u00fa\u010dinn\u011b.<\/p><\/div>\n\t\t\t\t<\/div>\n\t\t\t\t\t\t\t<div class=\"elementor-accordion-item\">\n\t\t\t\t\t<div id=\"elementor-tab-title-2842\" class=\"elementor-tab-title\" data-tab=\"2\" role=\"button\" aria-controls=\"elementor-tab-content-2842\" aria-expanded=\"false\">\n\t\t\t\t\t\t\t\t\t\t\t\t\t<span class=\"elementor-accordion-icon elementor-accordion-icon-left\" aria-hidden=\"true\">\n\t\t\t\t\t\t\t\t\t\t\t\t\t\t\t<span class=\"elementor-accordion-icon-closed\"><i class=\"fas fa-chevron-down\"><\/i><\/span>\n\t\t\t\t\t\t\t\t<span class=\"elementor-accordion-icon-opened\"><i class=\"fas fa-chevron-up\"><\/i><\/span>\n\t\t\t\t\t\t\t\t\t\t\t\t\t\t<\/span>\n\t\t\t\t\t\t\t\t\t\t\t\t<a class=\"elementor-accordion-title\" tabindex=\"0\">Varov\u00e1n\u00ed<\/a>\n\t\t\t\t\t<\/div>\n\t\t\t\t\t<div id=\"elementor-tab-content-2842\" class=\"elementor-tab-content elementor-clearfix\" data-tab=\"2\" role=\"region\" aria-labelledby=\"elementor-tab-title-2842\"><ul><li>Tento v\u00fdrobek nen\u00ed ur\u010den pro d\u011bti mlad\u0161\u00ed 3 let.<\/li><li>Doporu\u010dujeme, abyste zubn\u00ed kart\u00e1\u010dek uchov\u00e1vali mimo dosah d\u011bt\u00ed. D\u011bti by m\u011bly zubn\u00ed kart\u00e1\u010dek pou\u017e\u00edvat pouze pod dohledem rodi\u010d\u016f.<\/li><li>Pokud dojde k po\u0161kozen\u00ed hlav zubn\u00edho kart\u00e1\u010dku, p\u0159esta\u0148te jej pou\u017e\u00edvat.<\/li><li>Hlavice zubn\u00edho kart\u00e1\u010dku jsou ur\u010deny pouze k \u010di\u0161t\u011bn\u00ed zub\u016f, d\u00e1sn\u00ed a jazyka, proto je pou\u017e\u00edvejte pouze k tomuto \u00fa\u010delu.<\/li><li>K \u010di\u0161t\u011bn\u00ed zub\u016f sonick\u00fdm zubn\u00edm kart\u00e1\u010dkem nedoporu\u010dujeme pou\u017e\u00edvat abrazivn\u00ed zubn\u00ed pasty.<\/li><li>V p\u0159\u00edpad\u011b probl\u00e9m\u016f s \u00fastn\u00ed dutinou se p\u0159ed pou\u017eit\u00edm pora\u010fte se zubn\u00edm l\u00e9ka\u0159em.<\/li><li>Pokud se po pou\u017eit\u00ed zubn\u00edho kart\u00e1\u010dku objev\u00ed krv\u00e1cen\u00ed nebo se po 1 t\u00fddnu pou\u017e\u00edv\u00e1n\u00ed znovu objev\u00ed, pora\u010fte se se sv\u00fdm zubn\u00edm l\u00e9ka\u0159em.<\/li><li>Pokud p\u0159i pou\u017e\u00edv\u00e1n\u00ed zubn\u00edho kart\u00e1\u010dku poci\u0165ujete bolest nebo nep\u0159\u00edjemn\u00e9 pocity, p\u0159esta\u0148te jej pou\u017e\u00edvat.<\/li><\/ul><\/div>\n\t\t\t\t<\/div>\n\t\t\t\t\t\t\t\t<\/div>\n\t\t\t\t<\/div>\n\t\t\t\t<\/div>\n\t\t\t\t\t<\/div>\n\t\t<\/div>\n\t\t\t\t\t<\/div>\n\t\t<\/section>\n\t\t\t\t<\/div>\n\t\t","protected":false},"excerpt":{"rendered":"<p>Hlavice zubn\u00edho kart\u00e1\u010dku pro dosp\u011bl\u00e9 a d\u011bti pro elektrick\u00fd zubn\u00ed kart\u00e1\u010dek.<\/p>\n<p><strong>K n\u00e1kupu obdr\u017e\u00edte 3 sady hlavic zubn\u00edho kart\u00e1\u010dku (celkem 9 hlavic).<\/strong><\/p>\n","protected":false},"featured_media":213974,"comment_status":"closed","ping_status":"closed","template":"","meta":[],"product_cat":[68,626,567],"product_tag":[],"aioseo_notices":[],"_links":{"self":[{"href":"https:\/\/spinlama.com\/cz\/wp-json\/wp\/v2\/product\/213992"}],"collection":[{"href":"https:\/\/spinlama.com\/cz\/wp-json\/wp\/v2\/product"}],"about":[{"href":"https:\/\/spinlama.com\/cz\/wp-json\/wp\/v2\/types\/product"}],"replies":[{"embeddable":true,"href":"https:\/\/spinlama.com\/cz\/wp-json\/wp\/v2\/comments?post=213992"}],"version-history":[{"count":6,"href":"https:\/\/spinlama.com\/cz\/wp-json\/wp\/v2\/product\/213992\/revisions"}],"predecessor-version":[{"id":214007,"href":"https:\/\/spinlama.com\/cz\/wp-json\/wp\/v2\/product\/213992\/revisions\/214007"}],"wp:featuredmedia":[{"embeddable":true,"href":"https:\/\/spinlama.com\/cz\/wp-json\/wp\/v2\/media\/213974"}],"wp:attachment":[{"href":"https:\/\/spinlama.com\/cz\/wp-json\/wp\/v2\/media?parent=213992"}],"wp:term":[{"taxonomy":"product_cat","embeddable":true,"href":"https:\/\/spinlama.com\/cz\/wp-json\/wp\/v2\/product_cat?post=213992"},{"taxonomy":"product_tag","embeddable":true,"href":"https:\/\/spinlama.com\/cz\/wp-json\/wp\/v2\/product_tag?post=213992"}],"curies":[{"name":"wp","href":"https:\/\/api.w.org\/{rel}","templated":true}]}}