{"id":214370,"date":"2023-08-22T11:01:45","date_gmt":"2023-08-22T09:01:45","guid":{"rendered":"https:\/\/spinlama.com\/cz\/?post_type=product&#038;p=214370"},"modified":"2024-09-26T11:38:48","modified_gmt":"2024-09-26T09:38:48","slug":"vivo-door-tape","status":"publish","type":"product","link":"https:\/\/spinlama.com\/cz\/v\u00fdrobek\/vivo-door-tape\/","title":{"rendered":"Vivo Door Tape &#8211; Pov\u011btrnostn\u00ed p\u00e1ska na okna a dve\u0159e (5 m)"},"content":{"rendered":"\t\t<div data-elementor-type=\"product-post\" data-elementor-id=\"214370\" class=\"elementor elementor-214370\" data-elementor-post-type=\"product\">\n\t\t\t\t\t\t<section class=\"elementor-section elementor-top-section elementor-element elementor-element-56473d25 elementor-section-boxed elementor-section-height-default elementor-section-height-default\" data-id=\"56473d25\" data-element_type=\"section\">\n\t\t\t\t\t\t<div class=\"elementor-container elementor-column-gap-default\">\n\t\t\t\t\t<div class=\"elementor-column elementor-col-50 elementor-top-column elementor-element elementor-element-351346d2\" data-id=\"351346d2\" data-element_type=\"column\">\n\t\t\t<div class=\"elementor-widget-wrap elementor-element-populated\">\n\t\t\t\t\t\t<div class=\"elementor-element elementor-element-6abf04b7 elementor-widget elementor-widget-text-editor\" data-id=\"6abf04b7\" data-element_type=\"widget\" data-widget_type=\"text-editor.default\">\n\t\t\t\t<div class=\"elementor-widget-container\">\n\t\t\t<style>\/*! elementor - v3.21.0 - 18-04-2024 *\/\n.elementor-widget-text-editor.elementor-drop-cap-view-stacked .elementor-drop-cap{background-color:#69727d;color:#fff}.elementor-widget-text-editor.elementor-drop-cap-view-framed .elementor-drop-cap{color:#69727d;border:3px solid;background-color:transparent}.elementor-widget-text-editor:not(.elementor-drop-cap-view-default) .elementor-drop-cap{margin-top:8px}.elementor-widget-text-editor:not(.elementor-drop-cap-view-default) .elementor-drop-cap-letter{width:1em;height:1em}.elementor-widget-text-editor .elementor-drop-cap{float:left;text-align:center;line-height:1;font-size:50px}.elementor-widget-text-editor .elementor-drop-cap-letter{display:inline-block}<\/style>\t\t\t\t<p style=\"text-align: center\"><span style=\"font-size: 110%\">Pov\u011btrnostn\u00ed p\u00e1ska Vivo Door Tape funguje jako t\u011bsn\u011bn\u00ed, kter\u00e9 chr\u00e1n\u00ed m\u00edstnost p\u0159ed pov\u011btrnostn\u00edmi vlivy, chladem a pr\u016fvanem a udr\u017euje v m\u00edstnosti teplo.<\/span><\/p>\t\t\t\t\t\t<\/div>\n\t\t\t\t<\/div>\n\t\t\t\t\t<\/div>\n\t\t<\/div>\n\t\t\t\t<div class=\"elementor-column elementor-col-50 elementor-top-column elementor-element elementor-element-7762f499\" data-id=\"7762f499\" data-element_type=\"column\">\n\t\t\t<div class=\"elementor-widget-wrap elementor-element-populated\">\n\t\t\t\t\t\t<div class=\"elementor-element elementor-element-5fc2eb73 elementor-widget elementor-widget-image\" data-id=\"5fc2eb73\" data-element_type=\"widget\" data-widget_type=\"image.default\">\n\t\t\t\t<div class=\"elementor-widget-container\">\n\t\t\t<style>\/*! elementor - v3.21.0 - 18-04-2024 *\/\n.elementor-widget-image{text-align:center}.elementor-widget-image a{display:inline-block}.elementor-widget-image a img[src$=\".svg\"]{width:48px}.elementor-widget-image img{vertical-align:middle;display:inline-block}<\/style>\t\t\t\t\t\t\t\t\t\t<img fetchpriority=\"high\" decoding=\"async\" width=\"400\" height=\"400\" src=\"https:\/\/spinlama.com\/cz\/wp-content\/uploads\/sites\/19\/2023\/08\/vivo-door-tape-01-gif.gif\" class=\"attachment-large size-large wp-image-214348\" alt=\"\" \/>\t\t\t\t\t\t\t\t\t\t\t\t\t<\/div>\n\t\t\t\t<\/div>\n\t\t\t\t\t<\/div>\n\t\t<\/div>\n\t\t\t\t\t<\/div>\n\t\t<\/section>\n\t\t\t\t<section class=\"elementor-section elementor-top-section elementor-element elementor-element-242809b9 elementor-reverse-mobile elementor-section-boxed elementor-section-height-default elementor-section-height-default\" data-id=\"242809b9\" data-element_type=\"section\">\n\t\t\t\t\t\t<div class=\"elementor-container elementor-column-gap-default\">\n\t\t\t\t\t<div class=\"elementor-column elementor-col-50 elementor-top-column elementor-element elementor-element-2024f49b\" data-id=\"2024f49b\" data-element_type=\"column\">\n\t\t\t<div class=\"elementor-widget-wrap elementor-element-populated\">\n\t\t\t\t\t\t<div class=\"elementor-element elementor-element-35d9db98 elementor-widget elementor-widget-image\" data-id=\"35d9db98\" data-element_type=\"widget\" data-widget_type=\"image.default\">\n\t\t\t\t<div class=\"elementor-widget-container\">\n\t\t\t\t\t\t\t\t\t\t\t\t\t<img decoding=\"async\" width=\"600\" height=\"600\" src=\"https:\/\/spinlama.com\/cz\/wp-content\/uploads\/sites\/19\/2023\/08\/vdt-3b-600x600-1.jpg\" class=\"attachment-large size-large wp-image-214349\" alt=\"\" srcset=\"https:\/\/spinlama.com\/cz\/wp-content\/uploads\/sites\/19\/2023\/08\/vdt-3b-600x600-1.jpg 600w, https:\/\/spinlama.com\/cz\/wp-content\/uploads\/sites\/19\/2023\/08\/vdt-3b-600x600-1-280x280.jpg 280w, https:\/\/spinlama.com\/cz\/wp-content\/uploads\/sites\/19\/2023\/08\/vdt-3b-600x600-1-100x100.jpg 100w\" sizes=\"(max-width: 600px) 100vw, 600px\" \/>\t\t\t\t\t\t\t\t\t\t\t\t\t<\/div>\n\t\t\t\t<\/div>\n\t\t\t\t\t<\/div>\n\t\t<\/div>\n\t\t\t\t<div class=\"elementor-column elementor-col-50 elementor-top-column elementor-element elementor-element-517d6538\" data-id=\"517d6538\" data-element_type=\"column\">\n\t\t\t<div class=\"elementor-widget-wrap elementor-element-populated\">\n\t\t\t\t\t\t<div class=\"elementor-element elementor-element-414a1bb9 elementor-widget elementor-widget-text-editor\" data-id=\"414a1bb9\" data-element_type=\"widget\" data-widget_type=\"text-editor.default\">\n\t\t\t\t<div class=\"elementor-widget-container\">\n\t\t\t\t\t\t\t<p style=\"text-align: center\"><span style=\"font-size: 110%\">Zabra\u0148uje tak\u00e9 pronik\u00e1n\u00ed prachu a hmyzu a tlum\u00ed zvuky a chrast\u011bn\u00ed p\u0159ich\u00e1zej\u00edc\u00ed zven\u010d\u00ed.<\/span><\/p>\t\t\t\t\t\t<\/div>\n\t\t\t\t<\/div>\n\t\t\t\t\t<\/div>\n\t\t<\/div>\n\t\t\t\t\t<\/div>\n\t\t<\/section>\n\t\t\t\t<section class=\"elementor-section elementor-top-section elementor-element elementor-element-64bd9062 elementor-section-boxed elementor-section-height-default elementor-section-height-default\" data-id=\"64bd9062\" data-element_type=\"section\">\n\t\t\t\t\t\t<div class=\"elementor-container elementor-column-gap-default\">\n\t\t\t\t\t<div class=\"elementor-column elementor-col-50 elementor-top-column elementor-element elementor-element-1b68d263\" data-id=\"1b68d263\" data-element_type=\"column\">\n\t\t\t<div class=\"elementor-widget-wrap elementor-element-populated\">\n\t\t\t\t\t\t<div class=\"elementor-element elementor-element-4a59607b elementor-widget elementor-widget-text-editor\" data-id=\"4a59607b\" data-element_type=\"widget\" data-widget_type=\"text-editor.default\">\n\t\t\t\t<div class=\"elementor-widget-container\">\n\t\t\t\t\t\t\t<p style=\"text-align: center\"><span style=\"font-size: 110%\"><strong>Diskr\u00e9tn\u00ed a nen\u00e1padn\u00e1<br \/><\/strong><\/span><\/p><p style=\"text-align: center\"><span style=\"font-size: 110%\">Pr\u016fhledn\u00e1 p\u00e1ska je jednoduch\u00e9, elegantn\u00ed a rychl\u00e9 \u0159e\u0161en\u00ed.<\/span><\/p><p style=\"text-align: center\"><span style=\"font-size: 110%\">\u00a0<\/span><\/p>\t\t\t\t\t\t<\/div>\n\t\t\t\t<\/div>\n\t\t\t\t\t<\/div>\n\t\t<\/div>\n\t\t\t\t<div class=\"elementor-column elementor-col-50 elementor-top-column elementor-element elementor-element-34c92ef0\" data-id=\"34c92ef0\" data-element_type=\"column\">\n\t\t\t<div class=\"elementor-widget-wrap elementor-element-populated\">\n\t\t\t\t\t\t<div class=\"elementor-element elementor-element-73bbc258 elementor-widget elementor-widget-image\" data-id=\"73bbc258\" data-element_type=\"widget\" data-widget_type=\"image.default\">\n\t\t\t\t<div class=\"elementor-widget-container\">\n\t\t\t\t\t\t\t\t\t\t\t\t\t<img decoding=\"async\" width=\"600\" height=\"600\" src=\"https:\/\/spinlama.com\/cz\/wp-content\/uploads\/sites\/19\/2023\/08\/vdt-4-600x600-1.jpg\" class=\"attachment-large size-large wp-image-214350\" alt=\"\" srcset=\"https:\/\/spinlama.com\/cz\/wp-content\/uploads\/sites\/19\/2023\/08\/vdt-4-600x600-1.jpg 600w, https:\/\/spinlama.com\/cz\/wp-content\/uploads\/sites\/19\/2023\/08\/vdt-4-600x600-1-280x280.jpg 280w, https:\/\/spinlama.com\/cz\/wp-content\/uploads\/sites\/19\/2023\/08\/vdt-4-600x600-1-100x100.jpg 100w\" sizes=\"(max-width: 600px) 100vw, 600px\" \/>\t\t\t\t\t\t\t\t\t\t\t\t\t<\/div>\n\t\t\t\t<\/div>\n\t\t\t\t\t<\/div>\n\t\t<\/div>\n\t\t\t\t\t<\/div>\n\t\t<\/section>\n\t\t\t\t<section class=\"elementor-section elementor-top-section elementor-element elementor-element-304aefd7 elementor-reverse-mobile elementor-section-boxed elementor-section-height-default elementor-section-height-default\" data-id=\"304aefd7\" data-element_type=\"section\">\n\t\t\t\t\t\t<div class=\"elementor-container elementor-column-gap-default\">\n\t\t\t\t\t<div class=\"elementor-column elementor-col-50 elementor-top-column elementor-element elementor-element-6313f390\" data-id=\"6313f390\" data-element_type=\"column\">\n\t\t\t<div class=\"elementor-widget-wrap elementor-element-populated\">\n\t\t\t\t\t\t<div class=\"elementor-element elementor-element-13fe0067 elementor-widget elementor-widget-image\" data-id=\"13fe0067\" data-element_type=\"widget\" data-widget_type=\"image.default\">\n\t\t\t\t<div class=\"elementor-widget-container\">\n\t\t\t\t\t\t\t\t\t\t\t\t\t<img loading=\"lazy\" decoding=\"async\" width=\"600\" height=\"600\" src=\"https:\/\/spinlama.com\/cz\/wp-content\/uploads\/sites\/19\/2023\/08\/vdt_1-600x600-1-1.jpg\" class=\"attachment-large size-large wp-image-214351\" alt=\"\" srcset=\"https:\/\/spinlama.com\/cz\/wp-content\/uploads\/sites\/19\/2023\/08\/vdt_1-600x600-1-1.jpg 600w, https:\/\/spinlama.com\/cz\/wp-content\/uploads\/sites\/19\/2023\/08\/vdt_1-600x600-1-1-280x280.jpg 280w, https:\/\/spinlama.com\/cz\/wp-content\/uploads\/sites\/19\/2023\/08\/vdt_1-600x600-1-1-100x100.jpg 100w\" sizes=\"(max-width: 600px) 100vw, 600px\" \/>\t\t\t\t\t\t\t\t\t\t\t\t\t<\/div>\n\t\t\t\t<\/div>\n\t\t\t\t\t<\/div>\n\t\t<\/div>\n\t\t\t\t<div class=\"elementor-column elementor-col-50 elementor-top-column elementor-element elementor-element-1b1964af\" data-id=\"1b1964af\" data-element_type=\"column\">\n\t\t\t<div class=\"elementor-widget-wrap elementor-element-populated\">\n\t\t\t\t\t\t<div class=\"elementor-element elementor-element-40a2e73f elementor-widget elementor-widget-text-editor\" data-id=\"40a2e73f\" data-element_type=\"widget\" data-widget_type=\"text-editor.default\">\n\t\t\t\t<div class=\"elementor-widget-container\">\n\t\t\t\t\t\t\t<p style=\"text-align: center\"><strong><span style=\"font-size: 110%\">Flexibiln\u00ed, bezpe\u010dn\u00e1 a bez z\u00e1pachu<\/span><\/strong><\/p><p style=\"text-align: center\"><span style=\"font-size: 110%\">Je vyrobena z odoln\u00e9ho materi\u00e1lu (vod\u011bodoln\u00e1 silikonov\u00e1 pry\u017e), m\u00e1 siln\u00fd samolepic\u00ed podklad s dlouhou \u017eivotnost\u00ed a je odoln\u00e1 i v\u016f\u010di extr\u00e9mn\u00edm pov\u011btrnostn\u00edm podm\u00ednk\u00e1m.<\/span><\/p><p style=\"text-align: center\"><span style=\"font-size: 110%\"><strong>V\u0161estrann\u00e1<\/strong><\/span><\/p><p style=\"text-align: center\"><span style=\"font-size: 110%\">Vhodn\u00e9 pro sklen\u011bn\u00e9 dve\u0159e (posuvn\u00e9 nebo hladk\u00e9, r\u00e1mov\u00e9 nebo bez r\u00e1mu), plastov\u00e1, ocelov\u00e1 nebo hlin\u00edkov\u00e1 okna, dve\u0159e sk\u0159\u00edn\u00ed, sprchov\u00e9 dve\u0159e, prahy a mnoho dal\u0161\u00edho.<\/span><\/p>\t\t\t\t\t\t<\/div>\n\t\t\t\t<\/div>\n\t\t\t\t\t<\/div>\n\t\t<\/div>\n\t\t\t\t\t<\/div>\n\t\t<\/section>\n\t\t\t\t<section class=\"elementor-section elementor-top-section elementor-element elementor-element-6d2aea7 elementor-section-boxed elementor-section-height-default elementor-section-height-default\" data-id=\"6d2aea7\" data-element_type=\"section\">\n\t\t\t\t\t\t<div class=\"elementor-container elementor-column-gap-default\">\n\t\t\t\t\t<div class=\"elementor-column elementor-col-100 elementor-top-column elementor-element elementor-element-6a8f5bfe\" data-id=\"6a8f5bfe\" data-element_type=\"column\">\n\t\t\t<div class=\"elementor-widget-wrap elementor-element-populated\">\n\t\t\t\t\t\t<div class=\"elementor-element elementor-element-402d2046 elementor-widget elementor-widget-accordion\" data-id=\"402d2046\" data-element_type=\"widget\" data-widget_type=\"accordion.default\">\n\t\t\t\t<div class=\"elementor-widget-container\">\n\t\t\t<style>\/*! elementor - v3.21.0 - 18-04-2024 *\/\n.elementor-accordion{text-align:start}.elementor-accordion .elementor-accordion-item{border:1px solid #d5d8dc}.elementor-accordion .elementor-accordion-item+.elementor-accordion-item{border-top:none}.elementor-accordion .elementor-tab-title{margin:0;padding:15px 20px;font-weight:700;line-height:1;cursor:pointer;outline:none}.elementor-accordion .elementor-tab-title .elementor-accordion-icon{display:inline-block;width:1.5em}.elementor-accordion .elementor-tab-title .elementor-accordion-icon svg{width:1em;height:1em}.elementor-accordion .elementor-tab-title .elementor-accordion-icon.elementor-accordion-icon-right{float:right;text-align:right}.elementor-accordion .elementor-tab-title .elementor-accordion-icon.elementor-accordion-icon-left{float:left;text-align:left}.elementor-accordion .elementor-tab-title .elementor-accordion-icon .elementor-accordion-icon-closed{display:block}.elementor-accordion .elementor-tab-title .elementor-accordion-icon .elementor-accordion-icon-opened,.elementor-accordion .elementor-tab-title.elementor-active .elementor-accordion-icon-closed{display:none}.elementor-accordion .elementor-tab-title.elementor-active .elementor-accordion-icon-opened{display:block}.elementor-accordion .elementor-tab-content{display:none;padding:15px 20px;border-top:1px solid #d5d8dc}@media (max-width:767px){.elementor-accordion .elementor-tab-title{padding:12px 15px}.elementor-accordion .elementor-tab-title .elementor-accordion-icon{width:1.2em}.elementor-accordion .elementor-tab-content{padding:7px 15px}}.e-con-inner>.elementor-widget-accordion,.e-con>.elementor-widget-accordion{width:var(--container-widget-width);--flex-grow:var(--container-widget-flex-grow)}<\/style>\t\t<div class=\"elementor-accordion\">\n\t\t\t\t\t\t\t<div class=\"elementor-accordion-item\">\n\t\t\t\t\t<div id=\"elementor-tab-title-1071\" class=\"elementor-tab-title\" data-tab=\"1\" role=\"button\" aria-controls=\"elementor-tab-content-1071\" aria-expanded=\"false\">\n\t\t\t\t\t\t\t\t\t\t\t\t\t<span class=\"elementor-accordion-icon elementor-accordion-icon-left\" aria-hidden=\"true\">\n\t\t\t\t\t\t\t\t\t\t\t\t\t\t\t<span class=\"elementor-accordion-icon-closed\"><i class=\"fas fa-chevron-down\"><\/i><\/span>\n\t\t\t\t\t\t\t\t<span class=\"elementor-accordion-icon-opened\"><i class=\"fas fa-chevron-up\"><\/i><\/span>\n\t\t\t\t\t\t\t\t\t\t\t\t\t\t<\/span>\n\t\t\t\t\t\t\t\t\t\t\t\t<a class=\"elementor-accordion-title\" tabindex=\"0\">V\u00fdhody a vlastnosti:<\/a>\n\t\t\t\t\t<\/div>\n\t\t\t\t\t<div id=\"elementor-tab-content-1071\" class=\"elementor-tab-content elementor-clearfix\" data-tab=\"1\" role=\"region\" aria-labelledby=\"elementor-tab-title-1071\"><p>&#8211; udr\u017euje teplo v m\u00edstnosti<br \/>&#8211; chr\u00e1n\u00ed v\u00e1\u0161 domov p\u0159ed chladem, pr\u016fvanem, z\u00e1pachem a prachem<br \/>&#8211; m\u00edrn\u011b tlum\u00ed vn\u011bj\u0161\u00ed hluk a dun\u011bn\u00ed<br \/>&#8211; zabra\u0148uje vstupu mal\u00fdch zv\u00ed\u0159at a hmyzu<br \/>&#8211; vhodn\u00e9 pro mont\u00e1\u017e na dve\u0159e a okna (tak\u00e9 na sk\u0159\u00edn\u011b, sprchy, prahy atd.)<br \/>&#8211; lze p\u0159ipevnit na d\u0159ev\u011bn\u00e9, plastov\u00e9, sklen\u011bn\u00e9, ocelov\u00e9 nebo hlin\u00edkov\u00e9 povrchy<\/p><p><strong>Materi\u00e1l: <\/strong>silikon<br \/><strong>Barva <\/strong>: transparentn\u00ed<br \/><strong>D\u00e9lka:<\/strong>\u00a05 m<br \/><strong>\u0160\u00ed\u0159ka:<\/strong>\u00a045 mm<\/p><\/div>\n\t\t\t\t<\/div>\n\t\t\t\t\t\t\t\t<\/div>\n\t\t\t\t<\/div>\n\t\t\t\t<\/div>\n\t\t\t\t\t<\/div>\n\t\t<\/div>\n\t\t\t\t\t<\/div>\n\t\t<\/section>\n\t\t\t\t<\/div>\n\t\t","protected":false},"excerpt":{"rendered":"<p><strong>Chr\u00e1n\u00ed p\u0159ed po\u010das\u00edm, zabra\u0148uje \u00faniku tepla a zat\u00e9k\u00e1n\u00ed vody, nepropust\u00ed prach a hmyz a sni\u017euje zvuk a hluk zven\u010d\u00ed.\u00a0<\/strong><\/p>\n<p>P\u00e1ska je vhodn\u00e1 pro instalaci na b\u011b\u017en\u00e9 nebo posuvn\u00e9 dve\u0159e a okna (d\u0159ev\u011bn\u00e1, plastov\u00e1, ocelov\u00e1 nebo hlin\u00edkov\u00e1), dve\u0159e sk\u0159\u00edn\u00ed, sprchov\u00e9 dve\u0159e atd.<\/p>\n","protected":false},"featured_media":214339,"comment_status":"closed","ping_status":"closed","template":"","meta":[],"product_cat":[564,68,626],"product_tag":[918,919,920,921,922,923,924],"aioseo_notices":[],"_links":{"self":[{"href":"https:\/\/spinlama.com\/cz\/wp-json\/wp\/v2\/product\/214370"}],"collection":[{"href":"https:\/\/spinlama.com\/cz\/wp-json\/wp\/v2\/product"}],"about":[{"href":"https:\/\/spinlama.com\/cz\/wp-json\/wp\/v2\/types\/product"}],"replies":[{"embeddable":true,"href":"https:\/\/spinlama.com\/cz\/wp-json\/wp\/v2\/comments?post=214370"}],"version-history":[{"count":7,"href":"https:\/\/spinlama.com\/cz\/wp-json\/wp\/v2\/product\/214370\/revisions"}],"predecessor-version":[{"id":214377,"href":"https:\/\/spinlama.com\/cz\/wp-json\/wp\/v2\/product\/214370\/revisions\/214377"}],"wp:featuredmedia":[{"embeddable":true,"href":"https:\/\/spinlama.com\/cz\/wp-json\/wp\/v2\/media\/214339"}],"wp:attachment":[{"href":"https:\/\/spinlama.com\/cz\/wp-json\/wp\/v2\/media?parent=214370"}],"wp:term":[{"taxonomy":"product_cat","embeddable":true,"href":"https:\/\/spinlama.com\/cz\/wp-json\/wp\/v2\/product_cat?post=214370"},{"taxonomy":"product_tag","embeddable":true,"href":"https:\/\/spinlama.com\/cz\/wp-json\/wp\/v2\/product_tag?post=214370"}],"curies":[{"name":"wp","href":"https:\/\/api.w.org\/{rel}","templated":true}]}}