{"id":217562,"date":"2024-02-15T13:45:24","date_gmt":"2024-02-15T12:45:24","guid":{"rendered":"https:\/\/spinlama.com\/cz\/?post_type=product&#038;p=217562"},"modified":"2024-09-26T10:17:50","modified_gmt":"2024-09-26T08:17:50","slug":"heating-lunch-box","status":"publish","type":"product","link":"https:\/\/spinlama.com\/cz\/v\u00fdrobek\/heating-lunch-box\/","title":{"rendered":"Heating Lunch Box &#8211; Elektrick\u00fd termo kontejner"},"content":{"rendered":"\t\t<div data-elementor-type=\"product-post\" data-elementor-id=\"217562\" class=\"elementor elementor-217562\" data-elementor-post-type=\"product\">\n\t\t\t\t\t\t<section class=\"elementor-section elementor-top-section elementor-element elementor-element-258fbd5 elementor-section-boxed elementor-section-height-default elementor-section-height-default\" data-id=\"258fbd5\" data-element_type=\"section\">\n\t\t\t\t\t\t<div class=\"elementor-container elementor-column-gap-default\">\n\t\t\t\t\t<div class=\"elementor-column elementor-col-50 elementor-top-column elementor-element elementor-element-3d5f9e4\" data-id=\"3d5f9e4\" data-element_type=\"column\">\n\t\t\t<div class=\"elementor-widget-wrap elementor-element-populated\">\n\t\t\t\t\t\t<div class=\"elementor-element elementor-element-26e18579 elementor-align-left elementor-icon-list--layout-traditional elementor-list-item-link-full_width elementor-widget elementor-widget-icon-list\" data-id=\"26e18579\" data-element_type=\"widget\" data-widget_type=\"icon-list.default\">\n\t\t\t\t<div class=\"elementor-widget-container\">\n\t\t\t<link rel=\"stylesheet\" href=\"https:\/\/spinlama.com\/cz\/wp-content\/plugins\/elementor\/assets\/css\/widget-icon-list.min.css\">\t\t<ul class=\"elementor-icon-list-items\">\n\t\t\t\t\t\t\t<li class=\"elementor-icon-list-item\">\n\t\t\t\t\t\t\t\t\t\t\t<span class=\"elementor-icon-list-icon\">\n\t\t\t\t\t\t\t<i aria-hidden=\"true\" class=\"fas fa-arrow-right\"><\/i>\t\t\t\t\t\t<\/span>\n\t\t\t\t\t\t\t\t\t\t<span class=\"elementor-icon-list-text\">Vychutnejte si trvale tepl\u00e1 j\u00eddla<\/span>\n\t\t\t\t\t\t\t\t\t<\/li>\n\t\t\t\t\t\t\t\t<li class=\"elementor-icon-list-item\">\n\t\t\t\t\t\t\t\t\t\t\t<span class=\"elementor-icon-list-icon\">\n\t\t\t\t\t\t\t<i aria-hidden=\"true\" class=\"fas fa-arrow-right\"><\/i>\t\t\t\t\t\t<\/span>\n\t\t\t\t\t\t\t\t\t\t<span class=\"elementor-icon-list-text\">2 vnit\u0159n\u00ed n\u00e1doby na odd\u011blen\u00ed potravin<\/span>\n\t\t\t\t\t\t\t\t\t<\/li>\n\t\t\t\t\t\t\t\t<li class=\"elementor-icon-list-item\">\n\t\t\t\t\t\t\t\t\t\t\t<span class=\"elementor-icon-list-icon\">\n\t\t\t\t\t\t\t<i aria-hidden=\"true\" class=\"fas fa-arrow-right\"><\/i>\t\t\t\t\t\t<\/span>\n\t\t\t\t\t\t\t\t\t\t<span class=\"elementor-icon-list-text\">Tepl\u00e9 j\u00eddlo i bez mikrovlnn\u00e9 trouby<\/span>\n\t\t\t\t\t\t\t\t\t<\/li>\n\t\t\t\t\t\t\t\t<li class=\"elementor-icon-list-item\">\n\t\t\t\t\t\t\t\t\t\t\t<span class=\"elementor-icon-list-icon\">\n\t\t\t\t\t\t\t<i aria-hidden=\"true\" class=\"fas fa-arrow-right\"><\/i>\t\t\t\t\t\t<\/span>\n\t\t\t\t\t\t\t\t\t\t<span class=\"elementor-icon-list-text\">Se l\u017e\u00edc\u00ed v cen\u011b<\/span>\n\t\t\t\t\t\t\t\t\t<\/li>\n\t\t\t\t\t\t\t\t<li class=\"elementor-icon-list-item\">\n\t\t\t\t\t\t\t\t\t\t\t<span class=\"elementor-icon-list-icon\">\n\t\t\t\t\t\t\t<i aria-hidden=\"true\" class=\"fas fa-arrow-right\"><\/i>\t\t\t\t\t\t<\/span>\n\t\t\t\t\t\t\t\t\t\t<span class=\"elementor-icon-list-text\">Umyjete jej v my\u010dce na n\u00e1dob\u00ed<\/span>\n\t\t\t\t\t\t\t\t\t<\/li>\n\t\t\t\t\t\t\t\t<li class=\"elementor-icon-list-item\">\n\t\t\t\t\t\t\t\t\t\t\t<span class=\"elementor-icon-list-icon\">\n\t\t\t\t\t\t\t<i aria-hidden=\"true\" class=\"fas fa-arrow-right\"><\/i>\t\t\t\t\t\t<\/span>\n\t\t\t\t\t\t\t\t\t\t<span class=\"elementor-icon-list-text\">Dokonale t\u011bsn\u00ed a nepropou\u0161t\u00ed<\/span>\n\t\t\t\t\t\t\t\t\t<\/li>\n\t\t\t\t\t\t<\/ul>\n\t\t\t\t<\/div>\n\t\t\t\t<\/div>\n\t\t\t\t\t<\/div>\n\t\t<\/div>\n\t\t\t\t<div class=\"elementor-column elementor-col-50 elementor-top-column elementor-element elementor-element-5b371b0d\" data-id=\"5b371b0d\" data-element_type=\"column\">\n\t\t\t<div class=\"elementor-widget-wrap elementor-element-populated\">\n\t\t\t\t\t\t<div class=\"elementor-element elementor-element-2946c888 elementor-widget elementor-widget-image\" data-id=\"2946c888\" data-element_type=\"widget\" data-widget_type=\"image.default\">\n\t\t\t\t<div class=\"elementor-widget-container\">\n\t\t\t<style>\/*! elementor - v3.21.0 - 18-04-2024 *\/\n.elementor-widget-image{text-align:center}.elementor-widget-image a{display:inline-block}.elementor-widget-image a img[src$=\".svg\"]{width:48px}.elementor-widget-image img{vertical-align:middle;display:inline-block}<\/style>\t\t\t\t\t\t\t\t\t\t<img fetchpriority=\"high\" decoding=\"async\" width=\"800\" height=\"800\" src=\"https:\/\/spinlama.com\/cz\/wp-content\/uploads\/sites\/19\/2024\/02\/Lunch_Box_09-1-800x800.jpg\" class=\"attachment-large size-large wp-image-217545\" alt=\"\" srcset=\"https:\/\/spinlama.com\/cz\/wp-content\/uploads\/sites\/19\/2024\/02\/Lunch_Box_09-1-800x800.jpg 800w, https:\/\/spinlama.com\/cz\/wp-content\/uploads\/sites\/19\/2024\/02\/Lunch_Box_09-1-280x280.jpg 280w, https:\/\/spinlama.com\/cz\/wp-content\/uploads\/sites\/19\/2024\/02\/Lunch_Box_09-1-768x768.jpg 768w, https:\/\/spinlama.com\/cz\/wp-content\/uploads\/sites\/19\/2024\/02\/Lunch_Box_09-1-600x600.jpg 600w, https:\/\/spinlama.com\/cz\/wp-content\/uploads\/sites\/19\/2024\/02\/Lunch_Box_09-1-100x100.jpg 100w, https:\/\/spinlama.com\/cz\/wp-content\/uploads\/sites\/19\/2024\/02\/Lunch_Box_09-1.jpg 1080w\" sizes=\"(max-width: 800px) 100vw, 800px\" \/>\t\t\t\t\t\t\t\t\t\t\t\t\t<\/div>\n\t\t\t\t<\/div>\n\t\t\t\t\t<\/div>\n\t\t<\/div>\n\t\t\t\t\t<\/div>\n\t\t<\/section>\n\t\t\t\t<section class=\"elementor-section elementor-top-section elementor-element elementor-element-22ffcd3a elementor-reverse-mobile elementor-section-boxed elementor-section-height-default elementor-section-height-default\" data-id=\"22ffcd3a\" data-element_type=\"section\">\n\t\t\t\t\t\t<div class=\"elementor-container elementor-column-gap-default\">\n\t\t\t\t\t<div class=\"elementor-column elementor-col-50 elementor-top-column elementor-element elementor-element-704f6f8\" data-id=\"704f6f8\" data-element_type=\"column\">\n\t\t\t<div class=\"elementor-widget-wrap elementor-element-populated\">\n\t\t\t\t\t\t<div class=\"elementor-element elementor-element-7b3a8bb4 elementor-widget elementor-widget-image\" data-id=\"7b3a8bb4\" data-element_type=\"widget\" data-widget_type=\"image.default\">\n\t\t\t\t<div class=\"elementor-widget-container\">\n\t\t\t\t\t\t\t\t\t\t\t\t\t<img decoding=\"async\" width=\"800\" height=\"800\" src=\"https:\/\/spinlama.com\/cz\/wp-content\/uploads\/sites\/19\/2024\/02\/Lunch_Box_10-1-800x800.jpg\" class=\"attachment-large size-large wp-image-217546\" alt=\"\" srcset=\"https:\/\/spinlama.com\/cz\/wp-content\/uploads\/sites\/19\/2024\/02\/Lunch_Box_10-1-800x800.jpg 800w, https:\/\/spinlama.com\/cz\/wp-content\/uploads\/sites\/19\/2024\/02\/Lunch_Box_10-1-280x280.jpg 280w, https:\/\/spinlama.com\/cz\/wp-content\/uploads\/sites\/19\/2024\/02\/Lunch_Box_10-1-768x768.jpg 768w, https:\/\/spinlama.com\/cz\/wp-content\/uploads\/sites\/19\/2024\/02\/Lunch_Box_10-1-600x600.jpg 600w, https:\/\/spinlama.com\/cz\/wp-content\/uploads\/sites\/19\/2024\/02\/Lunch_Box_10-1-100x100.jpg 100w, https:\/\/spinlama.com\/cz\/wp-content\/uploads\/sites\/19\/2024\/02\/Lunch_Box_10-1.jpg 1080w\" sizes=\"(max-width: 800px) 100vw, 800px\" \/>\t\t\t\t\t\t\t\t\t\t\t\t\t<\/div>\n\t\t\t\t<\/div>\n\t\t\t\t\t<\/div>\n\t\t<\/div>\n\t\t\t\t<div class=\"elementor-column elementor-col-50 elementor-top-column elementor-element elementor-element-5e4d1a4c\" data-id=\"5e4d1a4c\" data-element_type=\"column\">\n\t\t\t<div class=\"elementor-widget-wrap elementor-element-populated\">\n\t\t\t\t\t\t<div class=\"elementor-element elementor-element-202d07ba elementor-widget elementor-widget-image\" data-id=\"202d07ba\" data-element_type=\"widget\" data-widget_type=\"image.default\">\n\t\t\t\t<div class=\"elementor-widget-container\">\n\t\t\t\t\t\t\t\t\t\t\t\t\t<img decoding=\"async\" width=\"800\" height=\"800\" src=\"https:\/\/spinlama.com\/cz\/wp-content\/uploads\/sites\/19\/2024\/02\/Lunch_Box_07-1-800x800.jpg\" class=\"attachment-large size-large wp-image-217547\" alt=\"\" srcset=\"https:\/\/spinlama.com\/cz\/wp-content\/uploads\/sites\/19\/2024\/02\/Lunch_Box_07-1-800x800.jpg 800w, https:\/\/spinlama.com\/cz\/wp-content\/uploads\/sites\/19\/2024\/02\/Lunch_Box_07-1-280x280.jpg 280w, https:\/\/spinlama.com\/cz\/wp-content\/uploads\/sites\/19\/2024\/02\/Lunch_Box_07-1-768x768.jpg 768w, https:\/\/spinlama.com\/cz\/wp-content\/uploads\/sites\/19\/2024\/02\/Lunch_Box_07-1-600x600.jpg 600w, https:\/\/spinlama.com\/cz\/wp-content\/uploads\/sites\/19\/2024\/02\/Lunch_Box_07-1-100x100.jpg 100w, https:\/\/spinlama.com\/cz\/wp-content\/uploads\/sites\/19\/2024\/02\/Lunch_Box_07-1.jpg 1080w\" sizes=\"(max-width: 800px) 100vw, 800px\" \/>\t\t\t\t\t\t\t\t\t\t\t\t\t<\/div>\n\t\t\t\t<\/div>\n\t\t\t\t\t<\/div>\n\t\t<\/div>\n\t\t\t\t\t<\/div>\n\t\t<\/section>\n\t\t\t\t<section class=\"elementor-section elementor-top-section elementor-element elementor-element-663b7aeb elementor-reverse-mobile elementor-section-boxed elementor-section-height-default elementor-section-height-default\" data-id=\"663b7aeb\" data-element_type=\"section\">\n\t\t\t\t\t\t<div class=\"elementor-container elementor-column-gap-default\">\n\t\t\t\t\t<div class=\"elementor-column elementor-col-50 elementor-top-column elementor-element elementor-element-2153c01d\" data-id=\"2153c01d\" data-element_type=\"column\">\n\t\t\t<div class=\"elementor-widget-wrap elementor-element-populated\">\n\t\t\t\t\t\t<div class=\"elementor-element elementor-element-36f78e5e elementor-widget elementor-widget-image\" data-id=\"36f78e5e\" data-element_type=\"widget\" data-widget_type=\"image.default\">\n\t\t\t\t<div class=\"elementor-widget-container\">\n\t\t\t\t\t\t\t\t\t\t\t\t\t<img loading=\"lazy\" decoding=\"async\" width=\"800\" height=\"800\" src=\"https:\/\/spinlama.com\/cz\/wp-content\/uploads\/sites\/19\/2024\/02\/Lunch_Box_19-1-800x800.jpg\" class=\"attachment-large size-large wp-image-217548\" alt=\"\" srcset=\"https:\/\/spinlama.com\/cz\/wp-content\/uploads\/sites\/19\/2024\/02\/Lunch_Box_19-1-800x800.jpg 800w, https:\/\/spinlama.com\/cz\/wp-content\/uploads\/sites\/19\/2024\/02\/Lunch_Box_19-1-280x280.jpg 280w, https:\/\/spinlama.com\/cz\/wp-content\/uploads\/sites\/19\/2024\/02\/Lunch_Box_19-1-768x768.jpg 768w, https:\/\/spinlama.com\/cz\/wp-content\/uploads\/sites\/19\/2024\/02\/Lunch_Box_19-1-600x600.jpg 600w, https:\/\/spinlama.com\/cz\/wp-content\/uploads\/sites\/19\/2024\/02\/Lunch_Box_19-1-100x100.jpg 100w, https:\/\/spinlama.com\/cz\/wp-content\/uploads\/sites\/19\/2024\/02\/Lunch_Box_19-1.jpg 1080w\" sizes=\"(max-width: 800px) 100vw, 800px\" \/>\t\t\t\t\t\t\t\t\t\t\t\t\t<\/div>\n\t\t\t\t<\/div>\n\t\t\t\t\t<\/div>\n\t\t<\/div>\n\t\t\t\t<div class=\"elementor-column elementor-col-50 elementor-top-column elementor-element elementor-element-4fbd31c9\" data-id=\"4fbd31c9\" data-element_type=\"column\">\n\t\t\t<div class=\"elementor-widget-wrap elementor-element-populated\">\n\t\t\t\t\t\t<div class=\"elementor-element elementor-element-13035fa1 elementor-widget elementor-widget-shortcode\" data-id=\"13035fa1\" data-element_type=\"widget\" data-widget_type=\"shortcode.default\">\n\t\t\t\t<div class=\"elementor-widget-container\">\n\t\t\t\t\t<div class=\"elementor-shortcode\"><div style=\"position: relative; padding-top: 100%;\"><iframe src=\"https:\/\/iframe.mediadelivery.net\/embed\/53604\/a7fd987b-9145-4998-a8d1-9e5a32bd1619?autoplay=true&loop=true&muted=true\" loading=\"lazy\" style=\"border: none; position: absolute; top: 0; height: 100%; width: 100%;\" allow=\"accelerometer; gyroscope; autoplay; encrypted-media; picture-in-picture;\" allowfullscreen=\"true\"><\/iframe><\/div><\/div>\n\t\t\t\t<\/div>\n\t\t\t\t<\/div>\n\t\t\t\t\t<\/div>\n\t\t<\/div>\n\t\t\t\t\t<\/div>\n\t\t<\/section>\n\t\t\t\t<section class=\"elementor-section elementor-top-section elementor-element elementor-element-591dd2e8 elementor-section-boxed elementor-section-height-default elementor-section-height-default\" data-id=\"591dd2e8\" data-element_type=\"section\">\n\t\t\t\t\t\t<div class=\"elementor-container elementor-column-gap-default\">\n\t\t\t\t\t<div class=\"elementor-column elementor-col-100 elementor-top-column elementor-element elementor-element-4f772c6e\" data-id=\"4f772c6e\" data-element_type=\"column\">\n\t\t\t<div class=\"elementor-widget-wrap elementor-element-populated\">\n\t\t\t\t\t\t<div class=\"elementor-element elementor-element-6b96e3a3 elementor-widget elementor-widget-accordion\" data-id=\"6b96e3a3\" data-element_type=\"widget\" data-widget_type=\"accordion.default\">\n\t\t\t\t<div class=\"elementor-widget-container\">\n\t\t\t<style>\/*! elementor - v3.21.0 - 18-04-2024 *\/\n.elementor-accordion{text-align:start}.elementor-accordion .elementor-accordion-item{border:1px solid #d5d8dc}.elementor-accordion .elementor-accordion-item+.elementor-accordion-item{border-top:none}.elementor-accordion .elementor-tab-title{margin:0;padding:15px 20px;font-weight:700;line-height:1;cursor:pointer;outline:none}.elementor-accordion .elementor-tab-title .elementor-accordion-icon{display:inline-block;width:1.5em}.elementor-accordion .elementor-tab-title .elementor-accordion-icon svg{width:1em;height:1em}.elementor-accordion .elementor-tab-title .elementor-accordion-icon.elementor-accordion-icon-right{float:right;text-align:right}.elementor-accordion .elementor-tab-title .elementor-accordion-icon.elementor-accordion-icon-left{float:left;text-align:left}.elementor-accordion .elementor-tab-title .elementor-accordion-icon .elementor-accordion-icon-closed{display:block}.elementor-accordion .elementor-tab-title .elementor-accordion-icon .elementor-accordion-icon-opened,.elementor-accordion .elementor-tab-title.elementor-active .elementor-accordion-icon-closed{display:none}.elementor-accordion .elementor-tab-title.elementor-active .elementor-accordion-icon-opened{display:block}.elementor-accordion .elementor-tab-content{display:none;padding:15px 20px;border-top:1px solid #d5d8dc}@media (max-width:767px){.elementor-accordion .elementor-tab-title{padding:12px 15px}.elementor-accordion .elementor-tab-title .elementor-accordion-icon{width:1.2em}.elementor-accordion .elementor-tab-content{padding:7px 15px}}.e-con-inner>.elementor-widget-accordion,.e-con>.elementor-widget-accordion{width:var(--container-widget-width);--flex-grow:var(--container-widget-flex-grow)}<\/style>\t\t<div class=\"elementor-accordion\">\n\t\t\t\t\t\t\t<div class=\"elementor-accordion-item\">\n\t\t\t\t\t<div id=\"elementor-tab-title-1801\" class=\"elementor-tab-title\" data-tab=\"1\" role=\"button\" aria-controls=\"elementor-tab-content-1801\" aria-expanded=\"false\">\n\t\t\t\t\t\t\t\t\t\t\t\t\t<span class=\"elementor-accordion-icon elementor-accordion-icon-left\" aria-hidden=\"true\">\n\t\t\t\t\t\t\t\t\t\t\t\t\t\t\t<span class=\"elementor-accordion-icon-closed\"><i class=\"fas fa-chevron-down\"><\/i><\/span>\n\t\t\t\t\t\t\t\t<span class=\"elementor-accordion-icon-opened\"><i class=\"fas fa-chevron-up\"><\/i><\/span>\n\t\t\t\t\t\t\t\t\t\t\t\t\t\t<\/span>\n\t\t\t\t\t\t\t\t\t\t\t\t<a class=\"elementor-accordion-title\" tabindex=\"0\">Vlastnosti <\/a>\n\t\t\t\t\t<\/div>\n\t\t\t\t\t<div id=\"elementor-tab-content-1801\" class=\"elementor-tab-content elementor-clearfix\" data-tab=\"1\" role=\"region\" aria-labelledby=\"elementor-tab-title-1801\"><p><strong>Rozm\u011bry:<\/strong> 23,5 cm x 16,5 cm x 11 cm<\/p><p><strong>Materi\u00e1l:<\/strong> plast<\/p><p><strong>Barva<\/strong>: modr\u00e1, r\u016f\u017eov\u00e1<\/p><p><strong>Objem<\/strong>: 1 litr<\/p><p><strong>Oh\u0159ev<\/strong>: a\u017e 56 \u00b0C<\/p><p><strong>Balen\u00ed obsahuje: <\/strong><\/p><ul><li>v\u00ed\u010dko<\/li><li>extern\u00ed oh\u0159\u00edvac\u00ed n\u00e1dobu<\/li><li>2 vnit\u0159n\u00ed vyj\u00edmateln\u00e9 n\u00e1doby<\/li><li>l\u017e\u00edce<\/li><li>u\u017eivatelsk\u00e1 p\u0159\u00edru\u010dka<\/li><li>nap\u00e1jec\u00ed kabel<\/li><\/ul><p><strong>Nap\u00e1jec\u00ed kabel do auta nen\u00ed sou\u010d\u00e1st\u00ed dod\u00e1vky.<\/strong><\/p><p><img loading=\"lazy\" decoding=\"async\" class=\"alignnone wp-image-343039\" src=\"https:\/\/vivozebra.si\/wp-content\/uploads\/sites\/11\/2024\/01\/Lunch_Box_24-800x597.jpg\" alt=\"\" width=\"350\" height=\"261\" \/><\/p><\/div>\n\t\t\t\t<\/div>\n\t\t\t\t\t\t\t<div class=\"elementor-accordion-item\">\n\t\t\t\t\t<div id=\"elementor-tab-title-1802\" class=\"elementor-tab-title\" data-tab=\"2\" role=\"button\" aria-controls=\"elementor-tab-content-1802\" aria-expanded=\"false\">\n\t\t\t\t\t\t\t\t\t\t\t\t\t<span class=\"elementor-accordion-icon elementor-accordion-icon-left\" aria-hidden=\"true\">\n\t\t\t\t\t\t\t\t\t\t\t\t\t\t\t<span class=\"elementor-accordion-icon-closed\"><i class=\"fas fa-chevron-down\"><\/i><\/span>\n\t\t\t\t\t\t\t\t<span class=\"elementor-accordion-icon-opened\"><i class=\"fas fa-chevron-up\"><\/i><\/span>\n\t\t\t\t\t\t\t\t\t\t\t\t\t\t<\/span>\n\t\t\t\t\t\t\t\t\t\t\t\t<a class=\"elementor-accordion-title\" tabindex=\"0\">N\u00e1vod k pou\u017eit\u00ed<\/a>\n\t\t\t\t\t<\/div>\n\t\t\t\t\t<div id=\"elementor-tab-content-1802\" class=\"elementor-tab-content elementor-clearfix\" data-tab=\"2\" role=\"region\" aria-labelledby=\"elementor-tab-title-1802\"><ul><li>Vlo\u017ete j\u00eddlo do krabi\u010dky na sva\u010dinu. V p\u0159\u00edpad\u011b pot\u0159eby p\u0159idejte trochu vody, aby se j\u00eddlo b\u011bhem oh\u0159\u00edv\u00e1n\u00ed nep\u0159ichytilo ke dnu n\u00e1doby.<\/li><li>Zapn\u011bte oh\u0159\u00edvac\u00ed p\u00e1nev a otev\u0159ete ventila\u010dn\u00ed otvor, aby mohla b\u011bhem oh\u0159\u00edv\u00e1n\u00ed unikat p\u00e1ra. Doporu\u010den\u00e1 doba oh\u0159evu potravin je 10 a\u017e 30 minut. Nep\u0159ekra\u010dujte dobu oh\u0159evu!<\/li><li>Jakmile je j\u00eddlo oh\u0159\u00e1t\u00e9, vypn\u011bte nap\u00e1jen\u00ed krabi\u010dky na ob\u011bd. Zav\u0159ete ventilaci p\u00e1ry, abyste zabr\u00e1nili \u00faniku tepla.<\/li><\/ul><p><strong>\u010ci\u0161t\u011bn\u00ed<\/strong>: v\u00ed\u010dko a vnit\u0159n\u00ed n\u00e1doby lze m\u00fdt v my\u010dce na n\u00e1dob\u00ed. Vn\u011bj\u0161\u00ed stranu n\u00e1doby ot\u0159ete vlhk\u00fdm had\u0159\u00edkem. Vn\u011bj\u0161\u00ed n\u00e1dobu nelze m\u00fdt v my\u010dce na n\u00e1dob\u00ed!<\/p><p><img loading=\"lazy\" decoding=\"async\" class=\"alignnone wp-image-218597\" src=\"https:\/\/spinlama.com\/cz\/wp-content\/uploads\/sites\/19\/2024\/03\/Lunch_Box_20-800x800.jpg\" alt=\"\" width=\"500\" height=\"500\" srcset=\"https:\/\/spinlama.com\/cz\/wp-content\/uploads\/sites\/19\/2024\/03\/Lunch_Box_20-800x800.jpg 800w, https:\/\/spinlama.com\/cz\/wp-content\/uploads\/sites\/19\/2024\/03\/Lunch_Box_20-280x280.jpg 280w, https:\/\/spinlama.com\/cz\/wp-content\/uploads\/sites\/19\/2024\/03\/Lunch_Box_20-768x768.jpg 768w, https:\/\/spinlama.com\/cz\/wp-content\/uploads\/sites\/19\/2024\/03\/Lunch_Box_20-600x600.jpg 600w, https:\/\/spinlama.com\/cz\/wp-content\/uploads\/sites\/19\/2024\/03\/Lunch_Box_20-100x100.jpg 100w, https:\/\/spinlama.com\/cz\/wp-content\/uploads\/sites\/19\/2024\/03\/Lunch_Box_20.jpg 1080w\" sizes=\"(max-width: 500px) 100vw, 500px\" \/><\/p><\/div>\n\t\t\t\t<\/div>\n\t\t\t\t\t\t\t<div class=\"elementor-accordion-item\">\n\t\t\t\t\t<div id=\"elementor-tab-title-1803\" class=\"elementor-tab-title\" data-tab=\"3\" role=\"button\" aria-controls=\"elementor-tab-content-1803\" aria-expanded=\"false\">\n\t\t\t\t\t\t\t\t\t\t\t\t\t<span class=\"elementor-accordion-icon elementor-accordion-icon-left\" aria-hidden=\"true\">\n\t\t\t\t\t\t\t\t\t\t\t\t\t\t\t<span class=\"elementor-accordion-icon-closed\"><i class=\"fas fa-chevron-down\"><\/i><\/span>\n\t\t\t\t\t\t\t\t<span class=\"elementor-accordion-icon-opened\"><i class=\"fas fa-chevron-up\"><\/i><\/span>\n\t\t\t\t\t\t\t\t\t\t\t\t\t\t<\/span>\n\t\t\t\t\t\t\t\t\t\t\t\t<a class=\"elementor-accordion-title\" tabindex=\"0\">Varov\u00e1n\u00ed<\/a>\n\t\t\t\t\t<\/div>\n\t\t\t\t\t<div id=\"elementor-tab-content-1803\" class=\"elementor-tab-content elementor-clearfix\" data-tab=\"3\" role=\"region\" aria-labelledby=\"elementor-tab-title-1803\"><ul><li>Vn\u011bj\u0161\u00ed n\u00e1doba nen\u00ed vhodn\u00e1 pro myt\u00ed v my\u010dce n\u00e1dob\u00ed!<\/li><li>Kdy\u017e je my\u010dka p\u0159ipojena k nap\u00e1jen\u00ed, mus\u00ed b\u00fdt v\u017edy otev\u0159en\u00fd otvor pro odvod p\u00e1ry. V opa\u010dn\u00e9m p\u0159\u00edpad\u011b m\u016f\u017ee doj\u00edt k deformaci nebo roztaven\u00ed n\u00e1doby v d\u016fsledku p\u0159\u00edli\u0161 vysok\u00e9 teploty.<\/li><li>N\u00e1doba by m\u011bla b\u00fdt p\u0159ipojena k nap\u00e1jec\u00edmu kabelu pouze po dobu pot\u0159ebnou k oh\u0159evu pokrmu a nikdy ne d\u00e9le ne\u017e 30 min.<\/li><li>Jakmile je j\u00eddlo oh\u0159\u00e1t\u00e9, odpojte sva\u010dinov\u00fd box od zdroje nap\u00e1jen\u00ed!<\/li><li>Pokud dojde k po\u0161kozen\u00ed nap\u00e1jec\u00edho kabelu, ihned jej p\u0159esta\u0148te pou\u017e\u00edvat.<\/li><li>Ob\u011bdov\u00fd box nen\u00ed vhodn\u00fd pro pou\u017eit\u00ed v mikrovlnn\u00e9 troub\u011b.<\/li><li>Nezap\u00ednejte box na ob\u011bd, pokud uvnit\u0159 nen\u00ed \u017e\u00e1dn\u00e9 j\u00eddlo.<\/li><li>Pokud se box na ob\u011bd za\u010dne b\u011bhem pou\u017e\u00edv\u00e1n\u00ed p\u0159eh\u0159\u00edvat, okam\u017eit\u011b jej p\u0159esta\u0148te pou\u017e\u00edvat a p\u0159ed dal\u0161\u00edm pou\u017e\u00edv\u00e1n\u00edm jej nechte vychladnout.<\/li><li>Nespr\u00e1vn\u00e9 pou\u017eit\u00ed, nap\u0159\u00edklad oh\u0159\u00edv\u00e1n\u00ed pr\u00e1zdn\u00e9ho boxu, pou\u017eit\u00ed v mikrovlnn\u00e9 troub\u011b nebo p\u0159\u00edli\u0161 dlouh\u00e9 oh\u0159\u00edv\u00e1n\u00ed, m\u016f\u017ee zp\u016fsobit roztaven\u00ed boxu na ob\u011bd.<\/li><\/ul><\/div>\n\t\t\t\t<\/div>\n\t\t\t\t\t\t\t\t<\/div>\n\t\t\t\t<\/div>\n\t\t\t\t<\/div>\n\t\t\t\t\t<\/div>\n\t\t<\/div>\n\t\t\t\t\t<\/div>\n\t\t<\/section>\n\t\t\t\t<\/div>\n\t\t","protected":false},"excerpt":{"rendered":"<p>Vychutnejte si tepl\u00e9 j\u00eddlo i na cest\u00e1ch!<\/p>\n<ul>\n<li>V modr\u00e9 a r\u016f\u017eov\u00e9 barv\u011b<\/li>\n<\/ul>\n","protected":false},"featured_media":217537,"comment_status":"closed","ping_status":"closed","template":"","meta":[],"product_cat":[68,626],"product_tag":[787,788,789,790],"aioseo_notices":[],"_links":{"self":[{"href":"https:\/\/spinlama.com\/cz\/wp-json\/wp\/v2\/product\/217562"}],"collection":[{"href":"https:\/\/spinlama.com\/cz\/wp-json\/wp\/v2\/product"}],"about":[{"href":"https:\/\/spinlama.com\/cz\/wp-json\/wp\/v2\/types\/product"}],"replies":[{"embeddable":true,"href":"https:\/\/spinlama.com\/cz\/wp-json\/wp\/v2\/comments?post=217562"}],"version-history":[{"count":16,"href":"https:\/\/spinlama.com\/cz\/wp-json\/wp\/v2\/product\/217562\/revisions"}],"predecessor-version":[{"id":218749,"href":"https:\/\/spinlama.com\/cz\/wp-json\/wp\/v2\/product\/217562\/revisions\/218749"}],"wp:featuredmedia":[{"embeddable":true,"href":"https:\/\/spinlama.com\/cz\/wp-json\/wp\/v2\/media\/217537"}],"wp:attachment":[{"href":"https:\/\/spinlama.com\/cz\/wp-json\/wp\/v2\/media?parent=217562"}],"wp:term":[{"taxonomy":"product_cat","embeddable":true,"href":"https:\/\/spinlama.com\/cz\/wp-json\/wp\/v2\/product_cat?post=217562"},{"taxonomy":"product_tag","embeddable":true,"href":"https:\/\/spinlama.com\/cz\/wp-json\/wp\/v2\/product_tag?post=217562"}],"curies":[{"name":"wp","href":"https:\/\/api.w.org\/{rel}","templated":true}]}}