{"id":30685,"date":"2019-05-21T10:04:54","date_gmt":"2019-05-21T08:04:54","guid":{"rendered":"https:\/\/spinlama.com\/cz\/?post_type=product&#038;p=30685"},"modified":"2023-12-19T13:46:48","modified_gmt":"2023-12-19T12:46:48","slug":"vivobra","status":"publish","type":"product","link":"https:\/\/spinlama.com\/cz\/v\u00fdrobek\/vivobra\/","title":{"rendered":"VivoBra \u2013 Sada t\u0159\u00ed podprsenek"},"content":{"rendered":"<p style=\"text-align: center\"><strong><span style=\"font-size: 110%\">Perfektn\u00ed p\u0159ilnavost a podpora prsou!<br \/>\n<\/span><\/strong><span style=\"font-size: 110%\">Podprsenka VivoBra v\u017edy z\u016fstane na sv\u00e9m m\u00edst\u011b, perfektn\u011b padne na va\u0161e prsa a z\u00e1rove\u0148 jim poskytne podporu a tvar.<\/span><\/p>\n<p><img fetchpriority=\"high\" decoding=\"async\" class=\"aligncenter wp-image-177399\" src=\"https:\/\/spinlama.com\/cz\/wp-content\/uploads\/sites\/19\/2019\/05\/vivobra_comfort-3.gif\" alt=\"\" width=\"500\" height=\"500\" \/><\/p>\n<p style=\"text-align: center\"><strong><span style=\"font-size: 110%\">Budete se c\u00edtit lehk\u00e9 a svobodn\u00e9!<br \/>\n<\/span><\/strong><span style=\"font-size: 110%\">Beze\u0161v\u00e1 podprsenka VivoBra je bez kostic, tak\u017ee ned\u0159e, nedr\u00e1\u017ed\u00ed ani nezanech\u00e1v\u00e1 oteklou poko\u017eku na ramenou, z\u00e1dech \u010di hrudn\u00edku.<\/span><\/p>\n<p><img decoding=\"async\" class=\"aligncenter wp-image-130682\" src=\"https:\/\/spinlama.com\/cz\/wp-content\/uploads\/sites\/19\/2019\/05\/vivobra_vs.-regular.gif\" alt=\"\" width=\"500\" height=\"400\" \/><\/p>\n<p style=\"text-align: center\"><strong><span style=\"font-size: 110%\">M\u016f\u017eete si ji nasadit a rychle sundat, proto\u017ee nem\u00e1 \u017e\u00e1dn\u00e9 nep\u0159\u00edjemn\u00e9 sponky ani h\u00e1\u010dky.<\/span><\/strong><\/p>\n<p style=\"text-align: center\"><img decoding=\"async\" class=\"aligncenter wp-image-202519\" src=\"https:\/\/spinlama.com\/cz\/wp-content\/uploads\/sites\/19\/2019\/05\/vivobra-14-800x800.jpg\" alt=\"\" width=\"500\" height=\"500\" srcset=\"https:\/\/spinlama.com\/cz\/wp-content\/uploads\/sites\/19\/2019\/05\/vivobra-14-800x800.jpg 800w, https:\/\/spinlama.com\/cz\/wp-content\/uploads\/sites\/19\/2019\/05\/vivobra-14-100x100.jpg 100w, https:\/\/spinlama.com\/cz\/wp-content\/uploads\/sites\/19\/2019\/05\/vivobra-14-510x510.jpg 510w, https:\/\/spinlama.com\/cz\/wp-content\/uploads\/sites\/19\/2019\/05\/vivobra-14-400x400.jpg 400w, https:\/\/spinlama.com\/cz\/wp-content\/uploads\/sites\/19\/2019\/05\/vivobra-14-280x280.jpg 280w, https:\/\/spinlama.com\/cz\/wp-content\/uploads\/sites\/19\/2019\/05\/vivobra-14-768x768.jpg 768w, https:\/\/spinlama.com\/cz\/wp-content\/uploads\/sites\/19\/2019\/05\/vivobra-14.jpg 1000w\" sizes=\"(max-width: 500px) 100vw, 500px\" \/><\/p>\n<p style=\"text-align: center\"><strong><span style=\"font-size: 110%\">Neviditeln\u00e1 pod oble\u010den\u00edm<br \/>\n<\/span><\/strong><span style=\"font-size: 110%\">Podprsenky VivoBra vytvo\u0159\u00ed dokonal\u00fd tvar prsou pod p\u0159il\u00e9hav\u00fdmi \u0161aty \u010di tri\u010dkem. M\u016f\u017eete je tak\u00e9 nosit samostatn\u011b bez dal\u0161\u00edch vrstev oble\u010den\u00ed.<\/span><\/p>\n<p style=\"text-align: center\"><img loading=\"lazy\" decoding=\"async\" class=\"alignnone wp-image-133208\" src=\"https:\/\/spinlama.com\/cz\/wp-content\/uploads\/sites\/19\/2019\/05\/vivobra_invisible-1.gif\" alt=\"\" width=\"601\" height=\"400\" \/><\/p>\n<p style=\"text-align: center\"><strong><span style=\"font-size: 110%\">Odn\u00edmateln\u00e9 vycp\u00e1vky<\/span><\/strong><br \/>\n<span style=\"font-size: 110%\">VivoBra je vybavena odn\u00edmateln\u00fdmi neviditeln\u00fdmi vycp\u00e1vkami, kter\u00e9 prsa vytvaruj\u00ed a poskytnou jim podporu, a z\u00e1rove\u0148 skryj\u00ed bradavky, pokud nechcete, aby byly vid\u011bt \ud83d\ude09<\/span><\/p>\n<p style=\"text-align: center\"><img loading=\"lazy\" decoding=\"async\" class=\"alignnone wp-image-130681\" src=\"https:\/\/spinlama.com\/cz\/wp-content\/uploads\/sites\/19\/2019\/05\/vivobra_removable-pads.gif\" alt=\"\" width=\"501\" height=\"501\" \/><\/p>\n<p style=\"text-align: center\"><strong><span style=\"font-size: 110%\">Noste je v l\u00e9t\u011b ale i v zim\u011b<\/span><\/strong><br \/>\n<span style=\"font-size: 110%\">V zim\u011b v\u00e1s zah\u0159ej\u00ed a v l\u00e9t\u011b se v nich nebudete potit.<\/span><\/p>\n<p style=\"text-align: center\"><img loading=\"lazy\" decoding=\"async\" class=\"aligncenter wp-image-177401\" src=\"https:\/\/spinlama.com\/cz\/wp-content\/uploads\/sites\/19\/2019\/05\/vivobra-11-800x800.jpg\" alt=\"\" width=\"500\" height=\"500\" srcset=\"https:\/\/spinlama.com\/cz\/wp-content\/uploads\/sites\/19\/2019\/05\/vivobra-11-800x800.jpg 800w, https:\/\/spinlama.com\/cz\/wp-content\/uploads\/sites\/19\/2019\/05\/vivobra-11-100x100.jpg 100w, https:\/\/spinlama.com\/cz\/wp-content\/uploads\/sites\/19\/2019\/05\/vivobra-11-510x510.jpg 510w, https:\/\/spinlama.com\/cz\/wp-content\/uploads\/sites\/19\/2019\/05\/vivobra-11-400x400.jpg 400w, https:\/\/spinlama.com\/cz\/wp-content\/uploads\/sites\/19\/2019\/05\/vivobra-11-280x280.jpg 280w, https:\/\/spinlama.com\/cz\/wp-content\/uploads\/sites\/19\/2019\/05\/vivobra-11-768x768.jpg 768w, https:\/\/spinlama.com\/cz\/wp-content\/uploads\/sites\/19\/2019\/05\/vivobra-11.jpg 1280w\" sizes=\"(max-width: 500px) 100vw, 500px\" \/><\/p>\n<p style=\"text-align: center\"><strong><span style=\"font-size: 110%\">Budete je r\u00e1dy nosit doma, b\u011bhem sp\u00e1nku, dom\u00e1c\u00edch prac\u00ed a cestov\u00e1n\u00ed.<\/span><\/strong><\/p>\n<p style=\"text-align: center\"><img loading=\"lazy\" decoding=\"async\" class=\"aligncenter wp-image-129927 size-medium\" src=\"https:\/\/spinlama.com\/cz\/wp-content\/uploads\/sites\/19\/2019\/05\/vivobra_6-600x400.jpg\" alt=\"\" width=\"600\" height=\"400\" srcset=\"https:\/\/spinlama.com\/cz\/wp-content\/uploads\/sites\/19\/2019\/05\/vivobra_6-600x400.jpg 600w, https:\/\/spinlama.com\/cz\/wp-content\/uploads\/sites\/19\/2019\/05\/vivobra_6-510x340.jpg 510w, https:\/\/spinlama.com\/cz\/wp-content\/uploads\/sites\/19\/2019\/05\/vivobra_6-768x512.jpg 768w, https:\/\/spinlama.com\/cz\/wp-content\/uploads\/sites\/19\/2019\/05\/vivobra_6.jpg 1068w\" sizes=\"(max-width: 600px) 100vw, 600px\" \/><\/p>\n<p style=\"text-align: center\"><strong><span style=\"font-size: 110%\">V\u0161estrann\u00e9 pou\u017eit\u00ed<\/span><\/strong><br \/>\n<span style=\"font-size: 110%\">Jsou vyrobeny z m\u011bkk\u00e9ho, vzdu\u0161n\u00e9ho a pohodln\u00e9ho materi\u00e1lu, tak\u017ee jsou ide\u00e1ln\u00ed tak\u00e9 pro fitness, cvi\u010den\u00ed, j\u00f3gu, aerobik a b\u011bh.<\/span><\/p>\n<p style=\"text-align: center\"><img loading=\"lazy\" decoding=\"async\" class=\"alignnone wp-image-129931\" src=\"https:\/\/spinlama.com\/cz\/wp-content\/uploads\/sites\/19\/2019\/05\/vivobra_08.jpg\" alt=\"\" width=\"601\" height=\"400\" srcset=\"https:\/\/spinlama.com\/cz\/wp-content\/uploads\/sites\/19\/2019\/05\/vivobra_08.jpg 1698w, https:\/\/spinlama.com\/cz\/wp-content\/uploads\/sites\/19\/2019\/05\/vivobra_08-510x340.jpg 510w, https:\/\/spinlama.com\/cz\/wp-content\/uploads\/sites\/19\/2019\/05\/vivobra_08-601x400.jpg 601w, https:\/\/spinlama.com\/cz\/wp-content\/uploads\/sites\/19\/2019\/05\/vivobra_08-1201x800.jpg 1201w, https:\/\/spinlama.com\/cz\/wp-content\/uploads\/sites\/19\/2019\/05\/vivobra_08-768x512.jpg 768w, https:\/\/spinlama.com\/cz\/wp-content\/uploads\/sites\/19\/2019\/05\/vivobra_08-1536x1023.jpg 1536w\" sizes=\"(max-width: 601px) 100vw, 601px\" \/><\/p>\n<p style=\"text-align: center\"><strong><span style=\"font-size: 110%\">Ide\u00e1ln\u00ed tak\u00e9 pro t\u011bhotn\u00e9 \u017eeny a koj\u00edc\u00ed matky.<\/span><\/strong><\/p>\n<p style=\"text-align: center\"><img loading=\"lazy\" decoding=\"async\" class=\"alignnone wp-image-129929 size-medium\" src=\"https:\/\/spinlama.com\/cz\/wp-content\/uploads\/sites\/19\/2019\/05\/vivobra_07-600x400.jpg\" alt=\"\" width=\"600\" height=\"400\" srcset=\"https:\/\/spinlama.com\/cz\/wp-content\/uploads\/sites\/19\/2019\/05\/vivobra_07-600x400.jpg 600w, https:\/\/spinlama.com\/cz\/wp-content\/uploads\/sites\/19\/2019\/05\/vivobra_07-510x340.jpg 510w, https:\/\/spinlama.com\/cz\/wp-content\/uploads\/sites\/19\/2019\/05\/vivobra_07-768x512.jpg 768w, https:\/\/spinlama.com\/cz\/wp-content\/uploads\/sites\/19\/2019\/05\/vivobra_07.jpg 810w\" sizes=\"(max-width: 600px) 100vw, 600px\" \/><\/p>\n<p style=\"text-align: center\"><strong><span style=\"font-size: 110%\">K dispozici v 8 velikostech (v z\u00e1vislosti na obvodu p\u0159es prsa):<\/span><\/strong><br \/>\n<span style=\"font-size: 100%\"><em>Pokud si nejste jist\u00e9 velikost\u00ed, zvolte v\u011bt\u0161\u00ed.<\/em><\/span><\/p>\n<table style=\"width: 100%;border-collapse: collapse;border-style: hidden;height: 181px\" cellpadding=\"2px\">\n<thead>\n<tr style=\"height: 23px\">\n<td style=\"height: 21px;text-align: right;width: 50%\"><span style=\"font-size: 95%\"><strong>Velikost<\/strong><\/span><\/td>\n<td style=\"width: 7.38142%;height: 21px;text-align: center\"><strong>Ko\u0161\u00ed\u010dek<span style=\"font-size: 95%\"><br \/>\n<\/span><\/strong><\/td>\n<td style=\"height: 21px;width: 42.5694%\"><strong><span style=\"font-size: 95%\">Obvod p\u0159es prsa<\/span><\/strong><\/td>\n<\/tr>\n<\/thead>\n<tbody>\n<tr style=\"height: 21px\">\n<td style=\"width: 50%;height: 21px;text-align: right\"><span style=\"font-size: 95%\">S<\/span><\/td>\n<td style=\"width: 7.38142%;height: 21px;text-align: center\"><span style=\"font-size: 95%\">A &#8211; B<\/span><\/td>\n<td style=\"width: 42.5694%;height: 21px\"><span style=\"font-size: 95%\">68\u201380 cm<\/span><\/td>\n<\/tr>\n<tr style=\"height: 21px\">\n<td style=\"width: 50%;height: 21px;text-align: right\"><span style=\"font-size: 95%\">M<\/span><\/td>\n<td style=\"width: 7.38142%;height: 21px;text-align: center\"><span style=\"font-size: 95%\">B<\/span><\/td>\n<td style=\"width: 42.5694%;height: 21px\"><span style=\"font-size: 95%\">80\u201390 cm<\/span><\/td>\n<\/tr>\n<tr style=\"height: 21px\">\n<td style=\"width: 50%;height: 21px;text-align: right\"><span style=\"font-size: 95%\">L<\/span><\/td>\n<td style=\"width: 7.38142%;height: 21px;text-align: center\"><span style=\"font-size: 95%\">B &#8211; C<\/span><\/td>\n<td style=\"width: 42.5694%;height: 21px\"><span style=\"font-size: 95%\">90\u201395 cm<\/span><\/td>\n<\/tr>\n<tr style=\"height: 21px\">\n<td style=\"width: 50%;height: 21px;text-align: right\"><span style=\"font-size: 95%\">XL<\/span><\/td>\n<td style=\"width: 7.38142%;height: 21px;text-align: center\"><span style=\"font-size: 95%\">C &#8211; D<\/span><\/td>\n<td style=\"width: 42.5694%;height: 21px\"><span style=\"font-size: 95%\">95\u2013100 cm<\/span><\/td>\n<\/tr>\n<tr style=\"height: 21px\">\n<td style=\"width: 50%;height: 21px;text-align: right\"><span style=\"font-size: 95%\">2XL<\/span><\/td>\n<td style=\"width: 7.38142%;height: 21px;text-align: center\"><span style=\"font-size: 95%\">C &#8211; E<\/span><\/td>\n<td style=\"width: 42.5694%;height: 21px\"><span style=\"font-size: 95%\">100\u2013120 cm<\/span><\/td>\n<\/tr>\n<tr style=\"height: 21px\">\n<td style=\"width: 50%;height: 21px;text-align: right\"><span style=\"font-size: 95%\">3XL<\/span><\/td>\n<td style=\"width: 7.38142%;height: 21px;text-align: center\"><span style=\"font-size: 95%\">D &#8211; E<\/span><\/td>\n<td style=\"width: 42.5694%;height: 21px\"><span style=\"font-size: 95%\">120\u2013140 cm<\/span><\/td>\n<\/tr>\n<tr style=\"height: 21px\">\n<td style=\"width: 50%;height: 13px;text-align: right\"><span style=\"font-size: 95%\">4XL<\/span><\/td>\n<td style=\"width: 7.38142%;height: 13px;text-align: center\"><span style=\"font-size: 95%\">E &#8211; F<\/span><\/td>\n<td style=\"width: 42.5694%;height: 13px\"><span style=\"font-size: 95%\">135\u2013150 cm<\/span><\/td>\n<\/tr>\n<tr style=\"height: 21px\">\n<td style=\"width: 50%;height: 21px;text-align: right\"><span style=\"font-size: 95%\">5XL<\/span><\/td>\n<td style=\"width: 7.38142%;height: 21px;text-align: center\"><span style=\"font-size: 95%\">E &#8211; F<\/span><\/td>\n<td style=\"width: 42.5694%;height: 21px\"><span style=\"font-size: 95%\">140\u2013160 cm<\/span><\/td>\n<\/tr>\n<\/tbody>\n<\/table>\n<p style=\"text-align: center\"><img loading=\"lazy\" decoding=\"async\" class=\"aligncenter wp-image-129932\" src=\"https:\/\/spinlama.com\/cz\/wp-content\/uploads\/sites\/19\/2019\/05\/vivobra_10.jpg\" alt=\"\" width=\"600\" height=\"334\" srcset=\"https:\/\/spinlama.com\/cz\/wp-content\/uploads\/sites\/19\/2019\/05\/vivobra_10.jpg 800w, https:\/\/spinlama.com\/cz\/wp-content\/uploads\/sites\/19\/2019\/05\/vivobra_10-510x284.jpg 510w, https:\/\/spinlama.com\/cz\/wp-content\/uploads\/sites\/19\/2019\/05\/vivobra_10-719x400.jpg 719w, https:\/\/spinlama.com\/cz\/wp-content\/uploads\/sites\/19\/2019\/05\/vivobra_10-768x427.jpg 768w\" sizes=\"(max-width: 600px) 100vw, 600px\" \/><\/p>\n<p><strong><span style=\"font-size: 105%\">Vlastnosti:<\/span><\/strong><br \/>\n<span style=\"font-size: 105%\">\u2713 Pohodln\u00e1 a p\u0159\u00edjemn\u00e1<\/span><br \/>\n<span style=\"font-size: 105%\">\u2713 Bez kostic a zap\u00edn\u00e1n\u00ed <\/span><br \/>\n<span style=\"font-size: 105%\">\u2713 Neviditeln\u00e9 vycp\u00e1vky pro lep\u0161\u00ed podporu a zakryt\u00ed bradavek<\/span><br \/>\n<span style=\"font-size: 105%\">\u2713 M\u016f\u017eete ji nosit jako top nebo jako oby\u010dejnou podprsenku<\/span><br \/>\n<span style=\"font-size: 105%\">\u2713 Vhodn\u00e1 k no\u0161en\u00ed na doma, p\u0159i cvi\u010den\u00ed nebo sp\u00e1nku<\/span><br \/>\n<span style=\"font-size: 105%\">\u2713 T\u011bhotn\u00e9 \u017eeny a koj\u00edc\u00ed matky ji zbo\u017e\u0148uj\u00ed<\/span><\/p>\n<p><span style=\"font-size: 105%\"><strong>Materi\u00e1l<\/strong>: 96% nylon, 4% elastan<\/span><br \/>\n<span style=\"font-size: 105%\"><strong>\u00dadr\u017eba<\/strong>: Perte na 30\u00b0C. Su\u0161te na vzduchu.<\/span><\/p>\n<p><span style=\"text-decoration: underline\"><strong><span style=\"font-size: 105%\">V balen\u00ed z\u00edsk\u00e1te 3 podprsenky VivoBra!<br \/>\n<\/span><\/strong><\/span><strong><span style=\"font-size: 105%\">Barvy:<\/span><\/strong><\/p>\n<p style=\"text-align: center\"><span style=\"text-decoration: underline\"><strong><span style=\"font-size: 105%\">\u010cERN\u00c1 + B\u00cdL\u00c1 + B\u00c9\u017dOV\u00c1<\/span><\/strong><\/span><\/p>\n<p style=\"text-align: center\"><img loading=\"lazy\" decoding=\"async\" class=\"aligncenter wp-image-129917\" src=\"https:\/\/spinlama.com\/cz\/wp-content\/uploads\/sites\/19\/2019\/05\/BRA-cbb-1.jpg\" alt=\"\" width=\"602\" height=\"200\" srcset=\"https:\/\/spinlama.com\/cz\/wp-content\/uploads\/sites\/19\/2019\/05\/BRA-cbb-1.jpg 800w, https:\/\/spinlama.com\/cz\/wp-content\/uploads\/sites\/19\/2019\/05\/BRA-cbb-1-510x170.jpg 510w, https:\/\/spinlama.com\/cz\/wp-content\/uploads\/sites\/19\/2019\/05\/BRA-cbb-1-768x255.jpg 768w\" sizes=\"(max-width: 602px) 100vw, 602px\" \/><\/p>\n<p style=\"text-align: center\"><span style=\"text-decoration: underline\"><strong><span style=\"font-size: 105%\">R\u016e\u017dOV\u00c1 + \u0160ED\u00c1 + FIALOV\u00c1<\/span><\/strong><\/span><\/p>\n<p style=\"text-align: center\"><img loading=\"lazy\" decoding=\"async\" class=\"aligncenter wp-image-129919\" src=\"https:\/\/spinlama.com\/cz\/wp-content\/uploads\/sites\/19\/2019\/05\/BRA-rvs-1.jpg\" alt=\"\" width=\"600\" height=\"200\" srcset=\"https:\/\/spinlama.com\/cz\/wp-content\/uploads\/sites\/19\/2019\/05\/BRA-rvs-1.jpg 800w, https:\/\/spinlama.com\/cz\/wp-content\/uploads\/sites\/19\/2019\/05\/BRA-rvs-1-510x170.jpg 510w, https:\/\/spinlama.com\/cz\/wp-content\/uploads\/sites\/19\/2019\/05\/BRA-rvs-1-768x255.jpg 768w\" sizes=\"(max-width: 600px) 100vw, 600px\" \/><\/p>\n<p style=\"text-align: center\"><span style=\"text-decoration: underline\"><strong><span style=\"font-size: 105%\">ZELEN\u00c1 + MERU\u0147KOV\u00c1 + \u017dLUT\u00c1<\/span><\/strong><\/span><\/p>\n<p style=\"text-align: center\"><img loading=\"lazy\" decoding=\"async\" class=\"aligncenter wp-image-175254\" src=\"https:\/\/spinlama.com\/cz\/wp-content\/uploads\/sites\/19\/2021\/05\/BRA-mrz.jpg\" alt=\"\" width=\"602\" height=\"200\" srcset=\"https:\/\/spinlama.com\/cz\/wp-content\/uploads\/sites\/19\/2021\/05\/BRA-mrz.jpg 800w, https:\/\/spinlama.com\/cz\/wp-content\/uploads\/sites\/19\/2021\/05\/BRA-mrz-510x170.jpg 510w, https:\/\/spinlama.com\/cz\/wp-content\/uploads\/sites\/19\/2021\/05\/BRA-mrz-768x255.jpg 768w\" sizes=\"(max-width: 602px) 100vw, 602px\" \/><\/p>\n<p style=\"text-align: center\"><span style=\"text-decoration: underline\"><span style=\"font-size: 105%\"><strong>\u010cERN\u00c1 + \u010cERVEN\u00c1 + FUCHSIOV\u00c1<\/strong><\/span><\/span><\/p>\n<p style=\"text-align: center\"><img loading=\"lazy\" decoding=\"async\" class=\"aligncenter wp-image-175253\" src=\"https:\/\/spinlama.com\/cz\/wp-content\/uploads\/sites\/19\/2021\/05\/BRA-crf.jpg\" alt=\"\" width=\"602\" height=\"200\" srcset=\"https:\/\/spinlama.com\/cz\/wp-content\/uploads\/sites\/19\/2021\/05\/BRA-crf.jpg 800w, https:\/\/spinlama.com\/cz\/wp-content\/uploads\/sites\/19\/2021\/05\/BRA-crf-510x170.jpg 510w, https:\/\/spinlama.com\/cz\/wp-content\/uploads\/sites\/19\/2021\/05\/BRA-crf-768x255.jpg 768w\" sizes=\"(max-width: 602px) 100vw, 602px\" \/><\/p>\n<p style=\"text-align: center\"><span style=\"text-decoration: underline\"><span style=\"font-size: 105%\"><strong>MODR\u00c1 + ZELEN\u00c1 + \u010cERVEN\u00c1<\/strong><\/span><\/span><\/p>\n<p style=\"text-align: center\"><img loading=\"lazy\" decoding=\"async\" class=\"aligncenter wp-image-202518\" src=\"https:\/\/spinlama.com\/cz\/wp-content\/uploads\/sites\/19\/2019\/05\/BRA-bgr.jpg\" alt=\"\" width=\"602\" height=\"200\" srcset=\"https:\/\/spinlama.com\/cz\/wp-content\/uploads\/sites\/19\/2019\/05\/BRA-bgr.jpg 800w, https:\/\/spinlama.com\/cz\/wp-content\/uploads\/sites\/19\/2019\/05\/BRA-bgr-510x170.jpg 510w, https:\/\/spinlama.com\/cz\/wp-content\/uploads\/sites\/19\/2019\/05\/BRA-bgr-768x255.jpg 768w\" sizes=\"(max-width: 602px) 100vw, 602px\" \/><\/p>\n<p style=\"text-align: center\"><span style=\"text-decoration: underline\"><strong><span style=\"font-size: 105%\">\u010cERN\u00c1 + \u010cERN\u00c1 + \u010cERN\u00c1<\/span><\/strong><\/span><\/p>\n<p style=\"text-align: center\"><span style=\"font-size: 105%\"><img loading=\"lazy\" decoding=\"async\" class=\"aligncenter wp-image-103579\" src=\"https:\/\/spinlama.com\/cz\/wp-content\/uploads\/sites\/19\/2019\/05\/BRA-ccc.jpg\" alt=\"\" width=\"600\" height=\"201\" srcset=\"https:\/\/spinlama.com\/cz\/wp-content\/uploads\/sites\/19\/2019\/05\/BRA-ccc.jpg 800w, https:\/\/spinlama.com\/cz\/wp-content\/uploads\/sites\/19\/2019\/05\/BRA-ccc-510x171.jpg 510w, https:\/\/spinlama.com\/cz\/wp-content\/uploads\/sites\/19\/2019\/05\/BRA-ccc-768x257.jpg 768w\" sizes=\"(max-width: 600px) 100vw, 600px\" \/><\/span><\/p>\n","protected":false},"excerpt":{"rendered":"<p><strong><span style=\"font-size: 110%\">Vzdu\u0161n\u00e9, pohodln\u00e9 a kvalitn\u00ed podprsenky VivoBra na sport, rekreaci, leno\u0161en\u00ed, cestov\u00e1n\u00ed nebo span\u00ed \ud83d\ude42<\/span><\/strong><\/p>\n<p><span style=\"font-size: 110%\">VivoBra je beze\u0161v\u00e1 a neviditeln\u00e1 pod oble\u010den\u00edm. M\u016f\u017eete si ji nasadit a rychle sundat, proto\u017ee nem\u00e1 \u017e\u00e1dn\u00e9 nep\u0159\u00edjemn\u00e9 sponky ani h\u00e1\u010dky.<\/span><\/p>\n<p><span style=\"font-size: 90%\"><em><span style=\"text-decoration: underline\">* Jedna sada obsahuje t\u0159i podprsenky!<\/span><\/em><\/span><\/p>\n","protected":false},"featured_media":129935,"comment_status":"closed","ping_status":"closed","template":"","meta":[],"product_cat":[68,568],"product_tag":[505,501,502,500,504,503,499,507,506],"aioseo_notices":[],"_links":{"self":[{"href":"https:\/\/spinlama.com\/cz\/wp-json\/wp\/v2\/product\/30685"}],"collection":[{"href":"https:\/\/spinlama.com\/cz\/wp-json\/wp\/v2\/product"}],"about":[{"href":"https:\/\/spinlama.com\/cz\/wp-json\/wp\/v2\/types\/product"}],"replies":[{"embeddable":true,"href":"https:\/\/spinlama.com\/cz\/wp-json\/wp\/v2\/comments?post=30685"}],"version-history":[{"count":23,"href":"https:\/\/spinlama.com\/cz\/wp-json\/wp\/v2\/product\/30685\/revisions"}],"predecessor-version":[{"id":216842,"href":"https:\/\/spinlama.com\/cz\/wp-json\/wp\/v2\/product\/30685\/revisions\/216842"}],"wp:featuredmedia":[{"embeddable":true,"href":"https:\/\/spinlama.com\/cz\/wp-json\/wp\/v2\/media\/129935"}],"wp:attachment":[{"href":"https:\/\/spinlama.com\/cz\/wp-json\/wp\/v2\/media?parent=30685"}],"wp:term":[{"taxonomy":"product_cat","embeddable":true,"href":"https:\/\/spinlama.com\/cz\/wp-json\/wp\/v2\/product_cat?post=30685"},{"taxonomy":"product_tag","embeddable":true,"href":"https:\/\/spinlama.com\/cz\/wp-json\/wp\/v2\/product_tag?post=30685"}],"curies":[{"name":"wp","href":"https:\/\/api.w.org\/{rel}","templated":true}]}}