{"id":54518,"date":"2021-10-15T11:26:23","date_gmt":"2021-10-15T09:26:23","guid":{"rendered":"https:\/\/spinlama.com\/cz\/?post_type=product&#038;p=54518"},"modified":"2021-10-26T11:45:36","modified_gmt":"2021-10-26T09:45:36","slug":"knot-remover","status":"publish","type":"product","link":"https:\/\/spinlama.com\/cz\/v\u00fdrobek\/knot-remover\/","title":{"rendered":"Knot Remover \u2013 Kart\u00e1\u010d na dom\u00e1c\u00ed mazl\u00ed\u010dky"},"content":{"rendered":"<p style=\"text-align: center\"><strong><span style=\"font-size: 120%\">K pro\u010des\u00e1v\u00e1n\u00ed a odstra\u0148ov\u00e1n\u00ed hust\u00e9 zimn\u00ed srsti va\u0161ich dom\u00e1c\u00edch mazl\u00ed\u010dk\u016f!<\/span><\/strong><br \/>\n<span style=\"font-size: 120%\">Bezpe\u010dn\u011b a bezbolestn\u011b roz\u010de\u0161e srst, nepoddajn\u00e9 zauzlovan\u00e9 a zacuchan\u00e9 chlupy.<\/span><\/p>\n<p style=\"text-align: center\"><span style=\"font-size: 140%\"><img fetchpriority=\"high\" decoding=\"async\" class=\"alignnone wp-image-54535\" src=\"https:\/\/spinlama.com\/cz\/wp-content\/uploads\/sites\/19\/2019\/09\/knotremover6-400x400.jpg\" alt=\"\" width=\"502\" height=\"502\" srcset=\"https:\/\/spinlama.com\/cz\/wp-content\/uploads\/sites\/19\/2019\/09\/knotremover6-400x400.jpg 400w, https:\/\/spinlama.com\/cz\/wp-content\/uploads\/sites\/19\/2019\/09\/knotremover6-600x600.jpg 600w, https:\/\/spinlama.com\/cz\/wp-content\/uploads\/sites\/19\/2019\/09\/knotremover6-100x100.jpg 100w, https:\/\/spinlama.com\/cz\/wp-content\/uploads\/sites\/19\/2019\/09\/knotremover6-510x510.jpg 510w, https:\/\/spinlama.com\/cz\/wp-content\/uploads\/sites\/19\/2019\/09\/knotremover6-280x280.jpg 280w, https:\/\/spinlama.com\/cz\/wp-content\/uploads\/sites\/19\/2019\/09\/knotremover6-768x768.jpg 768w, https:\/\/spinlama.com\/cz\/wp-content\/uploads\/sites\/19\/2019\/09\/knotremover6-800x800.jpg 800w, https:\/\/spinlama.com\/cz\/wp-content\/uploads\/sites\/19\/2019\/09\/knotremover6.jpg 1000w\" sizes=\"(max-width: 502px) 100vw, 502px\" \/><br \/>\n<\/span><\/p>\n<p style=\"text-align: center\"><strong><span style=\"font-size: 120%\">Bez \u0161kr\u00e1banc\u016f, bez zran\u011bn\u00ed a bez bolesti!<\/span><\/strong><br \/>\n<span style=\"font-size: 120%\">Vysoce kvalitn\u00ed \u0161t\u011btiny z nerezov\u00e9 oceli jsou odoln\u00e9 a snadno se \u010dist\u00ed. Vnit\u0159n\u00ed strana ka\u017ed\u00e9 zaoblen\u00e9 \u0161t\u011btiny je dostate\u010dn\u011b ostr\u00e1, aby pro\u010d\u00edsla i ty nejzamotan\u011bj\u0161\u00ed chlupy, chom\u00e1\u010de a uzly!<\/span><\/p>\n<p><img decoding=\"async\" class=\"aligncenter\" src=\"https:\/\/spinlama.com\/cz\/wp-content\/uploads\/sites\/19\/2019\/09\/knot-remover_02.gif\" alt=\"\" width=\"480\" height=\"480\" \/><\/p>\n<p style=\"text-align: center\"><strong><span style=\"font-size: 120%\">Bezpe\u010dn\u00e9 a snadn\u00e9 pou\u017eit\u00ed!<\/span><\/strong><br \/>\n<span style=\"font-size: 120%\">Ergonomicky tvarovan\u00e1, zaoblen\u00e1 a m\u011bkk\u00e1 rukoje\u0165 s protiskluzovou \u010d\u00e1st\u00ed zaji\u0161\u0165uje dokonalou kontrolu a pohodl\u00ed p\u0159i \u010des\u00e1n\u00ed. Rukoje\u0165 m\u00e1 na konci otvor pro zav\u011b\u0161en\u00ed.<\/span><\/p>\n<p style=\"text-align: center\"><span style=\"font-size: 140%\"><img decoding=\"async\" class=\"alignnone size-medium wp-image-202647\" src=\"https:\/\/spinlama.com\/cz\/wp-content\/uploads\/sites\/19\/2019\/09\/krtaca_cz-400x400.jpg\" alt=\"\" width=\"400\" height=\"400\" srcset=\"https:\/\/spinlama.com\/cz\/wp-content\/uploads\/sites\/19\/2019\/09\/krtaca_cz-400x400.jpg 400w, https:\/\/spinlama.com\/cz\/wp-content\/uploads\/sites\/19\/2019\/09\/krtaca_cz-600x600.jpg 600w, https:\/\/spinlama.com\/cz\/wp-content\/uploads\/sites\/19\/2019\/09\/krtaca_cz-100x100.jpg 100w, https:\/\/spinlama.com\/cz\/wp-content\/uploads\/sites\/19\/2019\/09\/krtaca_cz-510x510.jpg 510w, https:\/\/spinlama.com\/cz\/wp-content\/uploads\/sites\/19\/2019\/09\/krtaca_cz-800x800.jpg 800w, https:\/\/spinlama.com\/cz\/wp-content\/uploads\/sites\/19\/2019\/09\/krtaca_cz-280x280.jpg 280w, https:\/\/spinlama.com\/cz\/wp-content\/uploads\/sites\/19\/2019\/09\/krtaca_cz-768x768.jpg 768w, https:\/\/spinlama.com\/cz\/wp-content\/uploads\/sites\/19\/2019\/09\/krtaca_cz.jpg 1000w\" sizes=\"(max-width: 400px) 100vw, 400px\" \/><br \/>\n<\/span><\/p>\n<p style=\"text-align: center\"><span style=\"font-size: 120%\">Dokonal\u00fd n\u00e1stroj p<\/span><span style=\"font-size: 120%\">ro psy, ko\u010dky a dal\u0161\u00ed dom\u00e1c\u00ed zv\u00ed\u0159ata se<strong> st\u0159edn\u011b dlouhou, hustou nebo kudrnatou srst\u00ed<\/strong>.\u00a0<\/span><\/p>\n<p style=\"text-align: center\"><img loading=\"lazy\" decoding=\"async\" class=\"aligncenter wp-image-203163\" src=\"https:\/\/spinlama.com\/cz\/wp-content\/uploads\/sites\/19\/2021\/10\/pet-heart-png.png\" alt=\"\" width=\"599\" height=\"246\" srcset=\"https:\/\/spinlama.com\/cz\/wp-content\/uploads\/sites\/19\/2021\/10\/pet-heart-png.png 843w, https:\/\/spinlama.com\/cz\/wp-content\/uploads\/sites\/19\/2021\/10\/pet-heart-png-510x209.png 510w, https:\/\/spinlama.com\/cz\/wp-content\/uploads\/sites\/19\/2021\/10\/pet-heart-png-800x328.png 800w, https:\/\/spinlama.com\/cz\/wp-content\/uploads\/sites\/19\/2021\/10\/pet-heart-png-768x315.png 768w\" sizes=\"(max-width: 599px) 100vw, 599px\" \/><\/p>\n<p style=\"text-align: center\"><strong><span style=\"font-size: 120%\">V\u00edce\u00fa\u010delov\u00e9 pou\u017eit\u00ed!<br \/>\n<\/span><\/strong><span style=\"font-size: 120%\">Tento n\u00e1stroj pro p\u00e9\u010di o dom\u00e1c\u00ed mazl\u00ed\u010dky lze pou\u017e\u00edt k odstra\u0148ov\u00e1n\u00ed a vy\u010des\u00e1v\u00e1n\u00ed uzl\u00edk\u016f, odstra\u0148ov\u00e1n\u00ed odum\u0159el\u00fdch chlup\u016f a pro\u010des\u00e1v\u00e1n\u00ed srsti.<\/span><\/p>\n<p><img loading=\"lazy\" decoding=\"async\" class=\"aligncenter\" src=\"https:\/\/spinlama.com\/cz\/wp-content\/uploads\/sites\/19\/2019\/09\/knot-remover_03.gif\" alt=\"\" width=\"480\" height=\"270\" \/><\/p>\n<p style=\"text-align: center\"><strong><span style=\"font-size: 120%\">Vhodn\u00e9 pro ka\u017edodenn\u00ed pou\u017eit\u00ed i pro zanedban\u00e9 a zacuchan\u00e9 chlupy!<\/span><\/strong><br \/>\n<span style=\"font-size: 120%\">Odstra\u0148ov\u00e1n\u00ed odum\u0159el\u00e9 srsti je d\u00edky n\u011bmu velmi snadn\u00e9 a rychl\u00e9, tak\u017ee je ide\u00e1ln\u00ed pro majitele, kte\u0159\u00ed nemohou p\u00e9\u010di o srst sv\u00e9ho mazl\u00ed\u010dka v\u011bnovat tolik \u010dasu.<\/span><\/p>\n<p><img loading=\"lazy\" decoding=\"async\" class=\"aligncenter\" src=\"https:\/\/spinlama.com\/cz\/wp-content\/uploads\/sites\/19\/2019\/09\/knot-remover_01.gif\" alt=\"\" width=\"475\" height=\"474\" \/><\/p>\n<p style=\"text-align: center\"><strong><span style=\"font-size: 120%\">Zaoblen\u00e9 \u010depele na vnit\u0159n\u00ed stran\u011b jsou dostate\u010dn\u011b ostr\u00e9, aby odstranily uzly a odum\u0159el\u00e9 chlupy.\u00a0\u00a0<\/span><\/strong><\/p>\n<p style=\"text-align: center\"><span style=\"font-size: 140%\" data-ccp-props=\"{&quot;134233279&quot;:true,&quot;201341983&quot;:0,&quot;335559739&quot;:160,&quot;335559740&quot;:276}\"> <img loading=\"lazy\" decoding=\"async\" class=\"alignnone wp-image-54545\" src=\"https:\/\/spinlama.com\/cz\/wp-content\/uploads\/sites\/19\/2019\/09\/knotremover7-400x400.jpg\" alt=\"\" width=\"483\" height=\"483\" srcset=\"https:\/\/spinlama.com\/cz\/wp-content\/uploads\/sites\/19\/2019\/09\/knotremover7-400x400.jpg 400w, https:\/\/spinlama.com\/cz\/wp-content\/uploads\/sites\/19\/2019\/09\/knotremover7-600x600.jpg 600w, https:\/\/spinlama.com\/cz\/wp-content\/uploads\/sites\/19\/2019\/09\/knotremover7-100x100.jpg 100w, https:\/\/spinlama.com\/cz\/wp-content\/uploads\/sites\/19\/2019\/09\/knotremover7-510x510.jpg 510w, https:\/\/spinlama.com\/cz\/wp-content\/uploads\/sites\/19\/2019\/09\/knotremover7-280x280.jpg 280w, https:\/\/spinlama.com\/cz\/wp-content\/uploads\/sites\/19\/2019\/09\/knotremover7-768x768.jpg 768w, https:\/\/spinlama.com\/cz\/wp-content\/uploads\/sites\/19\/2019\/09\/knotremover7-800x800.jpg 800w, https:\/\/spinlama.com\/cz\/wp-content\/uploads\/sites\/19\/2019\/09\/knotremover7.jpg 1000w\" sizes=\"(max-width: 483px) 100vw, 483px\" \/><\/span><\/p>\n<p style=\"text-align: center\"><strong><span style=\"font-size: 120%\">Pravideln\u00e9 kart\u00e1\u010dov\u00e1n\u00ed sni\u017euje l\u00edn\u00e1n\u00ed, zabra\u0148uje zacuch\u00e1v\u00e1n\u00ed a \u010din\u00ed srst m\u011bk\u010d\u00ed a jemn\u011bj\u0161\u00ed na dotek \ud83d\ude42<\/span><\/strong><\/p>\n<p style=\"text-align: center\"><span style=\"font-size: 140%\" data-ccp-props=\"{&quot;134233279&quot;:true,&quot;201341983&quot;:0,&quot;335559739&quot;:160,&quot;335559740&quot;:276}\"> <img loading=\"lazy\" decoding=\"async\" class=\"alignnone wp-image-54561\" src=\"https:\/\/spinlama.com\/cz\/wp-content\/uploads\/sites\/19\/2019\/09\/knotremover11-311x400.jpg\" alt=\"\" width=\"514\" height=\"661\" srcset=\"https:\/\/spinlama.com\/cz\/wp-content\/uploads\/sites\/19\/2019\/09\/knotremover11-311x400.jpg 311w, https:\/\/spinlama.com\/cz\/wp-content\/uploads\/sites\/19\/2019\/09\/knotremover11-510x655.jpg 510w, https:\/\/spinlama.com\/cz\/wp-content\/uploads\/sites\/19\/2019\/09\/knotremover11.jpg 519w\" sizes=\"(max-width: 514px) 100vw, 514px\" \/><\/span><\/p>\n<p style=\"text-align: center\"><span style=\"font-size: 120%\"><strong>Kart\u00e1\u010d Knot Remover je ide\u00e1ln\u00ed pro v\u0161echny typy chlup\u016f a srsti!<\/strong> Pro zv\u00ed\u0159ata se st\u0159edn\u011b dlouhou a dlouhou srst\u00ed a podsadou. Je vhodn\u00fd zejm\u00e9na pro zv\u00ed\u0159ata s velmi hustou srst\u00ed, u kter\u00fdch se rychle tvo\u0159\u00ed mal\u00e9 chom\u00e1\u010dky chlup\u016f, kter\u00e9 se obvykle obt\u00ed\u017en\u011b vy\u010des\u00e1vaj\u00ed.<\/span><\/p>\n<p style=\"text-align: center\"><span style=\"font-size: 140%\" data-ccp-props=\"{&quot;134233279&quot;:true,&quot;201341983&quot;:0,&quot;335559739&quot;:160,&quot;335559740&quot;:276}\"> <img loading=\"lazy\" decoding=\"async\" class=\"alignnone size-medium wp-image-54530\" src=\"https:\/\/spinlama.com\/cz\/wp-content\/uploads\/sites\/19\/2019\/09\/knotremover1-496x400.jpg\" alt=\"\" width=\"496\" height=\"400\" srcset=\"https:\/\/spinlama.com\/cz\/wp-content\/uploads\/sites\/19\/2019\/09\/knotremover1-496x400.jpg 496w, https:\/\/spinlama.com\/cz\/wp-content\/uploads\/sites\/19\/2019\/09\/knotremover1-510x411.jpg 510w, https:\/\/spinlama.com\/cz\/wp-content\/uploads\/sites\/19\/2019\/09\/knotremover1-768x620.jpg 768w, https:\/\/spinlama.com\/cz\/wp-content\/uploads\/sites\/19\/2019\/09\/knotremover1-992x800.jpg 992w, https:\/\/spinlama.com\/cz\/wp-content\/uploads\/sites\/19\/2019\/09\/knotremover1.jpg 1024w\" sizes=\"(max-width: 496px) 100vw, 496px\" \/><\/span><\/p>\n<p style=\"text-align: center\"><strong><span style=\"font-size: 120%\">N\u00e1stroj pro \u00fa\u010dinn\u00e9 odstran\u011bn\u00ed odum\u0159el\u00fdch chlup\u016f a uzl\u00edk\u016f!<\/span><\/strong><br \/>\n<span style=\"font-size: 120%\">Je tak\u00e9 vynikaj\u00edc\u00ed pro odstra\u0148ov\u00e1n\u00ed ne\u010distot, zaschl\u00e9ho bl\u00e1ta atd. ze srsti.<\/span><\/p>\n<p><img loading=\"lazy\" decoding=\"async\" class=\"size-medium wp-image-54531 aligncenter\" src=\"https:\/\/spinlama.com\/cz\/wp-content\/uploads\/sites\/19\/2019\/09\/knot-remover-1-600x400.jpg\" alt=\"\" width=\"600\" height=\"400\" srcset=\"https:\/\/spinlama.com\/cz\/wp-content\/uploads\/sites\/19\/2019\/09\/knot-remover-1-600x400.jpg 600w, https:\/\/spinlama.com\/cz\/wp-content\/uploads\/sites\/19\/2019\/09\/knot-remover-1-510x340.jpg 510w, https:\/\/spinlama.com\/cz\/wp-content\/uploads\/sites\/19\/2019\/09\/knot-remover-1-768x512.jpg 768w, https:\/\/spinlama.com\/cz\/wp-content\/uploads\/sites\/19\/2019\/09\/knot-remover-1-1200x800.jpg 1200w, https:\/\/spinlama.com\/cz\/wp-content\/uploads\/sites\/19\/2019\/09\/knot-remover-1.jpg 2048w\" sizes=\"(max-width: 600px) 100vw, 600px\" \/><\/p>\n<p style=\"text-align: center\"><span style=\"font-size: 120%\"><strong>Doporu\u010duje se pou\u017e\u00edvat zejm\u00e9na p\u0159i sez\u00f3nn\u00ed v\u00fdm\u011bn\u011b srsti (na ja\u0159e a na podzim)<\/strong>, kdy je v\u00fdm\u011bna srsti intenzivn\u011bj\u0161\u00ed, co\u017e pro majitele chlup\u00e1\u010d\u016f znamen\u00e1 spoustu vys\u00e1v\u00e1n\u00ed, vyt\u00edr\u00e1n\u00ed, odstra\u0148ov\u00e1n\u00ed chlup\u016f z oble\u010den\u00ed, seda\u010dek a pol\u0161t\u00e1\u0159\u016f.\u00a0<\/span><\/p>\n<p><img loading=\"lazy\" decoding=\"async\" class=\"alignnone size-medium wp-image-202645 aligncenter\" src=\"https:\/\/spinlama.com\/cz\/wp-content\/uploads\/sites\/19\/2019\/09\/knotremover_2-1-400x400.jpg\" alt=\"\" width=\"400\" height=\"400\" srcset=\"https:\/\/spinlama.com\/cz\/wp-content\/uploads\/sites\/19\/2019\/09\/knotremover_2-1-400x400.jpg 400w, https:\/\/spinlama.com\/cz\/wp-content\/uploads\/sites\/19\/2019\/09\/knotremover_2-1-100x100.jpg 100w, https:\/\/spinlama.com\/cz\/wp-content\/uploads\/sites\/19\/2019\/09\/knotremover_2-1-510x510.jpg 510w, https:\/\/spinlama.com\/cz\/wp-content\/uploads\/sites\/19\/2019\/09\/knotremover_2-1-800x800.jpg 800w, https:\/\/spinlama.com\/cz\/wp-content\/uploads\/sites\/19\/2019\/09\/knotremover_2-1-280x280.jpg 280w, https:\/\/spinlama.com\/cz\/wp-content\/uploads\/sites\/19\/2019\/09\/knotremover_2-1-768x768.jpg 768w, https:\/\/spinlama.com\/cz\/wp-content\/uploads\/sites\/19\/2019\/09\/knotremover_2-1.jpg 1000w\" sizes=\"(max-width: 400px) 100vw, 400px\" \/><\/p>\n<p style=\"text-align: center\"><strong><span style=\"font-size: 120%\">Zaoblen\u00e9 \u0161t\u011btiny jsou velmi jemn\u00e9 a nepo\u0161kozuj\u00ed poko\u017eku<\/span><\/strong><br \/>\n<span style=\"font-size: 120%\">Jsou speci\u00e1ln\u011b navr\u017eeny tak, abyste sv\u00e9ho mazl\u00ed\u010dka kart\u00e1\u010dovali a mas\u00edrovali z\u00e1rove\u0148, co\u017e mu zajist\u00ed v\u011bt\u0161\u00ed uvoln\u011bn\u00ed a men\u0161\u00ed strach z kart\u00e1\u010dov\u00e1n\u00ed.<\/span><span style=\"font-size: 140%\"><br \/>\n<\/span><\/p>\n<p><img loading=\"lazy\" decoding=\"async\" class=\"alignnone size-medium wp-image-202643 aligncenter\" src=\"https:\/\/spinlama.com\/cz\/wp-content\/uploads\/sites\/19\/2019\/09\/knotremover0-1-400x400.jpg\" alt=\"\" width=\"400\" height=\"400\" srcset=\"https:\/\/spinlama.com\/cz\/wp-content\/uploads\/sites\/19\/2019\/09\/knotremover0-1-400x400.jpg 400w, https:\/\/spinlama.com\/cz\/wp-content\/uploads\/sites\/19\/2019\/09\/knotremover0-1-100x100.jpg 100w, https:\/\/spinlama.com\/cz\/wp-content\/uploads\/sites\/19\/2019\/09\/knotremover0-1-510x510.jpg 510w, https:\/\/spinlama.com\/cz\/wp-content\/uploads\/sites\/19\/2019\/09\/knotremover0-1-800x800.jpg 800w, https:\/\/spinlama.com\/cz\/wp-content\/uploads\/sites\/19\/2019\/09\/knotremover0-1-280x280.jpg 280w, https:\/\/spinlama.com\/cz\/wp-content\/uploads\/sites\/19\/2019\/09\/knotremover0-1-768x768.jpg 768w, https:\/\/spinlama.com\/cz\/wp-content\/uploads\/sites\/19\/2019\/09\/knotremover0-1.jpg 1000w\" sizes=\"(max-width: 400px) 100vw, 400px\" \/><\/p>\n<p><strong><span style=\"font-size: 110%\">V\u00fdhody:<\/span><\/strong><br \/>\n<span style=\"font-size: 110%\">\u2022 rychl\u00e9 a snadn\u00e9 pou\u017eit\u00ed<\/span><br \/>\n<span style=\"font-size: 110%\">\u2022 pro v\u0161echna zv\u00ed\u0159ata se st\u0159edn\u011b dlouhou a dlouhou srst\u00ed a podsadou<\/span><br \/>\n<span style=\"font-size: 110%\">\u2022 pro vnit\u0159n\u00ed i venkovn\u00ed zv\u00ed\u0159ata<\/span><br \/>\n<span style=\"font-size: 110%\">\u2022 odstra\u0148uje uzl\u00edky, chom\u00e1\u010de a odum\u0159el\u00e9 chlupy<\/span><br \/>\n<span style=\"font-size: 110%\">\u2022 neubli\u017euje zv\u00ed\u0159eti<\/span><\/p>\n<p><strong><span style=\"font-size: 110%\">Vlastnosti:<\/span><\/strong><br \/>\n<span style=\"font-size: 110%\">Materi\u00e1l: \u0161t\u011btiny \u2013 nerezov\u00e1 ocel, rukoje\u0165 \u2013 silikon, plast<\/span><br \/>\n<span style=\"font-size: 110%\">Barva: modr\u00e1<\/span><br \/>\n<span style=\"font-size: 110%\">Velikost:\u00a0MINI (s 11 \u0161t\u011btinami) a MAXI (se 16 \u0161t\u011btinami)<\/span><\/p>\n<p><span style=\"font-size: 105%\"><strong>N\u00e1vod k pou\u017eit\u00ed:<br \/>\n<\/strong>Zaujm\u011bte m\u00edsto, kde m\u00e1te dostatek prostoru, abyste na mazl\u00ed\u010dka dos\u00e1hli ze v\u0161ech stran. Zkontrolujte, kde je srst zacuchan\u00e1, slepen\u00e1 a zamotan\u00e1. Pokud jsou na srsti velk\u00e9 chom\u00e1\u010de chlup\u016f, doporu\u010dujeme je p\u0159ed kart\u00e1\u010dov\u00e1n\u00edm odstranit. S roz\u010des\u00e1v\u00e1n\u00edm za\u010dn\u011bte opatrn\u011b a postupn\u011b. V\u017edy vy\u010des\u00e1vejte ve sm\u011bru r\u016fstu chlup\u016f. <\/span><\/p>\n<p><strong><span style=\"font-size: 105%\">\u010ci\u0161t\u011bn\u00ed a \u00fadr\u017eba:<\/span><\/strong><br \/>\n<span style=\"font-size: 105%\">Po vy\u010des\u00e1n\u00ed vy\u010dist\u011bte hlavu kart\u00e1\u010de tak, \u017ee odstran\u00edte v\u0161echny chlupy, kter\u00e9 z\u016fstaly mezi \u0161t\u011btinami, a pot\u00e9 kart\u00e1\u010d opl\u00e1chn\u011bte vodou a nechte jej uschnout na vzduchu.<\/span><\/p>\n","protected":false},"excerpt":{"rendered":"<p><span style=\"font-size: 120%\">Nejlep\u0161\u00ed n\u00e1stroj na kart\u00e1\u010dov\u00e1n\u00ed a roz\u010des\u00e1v\u00e1n\u00ed zv\u00ed\u0159ec\u00edch chlup\u016f.<\/span><\/p>\n<p><span style=\"font-size: 120%\"><strong>K dispozici ve dvou velikostech:<br \/>\n<\/strong>velikost mini s 11 \u0161t\u011btinami a velikost maxi s 16 \u0161t\u011btinami.\u00a0<\/span><\/p>\n<p>&nbsp;<\/p>\n","protected":false},"featured_media":54535,"comment_status":"closed","ping_status":"closed","template":"","meta":[],"product_cat":[564,68,15],"product_tag":[],"aioseo_notices":[],"_links":{"self":[{"href":"https:\/\/spinlama.com\/cz\/wp-json\/wp\/v2\/product\/54518"}],"collection":[{"href":"https:\/\/spinlama.com\/cz\/wp-json\/wp\/v2\/product"}],"about":[{"href":"https:\/\/spinlama.com\/cz\/wp-json\/wp\/v2\/types\/product"}],"replies":[{"embeddable":true,"href":"https:\/\/spinlama.com\/cz\/wp-json\/wp\/v2\/comments?post=54518"}],"version-history":[{"count":11,"href":"https:\/\/spinlama.com\/cz\/wp-json\/wp\/v2\/product\/54518\/revisions"}],"predecessor-version":[{"id":203168,"href":"https:\/\/spinlama.com\/cz\/wp-json\/wp\/v2\/product\/54518\/revisions\/203168"}],"wp:featuredmedia":[{"embeddable":true,"href":"https:\/\/spinlama.com\/cz\/wp-json\/wp\/v2\/media\/54535"}],"wp:attachment":[{"href":"https:\/\/spinlama.com\/cz\/wp-json\/wp\/v2\/media?parent=54518"}],"wp:term":[{"taxonomy":"product_cat","embeddable":true,"href":"https:\/\/spinlama.com\/cz\/wp-json\/wp\/v2\/product_cat?post=54518"},{"taxonomy":"product_tag","embeddable":true,"href":"https:\/\/spinlama.com\/cz\/wp-json\/wp\/v2\/product_tag?post=54518"}],"curies":[{"name":"wp","href":"https:\/\/api.w.org\/{rel}","templated":true}]}}