{"id":119454,"date":"2021-11-29T09:09:35","date_gmt":"2021-11-29T08:09:35","guid":{"rendered":"https:\/\/vivozebra.hr\/?post_type=product&#038;p=119454"},"modified":"2023-09-12T10:25:37","modified_gmt":"2023-09-12T08:25:37","slug":"magicwipe","status":"publish","type":"product","link":"https:\/\/spinlama.com\/hr\/proizvod\/magicwipe\/","title":{"rendered":"(5+5 gratis) MagicWipe \u2013 svestrane \u010darobne krpe"},"content":{"rendered":"\t\t<div data-elementor-type=\"product-post\" data-elementor-id=\"119454\" class=\"elementor elementor-119454\" data-elementor-post-type=\"product\">\n\t\t\t\t\t\t<section class=\"elementor-section elementor-top-section elementor-element elementor-element-f79c4bb elementor-section-boxed elementor-section-height-default elementor-section-height-default\" data-id=\"f79c4bb\" data-element_type=\"section\">\n\t\t\t\t\t\t<div class=\"elementor-container elementor-column-gap-default\">\n\t\t\t\t\t<div class=\"elementor-column elementor-col-50 elementor-top-column elementor-element elementor-element-5d84018\" data-id=\"5d84018\" data-element_type=\"column\">\n\t\t\t<div class=\"elementor-widget-wrap elementor-element-populated\">\n\t\t\t\t\t\t<div class=\"elementor-element elementor-element-71c2917 elementor-widget elementor-widget-text-editor\" data-id=\"71c2917\" data-element_type=\"widget\" data-widget_type=\"text-editor.default\">\n\t\t\t\t<div class=\"elementor-widget-container\">\n\t\t\t<style>\/*! elementor - v3.21.0 - 18-04-2024 *\/\n.elementor-widget-text-editor.elementor-drop-cap-view-stacked .elementor-drop-cap{background-color:#69727d;color:#fff}.elementor-widget-text-editor.elementor-drop-cap-view-framed .elementor-drop-cap{color:#69727d;border:3px solid;background-color:transparent}.elementor-widget-text-editor:not(.elementor-drop-cap-view-default) .elementor-drop-cap{margin-top:8px}.elementor-widget-text-editor:not(.elementor-drop-cap-view-default) .elementor-drop-cap-letter{width:1em;height:1em}.elementor-widget-text-editor .elementor-drop-cap{float:left;text-align:center;line-height:1;font-size:50px}.elementor-widget-text-editor .elementor-drop-cap-letter{display:inline-block}<\/style>\t\t\t\t<h2>Savr\u0161ene krpe za brisanje svih povr\u0161ina!<\/h2><p>Krpe <strong>MagicWipe<\/strong> vrlo su u\u010dinkovito i revolucionarno rje\u0161enje koje je odu\u0161evilo svijet!<\/p><p>Prikladne su za brisanje mokrih mrlja i suhih povr\u0161ina (pra\u0161ine).\u00a0<\/p><p>Za najbolje rezultate uzmite vla\u017enu krpu i nakon nje obri\u0161ite suhom krpom. Mo\u017eete upotrijebiti samo vodu, sredstva za \u010di\u0161\u0107enje nisu potrebna.\u00a0<\/p>\t\t\t\t\t\t<\/div>\n\t\t\t\t<\/div>\n\t\t\t\t\t<\/div>\n\t\t<\/div>\n\t\t\t\t<div class=\"elementor-column elementor-col-50 elementor-top-column elementor-element elementor-element-3a98d52\" data-id=\"3a98d52\" data-element_type=\"column\">\n\t\t\t<div class=\"elementor-widget-wrap elementor-element-populated\">\n\t\t\t\t\t\t<div class=\"elementor-element elementor-element-f1950b2 elementor-widget elementor-widget-image\" data-id=\"f1950b2\" data-element_type=\"widget\" data-widget_type=\"image.default\">\n\t\t\t\t<div class=\"elementor-widget-container\">\n\t\t\t<style>\/*! elementor - v3.21.0 - 18-04-2024 *\/\n.elementor-widget-image{text-align:center}.elementor-widget-image a{display:inline-block}.elementor-widget-image a img[src$=\".svg\"]{width:48px}.elementor-widget-image img{vertical-align:middle;display:inline-block}<\/style>\t\t\t\t\t\t\t\t\t\t<img fetchpriority=\"high\" decoding=\"async\" width=\"800\" height=\"800\" src=\"https:\/\/spinlama.com\/hr\/wp-content\/uploads\/sites\/31\/2021\/11\/IMG_4553-copy-800x800.jpg\" class=\"attachment-large size-large wp-image-119459\" alt=\"\" srcset=\"https:\/\/spinlama.com\/hr\/wp-content\/uploads\/sites\/31\/2021\/11\/IMG_4553-copy-800x800.jpg 800w, https:\/\/spinlama.com\/hr\/wp-content\/uploads\/sites\/31\/2021\/11\/IMG_4553-copy-100x100.jpg 100w, https:\/\/spinlama.com\/hr\/wp-content\/uploads\/sites\/31\/2021\/11\/IMG_4553-copy-600x600.jpg 600w, https:\/\/spinlama.com\/hr\/wp-content\/uploads\/sites\/31\/2021\/11\/IMG_4553-copy-400x400.jpg 400w, https:\/\/spinlama.com\/hr\/wp-content\/uploads\/sites\/31\/2021\/11\/IMG_4553-copy-280x280.jpg 280w, https:\/\/spinlama.com\/hr\/wp-content\/uploads\/sites\/31\/2021\/11\/IMG_4553-copy-768x768.jpg 768w, https:\/\/spinlama.com\/hr\/wp-content\/uploads\/sites\/31\/2021\/11\/IMG_4553-copy.jpg 1000w\" sizes=\"(max-width: 800px) 100vw, 800px\" \/>\t\t\t\t\t\t\t\t\t\t\t\t\t<\/div>\n\t\t\t\t<\/div>\n\t\t\t\t\t<\/div>\n\t\t<\/div>\n\t\t\t\t\t<\/div>\n\t\t<\/section>\n\t\t\t\t<section class=\"elementor-section elementor-top-section elementor-element elementor-element-25b310a elementor-section-boxed elementor-section-height-default elementor-section-height-default\" data-id=\"25b310a\" data-element_type=\"section\">\n\t\t\t\t\t\t<div class=\"elementor-container elementor-column-gap-default\">\n\t\t\t\t\t<div class=\"elementor-column elementor-col-50 elementor-top-column elementor-element elementor-element-079f1d1\" data-id=\"079f1d1\" data-element_type=\"column\">\n\t\t\t<div class=\"elementor-widget-wrap elementor-element-populated\">\n\t\t\t\t\t\t<div class=\"elementor-element elementor-element-70af0d2 elementor-widget elementor-widget-image\" data-id=\"70af0d2\" data-element_type=\"widget\" data-widget_type=\"image.default\">\n\t\t\t\t<div class=\"elementor-widget-container\">\n\t\t\t\t\t\t\t\t\t\t\t\t\t<img decoding=\"async\" width=\"800\" height=\"800\" src=\"https:\/\/spinlama.com\/hr\/wp-content\/uploads\/sites\/31\/2021\/11\/EW-img-12-copy-800x800.jpg\" class=\"attachment-large size-large wp-image-119460\" alt=\"\" srcset=\"https:\/\/spinlama.com\/hr\/wp-content\/uploads\/sites\/31\/2021\/11\/EW-img-12-copy-800x800.jpg 800w, https:\/\/spinlama.com\/hr\/wp-content\/uploads\/sites\/31\/2021\/11\/EW-img-12-copy-100x100.jpg 100w, https:\/\/spinlama.com\/hr\/wp-content\/uploads\/sites\/31\/2021\/11\/EW-img-12-copy-600x600.jpg 600w, https:\/\/spinlama.com\/hr\/wp-content\/uploads\/sites\/31\/2021\/11\/EW-img-12-copy-400x400.jpg 400w, https:\/\/spinlama.com\/hr\/wp-content\/uploads\/sites\/31\/2021\/11\/EW-img-12-copy-280x280.jpg 280w, https:\/\/spinlama.com\/hr\/wp-content\/uploads\/sites\/31\/2021\/11\/EW-img-12-copy-768x768.jpg 768w, https:\/\/spinlama.com\/hr\/wp-content\/uploads\/sites\/31\/2021\/11\/EW-img-12-copy.jpg 1000w\" sizes=\"(max-width: 800px) 100vw, 800px\" \/>\t\t\t\t\t\t\t\t\t\t\t\t\t<\/div>\n\t\t\t\t<\/div>\n\t\t\t\t\t<\/div>\n\t\t<\/div>\n\t\t\t\t<div class=\"elementor-column elementor-col-50 elementor-top-column elementor-element elementor-element-3cf05dc\" data-id=\"3cf05dc\" data-element_type=\"column\">\n\t\t\t<div class=\"elementor-widget-wrap elementor-element-populated\">\n\t\t\t\t\t\t<div class=\"elementor-element elementor-element-daa19ff elementor-widget elementor-widget-text-editor\" data-id=\"daa19ff\" data-element_type=\"widget\" data-widget_type=\"text-editor.default\">\n\t\t\t\t<div class=\"elementor-widget-container\">\n\t\t\t\t\t\t\t<p>\u2705 Krpe su odli\u010dne za brisanje i poliranje staklenih povr\u0161ina.<\/p><p>\u2705 Materijal je mekan, izdr\u017eljiv i ugodan za ko\u017eu.<\/p><p>\u2705 Tako\u0111er u\u010dinkovito uklanja pra\u0161inu s glatkih povr\u0161ina.<\/p><p>\u2705 Mo\u017eete ih bez problema upotrijebiti i za \u010di\u0161\u0107enje zaslona ure\u0111aja.<\/p>\t\t\t\t\t\t<\/div>\n\t\t\t\t<\/div>\n\t\t\t\t\t<\/div>\n\t\t<\/div>\n\t\t\t\t\t<\/div>\n\t\t<\/section>\n\t\t\t\t<section class=\"elementor-section elementor-top-section elementor-element elementor-element-0975b4c elementor-section-boxed elementor-section-height-default elementor-section-height-default\" data-id=\"0975b4c\" data-element_type=\"section\">\n\t\t\t\t\t\t<div class=\"elementor-container elementor-column-gap-default\">\n\t\t\t\t\t<div class=\"elementor-column elementor-col-50 elementor-top-column elementor-element elementor-element-60b97ac\" data-id=\"60b97ac\" data-element_type=\"column\">\n\t\t\t<div class=\"elementor-widget-wrap elementor-element-populated\">\n\t\t\t\t\t\t<div class=\"elementor-element elementor-element-699c200 elementor-widget elementor-widget-text-editor\" data-id=\"699c200\" data-element_type=\"widget\" data-widget_type=\"text-editor.default\">\n\t\t\t\t<div class=\"elementor-widget-container\">\n\t\t\t\t\t\t\t<p>XL krpe koje jednostavno morate imati! Poliraju, bri\u0161u i \u010diste bez ostavljanja dla\u010dica \ud83d\ude0a<\/p>\t\t\t\t\t\t<\/div>\n\t\t\t\t<\/div>\n\t\t\t\t\t<\/div>\n\t\t<\/div>\n\t\t\t\t<div class=\"elementor-column elementor-col-50 elementor-top-column elementor-element elementor-element-0f16880\" data-id=\"0f16880\" data-element_type=\"column\">\n\t\t\t<div class=\"elementor-widget-wrap elementor-element-populated\">\n\t\t\t\t\t\t<div class=\"elementor-element elementor-element-55da146 elementor-widget elementor-widget-image\" data-id=\"55da146\" data-element_type=\"widget\" data-widget_type=\"image.default\">\n\t\t\t\t<div class=\"elementor-widget-container\">\n\t\t\t\t\t\t\t\t\t\t\t\t\t<img decoding=\"async\" width=\"800\" height=\"800\" src=\"https:\/\/spinlama.com\/hr\/wp-content\/uploads\/sites\/31\/2021\/11\/MW-PROD-5-HR-800x800.jpg\" class=\"attachment-large size-large wp-image-119465\" alt=\"\" srcset=\"https:\/\/spinlama.com\/hr\/wp-content\/uploads\/sites\/31\/2021\/11\/MW-PROD-5-HR-800x800.jpg 800w, https:\/\/spinlama.com\/hr\/wp-content\/uploads\/sites\/31\/2021\/11\/MW-PROD-5-HR-100x100.jpg 100w, https:\/\/spinlama.com\/hr\/wp-content\/uploads\/sites\/31\/2021\/11\/MW-PROD-5-HR-600x600.jpg 600w, https:\/\/spinlama.com\/hr\/wp-content\/uploads\/sites\/31\/2021\/11\/MW-PROD-5-HR-400x400.jpg 400w, https:\/\/spinlama.com\/hr\/wp-content\/uploads\/sites\/31\/2021\/11\/MW-PROD-5-HR-280x280.jpg 280w, https:\/\/spinlama.com\/hr\/wp-content\/uploads\/sites\/31\/2021\/11\/MW-PROD-5-HR-768x768.jpg 768w, https:\/\/spinlama.com\/hr\/wp-content\/uploads\/sites\/31\/2021\/11\/MW-PROD-5-HR.jpg 1080w\" sizes=\"(max-width: 800px) 100vw, 800px\" \/>\t\t\t\t\t\t\t\t\t\t\t\t\t<\/div>\n\t\t\t\t<\/div>\n\t\t\t\t\t<\/div>\n\t\t<\/div>\n\t\t\t\t\t<\/div>\n\t\t<\/section>\n\t\t\t\t<section class=\"elementor-section elementor-top-section elementor-element elementor-element-81aa057 elementor-section-boxed elementor-section-height-default elementor-section-height-default\" data-id=\"81aa057\" data-element_type=\"section\">\n\t\t\t\t\t\t<div class=\"elementor-container elementor-column-gap-default\">\n\t\t\t\t\t<div class=\"elementor-column elementor-col-100 elementor-top-column elementor-element elementor-element-ba84e57\" data-id=\"ba84e57\" data-element_type=\"column\">\n\t\t\t<div class=\"elementor-widget-wrap elementor-element-populated\">\n\t\t\t\t\t\t<div class=\"elementor-element elementor-element-49eda6e elementor-widget elementor-widget-accordion\" data-id=\"49eda6e\" data-element_type=\"widget\" data-widget_type=\"accordion.default\">\n\t\t\t\t<div class=\"elementor-widget-container\">\n\t\t\t<style>\/*! elementor - v3.21.0 - 18-04-2024 *\/\n.elementor-accordion{text-align:start}.elementor-accordion .elementor-accordion-item{border:1px solid #d5d8dc}.elementor-accordion .elementor-accordion-item+.elementor-accordion-item{border-top:none}.elementor-accordion .elementor-tab-title{margin:0;padding:15px 20px;font-weight:700;line-height:1;cursor:pointer;outline:none}.elementor-accordion .elementor-tab-title .elementor-accordion-icon{display:inline-block;width:1.5em}.elementor-accordion .elementor-tab-title .elementor-accordion-icon svg{width:1em;height:1em}.elementor-accordion .elementor-tab-title .elementor-accordion-icon.elementor-accordion-icon-right{float:right;text-align:right}.elementor-accordion .elementor-tab-title .elementor-accordion-icon.elementor-accordion-icon-left{float:left;text-align:left}.elementor-accordion .elementor-tab-title .elementor-accordion-icon .elementor-accordion-icon-closed{display:block}.elementor-accordion .elementor-tab-title .elementor-accordion-icon .elementor-accordion-icon-opened,.elementor-accordion .elementor-tab-title.elementor-active .elementor-accordion-icon-closed{display:none}.elementor-accordion .elementor-tab-title.elementor-active .elementor-accordion-icon-opened{display:block}.elementor-accordion .elementor-tab-content{display:none;padding:15px 20px;border-top:1px solid #d5d8dc}@media (max-width:767px){.elementor-accordion .elementor-tab-title{padding:12px 15px}.elementor-accordion .elementor-tab-title .elementor-accordion-icon{width:1.2em}.elementor-accordion .elementor-tab-content{padding:7px 15px}}.e-con-inner>.elementor-widget-accordion,.e-con>.elementor-widget-accordion{width:var(--container-widget-width);--flex-grow:var(--container-widget-flex-grow)}<\/style>\t\t<div class=\"elementor-accordion\">\n\t\t\t\t\t\t\t<div class=\"elementor-accordion-item\">\n\t\t\t\t\t<div id=\"elementor-tab-title-7751\" class=\"elementor-tab-title\" data-tab=\"1\" role=\"button\" aria-controls=\"elementor-tab-content-7751\" aria-expanded=\"false\">\n\t\t\t\t\t\t\t\t\t\t\t\t\t<span class=\"elementor-accordion-icon elementor-accordion-icon-left\" aria-hidden=\"true\">\n\t\t\t\t\t\t\t\t\t\t\t\t\t\t\t<span class=\"elementor-accordion-icon-closed\"><i class=\"fas fa-plus\"><\/i><\/span>\n\t\t\t\t\t\t\t\t<span class=\"elementor-accordion-icon-opened\"><i class=\"fas fa-minus\"><\/i><\/span>\n\t\t\t\t\t\t\t\t\t\t\t\t\t\t<\/span>\n\t\t\t\t\t\t\t\t\t\t\t\t<a class=\"elementor-accordion-title\" tabindex=\"0\">KAKO FUNKCIONIRAJU?<\/a>\n\t\t\t\t\t<\/div>\n\t\t\t\t\t<div id=\"elementor-tab-content-7751\" class=\"elementor-tab-content elementor-clearfix\" data-tab=\"1\" role=\"region\" aria-labelledby=\"elementor-tab-title-7751\"><p>Krpe MagicWipe vrlo su u\u010dinkovito i revolucionarno rje\u0161enje koje je odu\u0161evilo svijet!<\/p><p>Prikladne su za brisanje mokrih mrlja i suhih povr\u0161ina (pra\u0161ine).\u00a0<\/p><p>Za najbolje rezultate uzmite vla\u017enu krpu i nakon nje obri\u0161ite suhom krpom. Mo\u017eete upotrijebiti samo vodu, sredstva za \u010di\u0161\u0107enje nisu potrebna.\u00a0<\/p><\/div>\n\t\t\t\t<\/div>\n\t\t\t\t\t\t\t<div class=\"elementor-accordion-item\">\n\t\t\t\t\t<div id=\"elementor-tab-title-7752\" class=\"elementor-tab-title\" data-tab=\"2\" role=\"button\" aria-controls=\"elementor-tab-content-7752\" aria-expanded=\"false\">\n\t\t\t\t\t\t\t\t\t\t\t\t\t<span class=\"elementor-accordion-icon elementor-accordion-icon-left\" aria-hidden=\"true\">\n\t\t\t\t\t\t\t\t\t\t\t\t\t\t\t<span class=\"elementor-accordion-icon-closed\"><i class=\"fas fa-plus\"><\/i><\/span>\n\t\t\t\t\t\t\t\t<span class=\"elementor-accordion-icon-opened\"><i class=\"fas fa-minus\"><\/i><\/span>\n\t\t\t\t\t\t\t\t\t\t\t\t\t\t<\/span>\n\t\t\t\t\t\t\t\t\t\t\t\t<a class=\"elementor-accordion-title\" tabindex=\"0\">ZNA\u010cAJKE<\/a>\n\t\t\t\t\t<\/div>\n\t\t\t\t\t<div id=\"elementor-tab-content-7752\" class=\"elementor-tab-content elementor-clearfix\" data-tab=\"2\" role=\"region\" aria-labelledby=\"elementor-tab-title-7752\"><p><strong>Dimenzije<\/strong>: 30 cm x 40 cm<br \/>Pakirane su u komplet od 5 krpa<br \/><strong>Boje<\/strong>: <span style=\"font-size: 110%\"><strong>classic (zelena, bijela, ljubi\u010dasta, siva i plava) \/ pastel (plava, ru\u017ei\u010dasta, bijela, be\u017e, siva)<\/strong><\/span><\/p><ul><li>U paketu dobivate 5 krpa <strong>+ 5 krpa besplatno<\/strong><\/li><li>Antibakterijske upijaju\u0107e krpe<\/li><li>Higijenske<\/li><li>Mekan, izdr\u017eljiv i dugotrajan materijal<\/li><li>Za vi\u0161ekratnu upotrebu\u00a0<\/li><li>Krpe se mogu prati<\/li><li>Mogu zadr\u017eati do 7x svoje te\u017eine<\/li><li>Ekolo\u0161ki prihvatljive<\/li><li>Za \u010di\u0161\u0107enje je dovoljna voda, nisu potrebne kemikalije ni sredstva za \u010di\u0161\u0107enje<\/li><li>Ne ostavljaju tragove\u00a0<\/li><\/ul><p>Podrijetlo: Kina<\/p><\/div>\n\t\t\t\t<\/div>\n\t\t\t\t\t\t\t<div class=\"elementor-accordion-item\">\n\t\t\t\t\t<div id=\"elementor-tab-title-7753\" class=\"elementor-tab-title\" data-tab=\"3\" role=\"button\" aria-controls=\"elementor-tab-content-7753\" aria-expanded=\"false\">\n\t\t\t\t\t\t\t\t\t\t\t\t\t<span class=\"elementor-accordion-icon elementor-accordion-icon-left\" aria-hidden=\"true\">\n\t\t\t\t\t\t\t\t\t\t\t\t\t\t\t<span class=\"elementor-accordion-icon-closed\"><i class=\"fas fa-plus\"><\/i><\/span>\n\t\t\t\t\t\t\t\t<span class=\"elementor-accordion-icon-opened\"><i class=\"fas fa-minus\"><\/i><\/span>\n\t\t\t\t\t\t\t\t\t\t\t\t\t\t<\/span>\n\t\t\t\t\t\t\t\t\t\t\t\t<a class=\"elementor-accordion-title\" tabindex=\"0\">MATERIAL<\/a>\n\t\t\t\t\t<\/div>\n\t\t\t\t\t<div id=\"elementor-tab-content-7753\" class=\"elementor-tab-content elementor-clearfix\" data-tab=\"3\" role=\"region\" aria-labelledby=\"elementor-tab-title-7753\"><p>Mikrovlakna<\/p><p><strong>Sastav:\u00a0<\/strong>Mje\u0161avina kompozitnog prediva od poliestera i najlona.<\/p><\/div>\n\t\t\t\t<\/div>\n\t\t\t\t\t\t\t<div class=\"elementor-accordion-item\">\n\t\t\t\t\t<div id=\"elementor-tab-title-7754\" class=\"elementor-tab-title\" data-tab=\"4\" role=\"button\" aria-controls=\"elementor-tab-content-7754\" aria-expanded=\"false\">\n\t\t\t\t\t\t\t\t\t\t\t\t\t<span class=\"elementor-accordion-icon elementor-accordion-icon-left\" aria-hidden=\"true\">\n\t\t\t\t\t\t\t\t\t\t\t\t\t\t\t<span class=\"elementor-accordion-icon-closed\"><i class=\"fas fa-plus\"><\/i><\/span>\n\t\t\t\t\t\t\t\t<span class=\"elementor-accordion-icon-opened\"><i class=\"fas fa-minus\"><\/i><\/span>\n\t\t\t\t\t\t\t\t\t\t\t\t\t\t<\/span>\n\t\t\t\t\t\t\t\t\t\t\t\t<a class=\"elementor-accordion-title\" tabindex=\"0\">ODR\u017dAVANJE<\/a>\n\t\t\t\t\t<\/div>\n\t\t\t\t\t<div id=\"elementor-tab-content-7754\" class=\"elementor-tab-content elementor-clearfix\" data-tab=\"4\" role=\"region\" aria-labelledby=\"elementor-tab-title-7754\"><p>Krpe se mogu prati ru\u010dno ili u perilici rublja (30\u00b0C)<\/p><\/div>\n\t\t\t\t<\/div>\n\t\t\t\t\t\t\t\t<\/div>\n\t\t\t\t<\/div>\n\t\t\t\t<\/div>\n\t\t\t\t\t<\/div>\n\t\t<\/div>\n\t\t\t\t\t<\/div>\n\t\t<\/section>\n\t\t\t\t<\/div>\n\t\t","protected":false},"excerpt":{"rendered":"<p><span style=\"font-size: 110%\">Komplet od <strong>5 + 5<\/strong> krpa za \u010di\u0161\u0107enje svih glatkih povr\u0161ina bez ostavljanja tragova.<\/span><\/p>\n<p><span style=\"font-size: 110%\">Nigdje ne\u0107ete prona\u0107i jeftinije! Upijaju\u0107e, vi\u0161enamjenske <strong>XL krpe 5 + 5 BESPLATNO<\/strong> samo do isteka zaliha.<\/span><br \/>\n<span style=\"font-size: 110%\">Poliraju, bri\u0161u i \u010diste bez ostavljanja dla\u010dica \ud83d\ude0a Krpe koje jednostavno morate imati!<\/span><\/p>\n<p><span style=\"font-size: 110%\"><strong>XL VELI\u010cINA:\u00a0<\/strong>30 x 40 CM<strong><br \/>\nBoje u kompletu: classic (zelena, bijela, ljubi\u010dasta, siva i plava) \/ pastel (plava, ru\u017ei\u010dasta, bijela, be\u017e, siva)<\/strong><\/span><\/p>\n","protected":false},"featured_media":151902,"comment_status":"closed","ping_status":"closed","template":"","meta":[],"product_cat":[444,443,431,409,68],"product_tag":[],"aioseo_notices":[],"_links":{"self":[{"href":"https:\/\/spinlama.com\/hr\/wp-json\/wp\/v2\/product\/119454"}],"collection":[{"href":"https:\/\/spinlama.com\/hr\/wp-json\/wp\/v2\/product"}],"about":[{"href":"https:\/\/spinlama.com\/hr\/wp-json\/wp\/v2\/types\/product"}],"replies":[{"embeddable":true,"href":"https:\/\/spinlama.com\/hr\/wp-json\/wp\/v2\/comments?post=119454"}],"version-history":[{"count":23,"href":"https:\/\/spinlama.com\/hr\/wp-json\/wp\/v2\/product\/119454\/revisions"}],"predecessor-version":[{"id":154830,"href":"https:\/\/spinlama.com\/hr\/wp-json\/wp\/v2\/product\/119454\/revisions\/154830"}],"wp:featuredmedia":[{"embeddable":true,"href":"https:\/\/spinlama.com\/hr\/wp-json\/wp\/v2\/media\/151902"}],"wp:attachment":[{"href":"https:\/\/spinlama.com\/hr\/wp-json\/wp\/v2\/media?parent=119454"}],"wp:term":[{"taxonomy":"product_cat","embeddable":true,"href":"https:\/\/spinlama.com\/hr\/wp-json\/wp\/v2\/product_cat?post=119454"},{"taxonomy":"product_tag","embeddable":true,"href":"https:\/\/spinlama.com\/hr\/wp-json\/wp\/v2\/product_tag?post=119454"}],"curies":[{"name":"wp","href":"https:\/\/api.w.org\/{rel}","templated":true}]}}