{"id":147177,"date":"2023-01-26T14:22:10","date_gmt":"2023-01-26T13:22:10","guid":{"rendered":"https:\/\/vivozebra.hr\/?post_type=product&#038;p=147177"},"modified":"2023-01-27T11:56:33","modified_gmt":"2023-01-27T10:56:33","slug":"pro-x-twist-komplet-od-2-krpe","status":"publish","type":"product","link":"https:\/\/spinlama.com\/hr\/proizvod\/pro-x-twist-komplet-od-2-krpe\/","title":{"rendered":"PRO X-TWIST komplet od 2 krpe"},"content":{"rendered":"\t\t<div data-elementor-type=\"product-post\" data-elementor-id=\"147177\" class=\"elementor elementor-147177\" data-elementor-post-type=\"product\">\n\t\t\t\t\t\t<section class=\"elementor-section elementor-top-section elementor-element elementor-element-65e53d90 elementor-section-boxed elementor-section-height-default elementor-section-height-default\" data-id=\"65e53d90\" data-element_type=\"section\" data-settings=\"{&quot;background_background&quot;:&quot;classic&quot;}\">\n\t\t\t\t\t\t<div class=\"elementor-container elementor-column-gap-default\">\n\t\t\t\t\t<div class=\"elementor-column elementor-col-100 elementor-top-column elementor-element elementor-element-7f6b2961\" data-id=\"7f6b2961\" data-element_type=\"column\">\n\t\t\t<div class=\"elementor-widget-wrap elementor-element-populated\">\n\t\t\t\t\t\t<div class=\"elementor-element elementor-element-4fcc30f1 elementor-widget elementor-widget-heading\" data-id=\"4fcc30f1\" data-element_type=\"widget\" data-widget_type=\"heading.default\">\n\t\t\t\t<div class=\"elementor-widget-container\">\n\t\t\t<style>\/*! elementor - v3.21.0 - 18-04-2024 *\/\n.elementor-heading-title{padding:0;margin:0;line-height:1}.elementor-widget-heading .elementor-heading-title[class*=elementor-size-]>a{color:inherit;font-size:inherit;line-height:inherit}.elementor-widget-heading .elementor-heading-title.elementor-size-small{font-size:15px}.elementor-widget-heading .elementor-heading-title.elementor-size-medium{font-size:19px}.elementor-widget-heading .elementor-heading-title.elementor-size-large{font-size:29px}.elementor-widget-heading .elementor-heading-title.elementor-size-xl{font-size:39px}.elementor-widget-heading .elementor-heading-title.elementor-size-xxl{font-size:59px}<\/style><h2 class=\"elementor-heading-title elementor-size-default\">Vrhunske krpe za \u010di\u0161\u0107enje za PRO-X TWIST \u010dista\u010d<\/h2>\t\t<\/div>\n\t\t\t\t<\/div>\n\t\t\t\t\t<\/div>\n\t\t<\/div>\n\t\t\t\t\t<\/div>\n\t\t<\/section>\n\t\t\t\t<section class=\"elementor-section elementor-top-section elementor-element elementor-element-5d9344 elementor-reverse-mobile elementor-section-boxed elementor-section-height-default elementor-section-height-default\" data-id=\"5d9344\" data-element_type=\"section\">\n\t\t\t\t\t\t<div class=\"elementor-container elementor-column-gap-default\">\n\t\t\t\t\t<div class=\"elementor-column elementor-col-50 elementor-top-column elementor-element elementor-element-7cbc388e\" data-id=\"7cbc388e\" data-element_type=\"column\">\n\t\t\t<div class=\"elementor-widget-wrap elementor-element-populated\">\n\t\t\t\t\t\t<div class=\"elementor-element elementor-element-27789d1f elementor-widget elementor-widget-image\" data-id=\"27789d1f\" data-element_type=\"widget\" data-widget_type=\"image.default\">\n\t\t\t\t<div class=\"elementor-widget-container\">\n\t\t\t<style>\/*! elementor - v3.21.0 - 18-04-2024 *\/\n.elementor-widget-image{text-align:center}.elementor-widget-image a{display:inline-block}.elementor-widget-image a img[src$=\".svg\"]{width:48px}.elementor-widget-image img{vertical-align:middle;display:inline-block}<\/style>\t\t\t\t\t\t\t\t\t\t<img fetchpriority=\"high\" decoding=\"async\" width=\"790\" height=\"790\" src=\"https:\/\/spinlama.com\/hr\/wp-content\/uploads\/sites\/31\/2023\/01\/proxtwist-4.jpg\" class=\"attachment-large size-large wp-image-147158\" alt=\"\" srcset=\"https:\/\/spinlama.com\/hr\/wp-content\/uploads\/sites\/31\/2023\/01\/proxtwist-4.jpg 790w, https:\/\/spinlama.com\/hr\/wp-content\/uploads\/sites\/31\/2023\/01\/proxtwist-4-280x280.jpg 280w, https:\/\/spinlama.com\/hr\/wp-content\/uploads\/sites\/31\/2023\/01\/proxtwist-4-768x768.jpg 768w, https:\/\/spinlama.com\/hr\/wp-content\/uploads\/sites\/31\/2023\/01\/proxtwist-4-600x600.jpg 600w, https:\/\/spinlama.com\/hr\/wp-content\/uploads\/sites\/31\/2023\/01\/proxtwist-4-100x100.jpg 100w\" sizes=\"(max-width: 790px) 100vw, 790px\" \/>\t\t\t\t\t\t\t\t\t\t\t\t\t<\/div>\n\t\t\t\t<\/div>\n\t\t\t\t\t<\/div>\n\t\t<\/div>\n\t\t\t\t<div class=\"elementor-column elementor-col-50 elementor-top-column elementor-element elementor-element-78ec1468\" data-id=\"78ec1468\" data-element_type=\"column\">\n\t\t\t<div class=\"elementor-widget-wrap elementor-element-populated\">\n\t\t\t\t\t\t<div class=\"elementor-element elementor-element-594bc79b elementor-widget elementor-widget-text-editor\" data-id=\"594bc79b\" data-element_type=\"widget\" data-widget_type=\"text-editor.default\">\n\t\t\t\t<div class=\"elementor-widget-container\">\n\t\t\t<style>\/*! elementor - v3.21.0 - 18-04-2024 *\/\n.elementor-widget-text-editor.elementor-drop-cap-view-stacked .elementor-drop-cap{background-color:#69727d;color:#fff}.elementor-widget-text-editor.elementor-drop-cap-view-framed .elementor-drop-cap{color:#69727d;border:3px solid;background-color:transparent}.elementor-widget-text-editor:not(.elementor-drop-cap-view-default) .elementor-drop-cap{margin-top:8px}.elementor-widget-text-editor:not(.elementor-drop-cap-view-default) .elementor-drop-cap-letter{width:1em;height:1em}.elementor-widget-text-editor .elementor-drop-cap{float:left;text-align:center;line-height:1;font-size:50px}.elementor-widget-text-editor .elementor-drop-cap-letter{display:inline-block}<\/style>\t\t\t\t<p><span style=\"font-size: 120%\">Ova <strong>visokokvalitetna<\/strong> <strong>krpa <\/strong>od mikrofibre prikladna je za sve povr\u0161ine.\u00a0Korisno za suho i mokro \u010di\u0161\u0107enje.<\/span><\/p><p><span style=\"font-size: 120%\">Omogu\u0107uje vam da pokupite \u010dak i najmanje i najtvrdokornije \u010destice i mrlje.<\/span><\/p><p><span style=\"font-size: 100%\">Dimenzije: 37 x 14 cm<\/span><\/p>\t\t\t\t\t\t<\/div>\n\t\t\t\t<\/div>\n\t\t\t\t\t<\/div>\n\t\t<\/div>\n\t\t\t\t\t<\/div>\n\t\t<\/section>\n\t\t\t\t<section class=\"elementor-section elementor-top-section elementor-element elementor-element-10b7e569 elementor-section-boxed elementor-section-height-default elementor-section-height-default\" data-id=\"10b7e569\" data-element_type=\"section\">\n\t\t\t\t\t\t<div class=\"elementor-container elementor-column-gap-default\">\n\t\t\t\t\t<div class=\"elementor-column elementor-col-100 elementor-top-column elementor-element elementor-element-44241f5\" data-id=\"44241f5\" data-element_type=\"column\">\n\t\t\t<div class=\"elementor-widget-wrap\">\n\t\t\t\t\t\t\t<\/div>\n\t\t<\/div>\n\t\t\t\t\t<\/div>\n\t\t<\/section>\n\t\t\t\t<\/div>\n\t\t","protected":false},"excerpt":{"rendered":"<p>Ova visokokvalitetna krpa od mikrofibre prikladna je za sve povr\u0161ine.\u00a0Omogu\u0107uje vam da pokupite \u010dak i najmanje i najtvrdokornije \u010destice i mrlje. Ima visoku sposobnost upijanja i zadr\u017eavanja teku\u0107ine. Treba se upotrebljavati zajedno s \u010dista\u010dem PRO X-TWIST.<\/p>\n<p>Dobit \u0107ete 2 Pro X Twist Wipe krpe<\/p>\n","protected":false},"featured_media":147149,"comment_status":"closed","ping_status":"closed","template":"","meta":[],"product_cat":[409,431],"product_tag":[],"aioseo_notices":[],"_links":{"self":[{"href":"https:\/\/spinlama.com\/hr\/wp-json\/wp\/v2\/product\/147177"}],"collection":[{"href":"https:\/\/spinlama.com\/hr\/wp-json\/wp\/v2\/product"}],"about":[{"href":"https:\/\/spinlama.com\/hr\/wp-json\/wp\/v2\/types\/product"}],"replies":[{"embeddable":true,"href":"https:\/\/spinlama.com\/hr\/wp-json\/wp\/v2\/comments?post=147177"}],"version-history":[{"count":10,"href":"https:\/\/spinlama.com\/hr\/wp-json\/wp\/v2\/product\/147177\/revisions"}],"predecessor-version":[{"id":147679,"href":"https:\/\/spinlama.com\/hr\/wp-json\/wp\/v2\/product\/147177\/revisions\/147679"}],"wp:featuredmedia":[{"embeddable":true,"href":"https:\/\/spinlama.com\/hr\/wp-json\/wp\/v2\/media\/147149"}],"wp:attachment":[{"href":"https:\/\/spinlama.com\/hr\/wp-json\/wp\/v2\/media?parent=147177"}],"wp:term":[{"taxonomy":"product_cat","embeddable":true,"href":"https:\/\/spinlama.com\/hr\/wp-json\/wp\/v2\/product_cat?post=147177"},{"taxonomy":"product_tag","embeddable":true,"href":"https:\/\/spinlama.com\/hr\/wp-json\/wp\/v2\/product_tag?post=147177"}],"curies":[{"name":"wp","href":"https:\/\/api.w.org\/{rel}","templated":true}]}}