{"id":156698,"date":"2024-02-06T08:19:50","date_gmt":"2024-02-06T07:19:50","guid":{"rendered":"https:\/\/spinlama.com\/hr\/?post_type=product&#038;p=156698"},"modified":"2024-09-03T12:51:44","modified_gmt":"2024-09-03T10:51:44","slug":"outdoor-lamp","status":"publish","type":"product","link":"https:\/\/spinlama.com\/hr\/proizvod\/outdoor-lamp\/","title":{"rendered":"[1+1] Outdoor Lamp &#8211; Komplet 2 vanjske solarne svjetiljke"},"content":{"rendered":"\t\t<div data-elementor-type=\"product-post\" data-elementor-id=\"156698\" class=\"elementor elementor-156698\" data-elementor-post-type=\"product\">\n\t\t\t\t\t\t<section class=\"elementor-section elementor-top-section elementor-element elementor-element-6edf5013 elementor-section-boxed elementor-section-height-default elementor-section-height-default\" data-id=\"6edf5013\" data-element_type=\"section\">\n\t\t\t\t\t\t<div class=\"elementor-container elementor-column-gap-default\">\n\t\t\t\t\t<div class=\"elementor-column elementor-col-50 elementor-top-column elementor-element elementor-element-5f66d288\" data-id=\"5f66d288\" data-element_type=\"column\">\n\t\t\t<div class=\"elementor-widget-wrap elementor-element-populated\">\n\t\t\t\t\t\t<div class=\"elementor-element elementor-element-44279ac6 elementor-align-left elementor-icon-list--layout-traditional elementor-list-item-link-full_width elementor-widget elementor-widget-icon-list\" data-id=\"44279ac6\" data-element_type=\"widget\" data-widget_type=\"icon-list.default\">\n\t\t\t\t<div class=\"elementor-widget-container\">\n\t\t\t<link rel=\"stylesheet\" href=\"https:\/\/spinlama.com\/hr\/wp-content\/plugins\/elementor\/assets\/css\/widget-icon-list.min.css\">\t\t<ul class=\"elementor-icon-list-items\">\n\t\t\t\t\t\t\t<li class=\"elementor-icon-list-item\">\n\t\t\t\t\t\t\t\t\t\t\t<span class=\"elementor-icon-list-icon\">\n\t\t\t\t\t\t\t<i aria-hidden=\"true\" class=\"fas fa-arrow-right\"><\/i>\t\t\t\t\t\t<\/span>\n\t\t\t\t\t\t\t\t\t\t<span class=\"elementor-icon-list-text\">Do 8 sati rada<\/span>\n\t\t\t\t\t\t\t\t\t<\/li>\n\t\t\t\t\t\t\t\t<li class=\"elementor-icon-list-item\">\n\t\t\t\t\t\t\t\t\t\t\t<span class=\"elementor-icon-list-icon\">\n\t\t\t\t\t\t\t<i aria-hidden=\"true\" class=\"fas fa-arrow-right\"><\/i>\t\t\t\t\t\t<\/span>\n\t\t\t\t\t\t\t\t\t\t<span class=\"elementor-icon-list-text\">Ugodno toplo bijelo svjetlo<\/span>\n\t\t\t\t\t\t\t\t\t<\/li>\n\t\t\t\t\t\t\t\t<li class=\"elementor-icon-list-item\">\n\t\t\t\t\t\t\t\t\t\t\t<span class=\"elementor-icon-list-icon\">\n\t\t\t\t\t\t\t<i aria-hidden=\"true\" class=\"fas fa-arrow-right\"><\/i>\t\t\t\t\t\t<\/span>\n\t\t\t\t\t\t\t\t\t\t<span class=\"elementor-icon-list-text\">Automatski senzor za uklju\u010divanje\/isklju\u010divanje<\/span>\n\t\t\t\t\t\t\t\t\t<\/li>\n\t\t\t\t\t\t\t\t<li class=\"elementor-icon-list-item\">\n\t\t\t\t\t\t\t\t\t\t\t<span class=\"elementor-icon-list-icon\">\n\t\t\t\t\t\t\t<i aria-hidden=\"true\" class=\"fas fa-arrow-right\"><\/i>\t\t\t\t\t\t<\/span>\n\t\t\t\t\t\t\t\t\t\t<span class=\"elementor-icon-list-text\">Svjetiljka koja \u0161tedi struju<\/span>\n\t\t\t\t\t\t\t\t\t<\/li>\n\t\t\t\t\t\t\t\t<li class=\"elementor-icon-list-item\">\n\t\t\t\t\t\t\t\t\t\t\t<span class=\"elementor-icon-list-icon\">\n\t\t\t\t\t\t\t<i aria-hidden=\"true\" class=\"fas fa-arrow-right\"><\/i>\t\t\t\t\t\t<\/span>\n\t\t\t\t\t\t\t\t\t\t<span class=\"elementor-icon-list-text\">Otporna na vremenske prilike<\/span>\n\t\t\t\t\t\t\t\t\t<\/li>\n\t\t\t\t\t\t<\/ul>\n\t\t\t\t<\/div>\n\t\t\t\t<\/div>\n\t\t\t\t\t<\/div>\n\t\t<\/div>\n\t\t\t\t<div class=\"elementor-column elementor-col-50 elementor-top-column elementor-element elementor-element-253660f8\" data-id=\"253660f8\" data-element_type=\"column\">\n\t\t\t<div class=\"elementor-widget-wrap elementor-element-populated\">\n\t\t\t\t\t\t<div class=\"elementor-element elementor-element-39e8ddb2 elementor-widget elementor-widget-image\" data-id=\"39e8ddb2\" data-element_type=\"widget\" data-widget_type=\"image.default\">\n\t\t\t\t<div class=\"elementor-widget-container\">\n\t\t\t<style>\/*! elementor - v3.21.0 - 18-04-2024 *\/\n.elementor-widget-image{text-align:center}.elementor-widget-image a{display:inline-block}.elementor-widget-image a img[src$=\".svg\"]{width:48px}.elementor-widget-image img{vertical-align:middle;display:inline-block}<\/style>\t\t\t\t\t\t\t\t\t\t<img fetchpriority=\"high\" decoding=\"async\" width=\"800\" height=\"800\" src=\"https:\/\/spinlama.com\/hr\/wp-content\/uploads\/sites\/31\/2024\/02\/OutdoorLamp_07-800x800.jpg\" class=\"attachment-large size-large wp-image-156688\" alt=\"\" srcset=\"https:\/\/spinlama.com\/hr\/wp-content\/uploads\/sites\/31\/2024\/02\/OutdoorLamp_07-800x800.jpg 800w, https:\/\/spinlama.com\/hr\/wp-content\/uploads\/sites\/31\/2024\/02\/OutdoorLamp_07-280x280.jpg 280w, https:\/\/spinlama.com\/hr\/wp-content\/uploads\/sites\/31\/2024\/02\/OutdoorLamp_07-768x768.jpg 768w, https:\/\/spinlama.com\/hr\/wp-content\/uploads\/sites\/31\/2024\/02\/OutdoorLamp_07-600x600.jpg 600w, https:\/\/spinlama.com\/hr\/wp-content\/uploads\/sites\/31\/2024\/02\/OutdoorLamp_07-100x100.jpg 100w, https:\/\/spinlama.com\/hr\/wp-content\/uploads\/sites\/31\/2024\/02\/OutdoorLamp_07.jpg 1080w\" sizes=\"(max-width: 800px) 100vw, 800px\" \/>\t\t\t\t\t\t\t\t\t\t\t\t\t<\/div>\n\t\t\t\t<\/div>\n\t\t\t\t\t<\/div>\n\t\t<\/div>\n\t\t\t\t\t<\/div>\n\t\t<\/section>\n\t\t\t\t<section class=\"elementor-section elementor-top-section elementor-element elementor-element-436ab20a elementor-reverse-mobile elementor-section-boxed elementor-section-height-default elementor-section-height-default\" data-id=\"436ab20a\" data-element_type=\"section\">\n\t\t\t\t\t\t<div class=\"elementor-container elementor-column-gap-default\">\n\t\t\t\t\t<div class=\"elementor-column elementor-col-50 elementor-top-column elementor-element elementor-element-45060c4d\" data-id=\"45060c4d\" data-element_type=\"column\">\n\t\t\t<div class=\"elementor-widget-wrap elementor-element-populated\">\n\t\t\t\t\t\t<div class=\"elementor-element elementor-element-7d4a3c14 elementor-widget elementor-widget-image\" data-id=\"7d4a3c14\" data-element_type=\"widget\" data-widget_type=\"image.default\">\n\t\t\t\t<div class=\"elementor-widget-container\">\n\t\t\t\t\t\t\t\t\t\t\t\t\t<img decoding=\"async\" width=\"800\" height=\"800\" src=\"https:\/\/spinlama.com\/hr\/wp-content\/uploads\/sites\/31\/2024\/02\/OutdoorLamp_09-800x800.jpg\" class=\"attachment-large size-large wp-image-156689\" alt=\"\" srcset=\"https:\/\/spinlama.com\/hr\/wp-content\/uploads\/sites\/31\/2024\/02\/OutdoorLamp_09-800x800.jpg 800w, https:\/\/spinlama.com\/hr\/wp-content\/uploads\/sites\/31\/2024\/02\/OutdoorLamp_09-280x280.jpg 280w, https:\/\/spinlama.com\/hr\/wp-content\/uploads\/sites\/31\/2024\/02\/OutdoorLamp_09-768x768.jpg 768w, https:\/\/spinlama.com\/hr\/wp-content\/uploads\/sites\/31\/2024\/02\/OutdoorLamp_09-600x600.jpg 600w, https:\/\/spinlama.com\/hr\/wp-content\/uploads\/sites\/31\/2024\/02\/OutdoorLamp_09-100x100.jpg 100w, https:\/\/spinlama.com\/hr\/wp-content\/uploads\/sites\/31\/2024\/02\/OutdoorLamp_09.jpg 1080w\" sizes=\"(max-width: 800px) 100vw, 800px\" \/>\t\t\t\t\t\t\t\t\t\t\t\t\t<\/div>\n\t\t\t\t<\/div>\n\t\t\t\t\t<\/div>\n\t\t<\/div>\n\t\t\t\t<div class=\"elementor-column elementor-col-50 elementor-top-column elementor-element elementor-element-3fbaf514\" data-id=\"3fbaf514\" data-element_type=\"column\">\n\t\t\t<div class=\"elementor-widget-wrap elementor-element-populated\">\n\t\t\t\t\t\t<div class=\"elementor-element elementor-element-185ef86 elementor-widget elementor-widget-image\" data-id=\"185ef86\" data-element_type=\"widget\" data-widget_type=\"image.default\">\n\t\t\t\t<div class=\"elementor-widget-container\">\n\t\t\t\t\t\t\t\t\t\t\t\t\t<img decoding=\"async\" width=\"800\" height=\"800\" src=\"https:\/\/spinlama.com\/hr\/wp-content\/uploads\/sites\/31\/2024\/02\/OutdoorLamp_01-800x800.jpg\" class=\"attachment-large size-large wp-image-156690\" alt=\"\" srcset=\"https:\/\/spinlama.com\/hr\/wp-content\/uploads\/sites\/31\/2024\/02\/OutdoorLamp_01-800x800.jpg 800w, https:\/\/spinlama.com\/hr\/wp-content\/uploads\/sites\/31\/2024\/02\/OutdoorLamp_01-280x280.jpg 280w, https:\/\/spinlama.com\/hr\/wp-content\/uploads\/sites\/31\/2024\/02\/OutdoorLamp_01-768x768.jpg 768w, https:\/\/spinlama.com\/hr\/wp-content\/uploads\/sites\/31\/2024\/02\/OutdoorLamp_01-600x600.jpg 600w, https:\/\/spinlama.com\/hr\/wp-content\/uploads\/sites\/31\/2024\/02\/OutdoorLamp_01-100x100.jpg 100w, https:\/\/spinlama.com\/hr\/wp-content\/uploads\/sites\/31\/2024\/02\/OutdoorLamp_01.jpg 1080w\" sizes=\"(max-width: 800px) 100vw, 800px\" \/>\t\t\t\t\t\t\t\t\t\t\t\t\t<\/div>\n\t\t\t\t<\/div>\n\t\t\t\t\t<\/div>\n\t\t<\/div>\n\t\t\t\t\t<\/div>\n\t\t<\/section>\n\t\t\t\t<section class=\"elementor-section elementor-top-section elementor-element elementor-element-5ee21aa0 elementor-reverse-mobile elementor-section-boxed elementor-section-height-default elementor-section-height-default\" data-id=\"5ee21aa0\" data-element_type=\"section\">\n\t\t\t\t\t\t<div class=\"elementor-container elementor-column-gap-default\">\n\t\t\t\t\t<div class=\"elementor-column elementor-col-50 elementor-top-column elementor-element elementor-element-352a8878\" data-id=\"352a8878\" data-element_type=\"column\">\n\t\t\t<div class=\"elementor-widget-wrap elementor-element-populated\">\n\t\t\t\t\t\t<div class=\"elementor-element elementor-element-7d0ffd77 elementor-widget elementor-widget-image\" data-id=\"7d0ffd77\" data-element_type=\"widget\" data-widget_type=\"image.default\">\n\t\t\t\t<div class=\"elementor-widget-container\">\n\t\t\t\t\t\t\t\t\t\t\t\t\t<img loading=\"lazy\" decoding=\"async\" width=\"800\" height=\"800\" src=\"https:\/\/spinlama.com\/hr\/wp-content\/uploads\/sites\/31\/2024\/02\/OutdoorLamp_05-800x800.jpg\" class=\"attachment-large size-large wp-image-156691\" alt=\"\" srcset=\"https:\/\/spinlama.com\/hr\/wp-content\/uploads\/sites\/31\/2024\/02\/OutdoorLamp_05-800x800.jpg 800w, https:\/\/spinlama.com\/hr\/wp-content\/uploads\/sites\/31\/2024\/02\/OutdoorLamp_05-280x280.jpg 280w, https:\/\/spinlama.com\/hr\/wp-content\/uploads\/sites\/31\/2024\/02\/OutdoorLamp_05-768x768.jpg 768w, https:\/\/spinlama.com\/hr\/wp-content\/uploads\/sites\/31\/2024\/02\/OutdoorLamp_05-600x600.jpg 600w, https:\/\/spinlama.com\/hr\/wp-content\/uploads\/sites\/31\/2024\/02\/OutdoorLamp_05-100x100.jpg 100w, https:\/\/spinlama.com\/hr\/wp-content\/uploads\/sites\/31\/2024\/02\/OutdoorLamp_05.jpg 1080w\" sizes=\"(max-width: 800px) 100vw, 800px\" \/>\t\t\t\t\t\t\t\t\t\t\t\t\t<\/div>\n\t\t\t\t<\/div>\n\t\t\t\t\t<\/div>\n\t\t<\/div>\n\t\t\t\t<div class=\"elementor-column elementor-col-50 elementor-top-column elementor-element elementor-element-4b51c35b\" data-id=\"4b51c35b\" data-element_type=\"column\">\n\t\t\t<div class=\"elementor-widget-wrap elementor-element-populated\">\n\t\t\t\t\t\t<div class=\"elementor-element elementor-element-50b0603d elementor-widget elementor-widget-shortcode\" data-id=\"50b0603d\" data-element_type=\"widget\" data-widget_type=\"shortcode.default\">\n\t\t\t\t<div class=\"elementor-widget-container\">\n\t\t\t\t\t<div class=\"elementor-shortcode\"><div style=\"position: relative; padding-top: 100%;\"><iframe src=\"https:\/\/iframe.mediadelivery.net\/embed\/53604\/0a5fff48-d293-4c64-805f-0a9ed54b3624?autoplay=true&loop=true&muted=true\" loading=\"lazy\" style=\"border: none; position: absolute; top: 0; height: 100%; width: 100%;\" allow=\"accelerometer; gyroscope; autoplay; encrypted-media; picture-in-picture;\" allowfullscreen=\"true\"><\/iframe><\/div><\/div>\n\t\t\t\t<\/div>\n\t\t\t\t<\/div>\n\t\t\t\t\t<\/div>\n\t\t<\/div>\n\t\t\t\t\t<\/div>\n\t\t<\/section>\n\t\t\t\t<section class=\"elementor-section elementor-top-section elementor-element elementor-element-60e2499a elementor-section-boxed elementor-section-height-default elementor-section-height-default\" data-id=\"60e2499a\" data-element_type=\"section\">\n\t\t\t\t\t\t<div class=\"elementor-container elementor-column-gap-default\">\n\t\t\t\t\t<div class=\"elementor-column elementor-col-100 elementor-top-column elementor-element elementor-element-1cf4afa6\" data-id=\"1cf4afa6\" data-element_type=\"column\">\n\t\t\t<div class=\"elementor-widget-wrap elementor-element-populated\">\n\t\t\t\t\t\t<div class=\"elementor-element elementor-element-6adfeb0f elementor-widget elementor-widget-accordion\" data-id=\"6adfeb0f\" data-element_type=\"widget\" data-widget_type=\"accordion.default\">\n\t\t\t\t<div class=\"elementor-widget-container\">\n\t\t\t<style>\/*! elementor - v3.21.0 - 18-04-2024 *\/\n.elementor-accordion{text-align:start}.elementor-accordion .elementor-accordion-item{border:1px solid #d5d8dc}.elementor-accordion .elementor-accordion-item+.elementor-accordion-item{border-top:none}.elementor-accordion .elementor-tab-title{margin:0;padding:15px 20px;font-weight:700;line-height:1;cursor:pointer;outline:none}.elementor-accordion .elementor-tab-title .elementor-accordion-icon{display:inline-block;width:1.5em}.elementor-accordion .elementor-tab-title .elementor-accordion-icon svg{width:1em;height:1em}.elementor-accordion .elementor-tab-title .elementor-accordion-icon.elementor-accordion-icon-right{float:right;text-align:right}.elementor-accordion .elementor-tab-title .elementor-accordion-icon.elementor-accordion-icon-left{float:left;text-align:left}.elementor-accordion .elementor-tab-title .elementor-accordion-icon .elementor-accordion-icon-closed{display:block}.elementor-accordion .elementor-tab-title .elementor-accordion-icon .elementor-accordion-icon-opened,.elementor-accordion .elementor-tab-title.elementor-active .elementor-accordion-icon-closed{display:none}.elementor-accordion .elementor-tab-title.elementor-active .elementor-accordion-icon-opened{display:block}.elementor-accordion .elementor-tab-content{display:none;padding:15px 20px;border-top:1px solid #d5d8dc}@media (max-width:767px){.elementor-accordion .elementor-tab-title{padding:12px 15px}.elementor-accordion .elementor-tab-title .elementor-accordion-icon{width:1.2em}.elementor-accordion .elementor-tab-content{padding:7px 15px}}.e-con-inner>.elementor-widget-accordion,.e-con>.elementor-widget-accordion{width:var(--container-widget-width);--flex-grow:var(--container-widget-flex-grow)}<\/style>\t\t<div class=\"elementor-accordion\">\n\t\t\t\t\t\t\t<div class=\"elementor-accordion-item\">\n\t\t\t\t\t<div id=\"elementor-tab-title-1791\" class=\"elementor-tab-title\" data-tab=\"1\" role=\"button\" aria-controls=\"elementor-tab-content-1791\" aria-expanded=\"false\">\n\t\t\t\t\t\t\t\t\t\t\t\t\t<span class=\"elementor-accordion-icon elementor-accordion-icon-left\" aria-hidden=\"true\">\n\t\t\t\t\t\t\t\t\t\t\t\t\t\t\t<span class=\"elementor-accordion-icon-closed\"><i class=\"fas fa-chevron-down\"><\/i><\/span>\n\t\t\t\t\t\t\t\t<span class=\"elementor-accordion-icon-opened\"><i class=\"fas fa-chevron-up\"><\/i><\/span>\n\t\t\t\t\t\t\t\t\t\t\t\t\t\t<\/span>\n\t\t\t\t\t\t\t\t\t\t\t\t<a class=\"elementor-accordion-title\" tabindex=\"0\">Zna\u010dajke<\/a>\n\t\t\t\t\t<\/div>\n\t\t\t\t\t<div id=\"elementor-tab-content-1791\" class=\"elementor-tab-content elementor-clearfix\" data-tab=\"1\" role=\"region\" aria-labelledby=\"elementor-tab-title-1791\"><p>Dimenzije \u017earulje: 10 cm<\/p><p>Visina: 30 cm<\/p><p>Materijal: ABS<\/p><p>Baterija: 40mAh<\/p><p>Svjetlo: 1x LED<\/p><p>Vrijeme punjenja: 6 \u2013 8 sati<\/p><p>Radno vrijeme: 6 \u2013 8 sati<\/p><p>Standard vodootpornosti: IP44<\/p><p>Boja: bijela<\/p><p>Boja svjetla: topla bijela<\/p><\/div>\n\t\t\t\t<\/div>\n\t\t\t\t\t\t\t<div class=\"elementor-accordion-item\">\n\t\t\t\t\t<div id=\"elementor-tab-title-1792\" class=\"elementor-tab-title\" data-tab=\"2\" role=\"button\" aria-controls=\"elementor-tab-content-1792\" aria-expanded=\"false\">\n\t\t\t\t\t\t\t\t\t\t\t\t\t<span class=\"elementor-accordion-icon elementor-accordion-icon-left\" aria-hidden=\"true\">\n\t\t\t\t\t\t\t\t\t\t\t\t\t\t\t<span class=\"elementor-accordion-icon-closed\"><i class=\"fas fa-chevron-down\"><\/i><\/span>\n\t\t\t\t\t\t\t\t<span class=\"elementor-accordion-icon-opened\"><i class=\"fas fa-chevron-up\"><\/i><\/span>\n\t\t\t\t\t\t\t\t\t\t\t\t\t\t<\/span>\n\t\t\t\t\t\t\t\t\t\t\t\t<a class=\"elementor-accordion-title\" tabindex=\"0\">Upute za upotrebu<\/a>\n\t\t\t\t\t<\/div>\n\t\t\t\t\t<div id=\"elementor-tab-content-1792\" class=\"elementor-tab-content elementor-clearfix\" data-tab=\"2\" role=\"region\" aria-labelledby=\"elementor-tab-title-1792\"><ul><li>Prije prve upotrebe <span style=\"font-size: 110%\">stavite na sunce kako bi se svjetiljka napunila.<\/span><\/li><li><span style=\"font-size: 110%\">Postavite je na \u017eeljeno mjesto, ali imajte na umu da za optimalan rad treba dobiti \u0161to vi\u0161e sun\u010deve svjetlosti tijekom dana.<\/span><\/li><\/ul><\/div>\n\t\t\t\t<\/div>\n\t\t\t\t\t\t\t\t<\/div>\n\t\t\t\t<\/div>\n\t\t\t\t<\/div>\n\t\t\t\t\t<\/div>\n\t\t<\/div>\n\t\t\t\t\t<\/div>\n\t\t<\/section>\n\t\t\t\t<\/div>\n\t\t","protected":false},"excerpt":{"rendered":"<p>Dekorativna rasvjeta za vrt, terasu ili balkon!<\/p>\n<ul>\n<li>\u00d8 10 cm<\/li>\n<li>visina: 30 cm<\/li>\n<li>Dobit \u0107ete 2 svjetiljke<\/li>\n<\/ul>\n","protected":false},"featured_media":156687,"comment_status":"closed","ping_status":"closed","template":"","meta":[],"product_cat":[409,443,431],"product_tag":[],"aioseo_notices":[],"_links":{"self":[{"href":"https:\/\/spinlama.com\/hr\/wp-json\/wp\/v2\/product\/156698"}],"collection":[{"href":"https:\/\/spinlama.com\/hr\/wp-json\/wp\/v2\/product"}],"about":[{"href":"https:\/\/spinlama.com\/hr\/wp-json\/wp\/v2\/types\/product"}],"replies":[{"embeddable":true,"href":"https:\/\/spinlama.com\/hr\/wp-json\/wp\/v2\/comments?post=156698"}],"version-history":[{"count":6,"href":"https:\/\/spinlama.com\/hr\/wp-json\/wp\/v2\/product\/156698\/revisions"}],"predecessor-version":[{"id":156706,"href":"https:\/\/spinlama.com\/hr\/wp-json\/wp\/v2\/product\/156698\/revisions\/156706"}],"wp:featuredmedia":[{"embeddable":true,"href":"https:\/\/spinlama.com\/hr\/wp-json\/wp\/v2\/media\/156687"}],"wp:attachment":[{"href":"https:\/\/spinlama.com\/hr\/wp-json\/wp\/v2\/media?parent=156698"}],"wp:term":[{"taxonomy":"product_cat","embeddable":true,"href":"https:\/\/spinlama.com\/hr\/wp-json\/wp\/v2\/product_cat?post=156698"},{"taxonomy":"product_tag","embeddable":true,"href":"https:\/\/spinlama.com\/hr\/wp-json\/wp\/v2\/product_tag?post=156698"}],"curies":[{"name":"wp","href":"https:\/\/api.w.org\/{rel}","templated":true}]}}