{"id":159761,"date":"2024-10-16T10:42:21","date_gmt":"2024-10-16T08:42:21","guid":{"rendered":"https:\/\/spinlama.com\/hr\/?post_type=product&#038;p=159761"},"modified":"2025-02-07T11:43:05","modified_gmt":"2025-02-07T10:43:05","slug":"fake-camera","status":"publish","type":"product","link":"https:\/\/spinlama.com\/hr\/proizvod\/fake-camera\/","title":{"rendered":"[1+1] Fake Camera \u2013 Imitacija kamere"},"content":{"rendered":"\t\t<div data-elementor-type=\"product-post\" data-elementor-id=\"159761\" class=\"elementor elementor-159761\" data-elementor-post-type=\"product\">\n\t\t\t\t\t\t<section class=\"elementor-section elementor-top-section elementor-element elementor-element-cca9c78 elementor-section-boxed elementor-section-height-default elementor-section-height-default\" data-id=\"cca9c78\" data-element_type=\"section\">\n\t\t\t\t\t\t<div class=\"elementor-container elementor-column-gap-default\">\n\t\t\t\t\t<div class=\"elementor-column elementor-col-50 elementor-top-column elementor-element elementor-element-25adbe5\" data-id=\"25adbe5\" data-element_type=\"column\">\n\t\t\t<div class=\"elementor-widget-wrap elementor-element-populated\">\n\t\t\t\t\t\t<div class=\"elementor-element elementor-element-94839cf elementor-align-left elementor-icon-list--layout-traditional elementor-list-item-link-full_width elementor-widget elementor-widget-icon-list\" data-id=\"94839cf\" data-element_type=\"widget\" data-widget_type=\"icon-list.default\">\n\t\t\t\t<div class=\"elementor-widget-container\">\n\t\t\t<link rel=\"stylesheet\" href=\"https:\/\/spinlama.com\/hr\/wp-content\/plugins\/elementor\/assets\/css\/widget-icon-list.min.css\">\t\t<ul class=\"elementor-icon-list-items\">\n\t\t\t\t\t\t\t<li class=\"elementor-icon-list-item\">\n\t\t\t\t\t\t\t\t\t\t\t<span class=\"elementor-icon-list-icon\">\n\t\t\t\t\t\t\t<i aria-hidden=\"true\" class=\"fas fa-arrow-right\"><\/i>\t\t\t\t\t\t<\/span>\n\t\t\t\t\t\t\t\t\t\t<span class=\"elementor-icon-list-text\">Realisti\u010dan dizajn odvratit \u0107e negativce<\/span>\n\t\t\t\t\t\t\t\t\t<\/li>\n\t\t\t\t\t\t\t\t<li class=\"elementor-icon-list-item\">\n\t\t\t\t\t\t\t\t\t\t\t<span class=\"elementor-icon-list-icon\">\n\t\t\t\t\t\t\t<i aria-hidden=\"true\" class=\"fas fa-arrow-right\"><\/i>\t\t\t\t\t\t<\/span>\n\t\t\t\t\t\t\t\t\t\t<span class=\"elementor-icon-list-text\">Simulira rad prave kamere<\/span>\n\t\t\t\t\t\t\t\t\t<\/li>\n\t\t\t\t\t\t\t\t<li class=\"elementor-icon-list-item\">\n\t\t\t\t\t\t\t\t\t\t\t<span class=\"elementor-icon-list-icon\">\n\t\t\t\t\t\t\t<i aria-hidden=\"true\" class=\"fas fa-arrow-right\"><\/i>\t\t\t\t\t\t<\/span>\n\t\t\t\t\t\t\t\t\t\t<span class=\"elementor-icon-list-text\">Jednostavna ugradnja bez \u017eica<\/span>\n\t\t\t\t\t\t\t\t\t<\/li>\n\t\t\t\t\t\t\t\t<li class=\"elementor-icon-list-item\">\n\t\t\t\t\t\t\t\t\t\t\t<span class=\"elementor-icon-list-icon\">\n\t\t\t\t\t\t\t<i aria-hidden=\"true\" class=\"fas fa-arrow-right\"><\/i>\t\t\t\t\t\t<\/span>\n\t\t\t\t\t\t\t\t\t\t<span class=\"elementor-icon-list-text\">Rad na baterije<\/span>\n\t\t\t\t\t\t\t\t\t<\/li>\n\t\t\t\t\t\t\t\t<li class=\"elementor-icon-list-item\">\n\t\t\t\t\t\t\t\t\t\t\t<span class=\"elementor-icon-list-icon\">\n\t\t\t\t\t\t\t<i aria-hidden=\"true\" class=\"fas fa-arrow-right\"><\/i>\t\t\t\t\t\t<\/span>\n\t\t\t\t\t\t\t\t\t\t<span class=\"elementor-icon-list-text\">Stvara dodatni osje\u0107aj sigurnosti<\/span>\n\t\t\t\t\t\t\t\t\t<\/li>\n\t\t\t\t\t\t<\/ul>\n\t\t\t\t<\/div>\n\t\t\t\t<\/div>\n\t\t\t\t\t<\/div>\n\t\t<\/div>\n\t\t\t\t<div class=\"elementor-column elementor-col-50 elementor-top-column elementor-element elementor-element-f6d4668\" data-id=\"f6d4668\" data-element_type=\"column\">\n\t\t\t<div class=\"elementor-widget-wrap elementor-element-populated\">\n\t\t\t\t\t\t<div class=\"elementor-element elementor-element-76b6d22 elementor-widget elementor-widget-image\" data-id=\"76b6d22\" data-element_type=\"widget\" data-widget_type=\"image.default\">\n\t\t\t\t<div class=\"elementor-widget-container\">\n\t\t\t<style>\/*! elementor - v3.21.0 - 18-04-2024 *\/\n.elementor-widget-image{text-align:center}.elementor-widget-image a{display:inline-block}.elementor-widget-image a img[src$=\".svg\"]{width:48px}.elementor-widget-image img{vertical-align:middle;display:inline-block}<\/style>\t\t\t\t\t\t\t\t\t\t<img fetchpriority=\"high\" decoding=\"async\" width=\"800\" height=\"800\" src=\"https:\/\/spinlama.com\/hr\/wp-content\/uploads\/sites\/31\/2024\/10\/FakeCamera_14-800x800.jpg\" class=\"attachment-large size-large wp-image-159751\" alt=\"\" srcset=\"https:\/\/spinlama.com\/hr\/wp-content\/uploads\/sites\/31\/2024\/10\/FakeCamera_14-800x800.jpg 800w, https:\/\/spinlama.com\/hr\/wp-content\/uploads\/sites\/31\/2024\/10\/FakeCamera_14-280x280.jpg 280w, https:\/\/spinlama.com\/hr\/wp-content\/uploads\/sites\/31\/2024\/10\/FakeCamera_14-768x768.jpg 768w, https:\/\/spinlama.com\/hr\/wp-content\/uploads\/sites\/31\/2024\/10\/FakeCamera_14-600x600.jpg 600w, https:\/\/spinlama.com\/hr\/wp-content\/uploads\/sites\/31\/2024\/10\/FakeCamera_14-100x100.jpg 100w, https:\/\/spinlama.com\/hr\/wp-content\/uploads\/sites\/31\/2024\/10\/FakeCamera_14.jpg 1080w\" sizes=\"(max-width: 800px) 100vw, 800px\" \/>\t\t\t\t\t\t\t\t\t\t\t\t\t<\/div>\n\t\t\t\t<\/div>\n\t\t\t\t\t<\/div>\n\t\t<\/div>\n\t\t\t\t\t<\/div>\n\t\t<\/section>\n\t\t\t\t<section class=\"elementor-section elementor-top-section elementor-element elementor-element-203f977 elementor-reverse-mobile elementor-section-boxed elementor-section-height-default elementor-section-height-default\" data-id=\"203f977\" data-element_type=\"section\">\n\t\t\t\t\t\t<div class=\"elementor-container elementor-column-gap-default\">\n\t\t\t\t\t<div class=\"elementor-column elementor-col-50 elementor-top-column elementor-element elementor-element-d1c424e\" data-id=\"d1c424e\" data-element_type=\"column\">\n\t\t\t<div class=\"elementor-widget-wrap elementor-element-populated\">\n\t\t\t\t\t\t<div class=\"elementor-element elementor-element-7158790 elementor-widget elementor-widget-image\" data-id=\"7158790\" data-element_type=\"widget\" data-widget_type=\"image.default\">\n\t\t\t\t<div class=\"elementor-widget-container\">\n\t\t\t\t\t\t\t\t\t\t\t\t\t<img decoding=\"async\" width=\"800\" height=\"800\" src=\"https:\/\/spinlama.com\/hr\/wp-content\/uploads\/sites\/31\/2024\/10\/FakeCamera_03-1-800x800.jpg\" class=\"attachment-large size-large wp-image-159752\" alt=\"\" srcset=\"https:\/\/spinlama.com\/hr\/wp-content\/uploads\/sites\/31\/2024\/10\/FakeCamera_03-1-800x800.jpg 800w, https:\/\/spinlama.com\/hr\/wp-content\/uploads\/sites\/31\/2024\/10\/FakeCamera_03-1-280x280.jpg 280w, https:\/\/spinlama.com\/hr\/wp-content\/uploads\/sites\/31\/2024\/10\/FakeCamera_03-1-768x768.jpg 768w, https:\/\/spinlama.com\/hr\/wp-content\/uploads\/sites\/31\/2024\/10\/FakeCamera_03-1-600x600.jpg 600w, https:\/\/spinlama.com\/hr\/wp-content\/uploads\/sites\/31\/2024\/10\/FakeCamera_03-1-100x100.jpg 100w, https:\/\/spinlama.com\/hr\/wp-content\/uploads\/sites\/31\/2024\/10\/FakeCamera_03-1.jpg 1080w\" sizes=\"(max-width: 800px) 100vw, 800px\" \/>\t\t\t\t\t\t\t\t\t\t\t\t\t<\/div>\n\t\t\t\t<\/div>\n\t\t\t\t\t<\/div>\n\t\t<\/div>\n\t\t\t\t<div class=\"elementor-column elementor-col-50 elementor-top-column elementor-element elementor-element-566d2de\" data-id=\"566d2de\" data-element_type=\"column\">\n\t\t\t<div class=\"elementor-widget-wrap elementor-element-populated\">\n\t\t\t\t\t\t<div class=\"elementor-element elementor-element-39cfa83 elementor-widget elementor-widget-image\" data-id=\"39cfa83\" data-element_type=\"widget\" data-widget_type=\"image.default\">\n\t\t\t\t<div class=\"elementor-widget-container\">\n\t\t\t\t\t\t\t\t\t\t\t\t\t<img decoding=\"async\" width=\"800\" height=\"800\" src=\"https:\/\/spinlama.com\/hr\/wp-content\/uploads\/sites\/31\/2024\/10\/FakeCamera_18-800x800.jpg\" class=\"attachment-large size-large wp-image-159801\" alt=\"\" srcset=\"https:\/\/spinlama.com\/hr\/wp-content\/uploads\/sites\/31\/2024\/10\/FakeCamera_18-800x800.jpg 800w, https:\/\/spinlama.com\/hr\/wp-content\/uploads\/sites\/31\/2024\/10\/FakeCamera_18-280x280.jpg 280w, https:\/\/spinlama.com\/hr\/wp-content\/uploads\/sites\/31\/2024\/10\/FakeCamera_18-768x768.jpg 768w, https:\/\/spinlama.com\/hr\/wp-content\/uploads\/sites\/31\/2024\/10\/FakeCamera_18-600x600.jpg 600w, https:\/\/spinlama.com\/hr\/wp-content\/uploads\/sites\/31\/2024\/10\/FakeCamera_18-100x100.jpg 100w, https:\/\/spinlama.com\/hr\/wp-content\/uploads\/sites\/31\/2024\/10\/FakeCamera_18.jpg 1080w\" sizes=\"(max-width: 800px) 100vw, 800px\" \/>\t\t\t\t\t\t\t\t\t\t\t\t\t<\/div>\n\t\t\t\t<\/div>\n\t\t\t\t\t<\/div>\n\t\t<\/div>\n\t\t\t\t\t<\/div>\n\t\t<\/section>\n\t\t\t\t<section class=\"elementor-section elementor-top-section elementor-element elementor-element-b918a01 elementor-reverse-mobile elementor-section-boxed elementor-section-height-default elementor-section-height-default\" data-id=\"b918a01\" data-element_type=\"section\">\n\t\t\t\t\t\t<div class=\"elementor-container elementor-column-gap-default\">\n\t\t\t\t\t<div class=\"elementor-column elementor-col-50 elementor-top-column elementor-element elementor-element-d78573c\" data-id=\"d78573c\" data-element_type=\"column\">\n\t\t\t<div class=\"elementor-widget-wrap elementor-element-populated\">\n\t\t\t\t\t\t<div class=\"elementor-element elementor-element-6adc123 elementor-widget elementor-widget-image\" data-id=\"6adc123\" data-element_type=\"widget\" data-widget_type=\"image.default\">\n\t\t\t\t<div class=\"elementor-widget-container\">\n\t\t\t\t\t\t\t\t\t\t\t\t\t<img loading=\"lazy\" decoding=\"async\" width=\"800\" height=\"800\" src=\"https:\/\/spinlama.com\/hr\/wp-content\/uploads\/sites\/31\/2024\/10\/FakeCamera_15-800x800.jpg\" class=\"attachment-large size-large wp-image-159754\" alt=\"\" srcset=\"https:\/\/spinlama.com\/hr\/wp-content\/uploads\/sites\/31\/2024\/10\/FakeCamera_15-800x800.jpg 800w, https:\/\/spinlama.com\/hr\/wp-content\/uploads\/sites\/31\/2024\/10\/FakeCamera_15-280x280.jpg 280w, https:\/\/spinlama.com\/hr\/wp-content\/uploads\/sites\/31\/2024\/10\/FakeCamera_15-768x768.jpg 768w, https:\/\/spinlama.com\/hr\/wp-content\/uploads\/sites\/31\/2024\/10\/FakeCamera_15-600x600.jpg 600w, https:\/\/spinlama.com\/hr\/wp-content\/uploads\/sites\/31\/2024\/10\/FakeCamera_15-100x100.jpg 100w, https:\/\/spinlama.com\/hr\/wp-content\/uploads\/sites\/31\/2024\/10\/FakeCamera_15.jpg 1080w\" sizes=\"(max-width: 800px) 100vw, 800px\" \/>\t\t\t\t\t\t\t\t\t\t\t\t\t<\/div>\n\t\t\t\t<\/div>\n\t\t\t\t\t<\/div>\n\t\t<\/div>\n\t\t\t\t<div class=\"elementor-column elementor-col-50 elementor-top-column elementor-element elementor-element-db9cc38\" data-id=\"db9cc38\" data-element_type=\"column\">\n\t\t\t<div class=\"elementor-widget-wrap elementor-element-populated\">\n\t\t\t\t\t\t<div class=\"elementor-element elementor-element-38db3d1 elementor-widget elementor-widget-shortcode\" data-id=\"38db3d1\" data-element_type=\"widget\" data-widget_type=\"shortcode.default\">\n\t\t\t\t<div class=\"elementor-widget-container\">\n\t\t\t\t\t<div class=\"elementor-shortcode\"><div style=\"position: relative; padding-top: 100%;\"><iframe src=\"https:\/\/iframe.mediadelivery.net\/embed\/53604\/7fa54693-18fd-41e9-9fe2-45da87458de1?autoplay=true&loop=true&muted=true\" loading=\"lazy\" style=\"border: none; position: absolute; top: 0; height: 100%; width: 100%;\" allow=\"accelerometer; gyroscope; autoplay; encrypted-media; picture-in-picture;\" allowfullscreen=\"true\"><\/iframe><\/div><\/div>\n\t\t\t\t<\/div>\n\t\t\t\t<\/div>\n\t\t\t\t\t<\/div>\n\t\t<\/div>\n\t\t\t\t\t<\/div>\n\t\t<\/section>\n\t\t\t\t<section class=\"elementor-section elementor-top-section elementor-element elementor-element-fd93109 elementor-section-boxed elementor-section-height-default elementor-section-height-default\" data-id=\"fd93109\" data-element_type=\"section\">\n\t\t\t\t\t\t<div class=\"elementor-container elementor-column-gap-default\">\n\t\t\t\t\t<div class=\"elementor-column elementor-col-100 elementor-top-column elementor-element elementor-element-16a8a1a\" data-id=\"16a8a1a\" data-element_type=\"column\">\n\t\t\t<div class=\"elementor-widget-wrap elementor-element-populated\">\n\t\t\t\t\t\t<div class=\"elementor-element elementor-element-c231325 elementor-widget elementor-widget-accordion\" data-id=\"c231325\" data-element_type=\"widget\" data-widget_type=\"accordion.default\">\n\t\t\t\t<div class=\"elementor-widget-container\">\n\t\t\t<style>\/*! elementor - v3.21.0 - 18-04-2024 *\/\n.elementor-accordion{text-align:start}.elementor-accordion .elementor-accordion-item{border:1px solid #d5d8dc}.elementor-accordion .elementor-accordion-item+.elementor-accordion-item{border-top:none}.elementor-accordion .elementor-tab-title{margin:0;padding:15px 20px;font-weight:700;line-height:1;cursor:pointer;outline:none}.elementor-accordion .elementor-tab-title .elementor-accordion-icon{display:inline-block;width:1.5em}.elementor-accordion .elementor-tab-title .elementor-accordion-icon svg{width:1em;height:1em}.elementor-accordion .elementor-tab-title .elementor-accordion-icon.elementor-accordion-icon-right{float:right;text-align:right}.elementor-accordion .elementor-tab-title .elementor-accordion-icon.elementor-accordion-icon-left{float:left;text-align:left}.elementor-accordion .elementor-tab-title .elementor-accordion-icon .elementor-accordion-icon-closed{display:block}.elementor-accordion .elementor-tab-title .elementor-accordion-icon .elementor-accordion-icon-opened,.elementor-accordion .elementor-tab-title.elementor-active .elementor-accordion-icon-closed{display:none}.elementor-accordion .elementor-tab-title.elementor-active .elementor-accordion-icon-opened{display:block}.elementor-accordion .elementor-tab-content{display:none;padding:15px 20px;border-top:1px solid #d5d8dc}@media (max-width:767px){.elementor-accordion .elementor-tab-title{padding:12px 15px}.elementor-accordion .elementor-tab-title .elementor-accordion-icon{width:1.2em}.elementor-accordion .elementor-tab-content{padding:7px 15px}}.e-con-inner>.elementor-widget-accordion,.e-con>.elementor-widget-accordion{width:var(--container-widget-width);--flex-grow:var(--container-widget-flex-grow)}<\/style>\t\t<div class=\"elementor-accordion\">\n\t\t\t\t\t\t\t<div class=\"elementor-accordion-item\">\n\t\t\t\t\t<div id=\"elementor-tab-title-2031\" class=\"elementor-tab-title\" data-tab=\"1\" role=\"button\" aria-controls=\"elementor-tab-content-2031\" aria-expanded=\"false\">\n\t\t\t\t\t\t\t\t\t\t\t\t\t<span class=\"elementor-accordion-icon elementor-accordion-icon-left\" aria-hidden=\"true\">\n\t\t\t\t\t\t\t\t\t\t\t\t\t\t\t<span class=\"elementor-accordion-icon-closed\"><i class=\"fas fa-chevron-down\"><\/i><\/span>\n\t\t\t\t\t\t\t\t<span class=\"elementor-accordion-icon-opened\"><i class=\"fas fa-chevron-up\"><\/i><\/span>\n\t\t\t\t\t\t\t\t\t\t\t\t\t\t<\/span>\n\t\t\t\t\t\t\t\t\t\t\t\t<a class=\"elementor-accordion-title\" tabindex=\"0\">Zna\u010dajke<\/a>\n\t\t\t\t\t<\/div>\n\t\t\t\t\t<div id=\"elementor-tab-content-2031\" class=\"elementor-tab-content elementor-clearfix\" data-tab=\"1\" role=\"region\" aria-labelledby=\"elementor-tab-title-2031\"><p>Dimenzije: 11,5 cm x 7,5 cm<\/p><p>Materijal: ABS, plastika<\/p><p>Boja: crna<\/p><p>Baterija: 2x AA<\/p><p><strong>Baterije nisu uklju\u010dene.<\/strong><\/p><p>U kompletu su 2 kamere.<\/p><\/div>\n\t\t\t\t<\/div>\n\t\t\t\t\t\t\t<div class=\"elementor-accordion-item\">\n\t\t\t\t\t<div id=\"elementor-tab-title-2032\" class=\"elementor-tab-title\" data-tab=\"2\" role=\"button\" aria-controls=\"elementor-tab-content-2032\" aria-expanded=\"false\">\n\t\t\t\t\t\t\t\t\t\t\t\t\t<span class=\"elementor-accordion-icon elementor-accordion-icon-left\" aria-hidden=\"true\">\n\t\t\t\t\t\t\t\t\t\t\t\t\t\t\t<span class=\"elementor-accordion-icon-closed\"><i class=\"fas fa-chevron-down\"><\/i><\/span>\n\t\t\t\t\t\t\t\t<span class=\"elementor-accordion-icon-opened\"><i class=\"fas fa-chevron-up\"><\/i><\/span>\n\t\t\t\t\t\t\t\t\t\t\t\t\t\t<\/span>\n\t\t\t\t\t\t\t\t\t\t\t\t<a class=\"elementor-accordion-title\" tabindex=\"0\">Upute za upotrebu<\/a>\n\t\t\t\t\t<\/div>\n\t\t\t\t\t<div id=\"elementor-tab-content-2032\" class=\"elementor-tab-content elementor-clearfix\" data-tab=\"2\" role=\"region\" aria-labelledby=\"elementor-tab-title-2032\"><ul><li>Umetnite 2x AA baterije u kameru. Svjetlo na kameri \u0107e automatski po\u010deti treperiti<\/li><li>Kamera se vijcima ili ljepljivom trakom mo\u017ee pri\u010dvrstiti na povr\u0161inu.<\/li><\/ul><p><strong>Napomena:<\/strong> Kamera ne smije do\u0107i u dodir s vodom.<\/p><\/div>\n\t\t\t\t<\/div>\n\t\t\t\t\t\t\t\t<\/div>\n\t\t\t\t<\/div>\n\t\t\t\t<\/div>\n\t\t\t\t\t<\/div>\n\t\t<\/div>\n\t\t\t\t\t<\/div>\n\t\t<\/section>\n\t\t\t\t<\/div>\n\t\t","protected":false},"excerpt":{"rendered":"<p>Izvrsna alternativa pravoj kameri<\/p>\n<ul>\n<li>Dodatna razina za\u0161tite<\/li>\n<li>Dobivate 2 imitacije kamere<\/li>\n<\/ul>\n","protected":false},"featured_media":159800,"comment_status":"closed","ping_status":"closed","template":"","meta":[],"product_cat":[409,443,68,431],"product_tag":[],"aioseo_notices":[],"_links":{"self":[{"href":"https:\/\/spinlama.com\/hr\/wp-json\/wp\/v2\/product\/159761"}],"collection":[{"href":"https:\/\/spinlama.com\/hr\/wp-json\/wp\/v2\/product"}],"about":[{"href":"https:\/\/spinlama.com\/hr\/wp-json\/wp\/v2\/types\/product"}],"replies":[{"embeddable":true,"href":"https:\/\/spinlama.com\/hr\/wp-json\/wp\/v2\/comments?post=159761"}],"version-history":[{"count":10,"href":"https:\/\/spinlama.com\/hr\/wp-json\/wp\/v2\/product\/159761\/revisions"}],"predecessor-version":[{"id":159811,"href":"https:\/\/spinlama.com\/hr\/wp-json\/wp\/v2\/product\/159761\/revisions\/159811"}],"wp:featuredmedia":[{"embeddable":true,"href":"https:\/\/spinlama.com\/hr\/wp-json\/wp\/v2\/media\/159800"}],"wp:attachment":[{"href":"https:\/\/spinlama.com\/hr\/wp-json\/wp\/v2\/media?parent=159761"}],"wp:term":[{"taxonomy":"product_cat","embeddable":true,"href":"https:\/\/spinlama.com\/hr\/wp-json\/wp\/v2\/product_cat?post=159761"},{"taxonomy":"product_tag","embeddable":true,"href":"https:\/\/spinlama.com\/hr\/wp-json\/wp\/v2\/product_tag?post=159761"}],"curies":[{"name":"wp","href":"https:\/\/api.w.org\/{rel}","templated":true}]}}