{"id":2297,"date":"2018-10-02T14:27:17","date_gmt":"2018-10-02T12:27:17","guid":{"rendered":"https:\/\/vivozebra.hr\/?post_type=product&#038;p=2297"},"modified":"2022-12-30T10:33:25","modified_gmt":"2022-12-30T09:33:25","slug":"korzet-za-uski-struk-i-bokove","status":"publish","type":"product","link":"https:\/\/spinlama.com\/hr\/proizvod\/korzet-za-uski-struk-i-bokove\/","title":{"rendered":"Korzet za uski struk i bokove"},"content":{"rendered":"<p style=\"text-align: center;\"><span style=\"font-size: 140%;\"><strong>Do u\u017eeg struka u trenu!<\/strong><\/span><\/p>\n<p><span style=\"font-size: 140%;\"><img fetchpriority=\"high\" decoding=\"async\" class=\"alignnone size-medium wp-image-2669 aligncenter\" src=\"https:\/\/spinlama.com\/hr\/wp-content\/uploads\/sites\/11\/2018\/09\/prej-potem-619x400.jpg\" alt=\"\" width=\"619\" height=\"400\" \/><\/span><\/p>\n<p style=\"text-align: center;\"><span style=\"font-size: 140%;\">Steznik je <\/span><strong><span style=\"font-size: 140%;\">udoban i<\/span><br \/>\n<span style=\"font-size: 140%;\">\u00a0neprimjetan ispod odje\u0107e.<\/span><br \/>\n<\/strong><\/p>\n<p><span style=\"font-size: 140%;\"><img decoding=\"async\" class=\"alignnone size-medium wp-image-2662 aligncenter\" src=\"https:\/\/spinlama.com\/hr\/wp-content\/uploads\/sites\/11\/2018\/09\/steznik55557-667x400.jpg\" alt=\"\" width=\"667\" height=\"400\" \/><\/span><\/p>\n<p style=\"text-align: center;\"><span style=\"font-size: 140%;\"><strong>Podesiva veli\u010dina i kvalitetno zakop\u010davanje.<br \/>\n<\/strong>Dostupne veli\u010dine od XS do 6XL.<\/span><\/p>\n<p style=\"text-align: center;\"><span style=\"font-size: 140%;\"><img decoding=\"async\" class=\"alignnone size-medium wp-image-2672 aligncenter\" src=\"https:\/\/spinlama.com\/hr\/wp-content\/uploads\/sites\/11\/2018\/09\/steznik55559-415x400.jpg\" alt=\"\" width=\"415\" height=\"400\" \/><\/span><\/p>\n<p style=\"text-align: center;\"><span style=\"font-size: 140%;\"><strong>Prikladan je i za tjelovje\u017ebu, budu\u0107i da s njim br\u017ee posti\u017eete rezultate!<\/strong><\/span><br \/>\n<span style=\"font-size: 140%;\">Zahvaljuju\u0107i svom principu djelovanja, tako\u0111er poma\u017ee pri pravilnom dr\u017eanju tijela.<\/span><\/p>\n<p style=\"text-align: center;\"><span style=\"font-size: 140%;\"><img loading=\"lazy\" decoding=\"async\" class=\"alignnone size-medium wp-image-2674\" src=\"https:\/\/spinlama.com\/hr\/wp-content\/uploads\/sites\/11\/2018\/09\/steznik2-400x400.jpg\" alt=\"\" width=\"400\" height=\"400\" \/><\/span><\/p>\n<p style=\"text-align: center;\"><span style=\"font-size: 140%;\"><strong>Za\u0161titite struk i donji dio le\u0111a u hladno zimsko vrijeme.<\/strong><\/span><\/p>\n<p style=\"text-align: center;\"><span style=\"font-size: 140%;\"><img loading=\"lazy\" decoding=\"async\" class=\"alignnone size-medium wp-image-2675\" src=\"https:\/\/spinlama.com\/hr\/wp-content\/uploads\/sites\/11\/2018\/09\/steznik1-400x400.jpg\" alt=\"\" width=\"400\" height=\"400\" \/><\/span><\/p>\n<p style=\"text-align: center;\"><span style=\"font-size: 140%;\"><strong>Ne savija se prema gore ili dolje, ve\u0107 cijeli dan ostaje na mjestu.<\/strong><\/span><\/p>\n<p style=\"text-align: center;\"><span style=\"font-size: 140%;\"><img loading=\"lazy\" decoding=\"async\" src=\"https:\/\/spinlama.com\/hr\/wp-content\/uploads\/sites\/11\/2018\/09\/steznik6-400x400.jpg\" alt=\"\" width=\"539\" height=\"539\" \/><\/span><\/p>\n<p style=\"text-align: center;\"><strong><span style=\"font-size: 140%;\">Steznik je jednostavan za obla\u010denje.<\/span><\/strong><br \/>\n<span style=\"font-size: 140%;\">Ujedno je i prozra\u010dan, pa se pod njim ne\u0107ete znojiti.<\/span><\/p>\n<p style=\"text-align: center;\"><span style=\"font-size: 140%;\"><img loading=\"lazy\" decoding=\"async\" class=\"aligncenter\" src=\"https:\/\/spinlama.com\/hr\/wp-content\/uploads\/sites\/11\/2018\/09\/steznik55561-410x400.jpg\" alt=\"\" width=\"511\" height=\"499\" \/><\/span><\/p>\n<p style=\"text-align: center;\"><span style=\"font-size: 140%;\"><strong>Priu\u0161tite si steznik vrhunske kvalitete<br \/>\ni zasjajte u svojoj najdra\u017eoj haljini.<\/strong><\/span><\/p>\n<p><img loading=\"lazy\" decoding=\"async\" class=\"entered lazyloaded aligncenter\" src=\"https:\/\/spinlama.com\/hr\/wp-content\/uploads\/sites\/11\/2018\/09\/slim-trainer-06.jpg\" alt=\"\" width=\"599\" height=\"207\" data-lazy-src=\"https:\/\/vivozebra.si\/wp-content\/uploads\/sites\/11\/2018\/09\/slim-trainer-06.jpg\" data-ll-status=\"loaded\" \/><\/p>\n<p style=\"text-align: center;\"><span style=\"font-size: 140%;\"><strong>Boja<\/strong>: crna, be\u017e<br \/>\n<\/span><span style=\"font-size: 140%;\"><strong>Materijal:<\/strong> elastan, pamuk<\/span><\/p>\n<p style=\"text-align: center;\"><span style=\"font-size: 140%;\"><strong>Veli\u010dine (mjere u struku, predio pupka):<\/strong><\/span><\/p>\n<p style=\"text-align: center;\"><span style=\"font-size: 140%;\">XS\/S : 58 &#8211; 68cm<br \/>\nS\/M : 62 &#8211; 74cm<\/span><br \/>\n<span style=\"font-size: 140%;\">L\/XL : 74 &#8211; 86cm<\/span><br \/>\n<span style=\"font-size: 140%;\">2XL\/3XL :\u00a0 86 &#8211; 98cm<\/span><br \/>\n<span style=\"font-size: 140%;\">4XL\/5XL : 98 &#8211; 112cm<\/span><br \/>\n<span style=\"font-size: 140%;\">6XL :\u00a0 112 &#8211; 118cm<\/span><\/p>\n<p><img decoding=\"async\" class=\"aligncenter\" src=\"https:\/\/spinlama.com\/hr\/wp-content\/uploads\/sites\/11\/2018\/09\/slim-trainer-08.jpg\" \/><\/p>\n","protected":false},"excerpt":{"rendered":"<p>Priu\u0161tite si savr\u0161enu figuru i rije\u0161ite &#8220;\u0161laufi\u0107a&#8221; na trbuhu i <strong>samouvjereno usko\u010dite u pripijene maj\u010dice i haljinice!\u00a0<\/strong><\/p>\n<p>&nbsp;<\/p>\n","protected":false},"featured_media":2303,"comment_status":"open","ping_status":"closed","template":"","meta":[],"product_cat":[68],"product_tag":[268,267,266,265,264,259,254,262,261,255,260,257,256,253,258,263],"aioseo_notices":[],"_links":{"self":[{"href":"https:\/\/spinlama.com\/hr\/wp-json\/wp\/v2\/product\/2297"}],"collection":[{"href":"https:\/\/spinlama.com\/hr\/wp-json\/wp\/v2\/product"}],"about":[{"href":"https:\/\/spinlama.com\/hr\/wp-json\/wp\/v2\/types\/product"}],"replies":[{"embeddable":true,"href":"https:\/\/spinlama.com\/hr\/wp-json\/wp\/v2\/comments?post=2297"}],"version-history":[{"count":6,"href":"https:\/\/spinlama.com\/hr\/wp-json\/wp\/v2\/product\/2297\/revisions"}],"predecessor-version":[{"id":120334,"href":"https:\/\/spinlama.com\/hr\/wp-json\/wp\/v2\/product\/2297\/revisions\/120334"}],"wp:featuredmedia":[{"embeddable":true,"href":"https:\/\/spinlama.com\/hr\/wp-json\/wp\/v2\/media\/2303"}],"wp:attachment":[{"href":"https:\/\/spinlama.com\/hr\/wp-json\/wp\/v2\/media?parent=2297"}],"wp:term":[{"taxonomy":"product_cat","embeddable":true,"href":"https:\/\/spinlama.com\/hr\/wp-json\/wp\/v2\/product_cat?post=2297"},{"taxonomy":"product_tag","embeddable":true,"href":"https:\/\/spinlama.com\/hr\/wp-json\/wp\/v2\/product_tag?post=2297"}],"curies":[{"name":"wp","href":"https:\/\/api.w.org\/{rel}","templated":true}]}}