{"id":86810,"date":"2020-11-26T12:39:11","date_gmt":"2020-11-26T11:39:11","guid":{"rendered":"https:\/\/vivozebra.hr\/?post_type=product&#038;p=86810"},"modified":"2022-12-30T10:31:29","modified_gmt":"2022-12-30T09:31:29","slug":"fitness-set","status":"publish","type":"product","link":"https:\/\/spinlama.com\/hr\/proizvod\/fitness-set\/","title":{"rendered":"Fitness Set \u2013 Komplet gumenih traka za vje\u017ebanje"},"content":{"rendered":"<p style=\"text-align: center\"><strong><span style=\"font-size: 110%\">Umjesto u teretani, vje\u017ebajte u ku\u0107noj teretani!<\/span><\/strong><br \/>\n<span style=\"font-size: 110%\">Komplet za vje\u017ebanje idealan je za mu\u0161karce i \u017eene svih dobnih skupina koji tra\u017ee u\u010dinkovit na\u010din vje\u017ebanja za sagorijevanje kalorija, ja\u010danje mi\u0161i\u0107a i gubitak masnog tkiva \u2013 odmah kod ku\u0107e!<\/span><\/p>\n<p style=\"text-align: center\"><span style=\"font-size: 110%\"><img fetchpriority=\"high\" decoding=\"async\" src=\"https:\/\/spinlama.com\/hr\/wp-content\/uploads\/sites\/15\/2020\/11\/fitness-set-01.gif\" alt=\"\" width=\"500\" height=\"500\" \/><\/span><\/p>\n<p style=\"text-align: center\"><strong><span style=\"font-size: 110%\">Komplet za vje\u017ebanje za sve potrebe treninga!<\/span><\/strong><br \/>\n<span style=\"font-size: 110%\">Komplet se sastoji od 5 rastezljivih gumenih traka, 2 podstavljene ru\u010dke, dr\u017ea\u010da za vrata i 2 remena za gle\u017eanj \u2013 sve \u0161to vam treba za vje\u017ebanje cijelog tijela. Izvrsna je alternativa neugodnim utezima i tradicionalnim spravama za vje\u017ebanje koje obi\u010dno zauzimaju mnogo prostora. S pomo\u0107u prakti\u010dnog dr\u017ea\u010da za vrata mo\u017eete izvoditi niz vje\u017ebi koje bi bilo te\u0161ko izvesti bez specijaliziranog ure\u0111aja.<\/span><\/p>\n<p style=\"text-align: center\"><span style=\"font-size: 110%\"><img decoding=\"async\" src=\"https:\/\/spinlama.com\/hr\/wp-content\/uploads\/sites\/15\/2020\/11\/fitness-set-02.gif\" alt=\"\" width=\"500\" height=\"500\" \/><\/span><\/p>\n<p style=\"text-align: center\"><strong><span style=\"font-size: 110%\">Trening svih grupa mi\u0161i\u0107a<\/span><\/strong><br \/>\n<span style=\"font-size: 110%\">Ovaj komplet omogu\u0107uje vam da izvedete \u0161irok spektar vje\u017ebi izdr\u017eljivosti kojima \u0107ete oja\u010dati mi\u0161i\u0107e prsa i trbuha, bicepsa i tricepsa, bedara i mekih mi\u0161i\u0107a, stra\u017enjice, ramena i le\u0111a. Komplet je izvrstan dodatak va\u0161em omiljenom treningu, istezanju, treningu snage, pilatesu ili jogi.<\/span><\/p>\n<p style=\"text-align: center\"><span style=\"font-size: 110%\"><img decoding=\"async\" src=\"https:\/\/spinlama.com\/hr\/wp-content\/uploads\/sites\/15\/2020\/11\/telovadni-set-01.jpg\" alt=\"\" width=\"500\" height=\"500\" \/><\/span><\/p>\n<p style=\"text-align: center\"><strong><span style=\"font-size: 110%\">Kombiniranje traka za prilagodbu intenziteta vje\u017ebanja<\/span><\/strong><br \/>\n<span style=\"font-size: 110%\">U kompletu se nalazi 5 remena razli\u010ditih boja, svaka boja ima svoju te\u017einu (otpor) \u2013 \u017euta (lagano, do 4,5 kg), zelena (srednje lagano, do 7 kg), crvena (srednje, do 9 kg), plava (te\u0161ko, do 11 kg) i crna (vrlo te\u0161ko, do 13,5 kg). Remeni se mogu i kombinirati jedni s drugima, \u010dime \u0107ete intenzitet treninga lak\u0161e prilagoditi vlastitim potrebama. Ukupni otpor je cca. 45 kg.<\/span><\/p>\n<p style=\"text-align: center\"><span style=\"font-size: 110%\"><img loading=\"lazy\" decoding=\"async\" src=\"https:\/\/spinlama.com\/hr\/wp-content\/uploads\/sites\/15\/2020\/11\/telovadni-set-03.jpg\" alt=\"\" width=\"500\" height=\"677\" \/><\/span><\/p>\n<p style=\"text-align: center\"><strong><span style=\"font-size: 110%\">Za po\u010detnike i iskusne sporta\u0161e<\/span><\/strong><br \/>\n<span style=\"font-size: 110%\">Komplet je prikladan za sve razine fizi\u010dke spremnosti jer intenzitet treninga mo\u017eete jednostavno prilagoditi izmjenom i kombiniranjem traka razli\u010ditih boja. Bez obzira trenirate li redovito i \u017eelite svoj trening u\u010diniti zanimljivijim, jeste li po\u010detnik ili povremeno vje\u017ebate i tra\u017eite u\u010dinkovitiji trening \u2013 ovaj raznovrstan komplet nudi razli\u010dite kombinacije vje\u017ebi i brze rezultate.<\/span><\/p>\n<p style=\"text-align: center\"><span style=\"font-size: 110%\"><img loading=\"lazy\" decoding=\"async\" src=\"https:\/\/spinlama.com\/hr\/wp-content\/uploads\/sites\/15\/2020\/11\/fitness-set-03.gif\" alt=\"\" width=\"500\" height=\"500\" \/><\/span><\/p>\n<p style=\"text-align: center\"><strong><span style=\"font-size: 110%\">Nemate vremena za teretanu? Nema problema!<\/span><\/strong><br \/>\n<span style=\"font-size: 110%\">Ovaj komplet za vje\u017ebanje idealno je rje\u0161enje ako nemate vremena voziti se svaki dan u teretanu ili ne \u017eelite pla\u0107ati skupu \u010dlanarinu za fitnes.<\/span><\/p>\n<p style=\"text-align: center\"><span style=\"font-size: 110%\"><img loading=\"lazy\" decoding=\"async\" src=\"https:\/\/spinlama.com\/hr\/wp-content\/uploads\/sites\/15\/2020\/11\/telovadni-set-04.jpg\" alt=\"\" width=\"501\" height=\"334\" \/><\/span><\/p>\n<p style=\"text-align: center\"><strong><span style=\"font-size: 110%\">Za svakodnevno vje\u017ebanje, bilo gdje i bilo kada<\/span><\/strong><br \/>\n<span style=\"font-size: 110%\">Komplet za vje\u017ebanje lagan je, kompaktan i prenosiv. Dodatke stavite u prakti\u010dnu torbu za spremanje i spakirajte ih u kov\u010deg ili spremite u automobil, tako da mo\u017eete vje\u017ebati gdje god i kad god \u017eelite \u2013 kod ku\u0107e, na otvorenom, u pauzi na poslu ili na odmoru.<\/span><\/p>\n<p style=\"text-align: center\"><span style=\"font-size: 110%\"><img loading=\"lazy\" decoding=\"async\" src=\"https:\/\/spinlama.com\/hr\/wp-content\/uploads\/sites\/15\/2020\/11\/telovadni-set-02.jpg\" alt=\"\" width=\"500\" height=\"500\" \/><\/span><\/p>\n<p style=\"text-align: center\"><strong><span style=\"font-size: 110%\">Izdr\u017eljive i kvalitetne trake koje podnose intenzivno svakodnevno vje\u017ebanje!<\/span><\/strong><br \/>\n<span style=\"font-size: 110%\">Trake su izra\u0111ene od izdr\u017eljive TPE gume koja je otporna na habanje, ne\u0107e se isu\u0161iti, potrgati ni deformirati. Na kraju svake trake nalazi se metalni prsten na koji se uz pomo\u0107 izdr\u017eljivog metalnog karabinera mo\u017ee pri\u010dvrstiti dr\u017ea\u010d za vrata ili trake za gle\u017enjeve. Na metalni karabiner jednostavno mo\u017eete pri\u010dvrstiti dodatne trake. Ru\u010dke su meke i upijaju\u0107e, presvu\u010dene pjenastim materijalom koji se ne kli\u017ee. Na trakama za gle\u017enjeve nalazi se \u010di\u010dak koji omogu\u0107uje \u010dvrsto i stabilno pri\u010dvr\u0161\u0107ivanje za gle\u017eanj.<\/span><\/p>\n<p><span style=\"font-size: 110%\"><img loading=\"lazy\" decoding=\"async\" class=\"aligncenter\" src=\"https:\/\/spinlama.com\/hr\/wp-content\/uploads\/sites\/15\/2020\/11\/telovadni-set-05.jpg\" alt=\"\" width=\"500\" height=\"500\" \/><\/span><\/p>\n<p style=\"text-align: left\"><strong><span style=\"font-size: 105%\">Zna\u010dajke:<\/span><\/strong><br \/>\n<span style=\"font-size: 105%\">&#8211; 11-dijelni komplet gumenih traka<\/span><br \/>\n<span style=\"font-size: 105%\">&#8211; trake razli\u010ditih boja\/te\u017eine<\/span><br \/>\n<span style=\"font-size: 105%\">&#8211; s prakti\u010dnim dr\u017ea\u010dem za vrata, ru\u010dkama i trakama za gle\u017enjeve<\/span><br \/>\n<span style=\"font-size: 105%\">&#8211; izvrsna alternativa utezima i tradicionalnim spravama za vje\u017ebanje<\/span><br \/>\n<span style=\"font-size: 105%\">&#8211; pogodne za mu\u0161karce i \u017eene, po\u010detnike i iskusne sporta\u0161e<\/span><br \/>\n<span style=\"font-size: 105%\">&#8211; jednostavna prilagodba intenziteta treninga promjenom i kombiniranjem traka (mo\u017eete istovremeno upotrijebiti nekoliko traka)<\/span><br \/>\n<span style=\"font-size: 105%\">&#8211; omogu\u0107uje vje\u017ebanje svih grupa mi\u0161i\u0107a<\/span><br \/>\n<span style=\"font-size: 105%\">&#8211; izvrstan dodatak treningu<\/span><br \/>\n<span style=\"font-size: 105%\">&#8211; kompaktan i prenosivi komplet<\/span><br \/>\n<span style=\"font-size: 105%\">&#8211; s prikladnom vre\u0107icom za odlaganje<\/span><\/p>\n<p style=\"text-align: left\"><img loading=\"lazy\" decoding=\"async\" class=\"aligncenter wp-image-86884\" src=\"https:\/\/spinlama.com\/hr\/wp-content\/uploads\/sites\/15\/2020\/11\/telovadni-set-09.jpg\" alt=\"\" width=\"902\" height=\"400\" srcset=\"https:\/\/spinlama.com\/hr\/wp-content\/uploads\/sites\/31\/2020\/11\/telovadni-set-09.jpg 1410w, https:\/\/spinlama.com\/hr\/wp-content\/uploads\/sites\/31\/2020\/11\/telovadni-set-09-600x266.jpg 600w, https:\/\/spinlama.com\/hr\/wp-content\/uploads\/sites\/31\/2020\/11\/telovadni-set-09-800x355.jpg 800w, https:\/\/spinlama.com\/hr\/wp-content\/uploads\/sites\/31\/2020\/11\/telovadni-set-09-1400x621.jpg 1400w, https:\/\/spinlama.com\/hr\/wp-content\/uploads\/sites\/31\/2020\/11\/telovadni-set-09-768x340.jpg 768w\" sizes=\"(max-width: 902px) 100vw, 902px\" \/><br \/>\n<span style=\"font-size: 105%\">\u00a0<\/span><br \/>\n<strong><span style=\"font-size: 105%\">U paketu \u0107ete dobiti:<\/span><\/strong><br \/>\n<span style=\"font-size: 105%\">5 traka od TPE gume<\/span><br \/>\n<span style=\"font-size: 105%\">2 trake za gle\u017enjeve<\/span><br \/>\n<span style=\"font-size: 105%\">2 ru\u010dka od pjene<\/span><br \/>\n<span style=\"font-size: 105%\">1 dr\u017ea\u010d za vrata<\/span><br \/>\n<span style=\"font-size: 105%\">1 torba za odlaganje i no\u0161enje<\/span><\/p>\n<p style=\"text-align: center\"><img loading=\"lazy\" decoding=\"async\" class=\"alignnone wp-image-86883\" src=\"https:\/\/spinlama.com\/hr\/wp-content\/uploads\/sites\/15\/2020\/11\/telovadni-set-07.jpg\" alt=\"\" width=\"500\" height=\"500\" srcset=\"https:\/\/spinlama.com\/hr\/wp-content\/uploads\/sites\/31\/2020\/11\/telovadni-set-07.jpg 800w, https:\/\/spinlama.com\/hr\/wp-content\/uploads\/sites\/31\/2020\/11\/telovadni-set-07-100x100.jpg 100w, https:\/\/spinlama.com\/hr\/wp-content\/uploads\/sites\/31\/2020\/11\/telovadni-set-07-600x600.jpg 600w, https:\/\/spinlama.com\/hr\/wp-content\/uploads\/sites\/31\/2020\/11\/telovadni-set-07-400x400.jpg 400w, https:\/\/spinlama.com\/hr\/wp-content\/uploads\/sites\/31\/2020\/11\/telovadni-set-07-280x280.jpg 280w, https:\/\/spinlama.com\/hr\/wp-content\/uploads\/sites\/31\/2020\/11\/telovadni-set-07-768x768.jpg 768w\" sizes=\"(max-width: 500px) 100vw, 500px\" \/><\/p>\n","protected":false},"excerpt":{"rendered":"<p><span style=\"font-size: 115%\"><strong>Ovaj komplet za vje\u017ebanje omogu\u0107uje vam da izvedete \u0161irok spektar vje\u017ebi za cijelo tijelo i u\u010dinkovito oja\u010date mi\u0161i\u0107e prsa i trbuha, bicepsa i tricepsa, bedara i mekih mi\u0161i\u0107a, stra\u017enjice, ramena i le\u0111a.<\/strong><\/span><\/p>\n<p><span style=\"font-size: 110%\">Ovim kompletom svoje omiljene treninge, istezanje, trening snage, pilates, jogu mo\u017eete u\u010diniti izazovnijima, a uz to je i izvrsna alternativa utezima i tradicionalnoj opremi za vje\u017ebanje \u2013 od ku\u0107e, na odmoru ili putovanju.<\/span><\/p>\n","protected":false},"featured_media":86878,"comment_status":"closed","ping_status":"closed","template":"","meta":[],"product_cat":[408,68],"product_tag":[377,372,374,373,375,376],"aioseo_notices":[],"_links":{"self":[{"href":"https:\/\/spinlama.com\/hr\/wp-json\/wp\/v2\/product\/86810"}],"collection":[{"href":"https:\/\/spinlama.com\/hr\/wp-json\/wp\/v2\/product"}],"about":[{"href":"https:\/\/spinlama.com\/hr\/wp-json\/wp\/v2\/types\/product"}],"replies":[{"embeddable":true,"href":"https:\/\/spinlama.com\/hr\/wp-json\/wp\/v2\/comments?post=86810"}],"version-history":[{"count":2,"href":"https:\/\/spinlama.com\/hr\/wp-json\/wp\/v2\/product\/86810\/revisions"}],"predecessor-version":[{"id":123881,"href":"https:\/\/spinlama.com\/hr\/wp-json\/wp\/v2\/product\/86810\/revisions\/123881"}],"wp:featuredmedia":[{"embeddable":true,"href":"https:\/\/spinlama.com\/hr\/wp-json\/wp\/v2\/media\/86878"}],"wp:attachment":[{"href":"https:\/\/spinlama.com\/hr\/wp-json\/wp\/v2\/media?parent=86810"}],"wp:term":[{"taxonomy":"product_cat","embeddable":true,"href":"https:\/\/spinlama.com\/hr\/wp-json\/wp\/v2\/product_cat?post=86810"},{"taxonomy":"product_tag","embeddable":true,"href":"https:\/\/spinlama.com\/hr\/wp-json\/wp\/v2\/product_tag?post=86810"}],"curies":[{"name":"wp","href":"https:\/\/api.w.org\/{rel}","templated":true}]}}