{"id":9742,"date":"2019-01-30T15:39:22","date_gmt":"2019-01-30T14:39:22","guid":{"rendered":"https:\/\/vivozebra.hr\/?post_type=product&#038;p=9742"},"modified":"2022-12-30T17:33:53","modified_gmt":"2022-12-30T16:33:53","slug":"stitnici-za-zakrivljene-i-deformirane-nozne-prste-i-stopala-2kos","status":"publish","type":"product","link":"https:\/\/spinlama.com\/hr\/proizvod\/stitnici-za-zakrivljene-i-deformirane-nozne-prste-i-stopala-2kos\/","title":{"rendered":"\u0160titnici za zakrivljene i deformirane no\u017ene prste i stopala- 2kos"},"content":{"rendered":"<p style=\"text-align: center;\"><span style=\"font-size: 140%;\"><strong>Silikonski dodatak za deformirane prste na nogama ve\u0107 su pomogli tisu\u0107ama u Hrvatskoj zbog raznih deformacija prstiju. \u0160\u010ditnici \u0161tite prste dok hodate, u cipelima dr\u017ee prste razdvojene i \u010dini hodanje ugodnijim.<\/strong><\/span><\/p>\n<p style=\"text-align: center;\"><span style=\"font-size: 140%;\"><strong>Zbog toga \u0161to dr\u017ee prste razdvojene, deformacija napre\u0111uje sporije ili se zaustavi a i pove\u0107ava cirkulaciju i ravnote\u017eu.<\/strong><\/span><\/p>\n<p style=\"text-align: center;\"><img fetchpriority=\"high\" decoding=\"async\" class=\"alignnone wp-image-8324\" src=\"https:\/\/spinlama.com\/hr\/wp-content\/uploads\/sites\/11\/2018\/11\/painful-400x400.jpeg\" alt=\"\" width=\"589\" height=\"591\" \/><\/p>\n<p style=\"text-align: left;\"><strong><span style=\"font-size: 140%;\">Odabrati mo\u017eete izme\u0111u oblikama:<\/span><\/strong><br \/>\n<span style=\"font-size: 140%;\">1. \u0161\u010ditnik za 2 prsta (mo\u017ee se staviti na sve prste osim na palac)<br \/>\n2. \u0161\u010ditnik za 3 prste (mo\u017ee se staviti na sve prste osim na palac)<br \/>\n3. \u0161\u010ditnik za sve prste<br \/>\n4. \u0161\u010ditnik za 2 prsta &#8211; Hallux Valgus (palec + pokaziva\u010d)<br \/>\n5. \u0161\u010ditnik za mortonov nevrom (stopala)<br \/>\n6. \u0161\u010ditnik za pete<\/span><\/p>\n<p style=\"text-align: center;\"><span style=\"font-size: 140%;\"><strong>1. \u0161\u010ditnik za 2 prsta (mo\u017ee se staviti na sve prste osim na palac)<br \/>\n<img decoding=\"async\" class=\"alignnone wp-image-8228\" src=\"https:\/\/spinlama.com\/hr\/wp-content\/uploads\/sites\/11\/2018\/11\/32-454x400.jpg\" alt=\"\" width=\"497\" height=\"438\" \/><br \/>\n<\/strong><\/span><span style=\"font-size: 140%;\">2. \u0161\u010ditnik za 3 prste (mo\u017ee se staviti na sve prste osim na palac)<\/span><\/p>\n<p style=\"text-align: center;\"><span style=\"font-size: 140%;\"><strong><img decoding=\"async\" class=\"alignnone wp-image-8225\" src=\"https:\/\/spinlama.com\/hr\/wp-content\/uploads\/sites\/11\/2018\/11\/1-3-400x400.jpg\" alt=\"\" width=\"545\" height=\"545\" \/><br \/>\n<\/strong><\/span><span style=\"font-size: 140%;\">3. \u0161\u010ditnik za sve prste<\/span><\/p>\n<p style=\"text-align: center;\"><span style=\"font-size: 140%;\"><strong><img loading=\"lazy\" decoding=\"async\" class=\"alignnone size-medium wp-image-8229\" src=\"https:\/\/spinlama.com\/hr\/wp-content\/uploads\/sites\/11\/2018\/11\/27-400x400.jpg\" alt=\"\" width=\"400\" height=\"400\" \/><br \/>\n4. \u0161\u010ditnik za 2 prsta &#8211; Hallux Valgus (palec + pokaziva\u010d)<br \/>\n<img loading=\"lazy\" decoding=\"async\" class=\"alignnone wp-image-420\" src=\"https:\/\/spinlama.com\/hr\/wp-content\/uploads\/sites\/11\/2018\/07\/Hallux-455x400.jpg\" alt=\"\" width=\"514\" height=\"452\" srcset=\"https:\/\/spinlama.com\/hr\/wp-content\/uploads\/sites\/31\/2018\/07\/Hallux-455x400.jpg 455w, https:\/\/spinlama.com\/hr\/wp-content\/uploads\/sites\/31\/2018\/07\/Hallux-510x449.jpg 510w, https:\/\/spinlama.com\/hr\/wp-content\/uploads\/sites\/31\/2018\/07\/Hallux.jpg 532w\" sizes=\"(max-width: 514px) 100vw, 514px\" \/><br \/>\n5. \u0161\u010ditnik za mortonov nevrom (stopala)<br \/>\n<\/strong><\/span><\/p>\n<p style=\"text-align: center;\"><span style=\"font-size: 140%;\"><strong><img loading=\"lazy\" decoding=\"async\" class=\"alignnone wp-image-8256\" src=\"https:\/\/spinlama.com\/hr\/wp-content\/uploads\/sites\/11\/2018\/11\/43-400x400.jpg\" alt=\"\" width=\"546\" height=\"546\" \/><br \/>\n6. \u0161\u010ditnik za pete<\/strong><\/span><\/p>\n<p><img loading=\"lazy\" decoding=\"async\" class=\"alignnone size-medium wp-image-8255 aligncenter\" src=\"https:\/\/spinlama.com\/hr\/wp-content\/uploads\/sites\/11\/2018\/11\/peta-666x400.jpg\" alt=\"\" width=\"666\" height=\"400\" \/><\/p>\n<p style=\"text-align: center;\"><span style=\"font-size: 140%;\">\u0160\u010ditnici laj\u0161aju hodanje i poma\u017eu osoboma s problemima u prstima, podplatima ili peti, da je hodanje lak\u0161e i manje bolno.<\/span><\/p>\n<p style=\"text-align: center;\"><span style=\"font-size: 140%;\"><img loading=\"lazy\" decoding=\"async\" class=\"alignnone wp-image-8257\" src=\"https:\/\/spinlama.com\/hr\/wp-content\/uploads\/sites\/11\/2018\/11\/scitnikiall-410x400.jpg\" alt=\"\" width=\"610\" height=\"596\" \/><\/span><\/p>\n<p style=\"text-align: center;\"><span style=\"font-size: 140%;\"><strong>U Hrvatskoj ima svaka druga osoba probleme sa razli\u010ditim deformacijama prstiju, podplata ili petama. Deformacije nastajaju zbog no\u0161enja preuzkih\/premalinih\/pretvrdih\u00a0 cipela ili zbog predispozicija (nasljednost).<\/strong><\/span><\/p>\n<p><img loading=\"lazy\" decoding=\"async\" class=\"alignnone wp-image-8310 aligncenter\" src=\"https:\/\/spinlama.com\/hr\/wp-content\/uploads\/sites\/11\/2018\/11\/SCITNIKI2-400x400.jpg\" alt=\"\" width=\"575\" height=\"575\" \/><\/p>\n<p style=\"text-align: center;\"><span style=\"font-size: 140%;\"><strong>Jednostavan za no\u0161enje i neprimjetan u cipelama.<\/strong><\/span><\/p>\n<p><span style=\"font-size: 140%;\"><img loading=\"lazy\" decoding=\"async\" class=\"alignnone wp-image-2348 aligncenter\" src=\"https:\/\/spinlama.com\/hr\/wp-content\/uploads\/sites\/11\/2018\/07\/halluuuuux-800x229.jpg\" alt=\"\" width=\"935\" height=\"268\" \/><\/span><\/p>\n<p style=\"text-align: center;\"><span style=\"font-size: 140%;\"><strong>Postoje razli\u010diti stupnjevi deformacije. Obi\u010dno, osim ru\u017enog izgleda kosti obojene, postoji i bol. Tijekom godina deformacije se kod ve\u0107ine ljudi pove\u0107avaju, \u0161to zna\u010di da su prsti sve vi\u0161e deformirani i bolni.<\/strong><\/span><\/p>\n<p style=\"text-align: center;\"><span style=\"font-size: 140%;\"><img loading=\"lazy\" decoding=\"async\" class=\"alignnone wp-image-8258\" src=\"https:\/\/spinlama.com\/hr\/wp-content\/uploads\/sites\/11\/2018\/11\/feettt-400x400.jpg\" alt=\"\" width=\"629\" height=\"629\" \/><\/span><\/p>\n<p style=\"text-align: center;\"><span style=\"font-size: 140%;\"><strong>Silikonski \u0161\u010ditnici \u0107e vam pomo\u0107i u svakodnevnoj upotrebi. Najkvalitetniji \u0161\u010ditnici na hrvatskom tr\u017ei\u0161tu su idealni za sve koji se suo\u010date s nekom vrstom deformacija.<\/strong><\/span><\/p>\n<p style=\"text-align: center;\"><span style=\"font-size: 140%;\"><img loading=\"lazy\" decoding=\"async\" class=\"alignnone wp-image-8312\" src=\"https:\/\/spinlama.com\/hr\/wp-content\/uploads\/sites\/11\/2018\/11\/noge.jpg\" alt=\"\" width=\"627\" height=\"418\" \/><\/span><\/p>\n<p style=\"text-align: center;\"><strong><span style=\"font-size: 140%;\">Sa kupnjom dobivate \u010dak dva \u0161titnika za deformirane i zakrivljene prste (oba se prilago\u0111avaju objema nogama), koji su trenutno najkvalitetniji za\u0161titnici na hrvatskom tr\u017ei\u0161tu, jer se ne pomi\u010du, ne gr\u010de i ne uzrokuju neugodan osje\u0107aj.<\/span><\/strong><\/p>\n<p style=\"text-align: center;\"><span style=\"font-size: 140%;\"><img loading=\"lazy\" decoding=\"async\" class=\"alignnone wp-image-426\" src=\"https:\/\/spinlama.com\/hr\/wp-content\/uploads\/sites\/11\/2018\/07\/Hallux6-608x400.jpg\" alt=\"\" width=\"206\" height=\"135\" srcset=\"https:\/\/spinlama.com\/hr\/wp-content\/uploads\/sites\/31\/2018\/07\/Hallux6-608x400.jpg 608w, https:\/\/spinlama.com\/hr\/wp-content\/uploads\/sites\/31\/2018\/07\/Hallux6-600x395.jpg 600w, https:\/\/spinlama.com\/hr\/wp-content\/uploads\/sites\/31\/2018\/07\/Hallux6-768x505.jpg 768w, https:\/\/spinlama.com\/hr\/wp-content\/uploads\/sites\/31\/2018\/07\/Hallux6.jpg 795w\" sizes=\"(max-width: 206px) 100vw, 206px\" \/><img loading=\"lazy\" decoding=\"async\" class=\"alignnone wp-image-8256\" src=\"https:\/\/spinlama.com\/hr\/wp-content\/uploads\/sites\/11\/2018\/11\/43-400x400.jpg\" alt=\"\" width=\"130\" height=\"130\" \/> <img loading=\"lazy\" decoding=\"async\" class=\"alignnone wp-image-8255\" src=\"https:\/\/spinlama.com\/hr\/wp-content\/uploads\/sites\/11\/2018\/11\/peta-666x400.jpg\" alt=\"\" width=\"178\" height=\"107\" \/> <img loading=\"lazy\" decoding=\"async\" class=\"alignnone wp-image-8228\" src=\"https:\/\/spinlama.com\/hr\/wp-content\/uploads\/sites\/11\/2018\/11\/32-454x400.jpg\" alt=\"\" width=\"139\" height=\"122\" \/> <img loading=\"lazy\" decoding=\"async\" class=\"alignnone wp-image-8229\" src=\"https:\/\/spinlama.com\/hr\/wp-content\/uploads\/sites\/11\/2018\/11\/27-400x400.jpg\" alt=\"\" width=\"147\" height=\"147\" \/> <img loading=\"lazy\" decoding=\"async\" class=\"alignnone wp-image-8225\" src=\"https:\/\/spinlama.com\/hr\/wp-content\/uploads\/sites\/11\/2018\/11\/1-3-400x400.jpg\" alt=\"\" width=\"141\" height=\"141\" \/><\/span><\/p>\n<p style=\"text-align: center;\"><span style=\"font-size: 140%;\"><strong>\u0160titnici za deformirane prste na prstima anatomski su oblikovani kako bi odgovarali nepravilnom obliku zgloba. \u0160\u010ditnice se mo\u017ee koristiti prije, kao i poslijeoperativnom vremenu. Kori\u0161tenje \u0161tita mo\u017ee pomo\u0107i smanjiti i manje zamjetne o\u017eiljke nakon operacije. Ne stavljajte ga na svje\u017eu i otvorenu ranu.<\/strong><\/span><\/p>\n<p style=\"text-align: center;\"><img loading=\"lazy\" decoding=\"async\" class=\"alignnone wp-image-8322\" src=\"https:\/\/spinlama.com\/hr\/wp-content\/uploads\/sites\/11\/2018\/11\/foot1-601x400.jpg\" alt=\"\" width=\"654\" height=\"435\" \/><\/p>\n<p style=\"text-align: center;\"><strong><span style=\"font-size: 140%;\">Pogodno za no\u0161enje udobnih cipela i papu\u010da. Nakon se obucite \u010darape, da se ne pomi\u010de. Posebno mekani materijal iznimno je pogodan za ko\u017eu i \u010dini ga udobnim za no\u0161enje.<\/span><\/strong><\/p>\n<p style=\"text-align: center;\"><strong><span style=\"font-size: 140%;\">Kupci primje\u0107uju da su u pravilnom i pravilnom kori\u0161tenju \u0161titnica rezultati vidljivi u prvom mjesecu uporabe.<\/span><\/strong><\/p>\n<p style=\"text-align: center;\"><span style=\"font-size: 140%;\"><strong><img loading=\"lazy\" decoding=\"async\" class=\"alignnone wp-image-8323\" src=\"https:\/\/spinlama.com\/hr\/wp-content\/uploads\/sites\/11\/2018\/11\/walk-533x400.jpg\" alt=\"\" width=\"638\" height=\"480\" \/><br \/>\n<\/strong><\/span><\/p>\n<p style=\"text-align: center;\"><strong><span style=\"font-size: 140%;\">Hodanje \u0107e biti mnogo lak\u0161e!<\/span><\/strong><\/p>\n<p style=\"text-align: center;\"><span style=\"font-size: 140%;\"><img loading=\"lazy\" decoding=\"async\" class=\" wp-image-428 aligncenter\" src=\"https:\/\/spinlama.com\/hr\/wp-content\/uploads\/sites\/15\/2018\/07\/halluxvalgus1.png\" alt=\"\" width=\"633\" height=\"379\" srcset=\"https:\/\/spinlama.com\/hr\/wp-content\/uploads\/sites\/31\/2018\/07\/halluxvalgus1.png 580w, https:\/\/spinlama.com\/hr\/wp-content\/uploads\/sites\/31\/2018\/07\/halluxvalgus1-510x305.png 510w\" sizes=\"(max-width: 633px) 100vw, 633px\" \/><\/span><\/p>\n<p style=\"text-align: center;\"><span style=\"font-size: 140%;\"><strong>KORI\u0160TENJE:<\/strong><\/span><\/p>\n<p style=\"text-align: center;\"><span style=\"font-size: 140%;\">U po\u010detku upotrebljavajte \u0161titnike 2-3 sata dnevno. Postupno pove\u0107avajte vrijeme no\u0161enja kako biste u narednih 14 dana postigli no\u0161enje od najmanje 6 do 8 sati dnevno.<\/span><\/p>\n<p style=\"text-align: center;\"><span style=\"font-size: 140%;\"><strong>Kupci primje\u0107uju da su pri redovitoj i pravilnoj uporabi \u0161titnika, rezultati vidljivi ve\u0107 u prvom mjesecu kori\u0161tenja.<\/strong><\/span><\/p>\n<p style=\"text-align: center;\"><span style=\"font-size: 140%;\"><strong>Zbog vrlo ugodnog i udobnog materijala<\/strong>\u00a0(medicinski SEBS, smanjuje stvaranje neugodnih mirisa, smanjuje razvoj bakterija i gljivica na minimum te je netoksi\u010dan),\u00a0<strong>\u0161titnike u udobnoj obu\u0107i mo\u017eete nositi svakodnevno<\/strong>.<\/span><\/p>\n<p style=\"text-align: center;\"><span style=\"font-size: 140%;\"><img loading=\"lazy\" decoding=\"async\" class=\"alignnone wp-image-8311\" src=\"https:\/\/spinlama.com\/hr\/wp-content\/uploads\/sites\/11\/2018\/11\/MORTONOV-590x400.jpg\" alt=\"\" width=\"399\" height=\"271\" \/>\u00a0 \u00a0<img loading=\"lazy\" decoding=\"async\" class=\"alignnone wp-image-8327\" src=\"https:\/\/spinlama.com\/hr\/wp-content\/uploads\/sites\/11\/2018\/11\/feet2-589x400.jpg\" alt=\"\" width=\"396\" height=\"268\" \/><br \/>\n<\/span><\/p>\n<p style=\"text-align: center;\"><span style=\"font-size: 140%;\"><strong>Pri no\u0161enju ne izaziva smetnje jer ne priti\u0161\u0107e i ne \u017eulja.<\/strong><\/span><\/p>\n<p><strong>\u010cI\u0160\u0106ENJE<\/strong>: pod mlakom teku\u0107om vodom. Prije nego \u0161to ga opet vratite na nogu, dobro ga osu\u0161ite.<\/p>\n<p><strong>Materijal<\/strong>: medicinski SEBS \u2013 smanjuje stvaranje neugodnih mirisa, smanjuje razvoj bakterija i gljivica na minimum te je netoksi\u010dan.<\/p>\n<p><strong>Dimenzije<\/strong>: ovisi o \u0161\u010ditniku, kojeg izaberete<br \/>\n<strong>Koli\u010dina u pakiranju<\/strong>: 2 komada \u2013 oba se prilago\u0111avaju objema nogama<br \/>\n<span style=\"font-size: 120%;\"><strong>Univerzalna velikost &#8211;<\/strong>\u00a0 za velikost noge: 34 &#8211; 46<\/span><\/p>\n","protected":false},"excerpt":{"rendered":"<p>\u0160\u010ditnici za zakrivljene i deformirane no\u017ene prste i stopala<\/p>\n<p><strong>Paket dvojih \u0161\u010ditnika, razli\u010dnih oblika\u00a0 (oba dva se prilaga\u0111ata na oba dvije noge).<\/strong><\/p>\n","protected":false},"featured_media":9786,"comment_status":"closed","ping_status":"closed","template":"","meta":[],"product_cat":[68],"product_tag":[],"aioseo_notices":[],"_links":{"self":[{"href":"https:\/\/spinlama.com\/hr\/wp-json\/wp\/v2\/product\/9742"}],"collection":[{"href":"https:\/\/spinlama.com\/hr\/wp-json\/wp\/v2\/product"}],"about":[{"href":"https:\/\/spinlama.com\/hr\/wp-json\/wp\/v2\/types\/product"}],"replies":[{"embeddable":true,"href":"https:\/\/spinlama.com\/hr\/wp-json\/wp\/v2\/comments?post=9742"}],"version-history":[{"count":3,"href":"https:\/\/spinlama.com\/hr\/wp-json\/wp\/v2\/product\/9742\/revisions"}],"predecessor-version":[{"id":120336,"href":"https:\/\/spinlama.com\/hr\/wp-json\/wp\/v2\/product\/9742\/revisions\/120336"}],"wp:featuredmedia":[{"embeddable":true,"href":"https:\/\/spinlama.com\/hr\/wp-json\/wp\/v2\/media\/9786"}],"wp:attachment":[{"href":"https:\/\/spinlama.com\/hr\/wp-json\/wp\/v2\/media?parent=9742"}],"wp:term":[{"taxonomy":"product_cat","embeddable":true,"href":"https:\/\/spinlama.com\/hr\/wp-json\/wp\/v2\/product_cat?post=9742"},{"taxonomy":"product_tag","embeddable":true,"href":"https:\/\/spinlama.com\/hr\/wp-json\/wp\/v2\/product_tag?post=9742"}],"curies":[{"name":"wp","href":"https:\/\/api.w.org\/{rel}","templated":true}]}}