{"id":123584,"date":"2020-11-17T14:13:45","date_gmt":"2020-11-17T13:13:45","guid":{"rendered":"https:\/\/vivozebra.hu\/?post_type=product&#038;p=123584"},"modified":"2022-09-02T09:21:30","modified_gmt":"2022-09-02T07:21:30","slug":"vivo-door-tape","status":"publish","type":"product","link":"https:\/\/spinlama.com\/hu\/termek\/vivo-door-tape\/","title":{"rendered":"Vivo Door Tape \u2013 V\u00e9d\u0151szalag ablakokhoz \u00e9s ajt\u00f3khoz (5 m)"},"content":{"rendered":"<p style=\"text-align: center\"><span style=\"font-size: 105%\"><strong>A Vivo Door Tape szalag olyan szigetel\u00e9st biztos\u00edt, amely elz\u00e1rja a helyis\u00e9get az id\u0151j\u00e1r\u00e1st\u00f3l, a hidegt\u0151l, a huzatt\u00f3l \u00e9s megtartja a helyis\u00e9g h\u0151j\u00e9t.<\/strong><\/span><\/p>\n<p style=\"text-align: center\"><span style=\"font-size: 105%\"><img fetchpriority=\"high\" decoding=\"async\" class=\"alignnone wp-image-123598\" src=\"https:\/\/spinlama.com\/hu\/wp-content\/uploads\/sites\/17\/2020\/11\/vivo-door-tape-01-gif.gif\" alt=\"\" width=\"500\" height=\"500\" \/><\/span><\/p>\n<p style=\"text-align: center\"><span style=\"font-size: 105%\"><strong>Megakad\u00e1lyozza a por \u00e9s rovarok bejut\u00e1s\u00e1t, valamint cs\u00f6kkenti a bej\u00f6v\u0151 zajt.<\/strong><\/span><\/p>\n<p style=\"text-align: center\"><span style=\"font-size: 105%\"><img decoding=\"async\" class=\"alignnone wp-image-123592\" src=\"https:\/\/spinlama.com\/hu\/wp-content\/uploads\/sites\/17\/2020\/11\/vivo-door-tape-02b.jpg\" alt=\"\" width=\"500\" height=\"500\" srcset=\"https:\/\/spinlama.com\/hu\/wp-content\/uploads\/sites\/33\/2020\/11\/vivo-door-tape-02b.jpg 800w, https:\/\/spinlama.com\/hu\/wp-content\/uploads\/sites\/33\/2020\/11\/vivo-door-tape-02b-600x600.jpg 600w, https:\/\/spinlama.com\/hu\/wp-content\/uploads\/sites\/33\/2020\/11\/vivo-door-tape-02b-100x100.jpg 100w, https:\/\/spinlama.com\/hu\/wp-content\/uploads\/sites\/33\/2020\/11\/vivo-door-tape-02b-510x510.jpg 510w, https:\/\/spinlama.com\/hu\/wp-content\/uploads\/sites\/33\/2020\/11\/vivo-door-tape-02b-400x400.jpg 400w, https:\/\/spinlama.com\/hu\/wp-content\/uploads\/sites\/33\/2020\/11\/vivo-door-tape-02b-280x280.jpg 280w, https:\/\/spinlama.com\/hu\/wp-content\/uploads\/sites\/33\/2020\/11\/vivo-door-tape-02b-768x768.jpg 768w\" sizes=\"(max-width: 500px) 100vw, 500px\" \/><\/span><\/p>\n<p style=\"text-align: center\"><span style=\"font-size: 105%\"><strong>Felszerelhet\u0151 ajt\u00f3k, ablakok alj\u00e1ra vagy k\u00f6rbe.<\/strong><\/span><\/p>\n<p style=\"text-align: center\"><span style=\"font-size: 105%\"><img decoding=\"async\" class=\"alignnone wp-image-123593\" src=\"https:\/\/spinlama.com\/hu\/wp-content\/uploads\/sites\/17\/2020\/11\/vivo-door-tape-03.jpg\" alt=\"\" width=\"500\" height=\"500\" srcset=\"https:\/\/spinlama.com\/hu\/wp-content\/uploads\/sites\/33\/2020\/11\/vivo-door-tape-03.jpg 800w, https:\/\/spinlama.com\/hu\/wp-content\/uploads\/sites\/33\/2020\/11\/vivo-door-tape-03-600x600.jpg 600w, https:\/\/spinlama.com\/hu\/wp-content\/uploads\/sites\/33\/2020\/11\/vivo-door-tape-03-100x100.jpg 100w, https:\/\/spinlama.com\/hu\/wp-content\/uploads\/sites\/33\/2020\/11\/vivo-door-tape-03-510x510.jpg 510w, https:\/\/spinlama.com\/hu\/wp-content\/uploads\/sites\/33\/2020\/11\/vivo-door-tape-03-400x400.jpg 400w, https:\/\/spinlama.com\/hu\/wp-content\/uploads\/sites\/33\/2020\/11\/vivo-door-tape-03-280x280.jpg 280w, https:\/\/spinlama.com\/hu\/wp-content\/uploads\/sites\/33\/2020\/11\/vivo-door-tape-03-768x768.jpg 768w\" sizes=\"(max-width: 500px) 100vw, 500px\" \/><\/span><\/p>\n<p style=\"text-align: center\"><span style=\"font-size: 105%\"><strong>Diszkr\u00e9t \u00e9s nem felt\u0171n\u0151<\/strong><\/span><br \/>\n<span style=\"font-size: 105%\">Ez az \u00e1tl\u00e1tsz\u00f3 szalag egyszer\u0171, eleg\u00e1ns \u00e9s gyors megold\u00e1s.<\/span><\/p>\n<p style=\"text-align: center\"><span style=\"font-size: 105%\"><img loading=\"lazy\" decoding=\"async\" class=\"alignnone wp-image-123591\" src=\"https:\/\/spinlama.com\/hu\/wp-content\/uploads\/sites\/17\/2020\/11\/vivo-door-tape-01.jpg\" alt=\"\" width=\"500\" height=\"500\" srcset=\"https:\/\/spinlama.com\/hu\/wp-content\/uploads\/sites\/33\/2020\/11\/vivo-door-tape-01.jpg 800w, https:\/\/spinlama.com\/hu\/wp-content\/uploads\/sites\/33\/2020\/11\/vivo-door-tape-01-600x600.jpg 600w, https:\/\/spinlama.com\/hu\/wp-content\/uploads\/sites\/33\/2020\/11\/vivo-door-tape-01-100x100.jpg 100w, https:\/\/spinlama.com\/hu\/wp-content\/uploads\/sites\/33\/2020\/11\/vivo-door-tape-01-510x510.jpg 510w, https:\/\/spinlama.com\/hu\/wp-content\/uploads\/sites\/33\/2020\/11\/vivo-door-tape-01-400x400.jpg 400w, https:\/\/spinlama.com\/hu\/wp-content\/uploads\/sites\/33\/2020\/11\/vivo-door-tape-01-280x280.jpg 280w, https:\/\/spinlama.com\/hu\/wp-content\/uploads\/sites\/33\/2020\/11\/vivo-door-tape-01-768x768.jpg 768w\" sizes=\"(max-width: 500px) 100vw, 500px\" \/><\/span><\/p>\n<p style=\"text-align: center\"><span style=\"font-size: 105%\"><strong>Rugalmas \u00e9s biztons\u00e1gos, nincs kellemetlen szaga<\/strong><\/span><br \/>\n<span style=\"font-size: 105%\">A szalag tart\u00f3s anyagb\u00f3l (v\u00edz\u00e1ll\u00f3 szilikonb\u00f3l) k\u00e9sz\u00fclt, er\u0151s \u00e9s tart\u00f3s \u00f6ntapad\u00f3 h\u00e1tlappal. Ellen\u00e1ll a sz\u00e9ls\u0151s\u00e9ges id\u0151j\u00e1r\u00e1si k\u00f6r\u00fclm\u00e9nyeknek is.<\/span><\/p>\n<p style=\"text-align: center\"><span style=\"font-size: 105%\"><img loading=\"lazy\" decoding=\"async\" class=\"alignnone wp-image-123600\" src=\"https:\/\/spinlama.com\/hu\/wp-content\/uploads\/sites\/17\/2020\/11\/vivo-door-tape-03-gif.gif\" alt=\"\" width=\"500\" height=\"500\" \/><\/span><\/p>\n<p style=\"text-align: center\"><span style=\"font-size: 105%\"><strong>Sokoldal\u00fa felhaszn\u00e1l\u00e1s<\/strong><\/span><br \/>\n<span style=\"font-size: 105%\">Haszn\u00e1lhat\u00f3 \u00fcvegajt\u00f3khoz (cs\u00fasz\u00f3 vagy hagyom\u00e1nyos, keretes vagy keret n\u00e9lk\u00fcli), m\u0171anyag, ac\u00e9l vagy alum\u00ednium ablakokhoz, szekr\u00e9nyajt\u00f3khoz, zuhanykabinokhoz, k\u00fcsz\u00f6b\u00f6kh\u00f6z \u00e9s m\u00e9g sok m\u00e1shoz.<\/span><\/p>\n<p style=\"text-align: center\"><span style=\"font-size: 105%\"><img loading=\"lazy\" decoding=\"async\" class=\"alignnone wp-image-123594\" src=\"https:\/\/spinlama.com\/hu\/wp-content\/uploads\/sites\/17\/2020\/11\/vivo-door-tape-07B.jpg\" alt=\"\" width=\"500\" height=\"418\" srcset=\"https:\/\/spinlama.com\/hu\/wp-content\/uploads\/sites\/33\/2020\/11\/vivo-door-tape-07B.jpg 1000w, https:\/\/spinlama.com\/hu\/wp-content\/uploads\/sites\/33\/2020\/11\/vivo-door-tape-07B-510x426.jpg 510w, https:\/\/spinlama.com\/hu\/wp-content\/uploads\/sites\/33\/2020\/11\/vivo-door-tape-07B-479x400.jpg 479w, https:\/\/spinlama.com\/hu\/wp-content\/uploads\/sites\/33\/2020\/11\/vivo-door-tape-07B-958x800.jpg 958w, https:\/\/spinlama.com\/hu\/wp-content\/uploads\/sites\/33\/2020\/11\/vivo-door-tape-07B-768x641.jpg 768w\" sizes=\"(max-width: 500px) 100vw, 500px\" \/><\/span><\/p>\n<p style=\"text-align: center\"><span style=\"font-size: 105%\"><strong>P\u00e9ld\u00e1k ablakokra \u00e9s ajt\u00f3kra:<\/strong><\/span><\/p>\n<p style=\"text-align: center\"><span style=\"font-size: 105%\"><img loading=\"lazy\" decoding=\"async\" class=\"alignnone wp-image-123586\" src=\"https:\/\/spinlama.com\/hu\/wp-content\/uploads\/sites\/17\/2020\/11\/vivo-door-tape-04B.jpg\" alt=\"\" width=\"500\" height=\"448\" srcset=\"https:\/\/spinlama.com\/hu\/wp-content\/uploads\/sites\/33\/2020\/11\/vivo-door-tape-04B.jpg 1000w, https:\/\/spinlama.com\/hu\/wp-content\/uploads\/sites\/33\/2020\/11\/vivo-door-tape-04B-510x457.jpg 510w, https:\/\/spinlama.com\/hu\/wp-content\/uploads\/sites\/33\/2020\/11\/vivo-door-tape-04B-446x400.jpg 446w, https:\/\/spinlama.com\/hu\/wp-content\/uploads\/sites\/33\/2020\/11\/vivo-door-tape-04B-893x800.jpg 893w, https:\/\/spinlama.com\/hu\/wp-content\/uploads\/sites\/33\/2020\/11\/vivo-door-tape-04B-768x688.jpg 768w\" sizes=\"(max-width: 500px) 100vw, 500px\" \/><\/span><\/p>\n<p style=\"text-align: center\"><span style=\"font-size: 105%\"><strong>K\u00f6nnyen kezelhet\u0151<\/strong><\/span><br \/>\n<span style=\"font-size: 105%\">Haszn\u00e1lat el\u0151tt tiszt\u00edtsa meg a fel\u00fcletet &#8211; legyen tiszta \u00e9s sz\u00e1raz. M\u00e9rjen \u00e9s v\u00e1gja le a szalagot a k\u00edv\u00e1nt hossz\u00fas\u00e1gra, majd r\u00f6gz\u00edtse az ajt\u00f3 vagy az ablak sz\u00e9l\u00e9hez. Mivel a szalag rendk\u00edv\u00fcl v\u00e9kony \u00e9s puha, nem befoly\u00e1solja az ablakok \u00e9s ajt\u00f3k haszn\u00e1lat\u00e1t vagy csuk\u00f3d\u00e1s\u00e1t. A szalag nem hagy maga ut\u00e1n ragad\u00f3s nyomokat.<\/span><\/p>\n<p style=\"text-align: center\"><img loading=\"lazy\" decoding=\"async\" class=\"alignnone wp-image-123599\" src=\"https:\/\/spinlama.com\/hu\/wp-content\/uploads\/sites\/17\/2020\/11\/vivo-door-tape-02-gif.gif\" alt=\"\" width=\"500\" height=\"281\" \/><\/p>\n<p><strong><span style=\"font-size: 105%\">Jellemz\u0151k:<\/span><\/strong><br \/>\n<span style=\"font-size: 105%\">\u2013 megtartja a szoba h\u0151m\u00e9rs\u00e9klet\u00e9t<\/span><br \/>\n<span style=\"font-size: 105%\">\u2013 megv\u00e9di otthon\u00e1t a hidegt\u0151l, a szagokt\u00f3l \u00e9s a port\u00f3l<\/span><br \/>\n<span style=\"font-size: 105%\">\u2013 kicsit tomp\u00edt a k\u00fclt\u00e9ri zajokon<\/span><br \/>\n<span style=\"font-size: 105%\">\u2013 megakad\u00e1lyozza a kis \u00e1llatok \u00e9s rovarok bejut\u00e1s\u00e1t<\/span><br \/>\n<span style=\"font-size: 105%\">\u2013 felszerelhet\u0151 ajt\u00f3k, ablakok alj\u00e1ra vagy k\u00f6rbe (zuhanyz\u00f3khoz, szekr\u00e9nyekhez \u00e9s k\u00fcsz\u00f6b\u00f6kh\u00f6z is)<\/span><br \/>\n<span style=\"font-size: 105%\">\u2013 fa, m\u0171anyag, \u00fcveg, ac\u00e9l vagy alum\u00ednium fel\u00fcletekre r\u00f6gz\u00edthet\u0151<\/span><\/p>\n<p style=\"text-align: left\"><strong><span style=\"font-size: 105%\">Anyaga: <\/span><\/strong><span style=\"font-size: 105%\">szilikon<\/span><br \/>\n<strong><span style=\"font-size: 105%\">Sz\u00edn: <\/span><\/strong><span style=\"font-size: 105%\">\u00e1tl\u00e1tsz\u00f3<\/span><br \/>\n<strong><span style=\"font-size: 105%\">Hossz: <\/span><\/strong><span style=\"font-size: 105%\">5 m<\/span><br \/>\n<strong><span style=\"font-size: 105%\">Sz\u00e9less\u00e9g: <\/span><\/strong><span style=\"font-size: 105%\">45 mm<\/span><\/p>\n<p style=\"text-align: center\"><img loading=\"lazy\" decoding=\"async\" class=\"alignnone wp-image-123596\" src=\"https:\/\/spinlama.com\/hu\/wp-content\/uploads\/sites\/17\/2020\/11\/vivo-door-tape-10.jpg\" alt=\"\" width=\"500\" height=\"500\" srcset=\"https:\/\/spinlama.com\/hu\/wp-content\/uploads\/sites\/33\/2020\/11\/vivo-door-tape-10.jpg 800w, https:\/\/spinlama.com\/hu\/wp-content\/uploads\/sites\/33\/2020\/11\/vivo-door-tape-10-600x600.jpg 600w, https:\/\/spinlama.com\/hu\/wp-content\/uploads\/sites\/33\/2020\/11\/vivo-door-tape-10-100x100.jpg 100w, https:\/\/spinlama.com\/hu\/wp-content\/uploads\/sites\/33\/2020\/11\/vivo-door-tape-10-510x510.jpg 510w, https:\/\/spinlama.com\/hu\/wp-content\/uploads\/sites\/33\/2020\/11\/vivo-door-tape-10-400x400.jpg 400w, https:\/\/spinlama.com\/hu\/wp-content\/uploads\/sites\/33\/2020\/11\/vivo-door-tape-10-280x280.jpg 280w, https:\/\/spinlama.com\/hu\/wp-content\/uploads\/sites\/33\/2020\/11\/vivo-door-tape-10-768x768.jpg 768w\" sizes=\"(max-width: 500px) 100vw, 500px\" \/><\/p>\n<p style=\"text-align: left\"><strong><span style=\"font-size: 105%\">A csomag tartalma: 1 darab<\/span><\/strong><\/p>\n<p style=\"text-align: center\"><img loading=\"lazy\" decoding=\"async\" class=\"alignnone wp-image-123597\" src=\"https:\/\/spinlama.com\/hu\/wp-content\/uploads\/sites\/17\/2020\/11\/vivo-door-tape-11.jpg\" alt=\"\" width=\"500\" height=\"500\" srcset=\"https:\/\/spinlama.com\/hu\/wp-content\/uploads\/sites\/33\/2020\/11\/vivo-door-tape-11.jpg 682w, https:\/\/spinlama.com\/hu\/wp-content\/uploads\/sites\/33\/2020\/11\/vivo-door-tape-11-600x600.jpg 600w, https:\/\/spinlama.com\/hu\/wp-content\/uploads\/sites\/33\/2020\/11\/vivo-door-tape-11-100x100.jpg 100w, https:\/\/spinlama.com\/hu\/wp-content\/uploads\/sites\/33\/2020\/11\/vivo-door-tape-11-510x510.jpg 510w, https:\/\/spinlama.com\/hu\/wp-content\/uploads\/sites\/33\/2020\/11\/vivo-door-tape-11-400x400.jpg 400w, https:\/\/spinlama.com\/hu\/wp-content\/uploads\/sites\/33\/2020\/11\/vivo-door-tape-11-280x280.jpg 280w\" sizes=\"(max-width: 500px) 100vw, 500px\" \/><\/p>\n","protected":false},"excerpt":{"rendered":"<p><strong><span style=\"font-size: 110%\">V\u00e9d az id\u0151j\u00e1r\u00e1st\u00f3l, megakad\u00e1lyozza a h\u0151 \u00e9s v\u00edz \u00e1tsziv\u00e1rg\u00e1st, megakad\u00e1lyozza a por \u00e9s a rovarok bejut\u00e1s\u00e1t, \u00e9s enyh\u00edti a k\u00edv\u00fclr\u0151l \u00e9rkez\u0151 zajokat.<\/span><\/strong><\/p>\n<p><span style=\"font-size: 105%\">Haszn\u00e1lhat\u00f3 hagyom\u00e1nyos, \u00e9s tol\u00f3ajt\u00f3kon \u00e9s ablakokon (fa, m\u0171anyag, ac\u00e9l vagy alum\u00ednium), szekr\u00e9nyajt\u00f3m, zuhanykabinon stb.<\/span><\/p>\n","protected":false},"featured_media":123590,"comment_status":"closed","ping_status":"closed","template":"","meta":[],"product_cat":[68,505,504],"product_tag":[461,465,464,460,462,466,463],"aioseo_notices":[],"_links":{"self":[{"href":"https:\/\/spinlama.com\/hu\/wp-json\/wp\/v2\/product\/123584"}],"collection":[{"href":"https:\/\/spinlama.com\/hu\/wp-json\/wp\/v2\/product"}],"about":[{"href":"https:\/\/spinlama.com\/hu\/wp-json\/wp\/v2\/types\/product"}],"replies":[{"embeddable":true,"href":"https:\/\/spinlama.com\/hu\/wp-json\/wp\/v2\/comments?post=123584"}],"version-history":[{"count":1,"href":"https:\/\/spinlama.com\/hu\/wp-json\/wp\/v2\/product\/123584\/revisions"}],"predecessor-version":[{"id":180665,"href":"https:\/\/spinlama.com\/hu\/wp-json\/wp\/v2\/product\/123584\/revisions\/180665"}],"wp:featuredmedia":[{"embeddable":true,"href":"https:\/\/spinlama.com\/hu\/wp-json\/wp\/v2\/media\/123590"}],"wp:attachment":[{"href":"https:\/\/spinlama.com\/hu\/wp-json\/wp\/v2\/media?parent=123584"}],"wp:term":[{"taxonomy":"product_cat","embeddable":true,"href":"https:\/\/spinlama.com\/hu\/wp-json\/wp\/v2\/product_cat?post=123584"},{"taxonomy":"product_tag","embeddable":true,"href":"https:\/\/spinlama.com\/hu\/wp-json\/wp\/v2\/product_tag?post=123584"}],"curies":[{"name":"wp","href":"https:\/\/api.w.org\/{rel}","templated":true}]}}