{"id":128094,"date":"2020-12-08T11:27:06","date_gmt":"2020-12-08T10:27:06","guid":{"rendered":"https:\/\/vivozebra.hu\/?post_type=product&#038;p=128094"},"modified":"2024-09-27T11:01:55","modified_gmt":"2024-09-27T09:01:55","slug":"smartflake","status":"publish","type":"product","link":"https:\/\/spinlama.com\/hu\/termek\/smartflake\/","title":{"rendered":"Smartflake 18az1-ben &#8211; h\u00f3pehely alak\u00fa multifunkci\u00f3s szersz\u00e1m"},"content":{"rendered":"<p style=\"text-align: center\"><span style=\"font-size: 110%\">Innovat\u00edv h\u00f3pehely form\u00e1j\u00fa kialak\u00edt\u00e1s 18 k\u00fcl\u00f6nb\u00f6z\u0151 funkci\u00f3val!<br \/>\n<img fetchpriority=\"high\" decoding=\"async\" class=\"alignnone size-full wp-image-128098\" src=\"https:\/\/spinlama.com\/hu\/wp-content\/uploads\/sites\/17\/2020\/12\/ezgif.com-gif-maker-1.gif\" alt=\"\" width=\"320\" height=\"219\" \/><br \/>\n<\/span><span style=\"font-size: 110%\">Haszn\u00e1lhat\u00f3 csavarokhoz, palackok kinyit\u00e1s\u00e1hoz, kerekek, g\u00f6rdeszk\u00e1k, j\u00e1t\u00e9kok jav\u00edt\u00e1s\u00e1hoz\u2026<br \/>\n<img decoding=\"async\" class=\"alignnone size-medium wp-image-128099\" src=\"https:\/\/spinlama.com\/hu\/wp-content\/uploads\/sites\/17\/2020\/12\/img4-400x400.jpg\" alt=\"\" width=\"400\" height=\"400\" srcset=\"https:\/\/spinlama.com\/hu\/wp-content\/uploads\/sites\/33\/2020\/12\/img4-400x400.jpg 400w, https:\/\/spinlama.com\/hu\/wp-content\/uploads\/sites\/33\/2020\/12\/img4-600x600.jpg 600w, https:\/\/spinlama.com\/hu\/wp-content\/uploads\/sites\/33\/2020\/12\/img4-100x100.jpg 100w, https:\/\/spinlama.com\/hu\/wp-content\/uploads\/sites\/33\/2020\/12\/img4-510x510.jpg 510w, https:\/\/spinlama.com\/hu\/wp-content\/uploads\/sites\/33\/2020\/12\/img4-800x800.jpg 800w, https:\/\/spinlama.com\/hu\/wp-content\/uploads\/sites\/33\/2020\/12\/img4-280x280.jpg 280w, https:\/\/spinlama.com\/hu\/wp-content\/uploads\/sites\/33\/2020\/12\/img4-768x768.jpg 768w, https:\/\/spinlama.com\/hu\/wp-content\/uploads\/sites\/33\/2020\/12\/img4.jpg 1000w\" sizes=\"(max-width: 400px) 100vw, 400px\" \/><br \/>\n<\/span><span style=\"font-size: 110%\">Rozsdamentes ac\u00e9lb\u00f3l k\u00e9sz\u00fclt.<br \/>\n<img decoding=\"async\" class=\"alignnone size-full wp-image-128100\" src=\"https:\/\/spinlama.com\/hu\/wp-content\/uploads\/sites\/17\/2020\/12\/giphy.gif\" alt=\"\" width=\"480\" height=\"255\" \/><br \/>\n<\/span><span style=\"font-size: 110%\">Sokoldal\u00fa eszk\u00f6z &#8211; csavarh\u00faz\u00f3 (lapos, csillag vagy hatsz\u00f6g kulcs 6 m\u00e9retben), k\u00e9s (szalagok \u00e9s zsin\u00f3rok v\u00e1g\u00e1s\u00e1hoz), csavarkulcs (7 m\u00e9ret) \u00e9s praktikus ny\u00edl\u00e1ssal ell\u00e1tott s\u00f6rnyit\u00f3, r\u00e1ad\u00e1sul kulcstart\u00f3k\u00e9nt is mag\u00e1val viheti.<br \/>\n<img loading=\"lazy\" decoding=\"async\" class=\"alignnone size-full wp-image-128101\" src=\"https:\/\/spinlama.com\/hu\/wp-content\/uploads\/sites\/17\/2020\/12\/8_b32e6649-55d0-4f7b-a72e-f0c955c51f49_480x480.gif\" alt=\"\" width=\"320\" height=\"208\" \/><br \/>\n<img loading=\"lazy\" decoding=\"async\" class=\"alignnone size-medium wp-image-128102\" src=\"https:\/\/spinlama.com\/hu\/wp-content\/uploads\/sites\/17\/2020\/12\/funkcije-HU-400x400.jpg\" alt=\"\" width=\"400\" height=\"400\" srcset=\"https:\/\/spinlama.com\/hu\/wp-content\/uploads\/sites\/33\/2020\/12\/funkcije-HU-400x400.jpg 400w, https:\/\/spinlama.com\/hu\/wp-content\/uploads\/sites\/33\/2020\/12\/funkcije-HU-600x600.jpg 600w, https:\/\/spinlama.com\/hu\/wp-content\/uploads\/sites\/33\/2020\/12\/funkcije-HU-100x100.jpg 100w, https:\/\/spinlama.com\/hu\/wp-content\/uploads\/sites\/33\/2020\/12\/funkcije-HU-510x510.jpg 510w, https:\/\/spinlama.com\/hu\/wp-content\/uploads\/sites\/33\/2020\/12\/funkcije-HU-800x800.jpg 800w, https:\/\/spinlama.com\/hu\/wp-content\/uploads\/sites\/33\/2020\/12\/funkcije-HU-280x280.jpg 280w, https:\/\/spinlama.com\/hu\/wp-content\/uploads\/sites\/33\/2020\/12\/funkcije-HU-768x768.jpg 768w, https:\/\/spinlama.com\/hu\/wp-content\/uploads\/sites\/33\/2020\/12\/funkcije-HU.jpg 1000w\" sizes=\"(max-width: 400px) 100vw, 400px\" \/><br \/>\n<\/span><span style=\"font-size: 110%\">Nagyszer\u0171 aj\u00e1nd\u00e9k\u00f6tlet! Lepje meg bar\u00e1tait ezzel a praktikus aj\u00e1nd\u00e9kkal.<br \/>\n<img loading=\"lazy\" decoding=\"async\" class=\"alignnone size-medium wp-image-128103\" src=\"https:\/\/spinlama.com\/hu\/wp-content\/uploads\/sites\/17\/2020\/12\/kolaz-800x400.png\" alt=\"\" width=\"800\" height=\"400\" srcset=\"https:\/\/spinlama.com\/hu\/wp-content\/uploads\/sites\/33\/2020\/12\/kolaz-800x400.png 800w, https:\/\/spinlama.com\/hu\/wp-content\/uploads\/sites\/33\/2020\/12\/kolaz-510x255.png 510w, https:\/\/spinlama.com\/hu\/wp-content\/uploads\/sites\/33\/2020\/12\/kolaz-768x384.png 768w, https:\/\/spinlama.com\/hu\/wp-content\/uploads\/sites\/33\/2020\/12\/kolaz.png 1000w\" sizes=\"(max-width: 800px) 100vw, 800px\" \/><br \/>\n<\/span><span style=\"font-size: 110%\">Vigye mag\u00e1val mindenhov\u00e1. M\u00e9ret\u00e9nek \u00e9s praktikus haszn\u00e1lat\u00e1nak k\u00f6sz\u00f6nhet\u0151en kulcscsom\u00f3n, zsebben vagy h\u00e1tizs\u00e1kban mindig k\u00e9zn\u00e9l lehet.<br \/>\n<img loading=\"lazy\" decoding=\"async\" class=\"alignnone size-medium wp-image-128104\" src=\"https:\/\/spinlama.com\/hu\/wp-content\/uploads\/sites\/17\/2020\/12\/img6-400x400.jpg\" alt=\"\" width=\"400\" height=\"400\" srcset=\"https:\/\/spinlama.com\/hu\/wp-content\/uploads\/sites\/33\/2020\/12\/img6-400x400.jpg 400w, https:\/\/spinlama.com\/hu\/wp-content\/uploads\/sites\/33\/2020\/12\/img6-600x600.jpg 600w, https:\/\/spinlama.com\/hu\/wp-content\/uploads\/sites\/33\/2020\/12\/img6-100x100.jpg 100w, https:\/\/spinlama.com\/hu\/wp-content\/uploads\/sites\/33\/2020\/12\/img6-510x510.jpg 510w, https:\/\/spinlama.com\/hu\/wp-content\/uploads\/sites\/33\/2020\/12\/img6-800x800.jpg 800w, https:\/\/spinlama.com\/hu\/wp-content\/uploads\/sites\/33\/2020\/12\/img6-280x280.jpg 280w, https:\/\/spinlama.com\/hu\/wp-content\/uploads\/sites\/33\/2020\/12\/img6-768x768.jpg 768w, https:\/\/spinlama.com\/hu\/wp-content\/uploads\/sites\/33\/2020\/12\/img6.jpg 1000w\" sizes=\"(max-width: 400px) 100vw, 400px\" \/><br \/>\n<\/span><\/p>\n<p style=\"text-align: left\"><strong><span style=\"font-size: 110%\">Jellemz\u0151k:<\/span><\/strong><br \/>\n<span style=\"font-size: 110%\">&#8211; T\u00f6bbc\u00e9l\u00fa eszk\u00f6z 18 k\u00fcl\u00f6nb\u00f6z\u0151 funkci\u00f3val<\/span><br \/>\n<span style=\"font-size: 110%\">&#8211; Remek aj\u00e1nd\u00e9k\u00f6tlet<\/span><br \/>\n<span style=\"font-size: 110%\">&#8211; B\u00e1rhol \u00e9s b\u00e1rmikor haszn\u00e1lhat\u00f3<\/span><br \/>\n<span style=\"font-size: 110%\">&#8211; Id\u0151j\u00e1r\u00e1s\u00e1ll\u00f3<\/span><br \/>\n<span style=\"font-size: 110%\">&#8211; Kulcstart\u00f3<\/span><\/p>\n<p style=\"text-align: left\"><strong><span style=\"font-size: 110%\">Specifik\u00e1ci\u00f3k :<\/span><\/strong><br \/>\n<span style=\"font-size: 110%\">&#8211; sz\u00edne: ez\u00fcst<\/span><br \/>\n<span style=\"font-size: 110%\">&#8211; anyaga: rozsdamentes ac\u00e9l<\/span><br \/>\n<span style=\"font-size: 110%\">&#8211; m\u00e9retek: 4,6 cm x 4,6 cm<\/span><br \/>\n<span style=\"font-size: 110%\">&#8211; s\u00faly: 78 g<\/span><\/p>\n<p style=\"text-align: center\"><img loading=\"lazy\" decoding=\"async\" class=\"alignnone size-medium wp-image-128105\" src=\"https:\/\/spinlama.com\/hu\/wp-content\/uploads\/sites\/17\/2020\/12\/img7-400x400.jpg\" alt=\"\" width=\"400\" height=\"400\" srcset=\"https:\/\/spinlama.com\/hu\/wp-content\/uploads\/sites\/33\/2020\/12\/img7-400x400.jpg 400w, https:\/\/spinlama.com\/hu\/wp-content\/uploads\/sites\/33\/2020\/12\/img7-600x600.jpg 600w, https:\/\/spinlama.com\/hu\/wp-content\/uploads\/sites\/33\/2020\/12\/img7-100x100.jpg 100w, https:\/\/spinlama.com\/hu\/wp-content\/uploads\/sites\/33\/2020\/12\/img7-510x510.jpg 510w, https:\/\/spinlama.com\/hu\/wp-content\/uploads\/sites\/33\/2020\/12\/img7-800x800.jpg 800w, https:\/\/spinlama.com\/hu\/wp-content\/uploads\/sites\/33\/2020\/12\/img7-280x280.jpg 280w, https:\/\/spinlama.com\/hu\/wp-content\/uploads\/sites\/33\/2020\/12\/img7-768x768.jpg 768w, https:\/\/spinlama.com\/hu\/wp-content\/uploads\/sites\/33\/2020\/12\/img7.jpg 1000w\" sizes=\"(max-width: 400px) 100vw, 400px\" \/><\/p>\n<p style=\"text-align: left\"><strong><span style=\"font-size: 110%\">A csomag tartalma<\/span><\/strong><br \/>\n<span style=\"font-size: 110%\">1x Smartflake 18 az 1-ben<\/span><br \/>\n<span style=\"font-size: 110%\">1x kulcstart\u00f3<\/span><br \/>\n<span style=\"font-size: 110%\">1x t\u00e1rol\u00f3<\/span><\/p>\n<p style=\"text-align: center\"><img loading=\"lazy\" decoding=\"async\" class=\"alignnone size-medium wp-image-128106\" src=\"https:\/\/spinlama.com\/hu\/wp-content\/uploads\/sites\/17\/2020\/12\/img8-400x400.jpg\" alt=\"\" width=\"400\" height=\"400\" srcset=\"https:\/\/spinlama.com\/hu\/wp-content\/uploads\/sites\/33\/2020\/12\/img8-400x400.jpg 400w, https:\/\/spinlama.com\/hu\/wp-content\/uploads\/sites\/33\/2020\/12\/img8-600x600.jpg 600w, https:\/\/spinlama.com\/hu\/wp-content\/uploads\/sites\/33\/2020\/12\/img8-100x100.jpg 100w, https:\/\/spinlama.com\/hu\/wp-content\/uploads\/sites\/33\/2020\/12\/img8-510x510.jpg 510w, https:\/\/spinlama.com\/hu\/wp-content\/uploads\/sites\/33\/2020\/12\/img8-800x800.jpg 800w, https:\/\/spinlama.com\/hu\/wp-content\/uploads\/sites\/33\/2020\/12\/img8-280x280.jpg 280w, https:\/\/spinlama.com\/hu\/wp-content\/uploads\/sites\/33\/2020\/12\/img8-768x768.jpg 768w, https:\/\/spinlama.com\/hu\/wp-content\/uploads\/sites\/33\/2020\/12\/img8.jpg 1000w\" sizes=\"(max-width: 400px) 100vw, 400px\" \/><\/p>\n","protected":false},"excerpt":{"rendered":"<p><span style=\"font-size: 110%\">T\u00f6bbc\u00e9l\u00fa \u00e9s rendk\u00edv\u00fcl praktikus szersz\u00e1m, 18 funkci\u00f3val! Haszn\u00e1lhatja csavarh\u00faz\u00f3k\u00e9nt, csavarkulcsk\u00e9nt, s\u00f6rnyit\u00f3k\u00e9nt, v\u00e1ghat vele madzagot vagy ragaszt\u00f3szalagot stb.<\/span><\/p>\n<p><span style=\"font-size: 110%\">N\u00e9lk\u00fcl\u00f6zhetetlen kieg\u00e9sz\u00edt\u0151 a gyors jav\u00edt\u00e1sok elv\u00e9gz\u00e9s\u00e9hez otthon, \u00fatk\u00f6zben, nyaral\u00e1son, t\u00e1boroz\u00e1son vagy a szabadban.<\/span><\/p>\n<p><strong><span style=\"font-size: 110%\">\ud83c\udf81Nagyszer\u0171 aj\u00e1nd\u00e9k\u00f6tlet!\ud83c\udf81<\/span><\/strong><\/p>\n","protected":false},"featured_media":128095,"comment_status":"closed","ping_status":"closed","template":"","meta":[],"product_cat":[525,505,68],"product_tag":[943,944,945,946,947,948,949,950,951],"aioseo_notices":[],"_links":{"self":[{"href":"https:\/\/spinlama.com\/hu\/wp-json\/wp\/v2\/product\/128094"}],"collection":[{"href":"https:\/\/spinlama.com\/hu\/wp-json\/wp\/v2\/product"}],"about":[{"href":"https:\/\/spinlama.com\/hu\/wp-json\/wp\/v2\/types\/product"}],"replies":[{"embeddable":true,"href":"https:\/\/spinlama.com\/hu\/wp-json\/wp\/v2\/comments?post=128094"}],"version-history":[{"count":2,"href":"https:\/\/spinlama.com\/hu\/wp-json\/wp\/v2\/product\/128094\/revisions"}],"predecessor-version":[{"id":180627,"href":"https:\/\/spinlama.com\/hu\/wp-json\/wp\/v2\/product\/128094\/revisions\/180627"}],"wp:featuredmedia":[{"embeddable":true,"href":"https:\/\/spinlama.com\/hu\/wp-json\/wp\/v2\/media\/128095"}],"wp:attachment":[{"href":"https:\/\/spinlama.com\/hu\/wp-json\/wp\/v2\/media?parent=128094"}],"wp:term":[{"taxonomy":"product_cat","embeddable":true,"href":"https:\/\/spinlama.com\/hu\/wp-json\/wp\/v2\/product_cat?post=128094"},{"taxonomy":"product_tag","embeddable":true,"href":"https:\/\/spinlama.com\/hu\/wp-json\/wp\/v2\/product_tag?post=128094"}],"curies":[{"name":"wp","href":"https:\/\/api.w.org\/{rel}","templated":true}]}}