{"id":218831,"date":"2023-01-06T13:17:06","date_gmt":"2023-01-06T12:17:06","guid":{"rendered":"https:\/\/vivozebra.hu\/?post_type=product&#038;p=218831"},"modified":"2024-09-26T14:00:22","modified_gmt":"2024-09-26T12:00:22","slug":"pro-x-twist-2-darabos-textil-keszlet","status":"publish","type":"product","link":"https:\/\/spinlama.com\/hu\/termek\/pro-x-twist-2-darabos-textil-keszlet\/","title":{"rendered":"PRO X-TWIST 2 darabos textil k\u00e9szlet"},"content":{"rendered":"\t\t<div data-elementor-type=\"product-post\" data-elementor-id=\"218831\" class=\"elementor elementor-218831\" data-elementor-post-type=\"product\">\n\t\t\t\t\t\t<section class=\"elementor-section elementor-top-section elementor-element elementor-element-76dba80 elementor-section-boxed elementor-section-height-default elementor-section-height-default\" data-id=\"76dba80\" data-element_type=\"section\" data-settings=\"{&quot;background_background&quot;:&quot;classic&quot;}\">\n\t\t\t\t\t\t<div class=\"elementor-container elementor-column-gap-default\">\n\t\t\t\t\t<div class=\"elementor-column elementor-col-100 elementor-top-column elementor-element elementor-element-6edc2dcd\" data-id=\"6edc2dcd\" data-element_type=\"column\">\n\t\t\t<div class=\"elementor-widget-wrap elementor-element-populated\">\n\t\t\t\t\t\t<div class=\"elementor-element elementor-element-5da72313 elementor-widget elementor-widget-heading\" data-id=\"5da72313\" data-element_type=\"widget\" data-widget_type=\"heading.default\">\n\t\t\t\t<div class=\"elementor-widget-container\">\n\t\t\t<style>\/*! elementor - v3.21.0 - 18-04-2024 *\/\n.elementor-heading-title{padding:0;margin:0;line-height:1}.elementor-widget-heading .elementor-heading-title[class*=elementor-size-]>a{color:inherit;font-size:inherit;line-height:inherit}.elementor-widget-heading .elementor-heading-title.elementor-size-small{font-size:15px}.elementor-widget-heading .elementor-heading-title.elementor-size-medium{font-size:19px}.elementor-widget-heading .elementor-heading-title.elementor-size-large{font-size:29px}.elementor-widget-heading .elementor-heading-title.elementor-size-xl{font-size:39px}.elementor-widget-heading .elementor-heading-title.elementor-size-xxl{font-size:59px}<\/style><h2 class=\"elementor-heading-title elementor-size-default\">Pr\u00e9mium felt\u00f6rl\u0151textil a PRO-X TWIST MOP felmos\u00f3hoz<\/h2>\t\t<\/div>\n\t\t\t\t<\/div>\n\t\t\t\t\t<\/div>\n\t\t<\/div>\n\t\t\t\t\t<\/div>\n\t\t<\/section>\n\t\t\t\t<section class=\"elementor-section elementor-top-section elementor-element elementor-element-9a70a7b elementor-reverse-mobile elementor-section-boxed elementor-section-height-default elementor-section-height-default\" data-id=\"9a70a7b\" data-element_type=\"section\">\n\t\t\t\t\t\t<div class=\"elementor-container elementor-column-gap-default\">\n\t\t\t\t\t<div class=\"elementor-column elementor-col-50 elementor-top-column elementor-element elementor-element-2b9a71b1\" data-id=\"2b9a71b1\" data-element_type=\"column\">\n\t\t\t<div class=\"elementor-widget-wrap elementor-element-populated\">\n\t\t\t\t\t\t<div class=\"elementor-element elementor-element-104c6a67 elementor-widget elementor-widget-image\" data-id=\"104c6a67\" data-element_type=\"widget\" data-widget_type=\"image.default\">\n\t\t\t\t<div class=\"elementor-widget-container\">\n\t\t\t<style>\/*! elementor - v3.21.0 - 18-04-2024 *\/\n.elementor-widget-image{text-align:center}.elementor-widget-image a{display:inline-block}.elementor-widget-image a img[src$=\".svg\"]{width:48px}.elementor-widget-image img{vertical-align:middle;display:inline-block}<\/style>\t\t\t\t\t\t\t\t\t\t<img fetchpriority=\"high\" decoding=\"async\" width=\"790\" height=\"790\" src=\"https:\/\/spinlama.com\/hu\/wp-content\/uploads\/sites\/33\/2023\/01\/proxtwist-4.jpg\" class=\"attachment-large size-large wp-image-218801\" alt=\"\" srcset=\"https:\/\/spinlama.com\/hu\/wp-content\/uploads\/sites\/33\/2023\/01\/proxtwist-4.jpg 790w, https:\/\/spinlama.com\/hu\/wp-content\/uploads\/sites\/33\/2023\/01\/proxtwist-4-280x280.jpg 280w, https:\/\/spinlama.com\/hu\/wp-content\/uploads\/sites\/33\/2023\/01\/proxtwist-4-768x768.jpg 768w, https:\/\/spinlama.com\/hu\/wp-content\/uploads\/sites\/33\/2023\/01\/proxtwist-4-600x600.jpg 600w, https:\/\/spinlama.com\/hu\/wp-content\/uploads\/sites\/33\/2023\/01\/proxtwist-4-100x100.jpg 100w\" sizes=\"(max-width: 790px) 100vw, 790px\" \/>\t\t\t\t\t\t\t\t\t\t\t\t\t<\/div>\n\t\t\t\t<\/div>\n\t\t\t\t\t<\/div>\n\t\t<\/div>\n\t\t\t\t<div class=\"elementor-column elementor-col-50 elementor-top-column elementor-element elementor-element-2de567d\" data-id=\"2de567d\" data-element_type=\"column\">\n\t\t\t<div class=\"elementor-widget-wrap elementor-element-populated\">\n\t\t\t\t\t\t<div class=\"elementor-element elementor-element-7804b8ff elementor-widget elementor-widget-text-editor\" data-id=\"7804b8ff\" data-element_type=\"widget\" data-widget_type=\"text-editor.default\">\n\t\t\t\t<div class=\"elementor-widget-container\">\n\t\t\t<style>\/*! elementor - v3.21.0 - 18-04-2024 *\/\n.elementor-widget-text-editor.elementor-drop-cap-view-stacked .elementor-drop-cap{background-color:#69727d;color:#fff}.elementor-widget-text-editor.elementor-drop-cap-view-framed .elementor-drop-cap{color:#69727d;border:3px solid;background-color:transparent}.elementor-widget-text-editor:not(.elementor-drop-cap-view-default) .elementor-drop-cap{margin-top:8px}.elementor-widget-text-editor:not(.elementor-drop-cap-view-default) .elementor-drop-cap-letter{width:1em;height:1em}.elementor-widget-text-editor .elementor-drop-cap{float:left;text-align:center;line-height:1;font-size:50px}.elementor-widget-text-editor .elementor-drop-cap-letter{display:inline-block}<\/style>\t\t\t\t<p style=\"text-align: center\"><span style=\"font-size: 115%\"><strong>Kiv\u00e1l\u00f3 min\u0151s\u00e9g\u0171 <\/strong>mikrosz\u00e1las <strong>textil <\/strong>minden fel\u00fcletre.\u00a0Sz\u00e1raz \u00e9s nedves tiszt\u00edt\u00e1shoz.<\/span><\/p><p style=\"text-align: center\"><span style=\"font-size: 115%\">Lehet\u0151v\u00e9 teszi a legkisebb \u00e9s legmakacsabb szemcs\u00e9k \u00e9s foltok felt\u00f6rl\u00e9s\u00e9t.<\/span><\/p><p style=\"text-align: center\">\u00a0<\/p><p style=\"text-align: center\">M\u00e9ret: 37 x 14cm<\/p>\t\t\t\t\t\t<\/div>\n\t\t\t\t<\/div>\n\t\t\t\t\t<\/div>\n\t\t<\/div>\n\t\t\t\t\t<\/div>\n\t\t<\/section>\n\t\t\t\t<section class=\"elementor-section elementor-top-section elementor-element elementor-element-695625a1 elementor-section-boxed elementor-section-height-default elementor-section-height-default\" data-id=\"695625a1\" data-element_type=\"section\">\n\t\t\t\t\t\t<div class=\"elementor-container elementor-column-gap-default\">\n\t\t\t\t\t<div class=\"elementor-column elementor-col-100 elementor-top-column elementor-element elementor-element-7b824901\" data-id=\"7b824901\" data-element_type=\"column\">\n\t\t\t<div class=\"elementor-widget-wrap\">\n\t\t\t\t\t\t\t<\/div>\n\t\t<\/div>\n\t\t\t\t\t<\/div>\n\t\t<\/section>\n\t\t\t\t<\/div>\n\t\t","protected":false},"excerpt":{"rendered":"<p>Ez a kiv\u00e1l\u00f3 min\u0151s\u00e9g\u0171 mikrosz\u00e1las textil minden fel\u00fcleten haszn\u00e1lhat\u00f3.\u00a0Lehet\u0151v\u00e9 teszi a legkisebb \u00e9s legmakacsabb szemcs\u00e9k \u00e9s foltok felt\u00f6rl\u00e9s\u00e9t. Kiv\u00e1l\u00f3 folyad\u00e9kfelvev\u0151 \u00e9s -visszatart\u00f3 k\u00e9pess\u00e9ggel rendelkezik. A PRO X-TWIST felmos\u00f3val haszn\u00e1lhat\u00f3.<\/p>\n<p>2 x Pro X Twist felmos\u00f3textil a csomagban<\/p>\n","protected":false},"featured_media":218789,"comment_status":"closed","ping_status":"closed","template":"","meta":[],"product_cat":[68,504,516],"product_tag":[],"aioseo_notices":[],"_links":{"self":[{"href":"https:\/\/spinlama.com\/hu\/wp-json\/wp\/v2\/product\/218831"}],"collection":[{"href":"https:\/\/spinlama.com\/hu\/wp-json\/wp\/v2\/product"}],"about":[{"href":"https:\/\/spinlama.com\/hu\/wp-json\/wp\/v2\/types\/product"}],"replies":[{"embeddable":true,"href":"https:\/\/spinlama.com\/hu\/wp-json\/wp\/v2\/comments?post=218831"}],"version-history":[{"count":6,"href":"https:\/\/spinlama.com\/hu\/wp-json\/wp\/v2\/product\/218831\/revisions"}],"predecessor-version":[{"id":222075,"href":"https:\/\/spinlama.com\/hu\/wp-json\/wp\/v2\/product\/218831\/revisions\/222075"}],"wp:featuredmedia":[{"embeddable":true,"href":"https:\/\/spinlama.com\/hu\/wp-json\/wp\/v2\/media\/218789"}],"wp:attachment":[{"href":"https:\/\/spinlama.com\/hu\/wp-json\/wp\/v2\/media?parent=218831"}],"wp:term":[{"taxonomy":"product_cat","embeddable":true,"href":"https:\/\/spinlama.com\/hu\/wp-json\/wp\/v2\/product_cat?post=218831"},{"taxonomy":"product_tag","embeddable":true,"href":"https:\/\/spinlama.com\/hu\/wp-json\/wp\/v2\/product_tag?post=218831"}],"curies":[{"name":"wp","href":"https:\/\/api.w.org\/{rel}","templated":true}]}}