{"id":221014,"date":"2023-01-19T09:50:03","date_gmt":"2023-01-19T08:50:03","guid":{"rendered":"https:\/\/vivozebra.hu\/?post_type=product&#038;p=221014"},"modified":"2024-02-06T13:03:39","modified_gmt":"2024-02-06T12:03:39","slug":"kigyo-masszazs-gel-600-ml","status":"publish","type":"product","link":"https:\/\/spinlama.com\/hu\/termek\/kigyo-masszazs-gel-600-ml\/","title":{"rendered":"K\u00cdGY\u00d3 massz\u00e1zs G\u00c9L &#8211; 600 ml"},"content":{"rendered":"\t\t<div data-elementor-type=\"product-post\" data-elementor-id=\"221014\" class=\"elementor elementor-221014\" data-elementor-post-type=\"product\">\n\t\t\t\t\t\t<section class=\"elementor-section elementor-top-section elementor-element elementor-element-11a51cf8 elementor-section-boxed elementor-section-height-default elementor-section-height-default\" data-id=\"11a51cf8\" data-element_type=\"section\">\n\t\t\t\t\t\t<div class=\"elementor-container elementor-column-gap-default\">\n\t\t\t\t\t<div class=\"elementor-column elementor-col-100 elementor-top-column elementor-element elementor-element-2334131b\" data-id=\"2334131b\" data-element_type=\"column\">\n\t\t\t<div class=\"elementor-widget-wrap elementor-element-populated\">\n\t\t\t\t\t\t<div class=\"elementor-element elementor-element-752320f0 elementor-widget elementor-widget-text-editor\" data-id=\"752320f0\" data-element_type=\"widget\" data-widget_type=\"text-editor.default\">\n\t\t\t\t<div class=\"elementor-widget-container\">\n\t\t\t<style>\/*! elementor - v3.21.0 - 18-04-2024 *\/\n.elementor-widget-text-editor.elementor-drop-cap-view-stacked .elementor-drop-cap{background-color:#69727d;color:#fff}.elementor-widget-text-editor.elementor-drop-cap-view-framed .elementor-drop-cap{color:#69727d;border:3px solid;background-color:transparent}.elementor-widget-text-editor:not(.elementor-drop-cap-view-default) .elementor-drop-cap{margin-top:8px}.elementor-widget-text-editor:not(.elementor-drop-cap-view-default) .elementor-drop-cap-letter{width:1em;height:1em}.elementor-widget-text-editor .elementor-drop-cap{float:left;text-align:center;line-height:1;font-size:50px}.elementor-widget-text-editor .elementor-drop-cap-letter{display:inline-block}<\/style>\t\t\t\t<p>A SYN-AKE szintetiz\u00e1lt k\u00edgy\u00f3m\u00e9reg mellett a k\u00edgy\u00f3massz\u00e1zs g\u00e9l gy\u00f3gyn\u00f6v\u00e9nykivonatokat is tartalmaz.<\/p><p><strong>Haszn\u00e1lata:<\/strong><\/p><p>Vigyen fel g\u00e9lt a k\u00edv\u00e1nt ter\u00fcletre. Sz\u00fcks\u00e9g eset\u00e9n ism\u00e9telje meg.<\/p><p><strong>Figyelmeztet\u00e9s:<\/strong><\/p><p>Vigy\u00e1zzon, hogy ne \u00e9rintkezzen szemmel vagy nemi szervekkel. Gyermekek el\u0151l elz\u00e1rva tartand\u00f3. 3 \u00e9v alatti gyermekek sz\u00e1m\u00e1ra nem alkalmas.<\/p><p>5-20 \u00b0C-on t\u00e1roland\u00f3<\/p><p><strong>Hat\u00f3anyag:<\/strong>\u00a0SYN-AKE, szintetiz\u00e1lt k\u00edgy\u00f3m\u00e9reg (Tropidolaemus wagleri)<\/p><p><strong>Mennyis\u00e9g:\u00a0<\/strong>600 ml<\/p><p>A term\u00e9k csomagol\u00e1s\u00e1n felt\u00fcntetett t\u00e9telsz\u00e1m \u00e9s lej\u00e1rati id\u0151.<\/p><p><span style=\"font-size: 85%\"><strong>\u00d6sszetev\u0151k<\/strong>: 1% SYN-AKE, v\u00edz, glicerin, denat. alkohol, m\u00e1lyvakivonat, vadgesztenye-kivonat, k\u00f6r\u00f6mvir\u00e1g-kivonat, parf\u00fcm, peg-40 hidrog\u00e9nezett ricinusolaj, eukaliptusz olaj, bor\u00f3kat\u0171-kivonat, mentol, k\u00e1mfor, mentha pipperita gy\u00f3gyn\u00f6v\u00e9nyolaj, mentha arvensis gy\u00f3gyn\u00f6v\u00e9nyolaj, fenoxietanol, etilhexilglicerin CI 16.185, n\u00e1trium-hidroxid, dipeptid diaminobutroil, benzilamid diacet\u00e1t, karbomer, propil\u00e9n, benzilamid diacet\u00e1t, n\u00e1trium-hidroxid<\/span><\/p><p><span style=\"font-size: 85%\"><strong>Az EU-ban k\u00e9sz\u00fclt.<\/strong><\/span><\/p><p><span style=\"font-size: 85%\">Forgalmaz\u00f3: VivoVita d.o.o., Litijska cesta 259, 1261 Ljubljana &#8211; Dobrunje<\/span><\/p>\t\t\t\t\t\t<\/div>\n\t\t\t\t<\/div>\n\t\t\t\t\t<\/div>\n\t\t<\/div>\n\t\t\t\t\t<\/div>\n\t\t<\/section>\n\t\t\t\t<\/div>\n\t\t","protected":false},"excerpt":{"rendered":"<p>A k\u00edgy\u00f3 massz\u00e1zs g\u00e9l seg\u00edt ellaz\u00edtani \u00e9s regener\u00e1lni az izmokat.<\/p>\n<p><strong>A g\u00e9l n\u00f6v\u00e9nyi kivonatokat tartalmaz, amelyek felfriss\u00edtik \u00e9s regener\u00e1lj\u00e1k a f\u00e1radt izmokat, \u00edz\u00fcleteket \u00e9s h\u00e1tat. Az edz\u00e9s el\u0151tt vagy k\u00f6zben v\u00e9gzett massz\u00e1zs seg\u00edt megel\u0151zni az izomg\u00f6rcs\u00f6ket, \u00e9s n\u00f6veli a lehets\u00e9ges izomterhel\u00e9st.<\/strong><\/p>\n","protected":false},"featured_media":221017,"comment_status":"closed","ping_status":"closed","template":"","meta":[],"product_cat":[503,516],"product_tag":[],"aioseo_notices":[],"_links":{"self":[{"href":"https:\/\/spinlama.com\/hu\/wp-json\/wp\/v2\/product\/221014"}],"collection":[{"href":"https:\/\/spinlama.com\/hu\/wp-json\/wp\/v2\/product"}],"about":[{"href":"https:\/\/spinlama.com\/hu\/wp-json\/wp\/v2\/types\/product"}],"replies":[{"embeddable":true,"href":"https:\/\/spinlama.com\/hu\/wp-json\/wp\/v2\/comments?post=221014"}],"version-history":[{"count":9,"href":"https:\/\/spinlama.com\/hu\/wp-json\/wp\/v2\/product\/221014\/revisions"}],"predecessor-version":[{"id":221063,"href":"https:\/\/spinlama.com\/hu\/wp-json\/wp\/v2\/product\/221014\/revisions\/221063"}],"wp:featuredmedia":[{"embeddable":true,"href":"https:\/\/spinlama.com\/hu\/wp-json\/wp\/v2\/media\/221017"}],"wp:attachment":[{"href":"https:\/\/spinlama.com\/hu\/wp-json\/wp\/v2\/media?parent=221014"}],"wp:term":[{"taxonomy":"product_cat","embeddable":true,"href":"https:\/\/spinlama.com\/hu\/wp-json\/wp\/v2\/product_cat?post=221014"},{"taxonomy":"product_tag","embeddable":true,"href":"https:\/\/spinlama.com\/hu\/wp-json\/wp\/v2\/product_tag?post=221014"}],"curies":[{"name":"wp","href":"https:\/\/api.w.org\/{rel}","templated":true}]}}