{"id":235716,"date":"2023-10-27T13:56:37","date_gmt":"2023-10-27T11:56:37","guid":{"rendered":"https:\/\/spinlama.com\/hu\/?post_type=product&#038;p=235716"},"modified":"2024-09-26T14:25:51","modified_gmt":"2024-09-26T12:25:51","slug":"milk-frother","status":"publish","type":"product","link":"https:\/\/spinlama.com\/hu\/termek\/milk-frother\/","title":{"rendered":"2 az 1-ben Milk Frother &#8211; Vezet\u00e9k n\u00e9lk\u00fcli tejhabos\u00edt\u00f3"},"content":{"rendered":"\t\t<div data-elementor-type=\"product-post\" data-elementor-id=\"235716\" class=\"elementor elementor-235716\" data-elementor-post-type=\"product\">\n\t\t\t\t\t\t<section class=\"elementor-section elementor-top-section elementor-element elementor-element-d5c669c elementor-section-boxed elementor-section-height-default elementor-section-height-default\" data-id=\"d5c669c\" data-element_type=\"section\">\n\t\t\t\t\t\t<div class=\"elementor-container elementor-column-gap-default\">\n\t\t\t\t\t<div class=\"elementor-column elementor-col-50 elementor-top-column elementor-element elementor-element-c5e88a9\" data-id=\"c5e88a9\" data-element_type=\"column\">\n\t\t\t<div class=\"elementor-widget-wrap elementor-element-populated\">\n\t\t\t\t\t\t<div class=\"elementor-element elementor-element-b440a74 elementor-align-left elementor-icon-list--layout-traditional elementor-list-item-link-full_width elementor-widget elementor-widget-icon-list\" data-id=\"b440a74\" data-element_type=\"widget\" data-widget_type=\"icon-list.default\">\n\t\t\t\t<div class=\"elementor-widget-container\">\n\t\t\t<link rel=\"stylesheet\" href=\"https:\/\/spinlama.com\/hu\/wp-content\/plugins\/elementor\/assets\/css\/widget-icon-list.min.css\">\t\t<ul class=\"elementor-icon-list-items\">\n\t\t\t\t\t\t\t<li class=\"elementor-icon-list-item\">\n\t\t\t\t\t\t\t\t\t\t\t<span class=\"elementor-icon-list-icon\">\n\t\t\t\t\t\t\t<i aria-hidden=\"true\" class=\"fas fa-arrow-right\"><\/i>\t\t\t\t\t\t<\/span>\n\t\t\t\t\t\t\t\t\t\t<span class=\"elementor-icon-list-text\">30 m\u00e1sodperc alatt b\u00e1rsonyos tejhab<\/span>\n\t\t\t\t\t\t\t\t\t<\/li>\n\t\t\t\t\t\t\t\t<li class=\"elementor-icon-list-item\">\n\t\t\t\t\t\t\t\t\t\t\t<span class=\"elementor-icon-list-icon\">\n\t\t\t\t\t\t\t<i aria-hidden=\"true\" class=\"fas fa-arrow-right\"><\/i>\t\t\t\t\t\t<\/span>\n\t\t\t\t\t\t\t\t\t\t<span class=\"elementor-icon-list-text\">Sokoldal\u00fa konyhai kieg\u00e9sz\u00edt\u0151<\/span>\n\t\t\t\t\t\t\t\t\t<\/li>\n\t\t\t\t\t\t\t\t<li class=\"elementor-icon-list-item\">\n\t\t\t\t\t\t\t\t\t\t\t<span class=\"elementor-icon-list-icon\">\n\t\t\t\t\t\t\t<i aria-hidden=\"true\" class=\"fas fa-arrow-right\"><\/i>\t\t\t\t\t\t<\/span>\n\t\t\t\t\t\t\t\t\t\t<span class=\"elementor-icon-list-text\">Soha nem volt m\u00e9g ilyen k\u00f6nny\u0171 a tiszt\u00edt\u00e1s<\/span>\n\t\t\t\t\t\t\t\t\t<\/li>\n\t\t\t\t\t\t\t\t<li class=\"elementor-icon-list-item\">\n\t\t\t\t\t\t\t\t\t\t\t<span class=\"elementor-icon-list-icon\">\n\t\t\t\t\t\t\t<i aria-hidden=\"true\" class=\"fas fa-arrow-right\"><\/i>\t\t\t\t\t\t<\/span>\n\t\t\t\t\t\t\t\t\t\t<span class=\"elementor-icon-list-text\">K\u00fcl\u00f6nb\u00f6z\u0151 sebess\u00e9gi fokozatokkal, a t\u00f6k\u00e9letes habszerkezet\u00e9rt minden alkalommal<\/span>\n\t\t\t\t\t\t\t\t\t<\/li>\n\t\t\t\t\t\t\t\t<li class=\"elementor-icon-list-item\">\n\t\t\t\t\t\t\t\t\t\t\t<span class=\"elementor-icon-list-icon\">\n\t\t\t\t\t\t\t<i aria-hidden=\"true\" class=\"fas fa-arrow-right\"><\/i>\t\t\t\t\t\t<\/span>\n\t\t\t\t\t\t\t\t\t\t<span class=\"elementor-icon-list-text\">T\u00f6k\u00e9letesen habos\u00edt minden t\u00edpus\u00fa tejet<\/span>\n\t\t\t\t\t\t\t\t\t<\/li>\n\t\t\t\t\t\t\t\t<li class=\"elementor-icon-list-item\">\n\t\t\t\t\t\t\t\t\t\t\t<span class=\"elementor-icon-list-icon\">\n\t\t\t\t\t\t\t<i aria-hidden=\"true\" class=\"fas fa-arrow-right\"><\/i>\t\t\t\t\t\t<\/span>\n\t\t\t\t\t\t\t\t\t\t<span class=\"elementor-icon-list-text\">Haszn\u00e1lhat\u00f3 toj\u00e1sfeh\u00e9rj\u00e9hez, tejsz\u00ednhabhoz \u00e9s feh\u00e9rjeturmixokhoz<\/span>\n\t\t\t\t\t\t\t\t\t<\/li>\n\t\t\t\t\t\t<\/ul>\n\t\t\t\t<\/div>\n\t\t\t\t<\/div>\n\t\t\t\t\t<\/div>\n\t\t<\/div>\n\t\t\t\t<div class=\"elementor-column elementor-col-50 elementor-top-column elementor-element elementor-element-5e38a05\" data-id=\"5e38a05\" data-element_type=\"column\">\n\t\t\t<div class=\"elementor-widget-wrap elementor-element-populated\">\n\t\t\t\t\t\t<div class=\"elementor-element elementor-element-dac9906 elementor-widget elementor-widget-image\" data-id=\"dac9906\" data-element_type=\"widget\" data-widget_type=\"image.default\">\n\t\t\t\t<div class=\"elementor-widget-container\">\n\t\t\t<style>\/*! elementor - v3.21.0 - 18-04-2024 *\/\n.elementor-widget-image{text-align:center}.elementor-widget-image a{display:inline-block}.elementor-widget-image a img[src$=\".svg\"]{width:48px}.elementor-widget-image img{vertical-align:middle;display:inline-block}<\/style>\t\t\t\t\t\t\t\t\t\t<img fetchpriority=\"high\" decoding=\"async\" width=\"800\" height=\"800\" src=\"https:\/\/spinlama.com\/hu\/wp-content\/uploads\/sites\/33\/2023\/10\/milk_frother_17-800x800.jpg\" class=\"attachment-large size-large wp-image-237107\" alt=\"\" srcset=\"https:\/\/spinlama.com\/hu\/wp-content\/uploads\/sites\/33\/2023\/10\/milk_frother_17-800x800.jpg 800w, https:\/\/spinlama.com\/hu\/wp-content\/uploads\/sites\/33\/2023\/10\/milk_frother_17-280x280.jpg 280w, https:\/\/spinlama.com\/hu\/wp-content\/uploads\/sites\/33\/2023\/10\/milk_frother_17-768x768.jpg 768w, https:\/\/spinlama.com\/hu\/wp-content\/uploads\/sites\/33\/2023\/10\/milk_frother_17-600x600.jpg 600w, https:\/\/spinlama.com\/hu\/wp-content\/uploads\/sites\/33\/2023\/10\/milk_frother_17-100x100.jpg 100w, https:\/\/spinlama.com\/hu\/wp-content\/uploads\/sites\/33\/2023\/10\/milk_frother_17.jpg 1080w\" sizes=\"(max-width: 800px) 100vw, 800px\" \/>\t\t\t\t\t\t\t\t\t\t\t\t\t<\/div>\n\t\t\t\t<\/div>\n\t\t\t\t\t<\/div>\n\t\t<\/div>\n\t\t\t\t\t<\/div>\n\t\t<\/section>\n\t\t\t\t<section class=\"elementor-section elementor-top-section elementor-element elementor-element-4a4c1d6 elementor-reverse-mobile elementor-section-boxed elementor-section-height-default elementor-section-height-default\" data-id=\"4a4c1d6\" data-element_type=\"section\">\n\t\t\t\t\t\t<div class=\"elementor-container elementor-column-gap-default\">\n\t\t\t\t\t<div class=\"elementor-column elementor-col-50 elementor-top-column elementor-element elementor-element-d712575\" data-id=\"d712575\" data-element_type=\"column\">\n\t\t\t<div class=\"elementor-widget-wrap elementor-element-populated\">\n\t\t\t\t\t\t<div class=\"elementor-element elementor-element-6c6f35e elementor-widget elementor-widget-image\" data-id=\"6c6f35e\" data-element_type=\"widget\" data-widget_type=\"image.default\">\n\t\t\t\t<div class=\"elementor-widget-container\">\n\t\t\t\t\t\t\t\t\t\t\t\t\t<img decoding=\"async\" width=\"800\" height=\"800\" src=\"https:\/\/spinlama.com\/hu\/wp-content\/uploads\/sites\/33\/2023\/10\/milk_frother_10-800x800.jpg\" class=\"attachment-large size-large wp-image-235709\" alt=\"\" srcset=\"https:\/\/spinlama.com\/hu\/wp-content\/uploads\/sites\/33\/2023\/10\/milk_frother_10-800x800.jpg 800w, https:\/\/spinlama.com\/hu\/wp-content\/uploads\/sites\/33\/2023\/10\/milk_frother_10-280x280.jpg 280w, https:\/\/spinlama.com\/hu\/wp-content\/uploads\/sites\/33\/2023\/10\/milk_frother_10-768x768.jpg 768w, https:\/\/spinlama.com\/hu\/wp-content\/uploads\/sites\/33\/2023\/10\/milk_frother_10-600x600.jpg 600w, https:\/\/spinlama.com\/hu\/wp-content\/uploads\/sites\/33\/2023\/10\/milk_frother_10-100x100.jpg 100w, https:\/\/spinlama.com\/hu\/wp-content\/uploads\/sites\/33\/2023\/10\/milk_frother_10.jpg 1080w\" sizes=\"(max-width: 800px) 100vw, 800px\" \/>\t\t\t\t\t\t\t\t\t\t\t\t\t<\/div>\n\t\t\t\t<\/div>\n\t\t\t\t\t<\/div>\n\t\t<\/div>\n\t\t\t\t<div class=\"elementor-column elementor-col-50 elementor-top-column elementor-element elementor-element-9508aa5\" data-id=\"9508aa5\" data-element_type=\"column\">\n\t\t\t<div class=\"elementor-widget-wrap elementor-element-populated\">\n\t\t\t\t\t\t<div class=\"elementor-element elementor-element-c91c986 elementor-widget elementor-widget-image\" data-id=\"c91c986\" data-element_type=\"widget\" data-widget_type=\"image.default\">\n\t\t\t\t<div class=\"elementor-widget-container\">\n\t\t\t\t\t\t\t\t\t\t\t\t\t<img decoding=\"async\" width=\"800\" height=\"800\" src=\"https:\/\/spinlama.com\/hu\/wp-content\/uploads\/sites\/33\/2023\/10\/milk_frother_4-800x800.jpg\" class=\"attachment-large size-large wp-image-235710\" alt=\"\" srcset=\"https:\/\/spinlama.com\/hu\/wp-content\/uploads\/sites\/33\/2023\/10\/milk_frother_4-800x800.jpg 800w, https:\/\/spinlama.com\/hu\/wp-content\/uploads\/sites\/33\/2023\/10\/milk_frother_4-280x280.jpg 280w, https:\/\/spinlama.com\/hu\/wp-content\/uploads\/sites\/33\/2023\/10\/milk_frother_4-768x768.jpg 768w, https:\/\/spinlama.com\/hu\/wp-content\/uploads\/sites\/33\/2023\/10\/milk_frother_4-600x600.jpg 600w, https:\/\/spinlama.com\/hu\/wp-content\/uploads\/sites\/33\/2023\/10\/milk_frother_4-100x100.jpg 100w, https:\/\/spinlama.com\/hu\/wp-content\/uploads\/sites\/33\/2023\/10\/milk_frother_4.jpg 1080w\" sizes=\"(max-width: 800px) 100vw, 800px\" \/>\t\t\t\t\t\t\t\t\t\t\t\t\t<\/div>\n\t\t\t\t<\/div>\n\t\t\t\t\t<\/div>\n\t\t<\/div>\n\t\t\t\t\t<\/div>\n\t\t<\/section>\n\t\t\t\t<section class=\"elementor-section elementor-top-section elementor-element elementor-element-32263f5 elementor-reverse-mobile elementor-section-boxed elementor-section-height-default elementor-section-height-default\" data-id=\"32263f5\" data-element_type=\"section\">\n\t\t\t\t\t\t<div class=\"elementor-container elementor-column-gap-default\">\n\t\t\t\t\t<div class=\"elementor-column elementor-col-50 elementor-top-column elementor-element elementor-element-5bb7aa7\" data-id=\"5bb7aa7\" data-element_type=\"column\">\n\t\t\t<div class=\"elementor-widget-wrap elementor-element-populated\">\n\t\t\t\t\t\t<div class=\"elementor-element elementor-element-907f65f elementor-widget elementor-widget-image\" data-id=\"907f65f\" data-element_type=\"widget\" data-widget_type=\"image.default\">\n\t\t\t\t<div class=\"elementor-widget-container\">\n\t\t\t\t\t\t\t\t\t\t\t\t\t<img loading=\"lazy\" decoding=\"async\" width=\"800\" height=\"800\" src=\"https:\/\/spinlama.com\/hu\/wp-content\/uploads\/sites\/33\/2023\/10\/milk_frother_14.jpg\" class=\"attachment-large size-large wp-image-235711\" alt=\"\" srcset=\"https:\/\/spinlama.com\/hu\/wp-content\/uploads\/sites\/33\/2023\/10\/milk_frother_14.jpg 800w, https:\/\/spinlama.com\/hu\/wp-content\/uploads\/sites\/33\/2023\/10\/milk_frother_14-280x280.jpg 280w, https:\/\/spinlama.com\/hu\/wp-content\/uploads\/sites\/33\/2023\/10\/milk_frother_14-768x768.jpg 768w, https:\/\/spinlama.com\/hu\/wp-content\/uploads\/sites\/33\/2023\/10\/milk_frother_14-600x600.jpg 600w, https:\/\/spinlama.com\/hu\/wp-content\/uploads\/sites\/33\/2023\/10\/milk_frother_14-100x100.jpg 100w\" sizes=\"(max-width: 800px) 100vw, 800px\" \/>\t\t\t\t\t\t\t\t\t\t\t\t\t<\/div>\n\t\t\t\t<\/div>\n\t\t\t\t\t<\/div>\n\t\t<\/div>\n\t\t\t\t<div class=\"elementor-column elementor-col-50 elementor-top-column elementor-element elementor-element-b70bd6f\" data-id=\"b70bd6f\" data-element_type=\"column\">\n\t\t\t<div class=\"elementor-widget-wrap elementor-element-populated\">\n\t\t\t\t\t\t<div class=\"elementor-element elementor-element-e2f3858 elementor-widget elementor-widget-shortcode\" data-id=\"e2f3858\" data-element_type=\"widget\" data-widget_type=\"shortcode.default\">\n\t\t\t\t<div class=\"elementor-widget-container\">\n\t\t\t\t\t<div class=\"elementor-shortcode\"><div style=\"position: relative; padding-top: 100%;\"><iframe src=\"https:\/\/iframe.mediadelivery.net\/embed\/53604\/471058e2-1733-47e7-9731-732d0621828f?autoplay=true&loop=true&muted=true\" loading=\"lazy\" style=\"border: none; position: absolute; top: 0; height: 100%; width: 100%;\" allow=\"accelerometer; gyroscope; autoplay; encrypted-media; picture-in-picture;\" allowfullscreen=\"true\"><\/iframe><\/div><\/div>\n\t\t\t\t<\/div>\n\t\t\t\t<\/div>\n\t\t\t\t\t<\/div>\n\t\t<\/div>\n\t\t\t\t\t<\/div>\n\t\t<\/section>\n\t\t\t\t<section class=\"elementor-section elementor-top-section elementor-element elementor-element-df535b3 elementor-section-boxed elementor-section-height-default elementor-section-height-default\" data-id=\"df535b3\" data-element_type=\"section\">\n\t\t\t\t\t\t<div class=\"elementor-container elementor-column-gap-default\">\n\t\t\t\t\t<div class=\"elementor-column elementor-col-100 elementor-top-column elementor-element elementor-element-64e9a1f\" data-id=\"64e9a1f\" data-element_type=\"column\">\n\t\t\t<div class=\"elementor-widget-wrap elementor-element-populated\">\n\t\t\t\t\t\t<div class=\"elementor-element elementor-element-31c0f91 elementor-widget elementor-widget-accordion\" data-id=\"31c0f91\" data-element_type=\"widget\" data-widget_type=\"accordion.default\">\n\t\t\t\t<div class=\"elementor-widget-container\">\n\t\t\t<style>\/*! elementor - v3.21.0 - 18-04-2024 *\/\n.elementor-accordion{text-align:start}.elementor-accordion .elementor-accordion-item{border:1px solid #d5d8dc}.elementor-accordion .elementor-accordion-item+.elementor-accordion-item{border-top:none}.elementor-accordion .elementor-tab-title{margin:0;padding:15px 20px;font-weight:700;line-height:1;cursor:pointer;outline:none}.elementor-accordion .elementor-tab-title .elementor-accordion-icon{display:inline-block;width:1.5em}.elementor-accordion .elementor-tab-title .elementor-accordion-icon svg{width:1em;height:1em}.elementor-accordion .elementor-tab-title .elementor-accordion-icon.elementor-accordion-icon-right{float:right;text-align:right}.elementor-accordion .elementor-tab-title .elementor-accordion-icon.elementor-accordion-icon-left{float:left;text-align:left}.elementor-accordion .elementor-tab-title .elementor-accordion-icon .elementor-accordion-icon-closed{display:block}.elementor-accordion .elementor-tab-title .elementor-accordion-icon .elementor-accordion-icon-opened,.elementor-accordion .elementor-tab-title.elementor-active .elementor-accordion-icon-closed{display:none}.elementor-accordion .elementor-tab-title.elementor-active .elementor-accordion-icon-opened{display:block}.elementor-accordion .elementor-tab-content{display:none;padding:15px 20px;border-top:1px solid #d5d8dc}@media (max-width:767px){.elementor-accordion .elementor-tab-title{padding:12px 15px}.elementor-accordion .elementor-tab-title .elementor-accordion-icon{width:1.2em}.elementor-accordion .elementor-tab-content{padding:7px 15px}}.e-con-inner>.elementor-widget-accordion,.e-con>.elementor-widget-accordion{width:var(--container-widget-width);--flex-grow:var(--container-widget-flex-grow)}<\/style>\t\t<div class=\"elementor-accordion\">\n\t\t\t\t\t\t\t<div class=\"elementor-accordion-item\">\n\t\t\t\t\t<div id=\"elementor-tab-title-5211\" class=\"elementor-tab-title\" data-tab=\"1\" role=\"button\" aria-controls=\"elementor-tab-content-5211\" aria-expanded=\"false\">\n\t\t\t\t\t\t\t\t\t\t\t\t\t<span class=\"elementor-accordion-icon elementor-accordion-icon-left\" aria-hidden=\"true\">\n\t\t\t\t\t\t\t\t\t\t\t\t\t\t\t<span class=\"elementor-accordion-icon-closed\"><i class=\"fas fa-chevron-down\"><\/i><\/span>\n\t\t\t\t\t\t\t\t<span class=\"elementor-accordion-icon-opened\"><i class=\"fas fa-chevron-up\"><\/i><\/span>\n\t\t\t\t\t\t\t\t\t\t\t\t\t\t<\/span>\n\t\t\t\t\t\t\t\t\t\t\t\t<a class=\"elementor-accordion-title\" tabindex=\"0\">Jellemz\u0151k<\/a>\n\t\t\t\t\t<\/div>\n\t\t\t\t\t<div id=\"elementor-tab-content-5211\" class=\"elementor-tab-content elementor-clearfix\" data-tab=\"1\" role=\"region\" aria-labelledby=\"elementor-tab-title-5211\"><p><strong>Anyaga<\/strong>: rozsdamentes ac\u00e9l<\/p><p><strong>M\u00e9retek:<\/strong> 26.2 cm x 3 cm<\/p><p><strong>S\u00faly:<\/strong> 171g<\/p><p><strong>Sz\u00edn<\/strong>: feh\u00e9r, fekete<\/p><p><strong>T\u00f6lt\u00e9s<\/strong>: USB<\/p><p><strong>T\u00f6lt\u00e9si id\u0151:<\/strong> 2 \u00f3ra<\/p><p><strong>M\u0171k\u00f6d\u00e9si id\u0151<\/strong>: 2-3 \u00f3ra<\/p><p><strong>H\u00e1rom m\u0171k\u00f6d\u00e9si sebess\u00e9g<\/strong><\/p><p><strong>Bemeneti teljes\u00edtm\u00e9ny<\/strong>: 5V<\/p><p><strong>A csomag tartalma:<\/strong><\/p><ul><li>Tejhabos\u00edt\u00f3<\/li><li>tartoz\u00e9k tejhabos\u00edt\u00e1shoz<\/li><li>tartoz\u00e9k toj\u00e1sfelver\u00e9shez<\/li><li>USB t\u00f6lt\u0151k\u00e1bel<\/li><\/ul><p><strong>Tiszt\u00edt\u00e1s:<\/strong>\u00a0Helyezze a habos\u00edt\u00f3g\u00e9pet a piszkos tartoz\u00e9kkal egy poh\u00e1r v\u00edzbe, \u00e9s kapcsolja be. N\u00e9h\u00e1ny m\u00e1sodperc m\u00falva kapcsolja ki, vegye ki a v\u00edzb\u0151l, \u00e9s t\u00f6r\u00f6lje meg egy sz\u00e1raz ruh\u00e1val.<\/p><\/div>\n\t\t\t\t<\/div>\n\t\t\t\t\t\t\t<div class=\"elementor-accordion-item\">\n\t\t\t\t\t<div id=\"elementor-tab-title-5212\" class=\"elementor-tab-title\" data-tab=\"2\" role=\"button\" aria-controls=\"elementor-tab-content-5212\" aria-expanded=\"false\">\n\t\t\t\t\t\t\t\t\t\t\t\t\t<span class=\"elementor-accordion-icon elementor-accordion-icon-left\" aria-hidden=\"true\">\n\t\t\t\t\t\t\t\t\t\t\t\t\t\t\t<span class=\"elementor-accordion-icon-closed\"><i class=\"fas fa-chevron-down\"><\/i><\/span>\n\t\t\t\t\t\t\t\t<span class=\"elementor-accordion-icon-opened\"><i class=\"fas fa-chevron-up\"><\/i><\/span>\n\t\t\t\t\t\t\t\t\t\t\t\t\t\t<\/span>\n\t\t\t\t\t\t\t\t\t\t\t\t<a class=\"elementor-accordion-title\" tabindex=\"0\">Haszn\u00e1lati \u00fatmutat\u00f3<\/a>\n\t\t\t\t\t<\/div>\n\t\t\t\t\t<div id=\"elementor-tab-content-5212\" class=\"elementor-tab-content elementor-clearfix\" data-tab=\"2\" role=\"region\" aria-labelledby=\"elementor-tab-title-5212\"><p>Az els\u0151 haszn\u00e1lat el\u0151tt t\u00f6ltse fel a k\u00e9sz\u00fcl\u00e9ket a mell\u00e9kelt USB k\u00e1bellel.<\/p><p>Helyezze a v\u00e1lasztott tartoz\u00e9kot a k\u00e9sz\u00fcl\u00e9kre.<\/p><p>Kapcsolja be a k\u00e9sz\u00fcl\u00e9ket a bekapcsol\u00f3gomb megnyom\u00e1s\u00e1val. Ezzel a gombbal v\u00e1lthat a h\u00e1rom sebess\u00e9g fokozat k\u00f6z\u00fcl, \u00e9s ezzel is kapcsolhatja ki.<\/p><p><strong>Tejhabos\u00edt\u00e1s<\/strong>:<\/p><p>V\u00e1lassza a tejhabos\u00edt\u00f3 tartoz\u00e9kot<\/p><p>T\u00f6lts\u00f6n egy poh\u00e1rba tejet, kevesebb mint a fel\u00e9ig<\/p><p>M\u00e1rtsa a tartoz\u00e9kot a tejbe, kapcsolja be a k\u00e9sz\u00fcl\u00e9ket, \u00e9s v\u00e1lassza a k\u00edv\u00e1nt fokozatot.<\/p><p>A tej sz\u00e9pen felhabosodik k\u00f6r\u00fclbel\u00fcl 30 m\u00e1sodperc alatt (az id\u0151 a tej mennyis\u00e9g\u00e9t\u0151l f\u00fcgg).<\/p><p><strong>Toj\u00e1shab-ver\u00e9s:<\/strong><\/p><p>V\u00e1lassza a toj\u00e1shab-ver\u0151 tartoz\u00e9kot<\/p><p>Kapcsolja be a k\u00e9sz\u00fcl\u00e9ket \u00e9s v\u00e1lassza a k\u00edv\u00e1nt fokozatot.<\/p><p>Egyszerre ak\u00e1r 5 toj\u00e1st is felverhet.<\/p><\/div>\n\t\t\t\t<\/div>\n\t\t\t\t\t\t\t<div class=\"elementor-accordion-item\">\n\t\t\t\t\t<div id=\"elementor-tab-title-5213\" class=\"elementor-tab-title\" data-tab=\"3\" role=\"button\" aria-controls=\"elementor-tab-content-5213\" aria-expanded=\"false\">\n\t\t\t\t\t\t\t\t\t\t\t\t\t<span class=\"elementor-accordion-icon elementor-accordion-icon-left\" aria-hidden=\"true\">\n\t\t\t\t\t\t\t\t\t\t\t\t\t\t\t<span class=\"elementor-accordion-icon-closed\"><i class=\"fas fa-chevron-down\"><\/i><\/span>\n\t\t\t\t\t\t\t\t<span class=\"elementor-accordion-icon-opened\"><i class=\"fas fa-chevron-up\"><\/i><\/span>\n\t\t\t\t\t\t\t\t\t\t\t\t\t\t<\/span>\n\t\t\t\t\t\t\t\t\t\t\t\t<a class=\"elementor-accordion-title\" tabindex=\"0\">Figyelmeztet\u00e9s<\/a>\n\t\t\t\t\t<\/div>\n\t\t\t\t\t<div id=\"elementor-tab-content-5213\" class=\"elementor-tab-content elementor-clearfix\" data-tab=\"3\" role=\"region\" aria-labelledby=\"elementor-tab-title-5213\"><ul><li>\u00dcgyeljen r\u00e1, hogy ne ker\u00fclj\u00f6n v\u00edz a k\u00e9sz\u00fcl\u00e9k als\u00f3 r\u00e9sz\u00e9be.<\/li><li>Ne \u00f6nts\u00f6n t\u00fal sok tejet a poh\u00e1rba, mert a tej t\u00e9rfogata megn\u0151 a habos\u00edt\u00e1s alatt.<\/li><li>Tiszt\u00edtsa meg a tartoz\u00e9kokat v\u00edzzel, \u00e9s t\u00f6r\u00f6lje \u0151ket sz\u00e1razra minden haszn\u00e1lat ut\u00e1n.<\/li><li>A k\u00e9sz\u00fcl\u00e9k nem alkalmas gyermekek sz\u00e1m\u00e1ra. Haszn\u00e1latkor mindig legyen jelen feln\u0151tt.<\/li><li>Ne ny\u00faljon a tartoz\u00e9kokhoz m\u0171k\u00f6d\u00e9s k\u00f6zben.<\/li><\/ul><\/div>\n\t\t\t\t<\/div>\n\t\t\t\t\t\t\t\t<\/div>\n\t\t\t\t<\/div>\n\t\t\t\t<\/div>\n\t\t\t\t\t<\/div>\n\t\t<\/div>\n\t\t\t\t\t<\/div>\n\t\t<\/section>\n\t\t\t\t<\/div>\n\t\t","protected":false},"excerpt":{"rendered":"<p>Szakszer\u0171en habos\u00edtott tej, saj\u00e1t otthona k\u00e9nyelm\u00e9ben!<\/p>\n<p><strong>USB T\u00d6LT\u00c9S<\/strong><\/p>\n","protected":false},"featured_media":235703,"comment_status":"closed","ping_status":"closed","template":"","meta":[],"product_cat":[68,504,516],"product_tag":[727,728],"aioseo_notices":[],"_links":{"self":[{"href":"https:\/\/spinlama.com\/hu\/wp-json\/wp\/v2\/product\/235716"}],"collection":[{"href":"https:\/\/spinlama.com\/hu\/wp-json\/wp\/v2\/product"}],"about":[{"href":"https:\/\/spinlama.com\/hu\/wp-json\/wp\/v2\/types\/product"}],"replies":[{"embeddable":true,"href":"https:\/\/spinlama.com\/hu\/wp-json\/wp\/v2\/comments?post=235716"}],"version-history":[{"count":10,"href":"https:\/\/spinlama.com\/hu\/wp-json\/wp\/v2\/product\/235716\/revisions"}],"predecessor-version":[{"id":237407,"href":"https:\/\/spinlama.com\/hu\/wp-json\/wp\/v2\/product\/235716\/revisions\/237407"}],"wp:featuredmedia":[{"embeddable":true,"href":"https:\/\/spinlama.com\/hu\/wp-json\/wp\/v2\/media\/235703"}],"wp:attachment":[{"href":"https:\/\/spinlama.com\/hu\/wp-json\/wp\/v2\/media?parent=235716"}],"wp:term":[{"taxonomy":"product_cat","embeddable":true,"href":"https:\/\/spinlama.com\/hu\/wp-json\/wp\/v2\/product_cat?post=235716"},{"taxonomy":"product_tag","embeddable":true,"href":"https:\/\/spinlama.com\/hu\/wp-json\/wp\/v2\/product_tag?post=235716"}],"curies":[{"name":"wp","href":"https:\/\/api.w.org\/{rel}","templated":true}]}}