{"id":238269,"date":"2024-01-22T13:37:34","date_gmt":"2024-01-22T12:37:34","guid":{"rendered":"https:\/\/spinlama.com\/hu\/?post_type=product&#038;p=238269"},"modified":"2024-09-26T14:16:29","modified_gmt":"2024-09-26T12:16:29","slug":"photo-lights-xxl","status":"publish","type":"product","link":"https:\/\/spinlama.com\/hu\/termek\/photo-lights-xxl\/","title":{"rendered":"Photo Lights XXL &#8211; Cs\u00edptethet\u0151 LED l\u00e1mp\u00e1k"},"content":{"rendered":"\t\t<div data-elementor-type=\"product-post\" data-elementor-id=\"238269\" class=\"elementor elementor-238269\" data-elementor-post-type=\"product\">\n\t\t\t\t\t\t<section class=\"elementor-section elementor-top-section elementor-element elementor-element-79ae3525 elementor-section-boxed elementor-section-height-default elementor-section-height-default\" data-id=\"79ae3525\" data-element_type=\"section\">\n\t\t\t\t\t\t<div class=\"elementor-container elementor-column-gap-default\">\n\t\t\t\t\t<div class=\"elementor-column elementor-col-50 elementor-top-column elementor-element elementor-element-6b8b764\" data-id=\"6b8b764\" data-element_type=\"column\">\n\t\t\t<div class=\"elementor-widget-wrap elementor-element-populated\">\n\t\t\t\t\t\t<div class=\"elementor-element elementor-element-29d44976 elementor-align-left elementor-icon-list--layout-traditional elementor-list-item-link-full_width elementor-widget elementor-widget-icon-list\" data-id=\"29d44976\" data-element_type=\"widget\" data-widget_type=\"icon-list.default\">\n\t\t\t\t<div class=\"elementor-widget-container\">\n\t\t\t<link rel=\"stylesheet\" href=\"https:\/\/spinlama.com\/hu\/wp-content\/plugins\/elementor\/assets\/css\/widget-icon-list.min.css\">\t\t<ul class=\"elementor-icon-list-items\">\n\t\t\t\t\t\t\t<li class=\"elementor-icon-list-item\">\n\t\t\t\t\t\t\t\t\t\t\t<span class=\"elementor-icon-list-icon\">\n\t\t\t\t\t\t\t<i aria-hidden=\"true\" class=\"fas fa-arrow-right\"><\/i>\t\t\t\t\t\t<\/span>\n\t\t\t\t\t\t\t\t\t\t<span class=\"elementor-icon-list-text\">F\u00e9ny \u00e9s csipesz egyben<\/span>\n\t\t\t\t\t\t\t\t\t<\/li>\n\t\t\t\t\t\t\t\t<li class=\"elementor-icon-list-item\">\n\t\t\t\t\t\t\t\t\t\t\t<span class=\"elementor-icon-list-icon\">\n\t\t\t\t\t\t\t<i aria-hidden=\"true\" class=\"fas fa-arrow-right\"><\/i>\t\t\t\t\t\t<\/span>\n\t\t\t\t\t\t\t\t\t\t<span class=\"elementor-icon-list-text\">Kellemes meleg feh\u00e9r f\u00e9ny<\/span>\n\t\t\t\t\t\t\t\t\t<\/li>\n\t\t\t\t\t\t\t\t<li class=\"elementor-icon-list-item\">\n\t\t\t\t\t\t\t\t\t\t\t<span class=\"elementor-icon-list-icon\">\n\t\t\t\t\t\t\t<i aria-hidden=\"true\" class=\"fas fa-arrow-right\"><\/i>\t\t\t\t\t\t<\/span>\n\t\t\t\t\t\t\t\t\t\t<span class=\"elementor-icon-list-text\">Akassza fel r\u00e1 kedvenc eml\u00e9keit<\/span>\n\t\t\t\t\t\t\t\t\t<\/li>\n\t\t\t\t\t\t\t\t<li class=\"elementor-icon-list-item\">\n\t\t\t\t\t\t\t\t\t\t\t<span class=\"elementor-icon-list-icon\">\n\t\t\t\t\t\t\t<i aria-hidden=\"true\" class=\"fas fa-arrow-right\"><\/i>\t\t\t\t\t\t<\/span>\n\t\t\t\t\t\t\t\t\t\t<span class=\"elementor-icon-list-text\">M\u0171k\u00f6d\u00e9s\u00e9hez nincs sz\u00fcks\u00e9g elemekre<\/span>\n\t\t\t\t\t\t\t\t\t<\/li>\n\t\t\t\t\t\t\t\t<li class=\"elementor-icon-list-item\">\n\t\t\t\t\t\t\t\t\t\t\t<span class=\"elementor-icon-list-icon\">\n\t\t\t\t\t\t\t<i aria-hidden=\"true\" class=\"fas fa-arrow-right\"><\/i>\t\t\t\t\t\t<\/span>\n\t\t\t\t\t\t\t\t\t\t<span class=\"elementor-icon-list-text\">Partikra, esk\u00fcv\u0151kre vagy otthoni dekor\u00e1ci\u00f3ra<\/span>\n\t\t\t\t\t\t\t\t\t<\/li>\n\t\t\t\t\t\t<\/ul>\n\t\t\t\t<\/div>\n\t\t\t\t<\/div>\n\t\t\t\t\t<\/div>\n\t\t<\/div>\n\t\t\t\t<div class=\"elementor-column elementor-col-50 elementor-top-column elementor-element elementor-element-42405a8b\" data-id=\"42405a8b\" data-element_type=\"column\">\n\t\t\t<div class=\"elementor-widget-wrap elementor-element-populated\">\n\t\t\t\t\t\t<div class=\"elementor-element elementor-element-2891ea8f elementor-widget elementor-widget-image\" data-id=\"2891ea8f\" data-element_type=\"widget\" data-widget_type=\"image.default\">\n\t\t\t\t<div class=\"elementor-widget-container\">\n\t\t\t<style>\/*! elementor - v3.21.0 - 18-04-2024 *\/\n.elementor-widget-image{text-align:center}.elementor-widget-image a{display:inline-block}.elementor-widget-image a img[src$=\".svg\"]{width:48px}.elementor-widget-image img{vertical-align:middle;display:inline-block}<\/style>\t\t\t\t\t\t\t\t\t\t<img fetchpriority=\"high\" decoding=\"async\" width=\"800\" height=\"800\" src=\"https:\/\/spinlama.com\/hu\/wp-content\/uploads\/sites\/33\/2024\/01\/ClipLights_13-800x800.jpg\" class=\"attachment-large size-large wp-image-238259\" alt=\"\" srcset=\"https:\/\/spinlama.com\/hu\/wp-content\/uploads\/sites\/33\/2024\/01\/ClipLights_13-800x800.jpg 800w, https:\/\/spinlama.com\/hu\/wp-content\/uploads\/sites\/33\/2024\/01\/ClipLights_13-280x280.jpg 280w, https:\/\/spinlama.com\/hu\/wp-content\/uploads\/sites\/33\/2024\/01\/ClipLights_13-768x768.jpg 768w, https:\/\/spinlama.com\/hu\/wp-content\/uploads\/sites\/33\/2024\/01\/ClipLights_13-600x600.jpg 600w, https:\/\/spinlama.com\/hu\/wp-content\/uploads\/sites\/33\/2024\/01\/ClipLights_13-100x100.jpg 100w, https:\/\/spinlama.com\/hu\/wp-content\/uploads\/sites\/33\/2024\/01\/ClipLights_13.jpg 1080w\" sizes=\"(max-width: 800px) 100vw, 800px\" \/>\t\t\t\t\t\t\t\t\t\t\t\t\t<\/div>\n\t\t\t\t<\/div>\n\t\t\t\t\t<\/div>\n\t\t<\/div>\n\t\t\t\t\t<\/div>\n\t\t<\/section>\n\t\t\t\t<section class=\"elementor-section elementor-top-section elementor-element elementor-element-5d9b8898 elementor-reverse-mobile elementor-section-boxed elementor-section-height-default elementor-section-height-default\" data-id=\"5d9b8898\" data-element_type=\"section\">\n\t\t\t\t\t\t<div class=\"elementor-container elementor-column-gap-default\">\n\t\t\t\t\t<div class=\"elementor-column elementor-col-50 elementor-top-column elementor-element elementor-element-3d742997\" data-id=\"3d742997\" data-element_type=\"column\">\n\t\t\t<div class=\"elementor-widget-wrap elementor-element-populated\">\n\t\t\t\t\t\t<div class=\"elementor-element elementor-element-392cb1db elementor-widget elementor-widget-image\" data-id=\"392cb1db\" data-element_type=\"widget\" data-widget_type=\"image.default\">\n\t\t\t\t<div class=\"elementor-widget-container\">\n\t\t\t\t\t\t\t\t\t\t\t\t\t<img decoding=\"async\" width=\"800\" height=\"800\" src=\"https:\/\/spinlama.com\/hu\/wp-content\/uploads\/sites\/33\/2024\/01\/ClipLights_14-800x800.jpg\" class=\"attachment-large size-large wp-image-238260\" alt=\"\" srcset=\"https:\/\/spinlama.com\/hu\/wp-content\/uploads\/sites\/33\/2024\/01\/ClipLights_14-800x800.jpg 800w, https:\/\/spinlama.com\/hu\/wp-content\/uploads\/sites\/33\/2024\/01\/ClipLights_14-280x280.jpg 280w, https:\/\/spinlama.com\/hu\/wp-content\/uploads\/sites\/33\/2024\/01\/ClipLights_14-768x768.jpg 768w, https:\/\/spinlama.com\/hu\/wp-content\/uploads\/sites\/33\/2024\/01\/ClipLights_14-600x600.jpg 600w, https:\/\/spinlama.com\/hu\/wp-content\/uploads\/sites\/33\/2024\/01\/ClipLights_14-100x100.jpg 100w, https:\/\/spinlama.com\/hu\/wp-content\/uploads\/sites\/33\/2024\/01\/ClipLights_14.jpg 1080w\" sizes=\"(max-width: 800px) 100vw, 800px\" \/>\t\t\t\t\t\t\t\t\t\t\t\t\t<\/div>\n\t\t\t\t<\/div>\n\t\t\t\t\t<\/div>\n\t\t<\/div>\n\t\t\t\t<div class=\"elementor-column elementor-col-50 elementor-top-column elementor-element elementor-element-37cf4625\" data-id=\"37cf4625\" data-element_type=\"column\">\n\t\t\t<div class=\"elementor-widget-wrap elementor-element-populated\">\n\t\t\t\t\t\t<div class=\"elementor-element elementor-element-26721595 elementor-widget elementor-widget-image\" data-id=\"26721595\" data-element_type=\"widget\" data-widget_type=\"image.default\">\n\t\t\t\t<div class=\"elementor-widget-container\">\n\t\t\t\t\t\t\t\t\t\t\t\t\t<img decoding=\"async\" width=\"800\" height=\"800\" src=\"https:\/\/spinlama.com\/hu\/wp-content\/uploads\/sites\/33\/2024\/01\/ClipLights_2-800x800.jpg\" class=\"attachment-large size-large wp-image-238261\" alt=\"\" srcset=\"https:\/\/spinlama.com\/hu\/wp-content\/uploads\/sites\/33\/2024\/01\/ClipLights_2-800x800.jpg 800w, https:\/\/spinlama.com\/hu\/wp-content\/uploads\/sites\/33\/2024\/01\/ClipLights_2-280x280.jpg 280w, https:\/\/spinlama.com\/hu\/wp-content\/uploads\/sites\/33\/2024\/01\/ClipLights_2-768x768.jpg 768w, https:\/\/spinlama.com\/hu\/wp-content\/uploads\/sites\/33\/2024\/01\/ClipLights_2-600x600.jpg 600w, https:\/\/spinlama.com\/hu\/wp-content\/uploads\/sites\/33\/2024\/01\/ClipLights_2-100x100.jpg 100w, https:\/\/spinlama.com\/hu\/wp-content\/uploads\/sites\/33\/2024\/01\/ClipLights_2.jpg 1100w\" sizes=\"(max-width: 800px) 100vw, 800px\" \/>\t\t\t\t\t\t\t\t\t\t\t\t\t<\/div>\n\t\t\t\t<\/div>\n\t\t\t\t\t<\/div>\n\t\t<\/div>\n\t\t\t\t\t<\/div>\n\t\t<\/section>\n\t\t\t\t<section class=\"elementor-section elementor-top-section elementor-element elementor-element-2c373ed2 elementor-reverse-mobile elementor-section-boxed elementor-section-height-default elementor-section-height-default\" data-id=\"2c373ed2\" data-element_type=\"section\">\n\t\t\t\t\t\t<div class=\"elementor-container elementor-column-gap-default\">\n\t\t\t\t\t<div class=\"elementor-column elementor-col-50 elementor-top-column elementor-element elementor-element-3cb8c4d4\" data-id=\"3cb8c4d4\" data-element_type=\"column\">\n\t\t\t<div class=\"elementor-widget-wrap elementor-element-populated\">\n\t\t\t\t\t\t<div class=\"elementor-element elementor-element-6904ecf2 elementor-widget elementor-widget-image\" data-id=\"6904ecf2\" data-element_type=\"widget\" data-widget_type=\"image.default\">\n\t\t\t\t<div class=\"elementor-widget-container\">\n\t\t\t\t\t\t\t\t\t\t\t\t\t<img loading=\"lazy\" decoding=\"async\" width=\"800\" height=\"800\" src=\"https:\/\/spinlama.com\/hu\/wp-content\/uploads\/sites\/33\/2024\/01\/ClipLights_11-1-800x800.jpg\" class=\"attachment-large size-large wp-image-238262\" alt=\"\" srcset=\"https:\/\/spinlama.com\/hu\/wp-content\/uploads\/sites\/33\/2024\/01\/ClipLights_11-1-800x800.jpg 800w, https:\/\/spinlama.com\/hu\/wp-content\/uploads\/sites\/33\/2024\/01\/ClipLights_11-1-280x280.jpg 280w, https:\/\/spinlama.com\/hu\/wp-content\/uploads\/sites\/33\/2024\/01\/ClipLights_11-1-768x768.jpg 768w, https:\/\/spinlama.com\/hu\/wp-content\/uploads\/sites\/33\/2024\/01\/ClipLights_11-1-600x600.jpg 600w, https:\/\/spinlama.com\/hu\/wp-content\/uploads\/sites\/33\/2024\/01\/ClipLights_11-1-100x100.jpg 100w, https:\/\/spinlama.com\/hu\/wp-content\/uploads\/sites\/33\/2024\/01\/ClipLights_11-1.jpg 1080w\" sizes=\"(max-width: 800px) 100vw, 800px\" \/>\t\t\t\t\t\t\t\t\t\t\t\t\t<\/div>\n\t\t\t\t<\/div>\n\t\t\t\t\t<\/div>\n\t\t<\/div>\n\t\t\t\t<div class=\"elementor-column elementor-col-50 elementor-top-column elementor-element elementor-element-7794a8f4\" data-id=\"7794a8f4\" data-element_type=\"column\">\n\t\t\t<div class=\"elementor-widget-wrap elementor-element-populated\">\n\t\t\t\t\t\t<div class=\"elementor-element elementor-element-63d1fa7 elementor-widget elementor-widget-shortcode\" data-id=\"63d1fa7\" data-element_type=\"widget\" data-widget_type=\"shortcode.default\">\n\t\t\t\t<div class=\"elementor-widget-container\">\n\t\t\t\t\t<div class=\"elementor-shortcode\"><div style=\"position: relative; padding-top: 100%;\"><iframe src=\"https:\/\/iframe.mediadelivery.net\/embed\/53604\/02f7863d-c0f8-4a63-ab37-0bcf93ce8bd2?autoplay=true&loop=true&muted=true\" loading=\"lazy\" style=\"border: none; position: absolute; top: 0; height: 100%; width: 100%;\" allow=\"accelerometer; gyroscope; autoplay; encrypted-media; picture-in-picture;\" allowfullscreen=\"true\"><\/iframe><\/div><\/div>\n\t\t\t\t<\/div>\n\t\t\t\t<\/div>\n\t\t\t\t\t<\/div>\n\t\t<\/div>\n\t\t\t\t\t<\/div>\n\t\t<\/section>\n\t\t\t\t<section class=\"elementor-section elementor-top-section elementor-element elementor-element-a1fe5e1 elementor-section-boxed elementor-section-height-default elementor-section-height-default\" data-id=\"a1fe5e1\" data-element_type=\"section\">\n\t\t\t\t\t\t<div class=\"elementor-container elementor-column-gap-default\">\n\t\t\t\t\t<div class=\"elementor-column elementor-col-100 elementor-top-column elementor-element elementor-element-5e6c2ab3\" data-id=\"5e6c2ab3\" data-element_type=\"column\">\n\t\t\t<div class=\"elementor-widget-wrap elementor-element-populated\">\n\t\t\t\t\t\t<div class=\"elementor-element elementor-element-502f8a2a elementor-widget elementor-widget-accordion\" data-id=\"502f8a2a\" data-element_type=\"widget\" data-widget_type=\"accordion.default\">\n\t\t\t\t<div class=\"elementor-widget-container\">\n\t\t\t<style>\/*! elementor - v3.21.0 - 18-04-2024 *\/\n.elementor-accordion{text-align:start}.elementor-accordion .elementor-accordion-item{border:1px solid #d5d8dc}.elementor-accordion .elementor-accordion-item+.elementor-accordion-item{border-top:none}.elementor-accordion .elementor-tab-title{margin:0;padding:15px 20px;font-weight:700;line-height:1;cursor:pointer;outline:none}.elementor-accordion .elementor-tab-title .elementor-accordion-icon{display:inline-block;width:1.5em}.elementor-accordion .elementor-tab-title .elementor-accordion-icon svg{width:1em;height:1em}.elementor-accordion .elementor-tab-title .elementor-accordion-icon.elementor-accordion-icon-right{float:right;text-align:right}.elementor-accordion .elementor-tab-title .elementor-accordion-icon.elementor-accordion-icon-left{float:left;text-align:left}.elementor-accordion .elementor-tab-title .elementor-accordion-icon .elementor-accordion-icon-closed{display:block}.elementor-accordion .elementor-tab-title .elementor-accordion-icon .elementor-accordion-icon-opened,.elementor-accordion .elementor-tab-title.elementor-active .elementor-accordion-icon-closed{display:none}.elementor-accordion .elementor-tab-title.elementor-active .elementor-accordion-icon-opened{display:block}.elementor-accordion .elementor-tab-content{display:none;padding:15px 20px;border-top:1px solid #d5d8dc}@media (max-width:767px){.elementor-accordion .elementor-tab-title{padding:12px 15px}.elementor-accordion .elementor-tab-title .elementor-accordion-icon{width:1.2em}.elementor-accordion .elementor-tab-content{padding:7px 15px}}.e-con-inner>.elementor-widget-accordion,.e-con>.elementor-widget-accordion{width:var(--container-widget-width);--flex-grow:var(--container-widget-flex-grow)}<\/style>\t\t<div class=\"elementor-accordion\">\n\t\t\t\t\t\t\t<div class=\"elementor-accordion-item\">\n\t\t\t\t\t<div id=\"elementor-tab-title-1341\" class=\"elementor-tab-title\" data-tab=\"1\" role=\"button\" aria-controls=\"elementor-tab-content-1341\" aria-expanded=\"false\">\n\t\t\t\t\t\t\t\t\t\t\t\t\t<span class=\"elementor-accordion-icon elementor-accordion-icon-left\" aria-hidden=\"true\">\n\t\t\t\t\t\t\t\t\t\t\t\t\t\t\t<span class=\"elementor-accordion-icon-closed\"><i class=\"fas fa-chevron-down\"><\/i><\/span>\n\t\t\t\t\t\t\t\t<span class=\"elementor-accordion-icon-opened\"><i class=\"fas fa-chevron-up\"><\/i><\/span>\n\t\t\t\t\t\t\t\t\t\t\t\t\t\t<\/span>\n\t\t\t\t\t\t\t\t\t\t\t\t<a class=\"elementor-accordion-title\" tabindex=\"0\">Jellemz\u0151k<\/a>\n\t\t\t\t\t<\/div>\n\t\t\t\t\t<div id=\"elementor-tab-content-1341\" class=\"elementor-tab-content elementor-clearfix\" data-tab=\"1\" role=\"region\" aria-labelledby=\"elementor-tab-title-1341\"><p>A klip m\u00e9rete: 3,5 cm x 1 cm<\/p><p>LED \u00e9g\u0151k sz\u00e1ma: 40<\/p><p>A csipeszek sz\u00edne: \u00e1tl\u00e1tsz\u00f3<\/p><p>A f\u00e9ny sz\u00edne: meleg feh\u00e9r<\/p><p>Hossz: 6 m<\/p><p>Anyaga: PVC, r\u00e9zhuzal<\/p><p>T\u00f6lt\u00e9s: USB<\/p><\/div>\n\t\t\t\t<\/div>\n\t\t\t\t\t\t\t<div class=\"elementor-accordion-item\">\n\t\t\t\t\t<div id=\"elementor-tab-title-1342\" class=\"elementor-tab-title\" data-tab=\"2\" role=\"button\" aria-controls=\"elementor-tab-content-1342\" aria-expanded=\"false\">\n\t\t\t\t\t\t\t\t\t\t\t\t\t<span class=\"elementor-accordion-icon elementor-accordion-icon-left\" aria-hidden=\"true\">\n\t\t\t\t\t\t\t\t\t\t\t\t\t\t\t<span class=\"elementor-accordion-icon-closed\"><i class=\"fas fa-chevron-down\"><\/i><\/span>\n\t\t\t\t\t\t\t\t<span class=\"elementor-accordion-icon-opened\"><i class=\"fas fa-chevron-up\"><\/i><\/span>\n\t\t\t\t\t\t\t\t\t\t\t\t\t\t<\/span>\n\t\t\t\t\t\t\t\t\t\t\t\t<a class=\"elementor-accordion-title\" tabindex=\"0\">Haszn\u00e1lati utas\u00edt\u00e1s<\/a>\n\t\t\t\t\t<\/div>\n\t\t\t\t\t<div id=\"elementor-tab-content-1342\" class=\"elementor-tab-content elementor-clearfix\" data-tab=\"2\" role=\"region\" aria-labelledby=\"elementor-tab-title-1342\"><ul><li>Csatlakoztassa a l\u00e1mp\u00e1kat \u00e1ramforr\u00e1shoz, \u00e9s nyomja meg a bekapcsol\u00f3gombot<\/li><li>A l\u00e1mp\u00e1knak \u00e1lland\u00f3an \u00e1ramforr\u00e1shoz kell csatlakoztatva lenni\u00fck a m\u0171k\u00f6d\u00e9shez.<\/li><\/ul><\/div>\n\t\t\t\t<\/div>\n\t\t\t\t\t\t\t\t<\/div>\n\t\t\t\t<\/div>\n\t\t\t\t<\/div>\n\t\t\t\t\t<\/div>\n\t\t<\/div>\n\t\t\t\t\t<\/div>\n\t\t<\/section>\n\t\t\t\t<\/div>\n\t\t","protected":false},"excerpt":{"rendered":"<p>Akassza fel kedvenc eml\u00e9keit!<\/p>\n<ul>\n<li>6 m\u00e9ter<\/li>\n<li>40 LED f\u00e9ny<\/li>\n<\/ul>\n","protected":false},"featured_media":238254,"comment_status":"closed","ping_status":"closed","template":"","meta":[],"product_cat":[68,505,504,516],"product_tag":[664,665,666],"aioseo_notices":[],"_links":{"self":[{"href":"https:\/\/spinlama.com\/hu\/wp-json\/wp\/v2\/product\/238269"}],"collection":[{"href":"https:\/\/spinlama.com\/hu\/wp-json\/wp\/v2\/product"}],"about":[{"href":"https:\/\/spinlama.com\/hu\/wp-json\/wp\/v2\/types\/product"}],"replies":[{"embeddable":true,"href":"https:\/\/spinlama.com\/hu\/wp-json\/wp\/v2\/comments?post=238269"}],"version-history":[{"count":7,"href":"https:\/\/spinlama.com\/hu\/wp-json\/wp\/v2\/product\/238269\/revisions"}],"predecessor-version":[{"id":238448,"href":"https:\/\/spinlama.com\/hu\/wp-json\/wp\/v2\/product\/238269\/revisions\/238448"}],"wp:featuredmedia":[{"embeddable":true,"href":"https:\/\/spinlama.com\/hu\/wp-json\/wp\/v2\/media\/238254"}],"wp:attachment":[{"href":"https:\/\/spinlama.com\/hu\/wp-json\/wp\/v2\/media?parent=238269"}],"wp:term":[{"taxonomy":"product_cat","embeddable":true,"href":"https:\/\/spinlama.com\/hu\/wp-json\/wp\/v2\/product_cat?post=238269"},{"taxonomy":"product_tag","embeddable":true,"href":"https:\/\/spinlama.com\/hu\/wp-json\/wp\/v2\/product_tag?post=238269"}],"curies":[{"name":"wp","href":"https:\/\/api.w.org\/{rel}","templated":true}]}}