{"id":239352,"date":"2024-03-27T13:55:54","date_gmt":"2024-03-27T12:55:54","guid":{"rendered":"https:\/\/spinlama.com\/hu\/?post_type=product&#038;p=239352"},"modified":"2024-09-26T14:10:08","modified_gmt":"2024-09-26T12:10:08","slug":"solar-fountain","status":"publish","type":"product","link":"https:\/\/spinlama.com\/hu\/termek\/solar-fountain\/","title":{"rendered":"Solar Fountain &#8211; Napk\u00fat"},"content":{"rendered":"\t\t<div data-elementor-type=\"product-post\" data-elementor-id=\"239352\" class=\"elementor elementor-239352\" data-elementor-post-type=\"product\">\n\t\t\t\t\t\t<section class=\"elementor-section elementor-top-section elementor-element elementor-element-336cb97 elementor-section-boxed elementor-section-height-default elementor-section-height-default\" data-id=\"336cb97\" data-element_type=\"section\">\n\t\t\t\t\t\t<div class=\"elementor-container elementor-column-gap-default\">\n\t\t\t\t\t<div class=\"elementor-column elementor-col-50 elementor-top-column elementor-element elementor-element-6adeb8e\" data-id=\"6adeb8e\" data-element_type=\"column\">\n\t\t\t<div class=\"elementor-widget-wrap elementor-element-populated\">\n\t\t\t\t\t\t<div class=\"elementor-element elementor-element-161c7c9 elementor-widget elementor-widget-heading\" data-id=\"161c7c9\" data-element_type=\"widget\" data-widget_type=\"heading.default\">\n\t\t\t\t<div class=\"elementor-widget-container\">\n\t\t\t<style>\/*! elementor - v3.21.0 - 18-04-2024 *\/\n.elementor-heading-title{padding:0;margin:0;line-height:1}.elementor-widget-heading .elementor-heading-title[class*=elementor-size-]>a{color:inherit;font-size:inherit;line-height:inherit}.elementor-widget-heading .elementor-heading-title.elementor-size-small{font-size:15px}.elementor-widget-heading .elementor-heading-title.elementor-size-medium{font-size:19px}.elementor-widget-heading .elementor-heading-title.elementor-size-large{font-size:29px}.elementor-widget-heading .elementor-heading-title.elementor-size-xl{font-size:39px}.elementor-widget-heading .elementor-heading-title.elementor-size-xxl{font-size:59px}<\/style><h2 class=\"elementor-heading-title elementor-size-default\">Nincs k\u00f6lts\u00e9g!<\/h2>\t\t<\/div>\n\t\t\t\t<\/div>\n\t\t\t\t<div class=\"elementor-element elementor-element-db9fa74 elementor-widget elementor-widget-text-editor\" data-id=\"db9fa74\" data-element_type=\"widget\" data-widget_type=\"text-editor.default\">\n\t\t\t\t<div class=\"elementor-widget-container\">\n\t\t\t<style>\/*! elementor - v3.21.0 - 18-04-2024 *\/\n.elementor-widget-text-editor.elementor-drop-cap-view-stacked .elementor-drop-cap{background-color:#69727d;color:#fff}.elementor-widget-text-editor.elementor-drop-cap-view-framed .elementor-drop-cap{color:#69727d;border:3px solid;background-color:transparent}.elementor-widget-text-editor:not(.elementor-drop-cap-view-default) .elementor-drop-cap{margin-top:8px}.elementor-widget-text-editor:not(.elementor-drop-cap-view-default) .elementor-drop-cap-letter{width:1em;height:1em}.elementor-widget-text-editor .elementor-drop-cap{float:left;text-align:center;line-height:1;font-size:50px}.elementor-widget-text-editor .elementor-drop-cap-letter{display:inline-block}<\/style>\t\t\t\t<p>Mivel nincs sz\u00fcks\u00e9ge elektromos vezet\u00e9kekre a m\u0171k\u00f6d\u00e9s\u00e9hez, b\u00e1rhov\u00e1 elhelyezheti, ahov\u00e1 csak szeretn\u00e9!<\/p><p>Ne feledje, hogy a sz\u00f6k\u0151k\u00fat teljes m\u00e9rt\u00e9kben a napt\u00f3l f\u00fcgg, ez\u00e9rt olyan helyre helyezze, ahol sok napf\u00e9ny \u00e9ri.<\/p>\t\t\t\t\t\t<\/div>\n\t\t\t\t<\/div>\n\t\t\t\t\t<\/div>\n\t\t<\/div>\n\t\t\t\t<div class=\"elementor-column elementor-col-50 elementor-top-column elementor-element elementor-element-bb824ce\" data-id=\"bb824ce\" data-element_type=\"column\">\n\t\t\t<div class=\"elementor-widget-wrap elementor-element-populated\">\n\t\t\t\t\t\t<div class=\"elementor-element elementor-element-74881e2 elementor-arrows-position-inside elementor-pagination-position-outside elementor-widget elementor-widget-image-carousel\" data-id=\"74881e2\" data-element_type=\"widget\" data-settings=\"{&quot;slides_to_show&quot;:&quot;1&quot;,&quot;navigation&quot;:&quot;both&quot;,&quot;autoplay&quot;:&quot;yes&quot;,&quot;pause_on_hover&quot;:&quot;yes&quot;,&quot;pause_on_interaction&quot;:&quot;yes&quot;,&quot;autoplay_speed&quot;:5000,&quot;infinite&quot;:&quot;yes&quot;,&quot;effect&quot;:&quot;slide&quot;,&quot;speed&quot;:500}\" data-widget_type=\"image-carousel.default\">\n\t\t\t\t<div class=\"elementor-widget-container\">\n\t\t\t<style>\/*! elementor - v3.21.0 - 18-04-2024 *\/\n.elementor-widget-image-carousel .swiper,.elementor-widget-image-carousel .swiper-container{position:static}.elementor-widget-image-carousel .swiper-container .swiper-slide figure,.elementor-widget-image-carousel .swiper .swiper-slide figure{line-height:inherit}.elementor-widget-image-carousel .swiper-slide{text-align:center}.elementor-image-carousel-wrapper:not(.swiper-container-initialized):not(.swiper-initialized) .swiper-slide{max-width:calc(100% \/ var(--e-image-carousel-slides-to-show, 3))}<\/style>\t\t<div class=\"elementor-image-carousel-wrapper swiper\" dir=\"ltr\">\n\t\t\t<div class=\"elementor-image-carousel swiper-wrapper\" aria-live=\"off\">\n\t\t\t\t\t\t\t\t<div class=\"swiper-slide\" role=\"group\" aria-roledescription=\"slide\" aria-label=\"1 \/ 4\"><figure class=\"swiper-slide-inner\"><img decoding=\"async\" class=\"swiper-slide-image\" src=\"https:\/\/spinlama.com\/hu\/wp-content\/uploads\/sites\/33\/2024\/03\/SolarFountain-58-800x800.jpg\" alt=\"SolarFountain-58.jpg\" \/><\/figure><\/div><div class=\"swiper-slide\" role=\"group\" aria-roledescription=\"slide\" aria-label=\"2 \/ 4\"><figure class=\"swiper-slide-inner\"><img decoding=\"async\" class=\"swiper-slide-image\" src=\"https:\/\/spinlama.com\/hu\/wp-content\/uploads\/sites\/33\/2024\/03\/Mini-Solar-Water-Fountain-Pool-Pond-Waterfall-Fountain-Garden-Decoration-Outdoor-Bird-Bath-Solar-Powered-Fountain.jpg_Q90.jpg_-800x800.jpg\" alt=\"Mini-Solar-Water-Fountain-Pool-Pond-Waterfall-Fountain-Garden-Decoration-Outdoor-Bird-Bath-Solar-Powered-Fountain.jpg_Q90.jpg_.jpg\" \/><\/figure><\/div><div class=\"swiper-slide\" role=\"group\" aria-roledescription=\"slide\" aria-label=\"3 \/ 4\"><figure class=\"swiper-slide-inner\"><img decoding=\"async\" class=\"swiper-slide-image\" src=\"https:\/\/spinlama.com\/hu\/wp-content\/uploads\/sites\/33\/2024\/03\/Hac3fb81124d3458499faa1ceaaec007dI-800x800.jpg\" alt=\"Hac3fb81124d3458499faa1ceaaec007dI.jpg\" \/><\/figure><\/div><div class=\"swiper-slide\" role=\"group\" aria-roledescription=\"slide\" aria-label=\"4 \/ 4\"><figure class=\"swiper-slide-inner\"><img decoding=\"async\" class=\"swiper-slide-image\" src=\"https:\/\/spinlama.com\/hu\/wp-content\/uploads\/sites\/33\/2024\/03\/Hfea2032b0afa4a5aa6fda3f660409823d-800x800.jpg\" alt=\"Hfea2032b0afa4a5aa6fda3f660409823d.jpg\" \/><\/figure><\/div>\t\t\t<\/div>\n\t\t\t\t\t\t\t\t\t\t\t\t<div class=\"elementor-swiper-button elementor-swiper-button-prev\" role=\"button\" tabindex=\"0\">\n\t\t\t\t\t\t<i aria-hidden=\"true\" class=\"eicon-chevron-left\"><\/i>\t\t\t\t\t<\/div>\n\t\t\t\t\t<div class=\"elementor-swiper-button elementor-swiper-button-next\" role=\"button\" tabindex=\"0\">\n\t\t\t\t\t\t<i aria-hidden=\"true\" class=\"eicon-chevron-right\"><\/i>\t\t\t\t\t<\/div>\n\t\t\t\t\n\t\t\t\t\t\t\t\t\t<div class=\"swiper-pagination\"><\/div>\n\t\t\t\t\t\t\t\t\t<\/div>\n\t\t\t\t<\/div>\n\t\t\t\t<\/div>\n\t\t\t\t\t<\/div>\n\t\t<\/div>\n\t\t\t\t\t<\/div>\n\t\t<\/section>\n\t\t\t\t<section class=\"elementor-section elementor-top-section elementor-element elementor-element-0c3ff6d elementor-reverse-mobile elementor-section-boxed elementor-section-height-default elementor-section-height-default\" data-id=\"0c3ff6d\" data-element_type=\"section\">\n\t\t\t\t\t\t<div class=\"elementor-container elementor-column-gap-default\">\n\t\t\t\t\t<div class=\"elementor-column elementor-col-50 elementor-top-column elementor-element elementor-element-de12558\" data-id=\"de12558\" data-element_type=\"column\">\n\t\t\t<div class=\"elementor-widget-wrap elementor-element-populated\">\n\t\t\t\t\t\t<div class=\"elementor-element elementor-element-c3892a2 elementor-arrows-position-inside elementor-pagination-position-outside elementor-widget elementor-widget-image-carousel\" data-id=\"c3892a2\" data-element_type=\"widget\" data-settings=\"{&quot;slides_to_show&quot;:&quot;1&quot;,&quot;navigation&quot;:&quot;both&quot;,&quot;autoplay&quot;:&quot;yes&quot;,&quot;pause_on_hover&quot;:&quot;yes&quot;,&quot;pause_on_interaction&quot;:&quot;yes&quot;,&quot;autoplay_speed&quot;:5000,&quot;infinite&quot;:&quot;yes&quot;,&quot;effect&quot;:&quot;slide&quot;,&quot;speed&quot;:500}\" data-widget_type=\"image-carousel.default\">\n\t\t\t\t<div class=\"elementor-widget-container\">\n\t\t\t\t\t<div class=\"elementor-image-carousel-wrapper swiper\" dir=\"ltr\">\n\t\t\t<div class=\"elementor-image-carousel swiper-wrapper\" aria-live=\"off\">\n\t\t\t\t\t\t\t\t<div class=\"swiper-slide\" role=\"group\" aria-roledescription=\"slide\" aria-label=\"1 \/ 2\"><figure class=\"swiper-slide-inner\"><img decoding=\"async\" class=\"swiper-slide-image\" src=\"https:\/\/spinlama.com\/hu\/wp-content\/uploads\/sites\/33\/2024\/03\/solar-fountain_7-1-800x800.jpg\" alt=\"solar-fountain_7-1.jpg\" \/><\/figure><\/div><div class=\"swiper-slide\" role=\"group\" aria-roledescription=\"slide\" aria-label=\"2 \/ 2\"><figure class=\"swiper-slide-inner\"><img decoding=\"async\" class=\"swiper-slide-image\" src=\"https:\/\/spinlama.com\/hu\/wp-content\/uploads\/sites\/33\/2024\/03\/solar-fountain_8-1-800x800.jpg\" alt=\"solar-fountain_8-1.jpg\" \/><\/figure><\/div>\t\t\t<\/div>\n\t\t\t\t\t\t\t\t\t\t\t\t<div class=\"elementor-swiper-button elementor-swiper-button-prev\" role=\"button\" tabindex=\"0\">\n\t\t\t\t\t\t<i aria-hidden=\"true\" class=\"eicon-chevron-left\"><\/i>\t\t\t\t\t<\/div>\n\t\t\t\t\t<div class=\"elementor-swiper-button elementor-swiper-button-next\" role=\"button\" tabindex=\"0\">\n\t\t\t\t\t\t<i aria-hidden=\"true\" class=\"eicon-chevron-right\"><\/i>\t\t\t\t\t<\/div>\n\t\t\t\t\n\t\t\t\t\t\t\t\t\t<div class=\"swiper-pagination\"><\/div>\n\t\t\t\t\t\t\t\t\t<\/div>\n\t\t\t\t<\/div>\n\t\t\t\t<\/div>\n\t\t\t\t\t<\/div>\n\t\t<\/div>\n\t\t\t\t<div class=\"elementor-column elementor-col-50 elementor-top-column elementor-element elementor-element-0be39a2\" data-id=\"0be39a2\" data-element_type=\"column\">\n\t\t\t<div class=\"elementor-widget-wrap elementor-element-populated\">\n\t\t\t\t\t\t<div class=\"elementor-element elementor-element-e296e25 elementor-widget elementor-widget-text-editor\" data-id=\"e296e25\" data-element_type=\"widget\" data-widget_type=\"text-editor.default\">\n\t\t\t\t<div class=\"elementor-widget-container\">\n\t\t\t\t\t\t\t<p>V\u00e1lasszon <strong>6 k\u00fcl\u00f6nb\u00f6z\u0151 f\u00fav\u00f3ka k\u00f6z\u00fcl<\/strong>, amelyek k\u00fcl\u00f6nb\u00f6z\u0151 form\u00e1kat \u00e9s permetmint\u00e1kat hoznak l\u00e9tre.<\/p>\t\t\t\t\t\t<\/div>\n\t\t\t\t<\/div>\n\t\t\t\t\t<\/div>\n\t\t<\/div>\n\t\t\t\t\t<\/div>\n\t\t<\/section>\n\t\t\t\t<section class=\"elementor-section elementor-top-section elementor-element elementor-element-2eb33f0 elementor-section-boxed elementor-section-height-default elementor-section-height-default\" data-id=\"2eb33f0\" data-element_type=\"section\">\n\t\t\t\t\t\t<div class=\"elementor-container elementor-column-gap-default\">\n\t\t\t\t\t<div class=\"elementor-column elementor-col-50 elementor-top-column elementor-element elementor-element-c354ea5\" data-id=\"c354ea5\" data-element_type=\"column\">\n\t\t\t<div class=\"elementor-widget-wrap elementor-element-populated\">\n\t\t\t\t\t\t<div class=\"elementor-element elementor-element-9d3544e elementor-widget elementor-widget-text-editor\" data-id=\"9d3544e\" data-element_type=\"widget\" data-widget_type=\"text-editor.default\">\n\t\t\t\t<div class=\"elementor-widget-container\">\n\t\t\t\t\t\t\t<p>Amellett, hogy nyugtat\u00f3 hangot ad, a sz\u00f6k\u0151k\u00fat hozz\u00e1j\u00e1rul az \u00f6kosziszt\u00e9ma fenntart\u00e1s\u00e1hoz \u00e9s egy fenntarthat\u00f3bb k\u00f6rnyezet kialak\u00edt\u00e1s\u00e1hoz.\u00a0<\/p>\t\t\t\t\t\t<\/div>\n\t\t\t\t<\/div>\n\t\t\t\t\t<\/div>\n\t\t<\/div>\n\t\t\t\t<div class=\"elementor-column elementor-col-50 elementor-top-column elementor-element elementor-element-f477315\" data-id=\"f477315\" data-element_type=\"column\">\n\t\t\t<div class=\"elementor-widget-wrap elementor-element-populated\">\n\t\t\t\t\t\t<div class=\"elementor-element elementor-element-1ebcbae elementor-arrows-position-inside elementor-pagination-position-outside elementor-widget elementor-widget-image-carousel\" data-id=\"1ebcbae\" data-element_type=\"widget\" data-settings=\"{&quot;slides_to_show&quot;:&quot;1&quot;,&quot;navigation&quot;:&quot;both&quot;,&quot;autoplay&quot;:&quot;yes&quot;,&quot;pause_on_hover&quot;:&quot;yes&quot;,&quot;pause_on_interaction&quot;:&quot;yes&quot;,&quot;autoplay_speed&quot;:5000,&quot;infinite&quot;:&quot;yes&quot;,&quot;effect&quot;:&quot;slide&quot;,&quot;speed&quot;:500}\" data-widget_type=\"image-carousel.default\">\n\t\t\t\t<div class=\"elementor-widget-container\">\n\t\t\t\t\t<div class=\"elementor-image-carousel-wrapper swiper\" dir=\"ltr\">\n\t\t\t<div class=\"elementor-image-carousel swiper-wrapper\" aria-live=\"off\">\n\t\t\t\t\t\t\t\t<div class=\"swiper-slide\" role=\"group\" aria-roledescription=\"slide\" aria-label=\"1 \/ 6\"><figure class=\"swiper-slide-inner\"><img decoding=\"async\" class=\"swiper-slide-image\" src=\"https:\/\/spinlama.com\/hu\/wp-content\/uploads\/sites\/33\/2024\/03\/Sb721b2d5202d42d985c138fede5b4a8aT-800x800.jpg\" alt=\"Sb721b2d5202d42d985c138fede5b4a8aT.jpg\" \/><\/figure><\/div><div class=\"swiper-slide\" role=\"group\" aria-roledescription=\"slide\" aria-label=\"2 \/ 6\"><figure class=\"swiper-slide-inner\"><img decoding=\"async\" class=\"swiper-slide-image\" src=\"https:\/\/spinlama.com\/hu\/wp-content\/uploads\/sites\/33\/2024\/03\/SolarFountain-39-800x800.jpg\" alt=\"SolarFountain-39.jpg\" \/><\/figure><\/div><div class=\"swiper-slide\" role=\"group\" aria-roledescription=\"slide\" aria-label=\"3 \/ 6\"><figure class=\"swiper-slide-inner\"><img decoding=\"async\" class=\"swiper-slide-image\" src=\"https:\/\/spinlama.com\/hu\/wp-content\/uploads\/sites\/33\/2024\/03\/solar-fountain_2-1-800x800.jpg\" alt=\"solar-fountain_2-1.jpg\" \/><\/figure><\/div><div class=\"swiper-slide\" role=\"group\" aria-roledescription=\"slide\" aria-label=\"4 \/ 6\"><figure class=\"swiper-slide-inner\"><img decoding=\"async\" class=\"swiper-slide-image\" src=\"https:\/\/spinlama.com\/hu\/wp-content\/uploads\/sites\/33\/2024\/03\/SolarFountain-38-800x800.jpg\" alt=\"SolarFountain-38.jpg\" \/><\/figure><\/div><div class=\"swiper-slide\" role=\"group\" aria-roledescription=\"slide\" aria-label=\"5 \/ 6\"><figure class=\"swiper-slide-inner\"><img decoding=\"async\" class=\"swiper-slide-image\" src=\"https:\/\/spinlama.com\/hu\/wp-content\/uploads\/sites\/33\/2024\/03\/solar-fountain_4-1-800x800.jpg\" alt=\"solar-fountain_4-1.jpg\" \/><\/figure><\/div><div class=\"swiper-slide\" role=\"group\" aria-roledescription=\"slide\" aria-label=\"6 \/ 6\"><figure class=\"swiper-slide-inner\"><img decoding=\"async\" class=\"swiper-slide-image\" src=\"https:\/\/spinlama.com\/hu\/wp-content\/uploads\/sites\/33\/2024\/03\/main-image-4-800x800.jpg\" alt=\"main-image-4.jpg\" \/><\/figure><\/div>\t\t\t<\/div>\n\t\t\t\t\t\t\t\t\t\t\t\t<div class=\"elementor-swiper-button elementor-swiper-button-prev\" role=\"button\" tabindex=\"0\">\n\t\t\t\t\t\t<i aria-hidden=\"true\" class=\"eicon-chevron-left\"><\/i>\t\t\t\t\t<\/div>\n\t\t\t\t\t<div class=\"elementor-swiper-button elementor-swiper-button-next\" role=\"button\" tabindex=\"0\">\n\t\t\t\t\t\t<i aria-hidden=\"true\" class=\"eicon-chevron-right\"><\/i>\t\t\t\t\t<\/div>\n\t\t\t\t\n\t\t\t\t\t\t\t\t\t<div class=\"swiper-pagination\"><\/div>\n\t\t\t\t\t\t\t\t\t<\/div>\n\t\t\t\t<\/div>\n\t\t\t\t<\/div>\n\t\t\t\t\t<\/div>\n\t\t<\/div>\n\t\t\t\t\t<\/div>\n\t\t<\/section>\n\t\t\t\t<section class=\"elementor-section elementor-top-section elementor-element elementor-element-a89f515 elementor-section-boxed elementor-section-height-default elementor-section-height-default\" data-id=\"a89f515\" data-element_type=\"section\">\n\t\t\t\t\t\t<div class=\"elementor-container elementor-column-gap-default\">\n\t\t\t\t\t<div class=\"elementor-column elementor-col-100 elementor-top-column elementor-element elementor-element-98b82a5\" data-id=\"98b82a5\" data-element_type=\"column\">\n\t\t\t<div class=\"elementor-widget-wrap elementor-element-populated\">\n\t\t\t\t\t\t<div class=\"elementor-element elementor-element-4afa86f elementor-widget elementor-widget-accordion\" data-id=\"4afa86f\" data-element_type=\"widget\" data-widget_type=\"accordion.default\">\n\t\t\t\t<div class=\"elementor-widget-container\">\n\t\t\t<style>\/*! elementor - v3.21.0 - 18-04-2024 *\/\n.elementor-accordion{text-align:start}.elementor-accordion .elementor-accordion-item{border:1px solid #d5d8dc}.elementor-accordion .elementor-accordion-item+.elementor-accordion-item{border-top:none}.elementor-accordion .elementor-tab-title{margin:0;padding:15px 20px;font-weight:700;line-height:1;cursor:pointer;outline:none}.elementor-accordion .elementor-tab-title .elementor-accordion-icon{display:inline-block;width:1.5em}.elementor-accordion .elementor-tab-title .elementor-accordion-icon svg{width:1em;height:1em}.elementor-accordion .elementor-tab-title .elementor-accordion-icon.elementor-accordion-icon-right{float:right;text-align:right}.elementor-accordion .elementor-tab-title .elementor-accordion-icon.elementor-accordion-icon-left{float:left;text-align:left}.elementor-accordion .elementor-tab-title .elementor-accordion-icon .elementor-accordion-icon-closed{display:block}.elementor-accordion .elementor-tab-title .elementor-accordion-icon .elementor-accordion-icon-opened,.elementor-accordion .elementor-tab-title.elementor-active .elementor-accordion-icon-closed{display:none}.elementor-accordion .elementor-tab-title.elementor-active .elementor-accordion-icon-opened{display:block}.elementor-accordion .elementor-tab-content{display:none;padding:15px 20px;border-top:1px solid #d5d8dc}@media (max-width:767px){.elementor-accordion .elementor-tab-title{padding:12px 15px}.elementor-accordion .elementor-tab-title .elementor-accordion-icon{width:1.2em}.elementor-accordion .elementor-tab-content{padding:7px 15px}}.e-con-inner>.elementor-widget-accordion,.e-con>.elementor-widget-accordion{width:var(--container-widget-width);--flex-grow:var(--container-widget-flex-grow)}<\/style>\t\t<div class=\"elementor-accordion\">\n\t\t\t\t\t\t\t<div class=\"elementor-accordion-item\">\n\t\t\t\t\t<div id=\"elementor-tab-title-7861\" class=\"elementor-tab-title\" data-tab=\"1\" role=\"button\" aria-controls=\"elementor-tab-content-7861\" aria-expanded=\"false\">\n\t\t\t\t\t\t\t\t\t\t\t\t\t<span class=\"elementor-accordion-icon elementor-accordion-icon-left\" aria-hidden=\"true\">\n\t\t\t\t\t\t\t\t\t\t\t\t\t\t\t<span class=\"elementor-accordion-icon-closed\"><i class=\"fas fa-chevron-down\"><\/i><\/span>\n\t\t\t\t\t\t\t\t<span class=\"elementor-accordion-icon-opened\"><i class=\"fas fa-chevron-up\"><\/i><\/span>\n\t\t\t\t\t\t\t\t\t\t\t\t\t\t<\/span>\n\t\t\t\t\t\t\t\t\t\t\t\t<a class=\"elementor-accordion-title\" tabindex=\"0\">Jellemz\u0151k<\/a>\n\t\t\t\t\t<\/div>\n\t\t\t\t\t<div id=\"elementor-tab-content-7861\" class=\"elementor-tab-content elementor-clearfix\" data-tab=\"1\" role=\"region\" aria-labelledby=\"elementor-tab-title-7861\"><p><strong>Anyag<\/strong>: ABS<\/p><p><strong>Sz\u00f6k\u0151k\u00fat \u00e1tm\u00e9r\u0151je<\/strong>: 16 cm<\/p><p><strong>Vastags\u00e1g<\/strong>: 15 mm<\/p><p><strong>Napelem<\/strong>: 7V\/1.4W polikrist\u00e1lyos napelem<\/p><p><strong>V\u00edzszivatty\u00fa<\/strong>: 1W<\/p><p><strong>V\u00edz- \u00e9s nedvess\u00e9gv\u00e9delmi szabv\u00e1ny<\/strong>: IP65<\/p><p><strong>V\u00edz\u00e1raml\u00e1s<\/strong>: 160l\/\u00f3ra<\/p><p><strong>V\u00edzsug\u00e1r magass\u00e1ga:<\/strong><\/p><ul><li>Naps\u00fct\u00e9ses id\u0151ben: 30 &#8211; 60 cm<\/li><li>Felh\u0151s id\u0151j\u00e1r\u00e1s: 10 &#8211; 20 cm<\/li><\/ul><p><strong>A csomag tartalma:<\/strong><\/p><ul><li>1x napk\u00fat<\/li><li>1x zacsk\u00f3 f\u00fav\u00f3k\u00e1kkal (8 db)<\/li><\/ul><\/div>\n\t\t\t\t<\/div>\n\t\t\t\t\t\t\t<div class=\"elementor-accordion-item\">\n\t\t\t\t\t<div id=\"elementor-tab-title-7862\" class=\"elementor-tab-title\" data-tab=\"2\" role=\"button\" aria-controls=\"elementor-tab-content-7862\" aria-expanded=\"false\">\n\t\t\t\t\t\t\t\t\t\t\t\t\t<span class=\"elementor-accordion-icon elementor-accordion-icon-left\" aria-hidden=\"true\">\n\t\t\t\t\t\t\t\t\t\t\t\t\t\t\t<span class=\"elementor-accordion-icon-closed\"><i class=\"fas fa-chevron-down\"><\/i><\/span>\n\t\t\t\t\t\t\t\t<span class=\"elementor-accordion-icon-opened\"><i class=\"fas fa-chevron-up\"><\/i><\/span>\n\t\t\t\t\t\t\t\t\t\t\t\t\t\t<\/span>\n\t\t\t\t\t\t\t\t\t\t\t\t<a class=\"elementor-accordion-title\" tabindex=\"0\">Haszn\u00e1lati \u00fatmutat\u00f3<\/a>\n\t\t\t\t\t<\/div>\n\t\t\t\t\t<div id=\"elementor-tab-content-7862\" class=\"elementor-tab-content elementor-clearfix\" data-tab=\"2\" role=\"region\" aria-labelledby=\"elementor-tab-title-7862\"><ol><li>T\u00e1vol\u00edtsa el a napelemet fed\u0151 v\u00e9d\u0151f\u00f3li\u00e1t.<\/li><li>Helyezze a sz\u00f6k\u0151kutat a v\u00edzbe.<\/li><li>Ellen\u0151rizze, hogy a v\u00edz el\u00e9g m\u00e9ly-e, \u00e9s a szivatty\u00fa teljesen a v\u00edz alatt van-e.<\/li><li>Helyezze olyan helyre, ahol teljesen ki van t\u00e9ve a napf\u00e9nynek. Amikor a napelem elegend\u0151 f\u00e9nyt kapott, a sz\u00f6k\u0151k\u00fat elkezd m\u0171k\u00f6dni.<\/li><li>Amikor el\u0151sz\u00f6r helyezi a v\u00edzszivatty\u00fat a v\u00edzbe, leveg\u0151 van benne, ami befoly\u00e1solhatja a permetez\u0151 hat\u00e1st. A f\u00fav\u00f3k\u00e1k felszerel\u00e9se el\u0151tt c\u00e9lszer\u0171 hagyni, hogy a v\u00edzszivatty\u00fa norm\u00e1lisan permetezzen vizet.<\/li><\/ol><p><strong>Tiszt\u00edt\u00e1s:<\/strong><\/p><ul><li>A napelemeket t\u00f6bbsz\u00f6r t\u00f6r\u00f6lje \u00e1t nedves ruh\u00e1val, hogy optimaliz\u00e1lja a napenergia-felv\u00e9tel\u00fcket.<\/li><li>Szedje sz\u00e9t a v\u00edzszivatty\u00fat, \u00e9s tiszt\u00edtsa meg a szennyez\u0151d\u00e9sekt\u0151l, hogy meghosszabb\u00edtsa az \u00e9lettartam\u00e1t.<\/li><\/ul><p><strong>A szerelv\u00e9nyek felszerel\u00e9se:<\/strong><\/p><p><img fetchpriority=\"high\" decoding=\"async\" class=\"alignnone wp-image-314203\" src=\"https:\/\/vivozebra.si\/wp-content\/uploads\/sites\/11\/2023\/06\/solar-fountain_6-800x800.jpg\" alt=\"\" width=\"500\" height=\"500\" \/><\/p><\/div>\n\t\t\t\t<\/div>\n\t\t\t\t\t\t\t<div class=\"elementor-accordion-item\">\n\t\t\t\t\t<div id=\"elementor-tab-title-7863\" class=\"elementor-tab-title\" data-tab=\"3\" role=\"button\" aria-controls=\"elementor-tab-content-7863\" aria-expanded=\"false\">\n\t\t\t\t\t\t\t\t\t\t\t\t\t<span class=\"elementor-accordion-icon elementor-accordion-icon-left\" aria-hidden=\"true\">\n\t\t\t\t\t\t\t\t\t\t\t\t\t\t\t<span class=\"elementor-accordion-icon-closed\"><i class=\"fas fa-chevron-down\"><\/i><\/span>\n\t\t\t\t\t\t\t\t<span class=\"elementor-accordion-icon-opened\"><i class=\"fas fa-chevron-up\"><\/i><\/span>\n\t\t\t\t\t\t\t\t\t\t\t\t\t\t<\/span>\n\t\t\t\t\t\t\t\t\t\t\t\t<a class=\"elementor-accordion-title\" tabindex=\"0\">Figyelmeztet\u00e9sek \u00e9s karbantart\u00e1s<\/a>\n\t\t\t\t\t<\/div>\n\t\t\t\t\t<div id=\"elementor-tab-content-7863\" class=\"elementor-tab-content elementor-clearfix\" data-tab=\"3\" role=\"region\" aria-labelledby=\"elementor-tab-title-7863\"><ul><li>\u00dcgyeljen arra, hogy a sz\u00f6k\u0151kutat el\u00e9g m\u00e9ly v\u00edzbe helyezze, hogy a szivatty\u00fa teljesen v\u00edz alatt legyen. A v\u00edznek legal\u00e1bb 2,5 cm m\u00e9lynek kell lennie.<\/li><li>A napelemeket teljesen ki kell tenni a napnak. \u00dcgyeljen arra, hogy levelek \u00e9s egy\u00e9b t\u00e1rgyak ne \u00e1rny\u00e9kolj\u00e1k be \u0151ket, mert ebben az esetben a sz\u00f6k\u0151k\u00fat nem kap elegend\u0151 f\u00e9nyt.<\/li><li>A sz\u00f6k\u0151k\u00fat csak akkor fog folyamatosan vizet permetezni, ha teljesen ki van t\u00e9ve a napnak. Ha nincs el\u00e9g napf\u00e9ny, el\u0151fordulhat, hogy nem permetez vizet, vagy csak szakaszosan.<\/li><li>Ne hagyja a v\u00edzszivatty\u00fat hossz\u00fa ideig v\u00edz n\u00e9lk\u00fcl, mert ez megr\u00f6vid\u00edtheti az \u00e9lettartam\u00e1t.<\/li><li>Tartsa tiszt\u00e1n a vizet, \u00e9s rendszeresen tiszt\u00edtsa a v\u00edzszivatty\u00fat. Ha szennyez\u0151d\u00e9sek vannak a szivatty\u00faban, az befoly\u00e1solja a szivatty\u00fa norm\u00e1lis m\u0171k\u00f6d\u00e9s\u00e9t.<\/li><li><strong>Ha a szivatty\u00fa nem m\u0171k\u00f6dik, ellen\u0151rizze, hogy a sz\u00f6k\u0151k\u00fat elegend\u0151 napf\u00e9nyt kap-e, elt\u00f6m\u0151d\u00f6tt-e a szivatty\u00fa, vagy t\u00fal alacsony-e a v\u00edzszint.<\/strong><\/li><\/ul><\/div>\n\t\t\t\t<\/div>\n\t\t\t\t\t\t\t\t<\/div>\n\t\t\t\t<\/div>\n\t\t\t\t<\/div>\n\t\t\t\t\t<\/div>\n\t\t<\/div>\n\t\t\t\t\t<\/div>\n\t\t<\/section>\n\t\t\t\t<\/div>\n\t\t","protected":false},"excerpt":{"rendered":"<p>Fenntarthat\u00f3 \u00e9s k\u00f6lts\u00e9ghat\u00e9kony v\u00e1laszt\u00e1s, amely eleganci\u00e1t k\u00f6lcs\u00f6n\u00f6z minden kertnek!<\/p>\n<p>Helyezzen el egy napkollektoros sz\u00f6k\u0151kutat a kertj\u00e9ben, \u00e9s \u00e9lvezze a v\u00edz nyugtat\u00f3 hangj\u00e1t!<\/p>\n","protected":false},"featured_media":239326,"comment_status":"closed","ping_status":"closed","template":"","meta":[],"product_cat":[68,504],"product_tag":[602,603,604,605],"aioseo_notices":[],"_links":{"self":[{"href":"https:\/\/spinlama.com\/hu\/wp-json\/wp\/v2\/product\/239352"}],"collection":[{"href":"https:\/\/spinlama.com\/hu\/wp-json\/wp\/v2\/product"}],"about":[{"href":"https:\/\/spinlama.com\/hu\/wp-json\/wp\/v2\/types\/product"}],"replies":[{"embeddable":true,"href":"https:\/\/spinlama.com\/hu\/wp-json\/wp\/v2\/comments?post=239352"}],"version-history":[{"count":6,"href":"https:\/\/spinlama.com\/hu\/wp-json\/wp\/v2\/product\/239352\/revisions"}],"predecessor-version":[{"id":239358,"href":"https:\/\/spinlama.com\/hu\/wp-json\/wp\/v2\/product\/239352\/revisions\/239358"}],"wp:featuredmedia":[{"embeddable":true,"href":"https:\/\/spinlama.com\/hu\/wp-json\/wp\/v2\/media\/239326"}],"wp:attachment":[{"href":"https:\/\/spinlama.com\/hu\/wp-json\/wp\/v2\/media?parent=239352"}],"wp:term":[{"taxonomy":"product_cat","embeddable":true,"href":"https:\/\/spinlama.com\/hu\/wp-json\/wp\/v2\/product_cat?post=239352"},{"taxonomy":"product_tag","embeddable":true,"href":"https:\/\/spinlama.com\/hu\/wp-json\/wp\/v2\/product_tag?post=239352"}],"curies":[{"name":"wp","href":"https:\/\/api.w.org\/{rel}","templated":true}]}}