{"id":239601,"date":"2024-04-15T12:09:37","date_gmt":"2024-04-15T10:09:37","guid":{"rendered":"https:\/\/spinlama.com\/hu\/?post_type=product&#038;p=239601"},"modified":"2024-09-26T14:08:51","modified_gmt":"2024-09-26T12:08:51","slug":"mini-blender","status":"publish","type":"product","link":"https:\/\/spinlama.com\/hu\/termek\/mini-blender\/","title":{"rendered":"2 az 1-ben Mini Blender &#8211; Vezet\u00e9k n\u00e9lk\u00fcli hordozhat\u00f3 turmixg\u00e9p"},"content":{"rendered":"\t\t<div data-elementor-type=\"product-post\" data-elementor-id=\"239601\" class=\"elementor elementor-239601\" data-elementor-post-type=\"product\">\n\t\t\t\t\t\t<section class=\"elementor-section elementor-top-section elementor-element elementor-element-d0ed8b2 elementor-section-content-middle elementor-reverse-tablet elementor-section-boxed elementor-section-height-default elementor-section-height-default\" data-id=\"d0ed8b2\" data-element_type=\"section\" data-settings=\"{&quot;background_background&quot;:&quot;classic&quot;}\">\n\t\t\t\t\t\t\t<div class=\"elementor-background-overlay\"><\/div>\n\t\t\t\t\t\t\t<div class=\"elementor-container elementor-column-gap-default\">\n\t\t\t\t\t<div class=\"elementor-column elementor-col-100 elementor-top-column elementor-element elementor-element-d842a86\" data-id=\"d842a86\" data-element_type=\"column\">\n\t\t\t<div class=\"elementor-widget-wrap elementor-element-populated\">\n\t\t\t\t\t\t<div class=\"elementor-element elementor-element-5ac6c2a elementor-headline--style-highlight elementor-widget elementor-widget-animated-headline\" data-id=\"5ac6c2a\" data-element_type=\"widget\" data-settings=\"{&quot;highlighted_text&quot;:&quot;b\\u00e1rmikor, b\\u00e1rhol!&quot;,&quot;marker&quot;:&quot;underline&quot;,&quot;headline_style&quot;:&quot;highlight&quot;,&quot;loop&quot;:&quot;yes&quot;,&quot;highlight_animation_duration&quot;:1200,&quot;highlight_iteration_delay&quot;:8000}\" data-widget_type=\"animated-headline.default\">\n\t\t\t\t<div class=\"elementor-widget-container\">\n\t\t\t<link rel=\"stylesheet\" href=\"https:\/\/spinlama.com\/hu\/wp-content\/plugins\/elementor-pro\/assets\/css\/widget-animated-headline.min.css\">\t\t<h3 class=\"elementor-headline\">\n\t\t\t\t\t<span class=\"elementor-headline-plain-text elementor-headline-text-wrapper\">Friss ital - <\/span>\n\t\t\t\t<span class=\"elementor-headline-dynamic-wrapper elementor-headline-text-wrapper\">\n\t\t\t\t\t<span class=\"elementor-headline-dynamic-text elementor-headline-text-active\">b\u00e1rmikor, b\u00e1rhol!<\/span>\n\t\t\t\t<\/span>\n\t\t\t\t<\/h3>\n\t\t\t\t<\/div>\n\t\t\t\t<\/div>\n\t\t\t\t\t<\/div>\n\t\t<\/div>\n\t\t\t\t\t<\/div>\n\t\t<\/section>\n\t\t\t\t<section class=\"elementor-section elementor-top-section elementor-element elementor-element-1d92028 elementor-section-boxed elementor-section-height-default elementor-section-height-default\" data-id=\"1d92028\" data-element_type=\"section\">\n\t\t\t\t\t\t<div class=\"elementor-container elementor-column-gap-default\">\n\t\t\t\t\t<div class=\"elementor-column elementor-col-50 elementor-top-column elementor-element elementor-element-91a82b1\" data-id=\"91a82b1\" data-element_type=\"column\">\n\t\t\t<div class=\"elementor-widget-wrap elementor-element-populated\">\n\t\t\t\t\t\t<div class=\"elementor-element elementor-element-11304b3 elementor-align-left elementor-icon-list--layout-traditional elementor-list-item-link-full_width elementor-widget elementor-widget-icon-list\" data-id=\"11304b3\" data-element_type=\"widget\" data-widget_type=\"icon-list.default\">\n\t\t\t\t<div class=\"elementor-widget-container\">\n\t\t\t<link rel=\"stylesheet\" href=\"https:\/\/spinlama.com\/hu\/wp-content\/plugins\/elementor\/assets\/css\/widget-icon-list.min.css\">\t\t<ul class=\"elementor-icon-list-items\">\n\t\t\t\t\t\t\t<li class=\"elementor-icon-list-item\">\n\t\t\t\t\t\t\t\t\t\t\t<span class=\"elementor-icon-list-icon\">\n\t\t\t\t\t\t\t<i aria-hidden=\"true\" class=\"fas fa-arrow-right\"><\/i>\t\t\t\t\t\t<\/span>\n\t\t\t\t\t\t\t\t\t\t<span class=\"elementor-icon-list-text\">Turmixok, gy\u00fcm\u00f6lcslevek \u00e9s b\u00e9bi\u00e9telek k\u00e9sz\u00edt\u00e9s\u00e9hez<\/span>\n\t\t\t\t\t\t\t\t\t<\/li>\n\t\t\t\t\t\t\t\t<li class=\"elementor-icon-list-item\">\n\t\t\t\t\t\t\t\t\t\t\t<span class=\"elementor-icon-list-icon\">\n\t\t\t\t\t\t\t<i aria-hidden=\"true\" class=\"fas fa-arrow-right\"><\/i>\t\t\t\t\t\t<\/span>\n\t\t\t\t\t\t\t\t\t\t<span class=\"elementor-icon-list-text\">K\u00e9sz\u00edtse el az ital\u00e1t frissen pont azel\u0151tt, hogy meginn\u00e1<\/span>\n\t\t\t\t\t\t\t\t\t<\/li>\n\t\t\t\t\t\t\t\t<li class=\"elementor-icon-list-item\">\n\t\t\t\t\t\t\t\t\t\t\t<span class=\"elementor-icon-list-icon\">\n\t\t\t\t\t\t\t<i aria-hidden=\"true\" class=\"fas fa-arrow-right\"><\/i>\t\t\t\t\t\t<\/span>\n\t\t\t\t\t\t\t\t\t\t<span class=\"elementor-icon-list-text\">A turmix 40 m\u00e1sodperc alatt k\u00e9sz<\/span>\n\t\t\t\t\t\t\t\t\t<\/li>\n\t\t\t\t\t\t\t\t<li class=\"elementor-icon-list-item\">\n\t\t\t\t\t\t\t\t\t\t\t<span class=\"elementor-icon-list-icon\">\n\t\t\t\t\t\t\t<i aria-hidden=\"true\" class=\"fas fa-arrow-right\"><\/i>\t\t\t\t\t\t<\/span>\n\t\t\t\t\t\t\t\t\t\t<span class=\"elementor-icon-list-text\">T\u00f6k\u00e9letes v\u00e1laszt\u00e1s irod\u00e1ba, utaz\u00e1shoz \u00e9s szabadt\u00e9ri tev\u00e9kenys\u00e9gekhez<\/span>\n\t\t\t\t\t\t\t\t\t<\/li>\n\t\t\t\t\t\t\t\t<li class=\"elementor-icon-list-item\">\n\t\t\t\t\t\t\t\t\t\t\t<span class=\"elementor-icon-list-icon\">\n\t\t\t\t\t\t\t<i aria-hidden=\"true\" class=\"fas fa-arrow-right\"><\/i>\t\t\t\t\t\t<\/span>\n\t\t\t\t\t\t\t\t\t\t<span class=\"elementor-icon-list-text\">Egy t\u00f6lt\u00e9ssel ak\u00e1r 10 ital<\/span>\n\t\t\t\t\t\t\t\t\t<\/li>\n\t\t\t\t\t\t\t\t<li class=\"elementor-icon-list-item\">\n\t\t\t\t\t\t\t\t\t\t\t<span class=\"elementor-icon-list-icon\">\n\t\t\t\t\t\t\t<i aria-hidden=\"true\" class=\"fas fa-arrow-right\"><\/i>\t\t\t\t\t\t<\/span>\n\t\t\t\t\t\t\t\t\t\t<span class=\"elementor-icon-list-text\">A turmixg\u00e9p tiszt\u00edt\u00e1sa m\u00e9g sosem volt ilyen egyszer\u0171 <\/span>\n\t\t\t\t\t\t\t\t\t<\/li>\n\t\t\t\t\t\t\t\t<li class=\"elementor-icon-list-item\">\n\t\t\t\t\t\t\t\t\t\t\t<span class=\"elementor-icon-list-icon\">\n\t\t\t\t\t\t\t<i aria-hidden=\"true\" class=\"fas fa-arrow-right\"><\/i>\t\t\t\t\t\t<\/span>\n\t\t\t\t\t\t\t\t\t\t<span class=\"elementor-icon-list-text\">Eg\u00e9szs\u00e9ges \u00e9letm\u00f3d egyszer\u0171bben<\/span>\n\t\t\t\t\t\t\t\t\t<\/li>\n\t\t\t\t\t\t<\/ul>\n\t\t\t\t<\/div>\n\t\t\t\t<\/div>\n\t\t\t\t\t<\/div>\n\t\t<\/div>\n\t\t\t\t<div class=\"elementor-column elementor-col-50 elementor-top-column elementor-element elementor-element-25b2b34\" data-id=\"25b2b34\" data-element_type=\"column\">\n\t\t\t<div class=\"elementor-widget-wrap elementor-element-populated\">\n\t\t\t\t\t\t<div class=\"elementor-element elementor-element-cef18df elementor-widget elementor-widget-image\" data-id=\"cef18df\" data-element_type=\"widget\" data-widget_type=\"image.default\">\n\t\t\t\t<div class=\"elementor-widget-container\">\n\t\t\t<style>\/*! elementor - v3.21.0 - 18-04-2024 *\/\n.elementor-widget-image{text-align:center}.elementor-widget-image a{display:inline-block}.elementor-widget-image a img[src$=\".svg\"]{width:48px}.elementor-widget-image img{vertical-align:middle;display:inline-block}<\/style>\t\t\t\t\t\t\t\t\t\t<img fetchpriority=\"high\" decoding=\"async\" width=\"800\" height=\"800\" src=\"https:\/\/spinlama.com\/hu\/wp-content\/uploads\/sites\/33\/2024\/04\/MiniBlender-3-800x800.jpg\" class=\"attachment-large size-large wp-image-239594\" alt=\"\" srcset=\"https:\/\/spinlama.com\/hu\/wp-content\/uploads\/sites\/33\/2024\/04\/MiniBlender-3-800x800.jpg 800w, https:\/\/spinlama.com\/hu\/wp-content\/uploads\/sites\/33\/2024\/04\/MiniBlender-3-280x280.jpg 280w, https:\/\/spinlama.com\/hu\/wp-content\/uploads\/sites\/33\/2024\/04\/MiniBlender-3-768x768.jpg 768w, https:\/\/spinlama.com\/hu\/wp-content\/uploads\/sites\/33\/2024\/04\/MiniBlender-3-600x600.jpg 600w, https:\/\/spinlama.com\/hu\/wp-content\/uploads\/sites\/33\/2024\/04\/MiniBlender-3-100x100.jpg 100w, https:\/\/spinlama.com\/hu\/wp-content\/uploads\/sites\/33\/2024\/04\/MiniBlender-3.jpg 1080w\" sizes=\"(max-width: 800px) 100vw, 800px\" \/>\t\t\t\t\t\t\t\t\t\t\t\t\t<\/div>\n\t\t\t\t<\/div>\n\t\t\t\t\t<\/div>\n\t\t<\/div>\n\t\t\t\t\t<\/div>\n\t\t<\/section>\n\t\t\t\t<section class=\"elementor-section elementor-top-section elementor-element elementor-element-3c21721 elementor-reverse-mobile elementor-section-boxed elementor-section-height-default elementor-section-height-default\" data-id=\"3c21721\" data-element_type=\"section\">\n\t\t\t\t\t\t<div class=\"elementor-container elementor-column-gap-default\">\n\t\t\t\t\t<div class=\"elementor-column elementor-col-50 elementor-top-column elementor-element elementor-element-5f3a29a\" data-id=\"5f3a29a\" data-element_type=\"column\">\n\t\t\t<div class=\"elementor-widget-wrap elementor-element-populated\">\n\t\t\t\t\t\t<div class=\"elementor-element elementor-element-e2ff990 elementor-widget elementor-widget-image\" data-id=\"e2ff990\" data-element_type=\"widget\" data-widget_type=\"image.default\">\n\t\t\t\t<div class=\"elementor-widget-container\">\n\t\t\t\t\t\t\t\t\t\t\t\t\t<img decoding=\"async\" width=\"800\" height=\"800\" src=\"https:\/\/spinlama.com\/hu\/wp-content\/uploads\/sites\/33\/2024\/04\/MiniBlender-4-800x800.jpg\" class=\"attachment-large size-large wp-image-239595\" alt=\"\" srcset=\"https:\/\/spinlama.com\/hu\/wp-content\/uploads\/sites\/33\/2024\/04\/MiniBlender-4-800x800.jpg 800w, https:\/\/spinlama.com\/hu\/wp-content\/uploads\/sites\/33\/2024\/04\/MiniBlender-4-280x280.jpg 280w, https:\/\/spinlama.com\/hu\/wp-content\/uploads\/sites\/33\/2024\/04\/MiniBlender-4-768x768.jpg 768w, https:\/\/spinlama.com\/hu\/wp-content\/uploads\/sites\/33\/2024\/04\/MiniBlender-4-600x600.jpg 600w, https:\/\/spinlama.com\/hu\/wp-content\/uploads\/sites\/33\/2024\/04\/MiniBlender-4-100x100.jpg 100w, https:\/\/spinlama.com\/hu\/wp-content\/uploads\/sites\/33\/2024\/04\/MiniBlender-4.jpg 1080w\" sizes=\"(max-width: 800px) 100vw, 800px\" \/>\t\t\t\t\t\t\t\t\t\t\t\t\t<\/div>\n\t\t\t\t<\/div>\n\t\t\t\t\t<\/div>\n\t\t<\/div>\n\t\t\t\t<div class=\"elementor-column elementor-col-50 elementor-top-column elementor-element elementor-element-feb58c8\" data-id=\"feb58c8\" data-element_type=\"column\">\n\t\t\t<div class=\"elementor-widget-wrap elementor-element-populated\">\n\t\t\t\t\t\t<div class=\"elementor-element elementor-element-06511c3 elementor-widget elementor-widget-image\" data-id=\"06511c3\" data-element_type=\"widget\" data-widget_type=\"image.default\">\n\t\t\t\t<div class=\"elementor-widget-container\">\n\t\t\t\t\t\t\t\t\t\t\t\t\t<img decoding=\"async\" width=\"800\" height=\"800\" src=\"https:\/\/spinlama.com\/hu\/wp-content\/uploads\/sites\/33\/2024\/04\/MiniBlender-15-800x800.jpg\" class=\"attachment-large size-large wp-image-239596\" alt=\"\" srcset=\"https:\/\/spinlama.com\/hu\/wp-content\/uploads\/sites\/33\/2024\/04\/MiniBlender-15-800x800.jpg 800w, https:\/\/spinlama.com\/hu\/wp-content\/uploads\/sites\/33\/2024\/04\/MiniBlender-15-280x280.jpg 280w, https:\/\/spinlama.com\/hu\/wp-content\/uploads\/sites\/33\/2024\/04\/MiniBlender-15-768x768.jpg 768w, https:\/\/spinlama.com\/hu\/wp-content\/uploads\/sites\/33\/2024\/04\/MiniBlender-15-600x600.jpg 600w, https:\/\/spinlama.com\/hu\/wp-content\/uploads\/sites\/33\/2024\/04\/MiniBlender-15-100x100.jpg 100w, https:\/\/spinlama.com\/hu\/wp-content\/uploads\/sites\/33\/2024\/04\/MiniBlender-15.jpg 1080w\" sizes=\"(max-width: 800px) 100vw, 800px\" \/>\t\t\t\t\t\t\t\t\t\t\t\t\t<\/div>\n\t\t\t\t<\/div>\n\t\t\t\t\t<\/div>\n\t\t<\/div>\n\t\t\t\t\t<\/div>\n\t\t<\/section>\n\t\t\t\t<section class=\"elementor-section elementor-top-section elementor-element elementor-element-fec8805 elementor-reverse-mobile elementor-section-boxed elementor-section-height-default elementor-section-height-default\" data-id=\"fec8805\" data-element_type=\"section\">\n\t\t\t\t\t\t<div class=\"elementor-container elementor-column-gap-default\">\n\t\t\t\t\t<div class=\"elementor-column elementor-col-50 elementor-top-column elementor-element elementor-element-87f6e95\" data-id=\"87f6e95\" data-element_type=\"column\">\n\t\t\t<div class=\"elementor-widget-wrap elementor-element-populated\">\n\t\t\t\t\t\t<div class=\"elementor-element elementor-element-1694eed elementor-widget elementor-widget-shortcode\" data-id=\"1694eed\" data-element_type=\"widget\" data-widget_type=\"shortcode.default\">\n\t\t\t\t<div class=\"elementor-widget-container\">\n\t\t\t\t\t<div class=\"elementor-shortcode\"><div style=\"position: relative; padding-top: 100%;\"><iframe src=\"https:\/\/iframe.mediadelivery.net\/embed\/53604\/df95baa8-28c5-4aba-8b17-a55f0868df90?autoplay=true&loop=true&muted=true\" loading=\"lazy\" style=\"border: none; position: absolute; top: 0; height: 100%; width: 100%;\" allow=\"accelerometer; gyroscope; autoplay; encrypted-media; picture-in-picture;\" allowfullscreen=\"true\"><\/iframe><\/div><\/div>\n\t\t\t\t<\/div>\n\t\t\t\t<\/div>\n\t\t\t\t\t<\/div>\n\t\t<\/div>\n\t\t\t\t<div class=\"elementor-column elementor-col-50 elementor-top-column elementor-element elementor-element-60fec3e\" data-id=\"60fec3e\" data-element_type=\"column\">\n\t\t\t<div class=\"elementor-widget-wrap elementor-element-populated\">\n\t\t\t\t\t\t<div class=\"elementor-element elementor-element-b00b7d8 elementor-widget elementor-widget-image\" data-id=\"b00b7d8\" data-element_type=\"widget\" data-widget_type=\"image.default\">\n\t\t\t\t<div class=\"elementor-widget-container\">\n\t\t\t\t\t\t\t\t\t\t\t\t\t<img loading=\"lazy\" decoding=\"async\" width=\"800\" height=\"800\" src=\"https:\/\/spinlama.com\/hu\/wp-content\/uploads\/sites\/33\/2024\/04\/MiniBlender-26-800x800.jpg\" class=\"attachment-large size-large wp-image-239597\" alt=\"\" srcset=\"https:\/\/spinlama.com\/hu\/wp-content\/uploads\/sites\/33\/2024\/04\/MiniBlender-26-800x800.jpg 800w, https:\/\/spinlama.com\/hu\/wp-content\/uploads\/sites\/33\/2024\/04\/MiniBlender-26-280x280.jpg 280w, https:\/\/spinlama.com\/hu\/wp-content\/uploads\/sites\/33\/2024\/04\/MiniBlender-26-768x768.jpg 768w, https:\/\/spinlama.com\/hu\/wp-content\/uploads\/sites\/33\/2024\/04\/MiniBlender-26-600x600.jpg 600w, https:\/\/spinlama.com\/hu\/wp-content\/uploads\/sites\/33\/2024\/04\/MiniBlender-26-100x100.jpg 100w, https:\/\/spinlama.com\/hu\/wp-content\/uploads\/sites\/33\/2024\/04\/MiniBlender-26.jpg 1080w\" sizes=\"(max-width: 800px) 100vw, 800px\" \/>\t\t\t\t\t\t\t\t\t\t\t\t\t<\/div>\n\t\t\t\t<\/div>\n\t\t\t\t\t<\/div>\n\t\t<\/div>\n\t\t\t\t\t<\/div>\n\t\t<\/section>\n\t\t\t\t<section class=\"elementor-section elementor-top-section elementor-element elementor-element-708823d elementor-section-boxed elementor-section-height-default elementor-section-height-default\" data-id=\"708823d\" data-element_type=\"section\">\n\t\t\t\t\t\t<div class=\"elementor-container elementor-column-gap-default\">\n\t\t\t\t\t<div class=\"elementor-column elementor-col-100 elementor-top-column elementor-element elementor-element-28b34af\" data-id=\"28b34af\" data-element_type=\"column\">\n\t\t\t<div class=\"elementor-widget-wrap elementor-element-populated\">\n\t\t\t\t\t\t<div class=\"elementor-element elementor-element-8aa37da elementor-widget elementor-widget-accordion\" data-id=\"8aa37da\" data-element_type=\"widget\" data-widget_type=\"accordion.default\">\n\t\t\t\t<div class=\"elementor-widget-container\">\n\t\t\t<style>\/*! elementor - v3.21.0 - 18-04-2024 *\/\n.elementor-accordion{text-align:start}.elementor-accordion .elementor-accordion-item{border:1px solid #d5d8dc}.elementor-accordion .elementor-accordion-item+.elementor-accordion-item{border-top:none}.elementor-accordion .elementor-tab-title{margin:0;padding:15px 20px;font-weight:700;line-height:1;cursor:pointer;outline:none}.elementor-accordion .elementor-tab-title .elementor-accordion-icon{display:inline-block;width:1.5em}.elementor-accordion .elementor-tab-title .elementor-accordion-icon svg{width:1em;height:1em}.elementor-accordion .elementor-tab-title .elementor-accordion-icon.elementor-accordion-icon-right{float:right;text-align:right}.elementor-accordion .elementor-tab-title .elementor-accordion-icon.elementor-accordion-icon-left{float:left;text-align:left}.elementor-accordion .elementor-tab-title .elementor-accordion-icon .elementor-accordion-icon-closed{display:block}.elementor-accordion .elementor-tab-title .elementor-accordion-icon .elementor-accordion-icon-opened,.elementor-accordion .elementor-tab-title.elementor-active .elementor-accordion-icon-closed{display:none}.elementor-accordion .elementor-tab-title.elementor-active .elementor-accordion-icon-opened{display:block}.elementor-accordion .elementor-tab-content{display:none;padding:15px 20px;border-top:1px solid #d5d8dc}@media (max-width:767px){.elementor-accordion .elementor-tab-title{padding:12px 15px}.elementor-accordion .elementor-tab-title .elementor-accordion-icon{width:1.2em}.elementor-accordion .elementor-tab-content{padding:7px 15px}}.e-con-inner>.elementor-widget-accordion,.e-con>.elementor-widget-accordion{width:var(--container-widget-width);--flex-grow:var(--container-widget-flex-grow)}<\/style>\t\t<div class=\"elementor-accordion\">\n\t\t\t\t\t\t\t<div class=\"elementor-accordion-item\">\n\t\t\t\t\t<div id=\"elementor-tab-title-1451\" class=\"elementor-tab-title\" data-tab=\"1\" role=\"button\" aria-controls=\"elementor-tab-content-1451\" aria-expanded=\"false\">\n\t\t\t\t\t\t\t\t\t\t\t\t\t<span class=\"elementor-accordion-icon elementor-accordion-icon-left\" aria-hidden=\"true\">\n\t\t\t\t\t\t\t\t\t\t\t\t\t\t\t<span class=\"elementor-accordion-icon-closed\"><i class=\"fas fa-chevron-down\"><\/i><\/span>\n\t\t\t\t\t\t\t\t<span class=\"elementor-accordion-icon-opened\"><i class=\"fas fa-chevron-up\"><\/i><\/span>\n\t\t\t\t\t\t\t\t\t\t\t\t\t\t<\/span>\n\t\t\t\t\t\t\t\t\t\t\t\t<a class=\"elementor-accordion-title\" tabindex=\"0\">Jellemz\u0151k<\/a>\n\t\t\t\t\t<\/div>\n\t\t\t\t\t<div id=\"elementor-tab-content-1451\" class=\"elementor-tab-content elementor-clearfix\" data-tab=\"1\" role=\"region\" aria-labelledby=\"elementor-tab-title-1451\"><p><strong>Anyag<\/strong>: ABS, PC<\/p><p><strong>M\u00e9ret<\/strong>: 75 x 75 x 223 mm<\/p><p><strong>Sz\u00edn<\/strong>: feh\u00e9r, r\u00f3zsasz\u00edn, lila, k\u00e9k<\/p><p><strong>Kapacit\u00e1s<\/strong>: 420 ml<\/p><p><strong>Sebess\u00e9g<\/strong>: 20000 fordulat\/perc<\/p><p><strong>Akkumul\u00e1tor<\/strong>: 1200 mAh<\/p><p><strong>Peng\u00e9k sz\u00e1ma:<\/strong> 6<\/p><p><strong>T\u00f6lt\u00e9si id\u0151:<\/strong> 4 &#8211; 6 \u00f3ra<\/p><p><strong>USB-t\u00f6lt\u00e9s<\/strong><\/p><p><strong>A csomagban a k\u00f6vetkez\u0151ket tal\u00e1lja:<\/strong><\/p><ul><li>1x mini turmixg\u00e9p Mini Blender<\/li><li>USB t\u00f6lt\u0151k\u00e1bel<\/li><\/ul><\/div>\n\t\t\t\t<\/div>\n\t\t\t\t\t\t\t<div class=\"elementor-accordion-item\">\n\t\t\t\t\t<div id=\"elementor-tab-title-1452\" class=\"elementor-tab-title\" data-tab=\"2\" role=\"button\" aria-controls=\"elementor-tab-content-1452\" aria-expanded=\"false\">\n\t\t\t\t\t\t\t\t\t\t\t\t\t<span class=\"elementor-accordion-icon elementor-accordion-icon-left\" aria-hidden=\"true\">\n\t\t\t\t\t\t\t\t\t\t\t\t\t\t\t<span class=\"elementor-accordion-icon-closed\"><i class=\"fas fa-chevron-down\"><\/i><\/span>\n\t\t\t\t\t\t\t\t<span class=\"elementor-accordion-icon-opened\"><i class=\"fas fa-chevron-up\"><\/i><\/span>\n\t\t\t\t\t\t\t\t\t\t\t\t\t\t<\/span>\n\t\t\t\t\t\t\t\t\t\t\t\t<a class=\"elementor-accordion-title\" tabindex=\"0\">Haszn\u00e1lati \u00fatmutat\u00f3<\/a>\n\t\t\t\t\t<\/div>\n\t\t\t\t\t<div id=\"elementor-tab-content-1452\" class=\"elementor-tab-content elementor-clearfix\" data-tab=\"2\" role=\"region\" aria-labelledby=\"elementor-tab-title-1452\"><ul><li>Els\u0151 haszn\u00e1lat el\u0151tt t\u00f6ltse fel a mell\u00e9kelt USB-k\u00e1bellel. T\u00f6lt\u00e9s k\u00f6zben piros f\u00e9ny vil\u00e1g\u00edt. Amikor a l\u00e1mpa f\u00e9nye k\u00e9kre v\u00e1lt, a turmixg\u00e9p felt\u00f6lt\u00f6tt.<\/li><li>Els\u0151 haszn\u00e1lat el\u0151tt \u00f6bl\u00edtse el v\u00edz alatt.<\/li><li>Helyezze az palackot a turmixg\u00e9p alj\u00e1ra.<\/li><li>Mossa meg a gy\u00fcm\u00f6lcs\u00f6t vagy z\u00f6lds\u00e9get, \u00e9s v\u00e1gja min\u00e9l kisebb kock\u00e1kra (kb. 1 cm).<\/li><li>Helyezze a darabokat az palackba, \u00e9s t\u00f6lts\u00f6n hozz\u00e1 valamilyen folyad\u00e9kot, \u00e9s z\u00e1rja le a fedelet.<\/li><li>Ne t\u00f6lts\u00f6n 300 ml-n\u00e9l t\u00f6bb folyad\u00e9kot a palackba, ez k\u00f6r\u00fclbel\u00fcl a palack \u00be r\u00e9sz\u00e9t jelenti. A folyad\u00e9k h\u0151m\u00e9rs\u00e9klete nem haladhatja meg a 40 \u00b0C-ot.<\/li><li>Kem\u00e9ny gy\u00fcm\u00f6lcs\u00f6kb\u0151l \u00e9s z\u00f6lds\u00e9gekb\u0151l (pl. s\u00e1rgar\u00e9pa) egyszerre legfeljebb 50 g-ot tegyen a turmixg\u00e9pbe.<\/li><li>D\u00f6ntse meg a turmixg\u00e9pet 45\u00b0-al, \u00e9s nyomja meg k\u00e9tszer a bekapcsol\u00f3gombot. Kever\u00e9s k\u00f6zben r\u00e1zhatja is, hogy az \u00f6sszetev\u0151k jobban \u00f6sszekeveredjenek.<\/li><li>A turmixg\u00e9p 20-30 m\u00e1sodperc m\u00falva automatikusan kikapcsol.<\/li><li>Vegye le a kupakot, \u00e9s t\u00f6ltse az elk\u00e9sz\u00fclt italt egy poh\u00e1rba.\u00a0<\/li><\/ul><p><strong>Tiszt\u00edt\u00e1s:<\/strong><\/p><ul><li>Tegyen egy kis vizet a turmixg\u00e9pbe (ha szeretn\u00e9, adhat hozz\u00e1 n\u00e9h\u00e1ny csepp mosogat\u00f3szert is), \u00e9s kapcsolja be. \u00d6bl\u00edtse el a peng\u00e9ket foly\u00f3 v\u00edz alatt.<\/li><li>A fels\u0151 m\u0171anyag tart\u00e1ly mosogat\u00f3g\u00e9pben moshat\u00f3 (legfeljebb 60\u00b0C-on).<\/li><\/ul><\/div>\n\t\t\t\t<\/div>\n\t\t\t\t\t\t\t<div class=\"elementor-accordion-item\">\n\t\t\t\t\t<div id=\"elementor-tab-title-1453\" class=\"elementor-tab-title\" data-tab=\"3\" role=\"button\" aria-controls=\"elementor-tab-content-1453\" aria-expanded=\"false\">\n\t\t\t\t\t\t\t\t\t\t\t\t\t<span class=\"elementor-accordion-icon elementor-accordion-icon-left\" aria-hidden=\"true\">\n\t\t\t\t\t\t\t\t\t\t\t\t\t\t\t<span class=\"elementor-accordion-icon-closed\"><i class=\"fas fa-chevron-down\"><\/i><\/span>\n\t\t\t\t\t\t\t\t<span class=\"elementor-accordion-icon-opened\"><i class=\"fas fa-chevron-up\"><\/i><\/span>\n\t\t\t\t\t\t\t\t\t\t\t\t\t\t<\/span>\n\t\t\t\t\t\t\t\t\t\t\t\t<a class=\"elementor-accordion-title\" tabindex=\"0\">Figyelmeztet\u00e9sek<\/a>\n\t\t\t\t\t<\/div>\n\t\t\t\t\t<div id=\"elementor-tab-content-1453\" class=\"elementor-tab-content elementor-clearfix\" data-tab=\"3\" role=\"region\" aria-labelledby=\"elementor-tab-title-1453\"><ul><li>A turmixg\u00e9pbe legfeljebb 300 ml folyad\u00e9kot tegyen, vagy legfeljebb az \u00fcveg \u00be-\u00e9ig t\u00f6ltse meg.<\/li><li>A turmixg\u00e9pet legfeljebb 4 alkalommal lehet egym\u00e1s ut\u00e1n m\u0171k\u00f6dtetni.<\/li><li>Ha \u00fagy \u00e9rzi, hogy a turmixg\u00e9p alja t\u00fal forr\u00f3, v\u00e1rjon 30 percet az \u00fajb\u00f3li haszn\u00e1lat el\u0151tt.<\/li><li>NE nyissa ki a fedelet a turmixg\u00e9p m\u0171k\u00f6d\u00e9se k\u00f6zben.<\/li><li>Ne ny\u00faljon bele k\u00e9zzel a turmixg\u00e9pbe, \u00e9s ne hagyjon benne szil\u00e1rd t\u00e1rgyakat m\u0171k\u00f6d\u00e9s k\u00f6zben.<\/li><li>Ne haszn\u00e1lja a turmixg\u00e9pet di\u00f3f\u00e9l\u00e9k vagy h\u00fas turmixol\u00e1s\u00e1ra.<\/li><li>Az elk\u00e9sz\u00edtett italt ne tartsa a palackban 6 \u00f3r\u00e1n\u00e1l tov\u00e1bb.<\/li><li>Soha ne \u00f6nts\u00f6n forr\u00f3 folyad\u00e9kot a turmixg\u00e9pbe. A h\u0151m\u00e9rs\u00e9klet nem haladhatja meg a 40\u00b0C-ot.<\/li><li>Az akkumul\u00e1tor \u00e9lettartam\u00e1nak meghosszabb\u00edt\u00e1sa \u00e9rdek\u00e9ben legal\u00e1bb 3 havonta egyszer t\u00f6ltse fel.<\/li><li>A turmixg\u00e9p biztons\u00e1gi funkci\u00f3val rendelkezik &#8211; ha helyesen tette r\u00e1 a palackot, a l\u00e1mpa k\u00e9k sz\u00ednnel villog, \u00e9s haszn\u00e1latra k\u00e9sz. Ellenkez\u0151 esetben a l\u00e1mpa pirosan villog, \u00e9s a turmixg\u00e9p a bekapcsol\u00f3gomb megnyom\u00e1s\u00e1ra nem indul el.<\/li><li>Ha nagyobb z\u00f6lds\u00e9g- vagy gy\u00fcm\u00f6lcsdarab megakad turmixol\u00e1s k\u00f6zben, a turmixg\u00e9p automatikusan kikapcsol, \u00e9s csak akkor lesz \u00fajra haszn\u00e1lhat\u00f3, ha megtiszt\u00edtja.<\/li><li>A peng\u00e9k tiszt\u00edt\u00e1sakor \u00fcgyeljen a keze \u00e9ps\u00e9g\u00e9re, mivel a peng\u00e9k nagyon \u00e9lesek.<\/li><li>A turmixg\u00e9p tiszt\u00edt\u00e1sakor \u00fcgyeljen r\u00e1, hogy ne \u00e9rje v\u00edz az elektromos r\u00e9szeit.<\/li><li>Gyerekekt\u0151l t\u00e1vol tartand\u00f3.<\/li><\/ul><\/div>\n\t\t\t\t<\/div>\n\t\t\t\t\t\t\t\t<\/div>\n\t\t\t\t<\/div>\n\t\t\t\t<\/div>\n\t\t\t\t\t<\/div>\n\t\t<\/div>\n\t\t\t\t\t<\/div>\n\t\t<\/section>\n\t\t\t\t<\/div>\n\t\t","protected":false},"excerpt":{"rendered":"<p>Turmixg\u00e9p \u00e9s palack egyben az \u00edzletes \u00e9s friss italokhoz &#8211; b\u00e1rhol, b\u00e1rmikor!<\/p>\n<p>4 sz\u00ednben kaphat\u00f3<\/p>\n","protected":false},"featured_media":239579,"comment_status":"closed","ping_status":"closed","template":"","meta":[],"product_cat":[68,504],"product_tag":[590,591,592],"aioseo_notices":[],"_links":{"self":[{"href":"https:\/\/spinlama.com\/hu\/wp-json\/wp\/v2\/product\/239601"}],"collection":[{"href":"https:\/\/spinlama.com\/hu\/wp-json\/wp\/v2\/product"}],"about":[{"href":"https:\/\/spinlama.com\/hu\/wp-json\/wp\/v2\/types\/product"}],"replies":[{"embeddable":true,"href":"https:\/\/spinlama.com\/hu\/wp-json\/wp\/v2\/comments?post=239601"}],"version-history":[{"count":6,"href":"https:\/\/spinlama.com\/hu\/wp-json\/wp\/v2\/product\/239601\/revisions"}],"predecessor-version":[{"id":239611,"href":"https:\/\/spinlama.com\/hu\/wp-json\/wp\/v2\/product\/239601\/revisions\/239611"}],"wp:featuredmedia":[{"embeddable":true,"href":"https:\/\/spinlama.com\/hu\/wp-json\/wp\/v2\/media\/239579"}],"wp:attachment":[{"href":"https:\/\/spinlama.com\/hu\/wp-json\/wp\/v2\/media?parent=239601"}],"wp:term":[{"taxonomy":"product_cat","embeddable":true,"href":"https:\/\/spinlama.com\/hu\/wp-json\/wp\/v2\/product_cat?post=239601"},{"taxonomy":"product_tag","embeddable":true,"href":"https:\/\/spinlama.com\/hu\/wp-json\/wp\/v2\/product_tag?post=239601"}],"curies":[{"name":"wp","href":"https:\/\/api.w.org\/{rel}","templated":true}]}}