{"id":242726,"date":"2024-12-20T14:32:11","date_gmt":"2024-12-20T13:32:11","guid":{"rendered":"https:\/\/spinlama.com\/hu\/?post_type=product&#038;p=242726"},"modified":"2025-02-07T11:44:12","modified_gmt":"2025-02-07T10:44:12","slug":"furry-gloves","status":"publish","type":"product","link":"https:\/\/spinlama.com\/hu\/termek\/furry-gloves\/","title":{"rendered":"[1+1] Furry Gloves &#8211; Ujjatlan keszty\u0171"},"content":{"rendered":"\t\t<div data-elementor-type=\"product-post\" data-elementor-id=\"242726\" class=\"elementor elementor-242726\" data-elementor-post-type=\"product\">\n\t\t\t\t\t\t<section class=\"elementor-section elementor-top-section elementor-element elementor-element-0b4ccdf elementor-section-boxed elementor-section-height-default elementor-section-height-default\" data-id=\"0b4ccdf\" data-element_type=\"section\">\n\t\t\t\t\t\t<div class=\"elementor-container elementor-column-gap-default\">\n\t\t\t\t\t<div class=\"elementor-column elementor-col-50 elementor-top-column elementor-element elementor-element-dc4b5ef\" data-id=\"dc4b5ef\" data-element_type=\"column\">\n\t\t\t<div class=\"elementor-widget-wrap elementor-element-populated\">\n\t\t\t\t\t\t<div class=\"elementor-element elementor-element-92e60e8 elementor-align-left elementor-icon-list--layout-traditional elementor-list-item-link-full_width elementor-widget elementor-widget-icon-list\" data-id=\"92e60e8\" data-element_type=\"widget\" data-widget_type=\"icon-list.default\">\n\t\t\t\t<div class=\"elementor-widget-container\">\n\t\t\t<link rel=\"stylesheet\" href=\"https:\/\/spinlama.com\/hu\/wp-content\/plugins\/elementor\/assets\/css\/widget-icon-list.min.css\">\t\t<ul class=\"elementor-icon-list-items\">\n\t\t\t\t\t\t\t<li class=\"elementor-icon-list-item\">\n\t\t\t\t\t\t\t\t\t\t\t<span class=\"elementor-icon-list-icon\">\n\t\t\t\t\t\t\t<i aria-hidden=\"true\" class=\"fas fa-arrow-right\"><\/i>\t\t\t\t\t\t<\/span>\n\t\t\t\t\t\t\t\t\t\t<span class=\"elementor-icon-list-text\">K\u00f6t\u00f6tt keszty\u0171 m\u0171sz\u0151rm\u00e9vel az extra eleganci\u00e1\u00e9rt<\/span>\n\t\t\t\t\t\t\t\t\t<\/li>\n\t\t\t\t\t\t\t\t<li class=\"elementor-icon-list-item\">\n\t\t\t\t\t\t\t\t\t\t\t<span class=\"elementor-icon-list-icon\">\n\t\t\t\t\t\t\t<i aria-hidden=\"true\" class=\"fas fa-arrow-right\"><\/i>\t\t\t\t\t\t<\/span>\n\t\t\t\t\t\t\t\t\t\t<span class=\"elementor-icon-list-text\">Divatos darab, hogy feldobja a t\u00e9li ruhat\u00e1rat<\/span>\n\t\t\t\t\t\t\t\t\t<\/li>\n\t\t\t\t\t\t\t\t<li class=\"elementor-icon-list-item\">\n\t\t\t\t\t\t\t\t\t\t\t<span class=\"elementor-icon-list-icon\">\n\t\t\t\t\t\t\t<i aria-hidden=\"true\" class=\"fas fa-arrow-right\"><\/i>\t\t\t\t\t\t<\/span>\n\t\t\t\t\t\t\t\t\t\t<span class=\"elementor-icon-list-text\">K\u00f6nnyen haszn\u00e1lhat\u00f3 vele a telefon<\/span>\n\t\t\t\t\t\t\t\t\t<\/li>\n\t\t\t\t\t\t\t\t<li class=\"elementor-icon-list-item\">\n\t\t\t\t\t\t\t\t\t\t\t<span class=\"elementor-icon-list-icon\">\n\t\t\t\t\t\t\t<i aria-hidden=\"true\" class=\"fas fa-arrow-right\"><\/i>\t\t\t\t\t\t<\/span>\n\t\t\t\t\t\t\t\t\t\t<span class=\"elementor-icon-list-text\">Meleg k\u00e9z m\u00e9g a leghidegebb napokon is<\/span>\n\t\t\t\t\t\t\t\t\t<\/li>\n\t\t\t\t\t\t\t\t<li class=\"elementor-icon-list-item\">\n\t\t\t\t\t\t\t\t\t\t\t<span class=\"elementor-icon-list-icon\">\n\t\t\t\t\t\t\t<i aria-hidden=\"true\" class=\"fas fa-arrow-right\"><\/i>\t\t\t\t\t\t<\/span>\n\t\t\t\t\t\t\t\t\t\t<span class=\"elementor-icon-list-text\">Puha \u00e9s l\u00e9legz\u0151 anyagb\u00f3l k\u00e9sz\u00fclt<\/span>\n\t\t\t\t\t\t\t\t\t<\/li>\n\t\t\t\t\t\t<\/ul>\n\t\t\t\t<\/div>\n\t\t\t\t<\/div>\n\t\t\t\t\t<\/div>\n\t\t<\/div>\n\t\t\t\t<div class=\"elementor-column elementor-col-50 elementor-top-column elementor-element elementor-element-42a5341\" data-id=\"42a5341\" data-element_type=\"column\">\n\t\t\t<div class=\"elementor-widget-wrap elementor-element-populated\">\n\t\t\t\t\t\t<div class=\"elementor-element elementor-element-0e5ca9b elementor-widget elementor-widget-image\" data-id=\"0e5ca9b\" data-element_type=\"widget\" data-widget_type=\"image.default\">\n\t\t\t\t<div class=\"elementor-widget-container\">\n\t\t\t<style>\/*! elementor - v3.21.0 - 18-04-2024 *\/\n.elementor-widget-image{text-align:center}.elementor-widget-image a{display:inline-block}.elementor-widget-image a img[src$=\".svg\"]{width:48px}.elementor-widget-image img{vertical-align:middle;display:inline-block}<\/style>\t\t\t\t\t\t\t\t\t\t<img fetchpriority=\"high\" decoding=\"async\" width=\"800\" height=\"800\" src=\"https:\/\/spinlama.com\/hu\/wp-content\/uploads\/sites\/33\/2024\/12\/FurryGloves_15-800x800.jpg\" class=\"attachment-large size-large wp-image-242711\" alt=\"\" srcset=\"https:\/\/spinlama.com\/hu\/wp-content\/uploads\/sites\/33\/2024\/12\/FurryGloves_15-800x800.jpg 800w, https:\/\/spinlama.com\/hu\/wp-content\/uploads\/sites\/33\/2024\/12\/FurryGloves_15-280x280.jpg 280w, https:\/\/spinlama.com\/hu\/wp-content\/uploads\/sites\/33\/2024\/12\/FurryGloves_15-768x768.jpg 768w, https:\/\/spinlama.com\/hu\/wp-content\/uploads\/sites\/33\/2024\/12\/FurryGloves_15-600x600.jpg 600w, https:\/\/spinlama.com\/hu\/wp-content\/uploads\/sites\/33\/2024\/12\/FurryGloves_15-100x100.jpg 100w, https:\/\/spinlama.com\/hu\/wp-content\/uploads\/sites\/33\/2024\/12\/FurryGloves_15.jpg 1080w\" sizes=\"(max-width: 800px) 100vw, 800px\" \/>\t\t\t\t\t\t\t\t\t\t\t\t\t<\/div>\n\t\t\t\t<\/div>\n\t\t\t\t\t<\/div>\n\t\t<\/div>\n\t\t\t\t\t<\/div>\n\t\t<\/section>\n\t\t\t\t<section class=\"elementor-section elementor-top-section elementor-element elementor-element-8d75dbe elementor-reverse-mobile elementor-section-boxed elementor-section-height-default elementor-section-height-default\" data-id=\"8d75dbe\" data-element_type=\"section\">\n\t\t\t\t\t\t<div class=\"elementor-container elementor-column-gap-default\">\n\t\t\t\t\t<div class=\"elementor-column elementor-col-50 elementor-top-column elementor-element elementor-element-1010164\" data-id=\"1010164\" data-element_type=\"column\">\n\t\t\t<div class=\"elementor-widget-wrap elementor-element-populated\">\n\t\t\t\t\t\t<div class=\"elementor-element elementor-element-91e1bc1 elementor-widget elementor-widget-image\" data-id=\"91e1bc1\" data-element_type=\"widget\" data-widget_type=\"image.default\">\n\t\t\t\t<div class=\"elementor-widget-container\">\n\t\t\t\t\t\t\t\t\t\t\t\t\t<img decoding=\"async\" width=\"800\" height=\"800\" src=\"https:\/\/spinlama.com\/hu\/wp-content\/uploads\/sites\/33\/2024\/12\/FurryGloves_17-800x800.jpg\" class=\"attachment-large size-large wp-image-242712\" alt=\"\" srcset=\"https:\/\/spinlama.com\/hu\/wp-content\/uploads\/sites\/33\/2024\/12\/FurryGloves_17-800x800.jpg 800w, https:\/\/spinlama.com\/hu\/wp-content\/uploads\/sites\/33\/2024\/12\/FurryGloves_17-280x280.jpg 280w, https:\/\/spinlama.com\/hu\/wp-content\/uploads\/sites\/33\/2024\/12\/FurryGloves_17-768x768.jpg 768w, https:\/\/spinlama.com\/hu\/wp-content\/uploads\/sites\/33\/2024\/12\/FurryGloves_17-600x600.jpg 600w, https:\/\/spinlama.com\/hu\/wp-content\/uploads\/sites\/33\/2024\/12\/FurryGloves_17-100x100.jpg 100w, https:\/\/spinlama.com\/hu\/wp-content\/uploads\/sites\/33\/2024\/12\/FurryGloves_17.jpg 1080w\" sizes=\"(max-width: 800px) 100vw, 800px\" \/>\t\t\t\t\t\t\t\t\t\t\t\t\t<\/div>\n\t\t\t\t<\/div>\n\t\t\t\t\t<\/div>\n\t\t<\/div>\n\t\t\t\t<div class=\"elementor-column elementor-col-50 elementor-top-column elementor-element elementor-element-631d0bc\" data-id=\"631d0bc\" data-element_type=\"column\">\n\t\t\t<div class=\"elementor-widget-wrap elementor-element-populated\">\n\t\t\t\t\t\t<div class=\"elementor-element elementor-element-7c119f1 elementor-widget elementor-widget-image\" data-id=\"7c119f1\" data-element_type=\"widget\" data-widget_type=\"image.default\">\n\t\t\t\t<div class=\"elementor-widget-container\">\n\t\t\t\t\t\t\t\t\t\t\t\t\t<img decoding=\"async\" width=\"800\" height=\"800\" src=\"https:\/\/spinlama.com\/hu\/wp-content\/uploads\/sites\/33\/2024\/12\/FurryGloves_16-800x800.jpg\" class=\"attachment-large size-large wp-image-242713\" alt=\"\" srcset=\"https:\/\/spinlama.com\/hu\/wp-content\/uploads\/sites\/33\/2024\/12\/FurryGloves_16-800x800.jpg 800w, https:\/\/spinlama.com\/hu\/wp-content\/uploads\/sites\/33\/2024\/12\/FurryGloves_16-280x280.jpg 280w, https:\/\/spinlama.com\/hu\/wp-content\/uploads\/sites\/33\/2024\/12\/FurryGloves_16-768x768.jpg 768w, https:\/\/spinlama.com\/hu\/wp-content\/uploads\/sites\/33\/2024\/12\/FurryGloves_16-600x600.jpg 600w, https:\/\/spinlama.com\/hu\/wp-content\/uploads\/sites\/33\/2024\/12\/FurryGloves_16-100x100.jpg 100w, https:\/\/spinlama.com\/hu\/wp-content\/uploads\/sites\/33\/2024\/12\/FurryGloves_16.jpg 1080w\" sizes=\"(max-width: 800px) 100vw, 800px\" \/>\t\t\t\t\t\t\t\t\t\t\t\t\t<\/div>\n\t\t\t\t<\/div>\n\t\t\t\t\t<\/div>\n\t\t<\/div>\n\t\t\t\t\t<\/div>\n\t\t<\/section>\n\t\t\t\t<section class=\"elementor-section elementor-top-section elementor-element elementor-element-2d53888 elementor-reverse-mobile elementor-section-boxed elementor-section-height-default elementor-section-height-default\" data-id=\"2d53888\" data-element_type=\"section\">\n\t\t\t\t\t\t<div class=\"elementor-container elementor-column-gap-default\">\n\t\t\t\t\t<div class=\"elementor-column elementor-col-50 elementor-top-column elementor-element elementor-element-c3d1f3f\" data-id=\"c3d1f3f\" data-element_type=\"column\">\n\t\t\t<div class=\"elementor-widget-wrap elementor-element-populated\">\n\t\t\t\t\t\t<div class=\"elementor-element elementor-element-3c33f5a elementor-widget elementor-widget-image\" data-id=\"3c33f5a\" data-element_type=\"widget\" data-widget_type=\"image.default\">\n\t\t\t\t<div class=\"elementor-widget-container\">\n\t\t\t\t\t\t\t\t\t\t\t\t\t<img loading=\"lazy\" decoding=\"async\" width=\"800\" height=\"800\" src=\"https:\/\/spinlama.com\/hu\/wp-content\/uploads\/sites\/33\/2024\/12\/FurryGloves_26-800x800.jpg\" class=\"attachment-large size-large wp-image-242714\" alt=\"\" srcset=\"https:\/\/spinlama.com\/hu\/wp-content\/uploads\/sites\/33\/2024\/12\/FurryGloves_26-800x800.jpg 800w, https:\/\/spinlama.com\/hu\/wp-content\/uploads\/sites\/33\/2024\/12\/FurryGloves_26-280x280.jpg 280w, https:\/\/spinlama.com\/hu\/wp-content\/uploads\/sites\/33\/2024\/12\/FurryGloves_26-768x768.jpg 768w, https:\/\/spinlama.com\/hu\/wp-content\/uploads\/sites\/33\/2024\/12\/FurryGloves_26-600x600.jpg 600w, https:\/\/spinlama.com\/hu\/wp-content\/uploads\/sites\/33\/2024\/12\/FurryGloves_26-100x100.jpg 100w, https:\/\/spinlama.com\/hu\/wp-content\/uploads\/sites\/33\/2024\/12\/FurryGloves_26.jpg 1080w\" sizes=\"(max-width: 800px) 100vw, 800px\" \/>\t\t\t\t\t\t\t\t\t\t\t\t\t<\/div>\n\t\t\t\t<\/div>\n\t\t\t\t\t<\/div>\n\t\t<\/div>\n\t\t\t\t<div class=\"elementor-column elementor-col-50 elementor-top-column elementor-element elementor-element-8876fae\" data-id=\"8876fae\" data-element_type=\"column\">\n\t\t\t<div class=\"elementor-widget-wrap elementor-element-populated\">\n\t\t\t\t\t\t<div class=\"elementor-element elementor-element-920f624 elementor-arrows-position-inside elementor-pagination-position-outside elementor-widget elementor-widget-image-carousel\" data-id=\"920f624\" data-element_type=\"widget\" data-settings=\"{&quot;slides_to_show&quot;:&quot;1&quot;,&quot;navigation&quot;:&quot;both&quot;,&quot;autoplay&quot;:&quot;yes&quot;,&quot;pause_on_hover&quot;:&quot;yes&quot;,&quot;pause_on_interaction&quot;:&quot;yes&quot;,&quot;autoplay_speed&quot;:5000,&quot;infinite&quot;:&quot;yes&quot;,&quot;effect&quot;:&quot;slide&quot;,&quot;speed&quot;:500}\" data-widget_type=\"image-carousel.default\">\n\t\t\t\t<div class=\"elementor-widget-container\">\n\t\t\t<style>\/*! elementor - v3.21.0 - 18-04-2024 *\/\n.elementor-widget-image-carousel .swiper,.elementor-widget-image-carousel .swiper-container{position:static}.elementor-widget-image-carousel .swiper-container .swiper-slide figure,.elementor-widget-image-carousel .swiper .swiper-slide figure{line-height:inherit}.elementor-widget-image-carousel .swiper-slide{text-align:center}.elementor-image-carousel-wrapper:not(.swiper-container-initialized):not(.swiper-initialized) .swiper-slide{max-width:calc(100% \/ var(--e-image-carousel-slides-to-show, 3))}<\/style>\t\t<div class=\"elementor-image-carousel-wrapper swiper\" dir=\"ltr\">\n\t\t\t<div class=\"elementor-image-carousel swiper-wrapper\" aria-live=\"off\">\n\t\t\t\t\t\t\t\t<div class=\"swiper-slide\" role=\"group\" aria-roledescription=\"slide\" aria-label=\"1 \/ 2\"><figure class=\"swiper-slide-inner\"><img decoding=\"async\" class=\"swiper-slide-image\" src=\"https:\/\/spinlama.com\/hu\/wp-content\/uploads\/sites\/33\/2024\/12\/FurryGloves_29-800x800.jpg\" alt=\"FurryGloves_29.jpg\" \/><\/figure><\/div><div class=\"swiper-slide\" role=\"group\" aria-roledescription=\"slide\" aria-label=\"2 \/ 2\"><figure class=\"swiper-slide-inner\"><img decoding=\"async\" class=\"swiper-slide-image\" src=\"https:\/\/spinlama.com\/hu\/wp-content\/uploads\/sites\/33\/2024\/12\/FurryGloves_28-800x800.jpg\" alt=\"FurryGloves_28.jpg\" \/><\/figure><\/div>\t\t\t<\/div>\n\t\t\t\t\t\t\t\t\t\t\t\t<div class=\"elementor-swiper-button elementor-swiper-button-prev\" role=\"button\" tabindex=\"0\">\n\t\t\t\t\t\t<i aria-hidden=\"true\" class=\"eicon-chevron-left\"><\/i>\t\t\t\t\t<\/div>\n\t\t\t\t\t<div class=\"elementor-swiper-button elementor-swiper-button-next\" role=\"button\" tabindex=\"0\">\n\t\t\t\t\t\t<i aria-hidden=\"true\" class=\"eicon-chevron-right\"><\/i>\t\t\t\t\t<\/div>\n\t\t\t\t\n\t\t\t\t\t\t\t\t\t<div class=\"swiper-pagination\"><\/div>\n\t\t\t\t\t\t\t\t\t<\/div>\n\t\t\t\t<\/div>\n\t\t\t\t<\/div>\n\t\t\t\t\t<\/div>\n\t\t<\/div>\n\t\t\t\t\t<\/div>\n\t\t<\/section>\n\t\t\t\t<section class=\"elementor-section elementor-top-section elementor-element elementor-element-00da7fd elementor-section-boxed elementor-section-height-default elementor-section-height-default\" data-id=\"00da7fd\" data-element_type=\"section\">\n\t\t\t\t\t\t<div class=\"elementor-container elementor-column-gap-default\">\n\t\t\t\t\t<div class=\"elementor-column elementor-col-100 elementor-top-column elementor-element elementor-element-da99dd8\" data-id=\"da99dd8\" data-element_type=\"column\">\n\t\t\t<div class=\"elementor-widget-wrap elementor-element-populated\">\n\t\t\t\t\t\t<div class=\"elementor-element elementor-element-bbdffac elementor-widget elementor-widget-accordion\" data-id=\"bbdffac\" data-element_type=\"widget\" data-widget_type=\"accordion.default\">\n\t\t\t\t<div class=\"elementor-widget-container\">\n\t\t\t<style>\/*! elementor - v3.21.0 - 18-04-2024 *\/\n.elementor-accordion{text-align:start}.elementor-accordion .elementor-accordion-item{border:1px solid #d5d8dc}.elementor-accordion .elementor-accordion-item+.elementor-accordion-item{border-top:none}.elementor-accordion .elementor-tab-title{margin:0;padding:15px 20px;font-weight:700;line-height:1;cursor:pointer;outline:none}.elementor-accordion .elementor-tab-title .elementor-accordion-icon{display:inline-block;width:1.5em}.elementor-accordion .elementor-tab-title .elementor-accordion-icon svg{width:1em;height:1em}.elementor-accordion .elementor-tab-title .elementor-accordion-icon.elementor-accordion-icon-right{float:right;text-align:right}.elementor-accordion .elementor-tab-title .elementor-accordion-icon.elementor-accordion-icon-left{float:left;text-align:left}.elementor-accordion .elementor-tab-title .elementor-accordion-icon .elementor-accordion-icon-closed{display:block}.elementor-accordion .elementor-tab-title .elementor-accordion-icon .elementor-accordion-icon-opened,.elementor-accordion .elementor-tab-title.elementor-active .elementor-accordion-icon-closed{display:none}.elementor-accordion .elementor-tab-title.elementor-active .elementor-accordion-icon-opened{display:block}.elementor-accordion .elementor-tab-content{display:none;padding:15px 20px;border-top:1px solid #d5d8dc}@media (max-width:767px){.elementor-accordion .elementor-tab-title{padding:12px 15px}.elementor-accordion .elementor-tab-title .elementor-accordion-icon{width:1.2em}.elementor-accordion .elementor-tab-content{padding:7px 15px}}.e-con-inner>.elementor-widget-accordion,.e-con>.elementor-widget-accordion{width:var(--container-widget-width);--flex-grow:var(--container-widget-flex-grow)}<\/style>\t\t<div class=\"elementor-accordion\">\n\t\t\t\t\t\t\t<div class=\"elementor-accordion-item\">\n\t\t\t\t\t<div id=\"elementor-tab-title-1971\" class=\"elementor-tab-title\" data-tab=\"1\" role=\"button\" aria-controls=\"elementor-tab-content-1971\" aria-expanded=\"false\">\n\t\t\t\t\t\t\t\t\t\t\t\t\t<span class=\"elementor-accordion-icon elementor-accordion-icon-left\" aria-hidden=\"true\">\n\t\t\t\t\t\t\t\t\t\t\t\t\t\t\t<span class=\"elementor-accordion-icon-closed\"><i class=\"fas fa-chevron-down\"><\/i><\/span>\n\t\t\t\t\t\t\t\t<span class=\"elementor-accordion-icon-opened\"><i class=\"fas fa-chevron-up\"><\/i><\/span>\n\t\t\t\t\t\t\t\t\t\t\t\t\t\t<\/span>\n\t\t\t\t\t\t\t\t\t\t\t\t<a class=\"elementor-accordion-title\" tabindex=\"0\">Jellemz\u0151k<\/a>\n\t\t\t\t\t<\/div>\n\t\t\t\t\t<div id=\"elementor-tab-content-1971\" class=\"elementor-tab-content elementor-clearfix\" data-tab=\"1\" role=\"region\" aria-labelledby=\"elementor-tab-title-1971\"><p>Anyag: akril<\/p><p>Sz\u00edn: barna, sz\u00fcrke<\/p><p>M\u00e9ret: univerz\u00e1lis<\/p><p>Tiszt\u00edt\u00e1s: K\u00e9zzel moshat\u00f3, leveg\u0151n sz\u00e1r\u00edthat\u00f3.<\/p><\/div>\n\t\t\t\t<\/div>\n\t\t\t\t\t\t\t\t<\/div>\n\t\t\t\t<\/div>\n\t\t\t\t<\/div>\n\t\t\t\t\t<\/div>\n\t\t<\/div>\n\t\t\t\t\t<\/div>\n\t\t<\/section>\n\t\t\t\t<\/div>\n\t\t","protected":false},"excerpt":{"rendered":"<p>Elegancia, k\u00e9nyelem \u00e9s meleg egyben<\/p>\n<ul>\n<li>Barna vagy sz\u00fcrke sz\u00edn<\/li>\n<li>K\u00e9t p\u00e1r keszty\u0171<\/li>\n<\/ul>\n","protected":false},"featured_media":242699,"comment_status":"closed","ping_status":"closed","template":"","meta":[],"product_cat":[528,68,505,516],"product_tag":[],"aioseo_notices":[],"_links":{"self":[{"href":"https:\/\/spinlama.com\/hu\/wp-json\/wp\/v2\/product\/242726"}],"collection":[{"href":"https:\/\/spinlama.com\/hu\/wp-json\/wp\/v2\/product"}],"about":[{"href":"https:\/\/spinlama.com\/hu\/wp-json\/wp\/v2\/types\/product"}],"replies":[{"embeddable":true,"href":"https:\/\/spinlama.com\/hu\/wp-json\/wp\/v2\/comments?post=242726"}],"version-history":[{"count":9,"href":"https:\/\/spinlama.com\/hu\/wp-json\/wp\/v2\/product\/242726\/revisions"}],"predecessor-version":[{"id":242858,"href":"https:\/\/spinlama.com\/hu\/wp-json\/wp\/v2\/product\/242726\/revisions\/242858"}],"wp:featuredmedia":[{"embeddable":true,"href":"https:\/\/spinlama.com\/hu\/wp-json\/wp\/v2\/media\/242699"}],"wp:attachment":[{"href":"https:\/\/spinlama.com\/hu\/wp-json\/wp\/v2\/media?parent=242726"}],"wp:term":[{"taxonomy":"product_cat","embeddable":true,"href":"https:\/\/spinlama.com\/hu\/wp-json\/wp\/v2\/product_cat?post=242726"},{"taxonomy":"product_tag","embeddable":true,"href":"https:\/\/spinlama.com\/hu\/wp-json\/wp\/v2\/product_tag?post=242726"}],"curies":[{"name":"wp","href":"https:\/\/api.w.org\/{rel}","templated":true}]}}