{"id":61696,"date":"2019-10-24T14:37:57","date_gmt":"2019-10-24T12:37:57","guid":{"rendered":"https:\/\/vivozebra.hu\/?post_type=product&#038;p=61696"},"modified":"2022-12-16T13:57:17","modified_gmt":"2022-12-16T12:57:17","slug":"vivonaildrill","status":"publish","type":"product","link":"https:\/\/spinlama.com\/hu\/termek\/vivonaildrill\/","title":{"rendered":"Vivo Nail Drill \u2013 Elektromos manik\u0171r- \u00e9s pedik\u0171rg\u00e9p"},"content":{"rendered":"<p style=\"text-align: center\"><strong><span style=\"font-size: 110%\">Sokoldal\u00fa kieg\u00e9sz\u00edt\u0151 a mindig \u00e1polt k\u00f6rm\u00f6k\u00e9rt \u00e9s k\u00f6r\u00f6m\u00e1gy\u00e9rt.<\/span><\/strong><\/p>\n<p style=\"text-align: center\"><img fetchpriority=\"high\" decoding=\"async\" class=\"alignnone wp-image-92875\" src=\"https:\/\/spinlama.com\/hu\/wp-content\/uploads\/sites\/17\/2019\/10\/nail-drill-04.jpg\" alt=\"\" width=\"500\" height=\"500\" srcset=\"https:\/\/spinlama.com\/hu\/wp-content\/uploads\/sites\/33\/2019\/10\/nail-drill-04.jpg 800w, https:\/\/spinlama.com\/hu\/wp-content\/uploads\/sites\/33\/2019\/10\/nail-drill-04-100x100.jpg 100w, https:\/\/spinlama.com\/hu\/wp-content\/uploads\/sites\/33\/2019\/10\/nail-drill-04-510x510.jpg 510w, https:\/\/spinlama.com\/hu\/wp-content\/uploads\/sites\/33\/2019\/10\/nail-drill-04-400x400.jpg 400w, https:\/\/spinlama.com\/hu\/wp-content\/uploads\/sites\/33\/2019\/10\/nail-drill-04-280x280.jpg 280w, https:\/\/spinlama.com\/hu\/wp-content\/uploads\/sites\/33\/2019\/10\/nail-drill-04-768x768.jpg 768w\" sizes=\"(max-width: 500px) 100vw, 500px\" \/><\/p>\n<p style=\"text-align: center\"><span style=\"font-size: 110%\"><strong>Most m\u00e1r professzion\u00e1lis k\u00f6r\u00f6m\u00e1pol\u00e1si eredm\u00e9nyeket \u00e9rhet el otthon.<\/strong><\/span><\/p>\n<p style=\"text-align: center\"><img decoding=\"async\" class=\"alignnone wp-image-92889\" src=\"https:\/\/spinlama.com\/hu\/wp-content\/uploads\/sites\/17\/2019\/10\/nail-drill-01-1.jpg\" alt=\"\" width=\"500\" height=\"500\" srcset=\"https:\/\/spinlama.com\/hu\/wp-content\/uploads\/sites\/33\/2019\/10\/nail-drill-01-1.jpg 800w, https:\/\/spinlama.com\/hu\/wp-content\/uploads\/sites\/33\/2019\/10\/nail-drill-01-1-600x600.jpg 600w, https:\/\/spinlama.com\/hu\/wp-content\/uploads\/sites\/33\/2019\/10\/nail-drill-01-1-100x100.jpg 100w, https:\/\/spinlama.com\/hu\/wp-content\/uploads\/sites\/33\/2019\/10\/nail-drill-01-1-510x510.jpg 510w, https:\/\/spinlama.com\/hu\/wp-content\/uploads\/sites\/33\/2019\/10\/nail-drill-01-1-400x400.jpg 400w, https:\/\/spinlama.com\/hu\/wp-content\/uploads\/sites\/33\/2019\/10\/nail-drill-01-1-280x280.jpg 280w, https:\/\/spinlama.com\/hu\/wp-content\/uploads\/sites\/33\/2019\/10\/nail-drill-01-1-768x768.jpg 768w\" sizes=\"(max-width: 500px) 100vw, 500px\" \/><\/p>\n<p style=\"text-align: center\"><strong><span style=\"font-size: 110%\">A Vivo Nail Drill haszn\u00e1lata egyszer\u0171 \u00e9s biztons\u00e1gos.<\/span><\/strong><\/p>\n<p style=\"text-align: center\"><img decoding=\"async\" class=\"alignnone wp-image-92890\" src=\"https:\/\/spinlama.com\/hu\/wp-content\/uploads\/sites\/17\/2019\/10\/nail-drill_opti.gif\" alt=\"\" width=\"400\" height=\"400\" \/><\/p>\n<p style=\"text-align: center\"><strong><span style=\"font-size: 110%\">Alkalmas pedik\u0171rre \u00e9s manik\u0171rre egyar\u00e1nt.<\/span><\/strong><\/p>\n<p style=\"text-align: center\"><img loading=\"lazy\" decoding=\"async\" class=\"alignnone wp-image-92873\" src=\"https:\/\/spinlama.com\/hu\/wp-content\/uploads\/sites\/17\/2019\/10\/nail-drill-02-1.jpg\" alt=\"\" width=\"500\" height=\"500\" srcset=\"https:\/\/spinlama.com\/hu\/wp-content\/uploads\/sites\/33\/2019\/10\/nail-drill-02-1.jpg 874w, https:\/\/spinlama.com\/hu\/wp-content\/uploads\/sites\/33\/2019\/10\/nail-drill-02-1-600x600.jpg 600w, https:\/\/spinlama.com\/hu\/wp-content\/uploads\/sites\/33\/2019\/10\/nail-drill-02-1-100x100.jpg 100w, https:\/\/spinlama.com\/hu\/wp-content\/uploads\/sites\/33\/2019\/10\/nail-drill-02-1-510x510.jpg 510w, https:\/\/spinlama.com\/hu\/wp-content\/uploads\/sites\/33\/2019\/10\/nail-drill-02-1-400x400.jpg 400w, https:\/\/spinlama.com\/hu\/wp-content\/uploads\/sites\/33\/2019\/10\/nail-drill-02-1-800x800.jpg 800w, https:\/\/spinlama.com\/hu\/wp-content\/uploads\/sites\/33\/2019\/10\/nail-drill-02-1-280x280.jpg 280w, https:\/\/spinlama.com\/hu\/wp-content\/uploads\/sites\/33\/2019\/10\/nail-drill-02-1-768x768.jpg 768w\" sizes=\"(max-width: 500px) 100vw, 500px\" \/><\/p>\n<p style=\"text-align: center\"><strong><span style=\"font-size: 110%\">Elt\u00e1vol\u00edtja a k\u00f6r\u00f6mlakkot, az elhalt b\u0151rsejteket a k\u00f6r\u00f6m\u00e1gyr\u00f3l,<br \/>\nf\u00e9nyezheti \u00e9s csiszolhatja a k\u00f6rm\u00f6ket, tetsz\u00e9s szerint alak\u00edthatja \u0151ket.<\/span><\/strong><\/p>\n<p style=\"text-align: center\"><img loading=\"lazy\" decoding=\"async\" class=\"alignnone wp-image-92876\" src=\"https:\/\/spinlama.com\/hu\/wp-content\/uploads\/sites\/17\/2019\/10\/nail-drill-05-2.jpg\" alt=\"\" width=\"500\" height=\"500\" srcset=\"https:\/\/spinlama.com\/hu\/wp-content\/uploads\/sites\/33\/2019\/10\/nail-drill-05-2.jpg 1000w, https:\/\/spinlama.com\/hu\/wp-content\/uploads\/sites\/33\/2019\/10\/nail-drill-05-2-600x600.jpg 600w, https:\/\/spinlama.com\/hu\/wp-content\/uploads\/sites\/33\/2019\/10\/nail-drill-05-2-100x100.jpg 100w, https:\/\/spinlama.com\/hu\/wp-content\/uploads\/sites\/33\/2019\/10\/nail-drill-05-2-510x510.jpg 510w, https:\/\/spinlama.com\/hu\/wp-content\/uploads\/sites\/33\/2019\/10\/nail-drill-05-2-400x400.jpg 400w, https:\/\/spinlama.com\/hu\/wp-content\/uploads\/sites\/33\/2019\/10\/nail-drill-05-2-800x800.jpg 800w, https:\/\/spinlama.com\/hu\/wp-content\/uploads\/sites\/33\/2019\/10\/nail-drill-05-2-280x280.jpg 280w, https:\/\/spinlama.com\/hu\/wp-content\/uploads\/sites\/33\/2019\/10\/nail-drill-05-2-768x768.jpg 768w\" sizes=\"(max-width: 500px) 100vw, 500px\" \/><\/p>\n<p style=\"text-align: center\"><strong><span style=\"font-size: 110%\">G\u00e9l k\u00f6r\u00f6mgrav\u00edroz\u00e1sra is alkalmas.<\/span><\/strong><\/p>\n<p style=\"text-align: center\"><img loading=\"lazy\" decoding=\"async\" class=\"alignnone wp-image-92877\" src=\"https:\/\/spinlama.com\/hu\/wp-content\/uploads\/sites\/17\/2019\/10\/nail-drill-06-1.jpg\" alt=\"\" width=\"500\" height=\"500\" srcset=\"https:\/\/spinlama.com\/hu\/wp-content\/uploads\/sites\/33\/2019\/10\/nail-drill-06-1.jpg 800w, https:\/\/spinlama.com\/hu\/wp-content\/uploads\/sites\/33\/2019\/10\/nail-drill-06-1-600x600.jpg 600w, https:\/\/spinlama.com\/hu\/wp-content\/uploads\/sites\/33\/2019\/10\/nail-drill-06-1-100x100.jpg 100w, https:\/\/spinlama.com\/hu\/wp-content\/uploads\/sites\/33\/2019\/10\/nail-drill-06-1-510x510.jpg 510w, https:\/\/spinlama.com\/hu\/wp-content\/uploads\/sites\/33\/2019\/10\/nail-drill-06-1-400x400.jpg 400w, https:\/\/spinlama.com\/hu\/wp-content\/uploads\/sites\/33\/2019\/10\/nail-drill-06-1-280x280.jpg 280w, https:\/\/spinlama.com\/hu\/wp-content\/uploads\/sites\/33\/2019\/10\/nail-drill-06-1-768x768.jpg 768w\" sizes=\"(max-width: 500px) 100vw, 500px\" \/><\/p>\n<p style=\"text-align: center\"><strong><span style=\"font-size: 110%\">Kicsi, k\u00f6nny\u0171 \u00e9s k\u00e9nyelmes kieg\u00e9sz\u00edt\u0151, amely mindig k\u00e9zn\u00e9l van.<\/span><\/strong><\/p>\n<p style=\"text-align: center\"><img loading=\"lazy\" decoding=\"async\" class=\"alignnone wp-image-92874\" src=\"https:\/\/spinlama.com\/hu\/wp-content\/uploads\/sites\/17\/2019\/10\/nail-drill-03.jpg\" alt=\"\" width=\"599\" height=\"400\" srcset=\"https:\/\/spinlama.com\/hu\/wp-content\/uploads\/sites\/33\/2019\/10\/nail-drill-03.jpg 624w, https:\/\/spinlama.com\/hu\/wp-content\/uploads\/sites\/33\/2019\/10\/nail-drill-03-510x341.jpg 510w, https:\/\/spinlama.com\/hu\/wp-content\/uploads\/sites\/33\/2019\/10\/nail-drill-03-599x400.jpg 599w\" sizes=\"(max-width: 599px) 100vw, 599px\" \/><\/p>\n<p style=\"text-align: center\"><span style=\"font-size: 110%\"><strong>A term\u00e9szetes, g\u00e9l- \u00e9s m\u0171k\u00f6rm\u00f6k \u00e1pol\u00e1s\u00e1ra!<\/strong><\/span><\/p>\n<p style=\"text-align: center\"><img loading=\"lazy\" decoding=\"async\" class=\"alignnone wp-image-92879 size-medium\" src=\"https:\/\/spinlama.com\/hu\/wp-content\/uploads\/sites\/17\/2019\/10\/nail-drill-11-1-571x400.jpg\" alt=\"\" width=\"571\" height=\"400\" srcset=\"https:\/\/spinlama.com\/hu\/wp-content\/uploads\/sites\/33\/2019\/10\/nail-drill-11-1-571x400.jpg 571w, https:\/\/spinlama.com\/hu\/wp-content\/uploads\/sites\/33\/2019\/10\/nail-drill-11-1-510x357.jpg 510w, https:\/\/spinlama.com\/hu\/wp-content\/uploads\/sites\/33\/2019\/10\/nail-drill-11-1.jpg 768w\" sizes=\"(max-width: 571px) 100vw, 571px\" \/><\/p>\n<p style=\"text-align: center\"><strong><span style=\"font-size: 110%\">Tartoz\u00e9kok haszn\u00e1lata \u00e9s kiv\u00e1laszt\u00e1sa:<\/span><\/strong><\/p>\n<p style=\"text-align: center\"><img loading=\"lazy\" decoding=\"async\" class=\"alignnone wp-image-92893\" src=\"https:\/\/spinlama.com\/hu\/wp-content\/uploads\/sites\/17\/2019\/10\/3-1.jpg\" alt=\"\" width=\"550\" height=\"550\" srcset=\"https:\/\/spinlama.com\/hu\/wp-content\/uploads\/sites\/33\/2019\/10\/3-1.jpg 800w, https:\/\/spinlama.com\/hu\/wp-content\/uploads\/sites\/33\/2019\/10\/3-1-600x600.jpg 600w, https:\/\/spinlama.com\/hu\/wp-content\/uploads\/sites\/33\/2019\/10\/3-1-100x100.jpg 100w, https:\/\/spinlama.com\/hu\/wp-content\/uploads\/sites\/33\/2019\/10\/3-1-510x510.jpg 510w, https:\/\/spinlama.com\/hu\/wp-content\/uploads\/sites\/33\/2019\/10\/3-1-400x400.jpg 400w, https:\/\/spinlama.com\/hu\/wp-content\/uploads\/sites\/33\/2019\/10\/3-1-280x280.jpg 280w, https:\/\/spinlama.com\/hu\/wp-content\/uploads\/sites\/33\/2019\/10\/3-1-768x768.jpg 768w\" sizes=\"(max-width: 550px) 100vw, 550px\" \/><\/p>\n<p style=\"text-align: center\"><strong><span style=\"font-size: 110%\">Tartoz\u00e9kok behelyez\u00e9se a k\u00e9sz\u00fcl\u00e9kbe:<\/span><\/strong><\/p>\n<p style=\"text-align: center\"><img loading=\"lazy\" decoding=\"async\" class=\"alignnone wp-image-92896\" src=\"https:\/\/spinlama.com\/hu\/wp-content\/uploads\/sites\/17\/2019\/10\/nail-drill-08-1.jpg\" alt=\"\" width=\"550\" height=\"550\" srcset=\"https:\/\/spinlama.com\/hu\/wp-content\/uploads\/sites\/33\/2019\/10\/nail-drill-08-1.jpg 1000w, https:\/\/spinlama.com\/hu\/wp-content\/uploads\/sites\/33\/2019\/10\/nail-drill-08-1-600x600.jpg 600w, https:\/\/spinlama.com\/hu\/wp-content\/uploads\/sites\/33\/2019\/10\/nail-drill-08-1-100x100.jpg 100w, https:\/\/spinlama.com\/hu\/wp-content\/uploads\/sites\/33\/2019\/10\/nail-drill-08-1-510x510.jpg 510w, https:\/\/spinlama.com\/hu\/wp-content\/uploads\/sites\/33\/2019\/10\/nail-drill-08-1-400x400.jpg 400w, https:\/\/spinlama.com\/hu\/wp-content\/uploads\/sites\/33\/2019\/10\/nail-drill-08-1-800x800.jpg 800w, https:\/\/spinlama.com\/hu\/wp-content\/uploads\/sites\/33\/2019\/10\/nail-drill-08-1-280x280.jpg 280w, https:\/\/spinlama.com\/hu\/wp-content\/uploads\/sites\/33\/2019\/10\/nail-drill-08-1-768x768.jpg 768w\" sizes=\"(max-width: 550px) 100vw, 550px\" \/><\/p>\n<p style=\"text-align: center\"><strong><span style=\"font-size: 110%\">Term\u00e9kinform\u00e1ci\u00f3:<\/span><\/strong><\/p>\n<p style=\"text-align: center\">\u00a0<img loading=\"lazy\" decoding=\"async\" class=\"alignnone wp-image-92900\" src=\"https:\/\/spinlama.com\/hu\/wp-content\/uploads\/sites\/17\/2019\/10\/nail-drill-09-1.jpg\" alt=\"\" width=\"550\" height=\"550\" srcset=\"https:\/\/spinlama.com\/hu\/wp-content\/uploads\/sites\/33\/2019\/10\/nail-drill-09-1.jpg 800w, https:\/\/spinlama.com\/hu\/wp-content\/uploads\/sites\/33\/2019\/10\/nail-drill-09-1-100x100.jpg 100w, https:\/\/spinlama.com\/hu\/wp-content\/uploads\/sites\/33\/2019\/10\/nail-drill-09-1-510x510.jpg 510w, https:\/\/spinlama.com\/hu\/wp-content\/uploads\/sites\/33\/2019\/10\/nail-drill-09-1-400x400.jpg 400w, https:\/\/spinlama.com\/hu\/wp-content\/uploads\/sites\/33\/2019\/10\/nail-drill-09-1-280x280.jpg 280w, https:\/\/spinlama.com\/hu\/wp-content\/uploads\/sites\/33\/2019\/10\/nail-drill-09-1-768x768.jpg 768w\" sizes=\"(max-width: 550px) 100vw, 550px\" \/><\/p>\n<p style=\"text-align: left\"><strong><span style=\"font-size: 105%\">A csomag a k\u00f6vetkez\u0151ket tartalmazza:<\/span><\/strong><br \/>\n<span style=\"font-size: 105%\">1x elektromos k\u00e9sz\u00fcl\u00e9k &#8211; csiszol\u00f3 Vivo Nail Drill manik\u0171r \u00e9s pedik\u0171r<\/span><br \/>\n<span style=\"font-size: 105%\">1x t\u00e1pegys\u00e9g<\/span><br \/>\n<span style=\"font-size: 105%\">6x tartoz\u00e9k, csipesz \u00e9s k\u00f6r\u00f6m\u00e1gy \u00e1pol\u00e1s<\/span><br \/>\n<span style=\"font-size: 105%\">6x csiszol\u00f3szalag<\/span><br \/>\n<span style=\"font-size: 105%\">1x angol haszn\u00e1lati \u00fatmutat\u00f3<\/span><br \/>\n<span style=\"font-size: 105%\">1x praktikus doboz a kieg\u00e9sz\u00edt\u0151k t\u00e1rol\u00e1s\u00e1ra<\/span><br \/>\n<span style=\"font-size: 105%\">1x 1 \u00e9v garancia<\/span><\/p>\n<p style=\"text-align: left\"><span style=\"font-size: 90%\"><em>* A mell\u00e9kelt tartoz\u00e9kok nem alkalmasak a g\u00e9l \u00e9s az akril k\u00f6rm\u00f6k \u00e9p\u00edt\u00e9s\u00e9hez!<br \/>\nA szerkeszt\u00e9si kieg\u00e9sz\u00edt\u0151ket t\u0151l\u00fcnk is megv\u00e1s\u00e1rolhatja.<\/em><\/span><\/p>\n<p style=\"text-align: center\"><img loading=\"lazy\" decoding=\"async\" class=\"alignnone wp-image-92880\" src=\"https:\/\/spinlama.com\/hu\/wp-content\/uploads\/sites\/17\/2019\/10\/nail-drill-12-1.jpg\" alt=\"\" width=\"500\" height=\"500\" srcset=\"https:\/\/spinlama.com\/hu\/wp-content\/uploads\/sites\/33\/2019\/10\/nail-drill-12-1.jpg 800w, https:\/\/spinlama.com\/hu\/wp-content\/uploads\/sites\/33\/2019\/10\/nail-drill-12-1-600x600.jpg 600w, https:\/\/spinlama.com\/hu\/wp-content\/uploads\/sites\/33\/2019\/10\/nail-drill-12-1-100x100.jpg 100w, https:\/\/spinlama.com\/hu\/wp-content\/uploads\/sites\/33\/2019\/10\/nail-drill-12-1-510x510.jpg 510w, https:\/\/spinlama.com\/hu\/wp-content\/uploads\/sites\/33\/2019\/10\/nail-drill-12-1-400x400.jpg 400w, https:\/\/spinlama.com\/hu\/wp-content\/uploads\/sites\/33\/2019\/10\/nail-drill-12-1-280x280.jpg 280w, https:\/\/spinlama.com\/hu\/wp-content\/uploads\/sites\/33\/2019\/10\/nail-drill-12-1-768x768.jpg 768w\" sizes=\"(max-width: 500px) 100vw, 500px\" \/><\/p>\n<p style=\"text-align: left\"><strong><span style=\"font-size: 105%\">Jellemz\u0151i:<\/span><\/strong><br \/>\n<span style=\"font-size: 105%\">100-240 V, 50-60 Hz<\/span><br \/>\n<span style=\"font-size: 105%\">Elektromos t\u00e1pegys\u00e9g (10 V)<\/span><br \/>\n<span style=\"font-size: 105%\">M\u00e9ret: 15,8 cm x 2 cm<\/span><br \/>\n<span style=\"font-size: 105%\">Sz\u00edn: r\u00f3zsasz\u00edn<\/span><br \/>\n<span style=\"font-size: 105%\">Csomagol\u00e1s: karton<\/span><\/p>\n<p style=\"text-align: center\"><img loading=\"lazy\" decoding=\"async\" class=\"alignnone wp-image-92878\" src=\"https:\/\/spinlama.com\/hu\/wp-content\/uploads\/sites\/17\/2019\/10\/nail-drill-10-1.jpg\" alt=\"\" width=\"550\" height=\"550\" srcset=\"https:\/\/spinlama.com\/hu\/wp-content\/uploads\/sites\/33\/2019\/10\/nail-drill-10-1.jpg 800w, https:\/\/spinlama.com\/hu\/wp-content\/uploads\/sites\/33\/2019\/10\/nail-drill-10-1-600x600.jpg 600w, https:\/\/spinlama.com\/hu\/wp-content\/uploads\/sites\/33\/2019\/10\/nail-drill-10-1-100x100.jpg 100w, https:\/\/spinlama.com\/hu\/wp-content\/uploads\/sites\/33\/2019\/10\/nail-drill-10-1-510x510.jpg 510w, https:\/\/spinlama.com\/hu\/wp-content\/uploads\/sites\/33\/2019\/10\/nail-drill-10-1-400x400.jpg 400w, https:\/\/spinlama.com\/hu\/wp-content\/uploads\/sites\/33\/2019\/10\/nail-drill-10-1-280x280.jpg 280w, https:\/\/spinlama.com\/hu\/wp-content\/uploads\/sites\/33\/2019\/10\/nail-drill-10-1-768x768.jpg 768w\" sizes=\"(max-width: 550px) 100vw, 550px\" \/><\/p>\n","protected":false},"excerpt":{"rendered":"<p><strong><span style=\"font-size: 115%\">Elektromos manik\u0171r- \u00e9s pedik\u0171rg\u00e9p k\u00fcl\u00f6nf\u00e9le tartoz\u00e9kokkal csiszol\u00e1shoz, pol\u00edroz\u00e1shoz, form\u00e1z\u00e1shoz, grav\u00edroz\u00e1shoz, tiszt\u00edt\u00e1shoz \u00e9s m\u00e9g sok m\u00e1shoz.<\/span><\/strong><\/p>\n<p><span style=\"font-size: 110%\">A Vivo Nail Drill term\u00e9szetes, mesters\u00e9ges vagy g\u00e9l k\u00f6rm\u00f6ket form\u00e1zhat, \u00e9s elt\u00e1vol\u00edthatja az elhalt b\u0151rsejteket a k\u00f6r\u00f6m\u00e1gyr\u00f3l.<\/span><\/p>\n","protected":false},"featured_media":92887,"comment_status":"closed","ping_status":"closed","template":"","meta":[],"product_cat":[525,517,68],"product_tag":[],"aioseo_notices":[],"_links":{"self":[{"href":"https:\/\/spinlama.com\/hu\/wp-json\/wp\/v2\/product\/61696"}],"collection":[{"href":"https:\/\/spinlama.com\/hu\/wp-json\/wp\/v2\/product"}],"about":[{"href":"https:\/\/spinlama.com\/hu\/wp-json\/wp\/v2\/types\/product"}],"replies":[{"embeddable":true,"href":"https:\/\/spinlama.com\/hu\/wp-json\/wp\/v2\/comments?post=61696"}],"version-history":[{"count":5,"href":"https:\/\/spinlama.com\/hu\/wp-json\/wp\/v2\/product\/61696\/revisions"}],"predecessor-version":[{"id":180667,"href":"https:\/\/spinlama.com\/hu\/wp-json\/wp\/v2\/product\/61696\/revisions\/180667"}],"wp:featuredmedia":[{"embeddable":true,"href":"https:\/\/spinlama.com\/hu\/wp-json\/wp\/v2\/media\/92887"}],"wp:attachment":[{"href":"https:\/\/spinlama.com\/hu\/wp-json\/wp\/v2\/media?parent=61696"}],"wp:term":[{"taxonomy":"product_cat","embeddable":true,"href":"https:\/\/spinlama.com\/hu\/wp-json\/wp\/v2\/product_cat?post=61696"},{"taxonomy":"product_tag","embeddable":true,"href":"https:\/\/spinlama.com\/hu\/wp-json\/wp\/v2\/product_tag?post=61696"}],"curies":[{"name":"wp","href":"https:\/\/api.w.org\/{rel}","templated":true}]}}