{"id":138759,"date":"2020-04-10T16:44:51","date_gmt":"2020-04-10T14:44:51","guid":{"rendered":"https:\/\/vivozebra.pl\/?post_type=product&#038;p=138759"},"modified":"2022-12-16T12:45:11","modified_gmt":"2022-12-16T11:45:11","slug":"nakladki_drill","status":"publish","type":"product","link":"https:\/\/spinlama.com\/pl\/produkt\/nakladki_drill\/","title":{"rendered":"Nak\u0142adki do przycinania, szlifowania i stylizacji paznokci"},"content":{"rendered":"<p style=\"text-align: center\"><strong><span style=\"font-size: 130%\">Mo\u017cesz wybra\u0107 z:<\/span><\/strong><\/p>\n<table style=\"border-collapse: collapse;width: 100%;height: 580px\">\n<tbody>\n<tr style=\"height: 154px\">\n<td style=\"text-align: center;height: 152px\"><span style=\"font-size: 120%\"><strong>Zestaw ta\u015bm szlifierskich<\/strong> (ok. 100 szt.)<\/span><\/td>\n<td style=\"width: 33.3333%;height: 152px;text-align: center\"><img fetchpriority=\"high\" decoding=\"async\" class=\"aligncenter wp-image-138796\" src=\"https:\/\/spinlama.com\/pl\/wp-content\/uploads\/sites\/16\/2020\/04\/strips.jpg\" alt=\"\" width=\"300\" height=\"207\" srcset=\"https:\/\/spinlama.com\/pl\/wp-content\/uploads\/sites\/32\/2020\/04\/strips.jpg 1080w, https:\/\/spinlama.com\/pl\/wp-content\/uploads\/sites\/32\/2020\/04\/strips-581x400.jpg 581w, https:\/\/spinlama.com\/pl\/wp-content\/uploads\/sites\/32\/2020\/04\/strips-768x529.jpg 768w, https:\/\/spinlama.com\/pl\/wp-content\/uploads\/sites\/32\/2020\/04\/strips-510x351.jpg 510w\" sizes=\"(max-width: 300px) 100vw, 300px\" \/><\/td>\n<\/tr>\n<tr style=\"height: 107px\">\n<td style=\"width: 33.3333%;text-align: center;height: 107px\"><strong><span style=\"font-size: 120%\"> 12-cz\u0119\u015bciowy komplet nak\u0142adek<\/span><\/strong><\/p>\n<p><span style=\"font-size: 105%\">(6 nak\u0142adek do szlifowania, pi\u0142owania paznokci i piel\u0119gnacji sk\u00f3rek przy paznokciach<\/span><br \/>\n<span style=\"font-size: 105%\">+ 6 ta\u015bm szlifierskich)<\/span><\/td>\n<td style=\"width: 33.3333%;height: 107px;text-align: center\"><img decoding=\"async\" class=\"aligncenter wp-image-138805\" src=\"https:\/\/spinlama.com\/pl\/wp-content\/uploads\/sites\/16\/2020\/04\/drill-set-basic.jpg\" alt=\"\" width=\"300\" height=\"214\" srcset=\"https:\/\/spinlama.com\/pl\/wp-content\/uploads\/sites\/32\/2020\/04\/drill-set-basic.jpg 1080w, https:\/\/spinlama.com\/pl\/wp-content\/uploads\/sites\/32\/2020\/04\/drill-set-basic-560x400.jpg 560w, https:\/\/spinlama.com\/pl\/wp-content\/uploads\/sites\/32\/2020\/04\/drill-set-basic-768x548.jpg 768w, https:\/\/spinlama.com\/pl\/wp-content\/uploads\/sites\/32\/2020\/04\/drill-set-basic-510x364.jpg 510w\" sizes=\"(max-width: 300px) 100vw, 300px\" \/><\/td>\n<\/tr>\n<tr style=\"height: 107px\">\n<td style=\"width: 33.3333%;text-align: center;height: 107px\"><span style=\"font-size: 120%\"><strong>Nak\u0142adka ceramiczna \u2013\u00a0delikatna<\/strong>\u00a0(czerwona)<strong><br \/>\n<\/strong><\/span><\/td>\n<td style=\"width: 33.3333%;height: 107px;text-align: center\"><img decoding=\"async\" class=\"aligncenter wp-image-138795\" src=\"https:\/\/spinlama.com\/pl\/wp-content\/uploads\/sites\/16\/2020\/04\/red-bit.jpg\" alt=\"\" width=\"298\" height=\"191\" srcset=\"https:\/\/spinlama.com\/pl\/wp-content\/uploads\/sites\/32\/2020\/04\/red-bit.jpg 1080w, https:\/\/spinlama.com\/pl\/wp-content\/uploads\/sites\/32\/2020\/04\/red-bit-626x400.jpg 626w, https:\/\/spinlama.com\/pl\/wp-content\/uploads\/sites\/32\/2020\/04\/red-bit-768x491.jpg 768w, https:\/\/spinlama.com\/pl\/wp-content\/uploads\/sites\/32\/2020\/04\/red-bit-510x326.jpg 510w\" sizes=\"(max-width: 298px) 100vw, 298px\" \/><\/td>\n<\/tr>\n<tr style=\"height: 107px\">\n<td style=\"width: 33.3333%;text-align: center;height: 107px\"><span style=\"font-size: 120%\"><strong>Nak\u0142adka ceramiczna \u2013 medium<\/strong> (niebieska)\u00a0<\/span><\/td>\n<td style=\"width: 33.3333%;height: 107px;text-align: center\"><img loading=\"lazy\" decoding=\"async\" class=\"aligncenter wp-image-138788\" src=\"https:\/\/spinlama.com\/pl\/wp-content\/uploads\/sites\/16\/2020\/04\/blue-bit.jpg\" alt=\"\" width=\"300\" height=\"192\" srcset=\"https:\/\/spinlama.com\/pl\/wp-content\/uploads\/sites\/32\/2020\/04\/blue-bit.jpg 1080w, https:\/\/spinlama.com\/pl\/wp-content\/uploads\/sites\/32\/2020\/04\/blue-bit-626x400.jpg 626w, https:\/\/spinlama.com\/pl\/wp-content\/uploads\/sites\/32\/2020\/04\/blue-bit-768x491.jpg 768w, https:\/\/spinlama.com\/pl\/wp-content\/uploads\/sites\/32\/2020\/04\/blue-bit-510x326.jpg 510w\" sizes=\"(max-width: 300px) 100vw, 300px\" \/><\/td>\n<\/tr>\n<tr style=\"height: 107px\">\n<td style=\"width: 33.3333%;text-align: center;height: 107px\"><span style=\"font-size: 120%\"><strong> Nak\u0142adka ceramiczna \u2013 gruba<\/strong> (zielona)<\/span><\/td>\n<td style=\"width: 33.3333%;height: 107px;text-align: center\"><img loading=\"lazy\" decoding=\"async\" class=\"aligncenter wp-image-138794\" src=\"https:\/\/spinlama.com\/pl\/wp-content\/uploads\/sites\/16\/2020\/04\/green-bit.jpg\" alt=\"\" width=\"300\" height=\"192\" srcset=\"https:\/\/spinlama.com\/pl\/wp-content\/uploads\/sites\/32\/2020\/04\/green-bit.jpg 1080w, https:\/\/spinlama.com\/pl\/wp-content\/uploads\/sites\/32\/2020\/04\/green-bit-626x400.jpg 626w, https:\/\/spinlama.com\/pl\/wp-content\/uploads\/sites\/32\/2020\/04\/green-bit-768x491.jpg 768w, https:\/\/spinlama.com\/pl\/wp-content\/uploads\/sites\/32\/2020\/04\/green-bit-510x326.jpg 510w\" sizes=\"(max-width: 300px) 100vw, 300px\" \/><\/td>\n<\/tr>\n<\/tbody>\n<\/table>\n<p>&nbsp;<\/p>\n<p style=\"text-align: center\"><span style=\"text-decoration: underline;font-size: 130%\"><strong>Ta\u015bmy szlifierskie<\/strong><\/span><\/p>\n<p style=\"text-align: center\"><span style=\"font-size: 115%\"><strong>Papier\/ta\u015bmy szlifierskie nadaj\u0105 si\u0119 do piel\u0119gnacji naturalnych paznokci.<\/strong> S\u0105 idealne dla pocz\u0105tkuj\u0105cych lub tych, kt\u00f3rzy nadal zapoznaj\u0105 si\u0119 z r\u00f3\u017cnymi sposobami formowania i stylizacji paznokci. Opakowanie zawiera oko\u0142o 100 sztuk ta\u015bm szlifierskich.<\/span><\/p>\n<p style=\"text-align: center\"><img loading=\"lazy\" decoding=\"async\" class=\"alignnone wp-image-138798 size-medium\" src=\"https:\/\/spinlama.com\/pl\/wp-content\/uploads\/sites\/16\/2020\/04\/strips3-400x400.jpg\" alt=\"\" width=\"400\" height=\"400\" srcset=\"https:\/\/spinlama.com\/pl\/wp-content\/uploads\/sites\/32\/2020\/04\/strips3-400x400.jpg 400w, https:\/\/spinlama.com\/pl\/wp-content\/uploads\/sites\/32\/2020\/04\/strips3-800x800.jpg 800w, https:\/\/spinlama.com\/pl\/wp-content\/uploads\/sites\/32\/2020\/04\/strips3-280x280.jpg 280w, https:\/\/spinlama.com\/pl\/wp-content\/uploads\/sites\/32\/2020\/04\/strips3-768x768.jpg 768w, https:\/\/spinlama.com\/pl\/wp-content\/uploads\/sites\/32\/2020\/04\/strips3-510x510.jpg 510w, https:\/\/spinlama.com\/pl\/wp-content\/uploads\/sites\/32\/2020\/04\/strips3-100x100.jpg 100w, https:\/\/spinlama.com\/pl\/wp-content\/uploads\/sites\/32\/2020\/04\/strips3.jpg 1000w\" sizes=\"(max-width: 400px) 100vw, 400px\" \/> <img loading=\"lazy\" decoding=\"async\" class=\"alignnone wp-image-138797 size-medium\" src=\"https:\/\/spinlama.com\/pl\/wp-content\/uploads\/sites\/16\/2020\/04\/strips-2-494x400.jpg\" alt=\"\" width=\"494\" height=\"400\" srcset=\"https:\/\/spinlama.com\/pl\/wp-content\/uploads\/sites\/32\/2020\/04\/strips-2-494x400.jpg 494w, https:\/\/spinlama.com\/pl\/wp-content\/uploads\/sites\/32\/2020\/04\/strips-2-988x800.jpg 988w, https:\/\/spinlama.com\/pl\/wp-content\/uploads\/sites\/32\/2020\/04\/strips-2-768x622.jpg 768w, https:\/\/spinlama.com\/pl\/wp-content\/uploads\/sites\/32\/2020\/04\/strips-2-510x413.jpg 510w, https:\/\/spinlama.com\/pl\/wp-content\/uploads\/sites\/32\/2020\/04\/strips-2.jpg 1000w\" sizes=\"(max-width: 494px) 100vw, 494px\" \/><\/p>\n<p>&nbsp;<\/p>\n<p style=\"text-align: center\"><span style=\"text-decoration: underline\"><span style=\"font-size: 130%\"><strong>12-cz\u0119\u015bciowy komplet nak\u0142adek<\/strong><\/span><\/span><\/p>\n<p style=\"text-align: center\"><span style=\"font-size: 115%\">Pakiet nak\u0142adek \u015bciernych zawiera 6 nak\u0142adek do szlifowania, pi\u0142owania paznokci i piel\u0119gnacji sk\u00f3rek przy paznokciach oraz 6 ta\u015bm szlifierskich.<\/span><br \/>\n<span style=\"font-size: 115%\">Zestaw nadaje si\u0119 do pe\u0142nej piel\u0119gnacji naturalnych paznokci i sk\u00f3rek.<\/span><\/p>\n<p style=\"text-align: center\"><img loading=\"lazy\" decoding=\"async\" class=\"wp-image-138801 alignnone\" src=\"https:\/\/spinlama.com\/pl\/wp-content\/uploads\/sites\/16\/2020\/04\/basic-set-1-800x800.jpg\" alt=\"\" width=\"400\" height=\"400\" srcset=\"https:\/\/spinlama.com\/pl\/wp-content\/uploads\/sites\/32\/2020\/04\/basic-set-1-800x800.jpg 800w, https:\/\/spinlama.com\/pl\/wp-content\/uploads\/sites\/32\/2020\/04\/basic-set-1-400x400.jpg 400w, https:\/\/spinlama.com\/pl\/wp-content\/uploads\/sites\/32\/2020\/04\/basic-set-1-280x280.jpg 280w, https:\/\/spinlama.com\/pl\/wp-content\/uploads\/sites\/32\/2020\/04\/basic-set-1-768x768.jpg 768w, https:\/\/spinlama.com\/pl\/wp-content\/uploads\/sites\/32\/2020\/04\/basic-set-1-510x510.jpg 510w, https:\/\/spinlama.com\/pl\/wp-content\/uploads\/sites\/32\/2020\/04\/basic-set-1-100x100.jpg 100w, https:\/\/spinlama.com\/pl\/wp-content\/uploads\/sites\/32\/2020\/04\/basic-set-1.jpg 1000w\" sizes=\"(max-width: 400px) 100vw, 400px\" \/> <img loading=\"lazy\" decoding=\"async\" class=\"wp-image-138806 alignnone\" src=\"https:\/\/spinlama.com\/pl\/wp-content\/uploads\/sites\/16\/2020\/04\/drill-set-basic2.jpg\" alt=\"\" width=\"504\" height=\"400\" srcset=\"https:\/\/spinlama.com\/pl\/wp-content\/uploads\/sites\/32\/2020\/04\/drill-set-basic2.jpg 1000w, https:\/\/spinlama.com\/pl\/wp-content\/uploads\/sites\/32\/2020\/04\/drill-set-basic2-504x400.jpg 504w, https:\/\/spinlama.com\/pl\/wp-content\/uploads\/sites\/32\/2020\/04\/drill-set-basic2-768x609.jpg 768w, https:\/\/spinlama.com\/pl\/wp-content\/uploads\/sites\/32\/2020\/04\/drill-set-basic2-510x404.jpg 510w\" sizes=\"(max-width: 504px) 100vw, 504px\" \/><\/p>\n<p style=\"text-align: center\"><span style=\"text-decoration: underline;font-size: 130%\"><strong>Nak\u0142adki ceramiczne<\/strong><\/span><\/p>\n<p style=\"text-align: center\"><span style=\"font-size: 115%\"><strong>Nak\u0142adki ceramiczne nadaj\u0105 si\u0119 do formowania i usuwania \u017celu UV oraz akrylu.<\/strong><br \/>\nNie zaleca si\u0119 stosowanie na naturalnych paznokciach!<\/span><\/p>\n<p style=\"text-align: center\"><img loading=\"lazy\" decoding=\"async\" class=\"aligncenter wp-image-138793\" src=\"https:\/\/spinlama.com\/pl\/wp-content\/uploads\/sites\/16\/2020\/04\/ezgif.com-gif-maker.gif\" alt=\"\" width=\"600\" height=\"339\" \/><\/p>\n<p style=\"text-align: center\"><span style=\"font-size: 115%\">Nak\u0142adki s\u0105 idealne do usuwania \u017celi strukturalnych i kamufluj\u0105cych oraz mas akrylowych. Dzi\u0119ki solidnemu materia\u0142owi ceramicznemu nak\u0142adki maj\u0105 znacznie d\u0142u\u017csz\u0105 \u017cywotno\u015b\u0107 ni\u017c inne nak\u0142adki, a zalet\u0105 materia\u0142u ceramicznego jest to, \u017ce podczas szlifowania nie nagrzewa si\u0119 tak szybko jak inne materia\u0142y.<\/span><\/p>\n<p style=\"text-align: center\"><img loading=\"lazy\" decoding=\"async\" class=\"aligncenter wp-image-138790\" src=\"https:\/\/spinlama.com\/pl\/wp-content\/uploads\/sites\/16\/2020\/04\/ceramic-bits.jpg\" alt=\"\" width=\"763\" height=\"340\" srcset=\"https:\/\/spinlama.com\/pl\/wp-content\/uploads\/sites\/32\/2020\/04\/ceramic-bits.jpg 893w, https:\/\/spinlama.com\/pl\/wp-content\/uploads\/sites\/32\/2020\/04\/ceramic-bits-800x357.jpg 800w, https:\/\/spinlama.com\/pl\/wp-content\/uploads\/sites\/32\/2020\/04\/ceramic-bits-768x342.jpg 768w, https:\/\/spinlama.com\/pl\/wp-content\/uploads\/sites\/32\/2020\/04\/ceramic-bits-510x227.jpg 510w\" sizes=\"(max-width: 763px) 100vw, 763px\" \/><\/p>\n<p style=\"text-align: center\"><span style=\"font-size: 115%\">Czyszczenie i konserwacja nak\u0142adek jest \u0142atwa, poniewa\u017c po u\u017cyciu mo\u017cna je przep\u0142uka\u0107 letni\u0105 wod\u0105, a nast\u0119pnie zdezynfekowa\u0107 alkoholem medycznym, zapewniaj\u0105c d\u0142ugotrwa\u0142e bezpieczne u\u017cycie.<\/span><\/p>\n<p style=\"text-align: center\"><strong><span style=\"font-size: 120%\">Dost\u0119pne s\u0105 3 nak\u0142adki, kt\u00f3re r\u00f3\u017cni\u0105 si\u0119 w zale\u017cno\u015bci od stopnia szorstko\u015bci:<\/span><\/strong><\/p>\n<p style=\"text-align: center\"><img loading=\"lazy\" decoding=\"async\" class=\"alignnone wp-image-138821 size-medium\" src=\"https:\/\/spinlama.com\/pl\/wp-content\/uploads\/sites\/16\/2020\/04\/red-bit-02-332x400.jpg\" alt=\"\" width=\"332\" height=\"400\" srcset=\"https:\/\/spinlama.com\/pl\/wp-content\/uploads\/sites\/32\/2020\/04\/red-bit-02-332x400.jpg 332w, https:\/\/spinlama.com\/pl\/wp-content\/uploads\/sites\/32\/2020\/04\/red-bit-02-664x800.jpg 664w, https:\/\/spinlama.com\/pl\/wp-content\/uploads\/sites\/32\/2020\/04\/red-bit-02-768x926.jpg 768w, https:\/\/spinlama.com\/pl\/wp-content\/uploads\/sites\/32\/2020\/04\/red-bit-02-510x615.jpg 510w, https:\/\/spinlama.com\/pl\/wp-content\/uploads\/sites\/32\/2020\/04\/red-bit-02-494x593.jpg 494w, https:\/\/spinlama.com\/pl\/wp-content\/uploads\/sites\/32\/2020\/04\/red-bit-02.jpg 896w\" sizes=\"(max-width: 332px) 100vw, 332px\" \/><img loading=\"lazy\" decoding=\"async\" class=\"alignnone wp-image-138816 size-medium\" src=\"https:\/\/spinlama.com\/pl\/wp-content\/uploads\/sites\/16\/2020\/04\/blue-bit-02-332x400.jpg\" alt=\"\" width=\"332\" height=\"400\" srcset=\"https:\/\/spinlama.com\/pl\/wp-content\/uploads\/sites\/32\/2020\/04\/blue-bit-02-332x400.jpg 332w, https:\/\/spinlama.com\/pl\/wp-content\/uploads\/sites\/32\/2020\/04\/blue-bit-02-664x800.jpg 664w, https:\/\/spinlama.com\/pl\/wp-content\/uploads\/sites\/32\/2020\/04\/blue-bit-02-768x926.jpg 768w, https:\/\/spinlama.com\/pl\/wp-content\/uploads\/sites\/32\/2020\/04\/blue-bit-02-510x615.jpg 510w, https:\/\/spinlama.com\/pl\/wp-content\/uploads\/sites\/32\/2020\/04\/blue-bit-02-494x593.jpg 494w, https:\/\/spinlama.com\/pl\/wp-content\/uploads\/sites\/32\/2020\/04\/blue-bit-02.jpg 896w\" sizes=\"(max-width: 332px) 100vw, 332px\" \/> <img loading=\"lazy\" decoding=\"async\" class=\"alignnone wp-image-138819 size-medium\" src=\"https:\/\/spinlama.com\/pl\/wp-content\/uploads\/sites\/16\/2020\/04\/green-bit-02-332x400.jpg\" alt=\"\" width=\"332\" height=\"400\" srcset=\"https:\/\/spinlama.com\/pl\/wp-content\/uploads\/sites\/32\/2020\/04\/green-bit-02-332x400.jpg 332w, https:\/\/spinlama.com\/pl\/wp-content\/uploads\/sites\/32\/2020\/04\/green-bit-02-664x800.jpg 664w, https:\/\/spinlama.com\/pl\/wp-content\/uploads\/sites\/32\/2020\/04\/green-bit-02-768x926.jpg 768w, https:\/\/spinlama.com\/pl\/wp-content\/uploads\/sites\/32\/2020\/04\/green-bit-02-510x615.jpg 510w, https:\/\/spinlama.com\/pl\/wp-content\/uploads\/sites\/32\/2020\/04\/green-bit-02-494x593.jpg 494w, https:\/\/spinlama.com\/pl\/wp-content\/uploads\/sites\/32\/2020\/04\/green-bit-02.jpg 896w\" sizes=\"(max-width: 332px) 100vw, 332px\" \/><\/p>\n<p>&nbsp;<\/p>\n<hr \/>\n<p style=\"text-align: center\"><strong><span style=\"font-size: 110%\">Aparat NIE jest uwzgl\u0119dniony w powy\u017cszej ofercie, ale mo\u017cna go naby\u0107 tutaj:<\/span><\/strong><\/p>\n<p style=\"text-align: center\">\n\t<a class=\"plain\" href=\"https:\/\/spinlama.com\/pl\/produkt\/vivonaildrill\/\" target=\"_blank\" rel=\"noopener\" >\t<div class=\"icon-box featured-box icon-box-center text-center\"  >\n\t\t\t\t\t<div class=\"icon-box-img\" style=\"width: 150px\">\n\t\t\t\t<div class=\"icon\">\n\t\t\t\t\t<div class=\"icon-inner\" >\n\t\t\t\t\t\t<img decoding=\"async\" src=\"https:\/\/spinlama.com\/pl\/wp-content\/uploads\/sites\/16\/2019\/11\/nail-drill-0-510x510.jpg\" alt=\"Vivo Nail Drill\"\/>\t\t\t\t\t<\/div>\n\t\t\t\t<\/div>\n\t\t\t<\/div>\n\t\t\t\t<div class=\"icon-box-text last-reset\">\n\t\t\t<h5 class=\"uppercase\">Vivo Nail Drill<\/h5>\t\t\t\t\t\t\n<p style=\"text-align: center\"><a href=\"https:\/\/spinlama.com\/pl\/produkt\/vivonaildrill\/\" target=\"_blank\" rel=\"noopener noreferrer\">spinlama.com\/pl\/produkt\/vivonaildrill\/<\/a><\/p>\n<p style=\"text-align: center\">\t\t<\/div>\n\t<\/div>\n\t<\/a>\n\t\n","protected":false},"excerpt":{"rendered":"<p><span style=\"font-size: 120%\"><strong>Nak\u0142adki do idealnego przycinania naturalnych lub sztucznych paznokci!<\/strong><\/span><\/p>\n<p><span style=\"font-size: 110%\">W\u015br\u00f3d gamy nak\u0142adek, kt\u00f3rych mo\u017cna u\u017cywa\u0107 z aparatem Vivo Nail Drill, znajdziecie tak\u017ce nak\u0142adki ceramiczne o r\u00f3\u017cnym stopniu chropowato\u015bci, kompletny zestaw wszechstronnych nak\u0142adek \u015bciernych oraz opakowanie maj\u0105ce a\u017c 100 ta\u015bm szlifierskich!<\/span><\/p>\n","protected":false},"featured_media":138832,"comment_status":"closed","ping_status":"closed","template":"","meta":[],"product_cat":[520,68],"product_tag":[385,381,382,387,389,386,384,388,379,380,383],"aioseo_notices":[],"_links":{"self":[{"href":"https:\/\/spinlama.com\/pl\/wp-json\/wp\/v2\/product\/138759"}],"collection":[{"href":"https:\/\/spinlama.com\/pl\/wp-json\/wp\/v2\/product"}],"about":[{"href":"https:\/\/spinlama.com\/pl\/wp-json\/wp\/v2\/types\/product"}],"replies":[{"embeddable":true,"href":"https:\/\/spinlama.com\/pl\/wp-json\/wp\/v2\/comments?post=138759"}],"version-history":[{"count":3,"href":"https:\/\/spinlama.com\/pl\/wp-json\/wp\/v2\/product\/138759\/revisions"}],"predecessor-version":[{"id":271985,"href":"https:\/\/spinlama.com\/pl\/wp-json\/wp\/v2\/product\/138759\/revisions\/271985"}],"wp:featuredmedia":[{"embeddable":true,"href":"https:\/\/spinlama.com\/pl\/wp-json\/wp\/v2\/media\/138832"}],"wp:attachment":[{"href":"https:\/\/spinlama.com\/pl\/wp-json\/wp\/v2\/media?parent=138759"}],"wp:term":[{"taxonomy":"product_cat","embeddable":true,"href":"https:\/\/spinlama.com\/pl\/wp-json\/wp\/v2\/product_cat?post=138759"},{"taxonomy":"product_tag","embeddable":true,"href":"https:\/\/spinlama.com\/pl\/wp-json\/wp\/v2\/product_tag?post=138759"}],"curies":[{"name":"wp","href":"https:\/\/api.w.org\/{rel}","templated":true}]}}