{"id":170917,"date":"2020-08-18T14:12:33","date_gmt":"2020-08-18T12:12:33","guid":{"rendered":"https:\/\/vivozebra.pl\/?post_type=product&#038;p=170917"},"modified":"2022-09-08T12:04:27","modified_gmt":"2022-09-08T10:04:27","slug":"vacpack","status":"publish","type":"product","link":"https:\/\/spinlama.com\/pl\/produkt\/vacpack\/","title":{"rendered":"VacPack \u2013 Zestaw 7 work\u00f3w pr\u00f3\u017cniowych do przechowywania i ochrony odzie\u017cy, po\u015bcieli i zabawek"},"content":{"rendered":"<p style=\"text-align: center\"><strong><span style=\"font-size: 110%\">Koniec z zagraconymi szafami \u2013 niech w domu zapanuje porz\u0105dek!<\/span><\/strong><br \/>\n<span style=\"font-size: 110%\">Mog\u0105 Pa\u0144stwo zapakowa\u0107 do worka pr\u00f3\u017cniowego ubrania sezonowe, zabawki, po\u015bciel i inne niepotrzebne rzeczy, zyskuj\u0105c dzi\u0119ki temu miejsce w szafie.<\/span><\/p>\n<p style=\"text-align: center\"><img fetchpriority=\"high\" decoding=\"async\" class=\"aligncenter wp-image-179194\" src=\"https:\/\/spinlama.com\/pl\/wp-content\/uploads\/sites\/16\/2020\/08\/vacpack-01b-gif.gif\" alt=\"\" width=\"500\" height=\"500\" \/><\/p>\n<p style=\"text-align: center\"><strong><span style=\"font-size: 110%\">1, 2, 3 \u2013 porz\u0105dek w szafie!<\/span><\/strong><br \/>\n<span style=\"font-size: 110%\">Wi\u0119cej miejsca w trzech prostych krokach. Wystarczy w\u0142o\u017cy\u0107 rzeczy do worka, dok\u0142adnie go zamkn\u0105\u0107 i odessa\u0107 z niego powietrze za pomoc\u0105 odkurzacza lub do\u0142\u0105czonej pompki.<\/span><\/p>\n<p style=\"text-align: center\"><img decoding=\"async\" class=\"aligncenter wp-image-179195\" src=\"https:\/\/spinlama.com\/pl\/wp-content\/uploads\/sites\/16\/2020\/08\/vacpack-03b-gif.gif\" alt=\"\" width=\"500\" height=\"333\" \/><\/p>\n<p style=\"text-align: center\"><strong><span style=\"font-size: 110%\">Przechowywanie przez kr\u00f3tki lub d\u0142ugi okres (przechowywanie sezonowe)<\/span><\/strong><br \/>\n<span style=\"font-size: 110%\">Worki idealnie nadaj\u0105 si\u0119 do przechowywania ubra\u0144 sezonowych, kurtek, swetr\u00f3w, koc\u00f3w, pokrowc\u00f3w, poduszek, bielizny, kostium\u00f3w karnawa\u0142owych, zabawek i innych mi\u0119kkich przedmiot\u00f3w.<\/span><\/p>\n<p style=\"text-align: center\"><img decoding=\"async\" class=\"aligncenter wp-image-179180\" src=\"https:\/\/spinlama.com\/pl\/wp-content\/uploads\/sites\/16\/2020\/08\/vacpack-01b-895x800.jpg\" alt=\"\" width=\"500\" height=\"447\" srcset=\"https:\/\/spinlama.com\/pl\/wp-content\/uploads\/sites\/32\/2020\/08\/vacpack-01b-895x800.jpg 895w, https:\/\/spinlama.com\/pl\/wp-content\/uploads\/sites\/32\/2020\/08\/vacpack-01b-447x400.jpg 447w, https:\/\/spinlama.com\/pl\/wp-content\/uploads\/sites\/32\/2020\/08\/vacpack-01b-768x687.jpg 768w, https:\/\/spinlama.com\/pl\/wp-content\/uploads\/sites\/32\/2020\/08\/vacpack-01b-510x456.jpg 510w, https:\/\/spinlama.com\/pl\/wp-content\/uploads\/sites\/32\/2020\/08\/vacpack-01b.jpg 1000w\" sizes=\"(max-width: 500px) 100vw, 500px\" \/><\/p>\n<p style=\"text-align: center\"><strong><span style=\"font-size: 110%\">Pe\u0142na ochrona<\/span><\/strong><br \/>\n<span style=\"font-size: 110%\">Worki chroni\u0105 ubrania przed wod\u0105, wilgoci\u0105, molami, brudem, ple\u015bni\u0105 i nieprzyjemnymi zapachami.<\/span><\/p>\n<p style=\"text-align: center\"><img loading=\"lazy\" decoding=\"async\" class=\"aligncenter wp-image-179187\" src=\"https:\/\/spinlama.com\/pl\/wp-content\/uploads\/sites\/16\/2020\/08\/vacpack-03-800x800.jpg\" alt=\"\" width=\"500\" height=\"500\" srcset=\"https:\/\/spinlama.com\/pl\/wp-content\/uploads\/sites\/32\/2020\/08\/vacpack-03-800x800.jpg 800w, https:\/\/spinlama.com\/pl\/wp-content\/uploads\/sites\/32\/2020\/08\/vacpack-03-400x400.jpg 400w, https:\/\/spinlama.com\/pl\/wp-content\/uploads\/sites\/32\/2020\/08\/vacpack-03-280x280.jpg 280w, https:\/\/spinlama.com\/pl\/wp-content\/uploads\/sites\/32\/2020\/08\/vacpack-03-768x768.jpg 768w, https:\/\/spinlama.com\/pl\/wp-content\/uploads\/sites\/32\/2020\/08\/vacpack-03-510x510.jpg 510w, https:\/\/spinlama.com\/pl\/wp-content\/uploads\/sites\/32\/2020\/08\/vacpack-03-100x100.jpg 100w, https:\/\/spinlama.com\/pl\/wp-content\/uploads\/sites\/32\/2020\/08\/vacpack-03.jpg 1000w\" sizes=\"(max-width: 500px) 100vw, 500px\" \/><\/p>\n<p style=\"text-align: center\"><strong><span style=\"font-size: 110%\">Ogromna oszcz\u0119dno\u015b\u0107 miejsca<\/span><\/strong><br \/>\n<span style=\"font-size: 110%\">Worki pr\u00f3\u017cniowe doskonale spe\u0142ni\u0105 wszystkie potrzeby w zakresie przechowywania \u2013 dzi\u0119ki nim mo\u017cna oszcz\u0119dzi\u0107 a\u017c do 80% miejsca. Po odessaniu powietrza worki mo\u017cna bez problemu schowa\u0107 pod \u0142\u00f3\u017ckiem, na p\u00f3\u0142ce, pod szaf\u0105 itp.<\/span><\/p>\n<p style=\"text-align: center\"><img loading=\"lazy\" decoding=\"async\" class=\"aligncenter size-full wp-image-179197\" src=\"https:\/\/spinlama.com\/pl\/wp-content\/uploads\/sites\/16\/2020\/08\/vacpack-05b-gif.gif\" alt=\"\" width=\"510\" height=\"300\" \/><\/p>\n<p style=\"text-align: center\"><strong><span style=\"font-size: 110%\">Odporne i trwa\u0142e<\/span><\/strong><br \/>\n<span style=\"font-size: 110%\">Worki zosta\u0142y wykonane z wytrzyma\u0142ego, dwuwarstwowego materia\u0142u, s\u0105 odporne na uszkodzenia i rozdarcia, maj\u0105 podw\u00f3jne zapi\u0119cie z dodatkowym zabezpieczeniem przed nieszczelno\u015bci\u0105. Plastik jest p\u00f3\u0142przezroczysty, dzi\u0119ki czemu mo\u017cna b\u0142yskawicznie sprawdzi\u0107 zawarto\u015b\u0107 work\u00f3w.<\/span><\/p>\n<p style=\"text-align: center\"><img loading=\"lazy\" decoding=\"async\" class=\"aligncenter wp-image-179188\" src=\"https:\/\/spinlama.com\/pl\/wp-content\/uploads\/sites\/16\/2020\/08\/vacpack-04-800x800.jpg\" alt=\"\" width=\"500\" height=\"500\" srcset=\"https:\/\/spinlama.com\/pl\/wp-content\/uploads\/sites\/32\/2020\/08\/vacpack-04-800x800.jpg 800w, https:\/\/spinlama.com\/pl\/wp-content\/uploads\/sites\/32\/2020\/08\/vacpack-04-400x400.jpg 400w, https:\/\/spinlama.com\/pl\/wp-content\/uploads\/sites\/32\/2020\/08\/vacpack-04-280x280.jpg 280w, https:\/\/spinlama.com\/pl\/wp-content\/uploads\/sites\/32\/2020\/08\/vacpack-04-768x768.jpg 768w, https:\/\/spinlama.com\/pl\/wp-content\/uploads\/sites\/32\/2020\/08\/vacpack-04-510x510.jpg 510w, https:\/\/spinlama.com\/pl\/wp-content\/uploads\/sites\/32\/2020\/08\/vacpack-04-100x100.jpg 100w, https:\/\/spinlama.com\/pl\/wp-content\/uploads\/sites\/32\/2020\/08\/vacpack-04-600x600.jpg 600w, https:\/\/spinlama.com\/pl\/wp-content\/uploads\/sites\/32\/2020\/08\/vacpack-04.jpg 1000w\" sizes=\"(max-width: 500px) 100vw, 500px\" \/><\/p>\n<p style=\"text-align: center\"><strong><span style=\"font-size: 110%\">W zestawie pompka turystyczna<\/span><\/strong><br \/>\n<span style=\"font-size: 110%\">Worki \u015bwietnie sprawdz\u0105 si\u0119 w podr\u00f3\u017cy \u2013 w zestawie znajduje si\u0119 r\u00f3wnie\u017c praktyczna i kompaktowa pompka do r\u0119cznego odsysania powietrza, kt\u00f3r\u0105 mo\u017cna zabra\u0107 ze sob\u0105 w dowolne miejsce.<\/span><\/p>\n<p style=\"text-align: center\"><img loading=\"lazy\" decoding=\"async\" class=\"aligncenter wp-image-179190\" src=\"https:\/\/spinlama.com\/pl\/wp-content\/uploads\/sites\/16\/2020\/08\/vacpack-06-800x800.jpg\" alt=\"\" width=\"500\" height=\"500\" srcset=\"https:\/\/spinlama.com\/pl\/wp-content\/uploads\/sites\/32\/2020\/08\/vacpack-06-800x800.jpg 800w, https:\/\/spinlama.com\/pl\/wp-content\/uploads\/sites\/32\/2020\/08\/vacpack-06-400x400.jpg 400w, https:\/\/spinlama.com\/pl\/wp-content\/uploads\/sites\/32\/2020\/08\/vacpack-06-280x280.jpg 280w, https:\/\/spinlama.com\/pl\/wp-content\/uploads\/sites\/32\/2020\/08\/vacpack-06-768x768.jpg 768w, https:\/\/spinlama.com\/pl\/wp-content\/uploads\/sites\/32\/2020\/08\/vacpack-06-510x510.jpg 510w, https:\/\/spinlama.com\/pl\/wp-content\/uploads\/sites\/32\/2020\/08\/vacpack-06-100x100.jpg 100w, https:\/\/spinlama.com\/pl\/wp-content\/uploads\/sites\/32\/2020\/08\/vacpack-06-600x600.jpg 600w, https:\/\/spinlama.com\/pl\/wp-content\/uploads\/sites\/32\/2020\/08\/vacpack-06.jpg 1000w\" sizes=\"(max-width: 500px) 100vw, 500px\" \/><\/p>\n<p style=\"text-align: center\"><strong><span style=\"font-size: 110%\">Czas na porz\u0105dek w domu lub domku letniskowym<\/span><\/strong><br \/>\n<span style=\"font-size: 110%\">Worki pr\u00f3\u017cniowe pozwalaj\u0105 na zwolnienie znacznej przestrzeni, dzi\u0119ki czemu w szafie znowu zapanuje porz\u0105dek, a Pa\u0144stwo odetchn\u0105 z ulg\u0105. \ud83d\ude09<\/span><\/p>\n<p style=\"text-align: center\"><img loading=\"lazy\" decoding=\"async\" class=\"aligncenter wp-image-179181\" src=\"https:\/\/spinlama.com\/pl\/wp-content\/uploads\/sites\/16\/2020\/08\/vacpack-02b-800x800.jpg\" alt=\"\" width=\"500\" height=\"500\" srcset=\"https:\/\/spinlama.com\/pl\/wp-content\/uploads\/sites\/32\/2020\/08\/vacpack-02b-800x800.jpg 800w, https:\/\/spinlama.com\/pl\/wp-content\/uploads\/sites\/32\/2020\/08\/vacpack-02b-400x400.jpg 400w, https:\/\/spinlama.com\/pl\/wp-content\/uploads\/sites\/32\/2020\/08\/vacpack-02b-280x280.jpg 280w, https:\/\/spinlama.com\/pl\/wp-content\/uploads\/sites\/32\/2020\/08\/vacpack-02b-768x768.jpg 768w, https:\/\/spinlama.com\/pl\/wp-content\/uploads\/sites\/32\/2020\/08\/vacpack-02b-510x510.jpg 510w, https:\/\/spinlama.com\/pl\/wp-content\/uploads\/sites\/32\/2020\/08\/vacpack-02b-100x100.jpg 100w, https:\/\/spinlama.com\/pl\/wp-content\/uploads\/sites\/32\/2020\/08\/vacpack-02b.jpg 1000w\" sizes=\"(max-width: 500px) 100vw, 500px\" \/><\/p>\n<p style=\"text-align: center\"><strong><span style=\"font-size: 110%\">\u0141atwe w u\u017cyciu<\/span><\/strong><br \/>\n<span style=\"font-size: 110%\">W\u0142o\u017cy\u0107 rzeczy do worka i zamkn\u0105\u0107 go (kilkakrotnie przesun\u0105\u0107 zapi\u0119cie z jednej strony na drug\u0105). Wypompowa\u0107 powietrze za pomoc\u0105 odkurzacza lub do\u0142\u0105czonej pompki. Zamkn\u0105\u0107 zaw\u00f3r zatyczk\u0105.<\/span><\/p>\n<p style=\"text-align: center\"><img loading=\"lazy\" decoding=\"async\" class=\"aligncenter wp-image-179191\" src=\"https:\/\/spinlama.com\/pl\/wp-content\/uploads\/sites\/16\/2020\/08\/vacpack-07-800x800.jpg\" alt=\"\" width=\"500\" height=\"500\" srcset=\"https:\/\/spinlama.com\/pl\/wp-content\/uploads\/sites\/32\/2020\/08\/vacpack-07-800x800.jpg 800w, https:\/\/spinlama.com\/pl\/wp-content\/uploads\/sites\/32\/2020\/08\/vacpack-07-400x400.jpg 400w, https:\/\/spinlama.com\/pl\/wp-content\/uploads\/sites\/32\/2020\/08\/vacpack-07-280x280.jpg 280w, https:\/\/spinlama.com\/pl\/wp-content\/uploads\/sites\/32\/2020\/08\/vacpack-07-768x768.jpg 768w, https:\/\/spinlama.com\/pl\/wp-content\/uploads\/sites\/32\/2020\/08\/vacpack-07-510x510.jpg 510w, https:\/\/spinlama.com\/pl\/wp-content\/uploads\/sites\/32\/2020\/08\/vacpack-07-100x100.jpg 100w, https:\/\/spinlama.com\/pl\/wp-content\/uploads\/sites\/32\/2020\/08\/vacpack-07-600x600.jpg 600w, https:\/\/spinlama.com\/pl\/wp-content\/uploads\/sites\/32\/2020\/08\/vacpack-07.jpg 1000w\" sizes=\"(max-width: 500px) 100vw, 500px\" \/><\/p>\n<p style=\"text-align: left\"><strong><span style=\"font-size: 105%\">Cechy:<\/span><\/strong><br \/>\n<span style=\"font-size: 105%\">\u2013 Zapewniaj\u0105 wyj\u0105tkow\u0105 oszcz\u0119dno\u015b\u0107 miejsca (do 80%)<\/span><br \/>\n<span style=\"font-size: 105%\">\u2013 \u015awietny dodatek w domu i w podr\u00f3\u017cy<\/span><br \/>\n<span style=\"font-size: 105%\">\u2013 Podw\u00f3jne zapi\u0119cie dla szczelnego zamkni\u0119cia<\/span><br \/>\n<span style=\"font-size: 105%\">\u2013 Odporne na uszkodzenia i rozdarcia<\/span><br \/>\n<span style=\"font-size: 105%\">\u2013 Wykonane z wytrzyma\u0142ego dwuwarstwowego materia\u0142u<\/span><br \/>\n<span style=\"font-size: 105%\">\u2013 Zestaw zawiera worki o r\u00f3\u017cnych rozmiarach<\/span><br \/>\n<span style=\"font-size: 105%\">\u2013 Nadaje si\u0119 do przechowywania w szafie, piwnicy, na strychu<\/span><br \/>\n<span style=\"font-size: 105%\">\u2013 Ochrona przed wod\u0105, wilgoci\u0105, molami, brudem, ple\u015bni\u0105 i zapachami<\/span><br \/>\n<span style=\"font-size: 105%\">\u2013 Odsysanie powietrza za pomoc\u0105 odkurzacza lub do\u0142\u0105czonej pompki r\u0119cznej<\/span><\/p>\n<p style=\"text-align: center\"><img loading=\"lazy\" decoding=\"async\" class=\"aligncenter wp-image-179192 size-medium\" src=\"https:\/\/spinlama.com\/pl\/wp-content\/uploads\/sites\/16\/2020\/08\/vacpack-08-632x400.jpg\" alt=\"\" width=\"632\" height=\"400\" srcset=\"https:\/\/spinlama.com\/pl\/wp-content\/uploads\/sites\/32\/2020\/08\/vacpack-08-632x400.jpg 632w, https:\/\/spinlama.com\/pl\/wp-content\/uploads\/sites\/32\/2020\/08\/vacpack-08-1265x800.jpg 1265w, https:\/\/spinlama.com\/pl\/wp-content\/uploads\/sites\/32\/2020\/08\/vacpack-08-768x486.jpg 768w, https:\/\/spinlama.com\/pl\/wp-content\/uploads\/sites\/32\/2020\/08\/vacpack-08-510x323.jpg 510w, https:\/\/spinlama.com\/pl\/wp-content\/uploads\/sites\/32\/2020\/08\/vacpack-08.jpg 1421w\" sizes=\"(max-width: 632px) 100vw, 632px\" \/><\/p>\n<p style=\"text-align: left\"><strong><span style=\"font-size: 105%\">W zestawie worki o r\u00f3\u017cnych rozmiarach:<\/span><\/strong><br \/>\n<span style=\"font-size: 105%\">\u2022 2 x worek XXL: 80 x 100 cm<\/span><br \/>\n<span style=\"font-size: 105%\">\u2022 2 x du\u017cy worek: 70 x 100 cm<\/span><br \/>\n<span style=\"font-size: 105%\">\u2022 2 x \u015bredni worek: 60 x 80 cm<\/span><br \/>\n<span style=\"font-size: 105%\">\u2022 1 x ma\u0142y worek 50 x 70 cm<\/span><br \/>\n<strong><span style=\"font-size: 105%\">+ GRATIS: pompka r\u0119czna<\/span><\/strong><\/p>\n<p style=\"text-align: center\"><img loading=\"lazy\" decoding=\"async\" class=\"aligncenter wp-image-179204\" src=\"https:\/\/spinlama.com\/pl\/wp-content\/uploads\/sites\/16\/2020\/08\/vacpack_09-800x800.jpg\" alt=\"\" width=\"600\" height=\"600\" srcset=\"https:\/\/spinlama.com\/pl\/wp-content\/uploads\/sites\/32\/2020\/08\/vacpack_09-800x800.jpg 800w, https:\/\/spinlama.com\/pl\/wp-content\/uploads\/sites\/32\/2020\/08\/vacpack_09-400x400.jpg 400w, https:\/\/spinlama.com\/pl\/wp-content\/uploads\/sites\/32\/2020\/08\/vacpack_09-280x280.jpg 280w, https:\/\/spinlama.com\/pl\/wp-content\/uploads\/sites\/32\/2020\/08\/vacpack_09-768x768.jpg 768w, https:\/\/spinlama.com\/pl\/wp-content\/uploads\/sites\/32\/2020\/08\/vacpack_09-510x510.jpg 510w, https:\/\/spinlama.com\/pl\/wp-content\/uploads\/sites\/32\/2020\/08\/vacpack_09-100x100.jpg 100w, https:\/\/spinlama.com\/pl\/wp-content\/uploads\/sites\/32\/2020\/08\/vacpack_09.jpg 1000w\" sizes=\"(max-width: 600px) 100vw, 600px\" \/><\/p>\n","protected":false},"excerpt":{"rendered":"<p><strong><span style=\"font-size: 120%\">Worki pr\u00f3\u017cniowe s\u0105 doskona\u0142ym rozwi\u0105zaniem do przechowywania, poniewa\u017c pozwalaj\u0105 na znaczn\u0105 oszcz\u0119dno\u015b\u0107 miejsca, a jednocze\u015bnie chroni\u0105 przedmioty przed wilgoci\u0105, nieprzyjemnymi zapachami i molami.<\/span><\/strong><\/p>\n<p><span style=\"font-size: 105%\">S\u0105 idealnym wyborem do przechowywania ubra\u0144 sezonowych, kurtek, koc\u00f3w, po\u015bcieli, r\u0119cznik\u00f3w, zabawek i sukienek i wielu innych rzeczy.<\/span><\/p>\n<p><span style=\"font-size: 90%\"><em><span style=\"text-decoration: underline\">* W zestawie znajduje si\u0119 r\u00f3wnie\u017c pompka do r\u0119cznego odsysania powietrza &#8211; GRATIS!<\/span><\/em><\/span><\/p>\n","protected":false},"featured_media":179178,"comment_status":"closed","ping_status":"closed","template":"","meta":[],"product_cat":[68],"product_tag":[457,440,458,437,459,438,439,456],"aioseo_notices":[],"_links":{"self":[{"href":"https:\/\/spinlama.com\/pl\/wp-json\/wp\/v2\/product\/170917"}],"collection":[{"href":"https:\/\/spinlama.com\/pl\/wp-json\/wp\/v2\/product"}],"about":[{"href":"https:\/\/spinlama.com\/pl\/wp-json\/wp\/v2\/types\/product"}],"replies":[{"embeddable":true,"href":"https:\/\/spinlama.com\/pl\/wp-json\/wp\/v2\/comments?post=170917"}],"version-history":[{"count":4,"href":"https:\/\/spinlama.com\/pl\/wp-json\/wp\/v2\/product\/170917\/revisions"}],"predecessor-version":[{"id":228373,"href":"https:\/\/spinlama.com\/pl\/wp-json\/wp\/v2\/product\/170917\/revisions\/228373"}],"wp:featuredmedia":[{"embeddable":true,"href":"https:\/\/spinlama.com\/pl\/wp-json\/wp\/v2\/media\/179178"}],"wp:attachment":[{"href":"https:\/\/spinlama.com\/pl\/wp-json\/wp\/v2\/media?parent=170917"}],"wp:term":[{"taxonomy":"product_cat","embeddable":true,"href":"https:\/\/spinlama.com\/pl\/wp-json\/wp\/v2\/product_cat?post=170917"},{"taxonomy":"product_tag","embeddable":true,"href":"https:\/\/spinlama.com\/pl\/wp-json\/wp\/v2\/product_tag?post=170917"}],"curies":[{"name":"wp","href":"https:\/\/api.w.org\/{rel}","templated":true}]}}