{"id":183792,"date":"2020-12-08T11:12:51","date_gmt":"2020-12-08T10:12:51","guid":{"rendered":"https:\/\/vivozebra.pl\/?post_type=product&#038;p=183792"},"modified":"2024-09-27T14:04:34","modified_gmt":"2024-09-27T12:04:34","slug":"smartflake-18w1","status":"publish","type":"product","link":"https:\/\/spinlama.com\/pl\/produkt\/smartflake-18w1\/","title":{"rendered":"Smartflake 18w1 \u2013 wielofunkcyjne narz\u0119dzie w kszta\u0142cie p\u0142atka \u015bniegu"},"content":{"rendered":"<p style=\"text-align: center\"><span style=\"font-size: 110%\"><strong>Nowatorski projekt w kszta\u0142cie p\u0142atka \u015bniegu z a\u017c 18\u00a0r\u00f3\u017cnymi funkcjami!<br \/>\n<img fetchpriority=\"high\" decoding=\"async\" class=\"alignnone size-full wp-image-183793\" src=\"https:\/\/spinlama.com\/pl\/wp-content\/uploads\/sites\/16\/2020\/12\/ezgif.com-gif-maker-1.gif\" alt=\"\" width=\"320\" height=\"219\" \/><br \/>\n<\/strong><\/span><span style=\"font-size: 110%\"><strong>Narz\u0119dzia mo\u017cna u\u017cywa\u0107 do przykr\u0119cania \u015brub, otwierania butelek, naprawiania k\u00f3\u0142, deskorolek, zabawek\u2026<br \/>\n<img decoding=\"async\" class=\"alignnone size-medium wp-image-183794\" src=\"https:\/\/spinlama.com\/pl\/wp-content\/uploads\/sites\/16\/2020\/12\/img4-400x400.jpg\" alt=\"\" width=\"400\" height=\"400\" srcset=\"https:\/\/spinlama.com\/pl\/wp-content\/uploads\/sites\/32\/2020\/12\/img4-400x400.jpg 400w, https:\/\/spinlama.com\/pl\/wp-content\/uploads\/sites\/32\/2020\/12\/img4-800x800.jpg 800w, https:\/\/spinlama.com\/pl\/wp-content\/uploads\/sites\/32\/2020\/12\/img4-280x280.jpg 280w, https:\/\/spinlama.com\/pl\/wp-content\/uploads\/sites\/32\/2020\/12\/img4-768x768.jpg 768w, https:\/\/spinlama.com\/pl\/wp-content\/uploads\/sites\/32\/2020\/12\/img4-510x510.jpg 510w, https:\/\/spinlama.com\/pl\/wp-content\/uploads\/sites\/32\/2020\/12\/img4-100x100.jpg 100w, https:\/\/spinlama.com\/pl\/wp-content\/uploads\/sites\/32\/2020\/12\/img4-600x600.jpg 600w, https:\/\/spinlama.com\/pl\/wp-content\/uploads\/sites\/32\/2020\/12\/img4.jpg 1000w\" sizes=\"(max-width: 400px) 100vw, 400px\" \/><br \/>\n<\/strong><\/span><strong style=\"font-size: 110%\">Produkt wykonany jest ze stali nierdzewnej.<br \/>\n<img decoding=\"async\" class=\"alignnone size-full wp-image-183795\" src=\"https:\/\/spinlama.com\/pl\/wp-content\/uploads\/sites\/16\/2020\/12\/giphy.gif\" alt=\"\" width=\"480\" height=\"255\" \/><br \/>\n<\/strong><span style=\"font-size: 110%\"><strong>\u00a0<\/strong><\/span><span style=\"font-size: 110%\"><strong>Wszechstronne narz\u0119dzie<\/strong> \u2013 <strong>wkr\u0119tak <\/strong>(p\u0142aski, krzy\u017cowy lub klucz imbusowy w 6\u00a0rozmiarach), <strong>n\u00f3\u017c<\/strong> (do przecinania ta\u015bm i sznurk\u00f3w), <strong>klucz oczkowy<\/strong> (7\u00a0rozmiar\u00f3w) oraz <strong>otwieracz do butelek<\/strong> z praktycznym otworem, dzi\u0119ki czemu narz\u0119dzie mo\u017cna nosi\u0107 jako <strong>brelok do kluczy<\/strong>.<br \/>\n<img loading=\"lazy\" decoding=\"async\" class=\"alignnone size-full wp-image-183796\" src=\"https:\/\/spinlama.com\/pl\/wp-content\/uploads\/sites\/16\/2020\/12\/8_b32e6649-55d0-4f7b-a72e-f0c955c51f49_480x480.gif\" alt=\"\" width=\"320\" height=\"208\" \/><br \/>\n<img loading=\"lazy\" decoding=\"async\" class=\"alignnone size-medium wp-image-183797\" src=\"https:\/\/spinlama.com\/pl\/wp-content\/uploads\/sites\/16\/2020\/12\/funkcije-PL-400x400.jpg\" alt=\"\" width=\"400\" height=\"400\" srcset=\"https:\/\/spinlama.com\/pl\/wp-content\/uploads\/sites\/32\/2020\/12\/funkcije-PL-400x400.jpg 400w, https:\/\/spinlama.com\/pl\/wp-content\/uploads\/sites\/32\/2020\/12\/funkcije-PL-800x800.jpg 800w, https:\/\/spinlama.com\/pl\/wp-content\/uploads\/sites\/32\/2020\/12\/funkcije-PL-280x280.jpg 280w, https:\/\/spinlama.com\/pl\/wp-content\/uploads\/sites\/32\/2020\/12\/funkcije-PL-768x768.jpg 768w, https:\/\/spinlama.com\/pl\/wp-content\/uploads\/sites\/32\/2020\/12\/funkcije-PL-510x510.jpg 510w, https:\/\/spinlama.com\/pl\/wp-content\/uploads\/sites\/32\/2020\/12\/funkcije-PL-100x100.jpg 100w, https:\/\/spinlama.com\/pl\/wp-content\/uploads\/sites\/32\/2020\/12\/funkcije-PL-600x600.jpg 600w, https:\/\/spinlama.com\/pl\/wp-content\/uploads\/sites\/32\/2020\/12\/funkcije-PL.jpg 1000w\" sizes=\"(max-width: 400px) 100vw, 400px\" \/><br \/>\n<\/span><span style=\"font-size: 110%\"><strong>\u015awietny pomys\u0142 na prezent! Czas uszcz\u0119\u015bliwi\u0107 swoich przyjaci\u00f3\u0142 i podarowa\u0107 im przydatny prezent.<br \/>\n<img loading=\"lazy\" decoding=\"async\" class=\"alignnone size-medium wp-image-183798\" src=\"https:\/\/spinlama.com\/pl\/wp-content\/uploads\/sites\/16\/2020\/12\/kolaz-800x400.png\" alt=\"\" width=\"800\" height=\"400\" srcset=\"https:\/\/spinlama.com\/pl\/wp-content\/uploads\/sites\/32\/2020\/12\/kolaz-800x400.png 800w, https:\/\/spinlama.com\/pl\/wp-content\/uploads\/sites\/32\/2020\/12\/kolaz-768x384.png 768w, https:\/\/spinlama.com\/pl\/wp-content\/uploads\/sites\/32\/2020\/12\/kolaz-510x255.png 510w, https:\/\/spinlama.com\/pl\/wp-content\/uploads\/sites\/32\/2020\/12\/kolaz.png 1000w\" sizes=\"(max-width: 800px) 100vw, 800px\" \/><br \/>\n<\/strong><\/span><span style=\"font-size: 110%\"><strong>Warto zawsze mie\u0107 to narz\u0119dzie ze sob\u0105.\u00a0<\/strong>Ze wzgl\u0119du na niewielki rozmiar i praktyczne zastosowanie produkt mo\u017cna \u0142atwo doczepi\u0107 do kluczy, w\u0142o\u017cy\u0107 do kieszeni lub plecaka.<\/span><\/p>\n<p style=\"text-align: center\"><img loading=\"lazy\" decoding=\"async\" class=\"alignnone size-medium wp-image-183799\" src=\"https:\/\/spinlama.com\/pl\/wp-content\/uploads\/sites\/16\/2020\/12\/img6-400x400.jpg\" alt=\"\" width=\"400\" height=\"400\" srcset=\"https:\/\/spinlama.com\/pl\/wp-content\/uploads\/sites\/32\/2020\/12\/img6-400x400.jpg 400w, https:\/\/spinlama.com\/pl\/wp-content\/uploads\/sites\/32\/2020\/12\/img6-800x800.jpg 800w, https:\/\/spinlama.com\/pl\/wp-content\/uploads\/sites\/32\/2020\/12\/img6-280x280.jpg 280w, https:\/\/spinlama.com\/pl\/wp-content\/uploads\/sites\/32\/2020\/12\/img6-768x768.jpg 768w, https:\/\/spinlama.com\/pl\/wp-content\/uploads\/sites\/32\/2020\/12\/img6-510x510.jpg 510w, https:\/\/spinlama.com\/pl\/wp-content\/uploads\/sites\/32\/2020\/12\/img6-100x100.jpg 100w, https:\/\/spinlama.com\/pl\/wp-content\/uploads\/sites\/32\/2020\/12\/img6.jpg 1000w\" sizes=\"(max-width: 400px) 100vw, 400px\" \/><\/p>\n<p style=\"text-align: left\"><span style=\"font-size: 110%\"><strong>Charakterystyka:<\/strong><\/span><br \/>\n<span style=\"font-size: 110%\">\u2013 Uniwersalne narz\u0119dzie z 18\u00a0r\u00f3\u017cnymi funkcjami<\/span><br \/>\n<span style=\"font-size: 110%\">\u2013 \u015awietny pomys\u0142 na prezent<\/span><br \/>\n<span style=\"font-size: 110%\">\u2013 Mo\u017cliwo\u015b\u0107 u\u017cycia w dowolnym miejscu i czasie<\/span><br \/>\n<span style=\"font-size: 110%\">\u2013 Odporno\u015b\u0107 na warunki atmosferyczne<\/span><br \/>\n<span style=\"font-size: 110%\">\u2013 Brelok do kluczy<\/span><\/p>\n<p style=\"text-align: left\"><span style=\"font-size: 110%\"><strong>Specyfikacja<\/strong><strong>:<\/strong><\/span><br \/>\n<span style=\"font-size: 110%\">\u2013 kolor: srebrny<\/span><br \/>\n<span style=\"font-size: 110%\">\u2013 materia\u0142: stal nierdzewna<\/span><br \/>\n<span style=\"font-size: 110%\">\u2013 wymiary: 4,6\u00a0cm x 4,6\u00a0cm<\/span><br \/>\n<span style=\"font-size: 110%\">\u2013 waga: 78\u00a0g<\/span><\/p>\n<p style=\"text-align: center\"><img loading=\"lazy\" decoding=\"async\" class=\"alignnone size-medium wp-image-183800\" src=\"https:\/\/spinlama.com\/pl\/wp-content\/uploads\/sites\/16\/2020\/12\/img7-400x400.jpg\" alt=\"\" width=\"400\" height=\"400\" srcset=\"https:\/\/spinlama.com\/pl\/wp-content\/uploads\/sites\/32\/2020\/12\/img7-400x400.jpg 400w, https:\/\/spinlama.com\/pl\/wp-content\/uploads\/sites\/32\/2020\/12\/img7-800x800.jpg 800w, https:\/\/spinlama.com\/pl\/wp-content\/uploads\/sites\/32\/2020\/12\/img7-280x280.jpg 280w, https:\/\/spinlama.com\/pl\/wp-content\/uploads\/sites\/32\/2020\/12\/img7-768x768.jpg 768w, https:\/\/spinlama.com\/pl\/wp-content\/uploads\/sites\/32\/2020\/12\/img7-510x510.jpg 510w, https:\/\/spinlama.com\/pl\/wp-content\/uploads\/sites\/32\/2020\/12\/img7-100x100.jpg 100w, https:\/\/spinlama.com\/pl\/wp-content\/uploads\/sites\/32\/2020\/12\/img7.jpg 1000w\" sizes=\"(max-width: 400px) 100vw, 400px\" \/><\/p>\n<p style=\"text-align: left\"><span style=\"font-size: 110%\"><strong>Zawarto\u015b\u0107 zestawu<\/strong><\/span><br \/>\n<span style=\"font-size: 110%\">1x Smartflake 18\u00a0w\u00a01<\/span><br \/>\n<span style=\"font-size: 110%\">1x k\u00f3\u0142ko do kluczy<\/span><br \/>\n<span style=\"font-size: 110%\">1x torebka do przechowywania<\/span><\/p>\n<p style=\"text-align: center\"><img loading=\"lazy\" decoding=\"async\" class=\"alignnone size-medium wp-image-183801\" src=\"https:\/\/spinlama.com\/pl\/wp-content\/uploads\/sites\/16\/2020\/12\/img8-400x400.jpg\" alt=\"\" width=\"400\" height=\"400\" srcset=\"https:\/\/spinlama.com\/pl\/wp-content\/uploads\/sites\/32\/2020\/12\/img8-400x400.jpg 400w, https:\/\/spinlama.com\/pl\/wp-content\/uploads\/sites\/32\/2020\/12\/img8-800x800.jpg 800w, https:\/\/spinlama.com\/pl\/wp-content\/uploads\/sites\/32\/2020\/12\/img8-280x280.jpg 280w, https:\/\/spinlama.com\/pl\/wp-content\/uploads\/sites\/32\/2020\/12\/img8-768x768.jpg 768w, https:\/\/spinlama.com\/pl\/wp-content\/uploads\/sites\/32\/2020\/12\/img8-510x510.jpg 510w, https:\/\/spinlama.com\/pl\/wp-content\/uploads\/sites\/32\/2020\/12\/img8-100x100.jpg 100w, https:\/\/spinlama.com\/pl\/wp-content\/uploads\/sites\/32\/2020\/12\/img8.jpg 1000w\" sizes=\"(max-width: 400px) 100vw, 400px\" \/><\/p>\n","protected":false},"excerpt":{"rendered":"<p><span style=\"font-size: 110%\">Wielofunkcyjne i niezwykle praktyczne narz\u0119dzie oferuj\u0105ce a\u017c 18 r\u00f3\u017cnych funkcji! Mo\u017cna u\u017cywa\u0107 go jako wkr\u0119taka lub klucza, otworzy\u0107 nim pude\u0142ka, butelki, dokr\u0119ci\u0107 \u015brub\u0119 ko\u0142a, przeci\u0105\u0107 sznurek lub ta\u015bm\u0119 klej\u0105c\u0105 i wiele wi\u0119cej.<\/span><\/p>\n<p><span style=\"font-size: 110%\">To niezast\u0105piony gad\u017cet do dora\u017anych napraw w domu, w podr\u00f3\u017cy, na wakacjach, na pikniku, na biwaku lub w plenerze.<\/span><\/p>\n<p><strong><span style=\"font-size: 110%\">\ud83c\udf81\u015awietny pomys\u0142 na prezent!\ud83c\udf81<\/span><\/strong><\/p>\n","protected":false},"featured_media":183802,"comment_status":"closed","ping_status":"closed","template":"","meta":[],"product_cat":[520,499,68],"product_tag":[923,924,925,926,927,928,929],"aioseo_notices":[],"_links":{"self":[{"href":"https:\/\/spinlama.com\/pl\/wp-json\/wp\/v2\/product\/183792"}],"collection":[{"href":"https:\/\/spinlama.com\/pl\/wp-json\/wp\/v2\/product"}],"about":[{"href":"https:\/\/spinlama.com\/pl\/wp-json\/wp\/v2\/types\/product"}],"replies":[{"embeddable":true,"href":"https:\/\/spinlama.com\/pl\/wp-json\/wp\/v2\/comments?post=183792"}],"version-history":[{"count":2,"href":"https:\/\/spinlama.com\/pl\/wp-json\/wp\/v2\/product\/183792\/revisions"}],"predecessor-version":[{"id":239237,"href":"https:\/\/spinlama.com\/pl\/wp-json\/wp\/v2\/product\/183792\/revisions\/239237"}],"wp:featuredmedia":[{"embeddable":true,"href":"https:\/\/spinlama.com\/pl\/wp-json\/wp\/v2\/media\/183802"}],"wp:attachment":[{"href":"https:\/\/spinlama.com\/pl\/wp-json\/wp\/v2\/media?parent=183792"}],"wp:term":[{"taxonomy":"product_cat","embeddable":true,"href":"https:\/\/spinlama.com\/pl\/wp-json\/wp\/v2\/product_cat?post=183792"},{"taxonomy":"product_tag","embeddable":true,"href":"https:\/\/spinlama.com\/pl\/wp-json\/wp\/v2\/product_tag?post=183792"}],"curies":[{"name":"wp","href":"https:\/\/api.w.org\/{rel}","templated":true}]}}