{"id":234000,"date":"2021-11-19T11:03:25","date_gmt":"2021-11-19T10:03:25","guid":{"rendered":"https:\/\/vivozebra.pl\/?post_type=product&#038;p=234000"},"modified":"2023-09-12T10:47:49","modified_gmt":"2023-09-12T08:47:49","slug":"magicwipe","status":"publish","type":"product","link":"https:\/\/spinlama.com\/pl\/produkt\/magicwipe\/","title":{"rendered":"MagicWipe \u2013 Uniwersalne magiczne \u015bciereczki [5 + 5 GRATIS]"},"content":{"rendered":"\t\t<div data-elementor-type=\"product-post\" data-elementor-id=\"234000\" class=\"elementor elementor-234000\" data-elementor-post-type=\"product\">\n\t\t\t\t\t\t<section class=\"elementor-section elementor-top-section elementor-element elementor-element-55517879 elementor-section-boxed elementor-section-height-default elementor-section-height-default\" data-id=\"55517879\" data-element_type=\"section\">\n\t\t\t\t\t\t<div class=\"elementor-container elementor-column-gap-default\">\n\t\t\t\t\t<div class=\"elementor-column elementor-col-50 elementor-top-column elementor-element elementor-element-74859511\" data-id=\"74859511\" data-element_type=\"column\">\n\t\t\t<div class=\"elementor-widget-wrap elementor-element-populated\">\n\t\t\t\t\t\t<div class=\"elementor-element elementor-element-33d42cfb elementor-widget elementor-widget-text-editor\" data-id=\"33d42cfb\" data-element_type=\"widget\" data-widget_type=\"text-editor.default\">\n\t\t\t\t<div class=\"elementor-widget-container\">\n\t\t\t<style>\/*! elementor - v3.21.0 - 18-04-2024 *\/\n.elementor-widget-text-editor.elementor-drop-cap-view-stacked .elementor-drop-cap{background-color:#69727d;color:#fff}.elementor-widget-text-editor.elementor-drop-cap-view-framed .elementor-drop-cap{color:#69727d;border:3px solid;background-color:transparent}.elementor-widget-text-editor:not(.elementor-drop-cap-view-default) .elementor-drop-cap{margin-top:8px}.elementor-widget-text-editor:not(.elementor-drop-cap-view-default) .elementor-drop-cap-letter{width:1em;height:1em}.elementor-widget-text-editor .elementor-drop-cap{float:left;text-align:center;line-height:1;font-size:50px}.elementor-widget-text-editor .elementor-drop-cap-letter{display:inline-block}<\/style>\t\t\t\t<h2>Idealne \u015bciereczki do wszystkich powierzchni!<\/h2><p><strong>MagicWipe<\/strong> to niesamowicie skuteczne i rewolucyjne rozwi\u0105zanie, kt\u00f3re podbija ca\u0142y \u015bwiat!<\/p><p>Nadaj\u0105 si\u0119 do wycierania mokrych plam i \u015bcierania kurzu z powierzchni.\u00a0<\/p><p>Dla najlepszych efekt\u00f3w przetrzyj powierzchni\u0119 najpierw wilgotn\u0105, a nast\u0119pnie such\u0105 \u015bciereczk\u0105. Mo\u017cesz u\u017cywa\u0107 tylko wody, nie potrzebujesz \u015brodk\u00f3w czyszcz\u0105cych.\u00a0<\/p>\t\t\t\t\t\t<\/div>\n\t\t\t\t<\/div>\n\t\t\t\t\t<\/div>\n\t\t<\/div>\n\t\t\t\t<div class=\"elementor-column elementor-col-50 elementor-top-column elementor-element elementor-element-2213da90\" data-id=\"2213da90\" data-element_type=\"column\">\n\t\t\t<div class=\"elementor-widget-wrap elementor-element-populated\">\n\t\t\t\t\t\t<div class=\"elementor-element elementor-element-2945c02b elementor-widget elementor-widget-image\" data-id=\"2945c02b\" data-element_type=\"widget\" data-widget_type=\"image.default\">\n\t\t\t\t<div class=\"elementor-widget-container\">\n\t\t\t<style>\/*! elementor - v3.21.0 - 18-04-2024 *\/\n.elementor-widget-image{text-align:center}.elementor-widget-image a{display:inline-block}.elementor-widget-image a img[src$=\".svg\"]{width:48px}.elementor-widget-image img{vertical-align:middle;display:inline-block}<\/style>\t\t\t\t\t\t\t\t\t\t<img fetchpriority=\"high\" decoding=\"async\" width=\"400\" height=\"400\" src=\"https:\/\/spinlama.com\/pl\/wp-content\/uploads\/sites\/32\/2021\/11\/IMG_4553-copy-1-400x400.jpg\" class=\"attachment-medium size-medium wp-image-234056\" alt=\"\" srcset=\"https:\/\/spinlama.com\/pl\/wp-content\/uploads\/sites\/32\/2021\/11\/IMG_4553-copy-1-400x400.jpg 400w, https:\/\/spinlama.com\/pl\/wp-content\/uploads\/sites\/32\/2021\/11\/IMG_4553-copy-1-600x600.jpg 600w, https:\/\/spinlama.com\/pl\/wp-content\/uploads\/sites\/32\/2021\/11\/IMG_4553-copy-1-100x100.jpg 100w, https:\/\/spinlama.com\/pl\/wp-content\/uploads\/sites\/32\/2021\/11\/IMG_4553-copy-1-800x800.jpg 800w, https:\/\/spinlama.com\/pl\/wp-content\/uploads\/sites\/32\/2021\/11\/IMG_4553-copy-1-280x280.jpg 280w, https:\/\/spinlama.com\/pl\/wp-content\/uploads\/sites\/32\/2021\/11\/IMG_4553-copy-1-768x768.jpg 768w, https:\/\/spinlama.com\/pl\/wp-content\/uploads\/sites\/32\/2021\/11\/IMG_4553-copy-1.jpg 1000w\" sizes=\"(max-width: 400px) 100vw, 400px\" \/>\t\t\t\t\t\t\t\t\t\t\t\t\t<\/div>\n\t\t\t\t<\/div>\n\t\t\t\t\t<\/div>\n\t\t<\/div>\n\t\t\t\t\t<\/div>\n\t\t<\/section>\n\t\t\t\t<section class=\"elementor-section elementor-top-section elementor-element elementor-element-535b3870 elementor-reverse-mobile elementor-section-boxed elementor-section-height-default elementor-section-height-default\" data-id=\"535b3870\" data-element_type=\"section\">\n\t\t\t\t\t\t<div class=\"elementor-container elementor-column-gap-default\">\n\t\t\t\t\t<div class=\"elementor-column elementor-col-50 elementor-top-column elementor-element elementor-element-5e658cb4\" data-id=\"5e658cb4\" data-element_type=\"column\">\n\t\t\t<div class=\"elementor-widget-wrap elementor-element-populated\">\n\t\t\t\t\t\t<div class=\"elementor-element elementor-element-5bdbe2ec elementor-arrows-position-inside elementor-pagination-position-outside elementor-widget elementor-widget-image-carousel\" data-id=\"5bdbe2ec\" data-element_type=\"widget\" data-settings=\"{&quot;slides_to_show&quot;:&quot;1&quot;,&quot;navigation&quot;:&quot;both&quot;,&quot;autoplay&quot;:&quot;yes&quot;,&quot;pause_on_hover&quot;:&quot;yes&quot;,&quot;pause_on_interaction&quot;:&quot;yes&quot;,&quot;autoplay_speed&quot;:5000,&quot;infinite&quot;:&quot;yes&quot;,&quot;effect&quot;:&quot;slide&quot;,&quot;speed&quot;:500}\" data-widget_type=\"image-carousel.default\">\n\t\t\t\t<div class=\"elementor-widget-container\">\n\t\t\t<style>\/*! elementor - v3.21.0 - 18-04-2024 *\/\n.elementor-widget-image-carousel .swiper,.elementor-widget-image-carousel .swiper-container{position:static}.elementor-widget-image-carousel .swiper-container .swiper-slide figure,.elementor-widget-image-carousel .swiper .swiper-slide figure{line-height:inherit}.elementor-widget-image-carousel .swiper-slide{text-align:center}.elementor-image-carousel-wrapper:not(.swiper-container-initialized):not(.swiper-initialized) .swiper-slide{max-width:calc(100% \/ var(--e-image-carousel-slides-to-show, 3))}<\/style>\t\t<div class=\"elementor-image-carousel-wrapper swiper\" dir=\"ltr\">\n\t\t\t<div class=\"elementor-image-carousel swiper-wrapper\" aria-live=\"off\">\n\t\t\t\t\t\t\t\t<div class=\"swiper-slide\" role=\"group\" aria-roledescription=\"slide\" aria-label=\"1 of 4\"><figure class=\"swiper-slide-inner\"><img decoding=\"async\" class=\"swiper-slide-image\" src=\"https:\/\/spinlama.com\/pl\/wp-content\/uploads\/sites\/32\/2021\/11\/EW-img-11-1-400x400.jpg\" alt=\"EW-img-11.jpg\" \/><\/figure><\/div><div class=\"swiper-slide\" role=\"group\" aria-roledescription=\"slide\" aria-label=\"2 of 4\"><figure class=\"swiper-slide-inner\"><img decoding=\"async\" class=\"swiper-slide-image\" src=\"https:\/\/spinlama.com\/pl\/wp-content\/uploads\/sites\/32\/2021\/11\/IMG_4554-1-400x400.jpg\" alt=\"IMG_4554-1.jpg\" \/><\/figure><\/div><div class=\"swiper-slide\" role=\"group\" aria-roledescription=\"slide\" aria-label=\"3 of 4\"><figure class=\"swiper-slide-inner\"><img decoding=\"async\" class=\"swiper-slide-image\" src=\"https:\/\/spinlama.com\/pl\/wp-content\/uploads\/sites\/32\/2021\/11\/EW-img-12-copy-1-400x400.jpg\" alt=\"EW-img-12-copy-1.jpg\" \/><\/figure><\/div><div class=\"swiper-slide\" role=\"group\" aria-roledescription=\"slide\" aria-label=\"4 of 4\"><figure class=\"swiper-slide-inner\"><img decoding=\"async\" class=\"swiper-slide-image\" src=\"https:\/\/spinlama.com\/pl\/wp-content\/uploads\/sites\/32\/2021\/11\/IMG_4394-removebg-preview-copy-1-400x400.png\" alt=\"IMG_4394-removebg-preview-copy.png\" \/><\/figure><\/div>\t\t\t<\/div>\n\t\t\t\t\t\t\t\t\t\t\t\t<div class=\"elementor-swiper-button elementor-swiper-button-prev\" role=\"button\" tabindex=\"0\">\n\t\t\t\t\t\t<i aria-hidden=\"true\" class=\"eicon-chevron-left\"><\/i>\t\t\t\t\t<\/div>\n\t\t\t\t\t<div class=\"elementor-swiper-button elementor-swiper-button-next\" role=\"button\" tabindex=\"0\">\n\t\t\t\t\t\t<i aria-hidden=\"true\" class=\"eicon-chevron-right\"><\/i>\t\t\t\t\t<\/div>\n\t\t\t\t\n\t\t\t\t\t\t\t\t\t<div class=\"swiper-pagination\"><\/div>\n\t\t\t\t\t\t\t\t\t<\/div>\n\t\t\t\t<\/div>\n\t\t\t\t<\/div>\n\t\t\t\t\t<\/div>\n\t\t<\/div>\n\t\t\t\t<div class=\"elementor-column elementor-col-50 elementor-top-column elementor-element elementor-element-1a86b11\" data-id=\"1a86b11\" data-element_type=\"column\">\n\t\t\t<div class=\"elementor-widget-wrap elementor-element-populated\">\n\t\t\t\t\t\t<div class=\"elementor-element elementor-element-36446ef7 elementor-widget elementor-widget-text-editor\" data-id=\"36446ef7\" data-element_type=\"widget\" data-widget_type=\"text-editor.default\">\n\t\t\t\t<div class=\"elementor-widget-container\">\n\t\t\t\t\t\t\t<p>\u2705 \u015aciereczki doskonale nadaj\u0105 si\u0119 do wycierania i polerowania powierzchni szklanych.<\/p><p>\u2705 S\u0105 wykonane z mi\u0119kkiego, wytrzyma\u0142ego i przyjaznego dla sk\u00f3ry materia\u0142u.<\/p><p>\u2705 Skutecznie usuwaj\u0105 r\u00f3wnie\u017c kurz z g\u0142adkich powierzchni.<\/p><p>\u2705 Mo\u017cna ich te\u017c z powodzeniem u\u017cywa\u0107 do czyszczenia ekran\u00f3w urz\u0105dze\u0144.<\/p>\t\t\t\t\t\t<\/div>\n\t\t\t\t<\/div>\n\t\t\t\t\t<\/div>\n\t\t<\/div>\n\t\t\t\t\t<\/div>\n\t\t<\/section>\n\t\t\t\t<section class=\"elementor-section elementor-top-section elementor-element elementor-element-51d5357 elementor-section-boxed elementor-section-height-default elementor-section-height-default\" data-id=\"51d5357\" data-element_type=\"section\">\n\t\t\t\t\t\t<div class=\"elementor-container elementor-column-gap-default\">\n\t\t\t\t\t<div class=\"elementor-column elementor-col-50 elementor-top-column elementor-element elementor-element-334398a9\" data-id=\"334398a9\" data-element_type=\"column\">\n\t\t\t<div class=\"elementor-widget-wrap elementor-element-populated\">\n\t\t\t\t\t\t<div class=\"elementor-element elementor-element-494c52aa elementor-widget elementor-widget-text-editor\" data-id=\"494c52aa\" data-element_type=\"widget\" data-widget_type=\"text-editor.default\">\n\t\t\t\t<div class=\"elementor-widget-container\">\n\t\t\t\t\t\t\t<p>\u015aciereczki XL, kt\u00f3re po prostu musisz mie\u0107! Polerowanie, wycieranie i czyszczenie bez pozostawiania w\u0142\u00f3kien \ud83d\ude0a<\/p>\t\t\t\t\t\t<\/div>\n\t\t\t\t<\/div>\n\t\t\t\t\t<\/div>\n\t\t<\/div>\n\t\t\t\t<div class=\"elementor-column elementor-col-50 elementor-top-column elementor-element elementor-element-4214f18e\" data-id=\"4214f18e\" data-element_type=\"column\">\n\t\t\t<div class=\"elementor-widget-wrap elementor-element-populated\">\n\t\t\t\t\t\t<div class=\"elementor-element elementor-element-39d2feb9 elementor-widget elementor-widget-image\" data-id=\"39d2feb9\" data-element_type=\"widget\" data-widget_type=\"image.default\">\n\t\t\t\t<div class=\"elementor-widget-container\">\n\t\t\t\t\t\t\t\t\t\t\t\t\t<img decoding=\"async\" width=\"400\" height=\"400\" src=\"https:\/\/spinlama.com\/pl\/wp-content\/uploads\/sites\/32\/2021\/11\/MW-PROD-5-PL-400x400.jpg\" class=\"attachment-medium size-medium wp-image-234091\" alt=\"\" srcset=\"https:\/\/spinlama.com\/pl\/wp-content\/uploads\/sites\/32\/2021\/11\/MW-PROD-5-PL-400x400.jpg 400w, https:\/\/spinlama.com\/pl\/wp-content\/uploads\/sites\/32\/2021\/11\/MW-PROD-5-PL-600x600.jpg 600w, https:\/\/spinlama.com\/pl\/wp-content\/uploads\/sites\/32\/2021\/11\/MW-PROD-5-PL-100x100.jpg 100w, https:\/\/spinlama.com\/pl\/wp-content\/uploads\/sites\/32\/2021\/11\/MW-PROD-5-PL-800x800.jpg 800w, https:\/\/spinlama.com\/pl\/wp-content\/uploads\/sites\/32\/2021\/11\/MW-PROD-5-PL-280x280.jpg 280w, https:\/\/spinlama.com\/pl\/wp-content\/uploads\/sites\/32\/2021\/11\/MW-PROD-5-PL-768x768.jpg 768w, https:\/\/spinlama.com\/pl\/wp-content\/uploads\/sites\/32\/2021\/11\/MW-PROD-5-PL.jpg 1080w\" sizes=\"(max-width: 400px) 100vw, 400px\" \/>\t\t\t\t\t\t\t\t\t\t\t\t\t<\/div>\n\t\t\t\t<\/div>\n\t\t\t\t\t<\/div>\n\t\t<\/div>\n\t\t\t\t\t<\/div>\n\t\t<\/section>\n\t\t\t\t<section class=\"elementor-section elementor-top-section elementor-element elementor-element-244944e3 elementor-section-boxed elementor-section-height-default elementor-section-height-default\" data-id=\"244944e3\" data-element_type=\"section\">\n\t\t\t\t\t\t<div class=\"elementor-container elementor-column-gap-default\">\n\t\t\t\t\t<div class=\"elementor-column elementor-col-100 elementor-top-column elementor-element elementor-element-e291c34\" data-id=\"e291c34\" data-element_type=\"column\">\n\t\t\t<div class=\"elementor-widget-wrap elementor-element-populated\">\n\t\t\t\t\t\t<div class=\"elementor-element elementor-element-2280210f elementor-widget elementor-widget-accordion\" data-id=\"2280210f\" data-element_type=\"widget\" data-widget_type=\"accordion.default\">\n\t\t\t\t<div class=\"elementor-widget-container\">\n\t\t\t<style>\/*! elementor - v3.21.0 - 18-04-2024 *\/\n.elementor-accordion{text-align:start}.elementor-accordion .elementor-accordion-item{border:1px solid #d5d8dc}.elementor-accordion .elementor-accordion-item+.elementor-accordion-item{border-top:none}.elementor-accordion .elementor-tab-title{margin:0;padding:15px 20px;font-weight:700;line-height:1;cursor:pointer;outline:none}.elementor-accordion .elementor-tab-title .elementor-accordion-icon{display:inline-block;width:1.5em}.elementor-accordion .elementor-tab-title .elementor-accordion-icon svg{width:1em;height:1em}.elementor-accordion .elementor-tab-title .elementor-accordion-icon.elementor-accordion-icon-right{float:right;text-align:right}.elementor-accordion .elementor-tab-title .elementor-accordion-icon.elementor-accordion-icon-left{float:left;text-align:left}.elementor-accordion .elementor-tab-title .elementor-accordion-icon .elementor-accordion-icon-closed{display:block}.elementor-accordion .elementor-tab-title .elementor-accordion-icon .elementor-accordion-icon-opened,.elementor-accordion .elementor-tab-title.elementor-active .elementor-accordion-icon-closed{display:none}.elementor-accordion .elementor-tab-title.elementor-active .elementor-accordion-icon-opened{display:block}.elementor-accordion .elementor-tab-content{display:none;padding:15px 20px;border-top:1px solid #d5d8dc}@media (max-width:767px){.elementor-accordion .elementor-tab-title{padding:12px 15px}.elementor-accordion .elementor-tab-title .elementor-accordion-icon{width:1.2em}.elementor-accordion .elementor-tab-content{padding:7px 15px}}.e-con-inner>.elementor-widget-accordion,.e-con>.elementor-widget-accordion{width:var(--container-widget-width);--flex-grow:var(--container-widget-flex-grow)}<\/style>\t\t<div class=\"elementor-accordion\">\n\t\t\t\t\t\t\t<div class=\"elementor-accordion-item\">\n\t\t\t\t\t<div id=\"elementor-tab-title-5781\" class=\"elementor-tab-title\" data-tab=\"1\" role=\"button\" aria-controls=\"elementor-tab-content-5781\" aria-expanded=\"false\">\n\t\t\t\t\t\t\t\t\t\t\t\t\t<span class=\"elementor-accordion-icon elementor-accordion-icon-left\" aria-hidden=\"true\">\n\t\t\t\t\t\t\t\t\t\t\t\t\t\t\t<span class=\"elementor-accordion-icon-closed\"><i class=\"fas fa-plus\"><\/i><\/span>\n\t\t\t\t\t\t\t\t<span class=\"elementor-accordion-icon-opened\"><i class=\"fas fa-minus\"><\/i><\/span>\n\t\t\t\t\t\t\t\t\t\t\t\t\t\t<\/span>\n\t\t\t\t\t\t\t\t\t\t\t\t<a class=\"elementor-accordion-title\" tabindex=\"0\">Charakterystyka<\/a>\n\t\t\t\t\t<\/div>\n\t\t\t\t\t<div id=\"elementor-tab-content-5781\" class=\"elementor-tab-content elementor-clearfix\" data-tab=\"1\" role=\"region\" aria-labelledby=\"elementor-tab-title-5781\"><p><strong>Wymiary<\/strong>: 30\u00a0cm x 40\u00a0cm<br \/>W zestawie 5\u00a0\u015bciereczek<br \/><strong>Kolory w zestawie: <\/strong>Classic (zielony, bia\u0142y, fioletowy, szary i niebieski) \/ Pastel (bia\u0142y, szary, niebieski, r\u00f3\u017cowy, be\u017cowy)<\/p><ul><li>Otrzymasz 5\u00a0\u015bciereczek <strong>+ 5\u00a0\u015bciereczek gratis <\/strong>w zestawie<\/li><li>Antybakteryjne i ch\u0142onne \u015bciereczki<\/li><li>Higieniczne<\/li><li>Mi\u0119kki, wytrzyma\u0142y i trwa\u0142y materia\u0142<\/li><li>Wielokrotnego u\u017cytku\u00a0<\/li><li>\u015aciereczki mo\u017cna pra\u0107<\/li><li>Ch\u0142on\u0105 do 7-krotno\u015bci swojej wagi<\/li><li>Przyjazne dla \u015brodowiska<\/li><li>Do czyszczenia wystarczy woda, nie potrzebujesz chemii ani \u015brodk\u00f3w czyszcz\u0105cych<\/li><li>Nie pozostawiaj\u0105 \u015blad\u00f3w\u00a0<\/li><\/ul><\/div>\n\t\t\t\t<\/div>\n\t\t\t\t\t\t\t<div class=\"elementor-accordion-item\">\n\t\t\t\t\t<div id=\"elementor-tab-title-5782\" class=\"elementor-tab-title\" data-tab=\"2\" role=\"button\" aria-controls=\"elementor-tab-content-5782\" aria-expanded=\"false\">\n\t\t\t\t\t\t\t\t\t\t\t\t\t<span class=\"elementor-accordion-icon elementor-accordion-icon-left\" aria-hidden=\"true\">\n\t\t\t\t\t\t\t\t\t\t\t\t\t\t\t<span class=\"elementor-accordion-icon-closed\"><i class=\"fas fa-plus\"><\/i><\/span>\n\t\t\t\t\t\t\t\t<span class=\"elementor-accordion-icon-opened\"><i class=\"fas fa-minus\"><\/i><\/span>\n\t\t\t\t\t\t\t\t\t\t\t\t\t\t<\/span>\n\t\t\t\t\t\t\t\t\t\t\t\t<a class=\"elementor-accordion-title\" tabindex=\"0\">Materia\u0142<\/a>\n\t\t\t\t\t<\/div>\n\t\t\t\t\t<div id=\"elementor-tab-content-5782\" class=\"elementor-tab-content elementor-clearfix\" data-tab=\"2\" role=\"region\" aria-labelledby=\"elementor-tab-title-5782\"><p>Mikrow\u0142\u00f3kna<\/p><p><strong>Sk\u0142ad:\u00a0<\/strong>Materia\u0142 kompozytowy z mieszanki poliestru\/nylonu.<br \/><br \/><br \/><\/p><\/div>\n\t\t\t\t<\/div>\n\t\t\t\t\t\t\t<div class=\"elementor-accordion-item\">\n\t\t\t\t\t<div id=\"elementor-tab-title-5783\" class=\"elementor-tab-title\" data-tab=\"3\" role=\"button\" aria-controls=\"elementor-tab-content-5783\" aria-expanded=\"false\">\n\t\t\t\t\t\t\t\t\t\t\t\t\t<span class=\"elementor-accordion-icon elementor-accordion-icon-left\" aria-hidden=\"true\">\n\t\t\t\t\t\t\t\t\t\t\t\t\t\t\t<span class=\"elementor-accordion-icon-closed\"><i class=\"fas fa-plus\"><\/i><\/span>\n\t\t\t\t\t\t\t\t<span class=\"elementor-accordion-icon-opened\"><i class=\"fas fa-minus\"><\/i><\/span>\n\t\t\t\t\t\t\t\t\t\t\t\t\t\t<\/span>\n\t\t\t\t\t\t\t\t\t\t\t\t<a class=\"elementor-accordion-title\" tabindex=\"0\">Konserwacja<\/a>\n\t\t\t\t\t<\/div>\n\t\t\t\t\t<div id=\"elementor-tab-content-5783\" class=\"elementor-tab-content elementor-clearfix\" data-tab=\"3\" role=\"region\" aria-labelledby=\"elementor-tab-title-5783\"><p>\u015aciereczki mo\u017cna pra\u0107 r\u0119cznie lub w pralce.\u00a0<\/p><\/div>\n\t\t\t\t<\/div>\n\t\t\t\t\t\t\t\t<\/div>\n\t\t\t\t<\/div>\n\t\t\t\t<\/div>\n\t\t\t\t\t<\/div>\n\t\t<\/div>\n\t\t\t\t\t<\/div>\n\t\t<\/section>\n\t\t\t\t<\/div>\n\t\t","protected":false},"excerpt":{"rendered":"<p>Zestaw <strong>5+5<\/strong>\u00a0\u015bciereczek do czyszczenia wszystkich g\u0142adkich powierzchni bez pozostawiania \u015blad\u00f3w.<\/p>\n<p>U nas najtaniej! Ch\u0142onne, wielofunkcyjne <strong>\u015bciereczki XL 5 + 5\u00a0GRATIS<\/strong> tylko do wyczerpania zapas\u00f3w.<br \/>\nPolerowanie, wycieranie i czyszczenie bez pozostawiania w\u0142\u00f3kien \ud83d\ude0a \u015aciereczki, kt\u00f3re po prostu musisz mie\u0107!<\/p>\n<p><strong>ROZMIAR XL:\u00a0<\/strong>30\u00a0x\u00a040\u00a0CM<strong><br \/>\nKolory w zestawie: Classic (zielony, bia\u0142y, fioletowy, szary i niebieski) \/ Pastel (bia\u0142y, szary, niebieski, r\u00f3\u017cowy, be\u017cowy)<br \/>\n<\/strong><\/p>\n","protected":false},"featured_media":283204,"comment_status":"closed","ping_status":"closed","template":"","meta":[],"product_cat":[524,512,523,500,68],"product_tag":[],"aioseo_notices":[],"_links":{"self":[{"href":"https:\/\/spinlama.com\/pl\/wp-json\/wp\/v2\/product\/234000"}],"collection":[{"href":"https:\/\/spinlama.com\/pl\/wp-json\/wp\/v2\/product"}],"about":[{"href":"https:\/\/spinlama.com\/pl\/wp-json\/wp\/v2\/types\/product"}],"replies":[{"embeddable":true,"href":"https:\/\/spinlama.com\/pl\/wp-json\/wp\/v2\/comments?post=234000"}],"version-history":[{"count":17,"href":"https:\/\/spinlama.com\/pl\/wp-json\/wp\/v2\/product\/234000\/revisions"}],"predecessor-version":[{"id":284592,"href":"https:\/\/spinlama.com\/pl\/wp-json\/wp\/v2\/product\/234000\/revisions\/284592"}],"wp:featuredmedia":[{"embeddable":true,"href":"https:\/\/spinlama.com\/pl\/wp-json\/wp\/v2\/media\/283204"}],"wp:attachment":[{"href":"https:\/\/spinlama.com\/pl\/wp-json\/wp\/v2\/media?parent=234000"}],"wp:term":[{"taxonomy":"product_cat","embeddable":true,"href":"https:\/\/spinlama.com\/pl\/wp-json\/wp\/v2\/product_cat?post=234000"},{"taxonomy":"product_tag","embeddable":true,"href":"https:\/\/spinlama.com\/pl\/wp-json\/wp\/v2\/product_tag?post=234000"}],"curies":[{"name":"wp","href":"https:\/\/api.w.org\/{rel}","templated":true}]}}