{"id":290154,"date":"2024-01-08T09:35:47","date_gmt":"2024-01-08T08:35:47","guid":{"rendered":"https:\/\/spinlama.com\/pl\/?post_type=product&#038;p=290154"},"modified":"2024-09-27T13:33:17","modified_gmt":"2024-09-27T11:33:17","slug":"led-coffee-mug","status":"publish","type":"product","link":"https:\/\/spinlama.com\/pl\/produkt\/led-coffee-mug\/","title":{"rendered":"LED Coffee Mug &#8211; termiczny kubek do kawy z pod\u015bwietleniem LED"},"content":{"rendered":"\t\t<div data-elementor-type=\"product-post\" data-elementor-id=\"290154\" class=\"elementor elementor-290154\" data-elementor-post-type=\"product\">\n\t\t\t\t\t\t<section class=\"elementor-section elementor-top-section elementor-element elementor-element-1edbb67c elementor-section-boxed elementor-section-height-default elementor-section-height-default\" data-id=\"1edbb67c\" data-element_type=\"section\">\n\t\t\t\t\t\t<div class=\"elementor-container elementor-column-gap-default\">\n\t\t\t\t\t<div class=\"elementor-column elementor-col-50 elementor-top-column elementor-element elementor-element-56a97c06\" data-id=\"56a97c06\" data-element_type=\"column\">\n\t\t\t<div class=\"elementor-widget-wrap elementor-element-populated\">\n\t\t\t\t\t\t<div class=\"elementor-element elementor-element-68e9f064 elementor-align-left elementor-icon-list--layout-traditional elementor-list-item-link-full_width elementor-widget elementor-widget-icon-list\" data-id=\"68e9f064\" data-element_type=\"widget\" data-widget_type=\"icon-list.default\">\n\t\t\t\t<div class=\"elementor-widget-container\">\n\t\t\t<link rel=\"stylesheet\" href=\"https:\/\/spinlama.com\/pl\/wp-content\/plugins\/elementor\/assets\/css\/widget-icon-list.min.css\">\t\t<ul class=\"elementor-icon-list-items\">\n\t\t\t\t\t\t\t<li class=\"elementor-icon-list-item\">\n\t\t\t\t\t\t\t\t\t\t\t<span class=\"elementor-icon-list-icon\">\n\t\t\t\t\t\t\t<i aria-hidden=\"true\" class=\"fas fa-arrow-right\"><\/i>\t\t\t\t\t\t<\/span>\n\t\t\t\t\t\t\t\t\t\t<span class=\"elementor-icon-list-text\"> Wy\u015bwietla temperatur\u0119 napoju<\/span>\n\t\t\t\t\t\t\t\t\t<\/li>\n\t\t\t\t\t\t\t\t<li class=\"elementor-icon-list-item\">\n\t\t\t\t\t\t\t\t\t\t\t<span class=\"elementor-icon-list-icon\">\n\t\t\t\t\t\t\t<i aria-hidden=\"true\" class=\"fas fa-arrow-right\"><\/i>\t\t\t\t\t\t<\/span>\n\t\t\t\t\t\t\t\t\t\t<span class=\"elementor-icon-list-text\">Do ciep\u0142ych i zimnych napoj\u00f3w <\/span>\n\t\t\t\t\t\t\t\t\t<\/li>\n\t\t\t\t\t\t\t\t<li class=\"elementor-icon-list-item\">\n\t\t\t\t\t\t\t\t\t\t\t<span class=\"elementor-icon-list-icon\">\n\t\t\t\t\t\t\t<i aria-hidden=\"true\" class=\"fas fa-arrow-right\"><\/i>\t\t\t\t\t\t<\/span>\n\t\t\t\t\t\t\t\t\t\t<span class=\"elementor-icon-list-text\">Utrzymuje temperatur\u0119 napoju do 6 godzin<\/span>\n\t\t\t\t\t\t\t\t\t<\/li>\n\t\t\t\t\t\t\t\t<li class=\"elementor-icon-list-item\">\n\t\t\t\t\t\t\t\t\t\t\t<span class=\"elementor-icon-list-icon\">\n\t\t\t\t\t\t\t<i aria-hidden=\"true\" class=\"fas fa-arrow-right\"><\/i>\t\t\t\t\t\t<\/span>\n\t\t\t\t\t\t\t\t\t\t<span class=\"elementor-icon-list-text\">Doskonale uszczelnia i nie przecieka<\/span>\n\t\t\t\t\t\t\t\t\t<\/li>\n\t\t\t\t\t\t\t\t<li class=\"elementor-icon-list-item\">\n\t\t\t\t\t\t\t\t\t\t\t<span class=\"elementor-icon-list-icon\">\n\t\t\t\t\t\t\t<i aria-hidden=\"true\" class=\"fas fa-arrow-right\"><\/i>\t\t\t\t\t\t<\/span>\n\t\t\t\t\t\t\t\t\t\t<span class=\"elementor-icon-list-text\">Wygodny uchwyt<\/span>\n\t\t\t\t\t\t\t\t\t<\/li>\n\t\t\t\t\t\t\t\t<li class=\"elementor-icon-list-item\">\n\t\t\t\t\t\t\t\t\t\t\t<span class=\"elementor-icon-list-icon\">\n\t\t\t\t\t\t\t<i aria-hidden=\"true\" class=\"fas fa-arrow-right\"><\/i>\t\t\t\t\t\t<\/span>\n\t\t\t\t\t\t\t\t\t\t<span class=\"elementor-icon-list-text\">\u0141atwy do czyszczenia<\/span>\n\t\t\t\t\t\t\t\t\t<\/li>\n\t\t\t\t\t\t<\/ul>\n\t\t\t\t<\/div>\n\t\t\t\t<\/div>\n\t\t\t\t\t<\/div>\n\t\t<\/div>\n\t\t\t\t<div class=\"elementor-column elementor-col-50 elementor-top-column elementor-element elementor-element-1dfeaa9\" data-id=\"1dfeaa9\" data-element_type=\"column\">\n\t\t\t<div class=\"elementor-widget-wrap elementor-element-populated\">\n\t\t\t\t\t\t<div class=\"elementor-element elementor-element-70b6bd76 elementor-widget elementor-widget-image\" data-id=\"70b6bd76\" data-element_type=\"widget\" data-widget_type=\"image.default\">\n\t\t\t\t<div class=\"elementor-widget-container\">\n\t\t\t<style>\/*! elementor - v3.21.0 - 18-04-2024 *\/\n.elementor-widget-image{text-align:center}.elementor-widget-image a{display:inline-block}.elementor-widget-image a img[src$=\".svg\"]{width:48px}.elementor-widget-image img{vertical-align:middle;display:inline-block}<\/style>\t\t\t\t\t\t\t\t\t\t<img fetchpriority=\"high\" decoding=\"async\" width=\"800\" height=\"800\" src=\"https:\/\/spinlama.com\/pl\/wp-content\/uploads\/sites\/32\/2024\/01\/led-coffee-mug_10-800x800.jpg\" class=\"attachment-large size-large wp-image-290143\" alt=\"\" srcset=\"https:\/\/spinlama.com\/pl\/wp-content\/uploads\/sites\/32\/2024\/01\/led-coffee-mug_10-800x800.jpg 800w, https:\/\/spinlama.com\/pl\/wp-content\/uploads\/sites\/32\/2024\/01\/led-coffee-mug_10-280x280.jpg 280w, https:\/\/spinlama.com\/pl\/wp-content\/uploads\/sites\/32\/2024\/01\/led-coffee-mug_10-768x768.jpg 768w, https:\/\/spinlama.com\/pl\/wp-content\/uploads\/sites\/32\/2024\/01\/led-coffee-mug_10-510x510.jpg 510w, https:\/\/spinlama.com\/pl\/wp-content\/uploads\/sites\/32\/2024\/01\/led-coffee-mug_10-100x100.jpg 100w, https:\/\/spinlama.com\/pl\/wp-content\/uploads\/sites\/32\/2024\/01\/led-coffee-mug_10.jpg 1080w\" sizes=\"(max-width: 800px) 100vw, 800px\" \/>\t\t\t\t\t\t\t\t\t\t\t\t\t<\/div>\n\t\t\t\t<\/div>\n\t\t\t\t\t<\/div>\n\t\t<\/div>\n\t\t\t\t\t<\/div>\n\t\t<\/section>\n\t\t\t\t<section class=\"elementor-section elementor-top-section elementor-element elementor-element-284bb921 elementor-reverse-mobile elementor-section-boxed elementor-section-height-default elementor-section-height-default\" data-id=\"284bb921\" data-element_type=\"section\">\n\t\t\t\t\t\t<div class=\"elementor-container elementor-column-gap-default\">\n\t\t\t\t\t<div class=\"elementor-column elementor-col-50 elementor-top-column elementor-element elementor-element-121dd46f\" data-id=\"121dd46f\" data-element_type=\"column\">\n\t\t\t<div class=\"elementor-widget-wrap elementor-element-populated\">\n\t\t\t\t\t\t<div class=\"elementor-element elementor-element-51e68dc5 elementor-widget elementor-widget-image\" data-id=\"51e68dc5\" data-element_type=\"widget\" data-widget_type=\"image.default\">\n\t\t\t\t<div class=\"elementor-widget-container\">\n\t\t\t\t\t\t\t\t\t\t\t\t\t<img decoding=\"async\" width=\"800\" height=\"800\" src=\"https:\/\/spinlama.com\/pl\/wp-content\/uploads\/sites\/32\/2024\/01\/led-coffee-mug_6-800x800.jpg\" class=\"attachment-large size-large wp-image-290144\" alt=\"\" srcset=\"https:\/\/spinlama.com\/pl\/wp-content\/uploads\/sites\/32\/2024\/01\/led-coffee-mug_6-800x800.jpg 800w, https:\/\/spinlama.com\/pl\/wp-content\/uploads\/sites\/32\/2024\/01\/led-coffee-mug_6-280x280.jpg 280w, https:\/\/spinlama.com\/pl\/wp-content\/uploads\/sites\/32\/2024\/01\/led-coffee-mug_6-768x768.jpg 768w, https:\/\/spinlama.com\/pl\/wp-content\/uploads\/sites\/32\/2024\/01\/led-coffee-mug_6-510x510.jpg 510w, https:\/\/spinlama.com\/pl\/wp-content\/uploads\/sites\/32\/2024\/01\/led-coffee-mug_6-100x100.jpg 100w, https:\/\/spinlama.com\/pl\/wp-content\/uploads\/sites\/32\/2024\/01\/led-coffee-mug_6.jpg 1080w\" sizes=\"(max-width: 800px) 100vw, 800px\" \/>\t\t\t\t\t\t\t\t\t\t\t\t\t<\/div>\n\t\t\t\t<\/div>\n\t\t\t\t\t<\/div>\n\t\t<\/div>\n\t\t\t\t<div class=\"elementor-column elementor-col-50 elementor-top-column elementor-element elementor-element-26c88a1a\" data-id=\"26c88a1a\" data-element_type=\"column\">\n\t\t\t<div class=\"elementor-widget-wrap elementor-element-populated\">\n\t\t\t\t\t\t<div class=\"elementor-element elementor-element-19142191 elementor-widget elementor-widget-image\" data-id=\"19142191\" data-element_type=\"widget\" data-widget_type=\"image.default\">\n\t\t\t\t<div class=\"elementor-widget-container\">\n\t\t\t\t\t\t\t\t\t\t\t\t\t<img decoding=\"async\" width=\"800\" height=\"800\" src=\"https:\/\/spinlama.com\/pl\/wp-content\/uploads\/sites\/32\/2024\/01\/led-coffee-mug_8-800x800.jpg\" class=\"attachment-large size-large wp-image-290145\" alt=\"\" srcset=\"https:\/\/spinlama.com\/pl\/wp-content\/uploads\/sites\/32\/2024\/01\/led-coffee-mug_8-800x800.jpg 800w, https:\/\/spinlama.com\/pl\/wp-content\/uploads\/sites\/32\/2024\/01\/led-coffee-mug_8-280x280.jpg 280w, https:\/\/spinlama.com\/pl\/wp-content\/uploads\/sites\/32\/2024\/01\/led-coffee-mug_8-768x768.jpg 768w, https:\/\/spinlama.com\/pl\/wp-content\/uploads\/sites\/32\/2024\/01\/led-coffee-mug_8-510x510.jpg 510w, https:\/\/spinlama.com\/pl\/wp-content\/uploads\/sites\/32\/2024\/01\/led-coffee-mug_8-100x100.jpg 100w, https:\/\/spinlama.com\/pl\/wp-content\/uploads\/sites\/32\/2024\/01\/led-coffee-mug_8.jpg 1080w\" sizes=\"(max-width: 800px) 100vw, 800px\" \/>\t\t\t\t\t\t\t\t\t\t\t\t\t<\/div>\n\t\t\t\t<\/div>\n\t\t\t\t\t<\/div>\n\t\t<\/div>\n\t\t\t\t\t<\/div>\n\t\t<\/section>\n\t\t\t\t<section class=\"elementor-section elementor-top-section elementor-element elementor-element-114048b4 elementor-reverse-mobile elementor-section-boxed elementor-section-height-default elementor-section-height-default\" data-id=\"114048b4\" data-element_type=\"section\">\n\t\t\t\t\t\t<div class=\"elementor-container elementor-column-gap-default\">\n\t\t\t\t\t<div class=\"elementor-column elementor-col-50 elementor-top-column elementor-element elementor-element-37358f15\" data-id=\"37358f15\" data-element_type=\"column\">\n\t\t\t<div class=\"elementor-widget-wrap elementor-element-populated\">\n\t\t\t\t\t\t<div class=\"elementor-element elementor-element-5c50e7d7 elementor-widget elementor-widget-image\" data-id=\"5c50e7d7\" data-element_type=\"widget\" data-widget_type=\"image.default\">\n\t\t\t\t<div class=\"elementor-widget-container\">\n\t\t\t\t\t\t\t\t\t\t\t\t\t<img loading=\"lazy\" decoding=\"async\" width=\"800\" height=\"800\" src=\"https:\/\/spinlama.com\/pl\/wp-content\/uploads\/sites\/32\/2024\/01\/led-coffee-mug_9-800x800.jpg\" class=\"attachment-large size-large wp-image-290146\" alt=\"\" srcset=\"https:\/\/spinlama.com\/pl\/wp-content\/uploads\/sites\/32\/2024\/01\/led-coffee-mug_9-800x800.jpg 800w, https:\/\/spinlama.com\/pl\/wp-content\/uploads\/sites\/32\/2024\/01\/led-coffee-mug_9-280x280.jpg 280w, https:\/\/spinlama.com\/pl\/wp-content\/uploads\/sites\/32\/2024\/01\/led-coffee-mug_9-768x768.jpg 768w, https:\/\/spinlama.com\/pl\/wp-content\/uploads\/sites\/32\/2024\/01\/led-coffee-mug_9-510x510.jpg 510w, https:\/\/spinlama.com\/pl\/wp-content\/uploads\/sites\/32\/2024\/01\/led-coffee-mug_9-100x100.jpg 100w, https:\/\/spinlama.com\/pl\/wp-content\/uploads\/sites\/32\/2024\/01\/led-coffee-mug_9.jpg 1080w\" sizes=\"(max-width: 800px) 100vw, 800px\" \/>\t\t\t\t\t\t\t\t\t\t\t\t\t<\/div>\n\t\t\t\t<\/div>\n\t\t\t\t\t<\/div>\n\t\t<\/div>\n\t\t\t\t<div class=\"elementor-column elementor-col-50 elementor-top-column elementor-element elementor-element-7b0109ad\" data-id=\"7b0109ad\" data-element_type=\"column\">\n\t\t\t<div class=\"elementor-widget-wrap elementor-element-populated\">\n\t\t\t\t\t\t<div class=\"elementor-element elementor-element-4a37f826 elementor-widget elementor-widget-shortcode\" data-id=\"4a37f826\" data-element_type=\"widget\" data-widget_type=\"shortcode.default\">\n\t\t\t\t<div class=\"elementor-widget-container\">\n\t\t\t\t\t<div class=\"elementor-shortcode\"><div style=\"position: relative; padding-top: 100%;\"><iframe src=\"https:\/\/iframe.mediadelivery.net\/embed\/53604\/4329933d-1853-4d9b-8990-027a54f7771e?autoplay=true&loop=true&muted=true\" loading=\"lazy\" style=\"border: none; position: absolute; top: 0; height: 100%; width: 100%;\" allow=\"accelerometer; gyroscope; autoplay; encrypted-media; picture-in-picture;\" allowfullscreen=\"true\"><\/iframe><\/div><\/div>\n\t\t\t\t<\/div>\n\t\t\t\t<\/div>\n\t\t\t\t\t<\/div>\n\t\t<\/div>\n\t\t\t\t\t<\/div>\n\t\t<\/section>\n\t\t\t\t<section class=\"elementor-section elementor-top-section elementor-element elementor-element-196a6218 elementor-section-boxed elementor-section-height-default elementor-section-height-default\" data-id=\"196a6218\" data-element_type=\"section\">\n\t\t\t\t\t\t<div class=\"elementor-container elementor-column-gap-default\">\n\t\t\t\t\t<div class=\"elementor-column elementor-col-100 elementor-top-column elementor-element elementor-element-60b5434f\" data-id=\"60b5434f\" data-element_type=\"column\">\n\t\t\t<div class=\"elementor-widget-wrap elementor-element-populated\">\n\t\t\t\t\t\t<div class=\"elementor-element elementor-element-1f6e05cf elementor-widget elementor-widget-accordion\" data-id=\"1f6e05cf\" data-element_type=\"widget\" data-widget_type=\"accordion.default\">\n\t\t\t\t<div class=\"elementor-widget-container\">\n\t\t\t<style>\/*! elementor - v3.21.0 - 18-04-2024 *\/\n.elementor-accordion{text-align:start}.elementor-accordion .elementor-accordion-item{border:1px solid #d5d8dc}.elementor-accordion .elementor-accordion-item+.elementor-accordion-item{border-top:none}.elementor-accordion .elementor-tab-title{margin:0;padding:15px 20px;font-weight:700;line-height:1;cursor:pointer;outline:none}.elementor-accordion .elementor-tab-title .elementor-accordion-icon{display:inline-block;width:1.5em}.elementor-accordion .elementor-tab-title .elementor-accordion-icon svg{width:1em;height:1em}.elementor-accordion .elementor-tab-title .elementor-accordion-icon.elementor-accordion-icon-right{float:right;text-align:right}.elementor-accordion .elementor-tab-title .elementor-accordion-icon.elementor-accordion-icon-left{float:left;text-align:left}.elementor-accordion .elementor-tab-title .elementor-accordion-icon .elementor-accordion-icon-closed{display:block}.elementor-accordion .elementor-tab-title .elementor-accordion-icon .elementor-accordion-icon-opened,.elementor-accordion .elementor-tab-title.elementor-active .elementor-accordion-icon-closed{display:none}.elementor-accordion .elementor-tab-title.elementor-active .elementor-accordion-icon-opened{display:block}.elementor-accordion .elementor-tab-content{display:none;padding:15px 20px;border-top:1px solid #d5d8dc}@media (max-width:767px){.elementor-accordion .elementor-tab-title{padding:12px 15px}.elementor-accordion .elementor-tab-title .elementor-accordion-icon{width:1.2em}.elementor-accordion .elementor-tab-content{padding:7px 15px}}.e-con-inner>.elementor-widget-accordion,.e-con>.elementor-widget-accordion{width:var(--container-widget-width);--flex-grow:var(--container-widget-flex-grow)}<\/style>\t\t<div class=\"elementor-accordion\">\n\t\t\t\t\t\t\t<div class=\"elementor-accordion-item\">\n\t\t\t\t\t<div id=\"elementor-tab-title-5271\" class=\"elementor-tab-title\" data-tab=\"1\" role=\"button\" aria-controls=\"elementor-tab-content-5271\" aria-expanded=\"false\">\n\t\t\t\t\t\t\t\t\t\t\t\t\t<span class=\"elementor-accordion-icon elementor-accordion-icon-left\" aria-hidden=\"true\">\n\t\t\t\t\t\t\t\t\t\t\t\t\t\t\t<span class=\"elementor-accordion-icon-closed\"><i class=\"fas fa-chevron-down\"><\/i><\/span>\n\t\t\t\t\t\t\t\t<span class=\"elementor-accordion-icon-opened\"><i class=\"fas fa-chevron-up\"><\/i><\/span>\n\t\t\t\t\t\t\t\t\t\t\t\t\t\t<\/span>\n\t\t\t\t\t\t\t\t\t\t\t\t<a class=\"elementor-accordion-title\" tabindex=\"0\">Cechy<\/a>\n\t\t\t\t\t<\/div>\n\t\t\t\t\t<div id=\"elementor-tab-content-5271\" class=\"elementor-tab-content elementor-clearfix\" data-tab=\"1\" role=\"region\" aria-labelledby=\"elementor-tab-title-5271\"><p>Materia\u0142: Stal nierdzewna 316<\/p><p>Kolor: bia\u0142y<\/p><p>Wymiary: 16 cm x 8 cm x 8 cm<\/p><p>Obj\u0119to\u015b\u0107: 450 ml<\/p><p>Wbudowany akumulator<\/p><p>Czas pracy: do 5 lat<\/p><\/div>\n\t\t\t\t<\/div>\n\t\t\t\t\t\t\t<div class=\"elementor-accordion-item\">\n\t\t\t\t\t<div id=\"elementor-tab-title-5272\" class=\"elementor-tab-title\" data-tab=\"2\" role=\"button\" aria-controls=\"elementor-tab-content-5272\" aria-expanded=\"false\">\n\t\t\t\t\t\t\t\t\t\t\t\t\t<span class=\"elementor-accordion-icon elementor-accordion-icon-left\" aria-hidden=\"true\">\n\t\t\t\t\t\t\t\t\t\t\t\t\t\t\t<span class=\"elementor-accordion-icon-closed\"><i class=\"fas fa-chevron-down\"><\/i><\/span>\n\t\t\t\t\t\t\t\t<span class=\"elementor-accordion-icon-opened\"><i class=\"fas fa-chevron-up\"><\/i><\/span>\n\t\t\t\t\t\t\t\t\t\t\t\t\t\t<\/span>\n\t\t\t\t\t\t\t\t\t\t\t\t<a class=\"elementor-accordion-title\" tabindex=\"0\">Instrukcja u\u017cytkowania<\/a>\n\t\t\t\t\t<\/div>\n\t\t\t\t\t<div id=\"elementor-tab-content-5272\" class=\"elementor-tab-content elementor-clearfix\" data-tab=\"2\" role=\"region\" aria-labelledby=\"elementor-tab-title-5272\"><p>Aby wy\u015bwietli\u0107 temperatur\u0119, dotknij wy\u015bwietlacza.<\/p><p><strong>Czyszczenie<\/strong>: my\u0107 wod\u0105 z p\u0142ynem i pozostawi\u0107 do wyschni\u0119cia.<\/p><p>\u00a0<\/p><\/div>\n\t\t\t\t<\/div>\n\t\t\t\t\t\t\t\t<\/div>\n\t\t\t\t<\/div>\n\t\t\t\t<\/div>\n\t\t\t\t\t<\/div>\n\t\t<\/div>\n\t\t\t\t\t<\/div>\n\t\t<\/section>\n\t\t\t\t<\/div>\n\t\t","protected":false},"excerpt":{"rendered":"<p>Do gor\u0105cych i zimnych napoj\u00f3w!<\/p>\n<ul>\n<li>Stal nierdzewna<\/li>\n<li>wbudowany akumulator<\/li>\n<li>450 ml<\/li>\n<\/ul>\n","protected":false},"featured_media":290141,"comment_status":"closed","ping_status":"closed","template":"","meta":[],"product_cat":[499,500,512,68],"product_tag":[665,666,667],"aioseo_notices":[],"_links":{"self":[{"href":"https:\/\/spinlama.com\/pl\/wp-json\/wp\/v2\/product\/290154"}],"collection":[{"href":"https:\/\/spinlama.com\/pl\/wp-json\/wp\/v2\/product"}],"about":[{"href":"https:\/\/spinlama.com\/pl\/wp-json\/wp\/v2\/types\/product"}],"replies":[{"embeddable":true,"href":"https:\/\/spinlama.com\/pl\/wp-json\/wp\/v2\/comments?post=290154"}],"version-history":[{"count":6,"href":"https:\/\/spinlama.com\/pl\/wp-json\/wp\/v2\/product\/290154\/revisions"}],"predecessor-version":[{"id":290162,"href":"https:\/\/spinlama.com\/pl\/wp-json\/wp\/v2\/product\/290154\/revisions\/290162"}],"wp:featuredmedia":[{"embeddable":true,"href":"https:\/\/spinlama.com\/pl\/wp-json\/wp\/v2\/media\/290141"}],"wp:attachment":[{"href":"https:\/\/spinlama.com\/pl\/wp-json\/wp\/v2\/media?parent=290154"}],"wp:term":[{"taxonomy":"product_cat","embeddable":true,"href":"https:\/\/spinlama.com\/pl\/wp-json\/wp\/v2\/product_cat?post=290154"},{"taxonomy":"product_tag","embeddable":true,"href":"https:\/\/spinlama.com\/pl\/wp-json\/wp\/v2\/product_tag?post=290154"}],"curies":[{"name":"wp","href":"https:\/\/api.w.org\/{rel}","templated":true}]}}