{"id":179138,"date":"2021-10-04T12:47:37","date_gmt":"2021-10-04T09:47:37","guid":{"rendered":"https:\/\/spinlama.com\/ro\/?page_id=179138"},"modified":"2021-10-15T15:44:28","modified_gmt":"2021-10-15T12:44:28","slug":"instructiuni","status":"publish","type":"page","link":"https:\/\/spinlama.com\/ro\/instructiuni\/","title":{"rendered":"Instruc\u021biuni"},"content":{"rendered":"\t\t<div data-elementor-type=\"wp-page\" data-elementor-id=\"179138\" class=\"elementor elementor-179138\" data-elementor-post-type=\"page\">\n\t\t\t\t\t\t<section class=\"elementor-section elementor-top-section elementor-element elementor-element-579356c8 elementor-section-boxed elementor-section-height-default elementor-section-height-default\" data-id=\"579356c8\" data-element_type=\"section\">\n\t\t\t\t\t\t<div class=\"elementor-container elementor-column-gap-default\">\n\t\t\t\t\t<div class=\"elementor-column elementor-col-100 elementor-top-column elementor-element elementor-element-346fa176\" data-id=\"346fa176\" data-element_type=\"column\">\n\t\t\t<div class=\"elementor-widget-wrap elementor-element-populated\">\n\t\t\t\t\t\t<div class=\"elementor-element elementor-element-43b462e9 elementor-widget elementor-widget-text-editor\" data-id=\"43b462e9\" data-element_type=\"widget\" data-widget_type=\"text-editor.default\">\n\t\t\t\t<div class=\"elementor-widget-container\">\n\t\t\t<style>\/*! elementor - v3.21.0 - 18-04-2024 *\/\n.elementor-widget-text-editor.elementor-drop-cap-view-stacked .elementor-drop-cap{background-color:#69727d;color:#fff}.elementor-widget-text-editor.elementor-drop-cap-view-framed .elementor-drop-cap{color:#69727d;border:3px solid;background-color:transparent}.elementor-widget-text-editor:not(.elementor-drop-cap-view-default) .elementor-drop-cap{margin-top:8px}.elementor-widget-text-editor:not(.elementor-drop-cap-view-default) .elementor-drop-cap-letter{width:1em;height:1em}.elementor-widget-text-editor .elementor-drop-cap{float:left;text-align:center;line-height:1;font-size:50px}.elementor-widget-text-editor .elementor-drop-cap-letter{display:inline-block}<\/style>\t\t\t\t<h2>Instruc\u021biuni de utilizare<\/h2>\t\t\t\t\t\t<\/div>\n\t\t\t\t<\/div>\n\t\t\t\t\t<\/div>\n\t\t<\/div>\n\t\t\t\t\t<\/div>\n\t\t<\/section>\n\t\t\t\t<section class=\"elementor-section elementor-top-section elementor-element elementor-element-9d530f9 elementor-section-boxed elementor-section-height-default elementor-section-height-default\" data-id=\"9d530f9\" data-element_type=\"section\">\n\t\t\t\t\t\t<div class=\"elementor-container elementor-column-gap-default\">\n\t\t\t\t\t<div class=\"elementor-column elementor-col-100 elementor-top-column elementor-element elementor-element-898e9cf\" data-id=\"898e9cf\" data-element_type=\"column\">\n\t\t\t<div class=\"elementor-widget-wrap elementor-element-populated\">\n\t\t\t\t\t\t<div class=\"elementor-element elementor-element-681934f elementor-grid-3 elementor-grid-tablet-2 elementor-grid-mobile-1 elementor-posts--thumbnail-top elementor-posts--show-avatar elementor-card-shadow-yes elementor-posts__hover-gradient elementor-widget elementor-widget-posts\" data-id=\"681934f\" data-element_type=\"widget\" data-settings=\"{&quot;cards_columns&quot;:&quot;3&quot;,&quot;cards_columns_tablet&quot;:&quot;2&quot;,&quot;cards_columns_mobile&quot;:&quot;1&quot;,&quot;cards_row_gap&quot;:{&quot;unit&quot;:&quot;px&quot;,&quot;size&quot;:35,&quot;sizes&quot;:[]},&quot;cards_row_gap_tablet&quot;:{&quot;unit&quot;:&quot;px&quot;,&quot;size&quot;:&quot;&quot;,&quot;sizes&quot;:[]},&quot;cards_row_gap_mobile&quot;:{&quot;unit&quot;:&quot;px&quot;,&quot;size&quot;:&quot;&quot;,&quot;sizes&quot;:[]}}\" data-widget_type=\"posts.cards\">\n\t\t\t\t<div class=\"elementor-widget-container\">\n\t\t\t<link rel=\"stylesheet\" href=\"https:\/\/spinlama.com\/ro\/wp-content\/plugins\/elementor-pro\/assets\/css\/widget-posts.min.css\">\t\t<div class=\"elementor-posts-container elementor-posts elementor-posts--skin-cards elementor-grid\">\n\t\t\t\t<article class=\"elementor-post elementor-grid-item post-197924 post type-post status-publish format-standard hentry category-instructiuni\">\n\t\t\t<div class=\"elementor-post__card\">\n\t\t\t\t<div class=\"elementor-post__text\">\n\t\t\t\t<h3 class=\"elementor-post__title\">\n\t\t\t<a href=\"https:\/\/spinlama.com\/ro\/instructiuni\/55-wire-wipes-set-de-10-carpe-de-curatare\/\" >\n\t\t\t\t[5+5] Wire Wipes &#8211; Set de 10 c\u00e2rpe de cur\u0103\u021bare\t\t\t<\/a>\n\t\t<\/h3>\n\t\t\t\t<div class=\"elementor-post__excerpt\">\n\t\t\t<p>O c\u00e2rp\u0103 care cur\u0103\u021b\u0103 chiar \u0219i cele mai dificile pete! Dimensiuni 20 cm x 20 cm Vei primi 10 c\u00e2rpe Caracteristici Material: microfibre amestecate cu<\/p>\n\t\t<\/div>\n\t\t\n\t\t<a class=\"elementor-post__read-more\" href=\"https:\/\/spinlama.com\/ro\/instructiuni\/55-wire-wipes-set-de-10-carpe-de-curatare\/\" aria-label=\"Read more about [5+5] Wire Wipes &#8211; Set de 10 c\u00e2rpe de cur\u0103\u021bare\" tabindex=\"-1\" >\n\t\t\tCite\u0219te mai mult\t\t<\/a>\n\n\t\t\t\t<\/div>\n\t\t\t\t\t<\/div>\n\t\t<\/article>\n\t\t\t\t<article class=\"elementor-post elementor-grid-item post-197886 post type-post status-publish format-standard hentry category-instructiuni\">\n\t\t\t<div class=\"elementor-post__card\">\n\t\t\t\t<div class=\"elementor-post__text\">\n\t\t\t\t<h3 class=\"elementor-post__title\">\n\t\t\t<a href=\"https:\/\/spinlama.com\/ro\/instructiuni\/bike-cushion-husa-pentru-scaun-de-bicicleta\/\" >\n\t\t\t\tBike Cushion &#8211; Hus\u0103 pentru scaun de biciclet\u0103\t\t\t<\/a>\n\t\t<\/h3>\n\t\t\t\t<div class=\"elementor-post__excerpt\">\n\t\t\t<p>Transform\u0103 fiecare c\u0103l\u0103torie confortabil\u0103 \u0219i f\u0103r\u0103 griji! Dimensiuni 16 cm x 28 cm Instruc\u021biuni de utilizare Pune husa pe scaunul bicicletei Fixeaz\u0103 cu \u0219nurul pentru<\/p>\n\t\t<\/div>\n\t\t\n\t\t<a class=\"elementor-post__read-more\" href=\"https:\/\/spinlama.com\/ro\/instructiuni\/bike-cushion-husa-pentru-scaun-de-bicicleta\/\" aria-label=\"Read more about Bike Cushion &#8211; Hus\u0103 pentru scaun de biciclet\u0103\" tabindex=\"-1\" >\n\t\t\tCite\u0219te mai mult\t\t<\/a>\n\n\t\t\t\t<\/div>\n\t\t\t\t\t<\/div>\n\t\t<\/article>\n\t\t\t\t<article class=\"elementor-post elementor-grid-item post-197440 post type-post status-publish format-standard hentry category-instructiuni\">\n\t\t\t<div class=\"elementor-post__card\">\n\t\t\t\t<div class=\"elementor-post__text\">\n\t\t\t\t<h3 class=\"elementor-post__title\">\n\t\t\t<a href=\"https:\/\/spinlama.com\/ro\/instructiuni\/cabinet-led-light-set-de-8-lumini-pentru-balamale-dulap\/\" >\n\t\t\t\tCabinet LED Light \u2013 Set de 8 lumini pentru balamale dulap\t\t\t<\/a>\n\t\t<\/h3>\n\t\t\t\t<div class=\"elementor-post__excerpt\">\n\t\t\t<p>U\u0219or de instalat, iluminat excelent \u2013 pentru fiecare dulap! set de 8 lumini LED func\u021bioneaz\u0103 cu baterii lumin\u0103 alb\u0103 rece Instruc\u021biuni de utilizare Scoate \u0219uruburile<\/p>\n\t\t<\/div>\n\t\t\n\t\t<a class=\"elementor-post__read-more\" href=\"https:\/\/spinlama.com\/ro\/instructiuni\/cabinet-led-light-set-de-8-lumini-pentru-balamale-dulap\/\" aria-label=\"Read more about Cabinet LED Light \u2013 Set de 8 lumini pentru balamale dulap\" tabindex=\"-1\" >\n\t\t\tCite\u0219te mai mult\t\t<\/a>\n\n\t\t\t\t<\/div>\n\t\t\t\t\t<\/div>\n\t\t<\/article>\n\t\t\t\t<article class=\"elementor-post elementor-grid-item post-197405 post type-post status-publish format-standard hentry category-instructiuni\">\n\t\t\t<div class=\"elementor-post__card\">\n\t\t\t\t<div class=\"elementor-post__text\">\n\t\t\t\t<h3 class=\"elementor-post__title\">\n\t\t\t<a href=\"https:\/\/spinlama.com\/ro\/instructiuni\/winter-hat-palarie-cu-clape-pentru-urechi\/\" >\n\t\t\t\tWinter Hat \u2013 P\u0103l\u0103rie cu Clape Pentru Urechi\t\t\t<\/a>\n\t\t<\/h3>\n\t\t\t\t<div class=\"elementor-post__excerpt\">\n\t\t\t<p>Pentru c\u0103ldur\u0103, confort \u0219i protec\u021bie \u00een orice vreme! culoare neagr\u0103 m\u0103rime universal\u0103 Caracteristici Poliester, bumbac Culoare: negru M\u0103rime: universal\u0103 \u00centre\u021binere: se spal\u0103 la m\u00e2n\u0103, se<\/p>\n\t\t<\/div>\n\t\t\n\t\t<a class=\"elementor-post__read-more\" href=\"https:\/\/spinlama.com\/ro\/instructiuni\/winter-hat-palarie-cu-clape-pentru-urechi\/\" aria-label=\"Read more about Winter Hat \u2013 P\u0103l\u0103rie cu Clape Pentru Urechi\" tabindex=\"-1\" >\n\t\t\tCite\u0219te mai mult\t\t<\/a>\n\n\t\t\t\t<\/div>\n\t\t\t\t\t<\/div>\n\t\t<\/article>\n\t\t\t\t<article class=\"elementor-post elementor-grid-item post-197377 post type-post status-publish format-standard hentry category-instructiuni\">\n\t\t\t<div class=\"elementor-post__card\">\n\t\t\t\t<div class=\"elementor-post__text\">\n\t\t\t\t<h3 class=\"elementor-post__title\">\n\t\t\t<a href=\"https:\/\/spinlama.com\/ro\/instructiuni\/tree-lights-lumina-decorativa\/\" >\n\t\t\t\tTree Lights \u2013 Lumin\u0103 decorativ\u0103\t\t\t<\/a>\n\t\t<\/h3>\n\t\t\t\t<div class=\"elementor-post__excerpt\">\n\t\t\t<p>Decorul perfect pentru orice camer\u0103! Func\u021bioneaz\u0103 cu baterii \u00cen\u0103l\u021bime 80 cm Instruc\u021biuni de utilizare Modeleaz\u0103 ramurile dup\u0103 bunul plac Introdu 3x baterii AA \u0219i apas\u0103<\/p>\n\t\t<\/div>\n\t\t\n\t\t<a class=\"elementor-post__read-more\" href=\"https:\/\/spinlama.com\/ro\/instructiuni\/tree-lights-lumina-decorativa\/\" aria-label=\"Read more about Tree Lights \u2013 Lumin\u0103 decorativ\u0103\" tabindex=\"-1\" >\n\t\t\tCite\u0219te mai mult\t\t<\/a>\n\n\t\t\t\t<\/div>\n\t\t\t\t\t<\/div>\n\t\t<\/article>\n\t\t\t\t<article class=\"elementor-post elementor-grid-item post-197340 post type-post status-publish format-standard hentry category-instructiuni\">\n\t\t\t<div class=\"elementor-post__card\">\n\t\t\t\t<div class=\"elementor-post__text\">\n\t\t\t\t<h3 class=\"elementor-post__title\">\n\t\t\t<a href=\"https:\/\/spinlama.com\/ro\/instructiuni\/11-furry-gloves-manusi-fara-degete\/\" >\n\t\t\t\t[1+1] Furry Gloves \u2013 M\u0103nu\u0219i f\u0103r\u0103 degete\t\t\t<\/a>\n\t\t<\/h3>\n\t\t\t\t<div class=\"elementor-post__excerpt\">\n\t\t\t<p>Elegan\u021b\u0103, confort \u0219i c\u0103ldur\u0103 \u00eentr-unul singur Culoare maro sau gri Prime\u0219te dou\u0103 perechi de m\u0103nu\u0219i Caracteristici Material: acrilic Culoare: maro, gri M\u0103rime: universal \u00centre\u021binere: Se<\/p>\n\t\t<\/div>\n\t\t\n\t\t<a class=\"elementor-post__read-more\" href=\"https:\/\/spinlama.com\/ro\/instructiuni\/11-furry-gloves-manusi-fara-degete\/\" aria-label=\"Read more about [1+1] Furry Gloves \u2013 M\u0103nu\u0219i f\u0103r\u0103 degete\" tabindex=\"-1\" >\n\t\t\tCite\u0219te mai mult\t\t<\/a>\n\n\t\t\t\t<\/div>\n\t\t\t\t\t<\/div>\n\t\t<\/article>\n\t\t\t\t<\/div>\n\t\t\n\t\t\t\t<\/div>\n\t\t\t\t<\/div>\n\t\t\t\t\t<\/div>\n\t\t<\/div>\n\t\t\t\t\t<\/div>\n\t\t<\/section>\n\t\t\t\t<\/div>\n\t\t","protected":false},"excerpt":{"rendered":"<p>Instruc\u021biuni de utilizare<\/p>\n","protected":false},"author":1,"featured_media":0,"parent":0,"menu_order":0,"comment_status":"closed","ping_status":"closed","template":"","meta":{"footnotes":""},"aioseo_notices":[],"_links":{"self":[{"href":"https:\/\/spinlama.com\/ro\/wp-json\/wp\/v2\/pages\/179138"}],"collection":[{"href":"https:\/\/spinlama.com\/ro\/wp-json\/wp\/v2\/pages"}],"about":[{"href":"https:\/\/spinlama.com\/ro\/wp-json\/wp\/v2\/types\/page"}],"author":[{"embeddable":true,"href":"https:\/\/spinlama.com\/ro\/wp-json\/wp\/v2\/users\/1"}],"replies":[{"embeddable":true,"href":"https:\/\/spinlama.com\/ro\/wp-json\/wp\/v2\/comments?post=179138"}],"version-history":[{"count":9,"href":"https:\/\/spinlama.com\/ro\/wp-json\/wp\/v2\/pages\/179138\/revisions"}],"predecessor-version":[{"id":179733,"href":"https:\/\/spinlama.com\/ro\/wp-json\/wp\/v2\/pages\/179138\/revisions\/179733"}],"wp:attachment":[{"href":"https:\/\/spinlama.com\/ro\/wp-json\/wp\/v2\/media?parent=179138"}],"curies":[{"name":"wp","href":"https:\/\/api.w.org\/{rel}","templated":true}]}}