{"id":190757,"date":"2024-02-19T12:22:40","date_gmt":"2024-02-19T10:22:40","guid":{"rendered":"https:\/\/spinlama.com\/ro\/?post_type=product&#038;p=190757"},"modified":"2025-04-22T13:40:13","modified_gmt":"2025-04-22T10:40:13","slug":"art-frame","status":"publish","type":"product","link":"https:\/\/spinlama.com\/ro\/produs\/art-frame\/","title":{"rendered":"Art Frame &#8211; Ram\u0103 de tablou"},"content":{"rendered":"\t\t<div data-elementor-type=\"product-post\" data-elementor-id=\"190757\" class=\"elementor elementor-190757\" data-elementor-post-type=\"product\">\n\t\t\t\t\t\t<section class=\"elementor-section elementor-top-section elementor-element elementor-element-f632fc4 elementor-section-boxed elementor-section-height-default elementor-section-height-default\" data-id=\"f632fc4\" data-element_type=\"section\">\n\t\t\t\t\t\t<div class=\"elementor-container elementor-column-gap-default\">\n\t\t\t\t\t<div class=\"elementor-column elementor-col-50 elementor-top-column elementor-element elementor-element-de8d27f\" data-id=\"de8d27f\" data-element_type=\"column\">\n\t\t\t<div class=\"elementor-widget-wrap elementor-element-populated\">\n\t\t\t\t\t\t<div class=\"elementor-element elementor-element-b786eb3 elementor-align-left elementor-icon-list--layout-traditional elementor-list-item-link-full_width elementor-widget elementor-widget-icon-list\" data-id=\"b786eb3\" data-element_type=\"widget\" data-widget_type=\"icon-list.default\">\n\t\t\t\t<div class=\"elementor-widget-container\">\n\t\t\t<link rel=\"stylesheet\" href=\"https:\/\/spinlama.com\/ro\/wp-content\/plugins\/elementor\/assets\/css\/widget-icon-list.min.css\">\t\t<ul class=\"elementor-icon-list-items\">\n\t\t\t\t\t\t\t<li class=\"elementor-icon-list-item\">\n\t\t\t\t\t\t\t\t\t\t\t<span class=\"elementor-icon-list-icon\">\n\t\t\t\t\t\t\t<i aria-hidden=\"true\" class=\"fas fa-arrow-right\"><\/i>\t\t\t\t\t\t<\/span>\n\t\t\t\t\t\t\t\t\t\t<span class=\"elementor-icon-list-text\">P\u00e2n\u0103 la 50 de imagini \u00eentr-un cadru<\/span>\n\t\t\t\t\t\t\t\t\t<\/li>\n\t\t\t\t\t\t\t\t<li class=\"elementor-icon-list-item\">\n\t\t\t\t\t\t\t\t\t\t\t<span class=\"elementor-icon-list-icon\">\n\t\t\t\t\t\t\t<i aria-hidden=\"true\" class=\"fas fa-arrow-right\"><\/i>\t\t\t\t\t\t<\/span>\n\t\t\t\t\t\t\t\t\t\t<span class=\"elementor-icon-list-text\">Schimb u\u0219or de imagini <\/span>\n\t\t\t\t\t\t\t\t\t<\/li>\n\t\t\t\t\t\t\t\t<li class=\"elementor-icon-list-item\">\n\t\t\t\t\t\t\t\t\t\t\t<span class=\"elementor-icon-list-icon\">\n\t\t\t\t\t\t\t<i aria-hidden=\"true\" class=\"fas fa-arrow-right\"><\/i>\t\t\t\t\t\t<\/span>\n\t\t\t\t\t\t\t\t\t\t<span class=\"elementor-icon-list-text\">Elastic pentru stocarea stabil\u0103 a imaginilor<\/span>\n\t\t\t\t\t\t\t\t\t<\/li>\n\t\t\t\t\t\t\t\t<li class=\"elementor-icon-list-item\">\n\t\t\t\t\t\t\t\t\t\t\t<span class=\"elementor-icon-list-icon\">\n\t\t\t\t\t\t\t<i aria-hidden=\"true\" class=\"fas fa-arrow-right\"><\/i>\t\t\t\t\t\t<\/span>\n\t\t\t\t\t\t\t\t\t\t<span class=\"elementor-icon-list-text\">Instalare orizontal\u0103 sau vertical\u0103<\/span>\n\t\t\t\t\t\t\t\t\t<\/li>\n\t\t\t\t\t\t\t\t<li class=\"elementor-icon-list-item\">\n\t\t\t\t\t\t\t\t\t\t\t<span class=\"elementor-icon-list-icon\">\n\t\t\t\t\t\t\t<i aria-hidden=\"true\" class=\"fas fa-arrow-right\"><\/i>\t\t\t\t\t\t<\/span>\n\t\t\t\t\t\t\t\t\t\t<span class=\"elementor-icon-list-text\">\u00cenchidere magnetic\u0103<\/span>\n\t\t\t\t\t\t\t\t\t<\/li>\n\t\t\t\t\t\t<\/ul>\n\t\t\t\t<\/div>\n\t\t\t\t<\/div>\n\t\t\t\t\t<\/div>\n\t\t<\/div>\n\t\t\t\t<div class=\"elementor-column elementor-col-50 elementor-top-column elementor-element elementor-element-2c83b68\" data-id=\"2c83b68\" data-element_type=\"column\">\n\t\t\t<div class=\"elementor-widget-wrap elementor-element-populated\">\n\t\t\t\t\t\t<div class=\"elementor-element elementor-element-73f8c3d elementor-widget elementor-widget-image\" data-id=\"73f8c3d\" data-element_type=\"widget\" data-widget_type=\"image.default\">\n\t\t\t\t<div class=\"elementor-widget-container\">\n\t\t\t<style>\/*! elementor - v3.21.0 - 18-04-2024 *\/\n.elementor-widget-image{text-align:center}.elementor-widget-image a{display:inline-block}.elementor-widget-image a img[src$=\".svg\"]{width:48px}.elementor-widget-image img{vertical-align:middle;display:inline-block}<\/style>\t\t\t\t\t\t\t\t\t\t<img fetchpriority=\"high\" decoding=\"async\" width=\"800\" height=\"800\" src=\"https:\/\/spinlama.com\/ro\/wp-content\/uploads\/sites\/20\/2024\/02\/Art-Frame0007-1-800x800.jpg\" class=\"attachment-large size-large wp-image-190749\" alt=\"\" srcset=\"https:\/\/spinlama.com\/ro\/wp-content\/uploads\/sites\/20\/2024\/02\/Art-Frame0007-1-800x800.jpg 800w, https:\/\/spinlama.com\/ro\/wp-content\/uploads\/sites\/20\/2024\/02\/Art-Frame0007-1-150x150.jpg 150w, https:\/\/spinlama.com\/ro\/wp-content\/uploads\/sites\/20\/2024\/02\/Art-Frame0007-1-768x768.jpg 768w, https:\/\/spinlama.com\/ro\/wp-content\/uploads\/sites\/20\/2024\/02\/Art-Frame0007-1-600x600.jpg 600w, https:\/\/spinlama.com\/ro\/wp-content\/uploads\/sites\/20\/2024\/02\/Art-Frame0007-1-100x100.jpg 100w, https:\/\/spinlama.com\/ro\/wp-content\/uploads\/sites\/20\/2024\/02\/Art-Frame0007-1.jpg 1080w\" sizes=\"(max-width: 800px) 100vw, 800px\" \/>\t\t\t\t\t\t\t\t\t\t\t\t\t<\/div>\n\t\t\t\t<\/div>\n\t\t\t\t\t<\/div>\n\t\t<\/div>\n\t\t\t\t\t<\/div>\n\t\t<\/section>\n\t\t\t\t<section class=\"elementor-section elementor-top-section elementor-element elementor-element-587ec22 elementor-reverse-mobile elementor-section-boxed elementor-section-height-default elementor-section-height-default\" data-id=\"587ec22\" data-element_type=\"section\">\n\t\t\t\t\t\t<div class=\"elementor-container elementor-column-gap-default\">\n\t\t\t\t\t<div class=\"elementor-column elementor-col-50 elementor-top-column elementor-element elementor-element-53e26a7\" data-id=\"53e26a7\" data-element_type=\"column\">\n\t\t\t<div class=\"elementor-widget-wrap elementor-element-populated\">\n\t\t\t\t\t\t<div class=\"elementor-element elementor-element-9f8d252 elementor-widget elementor-widget-image\" data-id=\"9f8d252\" data-element_type=\"widget\" data-widget_type=\"image.default\">\n\t\t\t\t<div class=\"elementor-widget-container\">\n\t\t\t\t\t\t\t\t\t\t\t\t\t<img decoding=\"async\" width=\"800\" height=\"800\" src=\"https:\/\/spinlama.com\/ro\/wp-content\/uploads\/sites\/20\/2024\/02\/Art-Frame0030-800x800.jpg\" class=\"attachment-large size-large wp-image-190750\" alt=\"\" srcset=\"https:\/\/spinlama.com\/ro\/wp-content\/uploads\/sites\/20\/2024\/02\/Art-Frame0030-800x800.jpg 800w, https:\/\/spinlama.com\/ro\/wp-content\/uploads\/sites\/20\/2024\/02\/Art-Frame0030-150x150.jpg 150w, https:\/\/spinlama.com\/ro\/wp-content\/uploads\/sites\/20\/2024\/02\/Art-Frame0030-768x768.jpg 768w, https:\/\/spinlama.com\/ro\/wp-content\/uploads\/sites\/20\/2024\/02\/Art-Frame0030-600x600.jpg 600w, https:\/\/spinlama.com\/ro\/wp-content\/uploads\/sites\/20\/2024\/02\/Art-Frame0030-100x100.jpg 100w, https:\/\/spinlama.com\/ro\/wp-content\/uploads\/sites\/20\/2024\/02\/Art-Frame0030.jpg 1080w\" sizes=\"(max-width: 800px) 100vw, 800px\" \/>\t\t\t\t\t\t\t\t\t\t\t\t\t<\/div>\n\t\t\t\t<\/div>\n\t\t\t\t\t<\/div>\n\t\t<\/div>\n\t\t\t\t<div class=\"elementor-column elementor-col-50 elementor-top-column elementor-element elementor-element-837e529\" data-id=\"837e529\" data-element_type=\"column\">\n\t\t\t<div class=\"elementor-widget-wrap elementor-element-populated\">\n\t\t\t\t\t\t<div class=\"elementor-element elementor-element-932e7b1 elementor-widget elementor-widget-image\" data-id=\"932e7b1\" data-element_type=\"widget\" data-widget_type=\"image.default\">\n\t\t\t\t<div class=\"elementor-widget-container\">\n\t\t\t\t\t\t\t\t\t\t\t\t\t<img decoding=\"async\" width=\"800\" height=\"800\" src=\"https:\/\/spinlama.com\/ro\/wp-content\/uploads\/sites\/20\/2024\/02\/Art-Frame0006-1-800x800.jpg\" class=\"attachment-large size-large wp-image-190751\" alt=\"\" srcset=\"https:\/\/spinlama.com\/ro\/wp-content\/uploads\/sites\/20\/2024\/02\/Art-Frame0006-1-800x800.jpg 800w, https:\/\/spinlama.com\/ro\/wp-content\/uploads\/sites\/20\/2024\/02\/Art-Frame0006-1-150x150.jpg 150w, https:\/\/spinlama.com\/ro\/wp-content\/uploads\/sites\/20\/2024\/02\/Art-Frame0006-1-768x768.jpg 768w, https:\/\/spinlama.com\/ro\/wp-content\/uploads\/sites\/20\/2024\/02\/Art-Frame0006-1-600x600.jpg 600w, https:\/\/spinlama.com\/ro\/wp-content\/uploads\/sites\/20\/2024\/02\/Art-Frame0006-1-100x100.jpg 100w, https:\/\/spinlama.com\/ro\/wp-content\/uploads\/sites\/20\/2024\/02\/Art-Frame0006-1.jpg 1080w\" sizes=\"(max-width: 800px) 100vw, 800px\" \/>\t\t\t\t\t\t\t\t\t\t\t\t\t<\/div>\n\t\t\t\t<\/div>\n\t\t\t\t\t<\/div>\n\t\t<\/div>\n\t\t\t\t\t<\/div>\n\t\t<\/section>\n\t\t\t\t<section class=\"elementor-section elementor-top-section elementor-element elementor-element-ebbf344 elementor-reverse-mobile elementor-section-boxed elementor-section-height-default elementor-section-height-default\" data-id=\"ebbf344\" data-element_type=\"section\">\n\t\t\t\t\t\t<div class=\"elementor-container elementor-column-gap-default\">\n\t\t\t\t\t<div class=\"elementor-column elementor-col-50 elementor-top-column elementor-element elementor-element-34b5650\" data-id=\"34b5650\" data-element_type=\"column\">\n\t\t\t<div class=\"elementor-widget-wrap elementor-element-populated\">\n\t\t\t\t\t\t<div class=\"elementor-element elementor-element-30fc01d elementor-widget elementor-widget-image\" data-id=\"30fc01d\" data-element_type=\"widget\" data-widget_type=\"image.default\">\n\t\t\t\t<div class=\"elementor-widget-container\">\n\t\t\t\t\t\t\t\t\t\t\t\t\t<img loading=\"lazy\" decoding=\"async\" width=\"800\" height=\"800\" src=\"https:\/\/spinlama.com\/ro\/wp-content\/uploads\/sites\/20\/2024\/02\/Art-Frame0028-800x800.jpg\" class=\"attachment-large size-large wp-image-190752\" alt=\"\" srcset=\"https:\/\/spinlama.com\/ro\/wp-content\/uploads\/sites\/20\/2024\/02\/Art-Frame0028-800x800.jpg 800w, https:\/\/spinlama.com\/ro\/wp-content\/uploads\/sites\/20\/2024\/02\/Art-Frame0028-150x150.jpg 150w, https:\/\/spinlama.com\/ro\/wp-content\/uploads\/sites\/20\/2024\/02\/Art-Frame0028-768x768.jpg 768w, https:\/\/spinlama.com\/ro\/wp-content\/uploads\/sites\/20\/2024\/02\/Art-Frame0028-600x600.jpg 600w, https:\/\/spinlama.com\/ro\/wp-content\/uploads\/sites\/20\/2024\/02\/Art-Frame0028-100x100.jpg 100w, https:\/\/spinlama.com\/ro\/wp-content\/uploads\/sites\/20\/2024\/02\/Art-Frame0028.jpg 1080w\" sizes=\"(max-width: 800px) 100vw, 800px\" \/>\t\t\t\t\t\t\t\t\t\t\t\t\t<\/div>\n\t\t\t\t<\/div>\n\t\t\t\t\t<\/div>\n\t\t<\/div>\n\t\t\t\t<div class=\"elementor-column elementor-col-50 elementor-top-column elementor-element elementor-element-da9c9bb\" data-id=\"da9c9bb\" data-element_type=\"column\">\n\t\t\t<div class=\"elementor-widget-wrap elementor-element-populated\">\n\t\t\t\t\t\t<div class=\"elementor-element elementor-element-59eea76 elementor-widget elementor-widget-shortcode\" data-id=\"59eea76\" data-element_type=\"widget\" data-widget_type=\"shortcode.default\">\n\t\t\t\t<div class=\"elementor-widget-container\">\n\t\t\t\t\t<div class=\"elementor-shortcode\"><div style=\"position: relative; padding-top: 100%;\"><iframe src=\"https:\/\/iframe.mediadelivery.net\/embed\/53604\/f1de005c-9a1c-4492-9c7d-3176278c632f?autoplay=true&loop=true&muted=true\" loading=\"lazy\" style=\"border: none; position: absolute; top: 0; height: 100%; width: 100%;\" allow=\"accelerometer; gyroscope; autoplay; encrypted-media; picture-in-picture;\" allowfullscreen=\"true\"><\/iframe><\/div><\/div>\n\t\t\t\t<\/div>\n\t\t\t\t<\/div>\n\t\t\t\t\t<\/div>\n\t\t<\/div>\n\t\t\t\t\t<\/div>\n\t\t<\/section>\n\t\t\t\t<section class=\"elementor-section elementor-top-section elementor-element elementor-element-e704edc elementor-section-boxed elementor-section-height-default elementor-section-height-default\" data-id=\"e704edc\" data-element_type=\"section\">\n\t\t\t\t\t\t<div class=\"elementor-container elementor-column-gap-default\">\n\t\t\t\t\t<div class=\"elementor-column elementor-col-100 elementor-top-column elementor-element elementor-element-eafbef6\" data-id=\"eafbef6\" data-element_type=\"column\">\n\t\t\t<div class=\"elementor-widget-wrap elementor-element-populated\">\n\t\t\t\t\t\t<div class=\"elementor-element elementor-element-d3faedb elementor-widget elementor-widget-accordion\" data-id=\"d3faedb\" data-element_type=\"widget\" data-widget_type=\"accordion.default\">\n\t\t\t\t<div class=\"elementor-widget-container\">\n\t\t\t<style>\/*! elementor - v3.21.0 - 18-04-2024 *\/\n.elementor-accordion{text-align:start}.elementor-accordion .elementor-accordion-item{border:1px solid #d5d8dc}.elementor-accordion .elementor-accordion-item+.elementor-accordion-item{border-top:none}.elementor-accordion .elementor-tab-title{margin:0;padding:15px 20px;font-weight:700;line-height:1;cursor:pointer;outline:none}.elementor-accordion .elementor-tab-title .elementor-accordion-icon{display:inline-block;width:1.5em}.elementor-accordion .elementor-tab-title .elementor-accordion-icon svg{width:1em;height:1em}.elementor-accordion .elementor-tab-title .elementor-accordion-icon.elementor-accordion-icon-right{float:right;text-align:right}.elementor-accordion .elementor-tab-title .elementor-accordion-icon.elementor-accordion-icon-left{float:left;text-align:left}.elementor-accordion .elementor-tab-title .elementor-accordion-icon .elementor-accordion-icon-closed{display:block}.elementor-accordion .elementor-tab-title .elementor-accordion-icon .elementor-accordion-icon-opened,.elementor-accordion .elementor-tab-title.elementor-active .elementor-accordion-icon-closed{display:none}.elementor-accordion .elementor-tab-title.elementor-active .elementor-accordion-icon-opened{display:block}.elementor-accordion .elementor-tab-content{display:none;padding:15px 20px;border-top:1px solid #d5d8dc}@media (max-width:767px){.elementor-accordion .elementor-tab-title{padding:12px 15px}.elementor-accordion .elementor-tab-title .elementor-accordion-icon{width:1.2em}.elementor-accordion .elementor-tab-content{padding:7px 15px}}.e-con-inner>.elementor-widget-accordion,.e-con>.elementor-widget-accordion{width:var(--container-widget-width);--flex-grow:var(--container-widget-flex-grow)}<\/style>\t\t<div class=\"elementor-accordion\">\n\t\t\t\t\t\t\t<div class=\"elementor-accordion-item\">\n\t\t\t\t\t<div id=\"elementor-tab-title-2221\" class=\"elementor-tab-title\" data-tab=\"1\" role=\"button\" aria-controls=\"elementor-tab-content-2221\" aria-expanded=\"false\">\n\t\t\t\t\t\t\t\t\t\t\t\t\t<span class=\"elementor-accordion-icon elementor-accordion-icon-left\" aria-hidden=\"true\">\n\t\t\t\t\t\t\t\t\t\t\t\t\t\t\t<span class=\"elementor-accordion-icon-closed\"><i class=\"fas fa-chevron-down\"><\/i><\/span>\n\t\t\t\t\t\t\t\t<span class=\"elementor-accordion-icon-opened\"><i class=\"fas fa-chevron-up\"><\/i><\/span>\n\t\t\t\t\t\t\t\t\t\t\t\t\t\t<\/span>\n\t\t\t\t\t\t\t\t\t\t\t\t<a class=\"elementor-accordion-title\" tabindex=\"0\">Caracteristici<\/a>\n\t\t\t\t\t<\/div>\n\t\t\t\t\t<div id=\"elementor-tab-content-2221\" class=\"elementor-tab-content elementor-clearfix\" data-tab=\"1\" role=\"region\" aria-labelledby=\"elementor-tab-title-2221\"><p><strong>Dimensiuni<\/strong>: 15.2 cm x 20.3 cm<\/p><p><strong>Material<\/strong>: lemn, acrilic<\/p><p><strong>Culoare<\/strong>: alb<\/p><p><strong>Num\u0103rul de imagini din cadru depinde de grosimea h\u00e2rtiei.<\/strong><\/p><\/div>\n\t\t\t\t<\/div>\n\t\t\t\t\t\t\t\t<\/div>\n\t\t\t\t<\/div>\n\t\t\t\t<\/div>\n\t\t\t\t\t<\/div>\n\t\t<\/div>\n\t\t\t\t\t<\/div>\n\t\t<\/section>\n\t\t\t\t<\/div>\n\t\t","protected":false},"excerpt":{"rendered":"<p>Toate amintirile copilului t\u0103u \u00eentr-un singur loc!<\/p>\n<ul>\n<li>15.2 cm x 20.3 cm<\/li>\n<li>Culoare alb\u0103<\/li>\n<\/ul>\n","protected":false},"featured_media":190743,"comment_status":"open","ping_status":"closed","template":"","meta":[],"product_cat":[16,17,62],"product_tag":[216,217,218,219],"aioseo_notices":[],"_links":{"self":[{"href":"https:\/\/spinlama.com\/ro\/wp-json\/wp\/v2\/product\/190757"}],"collection":[{"href":"https:\/\/spinlama.com\/ro\/wp-json\/wp\/v2\/product"}],"about":[{"href":"https:\/\/spinlama.com\/ro\/wp-json\/wp\/v2\/types\/product"}],"replies":[{"embeddable":true,"href":"https:\/\/spinlama.com\/ro\/wp-json\/wp\/v2\/comments?post=190757"}],"version-history":[{"count":6,"href":"https:\/\/spinlama.com\/ro\/wp-json\/wp\/v2\/product\/190757\/revisions"}],"predecessor-version":[{"id":190763,"href":"https:\/\/spinlama.com\/ro\/wp-json\/wp\/v2\/product\/190757\/revisions\/190763"}],"wp:featuredmedia":[{"embeddable":true,"href":"https:\/\/spinlama.com\/ro\/wp-json\/wp\/v2\/media\/190743"}],"wp:attachment":[{"href":"https:\/\/spinlama.com\/ro\/wp-json\/wp\/v2\/media?parent=190757"}],"wp:term":[{"taxonomy":"product_cat","embeddable":true,"href":"https:\/\/spinlama.com\/ro\/wp-json\/wp\/v2\/product_cat?post=190757"},{"taxonomy":"product_tag","embeddable":true,"href":"https:\/\/spinlama.com\/ro\/wp-json\/wp\/v2\/product_tag?post=190757"}],"curies":[{"name":"wp","href":"https:\/\/api.w.org\/{rel}","templated":true}]}}