{"id":190992,"date":"2024-02-28T16:05:15","date_gmt":"2024-02-28T14:05:15","guid":{"rendered":"https:\/\/spinlama.com\/ro\/?post_type=product&#038;p=190992"},"modified":"2024-02-28T16:06:42","modified_gmt":"2024-02-28T14:06:42","slug":"shoe-organizer","status":"publish","type":"product","link":"https:\/\/spinlama.com\/ro\/produs\/shoe-organizer\/","title":{"rendered":"SHOE ORGANIZER &#8211; Organizator pentru \u00eenc\u0103l\u021b\u0103minte"},"content":{"rendered":"\t\t<div data-elementor-type=\"product-post\" data-elementor-id=\"190992\" class=\"elementor elementor-190992\" data-elementor-post-type=\"product\">\n\t\t\t\t\t\t<section class=\"elementor-section elementor-top-section elementor-element elementor-element-9a13490 elementor-section-boxed elementor-section-height-default elementor-section-height-default\" data-id=\"9a13490\" data-element_type=\"section\">\n\t\t\t\t\t\t<div class=\"elementor-container elementor-column-gap-default\">\n\t\t\t\t\t<div class=\"elementor-column elementor-col-50 elementor-top-column elementor-element elementor-element-16115c0\" data-id=\"16115c0\" data-element_type=\"column\">\n\t\t\t<div class=\"elementor-widget-wrap elementor-element-populated\">\n\t\t\t\t\t\t<div class=\"elementor-element elementor-element-8941a20 elementor-widget elementor-widget-text-editor\" data-id=\"8941a20\" data-element_type=\"widget\" data-widget_type=\"text-editor.default\">\n\t\t\t\t<div class=\"elementor-widget-container\">\n\t\t\t<style>\/*! elementor - v3.21.0 - 18-04-2024 *\/\n.elementor-widget-text-editor.elementor-drop-cap-view-stacked .elementor-drop-cap{background-color:#69727d;color:#fff}.elementor-widget-text-editor.elementor-drop-cap-view-framed .elementor-drop-cap{color:#69727d;border:3px solid;background-color:transparent}.elementor-widget-text-editor:not(.elementor-drop-cap-view-default) .elementor-drop-cap{margin-top:8px}.elementor-widget-text-editor:not(.elementor-drop-cap-view-default) .elementor-drop-cap-letter{width:1em;height:1em}.elementor-widget-text-editor .elementor-drop-cap{float:left;text-align:center;line-height:1;font-size:50px}.elementor-widget-text-editor .elementor-drop-cap-letter{display:inline-block}<\/style>\t\t\t\t<h2><strong>Evit\u0103 dulapurile supraaglomerate \u0219i \u00eenc\u0103l\u021b\u0103mintea deteriorat\u0103.<\/strong><\/h2><p><span style=\"font-size: 110%\">Pe l\u00e2ng\u0103 faptul c\u0103 rezolv\u0103 problema constr\u00e2ngerilor de spa\u021biu, organizatorul ofer\u0103 o imagine de ansamblu ordonat\u0103 a \u00eenc\u0103l\u021b\u0103mintei tale.<\/span><\/p>\t\t\t\t\t\t<\/div>\n\t\t\t\t<\/div>\n\t\t\t\t\t<\/div>\n\t\t<\/div>\n\t\t\t\t<div class=\"elementor-column elementor-col-50 elementor-top-column elementor-element elementor-element-9f95320\" data-id=\"9f95320\" data-element_type=\"column\">\n\t\t\t<div class=\"elementor-widget-wrap elementor-element-populated\">\n\t\t\t\t\t\t<div class=\"elementor-element elementor-element-03441e2 elementor-widget elementor-widget-image\" data-id=\"03441e2\" data-element_type=\"widget\" data-widget_type=\"image.default\">\n\t\t\t\t<div class=\"elementor-widget-container\">\n\t\t\t<style>\/*! elementor - v3.21.0 - 18-04-2024 *\/\n.elementor-widget-image{text-align:center}.elementor-widget-image a{display:inline-block}.elementor-widget-image a img[src$=\".svg\"]{width:48px}.elementor-widget-image img{vertical-align:middle;display:inline-block}<\/style>\t\t\t\t\t\t\t\t\t\t<img fetchpriority=\"high\" decoding=\"async\" width=\"800\" height=\"800\" src=\"https:\/\/spinlama.com\/ro\/wp-content\/uploads\/sites\/20\/2024\/02\/ShoeOrganiser-11-800x800.jpg\" class=\"attachment-large size-large wp-image-190985\" alt=\"\" srcset=\"https:\/\/spinlama.com\/ro\/wp-content\/uploads\/sites\/20\/2024\/02\/ShoeOrganiser-11-800x800.jpg 800w, https:\/\/spinlama.com\/ro\/wp-content\/uploads\/sites\/20\/2024\/02\/ShoeOrganiser-11-150x150.jpg 150w, https:\/\/spinlama.com\/ro\/wp-content\/uploads\/sites\/20\/2024\/02\/ShoeOrganiser-11-768x768.jpg 768w, https:\/\/spinlama.com\/ro\/wp-content\/uploads\/sites\/20\/2024\/02\/ShoeOrganiser-11-600x600.jpg 600w, https:\/\/spinlama.com\/ro\/wp-content\/uploads\/sites\/20\/2024\/02\/ShoeOrganiser-11-100x100.jpg 100w, https:\/\/spinlama.com\/ro\/wp-content\/uploads\/sites\/20\/2024\/02\/ShoeOrganiser-11.jpg 1080w\" sizes=\"(max-width: 800px) 100vw, 800px\" \/>\t\t\t\t\t\t\t\t\t\t\t\t\t<\/div>\n\t\t\t\t<\/div>\n\t\t\t\t\t<\/div>\n\t\t<\/div>\n\t\t\t\t\t<\/div>\n\t\t<\/section>\n\t\t\t\t<section class=\"elementor-section elementor-top-section elementor-element elementor-element-28a48cb elementor-reverse-mobile elementor-section-boxed elementor-section-height-default elementor-section-height-default\" data-id=\"28a48cb\" data-element_type=\"section\">\n\t\t\t\t\t\t<div class=\"elementor-container elementor-column-gap-default\">\n\t\t\t\t\t<div class=\"elementor-column elementor-col-50 elementor-top-column elementor-element elementor-element-90ee0b9\" data-id=\"90ee0b9\" data-element_type=\"column\">\n\t\t\t<div class=\"elementor-widget-wrap elementor-element-populated\">\n\t\t\t\t\t\t<div class=\"elementor-element elementor-element-7ca1538 elementor-widget elementor-widget-image\" data-id=\"7ca1538\" data-element_type=\"widget\" data-widget_type=\"image.default\">\n\t\t\t\t<div class=\"elementor-widget-container\">\n\t\t\t\t\t\t\t\t\t\t\t\t\t<img decoding=\"async\" width=\"800\" height=\"800\" src=\"https:\/\/spinlama.com\/ro\/wp-content\/uploads\/sites\/20\/2024\/02\/ShoeOrganizer-3-of-21-800x800.jpg\" class=\"attachment-large size-large wp-image-190986\" alt=\"\" srcset=\"https:\/\/spinlama.com\/ro\/wp-content\/uploads\/sites\/20\/2024\/02\/ShoeOrganizer-3-of-21-800x800.jpg 800w, https:\/\/spinlama.com\/ro\/wp-content\/uploads\/sites\/20\/2024\/02\/ShoeOrganizer-3-of-21-150x150.jpg 150w, https:\/\/spinlama.com\/ro\/wp-content\/uploads\/sites\/20\/2024\/02\/ShoeOrganizer-3-of-21-768x768.jpg 768w, https:\/\/spinlama.com\/ro\/wp-content\/uploads\/sites\/20\/2024\/02\/ShoeOrganizer-3-of-21-600x600.jpg 600w, https:\/\/spinlama.com\/ro\/wp-content\/uploads\/sites\/20\/2024\/02\/ShoeOrganizer-3-of-21-100x100.jpg 100w, https:\/\/spinlama.com\/ro\/wp-content\/uploads\/sites\/20\/2024\/02\/ShoeOrganizer-3-of-21.jpg 1080w\" sizes=\"(max-width: 800px) 100vw, 800px\" \/>\t\t\t\t\t\t\t\t\t\t\t\t\t<\/div>\n\t\t\t\t<\/div>\n\t\t\t\t\t<\/div>\n\t\t<\/div>\n\t\t\t\t<div class=\"elementor-column elementor-col-50 elementor-top-column elementor-element elementor-element-ff21d82\" data-id=\"ff21d82\" data-element_type=\"column\">\n\t\t\t<div class=\"elementor-widget-wrap elementor-element-populated\">\n\t\t\t\t\t\t<div class=\"elementor-element elementor-element-697edbd elementor-widget elementor-widget-text-editor\" data-id=\"697edbd\" data-element_type=\"widget\" data-widget_type=\"text-editor.default\">\n\t\t\t\t<div class=\"elementor-widget-container\">\n\t\t\t\t\t\t\t<p><span style=\"font-size: 110%\">Un organizator de pantofi suspendat este solu\u021bia perfect\u0103 pentru o cas\u0103 <strong>ordonat\u0103<\/strong> \u0219i <strong>organizat\u0103.<\/strong> Aceasta va \u00eempiedica \u00eenc\u0103l\u021b\u0103mintea s\u0103 se aglomereze \u0219i \u00ee\u0219i va p\u0103stra forma.\u00a0<\/span><\/p>\t\t\t\t\t\t<\/div>\n\t\t\t\t<\/div>\n\t\t\t\t\t<\/div>\n\t\t<\/div>\n\t\t\t\t\t<\/div>\n\t\t<\/section>\n\t\t\t\t<section class=\"elementor-section elementor-top-section elementor-element elementor-element-aa465a2 elementor-section-boxed elementor-section-height-default elementor-section-height-default\" data-id=\"aa465a2\" data-element_type=\"section\">\n\t\t\t\t\t\t<div class=\"elementor-container elementor-column-gap-default\">\n\t\t\t\t\t<div class=\"elementor-column elementor-col-50 elementor-top-column elementor-element elementor-element-f71a11c\" data-id=\"f71a11c\" data-element_type=\"column\">\n\t\t\t<div class=\"elementor-widget-wrap elementor-element-populated\">\n\t\t\t\t\t\t<div class=\"elementor-element elementor-element-f7b82b5 elementor-widget elementor-widget-text-editor\" data-id=\"f7b82b5\" data-element_type=\"widget\" data-widget_type=\"text-editor.default\">\n\t\t\t\t<div class=\"elementor-widget-container\">\n\t\t\t\t\t\t\t<p><span style=\"font-size: 110%\">Fiecare buzunar are o deschidere pe ambele p\u0103r\u021bi, ceea ce \u00eel face potrivit pentru<strong> toate tipurile \u0219i m\u0103rimile<\/strong> de \u00eenc\u0103l\u021b\u0103minte &#8211; pantofi de gimnastic\u0103, sandale, tocuri \u00eenalte \u0219i chiar cizme. Un organizator poate con\u021bine <strong>6 perechi de pantofi.<\/strong><\/span><\/p>\t\t\t\t\t\t<\/div>\n\t\t\t\t<\/div>\n\t\t\t\t\t<\/div>\n\t\t<\/div>\n\t\t\t\t<div class=\"elementor-column elementor-col-50 elementor-top-column elementor-element elementor-element-5659f6a\" data-id=\"5659f6a\" data-element_type=\"column\">\n\t\t\t<div class=\"elementor-widget-wrap elementor-element-populated\">\n\t\t\t\t\t\t<div class=\"elementor-element elementor-element-d74c76e elementor-widget elementor-widget-image\" data-id=\"d74c76e\" data-element_type=\"widget\" data-widget_type=\"image.default\">\n\t\t\t\t<div class=\"elementor-widget-container\">\n\t\t\t\t\t\t\t\t\t\t\t\t\t<img decoding=\"async\" width=\"800\" height=\"800\" src=\"https:\/\/spinlama.com\/ro\/wp-content\/uploads\/sites\/20\/2024\/02\/ShoeOrganiser-9-800x800.jpg\" class=\"attachment-large size-large wp-image-190987\" alt=\"\" srcset=\"https:\/\/spinlama.com\/ro\/wp-content\/uploads\/sites\/20\/2024\/02\/ShoeOrganiser-9-800x800.jpg 800w, https:\/\/spinlama.com\/ro\/wp-content\/uploads\/sites\/20\/2024\/02\/ShoeOrganiser-9-150x150.jpg 150w, https:\/\/spinlama.com\/ro\/wp-content\/uploads\/sites\/20\/2024\/02\/ShoeOrganiser-9-768x768.jpg 768w, https:\/\/spinlama.com\/ro\/wp-content\/uploads\/sites\/20\/2024\/02\/ShoeOrganiser-9-600x600.jpg 600w, https:\/\/spinlama.com\/ro\/wp-content\/uploads\/sites\/20\/2024\/02\/ShoeOrganiser-9-100x100.jpg 100w, https:\/\/spinlama.com\/ro\/wp-content\/uploads\/sites\/20\/2024\/02\/ShoeOrganiser-9.jpg 1080w\" sizes=\"(max-width: 800px) 100vw, 800px\" \/>\t\t\t\t\t\t\t\t\t\t\t\t\t<\/div>\n\t\t\t\t<\/div>\n\t\t\t\t\t<\/div>\n\t\t<\/div>\n\t\t\t\t\t<\/div>\n\t\t<\/section>\n\t\t\t\t<section class=\"elementor-section elementor-top-section elementor-element elementor-element-366038a elementor-reverse-mobile elementor-section-boxed elementor-section-height-default elementor-section-height-default\" data-id=\"366038a\" data-element_type=\"section\">\n\t\t\t\t\t\t<div class=\"elementor-container elementor-column-gap-default\">\n\t\t\t\t\t<div class=\"elementor-column elementor-col-50 elementor-top-column elementor-element elementor-element-5d65efb\" data-id=\"5d65efb\" data-element_type=\"column\">\n\t\t\t<div class=\"elementor-widget-wrap elementor-element-populated\">\n\t\t\t\t\t\t<div class=\"elementor-element elementor-element-1d36d6e elementor-widget elementor-widget-image\" data-id=\"1d36d6e\" data-element_type=\"widget\" data-widget_type=\"image.default\">\n\t\t\t\t<div class=\"elementor-widget-container\">\n\t\t\t\t\t\t\t\t\t\t\t\t\t<img loading=\"lazy\" decoding=\"async\" width=\"800\" height=\"800\" src=\"https:\/\/spinlama.com\/ro\/wp-content\/uploads\/sites\/20\/2024\/02\/ShoeOrganiser-8-1-800x800.jpg\" class=\"attachment-large size-large wp-image-190988\" alt=\"\" srcset=\"https:\/\/spinlama.com\/ro\/wp-content\/uploads\/sites\/20\/2024\/02\/ShoeOrganiser-8-1-800x800.jpg 800w, https:\/\/spinlama.com\/ro\/wp-content\/uploads\/sites\/20\/2024\/02\/ShoeOrganiser-8-1-150x150.jpg 150w, https:\/\/spinlama.com\/ro\/wp-content\/uploads\/sites\/20\/2024\/02\/ShoeOrganiser-8-1-768x768.jpg 768w, https:\/\/spinlama.com\/ro\/wp-content\/uploads\/sites\/20\/2024\/02\/ShoeOrganiser-8-1-600x600.jpg 600w, https:\/\/spinlama.com\/ro\/wp-content\/uploads\/sites\/20\/2024\/02\/ShoeOrganiser-8-1-100x100.jpg 100w, https:\/\/spinlama.com\/ro\/wp-content\/uploads\/sites\/20\/2024\/02\/ShoeOrganiser-8-1.jpg 1080w\" sizes=\"(max-width: 800px) 100vw, 800px\" \/>\t\t\t\t\t\t\t\t\t\t\t\t\t<\/div>\n\t\t\t\t<\/div>\n\t\t\t\t\t<\/div>\n\t\t<\/div>\n\t\t\t\t<div class=\"elementor-column elementor-col-50 elementor-top-column elementor-element elementor-element-126a38a\" data-id=\"126a38a\" data-element_type=\"column\">\n\t\t\t<div class=\"elementor-widget-wrap elementor-element-populated\">\n\t\t\t\t\t\t<div class=\"elementor-element elementor-element-f13503f elementor-widget elementor-widget-text-editor\" data-id=\"f13503f\" data-element_type=\"widget\" data-widget_type=\"text-editor.default\">\n\t\t\t\t<div class=\"elementor-widget-container\">\n\t\t\t\t\t\t\t<p><span style=\"font-size: 110%\">Organizatorul este fabricat din <strong>\u021bes\u0103tur\u0103 ne\u021besut\u0103 de \u00eenalt\u0103 calitate<\/strong>, care poate sus\u021bine greutatea mai multor perechi de pantofi. Pantofii t\u0103i vor fi \u00eentotdeauna depozita\u021bi \u00een siguran\u021b\u0103, iar materialul respirabil te va ajuta s\u0103 evi\u021bi <strong>mirosurile<\/strong> \u0219i <strong>umezeala.<\/strong><\/span><\/p>\t\t\t\t\t\t<\/div>\n\t\t\t\t<\/div>\n\t\t\t\t\t<\/div>\n\t\t<\/div>\n\t\t\t\t\t<\/div>\n\t\t<\/section>\n\t\t\t\t<section class=\"elementor-section elementor-top-section elementor-element elementor-element-827e185 elementor-section-boxed elementor-section-height-default elementor-section-height-default\" data-id=\"827e185\" data-element_type=\"section\">\n\t\t\t\t\t\t<div class=\"elementor-container elementor-column-gap-default\">\n\t\t\t\t\t<div class=\"elementor-column elementor-col-100 elementor-top-column elementor-element elementor-element-664e55f\" data-id=\"664e55f\" data-element_type=\"column\">\n\t\t\t<div class=\"elementor-widget-wrap elementor-element-populated\">\n\t\t\t\t\t\t<div class=\"elementor-element elementor-element-5cc24d7 elementor-widget elementor-widget-accordion\" data-id=\"5cc24d7\" data-element_type=\"widget\" data-widget_type=\"accordion.default\">\n\t\t\t\t<div class=\"elementor-widget-container\">\n\t\t\t<style>\/*! elementor - v3.21.0 - 18-04-2024 *\/\n.elementor-accordion{text-align:start}.elementor-accordion .elementor-accordion-item{border:1px solid #d5d8dc}.elementor-accordion .elementor-accordion-item+.elementor-accordion-item{border-top:none}.elementor-accordion .elementor-tab-title{margin:0;padding:15px 20px;font-weight:700;line-height:1;cursor:pointer;outline:none}.elementor-accordion .elementor-tab-title .elementor-accordion-icon{display:inline-block;width:1.5em}.elementor-accordion .elementor-tab-title .elementor-accordion-icon svg{width:1em;height:1em}.elementor-accordion .elementor-tab-title .elementor-accordion-icon.elementor-accordion-icon-right{float:right;text-align:right}.elementor-accordion .elementor-tab-title .elementor-accordion-icon.elementor-accordion-icon-left{float:left;text-align:left}.elementor-accordion .elementor-tab-title .elementor-accordion-icon .elementor-accordion-icon-closed{display:block}.elementor-accordion .elementor-tab-title .elementor-accordion-icon .elementor-accordion-icon-opened,.elementor-accordion .elementor-tab-title.elementor-active .elementor-accordion-icon-closed{display:none}.elementor-accordion .elementor-tab-title.elementor-active .elementor-accordion-icon-opened{display:block}.elementor-accordion .elementor-tab-content{display:none;padding:15px 20px;border-top:1px solid #d5d8dc}@media (max-width:767px){.elementor-accordion .elementor-tab-title{padding:12px 15px}.elementor-accordion .elementor-tab-title .elementor-accordion-icon{width:1.2em}.elementor-accordion .elementor-tab-content{padding:7px 15px}}.e-con-inner>.elementor-widget-accordion,.e-con>.elementor-widget-accordion{width:var(--container-widget-width);--flex-grow:var(--container-widget-flex-grow)}<\/style>\t\t<div class=\"elementor-accordion\">\n\t\t\t\t\t\t\t<div class=\"elementor-accordion-item\">\n\t\t\t\t\t<div id=\"elementor-tab-title-9721\" class=\"elementor-tab-title\" data-tab=\"1\" role=\"button\" aria-controls=\"elementor-tab-content-9721\" aria-expanded=\"false\">\n\t\t\t\t\t\t\t\t\t\t\t\t\t<span class=\"elementor-accordion-icon elementor-accordion-icon-left\" aria-hidden=\"true\">\n\t\t\t\t\t\t\t\t\t\t\t\t\t\t\t<span class=\"elementor-accordion-icon-closed\"><i class=\"fas fa-chevron-down\"><\/i><\/span>\n\t\t\t\t\t\t\t\t<span class=\"elementor-accordion-icon-opened\"><i class=\"fas fa-chevron-up\"><\/i><\/span>\n\t\t\t\t\t\t\t\t\t\t\t\t\t\t<\/span>\n\t\t\t\t\t\t\t\t\t\t\t\t<a class=\"elementor-accordion-title\" tabindex=\"0\">Caracteristici<\/a>\n\t\t\t\t\t<\/div>\n\t\t\t\t\t<div id=\"elementor-tab-content-9721\" class=\"elementor-tab-content elementor-clearfix\" data-tab=\"1\" role=\"region\" aria-labelledby=\"elementor-tab-title-9721\"><p>Material: PVC, \u021bes\u0103tur\u0103 ne\u021besut\u0103, o\u021bel inoxidabil (c\u00e2rlig)<\/p><p>Culoare: bej, negru<\/p><p>Num\u0103r de buzunare pentru pantofi: 12\u00a0<\/p><p>Dimensiuni: 117 cm x 33 cm<\/p><p>Dimensiunile buzunarului: 18 cm x 28 cm<\/p><p>\u00cen\u0103l\u021bimea c\u00e2rligului: 5 cm<\/p><p>Vei primi 2 organizatori \u00een set<\/p><\/div>\n\t\t\t\t<\/div>\n\t\t\t\t\t\t\t\t<\/div>\n\t\t\t\t<\/div>\n\t\t\t\t<\/div>\n\t\t\t\t\t<\/div>\n\t\t<\/div>\n\t\t\t\t\t<\/div>\n\t\t<\/section>\n\t\t\t\t<\/div>\n\t\t","protected":false},"excerpt":{"rendered":"<p>Profit\u0103 la maximum de spa\u021biu \u0219i p\u0103streaz\u0103-\u021bi casa \u0219i dulapurile ordonate!<\/p>\n<p><strong>Promo\u021bia 1+1<\/strong><\/p>\n<p>Disponibil \u00een 2 culori diferite &#8211; bej \u0219i negru<\/p>\n","protected":false},"featured_media":190973,"comment_status":"open","ping_status":"closed","template":"","meta":[],"product_cat":[16,17],"product_tag":[],"aioseo_notices":[],"_links":{"self":[{"href":"https:\/\/spinlama.com\/ro\/wp-json\/wp\/v2\/product\/190992"}],"collection":[{"href":"https:\/\/spinlama.com\/ro\/wp-json\/wp\/v2\/product"}],"about":[{"href":"https:\/\/spinlama.com\/ro\/wp-json\/wp\/v2\/types\/product"}],"replies":[{"embeddable":true,"href":"https:\/\/spinlama.com\/ro\/wp-json\/wp\/v2\/comments?post=190992"}],"version-history":[{"count":6,"href":"https:\/\/spinlama.com\/ro\/wp-json\/wp\/v2\/product\/190992\/revisions"}],"predecessor-version":[{"id":191001,"href":"https:\/\/spinlama.com\/ro\/wp-json\/wp\/v2\/product\/190992\/revisions\/191001"}],"wp:featuredmedia":[{"embeddable":true,"href":"https:\/\/spinlama.com\/ro\/wp-json\/wp\/v2\/media\/190973"}],"wp:attachment":[{"href":"https:\/\/spinlama.com\/ro\/wp-json\/wp\/v2\/media?parent=190992"}],"wp:term":[{"taxonomy":"product_cat","embeddable":true,"href":"https:\/\/spinlama.com\/ro\/wp-json\/wp\/v2\/product_cat?post=190992"},{"taxonomy":"product_tag","embeddable":true,"href":"https:\/\/spinlama.com\/ro\/wp-json\/wp\/v2\/product_tag?post=190992"}],"curies":[{"name":"wp","href":"https:\/\/api.w.org\/{rel}","templated":true}]}}