{"id":191314,"date":"2024-03-08T11:51:31","date_gmt":"2024-03-08T09:51:31","guid":{"rendered":"https:\/\/spinlama.com\/ro\/?post_type=product&#038;p=191314"},"modified":"2025-04-22T13:15:13","modified_gmt":"2025-04-22T10:15:13","slug":"fixit-tape","status":"publish","type":"product","link":"https:\/\/spinlama.com\/ro\/produs\/fixit-tape\/","title":{"rendered":"FIXIT TAPE &#8211; Banda izolatoare impermeabil\u0103"},"content":{"rendered":"\t\t<div data-elementor-type=\"product-post\" data-elementor-id=\"191314\" class=\"elementor elementor-191314\" data-elementor-post-type=\"product\">\n\t\t\t\t\t\t<section class=\"elementor-section elementor-top-section elementor-element elementor-element-17de3964 elementor-section-boxed elementor-section-height-default elementor-section-height-default\" data-id=\"17de3964\" data-element_type=\"section\">\n\t\t\t\t\t\t<div class=\"elementor-container elementor-column-gap-default\">\n\t\t\t\t\t<div class=\"elementor-column elementor-col-50 elementor-top-column elementor-element elementor-element-74168c3c\" data-id=\"74168c3c\" data-element_type=\"column\">\n\t\t\t<div class=\"elementor-widget-wrap elementor-element-populated\">\n\t\t\t\t\t\t<div class=\"elementor-element elementor-element-2d2929e9 elementor-widget elementor-widget-heading\" data-id=\"2d2929e9\" data-element_type=\"widget\" data-widget_type=\"heading.default\">\n\t\t\t\t<div class=\"elementor-widget-container\">\n\t\t\t<style>\/*! elementor - v3.21.0 - 18-04-2024 *\/\n.elementor-heading-title{padding:0;margin:0;line-height:1}.elementor-widget-heading .elementor-heading-title[class*=elementor-size-]>a{color:inherit;font-size:inherit;line-height:inherit}.elementor-widget-heading .elementor-heading-title.elementor-size-small{font-size:15px}.elementor-widget-heading .elementor-heading-title.elementor-size-medium{font-size:19px}.elementor-widget-heading .elementor-heading-title.elementor-size-large{font-size:29px}.elementor-widget-heading .elementor-heading-title.elementor-size-xl{font-size:39px}.elementor-widget-heading .elementor-heading-title.elementor-size-xxl{font-size:59px}<\/style><h2 class=\"elementor-heading-title elementor-size-default\">O necesitate pentru fiecare me\u0219ter!<\/h2>\t\t<\/div>\n\t\t\t\t<\/div>\n\t\t\t\t<div class=\"elementor-element elementor-element-55a0558a elementor-widget elementor-widget-text-editor\" data-id=\"55a0558a\" data-element_type=\"widget\" data-widget_type=\"text-editor.default\">\n\t\t\t\t<div class=\"elementor-widget-container\">\n\t\t\t<style>\/*! elementor - v3.21.0 - 18-04-2024 *\/\n.elementor-widget-text-editor.elementor-drop-cap-view-stacked .elementor-drop-cap{background-color:#69727d;color:#fff}.elementor-widget-text-editor.elementor-drop-cap-view-framed .elementor-drop-cap{color:#69727d;border:3px solid;background-color:transparent}.elementor-widget-text-editor:not(.elementor-drop-cap-view-default) .elementor-drop-cap{margin-top:8px}.elementor-widget-text-editor:not(.elementor-drop-cap-view-default) .elementor-drop-cap-letter{width:1em;height:1em}.elementor-widget-text-editor .elementor-drop-cap{float:left;text-align:center;line-height:1;font-size:50px}.elementor-widget-text-editor .elementor-drop-cap-letter{display:inline-block}<\/style>\t\t\t\t<p>Rezisten\u021ba la UV \u0219i la intemperii ofer\u0103 o <strong>etan\u0219are de lung\u0103 durat\u0103<\/strong> \u00eempotriva apei, umidit\u0103\u021bii \u0219i aerului.<\/p><p>Banda este suficient de <strong>flexibil\u0103<\/strong> \u0219i <strong>extensibil\u0103<\/strong> pentru a se adapta oric\u0103rei forme \u0219i obiecte.\u00a0<\/p>\t\t\t\t\t\t<\/div>\n\t\t\t\t<\/div>\n\t\t\t\t\t<\/div>\n\t\t<\/div>\n\t\t\t\t<div class=\"elementor-column elementor-col-50 elementor-top-column elementor-element elementor-element-7de2ed98\" data-id=\"7de2ed98\" data-element_type=\"column\">\n\t\t\t<div class=\"elementor-widget-wrap elementor-element-populated\">\n\t\t\t\t\t\t<div class=\"elementor-element elementor-element-2e28baac elementor-arrows-position-inside elementor-pagination-position-outside elementor-widget elementor-widget-image-carousel\" data-id=\"2e28baac\" data-element_type=\"widget\" data-settings=\"{&quot;slides_to_show&quot;:&quot;1&quot;,&quot;navigation&quot;:&quot;both&quot;,&quot;autoplay&quot;:&quot;yes&quot;,&quot;pause_on_hover&quot;:&quot;yes&quot;,&quot;pause_on_interaction&quot;:&quot;yes&quot;,&quot;autoplay_speed&quot;:5000,&quot;infinite&quot;:&quot;yes&quot;,&quot;effect&quot;:&quot;slide&quot;,&quot;speed&quot;:500}\" data-widget_type=\"image-carousel.default\">\n\t\t\t\t<div class=\"elementor-widget-container\">\n\t\t\t<style>\/*! elementor - v3.21.0 - 18-04-2024 *\/\n.elementor-widget-image-carousel .swiper,.elementor-widget-image-carousel .swiper-container{position:static}.elementor-widget-image-carousel .swiper-container .swiper-slide figure,.elementor-widget-image-carousel .swiper .swiper-slide figure{line-height:inherit}.elementor-widget-image-carousel .swiper-slide{text-align:center}.elementor-image-carousel-wrapper:not(.swiper-container-initialized):not(.swiper-initialized) .swiper-slide{max-width:calc(100% \/ var(--e-image-carousel-slides-to-show, 3))}<\/style>\t\t<div class=\"elementor-image-carousel-wrapper swiper\" dir=\"ltr\">\n\t\t\t<div class=\"elementor-image-carousel swiper-wrapper\" aria-live=\"off\">\n\t\t\t\t\t\t\t\t<div class=\"swiper-slide\" role=\"group\" aria-roledescription=\"slide\" aria-label=\"1 din 4\"><figure class=\"swiper-slide-inner\"><img decoding=\"async\" class=\"swiper-slide-image\" src=\"https:\/\/spinlama.com\/ro\/wp-content\/uploads\/sites\/20\/2024\/03\/FixIt_Tape_19-1-800x800.jpg\" alt=\"FixIt_Tape_19-1.jpg\" \/><\/figure><\/div><div class=\"swiper-slide\" role=\"group\" aria-roledescription=\"slide\" aria-label=\"2 din 4\"><figure class=\"swiper-slide-inner\"><img decoding=\"async\" class=\"swiper-slide-image\" src=\"https:\/\/spinlama.com\/ro\/wp-content\/uploads\/sites\/20\/2024\/03\/FixIt_Tape_17-1-800x800.jpg\" alt=\"FixIt_Tape_17-1.jpg\" \/><\/figure><\/div><div class=\"swiper-slide\" role=\"group\" aria-roledescription=\"slide\" aria-label=\"3 din 4\"><figure class=\"swiper-slide-inner\"><img decoding=\"async\" class=\"swiper-slide-image\" src=\"https:\/\/spinlama.com\/ro\/wp-content\/uploads\/sites\/20\/2024\/03\/FixIt_Tape_20-800x800.jpg\" alt=\"FixIt_Tape_20.jpg\" \/><\/figure><\/div><div class=\"swiper-slide\" role=\"group\" aria-roledescription=\"slide\" aria-label=\"4 din 4\"><figure class=\"swiper-slide-inner\"><img decoding=\"async\" class=\"swiper-slide-image\" src=\"https:\/\/spinlama.com\/ro\/wp-content\/uploads\/sites\/20\/2024\/03\/FixIt_Tape_21-800x800.jpg\" alt=\"FixIt_Tape_21.jpg\" \/><\/figure><\/div>\t\t\t<\/div>\n\t\t\t\t\t\t\t\t\t\t\t\t<div class=\"elementor-swiper-button elementor-swiper-button-prev\" role=\"button\" tabindex=\"0\">\n\t\t\t\t\t\t<i aria-hidden=\"true\" class=\"eicon-chevron-left\"><\/i>\t\t\t\t\t<\/div>\n\t\t\t\t\t<div class=\"elementor-swiper-button elementor-swiper-button-next\" role=\"button\" tabindex=\"0\">\n\t\t\t\t\t\t<i aria-hidden=\"true\" class=\"eicon-chevron-right\"><\/i>\t\t\t\t\t<\/div>\n\t\t\t\t\n\t\t\t\t\t\t\t\t\t<div class=\"swiper-pagination\"><\/div>\n\t\t\t\t\t\t\t\t\t<\/div>\n\t\t\t\t<\/div>\n\t\t\t\t<\/div>\n\t\t\t\t\t<\/div>\n\t\t<\/div>\n\t\t\t\t\t<\/div>\n\t\t<\/section>\n\t\t\t\t<section class=\"elementor-section elementor-top-section elementor-element elementor-element-6166e384 elementor-reverse-mobile elementor-section-boxed elementor-section-height-default elementor-section-height-default\" data-id=\"6166e384\" data-element_type=\"section\">\n\t\t\t\t\t\t<div class=\"elementor-container elementor-column-gap-default\">\n\t\t\t\t\t<div class=\"elementor-column elementor-col-50 elementor-top-column elementor-element elementor-element-11ef38e5\" data-id=\"11ef38e5\" data-element_type=\"column\">\n\t\t\t<div class=\"elementor-widget-wrap elementor-element-populated\">\n\t\t\t\t\t\t<div class=\"elementor-element elementor-element-22c2c6d2 elementor-arrows-position-inside elementor-pagination-position-outside elementor-widget elementor-widget-image-carousel\" data-id=\"22c2c6d2\" data-element_type=\"widget\" data-settings=\"{&quot;slides_to_show&quot;:&quot;1&quot;,&quot;navigation&quot;:&quot;both&quot;,&quot;autoplay&quot;:&quot;yes&quot;,&quot;pause_on_hover&quot;:&quot;yes&quot;,&quot;pause_on_interaction&quot;:&quot;yes&quot;,&quot;autoplay_speed&quot;:5000,&quot;infinite&quot;:&quot;yes&quot;,&quot;effect&quot;:&quot;slide&quot;,&quot;speed&quot;:500}\" data-widget_type=\"image-carousel.default\">\n\t\t\t\t<div class=\"elementor-widget-container\">\n\t\t\t\t\t<div class=\"elementor-image-carousel-wrapper swiper\" dir=\"ltr\">\n\t\t\t<div class=\"elementor-image-carousel swiper-wrapper\" aria-live=\"off\">\n\t\t\t\t\t\t\t\t<div class=\"swiper-slide\" role=\"group\" aria-roledescription=\"slide\" aria-label=\"1 din 6\"><figure class=\"swiper-slide-inner\"><img decoding=\"async\" class=\"swiper-slide-image\" src=\"https:\/\/spinlama.com\/ro\/wp-content\/uploads\/sites\/20\/2024\/03\/FixIt_Tape_15-800x800.jpg\" alt=\"FixIt_Tape_15.jpg\" \/><\/figure><\/div><div class=\"swiper-slide\" role=\"group\" aria-roledescription=\"slide\" aria-label=\"2 din 6\"><figure class=\"swiper-slide-inner\"><img decoding=\"async\" class=\"swiper-slide-image\" src=\"https:\/\/spinlama.com\/ro\/wp-content\/uploads\/sites\/20\/2024\/03\/FixIt_Tape_22-800x800.jpg\" alt=\"FixIt_Tape_22.jpg\" \/><\/figure><\/div><div class=\"swiper-slide\" role=\"group\" aria-roledescription=\"slide\" aria-label=\"3 din 6\"><figure class=\"swiper-slide-inner\"><img decoding=\"async\" class=\"swiper-slide-image\" src=\"https:\/\/spinlama.com\/ro\/wp-content\/uploads\/sites\/20\/2024\/03\/FixIt_Tape_14-1-800x800.jpg\" alt=\"FixIt_Tape_14-1.jpg\" \/><\/figure><\/div><div class=\"swiper-slide\" role=\"group\" aria-roledescription=\"slide\" aria-label=\"4 din 6\"><figure class=\"swiper-slide-inner\"><img decoding=\"async\" class=\"swiper-slide-image\" src=\"https:\/\/spinlama.com\/ro\/wp-content\/uploads\/sites\/20\/2024\/03\/FixIt_Tape_24-800x800.jpg\" alt=\"FixIt_Tape_24.jpg\" \/><\/figure><\/div><div class=\"swiper-slide\" role=\"group\" aria-roledescription=\"slide\" aria-label=\"5 din 6\"><figure class=\"swiper-slide-inner\"><img decoding=\"async\" class=\"swiper-slide-image\" src=\"https:\/\/spinlama.com\/ro\/wp-content\/uploads\/sites\/20\/2024\/03\/FixIt_Tape_25-800x800.jpg\" alt=\"FixIt_Tape_25.jpg\" \/><\/figure><\/div><div class=\"swiper-slide\" role=\"group\" aria-roledescription=\"slide\" aria-label=\"6 din 6\"><figure class=\"swiper-slide-inner\"><img decoding=\"async\" class=\"swiper-slide-image\" src=\"https:\/\/spinlama.com\/ro\/wp-content\/uploads\/sites\/20\/2024\/03\/FixIt_Tape_23-800x800.jpg\" alt=\"FixIt_Tape_23.jpg\" \/><\/figure><\/div>\t\t\t<\/div>\n\t\t\t\t\t\t\t\t\t\t\t\t<div class=\"elementor-swiper-button elementor-swiper-button-prev\" role=\"button\" tabindex=\"0\">\n\t\t\t\t\t\t<i aria-hidden=\"true\" class=\"eicon-chevron-left\"><\/i>\t\t\t\t\t<\/div>\n\t\t\t\t\t<div class=\"elementor-swiper-button elementor-swiper-button-next\" role=\"button\" tabindex=\"0\">\n\t\t\t\t\t\t<i aria-hidden=\"true\" class=\"eicon-chevron-right\"><\/i>\t\t\t\t\t<\/div>\n\t\t\t\t\n\t\t\t\t\t\t\t\t\t<div class=\"swiper-pagination\"><\/div>\n\t\t\t\t\t\t\t\t\t<\/div>\n\t\t\t\t<\/div>\n\t\t\t\t<\/div>\n\t\t\t\t\t<\/div>\n\t\t<\/div>\n\t\t\t\t<div class=\"elementor-column elementor-col-50 elementor-top-column elementor-element elementor-element-66c6750b\" data-id=\"66c6750b\" data-element_type=\"column\">\n\t\t\t<div class=\"elementor-widget-wrap elementor-element-populated\">\n\t\t\t\t\t\t<div class=\"elementor-element elementor-element-6faba31 elementor-widget elementor-widget-heading\" data-id=\"6faba31\" data-element_type=\"widget\" data-widget_type=\"heading.default\">\n\t\t\t\t<div class=\"elementor-widget-container\">\n\t\t\t<h2 class=\"elementor-heading-title elementor-size-default\">O \u021beav\u0103 spart\u0103?<\/h2>\t\t<\/div>\n\t\t\t\t<\/div>\n\t\t\t\t<div class=\"elementor-element elementor-element-2a06c06f elementor-widget elementor-widget-text-editor\" data-id=\"2a06c06f\" data-element_type=\"widget\" data-widget_type=\"text-editor.default\">\n\t\t\t\t<div class=\"elementor-widget-container\">\n\t\t\t\t\t\t\t<p>Fie c\u0103 vrei s\u0103 repari o \u021beav\u0103 spart\u0103 sau s\u0103 etan\u0219eizezi o fereastr\u0103, banda le poate face pe am\u00e2ndou\u0103!<\/p><p><strong>Adezivul puternic<\/strong> se lipe\u0219te pe o <strong>varietate de suprafe\u021be,<\/strong> inclusiv plastic, lemn, sticl\u0103 \u0219i metal.<\/p>\t\t\t\t\t\t<\/div>\n\t\t\t\t<\/div>\n\t\t\t\t\t<\/div>\n\t\t<\/div>\n\t\t\t\t\t<\/div>\n\t\t<\/section>\n\t\t\t\t<section class=\"elementor-section elementor-top-section elementor-element elementor-element-75cf0387 elementor-section-boxed elementor-section-height-default elementor-section-height-default\" data-id=\"75cf0387\" data-element_type=\"section\">\n\t\t\t\t\t\t<div class=\"elementor-container elementor-column-gap-default\">\n\t\t\t\t\t<div class=\"elementor-column elementor-col-50 elementor-top-column elementor-element elementor-element-7876a1a4\" data-id=\"7876a1a4\" data-element_type=\"column\">\n\t\t\t<div class=\"elementor-widget-wrap elementor-element-populated\">\n\t\t\t\t\t\t<div class=\"elementor-element elementor-element-48937fc5 elementor-widget elementor-widget-heading\" data-id=\"48937fc5\" data-element_type=\"widget\" data-widget_type=\"heading.default\">\n\t\t\t\t<div class=\"elementor-widget-container\">\n\t\t\t<h2 class=\"elementor-heading-title elementor-size-default\">O solu\u021bie rapid\u0103 \u0219i de lung\u0103 durat\u0103<\/h2>\t\t<\/div>\n\t\t\t\t<\/div>\n\t\t\t\t<div class=\"elementor-element elementor-element-237e71eb elementor-widget elementor-widget-text-editor\" data-id=\"237e71eb\" data-element_type=\"widget\" data-widget_type=\"text-editor.default\">\n\t\t\t\t<div class=\"elementor-widget-container\">\n\t\t\t\t\t\t\t<p>Este foarte u\u0219or de utilizat &#8211; doar taie lungimea potrivit\u0103, lipe\u0219te-o \u0219i nu mai exist\u0103 <strong>scurgeri<\/strong>!<\/p><p>Rezisten\u021ba adeziv\u0103 a benzii cre\u0219te doar \u00een timp \u0219i <strong>previne reapari\u021bia g\u0103urilor, fisurilor \u0219i rupturii<\/strong> <strong>.\u00a0\u00a0<\/strong><\/p>\t\t\t\t\t\t<\/div>\n\t\t\t\t<\/div>\n\t\t\t\t\t<\/div>\n\t\t<\/div>\n\t\t\t\t<div class=\"elementor-column elementor-col-50 elementor-top-column elementor-element elementor-element-49d1532e\" data-id=\"49d1532e\" data-element_type=\"column\">\n\t\t\t<div class=\"elementor-widget-wrap elementor-element-populated\">\n\t\t\t\t\t\t<div class=\"elementor-element elementor-element-12ea8e6c elementor-widget elementor-widget-image\" data-id=\"12ea8e6c\" data-element_type=\"widget\" data-widget_type=\"image.default\">\n\t\t\t\t<div class=\"elementor-widget-container\">\n\t\t\t<style>\/*! elementor - v3.21.0 - 18-04-2024 *\/\n.elementor-widget-image{text-align:center}.elementor-widget-image a{display:inline-block}.elementor-widget-image a img[src$=\".svg\"]{width:48px}.elementor-widget-image img{vertical-align:middle;display:inline-block}<\/style>\t\t\t\t\t\t\t\t\t\t<img fetchpriority=\"high\" decoding=\"async\" width=\"800\" height=\"800\" src=\"https:\/\/spinlama.com\/ro\/wp-content\/uploads\/sites\/20\/2024\/03\/FixIt_Tape_18-800x800.jpg\" class=\"attachment-large size-large wp-image-191306\" alt=\"\" srcset=\"https:\/\/spinlama.com\/ro\/wp-content\/uploads\/sites\/20\/2024\/03\/FixIt_Tape_18-800x800.jpg 800w, https:\/\/spinlama.com\/ro\/wp-content\/uploads\/sites\/20\/2024\/03\/FixIt_Tape_18-150x150.jpg 150w, https:\/\/spinlama.com\/ro\/wp-content\/uploads\/sites\/20\/2024\/03\/FixIt_Tape_18-768x768.jpg 768w, https:\/\/spinlama.com\/ro\/wp-content\/uploads\/sites\/20\/2024\/03\/FixIt_Tape_18-600x600.jpg 600w, https:\/\/spinlama.com\/ro\/wp-content\/uploads\/sites\/20\/2024\/03\/FixIt_Tape_18-100x100.jpg 100w, https:\/\/spinlama.com\/ro\/wp-content\/uploads\/sites\/20\/2024\/03\/FixIt_Tape_18.jpg 1080w\" sizes=\"(max-width: 800px) 100vw, 800px\" \/>\t\t\t\t\t\t\t\t\t\t\t\t\t<\/div>\n\t\t\t\t<\/div>\n\t\t\t\t\t<\/div>\n\t\t<\/div>\n\t\t\t\t\t<\/div>\n\t\t<\/section>\n\t\t\t\t<section class=\"elementor-section elementor-top-section elementor-element elementor-element-7d548f32 elementor-reverse-mobile elementor-section-boxed elementor-section-height-default elementor-section-height-default\" data-id=\"7d548f32\" data-element_type=\"section\">\n\t\t\t\t\t\t<div class=\"elementor-container elementor-column-gap-default\">\n\t\t\t\t\t<div class=\"elementor-column elementor-col-50 elementor-top-column elementor-element elementor-element-74fc6449\" data-id=\"74fc6449\" data-element_type=\"column\">\n\t\t\t<div class=\"elementor-widget-wrap elementor-element-populated\">\n\t\t\t\t\t\t<div class=\"elementor-element elementor-element-7d3829ad elementor-widget elementor-widget-image\" data-id=\"7d3829ad\" data-element_type=\"widget\" data-widget_type=\"image.default\">\n\t\t\t\t<div class=\"elementor-widget-container\">\n\t\t\t\t\t\t\t\t\t\t\t\t\t<img decoding=\"async\" width=\"800\" height=\"800\" src=\"https:\/\/spinlama.com\/ro\/wp-content\/uploads\/sites\/20\/2024\/03\/FixIt_Tape_16-1-800x800.jpg\" class=\"attachment-large size-large wp-image-191307\" alt=\"\" srcset=\"https:\/\/spinlama.com\/ro\/wp-content\/uploads\/sites\/20\/2024\/03\/FixIt_Tape_16-1-800x800.jpg 800w, https:\/\/spinlama.com\/ro\/wp-content\/uploads\/sites\/20\/2024\/03\/FixIt_Tape_16-1-150x150.jpg 150w, https:\/\/spinlama.com\/ro\/wp-content\/uploads\/sites\/20\/2024\/03\/FixIt_Tape_16-1-768x768.jpg 768w, https:\/\/spinlama.com\/ro\/wp-content\/uploads\/sites\/20\/2024\/03\/FixIt_Tape_16-1-600x600.jpg 600w, https:\/\/spinlama.com\/ro\/wp-content\/uploads\/sites\/20\/2024\/03\/FixIt_Tape_16-1-100x100.jpg 100w, https:\/\/spinlama.com\/ro\/wp-content\/uploads\/sites\/20\/2024\/03\/FixIt_Tape_16-1.jpg 1080w\" sizes=\"(max-width: 800px) 100vw, 800px\" \/>\t\t\t\t\t\t\t\t\t\t\t\t\t<\/div>\n\t\t\t\t<\/div>\n\t\t\t\t\t<\/div>\n\t\t<\/div>\n\t\t\t\t<div class=\"elementor-column elementor-col-50 elementor-top-column elementor-element elementor-element-10bdd265\" data-id=\"10bdd265\" data-element_type=\"column\">\n\t\t\t<div class=\"elementor-widget-wrap elementor-element-populated\">\n\t\t\t\t\t\t<div class=\"elementor-element elementor-element-594b89f9 elementor-widget elementor-widget-text-editor\" data-id=\"594b89f9\" data-element_type=\"widget\" data-widget_type=\"text-editor.default\">\n\t\t\t\t<div class=\"elementor-widget-container\">\n\t\t\t\t\t\t\t<p>Disponibil\u0103 in 2 culori &#8211; <strong>neagr\u0103 si transparent\u0103<\/strong><\/p>\t\t\t\t\t\t<\/div>\n\t\t\t\t<\/div>\n\t\t\t\t\t<\/div>\n\t\t<\/div>\n\t\t\t\t\t<\/div>\n\t\t<\/section>\n\t\t\t\t<section class=\"elementor-section elementor-top-section elementor-element elementor-element-6a42312 elementor-section-boxed elementor-section-height-default elementor-section-height-default\" data-id=\"6a42312\" data-element_type=\"section\">\n\t\t\t\t\t\t<div class=\"elementor-container elementor-column-gap-default\">\n\t\t\t\t\t<div class=\"elementor-column elementor-col-100 elementor-top-column elementor-element elementor-element-2fdcb46f\" data-id=\"2fdcb46f\" data-element_type=\"column\">\n\t\t\t<div class=\"elementor-widget-wrap elementor-element-populated\">\n\t\t\t\t\t\t<div class=\"elementor-element elementor-element-11f4a7f6 elementor-widget elementor-widget-accordion\" data-id=\"11f4a7f6\" data-element_type=\"widget\" data-widget_type=\"accordion.default\">\n\t\t\t\t<div class=\"elementor-widget-container\">\n\t\t\t<style>\/*! elementor - v3.21.0 - 18-04-2024 *\/\n.elementor-accordion{text-align:start}.elementor-accordion .elementor-accordion-item{border:1px solid #d5d8dc}.elementor-accordion .elementor-accordion-item+.elementor-accordion-item{border-top:none}.elementor-accordion .elementor-tab-title{margin:0;padding:15px 20px;font-weight:700;line-height:1;cursor:pointer;outline:none}.elementor-accordion .elementor-tab-title .elementor-accordion-icon{display:inline-block;width:1.5em}.elementor-accordion .elementor-tab-title .elementor-accordion-icon svg{width:1em;height:1em}.elementor-accordion .elementor-tab-title .elementor-accordion-icon.elementor-accordion-icon-right{float:right;text-align:right}.elementor-accordion .elementor-tab-title .elementor-accordion-icon.elementor-accordion-icon-left{float:left;text-align:left}.elementor-accordion .elementor-tab-title .elementor-accordion-icon .elementor-accordion-icon-closed{display:block}.elementor-accordion .elementor-tab-title .elementor-accordion-icon .elementor-accordion-icon-opened,.elementor-accordion .elementor-tab-title.elementor-active .elementor-accordion-icon-closed{display:none}.elementor-accordion .elementor-tab-title.elementor-active .elementor-accordion-icon-opened{display:block}.elementor-accordion .elementor-tab-content{display:none;padding:15px 20px;border-top:1px solid #d5d8dc}@media (max-width:767px){.elementor-accordion .elementor-tab-title{padding:12px 15px}.elementor-accordion .elementor-tab-title .elementor-accordion-icon{width:1.2em}.elementor-accordion .elementor-tab-content{padding:7px 15px}}.e-con-inner>.elementor-widget-accordion,.e-con>.elementor-widget-accordion{width:var(--container-widget-width);--flex-grow:var(--container-widget-flex-grow)}<\/style>\t\t<div class=\"elementor-accordion\">\n\t\t\t\t\t\t\t<div class=\"elementor-accordion-item\">\n\t\t\t\t\t<div id=\"elementor-tab-title-3011\" class=\"elementor-tab-title\" data-tab=\"1\" role=\"button\" aria-controls=\"elementor-tab-content-3011\" aria-expanded=\"false\">\n\t\t\t\t\t\t\t\t\t\t\t\t\t<span class=\"elementor-accordion-icon elementor-accordion-icon-left\" aria-hidden=\"true\">\n\t\t\t\t\t\t\t\t\t\t\t\t\t\t\t<span class=\"elementor-accordion-icon-closed\"><i class=\"fas fa-chevron-down\"><\/i><\/span>\n\t\t\t\t\t\t\t\t<span class=\"elementor-accordion-icon-opened\"><i class=\"fas fa-chevron-up\"><\/i><\/span>\n\t\t\t\t\t\t\t\t\t\t\t\t\t\t<\/span>\n\t\t\t\t\t\t\t\t\t\t\t\t<a class=\"elementor-accordion-title\" tabindex=\"0\">Caracteristici<\/a>\n\t\t\t\t\t<\/div>\n\t\t\t\t\t<div id=\"elementor-tab-content-3011\" class=\"elementor-tab-content elementor-clearfix\" data-tab=\"1\" role=\"region\" aria-labelledby=\"elementor-tab-title-3011\"><p>Material: PVC<\/p><p>Dimensiuni: 50 mm X 1,5 m<\/p><p>Culori: negru, transparent<\/p><\/div>\n\t\t\t\t<\/div>\n\t\t\t\t\t\t\t<div class=\"elementor-accordion-item\">\n\t\t\t\t\t<div id=\"elementor-tab-title-3012\" class=\"elementor-tab-title\" data-tab=\"2\" role=\"button\" aria-controls=\"elementor-tab-content-3012\" aria-expanded=\"false\">\n\t\t\t\t\t\t\t\t\t\t\t\t\t<span class=\"elementor-accordion-icon elementor-accordion-icon-left\" aria-hidden=\"true\">\n\t\t\t\t\t\t\t\t\t\t\t\t\t\t\t<span class=\"elementor-accordion-icon-closed\"><i class=\"fas fa-chevron-down\"><\/i><\/span>\n\t\t\t\t\t\t\t\t<span class=\"elementor-accordion-icon-opened\"><i class=\"fas fa-chevron-up\"><\/i><\/span>\n\t\t\t\t\t\t\t\t\t\t\t\t\t\t<\/span>\n\t\t\t\t\t\t\t\t\t\t\t\t<a class=\"elementor-accordion-title\" tabindex=\"0\">Instruc\u021biuni de utilizare<\/a>\n\t\t\t\t\t<\/div>\n\t\t\t\t\t<div id=\"elementor-tab-content-3012\" class=\"elementor-tab-content elementor-clearfix\" data-tab=\"2\" role=\"region\" aria-labelledby=\"elementor-tab-title-3012\"><ol><li>Cur\u0103\u021b\u0103 \u0219i usuc\u0103 mai \u00eent\u00e2i zona pe care vrei s\u0103 o acoperi, dac\u0103 este posibil. Acest lucru va optimiza aderen\u021ba benzii la suprafa\u021b\u0103 \u0219i va etan\u0219a gaura, cr\u0103p\u0103tura sau ruperea. \u00cen caz contrar, aerul poate r\u0103m\u00e2ne prins \u00eentre band\u0103 \u0219i suprafa\u021b\u0103, banda se va \u00eencre\u021bi \u0219i etan\u0219area nu va fi suficient de bun\u0103. \u00a0<\/li><li>M\u0103soar\u0103 \u0219i taie o bucat\u0103 de band\u0103 de dimensiuni adecvate. Recomand\u0103m s\u0103 tai o bucat\u0103 mai mare pentru a acoperi o zon\u0103 de 3-5 cm pe fiecare parte, \u00een plus fa\u021b\u0103 de gaur\u0103, fisur\u0103 sau ruptur\u0103.\u00a0\u00a0<\/li><li>\u00cendep\u0103rteaz\u0103 partea mic\u0103 a foliei de protec\u021bie \u0219i lipe\u0219te banda pe suprafa\u021b\u0103. \u00cendep\u0103rteaz\u0103 folia protectoare r\u0103mas\u0103 \u0219i acoper\u0103 sursa scurgerii cu banda r\u0103mas\u0103.<\/li><li>Apas-o ferm pe suprafa\u021b\u0103, astfel \u00eenc\u00e2t banda s\u0103 adere bine la material.<\/li><\/ol><\/div>\n\t\t\t\t<\/div>\n\t\t\t\t\t\t\t\t<\/div>\n\t\t\t\t<\/div>\n\t\t\t\t<\/div>\n\t\t\t\t\t<\/div>\n\t\t<\/div>\n\t\t\t\t\t<\/div>\n\t\t<\/section>\n\t\t\t\t<\/div>\n\t\t","protected":false},"excerpt":{"rendered":"<p>Solu\u021bia perfect\u0103 pentru repara\u021bii rapide acas\u0103 \u0219i \u00een gr\u0103din\u0103!<\/p>\n<p>O band\u0103 flexibil\u0103 \u0219i extensibil\u0103 care poate rezista la toate condi\u021biile meteorologice.<\/p>\n<p>Disponibil\u0103 in 2 culori &#8211; <strong>neagr\u0103 <\/strong>\u0219i<strong> transparent\u0103<\/strong><\/p>\n","protected":false},"featured_media":191290,"comment_status":"open","ping_status":"closed","template":"","meta":[],"product_cat":[16,17],"product_tag":[180,181,182,183,184,185],"aioseo_notices":[],"_links":{"self":[{"href":"https:\/\/spinlama.com\/ro\/wp-json\/wp\/v2\/product\/191314"}],"collection":[{"href":"https:\/\/spinlama.com\/ro\/wp-json\/wp\/v2\/product"}],"about":[{"href":"https:\/\/spinlama.com\/ro\/wp-json\/wp\/v2\/types\/product"}],"replies":[{"embeddable":true,"href":"https:\/\/spinlama.com\/ro\/wp-json\/wp\/v2\/comments?post=191314"}],"version-history":[{"count":6,"href":"https:\/\/spinlama.com\/ro\/wp-json\/wp\/v2\/product\/191314\/revisions"}],"predecessor-version":[{"id":191432,"href":"https:\/\/spinlama.com\/ro\/wp-json\/wp\/v2\/product\/191314\/revisions\/191432"}],"wp:featuredmedia":[{"embeddable":true,"href":"https:\/\/spinlama.com\/ro\/wp-json\/wp\/v2\/media\/191290"}],"wp:attachment":[{"href":"https:\/\/spinlama.com\/ro\/wp-json\/wp\/v2\/media?parent=191314"}],"wp:term":[{"taxonomy":"product_cat","embeddable":true,"href":"https:\/\/spinlama.com\/ro\/wp-json\/wp\/v2\/product_cat?post=191314"},{"taxonomy":"product_tag","embeddable":true,"href":"https:\/\/spinlama.com\/ro\/wp-json\/wp\/v2\/product_tag?post=191314"}],"curies":[{"name":"wp","href":"https:\/\/api.w.org\/{rel}","templated":true}]}}