{"id":192337,"date":"2024-04-19T10:41:29","date_gmt":"2024-04-19T07:41:29","guid":{"rendered":"https:\/\/spinlama.com\/ro\/?post_type=product&#038;p=192337"},"modified":"2025-04-22T13:10:17","modified_gmt":"2025-04-22T10:10:17","slug":"folding-basket","status":"publish","type":"product","link":"https:\/\/spinlama.com\/ro\/produs\/folding-basket\/","title":{"rendered":"Folding Basket &#8211; Co\u0219 pliabil"},"content":{"rendered":"\t\t<div data-elementor-type=\"product-post\" data-elementor-id=\"192337\" class=\"elementor elementor-192337\" data-elementor-post-type=\"product\">\n\t\t\t\t\t\t<section class=\"elementor-section elementor-top-section elementor-element elementor-element-a649fdc elementor-section-boxed elementor-section-height-default elementor-section-height-default\" data-id=\"a649fdc\" data-element_type=\"section\">\n\t\t\t\t\t\t<div class=\"elementor-container elementor-column-gap-default\">\n\t\t\t\t\t<div class=\"elementor-column elementor-col-50 elementor-top-column elementor-element elementor-element-326241e\" data-id=\"326241e\" data-element_type=\"column\">\n\t\t\t<div class=\"elementor-widget-wrap elementor-element-populated\">\n\t\t\t\t\t\t<div class=\"elementor-element elementor-element-29ce577 elementor-align-left elementor-icon-list--layout-traditional elementor-list-item-link-full_width elementor-widget elementor-widget-icon-list\" data-id=\"29ce577\" data-element_type=\"widget\" data-widget_type=\"icon-list.default\">\n\t\t\t\t<div class=\"elementor-widget-container\">\n\t\t\t<link rel=\"stylesheet\" href=\"https:\/\/spinlama.com\/ro\/wp-content\/plugins\/elementor\/assets\/css\/widget-icon-list.min.css\">\t\t<ul class=\"elementor-icon-list-items\">\n\t\t\t\t\t\t\t<li class=\"elementor-icon-list-item\">\n\t\t\t\t\t\t\t\t\t\t\t<span class=\"elementor-icon-list-icon\">\n\t\t\t\t\t\t\t<i aria-hidden=\"true\" class=\"fas fa-arrow-right\"><\/i>\t\t\t\t\t\t<\/span>\n\t\t\t\t\t\t\t\t\t\t<span class=\"elementor-icon-list-text\">Utilizare versatil\u0103<\/span>\n\t\t\t\t\t\t\t\t\t<\/li>\n\t\t\t\t\t\t\t\t<li class=\"elementor-icon-list-item\">\n\t\t\t\t\t\t\t\t\t\t\t<span class=\"elementor-icon-list-icon\">\n\t\t\t\t\t\t\t<i aria-hidden=\"true\" class=\"fas fa-arrow-right\"><\/i>\t\t\t\t\t\t<\/span>\n\t\t\t\t\t\t\t\t\t\t<span class=\"elementor-icon-list-text\">Design pliabil<\/span>\n\t\t\t\t\t\t\t\t\t<\/li>\n\t\t\t\t\t\t\t\t<li class=\"elementor-icon-list-item\">\n\t\t\t\t\t\t\t\t\t\t\t<span class=\"elementor-icon-list-icon\">\n\t\t\t\t\t\t\t<i aria-hidden=\"true\" class=\"fas fa-arrow-right\"><\/i>\t\t\t\t\t\t<\/span>\n\t\t\t\t\t\t\t\t\t\t<span class=\"elementor-icon-list-text\">Ideal pentru spa\u021bii mici<\/span>\n\t\t\t\t\t\t\t\t\t<\/li>\n\t\t\t\t\t\t\t\t<li class=\"elementor-icon-list-item\">\n\t\t\t\t\t\t\t\t\t\t\t<span class=\"elementor-icon-list-icon\">\n\t\t\t\t\t\t\t<i aria-hidden=\"true\" class=\"fas fa-arrow-right\"><\/i>\t\t\t\t\t\t<\/span>\n\t\t\t\t\t\t\t\t\t\t<span class=\"elementor-icon-list-text\">Ro\u021bi pentru deplasare u\u0219oar\u0103<\/span>\n\t\t\t\t\t\t\t\t\t<\/li>\n\t\t\t\t\t\t\t\t<li class=\"elementor-icon-list-item\">\n\t\t\t\t\t\t\t\t\t\t\t<span class=\"elementor-icon-list-icon\">\n\t\t\t\t\t\t\t<i aria-hidden=\"true\" class=\"fas fa-arrow-right\"><\/i>\t\t\t\t\t\t<\/span>\n\t\t\t\t\t\t\t\t\t\t<span class=\"elementor-icon-list-text\">Cu m\u00e2nere integrate<\/span>\n\t\t\t\t\t\t\t\t\t<\/li>\n\t\t\t\t\t\t<\/ul>\n\t\t\t\t<\/div>\n\t\t\t\t<\/div>\n\t\t\t\t\t<\/div>\n\t\t<\/div>\n\t\t\t\t<div class=\"elementor-column elementor-col-50 elementor-top-column elementor-element elementor-element-e36fcff\" data-id=\"e36fcff\" data-element_type=\"column\">\n\t\t\t<div class=\"elementor-widget-wrap elementor-element-populated\">\n\t\t\t\t\t\t<div class=\"elementor-element elementor-element-7089897 elementor-widget elementor-widget-image\" data-id=\"7089897\" data-element_type=\"widget\" data-widget_type=\"image.default\">\n\t\t\t\t<div class=\"elementor-widget-container\">\n\t\t\t<style>\/*! elementor - v3.21.0 - 18-04-2024 *\/\n.elementor-widget-image{text-align:center}.elementor-widget-image a{display:inline-block}.elementor-widget-image a img[src$=\".svg\"]{width:48px}.elementor-widget-image img{vertical-align:middle;display:inline-block}<\/style>\t\t\t\t\t\t\t\t\t\t<img fetchpriority=\"high\" decoding=\"async\" width=\"800\" height=\"800\" src=\"https:\/\/spinlama.com\/ro\/wp-content\/uploads\/sites\/20\/2024\/04\/FoldingBasket_16-800x800.jpg\" class=\"attachment-large size-large wp-image-192330\" alt=\"\" srcset=\"https:\/\/spinlama.com\/ro\/wp-content\/uploads\/sites\/20\/2024\/04\/FoldingBasket_16-800x800.jpg 800w, https:\/\/spinlama.com\/ro\/wp-content\/uploads\/sites\/20\/2024\/04\/FoldingBasket_16-150x150.jpg 150w, https:\/\/spinlama.com\/ro\/wp-content\/uploads\/sites\/20\/2024\/04\/FoldingBasket_16-768x768.jpg 768w, https:\/\/spinlama.com\/ro\/wp-content\/uploads\/sites\/20\/2024\/04\/FoldingBasket_16-600x600.jpg 600w, https:\/\/spinlama.com\/ro\/wp-content\/uploads\/sites\/20\/2024\/04\/FoldingBasket_16-100x100.jpg 100w, https:\/\/spinlama.com\/ro\/wp-content\/uploads\/sites\/20\/2024\/04\/FoldingBasket_16.jpg 1080w\" sizes=\"(max-width: 800px) 100vw, 800px\" \/>\t\t\t\t\t\t\t\t\t\t\t\t\t<\/div>\n\t\t\t\t<\/div>\n\t\t\t\t\t<\/div>\n\t\t<\/div>\n\t\t\t\t\t<\/div>\n\t\t<\/section>\n\t\t\t\t<section class=\"elementor-section elementor-top-section elementor-element elementor-element-257446f elementor-reverse-mobile elementor-section-boxed elementor-section-height-default elementor-section-height-default\" data-id=\"257446f\" data-element_type=\"section\">\n\t\t\t\t\t\t<div class=\"elementor-container elementor-column-gap-default\">\n\t\t\t\t\t<div class=\"elementor-column elementor-col-50 elementor-top-column elementor-element elementor-element-5d5064c\" data-id=\"5d5064c\" data-element_type=\"column\">\n\t\t\t<div class=\"elementor-widget-wrap elementor-element-populated\">\n\t\t\t\t\t\t<div class=\"elementor-element elementor-element-6d87b42 elementor-widget elementor-widget-image\" data-id=\"6d87b42\" data-element_type=\"widget\" data-widget_type=\"image.default\">\n\t\t\t\t<div class=\"elementor-widget-container\">\n\t\t\t\t\t\t\t\t\t\t\t\t\t<img decoding=\"async\" width=\"800\" height=\"800\" src=\"https:\/\/spinlama.com\/ro\/wp-content\/uploads\/sites\/20\/2024\/04\/FoldingBasket_09-800x800.jpg\" class=\"attachment-large size-large wp-image-192331\" alt=\"\" srcset=\"https:\/\/spinlama.com\/ro\/wp-content\/uploads\/sites\/20\/2024\/04\/FoldingBasket_09-800x800.jpg 800w, https:\/\/spinlama.com\/ro\/wp-content\/uploads\/sites\/20\/2024\/04\/FoldingBasket_09-150x150.jpg 150w, https:\/\/spinlama.com\/ro\/wp-content\/uploads\/sites\/20\/2024\/04\/FoldingBasket_09-768x768.jpg 768w, https:\/\/spinlama.com\/ro\/wp-content\/uploads\/sites\/20\/2024\/04\/FoldingBasket_09-600x600.jpg 600w, https:\/\/spinlama.com\/ro\/wp-content\/uploads\/sites\/20\/2024\/04\/FoldingBasket_09-100x100.jpg 100w, https:\/\/spinlama.com\/ro\/wp-content\/uploads\/sites\/20\/2024\/04\/FoldingBasket_09.jpg 1080w\" sizes=\"(max-width: 800px) 100vw, 800px\" \/>\t\t\t\t\t\t\t\t\t\t\t\t\t<\/div>\n\t\t\t\t<\/div>\n\t\t\t\t\t<\/div>\n\t\t<\/div>\n\t\t\t\t<div class=\"elementor-column elementor-col-50 elementor-top-column elementor-element elementor-element-e756eba\" data-id=\"e756eba\" data-element_type=\"column\">\n\t\t\t<div class=\"elementor-widget-wrap elementor-element-populated\">\n\t\t\t\t\t\t<div class=\"elementor-element elementor-element-6ba93bc elementor-widget elementor-widget-image\" data-id=\"6ba93bc\" data-element_type=\"widget\" data-widget_type=\"image.default\">\n\t\t\t\t<div class=\"elementor-widget-container\">\n\t\t\t\t\t\t\t\t\t\t\t\t\t<img decoding=\"async\" width=\"800\" height=\"800\" src=\"https:\/\/spinlama.com\/ro\/wp-content\/uploads\/sites\/20\/2024\/04\/FoldingBasket_06-1-800x800.jpg\" class=\"attachment-large size-large wp-image-192332\" alt=\"\" srcset=\"https:\/\/spinlama.com\/ro\/wp-content\/uploads\/sites\/20\/2024\/04\/FoldingBasket_06-1-800x800.jpg 800w, https:\/\/spinlama.com\/ro\/wp-content\/uploads\/sites\/20\/2024\/04\/FoldingBasket_06-1-150x150.jpg 150w, https:\/\/spinlama.com\/ro\/wp-content\/uploads\/sites\/20\/2024\/04\/FoldingBasket_06-1-768x768.jpg 768w, https:\/\/spinlama.com\/ro\/wp-content\/uploads\/sites\/20\/2024\/04\/FoldingBasket_06-1-600x600.jpg 600w, https:\/\/spinlama.com\/ro\/wp-content\/uploads\/sites\/20\/2024\/04\/FoldingBasket_06-1-100x100.jpg 100w, https:\/\/spinlama.com\/ro\/wp-content\/uploads\/sites\/20\/2024\/04\/FoldingBasket_06-1.jpg 1080w\" sizes=\"(max-width: 800px) 100vw, 800px\" \/>\t\t\t\t\t\t\t\t\t\t\t\t\t<\/div>\n\t\t\t\t<\/div>\n\t\t\t\t\t<\/div>\n\t\t<\/div>\n\t\t\t\t\t<\/div>\n\t\t<\/section>\n\t\t\t\t<section class=\"elementor-section elementor-top-section elementor-element elementor-element-15d6208 elementor-reverse-mobile elementor-section-boxed elementor-section-height-default elementor-section-height-default\" data-id=\"15d6208\" data-element_type=\"section\">\n\t\t\t\t\t\t<div class=\"elementor-container elementor-column-gap-default\">\n\t\t\t\t\t<div class=\"elementor-column elementor-col-50 elementor-top-column elementor-element elementor-element-78770aa\" data-id=\"78770aa\" data-element_type=\"column\">\n\t\t\t<div class=\"elementor-widget-wrap elementor-element-populated\">\n\t\t\t\t\t\t<div class=\"elementor-element elementor-element-bba2c9a elementor-widget elementor-widget-image\" data-id=\"bba2c9a\" data-element_type=\"widget\" data-widget_type=\"image.default\">\n\t\t\t\t<div class=\"elementor-widget-container\">\n\t\t\t\t\t\t\t\t\t\t\t\t\t<img loading=\"lazy\" decoding=\"async\" width=\"800\" height=\"800\" src=\"https:\/\/spinlama.com\/ro\/wp-content\/uploads\/sites\/20\/2024\/04\/FoldingBasket_25-800x800.jpg\" class=\"attachment-large size-large wp-image-192333\" alt=\"\" srcset=\"https:\/\/spinlama.com\/ro\/wp-content\/uploads\/sites\/20\/2024\/04\/FoldingBasket_25-800x800.jpg 800w, https:\/\/spinlama.com\/ro\/wp-content\/uploads\/sites\/20\/2024\/04\/FoldingBasket_25-150x150.jpg 150w, https:\/\/spinlama.com\/ro\/wp-content\/uploads\/sites\/20\/2024\/04\/FoldingBasket_25-768x768.jpg 768w, https:\/\/spinlama.com\/ro\/wp-content\/uploads\/sites\/20\/2024\/04\/FoldingBasket_25-600x600.jpg 600w, https:\/\/spinlama.com\/ro\/wp-content\/uploads\/sites\/20\/2024\/04\/FoldingBasket_25-100x100.jpg 100w, https:\/\/spinlama.com\/ro\/wp-content\/uploads\/sites\/20\/2024\/04\/FoldingBasket_25.jpg 1080w\" sizes=\"(max-width: 800px) 100vw, 800px\" \/>\t\t\t\t\t\t\t\t\t\t\t\t\t<\/div>\n\t\t\t\t<\/div>\n\t\t\t\t\t<\/div>\n\t\t<\/div>\n\t\t\t\t<div class=\"elementor-column elementor-col-50 elementor-top-column elementor-element elementor-element-25a953c\" data-id=\"25a953c\" data-element_type=\"column\">\n\t\t\t<div class=\"elementor-widget-wrap elementor-element-populated\">\n\t\t\t\t\t\t<div class=\"elementor-element elementor-element-bd07004 elementor-widget elementor-widget-shortcode\" data-id=\"bd07004\" data-element_type=\"widget\" data-widget_type=\"shortcode.default\">\n\t\t\t\t<div class=\"elementor-widget-container\">\n\t\t\t\t\t<div class=\"elementor-shortcode\"><div style=\"position: relative; padding-top: 100%;\"><iframe src=\"https:\/\/iframe.mediadelivery.net\/embed\/53604\/4a0526df-50b7-4fe8-835d-23559e28dfcd?autoplay=true&loop=true&muted=true\" loading=\"lazy\" style=\"border: none; position: absolute; top: 0; height: 100%; width: 100%;\" allow=\"accelerometer; gyroscope; autoplay; encrypted-media; picture-in-picture;\" allowfullscreen=\"true\"><\/iframe><\/div><\/div>\n\t\t\t\t<\/div>\n\t\t\t\t<\/div>\n\t\t\t\t\t<\/div>\n\t\t<\/div>\n\t\t\t\t\t<\/div>\n\t\t<\/section>\n\t\t\t\t<section class=\"elementor-section elementor-top-section elementor-element elementor-element-11790e8 elementor-section-boxed elementor-section-height-default elementor-section-height-default\" data-id=\"11790e8\" data-element_type=\"section\">\n\t\t\t\t\t\t<div class=\"elementor-container elementor-column-gap-default\">\n\t\t\t\t\t<div class=\"elementor-column elementor-col-100 elementor-top-column elementor-element elementor-element-098c017\" data-id=\"098c017\" data-element_type=\"column\">\n\t\t\t<div class=\"elementor-widget-wrap elementor-element-populated\">\n\t\t\t\t\t\t<div class=\"elementor-element elementor-element-df7a5f8 elementor-widget elementor-widget-accordion\" data-id=\"df7a5f8\" data-element_type=\"widget\" data-widget_type=\"accordion.default\">\n\t\t\t\t<div class=\"elementor-widget-container\">\n\t\t\t<style>\/*! elementor - v3.21.0 - 18-04-2024 *\/\n.elementor-accordion{text-align:start}.elementor-accordion .elementor-accordion-item{border:1px solid #d5d8dc}.elementor-accordion .elementor-accordion-item+.elementor-accordion-item{border-top:none}.elementor-accordion .elementor-tab-title{margin:0;padding:15px 20px;font-weight:700;line-height:1;cursor:pointer;outline:none}.elementor-accordion .elementor-tab-title .elementor-accordion-icon{display:inline-block;width:1.5em}.elementor-accordion .elementor-tab-title .elementor-accordion-icon svg{width:1em;height:1em}.elementor-accordion .elementor-tab-title .elementor-accordion-icon.elementor-accordion-icon-right{float:right;text-align:right}.elementor-accordion .elementor-tab-title .elementor-accordion-icon.elementor-accordion-icon-left{float:left;text-align:left}.elementor-accordion .elementor-tab-title .elementor-accordion-icon .elementor-accordion-icon-closed{display:block}.elementor-accordion .elementor-tab-title .elementor-accordion-icon .elementor-accordion-icon-opened,.elementor-accordion .elementor-tab-title.elementor-active .elementor-accordion-icon-closed{display:none}.elementor-accordion .elementor-tab-title.elementor-active .elementor-accordion-icon-opened{display:block}.elementor-accordion .elementor-tab-content{display:none;padding:15px 20px;border-top:1px solid #d5d8dc}@media (max-width:767px){.elementor-accordion .elementor-tab-title{padding:12px 15px}.elementor-accordion .elementor-tab-title .elementor-accordion-icon{width:1.2em}.elementor-accordion .elementor-tab-content{padding:7px 15px}}.e-con-inner>.elementor-widget-accordion,.e-con>.elementor-widget-accordion{width:var(--container-widget-width);--flex-grow:var(--container-widget-flex-grow)}<\/style>\t\t<div class=\"elementor-accordion\">\n\t\t\t\t\t\t\t<div class=\"elementor-accordion-item\">\n\t\t\t\t\t<div id=\"elementor-tab-title-2341\" class=\"elementor-tab-title\" data-tab=\"1\" role=\"button\" aria-controls=\"elementor-tab-content-2341\" aria-expanded=\"false\">\n\t\t\t\t\t\t\t\t\t\t\t\t\t<span class=\"elementor-accordion-icon elementor-accordion-icon-left\" aria-hidden=\"true\">\n\t\t\t\t\t\t\t\t\t\t\t\t\t\t\t<span class=\"elementor-accordion-icon-closed\"><i class=\"fas fa-chevron-down\"><\/i><\/span>\n\t\t\t\t\t\t\t\t<span class=\"elementor-accordion-icon-opened\"><i class=\"fas fa-chevron-up\"><\/i><\/span>\n\t\t\t\t\t\t\t\t\t\t\t\t\t\t<\/span>\n\t\t\t\t\t\t\t\t\t\t\t\t<a class=\"elementor-accordion-title\" tabindex=\"0\">Caracteristici<\/a>\n\t\t\t\t\t<\/div>\n\t\t\t\t\t<div id=\"elementor-tab-content-2341\" class=\"elementor-tab-content elementor-clearfix\" data-tab=\"1\" role=\"region\" aria-labelledby=\"elementor-tab-title-2341\"><p>Material: PP, TPR<\/p><p>Volum: 15 litri<\/p><p>Culoare: gri<\/p><p>Dimensiuni:<\/p><p><img loading=\"lazy\" decoding=\"async\" class=\"alignnone wp-image-348603\" src=\"https:\/\/vivozebra.si\/wp-content\/uploads\/sites\/11\/2024\/04\/FoldingBasket_24-800x800.jpg\" alt=\"\" width=\"350\" height=\"350\" \/><\/p><\/div>\n\t\t\t\t<\/div>\n\t\t\t\t\t\t\t\t<\/div>\n\t\t\t\t<\/div>\n\t\t\t\t<\/div>\n\t\t\t\t\t<\/div>\n\t\t<\/div>\n\t\t\t\t\t<\/div>\n\t\t<\/section>\n\t\t\t\t<\/div>\n\t\t","protected":false},"excerpt":{"rendered":"<p>Se pliaz\u0103 p\u00e2n\u0103 la o treime din \u00een\u0103l\u021bime!<\/p>\n<ul>\n<li>15 litri<\/li>\n<li>cu ro\u021bi \u0219i m\u00e2nere integrate<\/li>\n<\/ul>\n","protected":false},"featured_media":192322,"comment_status":"open","ping_status":"closed","template":"","meta":[],"product_cat":[16,17],"product_tag":[143,144,145],"aioseo_notices":[],"_links":{"self":[{"href":"https:\/\/spinlama.com\/ro\/wp-json\/wp\/v2\/product\/192337"}],"collection":[{"href":"https:\/\/spinlama.com\/ro\/wp-json\/wp\/v2\/product"}],"about":[{"href":"https:\/\/spinlama.com\/ro\/wp-json\/wp\/v2\/types\/product"}],"replies":[{"embeddable":true,"href":"https:\/\/spinlama.com\/ro\/wp-json\/wp\/v2\/comments?post=192337"}],"version-history":[{"count":9,"href":"https:\/\/spinlama.com\/ro\/wp-json\/wp\/v2\/product\/192337\/revisions"}],"predecessor-version":[{"id":192887,"href":"https:\/\/spinlama.com\/ro\/wp-json\/wp\/v2\/product\/192337\/revisions\/192887"}],"wp:featuredmedia":[{"embeddable":true,"href":"https:\/\/spinlama.com\/ro\/wp-json\/wp\/v2\/media\/192322"}],"wp:attachment":[{"href":"https:\/\/spinlama.com\/ro\/wp-json\/wp\/v2\/media?parent=192337"}],"wp:term":[{"taxonomy":"product_cat","embeddable":true,"href":"https:\/\/spinlama.com\/ro\/wp-json\/wp\/v2\/product_cat?post=192337"},{"taxonomy":"product_tag","embeddable":true,"href":"https:\/\/spinlama.com\/ro\/wp-json\/wp\/v2\/product_tag?post=192337"}],"curies":[{"name":"wp","href":"https:\/\/api.w.org\/{rel}","templated":true}]}}