{"id":197330,"date":"2024-12-20T13:31:45","date_gmt":"2024-12-20T11:31:45","guid":{"rendered":"https:\/\/spinlama.com\/ro\/?post_type=product&#038;p=197330"},"modified":"2025-04-22T13:05:02","modified_gmt":"2025-04-22T10:05:02","slug":"furry-gloves","status":"publish","type":"product","link":"https:\/\/spinlama.com\/ro\/produs\/furry-gloves\/","title":{"rendered":"[1+1] Furry Gloves &#8211; M\u0103nu\u0219i f\u0103r\u0103 degete"},"content":{"rendered":"\t\t<div data-elementor-type=\"product-post\" data-elementor-id=\"197330\" class=\"elementor elementor-197330\" data-elementor-post-type=\"product\">\n\t\t\t\t\t\t<section class=\"elementor-section elementor-top-section elementor-element elementor-element-b864c48 elementor-section-boxed elementor-section-height-default elementor-section-height-default\" data-id=\"b864c48\" data-element_type=\"section\">\n\t\t\t\t\t\t<div class=\"elementor-container elementor-column-gap-default\">\n\t\t\t\t\t<div class=\"elementor-column elementor-col-50 elementor-top-column elementor-element elementor-element-be676e8\" data-id=\"be676e8\" data-element_type=\"column\">\n\t\t\t<div class=\"elementor-widget-wrap elementor-element-populated\">\n\t\t\t\t\t\t<div class=\"elementor-element elementor-element-71ddc4e elementor-align-left elementor-icon-list--layout-traditional elementor-list-item-link-full_width elementor-widget elementor-widget-icon-list\" data-id=\"71ddc4e\" data-element_type=\"widget\" data-widget_type=\"icon-list.default\">\n\t\t\t\t<div class=\"elementor-widget-container\">\n\t\t\t<link rel=\"stylesheet\" href=\"https:\/\/spinlama.com\/ro\/wp-content\/plugins\/elementor\/assets\/css\/widget-icon-list.min.css\">\t\t<ul class=\"elementor-icon-list-items\">\n\t\t\t\t\t\t\t<li class=\"elementor-icon-list-item\">\n\t\t\t\t\t\t\t\t\t\t\t<span class=\"elementor-icon-list-icon\">\n\t\t\t\t\t\t\t<i aria-hidden=\"true\" class=\"fas fa-arrow-right\"><\/i>\t\t\t\t\t\t<\/span>\n\t\t\t\t\t\t\t\t\t\t<span class=\"elementor-icon-list-text\">M\u0103nu\u0219i tricotate cu blan\u0103 artificial\u0103 pentru un plus de elegan\u021b\u0103<\/span>\n\t\t\t\t\t\t\t\t\t<\/li>\n\t\t\t\t\t\t\t\t<li class=\"elementor-icon-list-item\">\n\t\t\t\t\t\t\t\t\t\t\t<span class=\"elementor-icon-list-icon\">\n\t\t\t\t\t\t\t<i aria-hidden=\"true\" class=\"fas fa-arrow-right\"><\/i>\t\t\t\t\t\t<\/span>\n\t\t\t\t\t\t\t\t\t\t<span class=\"elementor-icon-list-text\">O pies\u0103 de mod\u0103 pentru a-\u021bi lumina \u021binuta de iarn\u0103<\/span>\n\t\t\t\t\t\t\t\t\t<\/li>\n\t\t\t\t\t\t\t\t<li class=\"elementor-icon-list-item\">\n\t\t\t\t\t\t\t\t\t\t\t<span class=\"elementor-icon-list-icon\">\n\t\t\t\t\t\t\t<i aria-hidden=\"true\" class=\"fas fa-arrow-right\"><\/i>\t\t\t\t\t\t<\/span>\n\t\t\t\t\t\t\t\t\t\t<span class=\"elementor-icon-list-text\">Acestea fac ca telefonul t\u0103u s\u0103 fie u\u0219or de utilizat<\/span>\n\t\t\t\t\t\t\t\t\t<\/li>\n\t\t\t\t\t\t\t\t<li class=\"elementor-icon-list-item\">\n\t\t\t\t\t\t\t\t\t\t\t<span class=\"elementor-icon-list-icon\">\n\t\t\t\t\t\t\t<i aria-hidden=\"true\" class=\"fas fa-arrow-right\"><\/i>\t\t\t\t\t\t<\/span>\n\t\t\t\t\t\t\t\t\t\t<span class=\"elementor-icon-list-text\">M\u00e2ini calde chiar \u0219i \u00een cele mai reci zile<\/span>\n\t\t\t\t\t\t\t\t\t<\/li>\n\t\t\t\t\t\t\t\t<li class=\"elementor-icon-list-item\">\n\t\t\t\t\t\t\t\t\t\t\t<span class=\"elementor-icon-list-icon\">\n\t\t\t\t\t\t\t<i aria-hidden=\"true\" class=\"fas fa-arrow-right\"><\/i>\t\t\t\t\t\t<\/span>\n\t\t\t\t\t\t\t\t\t\t<span class=\"elementor-icon-list-text\">Fabricate din material moale \u0219i respirabil<\/span>\n\t\t\t\t\t\t\t\t\t<\/li>\n\t\t\t\t\t\t<\/ul>\n\t\t\t\t<\/div>\n\t\t\t\t<\/div>\n\t\t\t\t\t<\/div>\n\t\t<\/div>\n\t\t\t\t<div class=\"elementor-column elementor-col-50 elementor-top-column elementor-element elementor-element-edae244\" data-id=\"edae244\" data-element_type=\"column\">\n\t\t\t<div class=\"elementor-widget-wrap elementor-element-populated\">\n\t\t\t\t\t\t<div class=\"elementor-element elementor-element-b99d444 elementor-widget elementor-widget-image\" data-id=\"b99d444\" data-element_type=\"widget\" data-widget_type=\"image.default\">\n\t\t\t\t<div class=\"elementor-widget-container\">\n\t\t\t<style>\/*! elementor - v3.21.0 - 18-04-2024 *\/\n.elementor-widget-image{text-align:center}.elementor-widget-image a{display:inline-block}.elementor-widget-image a img[src$=\".svg\"]{width:48px}.elementor-widget-image img{vertical-align:middle;display:inline-block}<\/style>\t\t\t\t\t\t\t\t\t\t<img fetchpriority=\"high\" decoding=\"async\" width=\"800\" height=\"800\" src=\"https:\/\/spinlama.com\/ro\/wp-content\/uploads\/sites\/20\/2024\/12\/FurryGloves_15-800x800.jpg\" class=\"attachment-large size-large wp-image-197315\" alt=\"\" srcset=\"https:\/\/spinlama.com\/ro\/wp-content\/uploads\/sites\/20\/2024\/12\/FurryGloves_15-800x800.jpg 800w, https:\/\/spinlama.com\/ro\/wp-content\/uploads\/sites\/20\/2024\/12\/FurryGloves_15-150x150.jpg 150w, https:\/\/spinlama.com\/ro\/wp-content\/uploads\/sites\/20\/2024\/12\/FurryGloves_15-768x768.jpg 768w, https:\/\/spinlama.com\/ro\/wp-content\/uploads\/sites\/20\/2024\/12\/FurryGloves_15-600x600.jpg 600w, https:\/\/spinlama.com\/ro\/wp-content\/uploads\/sites\/20\/2024\/12\/FurryGloves_15-100x100.jpg 100w, https:\/\/spinlama.com\/ro\/wp-content\/uploads\/sites\/20\/2024\/12\/FurryGloves_15.jpg 1080w\" sizes=\"(max-width: 800px) 100vw, 800px\" \/>\t\t\t\t\t\t\t\t\t\t\t\t\t<\/div>\n\t\t\t\t<\/div>\n\t\t\t\t\t<\/div>\n\t\t<\/div>\n\t\t\t\t\t<\/div>\n\t\t<\/section>\n\t\t\t\t<section class=\"elementor-section elementor-top-section elementor-element elementor-element-259f0ae elementor-reverse-mobile elementor-section-boxed elementor-section-height-default elementor-section-height-default\" data-id=\"259f0ae\" data-element_type=\"section\">\n\t\t\t\t\t\t<div class=\"elementor-container elementor-column-gap-default\">\n\t\t\t\t\t<div class=\"elementor-column elementor-col-50 elementor-top-column elementor-element elementor-element-4f6749d\" data-id=\"4f6749d\" data-element_type=\"column\">\n\t\t\t<div class=\"elementor-widget-wrap elementor-element-populated\">\n\t\t\t\t\t\t<div class=\"elementor-element elementor-element-a6ee639 elementor-widget elementor-widget-image\" data-id=\"a6ee639\" data-element_type=\"widget\" data-widget_type=\"image.default\">\n\t\t\t\t<div class=\"elementor-widget-container\">\n\t\t\t\t\t\t\t\t\t\t\t\t\t<img decoding=\"async\" width=\"800\" height=\"800\" src=\"https:\/\/spinlama.com\/ro\/wp-content\/uploads\/sites\/20\/2024\/12\/FurryGloves_17-800x800.jpg\" class=\"attachment-large size-large wp-image-197316\" alt=\"\" srcset=\"https:\/\/spinlama.com\/ro\/wp-content\/uploads\/sites\/20\/2024\/12\/FurryGloves_17-800x800.jpg 800w, https:\/\/spinlama.com\/ro\/wp-content\/uploads\/sites\/20\/2024\/12\/FurryGloves_17-150x150.jpg 150w, https:\/\/spinlama.com\/ro\/wp-content\/uploads\/sites\/20\/2024\/12\/FurryGloves_17-768x768.jpg 768w, https:\/\/spinlama.com\/ro\/wp-content\/uploads\/sites\/20\/2024\/12\/FurryGloves_17-600x600.jpg 600w, https:\/\/spinlama.com\/ro\/wp-content\/uploads\/sites\/20\/2024\/12\/FurryGloves_17-100x100.jpg 100w, https:\/\/spinlama.com\/ro\/wp-content\/uploads\/sites\/20\/2024\/12\/FurryGloves_17.jpg 1080w\" sizes=\"(max-width: 800px) 100vw, 800px\" \/>\t\t\t\t\t\t\t\t\t\t\t\t\t<\/div>\n\t\t\t\t<\/div>\n\t\t\t\t\t<\/div>\n\t\t<\/div>\n\t\t\t\t<div class=\"elementor-column elementor-col-50 elementor-top-column elementor-element elementor-element-8744b6d\" data-id=\"8744b6d\" data-element_type=\"column\">\n\t\t\t<div class=\"elementor-widget-wrap elementor-element-populated\">\n\t\t\t\t\t\t<div class=\"elementor-element elementor-element-6b9c429 elementor-widget elementor-widget-image\" data-id=\"6b9c429\" data-element_type=\"widget\" data-widget_type=\"image.default\">\n\t\t\t\t<div class=\"elementor-widget-container\">\n\t\t\t\t\t\t\t\t\t\t\t\t\t<img decoding=\"async\" width=\"800\" height=\"800\" src=\"https:\/\/spinlama.com\/ro\/wp-content\/uploads\/sites\/20\/2024\/12\/FurryGloves_12-800x800.jpg\" class=\"attachment-large size-large wp-image-197317\" alt=\"\" srcset=\"https:\/\/spinlama.com\/ro\/wp-content\/uploads\/sites\/20\/2024\/12\/FurryGloves_12-800x800.jpg 800w, https:\/\/spinlama.com\/ro\/wp-content\/uploads\/sites\/20\/2024\/12\/FurryGloves_12-150x150.jpg 150w, https:\/\/spinlama.com\/ro\/wp-content\/uploads\/sites\/20\/2024\/12\/FurryGloves_12-768x768.jpg 768w, https:\/\/spinlama.com\/ro\/wp-content\/uploads\/sites\/20\/2024\/12\/FurryGloves_12-600x600.jpg 600w, https:\/\/spinlama.com\/ro\/wp-content\/uploads\/sites\/20\/2024\/12\/FurryGloves_12-100x100.jpg 100w, https:\/\/spinlama.com\/ro\/wp-content\/uploads\/sites\/20\/2024\/12\/FurryGloves_12.jpg 1080w\" sizes=\"(max-width: 800px) 100vw, 800px\" \/>\t\t\t\t\t\t\t\t\t\t\t\t\t<\/div>\n\t\t\t\t<\/div>\n\t\t\t\t\t<\/div>\n\t\t<\/div>\n\t\t\t\t\t<\/div>\n\t\t<\/section>\n\t\t\t\t<section class=\"elementor-section elementor-top-section elementor-element elementor-element-cb30347 elementor-reverse-mobile elementor-section-boxed elementor-section-height-default elementor-section-height-default\" data-id=\"cb30347\" data-element_type=\"section\">\n\t\t\t\t\t\t<div class=\"elementor-container elementor-column-gap-default\">\n\t\t\t\t\t<div class=\"elementor-column elementor-col-50 elementor-top-column elementor-element elementor-element-57c5520\" data-id=\"57c5520\" data-element_type=\"column\">\n\t\t\t<div class=\"elementor-widget-wrap elementor-element-populated\">\n\t\t\t\t\t\t<div class=\"elementor-element elementor-element-21c7877 elementor-widget elementor-widget-image\" data-id=\"21c7877\" data-element_type=\"widget\" data-widget_type=\"image.default\">\n\t\t\t\t<div class=\"elementor-widget-container\">\n\t\t\t\t\t\t\t\t\t\t\t\t\t<img loading=\"lazy\" decoding=\"async\" width=\"800\" height=\"800\" src=\"https:\/\/spinlama.com\/ro\/wp-content\/uploads\/sites\/20\/2024\/12\/FurryGloves_26-800x800.jpg\" class=\"attachment-large size-large wp-image-197318\" alt=\"\" srcset=\"https:\/\/spinlama.com\/ro\/wp-content\/uploads\/sites\/20\/2024\/12\/FurryGloves_26-800x800.jpg 800w, https:\/\/spinlama.com\/ro\/wp-content\/uploads\/sites\/20\/2024\/12\/FurryGloves_26-150x150.jpg 150w, https:\/\/spinlama.com\/ro\/wp-content\/uploads\/sites\/20\/2024\/12\/FurryGloves_26-768x768.jpg 768w, https:\/\/spinlama.com\/ro\/wp-content\/uploads\/sites\/20\/2024\/12\/FurryGloves_26-600x600.jpg 600w, https:\/\/spinlama.com\/ro\/wp-content\/uploads\/sites\/20\/2024\/12\/FurryGloves_26-100x100.jpg 100w, https:\/\/spinlama.com\/ro\/wp-content\/uploads\/sites\/20\/2024\/12\/FurryGloves_26.jpg 1080w\" sizes=\"(max-width: 800px) 100vw, 800px\" \/>\t\t\t\t\t\t\t\t\t\t\t\t\t<\/div>\n\t\t\t\t<\/div>\n\t\t\t\t\t<\/div>\n\t\t<\/div>\n\t\t\t\t<div class=\"elementor-column elementor-col-50 elementor-top-column elementor-element elementor-element-46fa0a6\" data-id=\"46fa0a6\" data-element_type=\"column\">\n\t\t\t<div class=\"elementor-widget-wrap elementor-element-populated\">\n\t\t\t\t\t\t<div class=\"elementor-element elementor-element-ad86919 elementor-arrows-position-inside elementor-pagination-position-outside elementor-widget elementor-widget-image-carousel\" data-id=\"ad86919\" data-element_type=\"widget\" data-settings=\"{&quot;slides_to_show&quot;:&quot;1&quot;,&quot;navigation&quot;:&quot;both&quot;,&quot;autoplay&quot;:&quot;yes&quot;,&quot;pause_on_hover&quot;:&quot;yes&quot;,&quot;pause_on_interaction&quot;:&quot;yes&quot;,&quot;autoplay_speed&quot;:5000,&quot;infinite&quot;:&quot;yes&quot;,&quot;effect&quot;:&quot;slide&quot;,&quot;speed&quot;:500}\" data-widget_type=\"image-carousel.default\">\n\t\t\t\t<div class=\"elementor-widget-container\">\n\t\t\t<style>\/*! elementor - v3.21.0 - 18-04-2024 *\/\n.elementor-widget-image-carousel .swiper,.elementor-widget-image-carousel .swiper-container{position:static}.elementor-widget-image-carousel .swiper-container .swiper-slide figure,.elementor-widget-image-carousel .swiper .swiper-slide figure{line-height:inherit}.elementor-widget-image-carousel .swiper-slide{text-align:center}.elementor-image-carousel-wrapper:not(.swiper-container-initialized):not(.swiper-initialized) .swiper-slide{max-width:calc(100% \/ var(--e-image-carousel-slides-to-show, 3))}<\/style>\t\t<div class=\"elementor-image-carousel-wrapper swiper\" dir=\"ltr\">\n\t\t\t<div class=\"elementor-image-carousel swiper-wrapper\" aria-live=\"off\">\n\t\t\t\t\t\t\t\t<div class=\"swiper-slide\" role=\"group\" aria-roledescription=\"slide\" aria-label=\"1 din 2\"><figure class=\"swiper-slide-inner\"><img decoding=\"async\" class=\"swiper-slide-image\" src=\"https:\/\/spinlama.com\/ro\/wp-content\/uploads\/sites\/20\/2024\/12\/FurryGloves_28-800x800.jpg\" alt=\"FurryGloves_28.jpg\" \/><\/figure><\/div><div class=\"swiper-slide\" role=\"group\" aria-roledescription=\"slide\" aria-label=\"2 din 2\"><figure class=\"swiper-slide-inner\"><img decoding=\"async\" class=\"swiper-slide-image\" src=\"https:\/\/spinlama.com\/ro\/wp-content\/uploads\/sites\/20\/2024\/12\/FurryGloves_29-800x800.jpg\" alt=\"FurryGloves_29.jpg\" \/><\/figure><\/div>\t\t\t<\/div>\n\t\t\t\t\t\t\t\t\t\t\t\t<div class=\"elementor-swiper-button elementor-swiper-button-prev\" role=\"button\" tabindex=\"0\">\n\t\t\t\t\t\t<i aria-hidden=\"true\" class=\"eicon-chevron-left\"><\/i>\t\t\t\t\t<\/div>\n\t\t\t\t\t<div class=\"elementor-swiper-button elementor-swiper-button-next\" role=\"button\" tabindex=\"0\">\n\t\t\t\t\t\t<i aria-hidden=\"true\" class=\"eicon-chevron-right\"><\/i>\t\t\t\t\t<\/div>\n\t\t\t\t\n\t\t\t\t\t\t\t\t\t<div class=\"swiper-pagination\"><\/div>\n\t\t\t\t\t\t\t\t\t<\/div>\n\t\t\t\t<\/div>\n\t\t\t\t<\/div>\n\t\t\t\t\t<\/div>\n\t\t<\/div>\n\t\t\t\t\t<\/div>\n\t\t<\/section>\n\t\t\t\t<section class=\"elementor-section elementor-top-section elementor-element elementor-element-b4d1236 elementor-section-boxed elementor-section-height-default elementor-section-height-default\" data-id=\"b4d1236\" data-element_type=\"section\">\n\t\t\t\t\t\t<div class=\"elementor-container elementor-column-gap-default\">\n\t\t\t\t\t<div class=\"elementor-column elementor-col-100 elementor-top-column elementor-element elementor-element-4615316\" data-id=\"4615316\" data-element_type=\"column\">\n\t\t\t<div class=\"elementor-widget-wrap elementor-element-populated\">\n\t\t\t\t\t\t<div class=\"elementor-element elementor-element-b83f589 elementor-widget elementor-widget-accordion\" data-id=\"b83f589\" data-element_type=\"widget\" data-widget_type=\"accordion.default\">\n\t\t\t\t<div class=\"elementor-widget-container\">\n\t\t\t<style>\/*! elementor - v3.21.0 - 18-04-2024 *\/\n.elementor-accordion{text-align:start}.elementor-accordion .elementor-accordion-item{border:1px solid #d5d8dc}.elementor-accordion .elementor-accordion-item+.elementor-accordion-item{border-top:none}.elementor-accordion .elementor-tab-title{margin:0;padding:15px 20px;font-weight:700;line-height:1;cursor:pointer;outline:none}.elementor-accordion .elementor-tab-title .elementor-accordion-icon{display:inline-block;width:1.5em}.elementor-accordion .elementor-tab-title .elementor-accordion-icon svg{width:1em;height:1em}.elementor-accordion .elementor-tab-title .elementor-accordion-icon.elementor-accordion-icon-right{float:right;text-align:right}.elementor-accordion .elementor-tab-title .elementor-accordion-icon.elementor-accordion-icon-left{float:left;text-align:left}.elementor-accordion .elementor-tab-title .elementor-accordion-icon .elementor-accordion-icon-closed{display:block}.elementor-accordion .elementor-tab-title .elementor-accordion-icon .elementor-accordion-icon-opened,.elementor-accordion .elementor-tab-title.elementor-active .elementor-accordion-icon-closed{display:none}.elementor-accordion .elementor-tab-title.elementor-active .elementor-accordion-icon-opened{display:block}.elementor-accordion .elementor-tab-content{display:none;padding:15px 20px;border-top:1px solid #d5d8dc}@media (max-width:767px){.elementor-accordion .elementor-tab-title{padding:12px 15px}.elementor-accordion .elementor-tab-title .elementor-accordion-icon{width:1.2em}.elementor-accordion .elementor-tab-content{padding:7px 15px}}.e-con-inner>.elementor-widget-accordion,.e-con>.elementor-widget-accordion{width:var(--container-widget-width);--flex-grow:var(--container-widget-flex-grow)}<\/style>\t\t<div class=\"elementor-accordion\">\n\t\t\t\t\t\t\t<div class=\"elementor-accordion-item\">\n\t\t\t\t\t<div id=\"elementor-tab-title-1931\" class=\"elementor-tab-title\" data-tab=\"1\" role=\"button\" aria-controls=\"elementor-tab-content-1931\" aria-expanded=\"false\">\n\t\t\t\t\t\t\t\t\t\t\t\t\t<span class=\"elementor-accordion-icon elementor-accordion-icon-left\" aria-hidden=\"true\">\n\t\t\t\t\t\t\t\t\t\t\t\t\t\t\t<span class=\"elementor-accordion-icon-closed\"><i class=\"fas fa-chevron-down\"><\/i><\/span>\n\t\t\t\t\t\t\t\t<span class=\"elementor-accordion-icon-opened\"><i class=\"fas fa-chevron-up\"><\/i><\/span>\n\t\t\t\t\t\t\t\t\t\t\t\t\t\t<\/span>\n\t\t\t\t\t\t\t\t\t\t\t\t<a class=\"elementor-accordion-title\" tabindex=\"0\">Caracteristici<\/a>\n\t\t\t\t\t<\/div>\n\t\t\t\t\t<div id=\"elementor-tab-content-1931\" class=\"elementor-tab-content elementor-clearfix\" data-tab=\"1\" role=\"region\" aria-labelledby=\"elementor-tab-title-1931\"><p>Material: acrilic<\/p><p>Culoare: maro, gri<\/p><p>M\u0103rime: universal<\/p><p>\u00centre\u021binere: Se spal\u0103 manual, se usuc\u0103 la aer.<\/p><\/div>\n\t\t\t\t<\/div>\n\t\t\t\t\t\t\t\t<\/div>\n\t\t\t\t<\/div>\n\t\t\t\t<\/div>\n\t\t\t\t\t<\/div>\n\t\t<\/div>\n\t\t\t\t\t<\/div>\n\t\t<\/section>\n\t\t\t\t<\/div>\n\t\t","protected":false},"excerpt":{"rendered":"<p>Elegan\u021b\u0103, confort \u0219i c\u0103ldur\u0103 \u00eentr-unul singur<\/p>\n<ul>\n<li>Culoare maro sau gri<\/li>\n<li>Prime\u0219te dou\u0103 perechi de m\u0103nu\u0219i<\/li>\n<\/ul>\n","protected":false},"featured_media":197303,"comment_status":"open","ping_status":"closed","template":"","meta":[],"product_cat":[28,66,17,62],"product_tag":[88],"aioseo_notices":[],"_links":{"self":[{"href":"https:\/\/spinlama.com\/ro\/wp-json\/wp\/v2\/product\/197330"}],"collection":[{"href":"https:\/\/spinlama.com\/ro\/wp-json\/wp\/v2\/product"}],"about":[{"href":"https:\/\/spinlama.com\/ro\/wp-json\/wp\/v2\/types\/product"}],"replies":[{"embeddable":true,"href":"https:\/\/spinlama.com\/ro\/wp-json\/wp\/v2\/comments?post=197330"}],"version-history":[{"count":9,"href":"https:\/\/spinlama.com\/ro\/wp-json\/wp\/v2\/product\/197330\/revisions"}],"predecessor-version":[{"id":197542,"href":"https:\/\/spinlama.com\/ro\/wp-json\/wp\/v2\/product\/197330\/revisions\/197542"}],"wp:featuredmedia":[{"embeddable":true,"href":"https:\/\/spinlama.com\/ro\/wp-json\/wp\/v2\/media\/197303"}],"wp:attachment":[{"href":"https:\/\/spinlama.com\/ro\/wp-json\/wp\/v2\/media?parent=197330"}],"wp:term":[{"taxonomy":"product_cat","embeddable":true,"href":"https:\/\/spinlama.com\/ro\/wp-json\/wp\/v2\/product_cat?post=197330"},{"taxonomy":"product_tag","embeddable":true,"href":"https:\/\/spinlama.com\/ro\/wp-json\/wp\/v2\/product_tag?post=197330"}],"curies":[{"name":"wp","href":"https:\/\/api.w.org\/{rel}","templated":true}]}}