{"id":11496,"date":"2018-12-29T19:39:58","date_gmt":"2018-12-29T18:39:58","guid":{"rendered":"https:\/\/spinlama.com\/si\/?post_type=product&#038;p=11496"},"modified":"2022-01-07T13:41:17","modified_gmt":"2022-01-07T12:41:17","slug":"vivo-hair-brush","status":"publish","type":"product","link":"https:\/\/spinlama.com\/si\/izdelek\/vivo-hair-brush\/","title":{"rendered":"Vivo Hair Brush \u2013 Krta\u010da za nego lasi\u0161\u010da"},"content":{"rendered":"<p style=\"text-align: center\"><strong>Negujte svoje lase in lasi\u0161\u010de!<\/strong><br \/>\nKrta\u010da z mehkimi silikonskimi \u0161\u010detine pomaga ohranjati zdravo lasi\u0161\u010de, s tem da ga o\u010disti odmrle ko\u017ee, prhljaja in lasnih oblog, ki se naberejo kot posledica uporabe razli\u010dnih preparatov za nego in urejanje las.<\/p>\n<p><img fetchpriority=\"high\" decoding=\"async\" class=\"aligncenter wp-image-187117\" src=\"https:\/\/spinlama.com\/si\/wp-content\/uploads\/sites\/21\/2018\/12\/vivo-hair-brush-09.jpg\" alt=\"\" width=\"500\" height=\"500\" srcset=\"https:\/\/spinlama.com\/si\/wp-content\/uploads\/sites\/21\/2018\/12\/vivo-hair-brush-09.jpg 1200w, https:\/\/spinlama.com\/si\/wp-content\/uploads\/sites\/21\/2018\/12\/vivo-hair-brush-09-247x247.jpg 247w, https:\/\/spinlama.com\/si\/wp-content\/uploads\/sites\/21\/2018\/12\/vivo-hair-brush-09-100x100.jpg 100w, https:\/\/spinlama.com\/si\/wp-content\/uploads\/sites\/21\/2018\/12\/vivo-hair-brush-09-510x510.jpg 510w, https:\/\/spinlama.com\/si\/wp-content\/uploads\/sites\/21\/2018\/12\/vivo-hair-brush-09-400x400.jpg 400w, https:\/\/spinlama.com\/si\/wp-content\/uploads\/sites\/21\/2018\/12\/vivo-hair-brush-09-800x800.jpg 800w, https:\/\/spinlama.com\/si\/wp-content\/uploads\/sites\/21\/2018\/12\/vivo-hair-brush-09-280x280.jpg 280w, https:\/\/spinlama.com\/si\/wp-content\/uploads\/sites\/21\/2018\/12\/vivo-hair-brush-09-768x768.jpg 768w\" sizes=\"(max-width: 500px) 100vw, 500px\" \/><\/p>\n<p style=\"text-align: center\"><strong>Osve\u017eujo\u010da in po\u017eivljajo\u010da masa\u017ea<\/strong><br \/>\nMasa\u017ea lasi\u0161\u010da pozitivno vpliva na krvi obtok, spodbuja prekrvavitev in presnovo lasi\u0161\u010da, masa\u017ea glave pa u\u010dinkovito pomaga tudi pri stresu, glavobolu in napetosti.<\/p>\n<p style=\"text-align: center\"><img decoding=\"async\" src=\"https:\/\/spinlama.com\/si\/wp-content\/uploads\/sites\/21\/2018\/12\/vivo-hair-brush-06-gif..gif\" alt=\"\" width=\"600\" height=\"338\" \/><\/p>\n<p style=\"text-align: center\"><strong>Ni\u010d ve\u010d srbe\u010dega lasi\u0161\u010da, razdra\u017eenosti in praskanja<\/strong><br \/>\nMasa\u017ea stimulira delovanje \u017elez lojnic, zato je uporaba silikonske krta\u010de \u0161e posebej primerna za vse, ki imajo suho lasi\u0161\u010de, srbe\u010dico in prhljaj.<\/p>\n<p><img decoding=\"async\" class=\"aligncenter\" src=\"https:\/\/spinlama.com\/si\/wp-content\/uploads\/sites\/21\/2018\/12\/hair-brush-04.jpg\" alt=\"\" width=\"600\" height=\"315\" \/><\/p>\n<p style=\"text-align: center\"><strong>Uporabite jo na suhih ali mokrih laseh<\/strong><br \/>\nZa globinsko \u010di\u0161\u010denje in osve\u017eitev lasi\u0161\u010da krta\u010do uporabite na mokrih laseh oz. med \u0161amponiranjem. Na suhih laseh pa si privo\u0161\u010dite spro\u0161\u010dujo\u010do masa\u017eo, ki bo odpravila napetost in po\u017eivila va\u0161e lasi\u0161\u010de. \u010ce \u017eelite, jo lahko uporabite tudi uporabite tudi v kombinaciji s hranljivimi olji ali serumi za pospe\u0161itev rasti las.<\/p>\n<p style=\"text-align: center\"><img loading=\"lazy\" decoding=\"async\" class=\"alignnone wp-image-187094\" src=\"https:\/\/spinlama.com\/si\/wp-content\/uploads\/sites\/21\/2018\/12\/vivo-hair-brush-08.jpg\" alt=\"\" width=\"500\" height=\"500\" srcset=\"https:\/\/spinlama.com\/si\/wp-content\/uploads\/sites\/21\/2018\/12\/vivo-hair-brush-08.jpg 1080w, https:\/\/spinlama.com\/si\/wp-content\/uploads\/sites\/21\/2018\/12\/vivo-hair-brush-08-247x247.jpg 247w, https:\/\/spinlama.com\/si\/wp-content\/uploads\/sites\/21\/2018\/12\/vivo-hair-brush-08-100x100.jpg 100w, https:\/\/spinlama.com\/si\/wp-content\/uploads\/sites\/21\/2018\/12\/vivo-hair-brush-08-510x510.jpg 510w, https:\/\/spinlama.com\/si\/wp-content\/uploads\/sites\/21\/2018\/12\/vivo-hair-brush-08-400x400.jpg 400w, https:\/\/spinlama.com\/si\/wp-content\/uploads\/sites\/21\/2018\/12\/vivo-hair-brush-08-800x800.jpg 800w, https:\/\/spinlama.com\/si\/wp-content\/uploads\/sites\/21\/2018\/12\/vivo-hair-brush-08-280x280.jpg 280w, https:\/\/spinlama.com\/si\/wp-content\/uploads\/sites\/21\/2018\/12\/vivo-hair-brush-08-768x768.jpg 768w\" sizes=\"(max-width: 500px) 100vw, 500px\" \/><\/p>\n<p style=\"text-align: center\"><strong>Za otroke in odrasle<\/strong><br \/>\nMehke silikonske \u0161\u010detine so izjemno ne\u017ene do lasi\u0161\u010da, ga ne po\u0161kodujejo in ne vozlajo las.<\/p>\n<p><img loading=\"lazy\" decoding=\"async\" class=\"size-full wp-image-186897 aligncenter\" src=\"https:\/\/spinlama.com\/si\/wp-content\/uploads\/sites\/21\/2018\/12\/vivo-hair-brush-05-gif.gif\" alt=\"\" width=\"500\" height=\"500\" \/><\/p>\n<p style=\"text-align: center\"><strong>Za vse vrste las\u00a0<\/strong><br \/>\nUporabite jo na kratkih, dolgih, gostih ali redkih laseh. Primerna je tudi za tiste najbolj skodrane, lase s podalj\u0161ki \u2026 za spro\u0161\u010danje pa jo lahko uporabljate tudi tisti brez las \ud83d\ude09<\/p>\n<p style=\"text-align: center\" data-wp-editing=\"1\"><img loading=\"lazy\" decoding=\"async\" class=\"alignnone wp-image-186900\" src=\"https:\/\/spinlama.com\/si\/wp-content\/uploads\/sites\/21\/2018\/12\/vivo-hair-brush-07.jpg\" alt=\"\" width=\"500\" height=\"500\" srcset=\"https:\/\/spinlama.com\/si\/wp-content\/uploads\/sites\/21\/2018\/12\/vivo-hair-brush-07.jpg 1200w, https:\/\/spinlama.com\/si\/wp-content\/uploads\/sites\/21\/2018\/12\/vivo-hair-brush-07-247x247.jpg 247w, https:\/\/spinlama.com\/si\/wp-content\/uploads\/sites\/21\/2018\/12\/vivo-hair-brush-07-100x100.jpg 100w, https:\/\/spinlama.com\/si\/wp-content\/uploads\/sites\/21\/2018\/12\/vivo-hair-brush-07-510x510.jpg 510w, https:\/\/spinlama.com\/si\/wp-content\/uploads\/sites\/21\/2018\/12\/vivo-hair-brush-07-400x400.jpg 400w, https:\/\/spinlama.com\/si\/wp-content\/uploads\/sites\/21\/2018\/12\/vivo-hair-brush-07-800x800.jpg 800w, https:\/\/spinlama.com\/si\/wp-content\/uploads\/sites\/21\/2018\/12\/vivo-hair-brush-07-280x280.jpg 280w, https:\/\/spinlama.com\/si\/wp-content\/uploads\/sites\/21\/2018\/12\/vivo-hair-brush-07-768x768.jpg 768w\" sizes=\"(max-width: 500px) 100vw, 500px\" \/><\/p>\n<p style=\"text-align: center\"><strong>Pst &#8230; Radi jo imajo tudi hi\u0161ni ljubljen\u010dki \ud83e\udd2b<\/strong><br \/>\nKrta\u010da je primerna tudi za \u0161amponiranje doma\u010dih kosmatincev. Z njo boste u\u010dinkovito odstranili umazanijo in odve\u010dno dlako s ko\u017euha, va\u0161 \u0161tirino\u017eec pa bo hkrati dele\u017een prijetne in pomirjujo\u010de masa\u017ee.<\/p>\n<p style=\"text-align: center\"><img loading=\"lazy\" decoding=\"async\" class=\"\" src=\"https:\/\/spinlama.com\/si\/wp-content\/uploads\/sites\/21\/2018\/12\/vivo-brush_pets.jpg\" alt=\"\" width=\"546\" height=\"546\" \/><\/p>\n<p style=\"text-align: center\"><strong>Naj bo umivanje las posebno do\u017eivetje in sprostitev!<\/strong><\/p>\n<p><img loading=\"lazy\" decoding=\"async\" class=\"wp-image-186892 aligncenter\" src=\"https:\/\/spinlama.com\/si\/wp-content\/uploads\/sites\/21\/2018\/12\/vivo-hair-brush-04.jpg\" alt=\"\" width=\"500\" height=\"500\" srcset=\"https:\/\/spinlama.com\/si\/wp-content\/uploads\/sites\/21\/2018\/12\/vivo-hair-brush-04.jpg 1001w, https:\/\/spinlama.com\/si\/wp-content\/uploads\/sites\/21\/2018\/12\/vivo-hair-brush-04-247x247.jpg 247w, https:\/\/spinlama.com\/si\/wp-content\/uploads\/sites\/21\/2018\/12\/vivo-hair-brush-04-100x100.jpg 100w, https:\/\/spinlama.com\/si\/wp-content\/uploads\/sites\/21\/2018\/12\/vivo-hair-brush-04-510x510.jpg 510w, https:\/\/spinlama.com\/si\/wp-content\/uploads\/sites\/21\/2018\/12\/vivo-hair-brush-04-400x400.jpg 400w, https:\/\/spinlama.com\/si\/wp-content\/uploads\/sites\/21\/2018\/12\/vivo-hair-brush-04-800x800.jpg 800w, https:\/\/spinlama.com\/si\/wp-content\/uploads\/sites\/21\/2018\/12\/vivo-hair-brush-04-280x280.jpg 280w, https:\/\/spinlama.com\/si\/wp-content\/uploads\/sites\/21\/2018\/12\/vivo-hair-brush-04-768x768.jpg 768w\" sizes=\"(max-width: 500px) 100vw, 500px\" \/><\/p>\n<p>&nbsp;<\/p>\n<p><strong>Lastnosti:<br \/>\n\u2714 <\/strong>Za \u0161amponiranje ali masa\u017eo lasi\u0161\u010da<br \/>\n<strong>\u2714 <\/strong>Z lasi\u0161\u010da u\u010dinkovito odstrani odmrlo ko\u017eo, prhljaj in lasne obloge<br \/>\n<strong>\u2714 <\/strong>Za po\u017eivljajo\u010do masa\u017eo, ki stimulira in spodbuja prekrvavitev lasi\u0161\u010da<br \/>\n<strong>\u2714 <\/strong>Za odpravljanje napetosti in stresa s spro\u0161\u010dujo\u010do masa\u017eo glave<br \/>\n<strong>\u2714 <\/strong>Primerna za otroke in odrasle<br \/>\n<strong>\u2714 <\/strong>Lahko se uporablja tudi za nego hi\u0161nih ljubljen\u010dkov (\u0161amponiranje, \u010desanje)<\/p>\n<p><img loading=\"lazy\" decoding=\"async\" class=\"alignnone wp-image-186894 aligncenter\" src=\"https:\/\/spinlama.com\/si\/wp-content\/uploads\/sites\/21\/2018\/12\/vivo-hair-brush-03.jpg\" alt=\"\" width=\"500\" height=\"500\" srcset=\"https:\/\/spinlama.com\/si\/wp-content\/uploads\/sites\/21\/2018\/12\/vivo-hair-brush-03.jpg 1200w, https:\/\/spinlama.com\/si\/wp-content\/uploads\/sites\/21\/2018\/12\/vivo-hair-brush-03-247x247.jpg 247w, https:\/\/spinlama.com\/si\/wp-content\/uploads\/sites\/21\/2018\/12\/vivo-hair-brush-03-100x100.jpg 100w, https:\/\/spinlama.com\/si\/wp-content\/uploads\/sites\/21\/2018\/12\/vivo-hair-brush-03-510x510.jpg 510w, https:\/\/spinlama.com\/si\/wp-content\/uploads\/sites\/21\/2018\/12\/vivo-hair-brush-03-400x400.jpg 400w, https:\/\/spinlama.com\/si\/wp-content\/uploads\/sites\/21\/2018\/12\/vivo-hair-brush-03-800x800.jpg 800w, https:\/\/spinlama.com\/si\/wp-content\/uploads\/sites\/21\/2018\/12\/vivo-hair-brush-03-280x280.jpg 280w, https:\/\/spinlama.com\/si\/wp-content\/uploads\/sites\/21\/2018\/12\/vivo-hair-brush-03-768x768.jpg 768w\" sizes=\"(max-width: 500px) 100vw, 500px\" \/><\/p>\n<p><strong>Material: <\/strong>plastika, silikon<\/p>\n<p><strong>Z nakupom prejmete:<\/strong><br \/>\n1x krta\u010da Vivo Hair Brush v naklju\u010dno izbrani barvi (rde\u010de-modra, modra ali roza)<\/p>\n<p style=\"text-align: center\"><img loading=\"lazy\" decoding=\"async\" class=\"alignnone wp-image-186895\" src=\"https:\/\/spinlama.com\/si\/wp-content\/uploads\/sites\/21\/2018\/12\/vivo-hair-brush-02.jpg\" alt=\"\" width=\"500\" height=\"500\" srcset=\"https:\/\/spinlama.com\/si\/wp-content\/uploads\/sites\/21\/2018\/12\/vivo-hair-brush-02.jpg 1200w, https:\/\/spinlama.com\/si\/wp-content\/uploads\/sites\/21\/2018\/12\/vivo-hair-brush-02-247x247.jpg 247w, https:\/\/spinlama.com\/si\/wp-content\/uploads\/sites\/21\/2018\/12\/vivo-hair-brush-02-100x100.jpg 100w, https:\/\/spinlama.com\/si\/wp-content\/uploads\/sites\/21\/2018\/12\/vivo-hair-brush-02-510x510.jpg 510w, https:\/\/spinlama.com\/si\/wp-content\/uploads\/sites\/21\/2018\/12\/vivo-hair-brush-02-400x400.jpg 400w, https:\/\/spinlama.com\/si\/wp-content\/uploads\/sites\/21\/2018\/12\/vivo-hair-brush-02-800x800.jpg 800w, https:\/\/spinlama.com\/si\/wp-content\/uploads\/sites\/21\/2018\/12\/vivo-hair-brush-02-280x280.jpg 280w, https:\/\/spinlama.com\/si\/wp-content\/uploads\/sites\/21\/2018\/12\/vivo-hair-brush-02-768x768.jpg 768w\" sizes=\"(max-width: 500px) 100vw, 500px\" \/><\/p>\n","protected":false},"excerpt":{"rendered":"<p><span style=\"font-size: 110%\"><strong>Krta\u010da z mehkimi silikonskimi \u0161\u010detinami Vivo Hair Brush se uporablja za masa\u017eo in globinsko \u010di\u0161\u010denje lasi\u0161\u010da.<\/strong> U\u010dinkovito <strong>odstranjuje prhljaj, odmrlo ko\u017eo in obloge<\/strong>, ki se na lasi\u0161\u010du naberejo kot posledica uporabe razli\u010dnih preparatov za nego in urejanje las.<\/span><\/p>\n<p><span style=\"font-size: 110%\">Idealna je za uporabo med \u0161amponiranjem, lahko pa jo uporabljate tudi na suhem lasi\u0161\u010du (<strong>za spro\u0161\u010danje in masa\u017eo<\/strong>).<\/span><\/p>\n","protected":false},"featured_media":186609,"comment_status":"closed","ping_status":"closed","template":"","meta":[],"product_cat":[68,729,569],"product_tag":[],"aioseo_notices":[],"_links":{"self":[{"href":"https:\/\/spinlama.com\/si\/wp-json\/wp\/v2\/product\/11496"}],"collection":[{"href":"https:\/\/spinlama.com\/si\/wp-json\/wp\/v2\/product"}],"about":[{"href":"https:\/\/spinlama.com\/si\/wp-json\/wp\/v2\/types\/product"}],"replies":[{"embeddable":true,"href":"https:\/\/spinlama.com\/si\/wp-json\/wp\/v2\/comments?post=11496"}],"version-history":[{"count":14,"href":"https:\/\/spinlama.com\/si\/wp-json\/wp\/v2\/product\/11496\/revisions"}],"predecessor-version":[{"id":209017,"href":"https:\/\/spinlama.com\/si\/wp-json\/wp\/v2\/product\/11496\/revisions\/209017"}],"wp:featuredmedia":[{"embeddable":true,"href":"https:\/\/spinlama.com\/si\/wp-json\/wp\/v2\/media\/186609"}],"wp:attachment":[{"href":"https:\/\/spinlama.com\/si\/wp-json\/wp\/v2\/media?parent=11496"}],"wp:term":[{"taxonomy":"product_cat","embeddable":true,"href":"https:\/\/spinlama.com\/si\/wp-json\/wp\/v2\/product_cat?post=11496"},{"taxonomy":"product_tag","embeddable":true,"href":"https:\/\/spinlama.com\/si\/wp-json\/wp\/v2\/product_tag?post=11496"}],"curies":[{"name":"wp","href":"https:\/\/api.w.org\/{rel}","templated":true}]}}