{"id":130516,"date":"2020-10-13T09:06:33","date_gmt":"2020-10-13T07:06:33","guid":{"rendered":"https:\/\/spinlama.com\/si\/?post_type=product&#038;p=130516"},"modified":"2022-01-12T13:33:30","modified_gmt":"2022-01-12T12:33:30","slug":"fitness-set","status":"publish","type":"product","link":"https:\/\/spinlama.com\/si\/izdelek\/fitness-set\/","title":{"rendered":"Fitness Set \u2013 Telovadni set z gumijastimi trakovi"},"content":{"rendered":"<p style=\"text-align: center\"><span style=\"font-size: 105%\"><strong>Namesto v fitnes kar v doma\u010do telovadnico!<\/strong><\/span><br \/>\n<span style=\"font-size: 105%\">Primerno za mo\u0161ke in \u017eenske vseh starosti, ki i\u0161\u010dejo u\u010dinkovit na\u010din vadbe za kurjenje kalorij, krepitev mi\u0161ic in izgubo ma\u0161\u010dob \u2013 kar od doma!<\/span><\/p>\n<p style=\"text-align: center\"><img fetchpriority=\"high\" decoding=\"async\" class=\"alignnone wp-image-142869\" src=\"https:\/\/spinlama.com\/si\/wp-content\/uploads\/sites\/21\/2020\/10\/fitness-set-01.gif\" alt=\"\" width=\"500\" height=\"500\" \/><\/p>\n<p style=\"text-align: center\"><span style=\"font-size: 105%\"><strong>Telovadni paket za vse telovadne potrebe!<\/strong><\/span><br \/>\n<span style=\"font-size: 105%\">Telovadni set vsebuje 5 razteznih trakov iz gume, 2 oblazinjeni ro\u010dki, dr\u017ealo za na vrata, 2 pa\u0161\u010dka za gle\u017enje in potovalno vre\u010dko \u2013 vse, kar potrebujete za vadbo celotnega telesa. Je odli\u010dna alternativa nerodnim ute\u017eem in tradicionalnim vadbenim napravam, ki obi\u010dajno zavzamejo veliko prostora. S pomo\u010djo priro\u010dnega dr\u017eala za na vrata lahko izvajate vrsto vaj, ki bi jih te\u017eko izvajali brez specializirane naprave.<\/span><\/p>\n<p style=\"text-align: center\"><img decoding=\"async\" class=\"alignnone wp-image-142870\" src=\"https:\/\/spinlama.com\/si\/wp-content\/uploads\/sites\/21\/2020\/10\/fitness-set-02.gif\" alt=\"\" width=\"501\" height=\"501\" \/><\/p>\n<p style=\"text-align: center\"><span style=\"font-size: 105%\"><strong>Trening za vse mi\u0161i\u010dne skupine<\/strong><\/span><br \/>\n<span style=\"font-size: 105%\">Z njim lahko izvajate \u0161irok niz vzdr\u017eljivostnih vaj za toniranje mi\u0161ic prsnega ko\u0161a in trebuha, bicepsov in tricepsov, stegenskih in me\u010dnih mi\u0161ic, zadnjice, ramenskega obro\u010da in hrbta. Komplet je odli\u010den dodatek k va\u0161em najljub\u0161em treningu, raztezanju, vadbi za mo\u010d, pilatesu ali jogi.<\/span><\/p>\n<p style=\"text-align: center\"><span style=\"font-size: 105%\"><img decoding=\"async\" src=\"https:\/\/spinlama.com\/si\/wp-content\/uploads\/sites\/21\/2020\/10\/telovadni-set-01-1.jpg\" alt=\"\" width=\"500\" height=\"500\" \/><\/span><\/p>\n<p style=\"text-align: center\"><span style=\"font-size: 105%\"><strong>Kombiniranje trakov za prilagajanje intenzivnosti vadbe<\/strong><\/span><br \/>\n<span style=\"font-size: 105%\">V kompletu prejmete 5 trakov razli\u010dnih barv, vsaka barva ima svojo te\u017eavnost (upornost) \u2013 rumena (lahka, do 4,5 kg), zelena (srednje lahka, do 7 kg), rde\u010da (srednja, do 9 kg), modra (te\u017eka, do 11 kg) in \u010drna (zelo te\u017eka, do 13,5 kg). Trakove lahko med seboj tudi kombinirate glede na va\u0161e potrebe (upornost skupno do cca. 45 kg).<\/span><\/p>\n<p style=\"text-align: center\"><span style=\"font-size: 105%\"><img loading=\"lazy\" decoding=\"async\" src=\"https:\/\/spinlama.com\/si\/wp-content\/uploads\/sites\/21\/2020\/10\/telovadni-set-03b.jpg\" alt=\"\" width=\"500\" height=\"677\" \/><\/span><\/p>\n<p style=\"text-align: center\"><span style=\"font-size: 105%\"><strong>Za za\u010detnike in izku\u0161ene \u0161portnike<\/strong><\/span><br \/>\n<span style=\"font-size: 105%\">Set je primeren za katerokoli raven telesne pripravljenosti, saj si lahko intenzivnost treninga zlahka prilagajate z izmenjavo in kombiniranjem trakov razli\u010dnih barv. Ne glede na to, ali se s \u0161portom ukvarjate redno in \u017eelite malce popestriti svoj trening, ste za\u010detnik ali ob\u010dasni telovadec, ki i\u0161\u010de u\u010dinkovitej\u0161e na\u010dine vadbe \u2013 vsestranski komplet nudi pester nabor vaj in hitre rezultate.<\/span><\/p>\n<p style=\"text-align: center\"><img loading=\"lazy\" decoding=\"async\" class=\"alignnone size-full wp-image-142871\" src=\"https:\/\/spinlama.com\/si\/wp-content\/uploads\/sites\/21\/2020\/10\/fitness-set-03.gif\" alt=\"\" width=\"500\" height=\"500\" \/><\/p>\n<p style=\"text-align: center\"><span style=\"font-size: 105%\"><strong>Ni \u010dasa za fitnes, ni problema!<\/strong><\/span><br \/>\n<span style=\"font-size: 105%\">Telovadni set je idealna re\u0161itev, \u010de nimate \u010dasa, da bi se vsak dan odpeljali v fitnes, ali pa ne \u017eelite pla\u010devati dragih fitnes kart.<\/span><\/p>\n<p style=\"text-align: center\"><span style=\"font-size: 105%\"><img loading=\"lazy\" decoding=\"async\" src=\"https:\/\/spinlama.com\/si\/wp-content\/uploads\/sites\/21\/2020\/10\/telovadni-set-04-1-600x400.jpg\" alt=\"\" width=\"600\" height=\"400\" \/><\/span><\/p>\n<p style=\"text-align: center\"><span style=\"font-size: 105%\"><strong>Za vsakodnevno vadbo, kjerkoli in kadarkoli<\/strong><\/span><br \/>\n<span style=\"font-size: 105%\">Fitnes set je lahek, kompakten in prenosen. Pripomo\u010dke spravite v priro\u010dno vre\u010dko za shranjevanje in jih spakirate v kov\u010dek ali pospravite v avto ter tako telovadite povsod in kadar \u017eelite \u2013 doma, zunaj, med odmorom v slu\u017ebi in med potovanjem.<\/span><\/p>\n<p style=\"text-align: center\"><span style=\"font-size: 105%\"><img loading=\"lazy\" decoding=\"async\" src=\"https:\/\/spinlama.com\/si\/wp-content\/uploads\/sites\/21\/2020\/10\/telovadni-set-02-1.jpg\" alt=\"\" width=\"500\" height=\"500\" \/><\/span><\/p>\n<p style=\"text-align: center\"><span style=\"font-size: 105%\"><strong>Vzdr\u017eljivi in kakovostni trakovi, ki vzdr\u017eijo intenzivno vsakodnevno vadbo!<\/strong><\/span><br \/>\n<span style=\"font-size: 105%\">Trakovi so izdelano iz trpe\u017ene TPE gume, ki je odporna proti obrabi, se ne izsu\u0161i, trga ali deformira. Vsak trak ima na koncu kovinski obro\u010dek, na katerega s pomo\u010djo trpe\u017ene kovinske vponke pripnete ro\u010dke, dr\u017ealo za na vrata ali jermen za gle\u017enje. Dodatne trakove preprosto dodajate na kovinsko vponko. Ro\u010dke so mehke in vpojne, prevle\u010dene s penasto, protizdrsno prevleko. Pa\u0161\u010dki (jermeni) imajo zapenjanje na je\u017eka, ki omogo\u010da trdno in stabilno pritrditev na gle\u017eenj.<\/span><\/p>\n<p style=\"text-align: center\"><span style=\"font-size: 110%\"><img loading=\"lazy\" decoding=\"async\" class=\"alignnone wp-image-133531\" src=\"https:\/\/spinlama.com\/si\/wp-content\/uploads\/sites\/21\/2020\/10\/telovadni-set-05b.jpg\" alt=\"\" width=\"500\" height=\"500\" srcset=\"https:\/\/spinlama.com\/si\/wp-content\/uploads\/sites\/21\/2020\/10\/telovadni-set-05b.jpg 1000w, https:\/\/spinlama.com\/si\/wp-content\/uploads\/sites\/21\/2020\/10\/telovadni-set-05b-247x247.jpg 247w, https:\/\/spinlama.com\/si\/wp-content\/uploads\/sites\/21\/2020\/10\/telovadni-set-05b-100x100.jpg 100w, https:\/\/spinlama.com\/si\/wp-content\/uploads\/sites\/21\/2020\/10\/telovadni-set-05b-510x510.jpg 510w, https:\/\/spinlama.com\/si\/wp-content\/uploads\/sites\/21\/2020\/10\/telovadni-set-05b-400x400.jpg 400w, https:\/\/spinlama.com\/si\/wp-content\/uploads\/sites\/21\/2020\/10\/telovadni-set-05b-800x800.jpg 800w, https:\/\/spinlama.com\/si\/wp-content\/uploads\/sites\/21\/2020\/10\/telovadni-set-05b-280x280.jpg 280w, https:\/\/spinlama.com\/si\/wp-content\/uploads\/sites\/21\/2020\/10\/telovadni-set-05b-768x768.jpg 768w\" sizes=\"(max-width: 500px) 100vw, 500px\" \/><\/span><\/p>\n<p><span style=\"font-size: 105%\"><strong>Lastnosti:<br \/>\n<\/strong>\u2013 11-delni telovadni set z gumijastimi trakovi, ki se razlikujejo po te\u017eavnosti<\/span><br \/>\n<span style=\"font-size: 105%\">\u2013 s prakti\u010dnim dr\u017ealom za na vrata<\/span><br \/>\n<span style=\"font-size: 105%\">\u2013 odli\u010dna alternativa ute\u017eem in tradicionalnim vadbenim napravam<\/span><br \/>\n<span style=\"font-size: 105%\">\u2013 primeren za mo\u0161ke in \u017eenske, za\u010detnike in izku\u0161ene \u0161portnike<\/span><br \/>\n<span style=\"font-size: 105%\">\u2013 enostavno prilagajanje intenzivnosti vadbe z menjavo in kombinacijo trakov<\/span><br \/>\n<span style=\"font-size: 105%\">\u2013 omogo\u010da izvajanje vaj za vse mi\u0161i\u010dne skupine<\/span><br \/>\n<span style=\"font-size: 105%\">\u2013 odli\u010den dodatek k treningu<\/span><br \/>\n<span style=\"font-size: 105%\">\u2013 kompakten in prenosen set<\/span><br \/>\n<span style=\"font-size: 105%\">\u2013 s priro\u010dno vre\u010dko za shranjevanje<\/span><\/p>\n<p style=\"text-align: center\"><img loading=\"lazy\" decoding=\"async\" class=\"alignnone wp-image-133533\" src=\"https:\/\/spinlama.com\/si\/wp-content\/uploads\/sites\/21\/2020\/10\/telovadni-set-08a.jpg\" alt=\"\" width=\"500\" height=\"500\" srcset=\"https:\/\/spinlama.com\/si\/wp-content\/uploads\/sites\/21\/2020\/10\/telovadni-set-08a.jpg 800w, https:\/\/spinlama.com\/si\/wp-content\/uploads\/sites\/21\/2020\/10\/telovadni-set-08a-247x247.jpg 247w, https:\/\/spinlama.com\/si\/wp-content\/uploads\/sites\/21\/2020\/10\/telovadni-set-08a-100x100.jpg 100w, https:\/\/spinlama.com\/si\/wp-content\/uploads\/sites\/21\/2020\/10\/telovadni-set-08a-510x510.jpg 510w, https:\/\/spinlama.com\/si\/wp-content\/uploads\/sites\/21\/2020\/10\/telovadni-set-08a-400x400.jpg 400w, https:\/\/spinlama.com\/si\/wp-content\/uploads\/sites\/21\/2020\/10\/telovadni-set-08a-280x280.jpg 280w, https:\/\/spinlama.com\/si\/wp-content\/uploads\/sites\/21\/2020\/10\/telovadni-set-08a-768x768.jpg 768w\" sizes=\"(max-width: 500px) 100vw, 500px\" \/><\/p>\n<p><span style=\"font-size: 105%\"><strong>V paketu prejmete:<\/strong><\/span><br \/>\n<span style=\"font-size: 105%\">5x gumijasti trak<\/span><br \/>\n<span style=\"font-size: 105%\">2x jermen za gle\u017enje<\/span><br \/>\n<span style=\"font-size: 105%\">2x penasta ro\u010dka<\/span><br \/>\n<span style=\"font-size: 105%\">1x dr\u017ealo za na vrata<\/span><br \/>\n<span style=\"font-size: 105%\">1x vre\u010dka za shranjevanje in prena\u0161anje<\/span><\/p>\n<p><img loading=\"lazy\" decoding=\"async\" class=\"wp-image-130997 aligncenter\" src=\"https:\/\/spinlama.com\/si\/wp-content\/uploads\/sites\/21\/2020\/10\/telovadni-set-09.jpg\" alt=\"\" width=\"902\" height=\"400\" srcset=\"https:\/\/spinlama.com\/si\/wp-content\/uploads\/sites\/21\/2020\/10\/telovadni-set-09.jpg 1410w, https:\/\/spinlama.com\/si\/wp-content\/uploads\/sites\/21\/2020\/10\/telovadni-set-09-510x226.jpg 510w, https:\/\/spinlama.com\/si\/wp-content\/uploads\/sites\/21\/2020\/10\/telovadni-set-09-800x355.jpg 800w, https:\/\/spinlama.com\/si\/wp-content\/uploads\/sites\/21\/2020\/10\/telovadni-set-09-1400x621.jpg 1400w, https:\/\/spinlama.com\/si\/wp-content\/uploads\/sites\/21\/2020\/10\/telovadni-set-09-768x340.jpg 768w\" sizes=\"(max-width: 902px) 100vw, 902px\" \/><\/p>\n","protected":false},"excerpt":{"rendered":"<p><span style=\"font-size: 110%\"><strong>S telovadnim setom lahko izvajate \u0161irok niz vzdr\u017eljivostnih vaj za celo telo in z njim u\u010dinkovito okrepite mi\u0161ice prsnega ko\u0161a in trebuha, bicepse in tricepse, stegenske in me\u010dne mi\u0161ice, zadnjico, ramenski obro\u010d in hrbet.<\/strong><\/span><\/p>\n<p><span style=\"font-size: 105%\">Set je idealen tudi za popestritev va\u0161ega najljub\u0161ega treninga, raztezanja, vadbe za mo\u010d, pilatesa, joge ter odli\u010dna alternativa ute\u017eem in tradicionalnim vadbenim napravam.<\/span><\/p>\n","protected":false},"featured_media":142862,"comment_status":"closed","ping_status":"closed","template":"","meta":[],"product_cat":[570,68,762,729,610],"product_tag":[500,487,611,501,502],"aioseo_notices":[],"_links":{"self":[{"href":"https:\/\/spinlama.com\/si\/wp-json\/wp\/v2\/product\/130516"}],"collection":[{"href":"https:\/\/spinlama.com\/si\/wp-json\/wp\/v2\/product"}],"about":[{"href":"https:\/\/spinlama.com\/si\/wp-json\/wp\/v2\/types\/product"}],"replies":[{"embeddable":true,"href":"https:\/\/spinlama.com\/si\/wp-json\/wp\/v2\/comments?post=130516"}],"version-history":[{"count":30,"href":"https:\/\/spinlama.com\/si\/wp-json\/wp\/v2\/product\/130516\/revisions"}],"predecessor-version":[{"id":232779,"href":"https:\/\/spinlama.com\/si\/wp-json\/wp\/v2\/product\/130516\/revisions\/232779"}],"wp:featuredmedia":[{"embeddable":true,"href":"https:\/\/spinlama.com\/si\/wp-json\/wp\/v2\/media\/142862"}],"wp:attachment":[{"href":"https:\/\/spinlama.com\/si\/wp-json\/wp\/v2\/media?parent=130516"}],"wp:term":[{"taxonomy":"product_cat","embeddable":true,"href":"https:\/\/spinlama.com\/si\/wp-json\/wp\/v2\/product_cat?post=130516"},{"taxonomy":"product_tag","embeddable":true,"href":"https:\/\/spinlama.com\/si\/wp-json\/wp\/v2\/product_tag?post=130516"}],"curies":[{"name":"wp","href":"https:\/\/api.w.org\/{rel}","templated":true}]}}