{"id":138354,"date":"2020-11-25T09:12:28","date_gmt":"2020-11-25T08:12:28","guid":{"rendered":"https:\/\/spinlama.com\/si\/?post_type=product&#038;p=138354"},"modified":"2021-09-02T09:41:22","modified_gmt":"2021-09-02T07:41:22","slug":"smartflake-18v1","status":"publish","type":"product","link":"https:\/\/spinlama.com\/si\/izdelek\/smartflake-18v1\/","title":{"rendered":"Smartflake 18v1 \u2013 Ve\u010dnamensko orodje v obliki sne\u017einke"},"content":{"rendered":"<p style=\"text-align: center\"><strong><span style=\"font-size: 110%\">Inovativen dizajn v obliki sne\u017einke s kar 18 razli\u010dnimi funkcijami!<\/span><\/strong><\/p>\n<p style=\"text-align: center\"><img fetchpriority=\"high\" decoding=\"async\" class=\"alignnone wp-image-142525\" src=\"https:\/\/spinlama.com\/si\/wp-content\/uploads\/sites\/21\/2020\/11\/ezgif.com-gif-maker-1.gif\" alt=\"\" width=\"400\" height=\"274\" \/><\/p>\n<p style=\"text-align: center\"><span style=\"font-size: 110%\"><strong>Uporabi se lahko za vija\u010denje, odpiranje steklenic, popravilo kolesa, rolke, igra\u010d, \u2026<\/strong><\/span><\/p>\n<p style=\"text-align: center\"><img decoding=\"async\" src=\"https:\/\/spinlama.com\/si\/wp-content\/uploads\/sites\/21\/2020\/11\/img4-400x400.jpg\" alt=\"\" width=\"500\" height=\"500\" \/><\/p>\n<p style=\"text-align: center\"><span style=\"font-size: 110%\"><strong>Imejte orodje vedno pri sebi.<\/strong><\/span><\/p>\n<p style=\"text-align: center\"><img decoding=\"async\" src=\"https:\/\/spinlama.com\/si\/wp-content\/uploads\/sites\/21\/2020\/11\/giphy.gif\" alt=\"\" width=\"501\" height=\"266\" \/><\/p>\n<p style=\"text-align: center\"><strong><span style=\"font-size: 110%\">Vsestransko uporabno orodje<\/span><\/strong><span style=\"font-size: 110%\"> \u2013 <\/span><span style=\"font-size: 110%\"><strong>izvija\u010d<\/strong> (plo\u0161\u010dati, kri\u017eni ali imbus v 6 velikostih), <strong>no\u017eek<\/strong> (za rezanje trakov in vrvic), <strong>obro\u010dni klju\u010d<\/strong> (7 velikosti) in <strong>odpira\u010d za steklenice<\/strong> s prakti\u010dno odprtino, da ga lahko nosite kot <strong>obesek za klju\u010de<\/strong>.<\/span><\/p>\n<p style=\"text-align: center\">\n<img loading=\"lazy\" decoding=\"async\" class=\"alignnone wp-image-188061\" src=\"https:\/\/spinlama.com\/si\/wp-content\/uploads\/sites\/21\/2020\/11\/smartflake-instr-B.jpg\" alt=\"\" width=\"800\" height=\"608\" srcset=\"https:\/\/spinlama.com\/si\/wp-content\/uploads\/sites\/21\/2020\/11\/smartflake-instr-B.jpg 1250w, https:\/\/spinlama.com\/si\/wp-content\/uploads\/sites\/21\/2020\/11\/smartflake-instr-B-510x388.jpg 510w, https:\/\/spinlama.com\/si\/wp-content\/uploads\/sites\/21\/2020\/11\/smartflake-instr-B-526x400.jpg 526w, https:\/\/spinlama.com\/si\/wp-content\/uploads\/sites\/21\/2020\/11\/smartflake-instr-B-1053x800.jpg 1053w, https:\/\/spinlama.com\/si\/wp-content\/uploads\/sites\/21\/2020\/11\/smartflake-instr-B-768x584.jpg 768w\" sizes=\"(max-width: 800px) 100vw, 800px\" \/><br \/>\n<span style=\"font-size: 110%\"><strong>Super ideja za darilo! Razveselite prijatelje in jim podarite priro\u010dno darilo.<\/strong><\/span><\/p>\n<p style=\"text-align: center\"><img loading=\"lazy\" decoding=\"async\" src=\"https:\/\/spinlama.com\/si\/wp-content\/uploads\/sites\/21\/2020\/11\/kolaz-800x400.png\" alt=\"\" width=\"800\" height=\"400\" \/><\/p>\n<p style=\"text-align: center\"><strong><span style=\"font-size: 110%\">Vzemite ga s seboj kamorkoli greste. <\/span><\/strong><span style=\"font-size: 110%\">Zaradi svoje velikosti in prakti\u010dne uporabe ga enostavno namestite na klju\u010de, pospravite v \u017eep ali nahrbtnik.<\/span><\/p>\n<p style=\"text-align: center\"><img loading=\"lazy\" decoding=\"async\" src=\"https:\/\/spinlama.com\/si\/wp-content\/uploads\/sites\/21\/2020\/11\/img6-400x400.jpg\" alt=\"\" width=\"500\" height=\"500\" \/><\/p>\n<p style=\"text-align: left\"><strong><span style=\"font-size: 105%\">Lastnosti:<\/span><\/strong><br \/>\n<span style=\"font-size: 105%\">\u2013 ve\u010dnamensko orodje z 18 razli\u010dnimi funkcijami<\/span><br \/>\n<span style=\"font-size: 105%\">\u2013 super ideja za darilo<\/span><br \/>\n<span style=\"font-size: 105%\">\u2013 mo\u017enost uporabe kjerkoli in kadarkoli<\/span><br \/>\n<span style=\"font-size: 105%\">\u2013 odporen na vremenske razmere<\/span><br \/>\n<span style=\"font-size: 105%\">\u2013 obesek za klju\u010de<\/span><\/p>\n<p><img loading=\"lazy\" decoding=\"async\" class=\"aligncenter\" src=\"https:\/\/spinlama.com\/si\/wp-content\/uploads\/sites\/21\/2020\/11\/8_b32e6649-55d0-4f7b-a72e-f0c955c51f49_480x480-1.gif\" alt=\"\" width=\"500\" height=\"325\" \/><\/p>\n<p style=\"text-align: left\"><span style=\"font-size: 15.12px\"><b>Specifikacije<\/b><\/span><strong><span style=\"font-size: 105%\">:<\/span><\/strong><br \/>\n<span style=\"font-size: 105%\">\u2013 barva: srebrna<\/span><br \/>\n<span style=\"font-size: 105%\">\u2013 material: aluminijasta zlitina<\/span><br \/>\n<span style=\"font-size: 105%\">\u2013 dimenzije: 6cm<\/span><br \/>\n<span style=\"font-size: 105%\">\u2013 te\u017ea: 78 g<\/span><\/p>\n<p><img loading=\"lazy\" decoding=\"async\" class=\"aligncenter\" src=\"https:\/\/spinlama.com\/si\/wp-content\/uploads\/sites\/21\/2020\/11\/img7-400x400.jpg\" alt=\"\" width=\"500\" height=\"500\" \/><\/p>\n<p style=\"text-align: left\"><span style=\"font-size: 105%\"><strong>Paket vsebuje<\/strong><\/span><br \/>\n<span style=\"font-size: 105%\">1x Smartflake 18v1<\/span><br \/>\n<span style=\"font-size: 105%\">1x obro\u010dek za obesek<\/span><br \/>\n<span style=\"font-size: 105%\">1x vre\u010dka za shranjevanje<\/span><\/p>\n<p><img loading=\"lazy\" decoding=\"async\" class=\"aligncenter\" src=\"https:\/\/spinlama.com\/si\/wp-content\/uploads\/sites\/21\/2020\/11\/img8-400x400.jpg\" alt=\"\" width=\"500\" height=\"500\" \/><\/p>\n","protected":false},"excerpt":{"rendered":"<p><span style=\"font-size: 110%\"><strong>Ve\u010dnamensko in izjemno prakti\u010dno orodje s kar 18 razli\u010dnimi funkcijami! Lahko ga uporabljate kot izvija\u010d ali klju\u010d, z njim odpirate \u0161katle, steklenice, zategnete vijak na kolesu, odre\u017eete vrvico, kos lepilnega traku in \u0161e mnogo ve\u010d.<\/strong><\/span><\/p>\n<p><span style=\"font-size: 105%\">Je nepogre\u0161ljiv pripomo\u010dek za hitre popravke doma, na poti, dopustu, pikniku, med kampiranjem ali zunanjimi opravili.<\/span><\/p>\n<p><span style=\"font-size: 110%\"><strong>\ud83c\udf81 Odli\u010dna ideja za darilo! \ud83c\udf81<\/strong><\/span><\/p>\n","protected":false},"featured_media":138355,"comment_status":"closed","ping_status":"closed","template":"","meta":[],"product_cat":[570,68],"product_tag":[530,521,526,523,525,522,527,528,529,524],"aioseo_notices":[],"_links":{"self":[{"href":"https:\/\/spinlama.com\/si\/wp-json\/wp\/v2\/product\/138354"}],"collection":[{"href":"https:\/\/spinlama.com\/si\/wp-json\/wp\/v2\/product"}],"about":[{"href":"https:\/\/spinlama.com\/si\/wp-json\/wp\/v2\/types\/product"}],"replies":[{"embeddable":true,"href":"https:\/\/spinlama.com\/si\/wp-json\/wp\/v2\/comments?post=138354"}],"version-history":[{"count":38,"href":"https:\/\/spinlama.com\/si\/wp-json\/wp\/v2\/product\/138354\/revisions"}],"predecessor-version":[{"id":142390,"href":"https:\/\/spinlama.com\/si\/wp-json\/wp\/v2\/product\/138354\/revisions\/142390"}],"wp:featuredmedia":[{"embeddable":true,"href":"https:\/\/spinlama.com\/si\/wp-json\/wp\/v2\/media\/138355"}],"wp:attachment":[{"href":"https:\/\/spinlama.com\/si\/wp-json\/wp\/v2\/media?parent=138354"}],"wp:term":[{"taxonomy":"product_cat","embeddable":true,"href":"https:\/\/spinlama.com\/si\/wp-json\/wp\/v2\/product_cat?post=138354"},{"taxonomy":"product_tag","embeddable":true,"href":"https:\/\/spinlama.com\/si\/wp-json\/wp\/v2\/product_tag?post=138354"}],"curies":[{"name":"wp","href":"https:\/\/api.w.org\/{rel}","templated":true}]}}