{"id":146606,"date":"2020-12-07T11:12:41","date_gmt":"2020-12-07T10:12:41","guid":{"rendered":"https:\/\/spinlama.com\/si\/?post_type=product&#038;p=146606"},"modified":"2021-09-21T09:48:43","modified_gmt":"2021-09-21T07:48:43","slug":"high-heel-grip","status":"publish","type":"product","link":"https:\/\/spinlama.com\/si\/izdelek\/high-heel-grip\/","title":{"rendered":"High-Heel Grip &#8211; protizdrsne blazinice za \u010devlje"},"content":{"rendered":"<p style=\"text-align: center;\"><span style=\"font-size: 110%;\"><strong>Ni\u010d ve\u010d drsenja!<br \/>\n<\/strong>Blazinice prepre\u010dujejo zdrse in padce. Naj bo hoja v visokih petah in elegantnih \u010devljih udobna in varna.\u00a0<\/span><br \/>\n<img fetchpriority=\"high\" decoding=\"async\" class=\"alignnone size-medium wp-image-146625\" src=\"https:\/\/spinlama.com\/si\/wp-content\/uploads\/sites\/21\/2020\/12\/1-400x400.jpg\" alt=\"\" width=\"400\" height=\"400\" srcset=\"https:\/\/spinlama.com\/si\/wp-content\/uploads\/sites\/21\/2020\/12\/1-400x400.jpg 400w, https:\/\/spinlama.com\/si\/wp-content\/uploads\/sites\/21\/2020\/12\/1-247x247.jpg 247w, https:\/\/spinlama.com\/si\/wp-content\/uploads\/sites\/21\/2020\/12\/1-100x100.jpg 100w, https:\/\/spinlama.com\/si\/wp-content\/uploads\/sites\/21\/2020\/12\/1-510x510.jpg 510w, https:\/\/spinlama.com\/si\/wp-content\/uploads\/sites\/21\/2020\/12\/1-280x280.jpg 280w, https:\/\/spinlama.com\/si\/wp-content\/uploads\/sites\/21\/2020\/12\/1-768x768.jpg 768w, https:\/\/spinlama.com\/si\/wp-content\/uploads\/sites\/21\/2020\/12\/1.jpg 800w\" sizes=\"(max-width: 400px) 100vw, 400px\" \/><br \/>\n<span style=\"font-size: 110%;\"><strong>Za vse velikosti \u010devljev &#8211; \u017eenskih in mo\u0161kih!<br \/>\n<\/strong>Primerne so za vse velikosti \u010devljev. Primerne so za visoke pete, elegantne \u010devlje, sandale, \u0161kornje, itd.<\/span><br \/>\n<img decoding=\"async\" class=\"alignnone size-medium wp-image-146632\" src=\"https:\/\/spinlama.com\/si\/wp-content\/uploads\/sites\/21\/2020\/12\/2-415x400.jpg\" alt=\"\" width=\"415\" height=\"400\" srcset=\"https:\/\/spinlama.com\/si\/wp-content\/uploads\/sites\/21\/2020\/12\/2-415x400.jpg 415w, https:\/\/spinlama.com\/si\/wp-content\/uploads\/sites\/21\/2020\/12\/2-510x492.jpg 510w, https:\/\/spinlama.com\/si\/wp-content\/uploads\/sites\/21\/2020\/12\/2-830x800.jpg 830w, https:\/\/spinlama.com\/si\/wp-content\/uploads\/sites\/21\/2020\/12\/2-768x740.jpg 768w, https:\/\/spinlama.com\/si\/wp-content\/uploads\/sites\/21\/2020\/12\/2.jpg 998w\" sizes=\"(max-width: 415px) 100vw, 415px\" \/><br \/>\n<strong><span style=\"font-size: 110%;\">Prilagodite obliko.<\/span><\/strong><br \/>\n<span style=\"font-size: 110%;\">\u010ce se ne prilegajo popolnoma, jih enostavno odre\u017eete in prilagodite obliki.<\/span><br \/>\n<img decoding=\"async\" class=\"alignnone size-medium wp-image-146633\" src=\"https:\/\/spinlama.com\/si\/wp-content\/uploads\/sites\/21\/2020\/12\/3-447x400.jpg\" alt=\"\" width=\"447\" height=\"400\" srcset=\"https:\/\/spinlama.com\/si\/wp-content\/uploads\/sites\/21\/2020\/12\/3-447x400.jpg 447w, https:\/\/spinlama.com\/si\/wp-content\/uploads\/sites\/21\/2020\/12\/3-510x456.jpg 510w, https:\/\/spinlama.com\/si\/wp-content\/uploads\/sites\/21\/2020\/12\/3-895x800.jpg 895w, https:\/\/spinlama.com\/si\/wp-content\/uploads\/sites\/21\/2020\/12\/3-768x687.jpg 768w, https:\/\/spinlama.com\/si\/wp-content\/uploads\/sites\/21\/2020\/12\/3.jpg 972w\" sizes=\"(max-width: 447px) 100vw, 447px\" \/><br \/>\n<strong><span style=\"font-size: 110%;\">Za\u0161\u010diti vas pred zdrsi tudi na mokrih povr\u0161inah.<\/span><\/strong><br \/>\n<span style=\"font-size: 110%;\">Izdelane so iz kvalitetnega materiala in trpe\u017enega lepila. Omogo\u010dajo tudi dodaten oprijem na mokrih povr\u0161inah.<br \/>\n<img loading=\"lazy\" decoding=\"async\" class=\"alignnone size-medium wp-image-146643\" src=\"https:\/\/spinlama.com\/si\/wp-content\/uploads\/sites\/21\/2020\/12\/4-402x400.jpg\" alt=\"\" width=\"402\" height=\"400\" srcset=\"https:\/\/spinlama.com\/si\/wp-content\/uploads\/sites\/21\/2020\/12\/4-402x400.jpg 402w, https:\/\/spinlama.com\/si\/wp-content\/uploads\/sites\/21\/2020\/12\/4-100x100.jpg 100w, https:\/\/spinlama.com\/si\/wp-content\/uploads\/sites\/21\/2020\/12\/4-510x507.jpg 510w, https:\/\/spinlama.com\/si\/wp-content\/uploads\/sites\/21\/2020\/12\/4-805x800.jpg 805w, https:\/\/spinlama.com\/si\/wp-content\/uploads\/sites\/21\/2020\/12\/4-280x280.jpg 280w, https:\/\/spinlama.com\/si\/wp-content\/uploads\/sites\/21\/2020\/12\/4-768x764.jpg 768w, https:\/\/spinlama.com\/si\/wp-content\/uploads\/sites\/21\/2020\/12\/4-247x247.jpg 247w, https:\/\/spinlama.com\/si\/wp-content\/uploads\/sites\/21\/2020\/12\/4.jpg 1195w\" sizes=\"(max-width: 402px) 100vw, 402px\" \/><br \/>\n<strong>Enostavna in hitra namestitev.<br \/>\n<\/strong>Blazinice se enostavno in hitro namesti na podplat. Najprej dobro o\u010distite podplat \u010devlja. Nato se prepri\u010date, da se blazinica prilega obliki podplata. V primeru, da se ne prilega popolnoma, jo s \u0161karjami oblikujete. Nato odlepite za\u0161\u010ditno folijo in z lepilno stranjo namestite blazinico na \u017eeleno mesto. Ko ste zadovoljni s prileganjem dobro pritisnite na blazinico, da jo \u010dvrsto prilepite na podplat.<\/span><br \/>\n<img loading=\"lazy\" decoding=\"async\" class=\"alignnone size-medium wp-image-146647\" src=\"https:\/\/spinlama.com\/si\/wp-content\/uploads\/sites\/21\/2020\/12\/5-414x400.jpg\" alt=\"\" width=\"414\" height=\"400\" srcset=\"https:\/\/spinlama.com\/si\/wp-content\/uploads\/sites\/21\/2020\/12\/5-414x400.jpg 414w, https:\/\/spinlama.com\/si\/wp-content\/uploads\/sites\/21\/2020\/12\/5-510x493.jpg 510w, https:\/\/spinlama.com\/si\/wp-content\/uploads\/sites\/21\/2020\/12\/5-828x800.jpg 828w, https:\/\/spinlama.com\/si\/wp-content\/uploads\/sites\/21\/2020\/12\/5-768x742.jpg 768w, https:\/\/spinlama.com\/si\/wp-content\/uploads\/sites\/21\/2020\/12\/5.jpg 964w\" sizes=\"(max-width: 414px) 100vw, 414px\" \/><br \/>\n<span style=\"font-size: 110%;\"><strong>Za\u0161\u010dita pred zdrsi in obrabo<br \/>\n<\/strong>\u0160\u010ditijo proti drsenju in hkrati pomagajo ustaviti obrabo \u010devlja in podalj\u0161ujejo \u017eivljensko dobo podplata. Edinstvena protizdrsna tehnologija vam nudi oprijem na suhih in mokrih povr\u0161inah, hkrati pa zni\u017euje glasnost hoje.\u00a0<\/span><br \/>\n<img loading=\"lazy\" decoding=\"async\" class=\"alignnone size-medium wp-image-146652\" src=\"https:\/\/spinlama.com\/si\/wp-content\/uploads\/sites\/21\/2020\/12\/6-535x400.jpg\" alt=\"\" width=\"535\" height=\"400\" srcset=\"https:\/\/spinlama.com\/si\/wp-content\/uploads\/sites\/21\/2020\/12\/6-535x400.jpg 535w, https:\/\/spinlama.com\/si\/wp-content\/uploads\/sites\/21\/2020\/12\/6-510x381.jpg 510w, https:\/\/spinlama.com\/si\/wp-content\/uploads\/sites\/21\/2020\/12\/6-768x574.jpg 768w, https:\/\/spinlama.com\/si\/wp-content\/uploads\/sites\/21\/2020\/12\/6.jpg 1000w\" sizes=\"(max-width: 535px) 100vw, 535px\" \/><\/p>\n<p><strong><span style=\"font-size: 110%;\">Lastnosti:<\/span><\/strong><br \/>\n<span style=\"font-size: 110%;\">&#8211; protizdrsne blazinice\u00a0<\/span><br \/>\n<span style=\"font-size: 110%;\">&#8211; dodatni oprijem na suhih in mokrih povr\u0161inah<\/span><br \/>\n<span style=\"font-size: 110%;\">&#8211; zni\u017eujejo glasnost hoje<\/span><br \/>\n<span style=\"font-size: 110%;\">&#8211; primerne za vse velikosti \u010devljev &#8211; \u017eenskih in mo\u0161kih<\/span><br \/>\n<span style=\"font-size: 110%;\">&#8211; lahko se jih prilagodi na poljubno obliko<\/span><br \/>\n<span style=\"font-size: 110%;\">&#8211; izdelane iz kvalitetnih materialov<\/span><\/p>\n<p><strong><span style=\"font-size: 110%;\">Material:\u00a0<\/span><\/strong><br \/>\n<span style=\"font-size: 110%;\">&#8211; guma<\/span><\/p>\n<p><strong><span style=\"font-size: 110%;\">Dimenzije:<\/span><\/strong><br \/>\n<span style=\"font-size: 110%;\">&#8211; dol\u017eina 9cm \/ \u0161irina 6,5cm<\/span><\/p>\n<p><span style=\"font-size: 110%;\"><strong>Barva:<\/strong><\/span><br \/>\n<span style=\"font-size: 110%;\">&#8211; \u010drna<\/span><\/p>\n<p><span style=\"font-size: 110%;\"><strong>Paket vsebuje:<\/strong><\/span><br \/>\n<span style=\"font-size: 110%;\">3x par blazinic (2x mali, 1x veliki)<\/span><br \/>\n<img loading=\"lazy\" decoding=\"async\" class=\"size-medium wp-image-146662 aligncenter\" src=\"https:\/\/spinlama.com\/si\/wp-content\/uploads\/sites\/21\/2020\/12\/7-623x400.jpg\" alt=\"\" width=\"623\" height=\"400\" srcset=\"https:\/\/spinlama.com\/si\/wp-content\/uploads\/sites\/21\/2020\/12\/7-623x400.jpg 623w, https:\/\/spinlama.com\/si\/wp-content\/uploads\/sites\/21\/2020\/12\/7-510x327.jpg 510w, https:\/\/spinlama.com\/si\/wp-content\/uploads\/sites\/21\/2020\/12\/7.jpg 701w\" sizes=\"(max-width: 623px) 100vw, 623px\" \/><br \/>\n<img loading=\"lazy\" decoding=\"async\" class=\"size-medium wp-image-146663 aligncenter\" src=\"https:\/\/spinlama.com\/si\/wp-content\/uploads\/sites\/21\/2020\/12\/8-575x400.jpg\" alt=\"\" width=\"575\" height=\"400\" srcset=\"https:\/\/spinlama.com\/si\/wp-content\/uploads\/sites\/21\/2020\/12\/8-575x400.jpg 575w, https:\/\/spinlama.com\/si\/wp-content\/uploads\/sites\/21\/2020\/12\/8-510x355.jpg 510w, https:\/\/spinlama.com\/si\/wp-content\/uploads\/sites\/21\/2020\/12\/8.jpg 701w\" sizes=\"(max-width: 575px) 100vw, 575px\" \/><br \/>\n<img loading=\"lazy\" decoding=\"async\" class=\"size-medium wp-image-146664 aligncenter\" src=\"https:\/\/spinlama.com\/si\/wp-content\/uploads\/sites\/21\/2020\/12\/9-401x400.jpg\" alt=\"\" width=\"401\" height=\"400\" srcset=\"https:\/\/spinlama.com\/si\/wp-content\/uploads\/sites\/21\/2020\/12\/9-401x400.jpg 401w, https:\/\/spinlama.com\/si\/wp-content\/uploads\/sites\/21\/2020\/12\/9-247x247.jpg 247w, https:\/\/spinlama.com\/si\/wp-content\/uploads\/sites\/21\/2020\/12\/9-100x100.jpg 100w, https:\/\/spinlama.com\/si\/wp-content\/uploads\/sites\/21\/2020\/12\/9-510x509.jpg 510w, https:\/\/spinlama.com\/si\/wp-content\/uploads\/sites\/21\/2020\/12\/9-280x280.jpg 280w, https:\/\/spinlama.com\/si\/wp-content\/uploads\/sites\/21\/2020\/12\/9.jpg 701w\" sizes=\"(max-width: 401px) 100vw, 401px\" \/><\/p>\n","protected":false},"excerpt":{"rendered":"<p><span style=\"font-size: 110%;\">Blazinice prepre\u010dujejo zdrse in zni\u017eujejo glasnost hoje v visokih petah. Narejene so iz kvalitetne gume in so vodoodporne. Enostavno jih lahko tudi razre\u017eete in prilagodite \u010devlju.<\/span><\/p>\n<p><em>*Set vklju\u010duje 3 pare blazinic &#8211; 2x mali, 1x veliki<\/em><\/p>\n","protected":false},"featured_media":146625,"comment_status":"closed","ping_status":"closed","template":"","meta":[],"product_cat":[570,68],"product_tag":[],"aioseo_notices":[],"_links":{"self":[{"href":"https:\/\/spinlama.com\/si\/wp-json\/wp\/v2\/product\/146606"}],"collection":[{"href":"https:\/\/spinlama.com\/si\/wp-json\/wp\/v2\/product"}],"about":[{"href":"https:\/\/spinlama.com\/si\/wp-json\/wp\/v2\/types\/product"}],"replies":[{"embeddable":true,"href":"https:\/\/spinlama.com\/si\/wp-json\/wp\/v2\/comments?post=146606"}],"version-history":[{"count":9,"href":"https:\/\/spinlama.com\/si\/wp-json\/wp\/v2\/product\/146606\/revisions"}],"predecessor-version":[{"id":209015,"href":"https:\/\/spinlama.com\/si\/wp-json\/wp\/v2\/product\/146606\/revisions\/209015"}],"wp:featuredmedia":[{"embeddable":true,"href":"https:\/\/spinlama.com\/si\/wp-json\/wp\/v2\/media\/146625"}],"wp:attachment":[{"href":"https:\/\/spinlama.com\/si\/wp-json\/wp\/v2\/media?parent=146606"}],"wp:term":[{"taxonomy":"product_cat","embeddable":true,"href":"https:\/\/spinlama.com\/si\/wp-json\/wp\/v2\/product_cat?post=146606"},{"taxonomy":"product_tag","embeddable":true,"href":"https:\/\/spinlama.com\/si\/wp-json\/wp\/v2\/product_tag?post=146606"}],"curies":[{"name":"wp","href":"https:\/\/api.w.org\/{rel}","templated":true}]}}