{"id":2200,"date":"2018-09-17T22:00:45","date_gmt":"2018-09-17T20:00:45","guid":{"rendered":"https:\/\/spinlama.com\/si\/?post_type=product&#038;p=2200"},"modified":"2022-03-11T15:23:58","modified_gmt":"2022-03-11T14:23:58","slug":"steznik","status":"publish","type":"product","link":"https:\/\/spinlama.com\/si\/izdelek\/steznik\/","title":{"rendered":"SlimTrainer \u2013 Steznik za o\u017eji pas"},"content":{"rendered":"<p style=\"text-align: center;\"><span style=\"font-size: 110%;\"><strong>V trenutku do o\u017ejega pasu<\/strong> s steznikom SlimTrainer, ki je udoben in neopazen pod obleko.<\/span><\/p>\n<p style=\"text-align: center;\"><img fetchpriority=\"high\" decoding=\"async\" src=\"https:\/\/spinlama.com\/si\/wp-content\/uploads\/sites\/21\/2018\/09\/slim-trainer-02.jpg\" alt=\"\" width=\"500\" height=\"500\" \/><\/p>\n<p style=\"text-align: center;\"><span style=\"font-size: 110%;\"><strong>Prilagodljiva velikost<\/strong> in <strong>odli\u010dno prileganje<\/strong> zahvaljujo\u010d kavelj\u010dkom za zapenjanje v treh vrstah.<\/span><\/p>\n<p style=\"text-align: center;\"><img decoding=\"async\" src=\"https:\/\/spinlama.com\/si\/wp-content\/uploads\/sites\/21\/2018\/09\/slim-trainer-05.gif\" alt=\"\" width=\"500\" height=\"500\" \/><\/p>\n<p style=\"text-align: center;\"><span style=\"font-size: 110%;\">Steznik je primeren <strong>za no\u0161enje med vsakodnevnimi aktivnostmi<\/strong> \u2013 tudi med telovadbo, saj je zelo <strong>elasti\u010den<\/strong>, je <strong>zra\u010den<\/strong> in <strong>diha z vami<\/strong>.<\/span><\/p>\n<p style=\"text-align: center;\"><img decoding=\"async\" src=\"https:\/\/spinlama.com\/si\/wp-content\/uploads\/sites\/21\/2018\/09\/slim-trainer-03.jpg\" alt=\"\" width=\"500\" height=\"500\" \/><\/p>\n<p style=\"text-align: center;\"><span style=\"font-size: 110%;\">Pomaga <strong>ohranjati pravilno dr\u017eo<\/strong> ter <strong>za\u0161\u010diti pas in ledveni predel<\/strong> v hladnem vremenu.<\/span><\/p>\n<p style=\"text-align: center;\"><img loading=\"lazy\" decoding=\"async\" src=\"https:\/\/spinlama.com\/si\/wp-content\/uploads\/sites\/21\/2018\/09\/steznik1-400x400.jpg\" alt=\"\" width=\"400\" height=\"400\" \/><\/p>\n<p style=\"text-align: center;\"><span style=\"font-size: 110%;\">Ima v\u0161ito oporo, tako da <strong>se ne viha gor in dol<\/strong>, ampak ostane na mestu ves dan,<strong> zra\u010dna mre\u017easta tkanina<\/strong> pa prepre\u010duje potenje.<\/span><\/p>\n<p style=\"text-align: center;\"><img loading=\"lazy\" decoding=\"async\" src=\"https:\/\/spinlama.com\/si\/wp-content\/uploads\/sites\/21\/2018\/09\/slim-trainer-04.jpg\" alt=\"\" width=\"500\" height=\"500\" \/><\/p>\n<p style=\"text-align: center;\"><span style=\"font-size: 110%;\"><strong>Zablestite v svoji najljub\u0161i obleki<\/strong> steznikom SlimTrainer!<br \/>\nIn \u0161e nasvet za obla\u010denje: <strong>steznik zapnite od spodaj navzgor.<\/strong><\/span><\/p>\n<p style=\"text-align: center;\"><img loading=\"lazy\" decoding=\"async\" src=\"https:\/\/spinlama.com\/si\/wp-content\/uploads\/sites\/21\/2018\/09\/slim-trainer-06.jpg\" alt=\"\" width=\"599\" height=\"207\" \/><\/p>\n<p style=\"text-align: center;\"><span style=\"font-size: 110%;\">Steznik je na voljo <strong>v dveh barvah<\/strong> in <strong>\u0161estih velikostih.<\/strong><\/span><\/p>\n<p style=\"text-align: center;\"><span style=\"text-decoration: underline;\"><span style=\"font-size: 105%;\">Velikosti (mere v pasu, predel popka)<\/span><\/span><br \/>\n<span style=\"font-size: 105%;\"><strong>XS\/S<\/strong>: 58\u201368 cm<\/span><br \/>\n<span style=\"font-size: 105%;\"><strong>S\/M<\/strong>: 62\u201374 cm<\/span><br \/>\n<span style=\"font-size: 105%;\"><strong>L\/XL<\/strong>: 74\u201386 cm<\/span><br \/>\n<span style=\"font-size: 105%;\"><strong>2XL\/3XL<\/strong>: 86\u201398 cm<\/span><br \/>\n<span style=\"font-size: 105%;\"><strong>4XL\/5XL<\/strong>: 98\u2013112 cm<\/span><br \/>\n<span style=\"font-size: 105%;\"><strong>6XL<\/strong>: 112\u2013118 cm<\/span><\/p>\n<p style=\"text-align: center;\"><img loading=\"lazy\" decoding=\"async\" class=\"alignnone size-full wp-image-170926\" src=\"https:\/\/spinlama.com\/si\/wp-content\/uploads\/sites\/21\/2018\/09\/slim-trainer-08.jpg\" alt=\"\" width=\"600\" height=\"600\" srcset=\"https:\/\/spinlama.com\/si\/wp-content\/uploads\/sites\/21\/2018\/09\/slim-trainer-08.jpg 600w, https:\/\/spinlama.com\/si\/wp-content\/uploads\/sites\/21\/2018\/09\/slim-trainer-08-247x247.jpg 247w, https:\/\/spinlama.com\/si\/wp-content\/uploads\/sites\/21\/2018\/09\/slim-trainer-08-100x100.jpg 100w, https:\/\/spinlama.com\/si\/wp-content\/uploads\/sites\/21\/2018\/09\/slim-trainer-08-510x510.jpg 510w, https:\/\/spinlama.com\/si\/wp-content\/uploads\/sites\/21\/2018\/09\/slim-trainer-08-400x400.jpg 400w, https:\/\/spinlama.com\/si\/wp-content\/uploads\/sites\/21\/2018\/09\/slim-trainer-08-280x280.jpg 280w\" sizes=\"(max-width: 600px) 100vw, 600px\" \/><\/p>\n<h5 style=\"text-align: center;\">Material: najlon, elastan. Poreklo: Kitajska. Distributer: Vivovita d.o.o.<\/h5>\n","protected":false},"excerpt":{"rendered":"<p><strong><span style=\"font-size: 110%;\">Steznik SlimTrainer zgladi in skrije ma\u0161\u010dobne blazinice okoli pasu. Ima takoj\u0161nji u\u010dinek, zato je odli\u010dna izbira, \u010de si \u017eelite nadeti oprijeto obla\u010dilo.<\/span><\/strong><\/p>\n<p><span style=\"font-size: 110%;\">Je neopazen pod obleko in primeren za celodnevno no\u0161enje. Spodbuja k pravilni dr\u017ei in posledi\u010dno laj\u0161a bole\u010dine v kri\u017eu ter hrbtenici.<\/span><\/p>\n","protected":false},"featured_media":237349,"comment_status":"open","ping_status":"closed","template":"","meta":[],"product_cat":[68,568],"product_tag":[244,245,587,589,588,585,584,586],"aioseo_notices":[],"_links":{"self":[{"href":"https:\/\/spinlama.com\/si\/wp-json\/wp\/v2\/product\/2200"}],"collection":[{"href":"https:\/\/spinlama.com\/si\/wp-json\/wp\/v2\/product"}],"about":[{"href":"https:\/\/spinlama.com\/si\/wp-json\/wp\/v2\/types\/product"}],"replies":[{"embeddable":true,"href":"https:\/\/spinlama.com\/si\/wp-json\/wp\/v2\/comments?post=2200"}],"version-history":[{"count":8,"href":"https:\/\/spinlama.com\/si\/wp-json\/wp\/v2\/product\/2200\/revisions"}],"predecessor-version":[{"id":237119,"href":"https:\/\/spinlama.com\/si\/wp-json\/wp\/v2\/product\/2200\/revisions\/237119"}],"wp:featuredmedia":[{"embeddable":true,"href":"https:\/\/spinlama.com\/si\/wp-json\/wp\/v2\/media\/237349"}],"wp:attachment":[{"href":"https:\/\/spinlama.com\/si\/wp-json\/wp\/v2\/media?parent=2200"}],"wp:term":[{"taxonomy":"product_cat","embeddable":true,"href":"https:\/\/spinlama.com\/si\/wp-json\/wp\/v2\/product_cat?post=2200"},{"taxonomy":"product_tag","embeddable":true,"href":"https:\/\/spinlama.com\/si\/wp-json\/wp\/v2\/product_tag?post=2200"}],"curies":[{"name":"wp","href":"https:\/\/api.w.org\/{rel}","templated":true}]}}