{"id":238983,"date":"2023-04-03T11:09:51","date_gmt":"2023-04-03T09:09:51","guid":{"rendered":"https:\/\/spinlama.com\/si\/?post_type=product&#038;p=238983"},"modified":"2024-08-20T11:44:00","modified_gmt":"2024-08-20T09:44:00","slug":"shoe-organizer","status":"publish","type":"product","link":"https:\/\/spinlama.com\/si\/izdelek\/shoe-organizer\/","title":{"rendered":"SHOE ORGANIZER \u2013 Organizator za \u010devlje (za 12 parov)"},"content":{"rendered":"\t\t<div data-elementor-type=\"product-post\" data-elementor-id=\"238983\" class=\"elementor elementor-238983\" data-elementor-post-type=\"product\">\n\t\t\t\t\t\t<section class=\"elementor-section elementor-top-section elementor-element elementor-element-44540f79 elementor-section-boxed elementor-section-height-default elementor-section-height-default\" data-id=\"44540f79\" data-element_type=\"section\">\n\t\t\t\t\t\t<div class=\"elementor-container elementor-column-gap-default\">\n\t\t\t\t\t<div class=\"elementor-column elementor-col-50 elementor-top-column elementor-element elementor-element-59f48818\" data-id=\"59f48818\" data-element_type=\"column\">\n\t\t\t<div class=\"elementor-widget-wrap elementor-element-populated\">\n\t\t\t\t\t\t<div class=\"elementor-element elementor-element-56c59cc5 elementor-widget elementor-widget-text-editor\" data-id=\"56c59cc5\" data-element_type=\"widget\" data-widget_type=\"text-editor.default\">\n\t\t\t\t<div class=\"elementor-widget-container\">\n\t\t\t<style>\/*! elementor - v3.21.0 - 18-04-2024 *\/\n.elementor-widget-text-editor.elementor-drop-cap-view-stacked .elementor-drop-cap{background-color:#69727d;color:#fff}.elementor-widget-text-editor.elementor-drop-cap-view-framed .elementor-drop-cap{color:#69727d;border:3px solid;background-color:transparent}.elementor-widget-text-editor:not(.elementor-drop-cap-view-default) .elementor-drop-cap{margin-top:8px}.elementor-widget-text-editor:not(.elementor-drop-cap-view-default) .elementor-drop-cap-letter{width:1em;height:1em}.elementor-widget-text-editor .elementor-drop-cap{float:left;text-align:center;line-height:1;font-size:50px}.elementor-widget-text-editor .elementor-drop-cap-letter{display:inline-block}<\/style>\t\t\t\t<h2><strong>Premalo prostora za vse \u010devlje?\u00a0<\/strong><\/h2><p>Obutev vam ne bo ve\u010d v napoto, hkrati pa boste prihranili dragocen prostor.<\/p>\t\t\t\t\t\t<\/div>\n\t\t\t\t<\/div>\n\t\t\t\t\t<\/div>\n\t\t<\/div>\n\t\t\t\t<div class=\"elementor-column elementor-col-50 elementor-top-column elementor-element elementor-element-30beaa6\" data-id=\"30beaa6\" data-element_type=\"column\">\n\t\t\t<div class=\"elementor-widget-wrap elementor-element-populated\">\n\t\t\t\t\t\t<div class=\"elementor-element elementor-element-11e8b91c elementor-widget elementor-widget-image\" data-id=\"11e8b91c\" data-element_type=\"widget\" data-widget_type=\"image.default\">\n\t\t\t\t<div class=\"elementor-widget-container\">\n\t\t\t<style>\/*! elementor - v3.21.0 - 18-04-2024 *\/\n.elementor-widget-image{text-align:center}.elementor-widget-image a{display:inline-block}.elementor-widget-image a img[src$=\".svg\"]{width:48px}.elementor-widget-image img{vertical-align:middle;display:inline-block}<\/style>\t\t\t\t\t\t\t\t\t\t<img fetchpriority=\"high\" decoding=\"async\" width=\"800\" height=\"800\" src=\"https:\/\/spinlama.com\/si\/wp-content\/uploads\/sites\/21\/2023\/04\/ShoeOrganizer-5-of-21-800x800.jpg\" class=\"attachment-large size-large wp-image-238973\" alt=\"\" srcset=\"https:\/\/spinlama.com\/si\/wp-content\/uploads\/sites\/21\/2023\/04\/ShoeOrganizer-5-of-21-800x800.jpg 800w, https:\/\/spinlama.com\/si\/wp-content\/uploads\/sites\/21\/2023\/04\/ShoeOrganizer-5-of-21-280x280.jpg 280w, https:\/\/spinlama.com\/si\/wp-content\/uploads\/sites\/21\/2023\/04\/ShoeOrganizer-5-of-21-768x768.jpg 768w, https:\/\/spinlama.com\/si\/wp-content\/uploads\/sites\/21\/2023\/04\/ShoeOrganizer-5-of-21-600x600.jpg 600w, https:\/\/spinlama.com\/si\/wp-content\/uploads\/sites\/21\/2023\/04\/ShoeOrganizer-5-of-21-100x100.jpg 100w, https:\/\/spinlama.com\/si\/wp-content\/uploads\/sites\/21\/2023\/04\/ShoeOrganizer-5-of-21.jpg 1080w\" sizes=\"(max-width: 800px) 100vw, 800px\" \/>\t\t\t\t\t\t\t\t\t\t\t\t\t<\/div>\n\t\t\t\t<\/div>\n\t\t\t\t\t<\/div>\n\t\t<\/div>\n\t\t\t\t\t<\/div>\n\t\t<\/section>\n\t\t\t\t<section class=\"elementor-section elementor-top-section elementor-element elementor-element-5f3fdc0d elementor-reverse-mobile elementor-section-boxed elementor-section-height-default elementor-section-height-default\" data-id=\"5f3fdc0d\" data-element_type=\"section\">\n\t\t\t\t\t\t<div class=\"elementor-container elementor-column-gap-default\">\n\t\t\t\t\t<div class=\"elementor-column elementor-col-50 elementor-top-column elementor-element elementor-element-4cef94c8\" data-id=\"4cef94c8\" data-element_type=\"column\">\n\t\t\t<div class=\"elementor-widget-wrap elementor-element-populated\">\n\t\t\t\t\t\t<div class=\"elementor-element elementor-element-297dc71f elementor-widget elementor-widget-image\" data-id=\"297dc71f\" data-element_type=\"widget\" data-widget_type=\"image.default\">\n\t\t\t\t<div class=\"elementor-widget-container\">\n\t\t\t\t\t\t\t\t\t\t\t\t\t<img decoding=\"async\" width=\"800\" height=\"800\" src=\"https:\/\/spinlama.com\/si\/wp-content\/uploads\/sites\/21\/2023\/04\/ShoeOrganiser-5-2-800x800.jpg\" class=\"attachment-large size-large wp-image-238974\" alt=\"\" srcset=\"https:\/\/spinlama.com\/si\/wp-content\/uploads\/sites\/21\/2023\/04\/ShoeOrganiser-5-2-800x800.jpg 800w, https:\/\/spinlama.com\/si\/wp-content\/uploads\/sites\/21\/2023\/04\/ShoeOrganiser-5-2-280x280.jpg 280w, https:\/\/spinlama.com\/si\/wp-content\/uploads\/sites\/21\/2023\/04\/ShoeOrganiser-5-2-768x768.jpg 768w, https:\/\/spinlama.com\/si\/wp-content\/uploads\/sites\/21\/2023\/04\/ShoeOrganiser-5-2-600x600.jpg 600w, https:\/\/spinlama.com\/si\/wp-content\/uploads\/sites\/21\/2023\/04\/ShoeOrganiser-5-2-100x100.jpg 100w, https:\/\/spinlama.com\/si\/wp-content\/uploads\/sites\/21\/2023\/04\/ShoeOrganiser-5-2.jpg 1080w\" sizes=\"(max-width: 800px) 100vw, 800px\" \/>\t\t\t\t\t\t\t\t\t\t\t\t\t<\/div>\n\t\t\t\t<\/div>\n\t\t\t\t\t<\/div>\n\t\t<\/div>\n\t\t\t\t<div class=\"elementor-column elementor-col-50 elementor-top-column elementor-element elementor-element-7aea9061\" data-id=\"7aea9061\" data-element_type=\"column\">\n\t\t\t<div class=\"elementor-widget-wrap elementor-element-populated\">\n\t\t\t\t\t\t<div class=\"elementor-element elementor-element-41e678f8 elementor-widget elementor-widget-text-editor\" data-id=\"41e678f8\" data-element_type=\"widget\" data-widget_type=\"text-editor.default\">\n\t\t\t\t<div class=\"elementor-widget-container\">\n\t\t\t\t\t\t\t<p>V priro\u010dno zasnovan organizator lahko pospravite 6 parov \u010devljev.<\/p>\t\t\t\t\t\t<\/div>\n\t\t\t\t<\/div>\n\t\t\t\t\t<\/div>\n\t\t<\/div>\n\t\t\t\t\t<\/div>\n\t\t<\/section>\n\t\t\t\t<section class=\"elementor-section elementor-top-section elementor-element elementor-element-19701441 elementor-section-boxed elementor-section-height-default elementor-section-height-default\" data-id=\"19701441\" data-element_type=\"section\">\n\t\t\t\t\t\t<div class=\"elementor-container elementor-column-gap-default\">\n\t\t\t\t\t<div class=\"elementor-column elementor-col-50 elementor-top-column elementor-element elementor-element-76b54077\" data-id=\"76b54077\" data-element_type=\"column\">\n\t\t\t<div class=\"elementor-widget-wrap elementor-element-populated\">\n\t\t\t\t\t\t<div class=\"elementor-element elementor-element-3cb8413f elementor-widget elementor-widget-text-editor\" data-id=\"3cb8413f\" data-element_type=\"widget\" data-widget_type=\"text-editor.default\">\n\t\t\t\t<div class=\"elementor-widget-container\">\n\t\t\t\t\t\t\t<p>Shoe Organizer je zlo\u017eljiv, kar omogo\u010da priro\u010dno pospravljanje in prena\u0161anje, ko ga ne potrebujete ve\u010d.<\/p>\t\t\t\t\t\t<\/div>\n\t\t\t\t<\/div>\n\t\t\t\t\t<\/div>\n\t\t<\/div>\n\t\t\t\t<div class=\"elementor-column elementor-col-50 elementor-top-column elementor-element elementor-element-e5040\" data-id=\"e5040\" data-element_type=\"column\">\n\t\t\t<div class=\"elementor-widget-wrap elementor-element-populated\">\n\t\t\t\t\t\t<div class=\"elementor-element elementor-element-4dc7f1e7 elementor-widget elementor-widget-image\" data-id=\"4dc7f1e7\" data-element_type=\"widget\" data-widget_type=\"image.default\">\n\t\t\t\t<div class=\"elementor-widget-container\">\n\t\t\t\t\t\t\t\t\t\t\t\t\t<img decoding=\"async\" width=\"800\" height=\"800\" src=\"https:\/\/spinlama.com\/si\/wp-content\/uploads\/sites\/21\/2023\/04\/ShoeOrganiser-7-1-800x800.jpg\" class=\"attachment-large size-large wp-image-238975\" alt=\"\" srcset=\"https:\/\/spinlama.com\/si\/wp-content\/uploads\/sites\/21\/2023\/04\/ShoeOrganiser-7-1-800x800.jpg 800w, https:\/\/spinlama.com\/si\/wp-content\/uploads\/sites\/21\/2023\/04\/ShoeOrganiser-7-1-280x280.jpg 280w, https:\/\/spinlama.com\/si\/wp-content\/uploads\/sites\/21\/2023\/04\/ShoeOrganiser-7-1-768x768.jpg 768w, https:\/\/spinlama.com\/si\/wp-content\/uploads\/sites\/21\/2023\/04\/ShoeOrganiser-7-1-600x600.jpg 600w, https:\/\/spinlama.com\/si\/wp-content\/uploads\/sites\/21\/2023\/04\/ShoeOrganiser-7-1-100x100.jpg 100w, https:\/\/spinlama.com\/si\/wp-content\/uploads\/sites\/21\/2023\/04\/ShoeOrganiser-7-1.jpg 1080w\" sizes=\"(max-width: 800px) 100vw, 800px\" \/>\t\t\t\t\t\t\t\t\t\t\t\t\t<\/div>\n\t\t\t\t<\/div>\n\t\t\t\t\t<\/div>\n\t\t<\/div>\n\t\t\t\t\t<\/div>\n\t\t<\/section>\n\t\t\t\t<section class=\"elementor-section elementor-top-section elementor-element elementor-element-6d028be0 elementor-reverse-mobile elementor-section-boxed elementor-section-height-default elementor-section-height-default\" data-id=\"6d028be0\" data-element_type=\"section\">\n\t\t\t\t\t\t<div class=\"elementor-container elementor-column-gap-default\">\n\t\t\t\t\t<div class=\"elementor-column elementor-col-50 elementor-top-column elementor-element elementor-element-426cdb7d\" data-id=\"426cdb7d\" data-element_type=\"column\">\n\t\t\t<div class=\"elementor-widget-wrap elementor-element-populated\">\n\t\t\t\t\t\t<div class=\"elementor-element elementor-element-3529ce4f elementor-widget elementor-widget-image\" data-id=\"3529ce4f\" data-element_type=\"widget\" data-widget_type=\"image.default\">\n\t\t\t\t<div class=\"elementor-widget-container\">\n\t\t\t\t\t\t\t\t\t\t\t\t\t<img loading=\"lazy\" decoding=\"async\" width=\"800\" height=\"800\" src=\"https:\/\/spinlama.com\/si\/wp-content\/uploads\/sites\/21\/2023\/04\/ShoeOrganizer_2-1-800x800.jpg\" class=\"attachment-large size-large wp-image-238976\" alt=\"\" srcset=\"https:\/\/spinlama.com\/si\/wp-content\/uploads\/sites\/21\/2023\/04\/ShoeOrganizer_2-1-800x800.jpg 800w, https:\/\/spinlama.com\/si\/wp-content\/uploads\/sites\/21\/2023\/04\/ShoeOrganizer_2-1-280x280.jpg 280w, https:\/\/spinlama.com\/si\/wp-content\/uploads\/sites\/21\/2023\/04\/ShoeOrganizer_2-1-768x768.jpg 768w, https:\/\/spinlama.com\/si\/wp-content\/uploads\/sites\/21\/2023\/04\/ShoeOrganizer_2-1-600x600.jpg 600w, https:\/\/spinlama.com\/si\/wp-content\/uploads\/sites\/21\/2023\/04\/ShoeOrganizer_2-1-100x100.jpg 100w, https:\/\/spinlama.com\/si\/wp-content\/uploads\/sites\/21\/2023\/04\/ShoeOrganizer_2-1.jpg 1080w\" sizes=\"(max-width: 800px) 100vw, 800px\" \/>\t\t\t\t\t\t\t\t\t\t\t\t\t<\/div>\n\t\t\t\t<\/div>\n\t\t\t\t\t<\/div>\n\t\t<\/div>\n\t\t\t\t<div class=\"elementor-column elementor-col-50 elementor-top-column elementor-element elementor-element-2e72a7f\" data-id=\"2e72a7f\" data-element_type=\"column\">\n\t\t\t<div class=\"elementor-widget-wrap elementor-element-populated\">\n\t\t\t\t\t\t<div class=\"elementor-element elementor-element-4a024584 elementor-widget elementor-widget-text-editor\" data-id=\"4a024584\" data-element_type=\"widget\" data-widget_type=\"text-editor.default\">\n\t\t\t\t<div class=\"elementor-widget-container\">\n\t\t\t\t\t\t\t<p>Na voljo v 2 razli\u010dnih barvah &#8211; <strong>be\u017e<\/strong> in <strong>\u010drna<\/strong><\/p>\t\t\t\t\t\t<\/div>\n\t\t\t\t<\/div>\n\t\t\t\t\t<\/div>\n\t\t<\/div>\n\t\t\t\t\t<\/div>\n\t\t<\/section>\n\t\t\t\t<section class=\"elementor-section elementor-top-section elementor-element elementor-element-76bb2393 elementor-section-boxed elementor-section-height-default elementor-section-height-default\" data-id=\"76bb2393\" data-element_type=\"section\">\n\t\t\t\t\t\t<div class=\"elementor-container elementor-column-gap-default\">\n\t\t\t\t\t<div class=\"elementor-column elementor-col-100 elementor-top-column elementor-element elementor-element-15a3862b\" data-id=\"15a3862b\" data-element_type=\"column\">\n\t\t\t<div class=\"elementor-widget-wrap elementor-element-populated\">\n\t\t\t\t\t\t<div class=\"elementor-element elementor-element-106e7493 elementor-widget elementor-widget-accordion\" data-id=\"106e7493\" data-element_type=\"widget\" data-widget_type=\"accordion.default\">\n\t\t\t\t<div class=\"elementor-widget-container\">\n\t\t\t<style>\/*! elementor - v3.21.0 - 18-04-2024 *\/\n.elementor-accordion{text-align:start}.elementor-accordion .elementor-accordion-item{border:1px solid #d5d8dc}.elementor-accordion .elementor-accordion-item+.elementor-accordion-item{border-top:none}.elementor-accordion .elementor-tab-title{margin:0;padding:15px 20px;font-weight:700;line-height:1;cursor:pointer;outline:none}.elementor-accordion .elementor-tab-title .elementor-accordion-icon{display:inline-block;width:1.5em}.elementor-accordion .elementor-tab-title .elementor-accordion-icon svg{width:1em;height:1em}.elementor-accordion .elementor-tab-title .elementor-accordion-icon.elementor-accordion-icon-right{float:right;text-align:right}.elementor-accordion .elementor-tab-title .elementor-accordion-icon.elementor-accordion-icon-left{float:left;text-align:left}.elementor-accordion .elementor-tab-title .elementor-accordion-icon .elementor-accordion-icon-closed{display:block}.elementor-accordion .elementor-tab-title .elementor-accordion-icon .elementor-accordion-icon-opened,.elementor-accordion .elementor-tab-title.elementor-active .elementor-accordion-icon-closed{display:none}.elementor-accordion .elementor-tab-title.elementor-active .elementor-accordion-icon-opened{display:block}.elementor-accordion .elementor-tab-content{display:none;padding:15px 20px;border-top:1px solid #d5d8dc}@media (max-width:767px){.elementor-accordion .elementor-tab-title{padding:12px 15px}.elementor-accordion .elementor-tab-title .elementor-accordion-icon{width:1.2em}.elementor-accordion .elementor-tab-content{padding:7px 15px}}.e-con-inner>.elementor-widget-accordion,.e-con>.elementor-widget-accordion{width:var(--container-widget-width);--flex-grow:var(--container-widget-flex-grow)}<\/style>\t\t<div class=\"elementor-accordion\">\n\t\t\t\t\t\t\t<div class=\"elementor-accordion-item\">\n\t\t\t\t\t<div id=\"elementor-tab-title-2751\" class=\"elementor-tab-title\" data-tab=\"1\" role=\"button\" aria-controls=\"elementor-tab-content-2751\" aria-expanded=\"false\">\n\t\t\t\t\t\t\t\t\t\t\t\t\t<span class=\"elementor-accordion-icon elementor-accordion-icon-left\" aria-hidden=\"true\">\n\t\t\t\t\t\t\t\t\t\t\t\t\t\t\t<span class=\"elementor-accordion-icon-closed\"><i class=\"fas fa-chevron-down\"><\/i><\/span>\n\t\t\t\t\t\t\t\t<span class=\"elementor-accordion-icon-opened\"><i class=\"fas fa-chevron-up\"><\/i><\/span>\n\t\t\t\t\t\t\t\t\t\t\t\t\t\t<\/span>\n\t\t\t\t\t\t\t\t\t\t\t\t<a class=\"elementor-accordion-title\" tabindex=\"0\">Lastnosti<\/a>\n\t\t\t\t\t<\/div>\n\t\t\t\t\t<div id=\"elementor-tab-content-2751\" class=\"elementor-tab-content elementor-clearfix\" data-tab=\"1\" role=\"region\" aria-labelledby=\"elementor-tab-title-2751\"><p>Material: PVC, netkana tkanina, nerjave\u010de jeklo (kavelj)<\/p><p>Barva: be\u017e, \u010drna<\/p><p>\u0160tevilo \u017eepov: 12<\/p><p>Dimenzije organizatorja: 117 cm X 33 cm<\/p><p>Dimenzije \u017eepa: 18 cm X 28 cm<\/p><p>Vi\u0161ina kavlja: 5 cm<\/p><p>V kompletu prejmete 2 organizatorja<\/p><\/div>\n\t\t\t\t<\/div>\n\t\t\t\t\t\t\t\t<\/div>\n\t\t\t\t<\/div>\n\t\t\t\t<\/div>\n\t\t\t\t\t<\/div>\n\t\t<\/div>\n\t\t\t\t\t<\/div>\n\t\t<\/section>\n\t\t\t\t<\/div>\n\t\t","protected":false},"excerpt":{"rendered":"<p>Maksimalno izkoristite prostor in poskrbite za urejenost va\u0161ega doma!<\/p>\n<p><strong>1+1 akcija<\/strong><\/p>\n<p>Na voljo v be\u017e ali \u010drni barvi<\/p>\n","protected":false},"featured_media":238966,"comment_status":"closed","ping_status":"closed","template":"","meta":[],"product_cat":[572,68,761],"product_tag":[],"aioseo_notices":[],"_links":{"self":[{"href":"https:\/\/spinlama.com\/si\/wp-json\/wp\/v2\/product\/238983"}],"collection":[{"href":"https:\/\/spinlama.com\/si\/wp-json\/wp\/v2\/product"}],"about":[{"href":"https:\/\/spinlama.com\/si\/wp-json\/wp\/v2\/types\/product"}],"replies":[{"embeddable":true,"href":"https:\/\/spinlama.com\/si\/wp-json\/wp\/v2\/comments?post=238983"}],"version-history":[{"count":6,"href":"https:\/\/spinlama.com\/si\/wp-json\/wp\/v2\/product\/238983\/revisions"}],"predecessor-version":[{"id":238994,"href":"https:\/\/spinlama.com\/si\/wp-json\/wp\/v2\/product\/238983\/revisions\/238994"}],"wp:featuredmedia":[{"embeddable":true,"href":"https:\/\/spinlama.com\/si\/wp-json\/wp\/v2\/media\/238966"}],"wp:attachment":[{"href":"https:\/\/spinlama.com\/si\/wp-json\/wp\/v2\/media?parent=238983"}],"wp:term":[{"taxonomy":"product_cat","embeddable":true,"href":"https:\/\/spinlama.com\/si\/wp-json\/wp\/v2\/product_cat?post=238983"},{"taxonomy":"product_tag","embeddable":true,"href":"https:\/\/spinlama.com\/si\/wp-json\/wp\/v2\/product_tag?post=238983"}],"curies":[{"name":"wp","href":"https:\/\/api.w.org\/{rel}","templated":true}]}}