{"id":249050,"date":"2024-12-19T14:21:03","date_gmt":"2024-12-19T13:21:03","guid":{"rendered":"https:\/\/spinlama.com\/si\/?post_type=product&#038;p=249050"},"modified":"2025-02-07T11:41:04","modified_gmt":"2025-02-07T10:41:04","slug":"furry-gloves","status":"publish","type":"product","link":"https:\/\/spinlama.com\/si\/izdelek\/furry-gloves\/","title":{"rendered":"[1+1] Furry Gloves \u2013 Brezprstne rokavice"},"content":{"rendered":"\t\t<div data-elementor-type=\"product-post\" data-elementor-id=\"249050\" class=\"elementor elementor-249050\" data-elementor-post-type=\"product\">\n\t\t\t\t\t\t<section class=\"elementor-section elementor-top-section elementor-element elementor-element-b3d4330 elementor-section-boxed elementor-section-height-default elementor-section-height-default\" data-id=\"b3d4330\" data-element_type=\"section\">\n\t\t\t\t\t\t<div class=\"elementor-container elementor-column-gap-default\">\n\t\t\t\t\t<div class=\"elementor-column elementor-col-50 elementor-top-column elementor-element elementor-element-1f69c86\" data-id=\"1f69c86\" data-element_type=\"column\">\n\t\t\t<div class=\"elementor-widget-wrap elementor-element-populated\">\n\t\t\t\t\t\t<div class=\"elementor-element elementor-element-c8ada2c elementor-align-left elementor-icon-list--layout-traditional elementor-list-item-link-full_width elementor-widget elementor-widget-icon-list\" data-id=\"c8ada2c\" data-element_type=\"widget\" data-widget_type=\"icon-list.default\">\n\t\t\t\t<div class=\"elementor-widget-container\">\n\t\t\t<link rel=\"stylesheet\" href=\"https:\/\/spinlama.com\/si\/wp-content\/plugins\/elementor\/assets\/css\/widget-icon-list.min.css\">\t\t<ul class=\"elementor-icon-list-items\">\n\t\t\t\t\t\t\t<li class=\"elementor-icon-list-item\">\n\t\t\t\t\t\t\t\t\t\t\t<span class=\"elementor-icon-list-icon\">\n\t\t\t\t\t\t\t<i aria-hidden=\"true\" class=\"fas fa-arrow-right\"><\/i>\t\t\t\t\t\t<\/span>\n\t\t\t\t\t\t\t\t\t\t<span class=\"elementor-icon-list-text\">Pletene rokavice z umetnim krznom za dodatno eleganco<\/span>\n\t\t\t\t\t\t\t\t\t<\/li>\n\t\t\t\t\t\t\t\t<li class=\"elementor-icon-list-item\">\n\t\t\t\t\t\t\t\t\t\t\t<span class=\"elementor-icon-list-icon\">\n\t\t\t\t\t\t\t<i aria-hidden=\"true\" class=\"fas fa-arrow-right\"><\/i>\t\t\t\t\t\t<\/span>\n\t\t\t\t\t\t\t\t\t\t<span class=\"elementor-icon-list-text\">Modni kos, ki popestri va\u0161 zimski videz<\/span>\n\t\t\t\t\t\t\t\t\t<\/li>\n\t\t\t\t\t\t\t\t<li class=\"elementor-icon-list-item\">\n\t\t\t\t\t\t\t\t\t\t\t<span class=\"elementor-icon-list-icon\">\n\t\t\t\t\t\t\t<i aria-hidden=\"true\" class=\"fas fa-arrow-right\"><\/i>\t\t\t\t\t\t<\/span>\n\t\t\t\t\t\t\t\t\t\t<span class=\"elementor-icon-list-text\">Omogo\u010dajo preprosto uporabo telefona<\/span>\n\t\t\t\t\t\t\t\t\t<\/li>\n\t\t\t\t\t\t\t\t<li class=\"elementor-icon-list-item\">\n\t\t\t\t\t\t\t\t\t\t\t<span class=\"elementor-icon-list-icon\">\n\t\t\t\t\t\t\t<i aria-hidden=\"true\" class=\"fas fa-arrow-right\"><\/i>\t\t\t\t\t\t<\/span>\n\t\t\t\t\t\t\t\t\t\t<span class=\"elementor-icon-list-text\">Tople roke tudi v najhladnej\u0161ih dneh<\/span>\n\t\t\t\t\t\t\t\t\t<\/li>\n\t\t\t\t\t\t\t\t<li class=\"elementor-icon-list-item\">\n\t\t\t\t\t\t\t\t\t\t\t<span class=\"elementor-icon-list-icon\">\n\t\t\t\t\t\t\t<i aria-hidden=\"true\" class=\"fas fa-arrow-right\"><\/i>\t\t\t\t\t\t<\/span>\n\t\t\t\t\t\t\t\t\t\t<span class=\"elementor-icon-list-text\">Izdelane iz mehkega in zra\u010dnega materiala<\/span>\n\t\t\t\t\t\t\t\t\t<\/li>\n\t\t\t\t\t\t<\/ul>\n\t\t\t\t<\/div>\n\t\t\t\t<\/div>\n\t\t\t\t\t<\/div>\n\t\t<\/div>\n\t\t\t\t<div class=\"elementor-column elementor-col-50 elementor-top-column elementor-element elementor-element-ac9cd2f\" data-id=\"ac9cd2f\" data-element_type=\"column\">\n\t\t\t<div class=\"elementor-widget-wrap elementor-element-populated\">\n\t\t\t\t\t\t<div class=\"elementor-element elementor-element-d33c876 elementor-widget elementor-widget-image\" data-id=\"d33c876\" data-element_type=\"widget\" data-widget_type=\"image.default\">\n\t\t\t\t<div class=\"elementor-widget-container\">\n\t\t\t<style>\/*! elementor - v3.21.0 - 18-04-2024 *\/\n.elementor-widget-image{text-align:center}.elementor-widget-image a{display:inline-block}.elementor-widget-image a img[src$=\".svg\"]{width:48px}.elementor-widget-image img{vertical-align:middle;display:inline-block}<\/style>\t\t\t\t\t\t\t\t\t\t<img fetchpriority=\"high\" decoding=\"async\" width=\"800\" height=\"800\" src=\"https:\/\/spinlama.com\/si\/wp-content\/uploads\/sites\/21\/2024\/12\/FurryGloves_15-800x800.jpg\" class=\"attachment-large size-large wp-image-249038\" alt=\"\" srcset=\"https:\/\/spinlama.com\/si\/wp-content\/uploads\/sites\/21\/2024\/12\/FurryGloves_15-800x800.jpg 800w, https:\/\/spinlama.com\/si\/wp-content\/uploads\/sites\/21\/2024\/12\/FurryGloves_15-280x280.jpg 280w, https:\/\/spinlama.com\/si\/wp-content\/uploads\/sites\/21\/2024\/12\/FurryGloves_15-768x768.jpg 768w, https:\/\/spinlama.com\/si\/wp-content\/uploads\/sites\/21\/2024\/12\/FurryGloves_15-600x600.jpg 600w, https:\/\/spinlama.com\/si\/wp-content\/uploads\/sites\/21\/2024\/12\/FurryGloves_15-100x100.jpg 100w, https:\/\/spinlama.com\/si\/wp-content\/uploads\/sites\/21\/2024\/12\/FurryGloves_15.jpg 1080w\" sizes=\"(max-width: 800px) 100vw, 800px\" \/>\t\t\t\t\t\t\t\t\t\t\t\t\t<\/div>\n\t\t\t\t<\/div>\n\t\t\t\t\t<\/div>\n\t\t<\/div>\n\t\t\t\t\t<\/div>\n\t\t<\/section>\n\t\t\t\t<section class=\"elementor-section elementor-top-section elementor-element elementor-element-0bbf6f8 elementor-reverse-mobile elementor-section-boxed elementor-section-height-default elementor-section-height-default\" data-id=\"0bbf6f8\" data-element_type=\"section\">\n\t\t\t\t\t\t<div class=\"elementor-container elementor-column-gap-default\">\n\t\t\t\t\t<div class=\"elementor-column elementor-col-50 elementor-top-column elementor-element elementor-element-c3597bd\" data-id=\"c3597bd\" data-element_type=\"column\">\n\t\t\t<div class=\"elementor-widget-wrap elementor-element-populated\">\n\t\t\t\t\t\t<div class=\"elementor-element elementor-element-95d386b elementor-widget elementor-widget-image\" data-id=\"95d386b\" data-element_type=\"widget\" data-widget_type=\"image.default\">\n\t\t\t\t<div class=\"elementor-widget-container\">\n\t\t\t\t\t\t\t\t\t\t\t\t\t<img decoding=\"async\" width=\"800\" height=\"800\" src=\"https:\/\/spinlama.com\/si\/wp-content\/uploads\/sites\/21\/2024\/12\/FurryGloves_17-800x800.jpg\" class=\"attachment-large size-large wp-image-249039\" alt=\"\" srcset=\"https:\/\/spinlama.com\/si\/wp-content\/uploads\/sites\/21\/2024\/12\/FurryGloves_17-800x800.jpg 800w, https:\/\/spinlama.com\/si\/wp-content\/uploads\/sites\/21\/2024\/12\/FurryGloves_17-280x280.jpg 280w, https:\/\/spinlama.com\/si\/wp-content\/uploads\/sites\/21\/2024\/12\/FurryGloves_17-768x768.jpg 768w, https:\/\/spinlama.com\/si\/wp-content\/uploads\/sites\/21\/2024\/12\/FurryGloves_17-600x600.jpg 600w, https:\/\/spinlama.com\/si\/wp-content\/uploads\/sites\/21\/2024\/12\/FurryGloves_17-100x100.jpg 100w, https:\/\/spinlama.com\/si\/wp-content\/uploads\/sites\/21\/2024\/12\/FurryGloves_17.jpg 1080w\" sizes=\"(max-width: 800px) 100vw, 800px\" \/>\t\t\t\t\t\t\t\t\t\t\t\t\t<\/div>\n\t\t\t\t<\/div>\n\t\t\t\t\t<\/div>\n\t\t<\/div>\n\t\t\t\t<div class=\"elementor-column elementor-col-50 elementor-top-column elementor-element elementor-element-5e98421\" data-id=\"5e98421\" data-element_type=\"column\">\n\t\t\t<div class=\"elementor-widget-wrap elementor-element-populated\">\n\t\t\t\t\t\t<div class=\"elementor-element elementor-element-39720de elementor-widget elementor-widget-image\" data-id=\"39720de\" data-element_type=\"widget\" data-widget_type=\"image.default\">\n\t\t\t\t<div class=\"elementor-widget-container\">\n\t\t\t\t\t\t\t\t\t\t\t\t\t<img decoding=\"async\" width=\"800\" height=\"800\" src=\"https:\/\/spinlama.com\/si\/wp-content\/uploads\/sites\/21\/2024\/12\/FurryGloves_16-800x800.jpg\" class=\"attachment-large size-large wp-image-249040\" alt=\"\" srcset=\"https:\/\/spinlama.com\/si\/wp-content\/uploads\/sites\/21\/2024\/12\/FurryGloves_16-800x800.jpg 800w, https:\/\/spinlama.com\/si\/wp-content\/uploads\/sites\/21\/2024\/12\/FurryGloves_16-280x280.jpg 280w, https:\/\/spinlama.com\/si\/wp-content\/uploads\/sites\/21\/2024\/12\/FurryGloves_16-768x768.jpg 768w, https:\/\/spinlama.com\/si\/wp-content\/uploads\/sites\/21\/2024\/12\/FurryGloves_16-600x600.jpg 600w, https:\/\/spinlama.com\/si\/wp-content\/uploads\/sites\/21\/2024\/12\/FurryGloves_16-100x100.jpg 100w, https:\/\/spinlama.com\/si\/wp-content\/uploads\/sites\/21\/2024\/12\/FurryGloves_16.jpg 1080w\" sizes=\"(max-width: 800px) 100vw, 800px\" \/>\t\t\t\t\t\t\t\t\t\t\t\t\t<\/div>\n\t\t\t\t<\/div>\n\t\t\t\t\t<\/div>\n\t\t<\/div>\n\t\t\t\t\t<\/div>\n\t\t<\/section>\n\t\t\t\t<section class=\"elementor-section elementor-top-section elementor-element elementor-element-35b96c4 elementor-reverse-mobile elementor-section-boxed elementor-section-height-default elementor-section-height-default\" data-id=\"35b96c4\" data-element_type=\"section\">\n\t\t\t\t\t\t<div class=\"elementor-container elementor-column-gap-default\">\n\t\t\t\t\t<div class=\"elementor-column elementor-col-50 elementor-top-column elementor-element elementor-element-15f13e1\" data-id=\"15f13e1\" data-element_type=\"column\">\n\t\t\t<div class=\"elementor-widget-wrap elementor-element-populated\">\n\t\t\t\t\t\t<div class=\"elementor-element elementor-element-3a0b8e3 elementor-widget elementor-widget-image\" data-id=\"3a0b8e3\" data-element_type=\"widget\" data-widget_type=\"image.default\">\n\t\t\t\t<div class=\"elementor-widget-container\">\n\t\t\t\t\t\t\t\t\t\t\t\t\t<img loading=\"lazy\" decoding=\"async\" width=\"800\" height=\"800\" src=\"https:\/\/spinlama.com\/si\/wp-content\/uploads\/sites\/21\/2024\/12\/FurryGloves_26-800x800.jpg\" class=\"attachment-large size-large wp-image-249041\" alt=\"\" srcset=\"https:\/\/spinlama.com\/si\/wp-content\/uploads\/sites\/21\/2024\/12\/FurryGloves_26-800x800.jpg 800w, https:\/\/spinlama.com\/si\/wp-content\/uploads\/sites\/21\/2024\/12\/FurryGloves_26-280x280.jpg 280w, https:\/\/spinlama.com\/si\/wp-content\/uploads\/sites\/21\/2024\/12\/FurryGloves_26-768x768.jpg 768w, https:\/\/spinlama.com\/si\/wp-content\/uploads\/sites\/21\/2024\/12\/FurryGloves_26-600x600.jpg 600w, https:\/\/spinlama.com\/si\/wp-content\/uploads\/sites\/21\/2024\/12\/FurryGloves_26-100x100.jpg 100w, https:\/\/spinlama.com\/si\/wp-content\/uploads\/sites\/21\/2024\/12\/FurryGloves_26.jpg 1080w\" sizes=\"(max-width: 800px) 100vw, 800px\" \/>\t\t\t\t\t\t\t\t\t\t\t\t\t<\/div>\n\t\t\t\t<\/div>\n\t\t\t\t\t<\/div>\n\t\t<\/div>\n\t\t\t\t<div class=\"elementor-column elementor-col-50 elementor-top-column elementor-element elementor-element-f27cb5b\" data-id=\"f27cb5b\" data-element_type=\"column\">\n\t\t\t<div class=\"elementor-widget-wrap elementor-element-populated\">\n\t\t\t\t\t\t<div class=\"elementor-element elementor-element-57e0b53 elementor-arrows-position-inside elementor-pagination-position-outside elementor-widget elementor-widget-image-carousel\" data-id=\"57e0b53\" data-element_type=\"widget\" data-settings=\"{&quot;slides_to_show&quot;:&quot;1&quot;,&quot;navigation&quot;:&quot;both&quot;,&quot;autoplay&quot;:&quot;yes&quot;,&quot;pause_on_hover&quot;:&quot;yes&quot;,&quot;pause_on_interaction&quot;:&quot;yes&quot;,&quot;autoplay_speed&quot;:5000,&quot;infinite&quot;:&quot;yes&quot;,&quot;effect&quot;:&quot;slide&quot;,&quot;speed&quot;:500}\" data-widget_type=\"image-carousel.default\">\n\t\t\t\t<div class=\"elementor-widget-container\">\n\t\t\t<style>\/*! elementor - v3.21.0 - 18-04-2024 *\/\n.elementor-widget-image-carousel .swiper,.elementor-widget-image-carousel .swiper-container{position:static}.elementor-widget-image-carousel .swiper-container .swiper-slide figure,.elementor-widget-image-carousel .swiper .swiper-slide figure{line-height:inherit}.elementor-widget-image-carousel .swiper-slide{text-align:center}.elementor-image-carousel-wrapper:not(.swiper-container-initialized):not(.swiper-initialized) .swiper-slide{max-width:calc(100% \/ var(--e-image-carousel-slides-to-show, 3))}<\/style>\t\t<div class=\"elementor-image-carousel-wrapper swiper\" dir=\"ltr\">\n\t\t\t<div class=\"elementor-image-carousel swiper-wrapper\" aria-live=\"off\">\n\t\t\t\t\t\t\t\t<div class=\"swiper-slide\" role=\"group\" aria-roledescription=\"slide\" aria-label=\"1 of 2\"><figure class=\"swiper-slide-inner\"><img decoding=\"async\" class=\"swiper-slide-image\" src=\"https:\/\/spinlama.com\/si\/wp-content\/uploads\/sites\/21\/2024\/12\/FurryGloves_29-800x800.jpg\" alt=\"FurryGloves_29.jpg\" \/><\/figure><\/div><div class=\"swiper-slide\" role=\"group\" aria-roledescription=\"slide\" aria-label=\"2 of 2\"><figure class=\"swiper-slide-inner\"><img decoding=\"async\" class=\"swiper-slide-image\" src=\"https:\/\/spinlama.com\/si\/wp-content\/uploads\/sites\/21\/2024\/12\/FurryGloves_28-800x800.jpg\" alt=\"FurryGloves_28.jpg\" \/><\/figure><\/div>\t\t\t<\/div>\n\t\t\t\t\t\t\t\t\t\t\t\t<div class=\"elementor-swiper-button elementor-swiper-button-prev\" role=\"button\" tabindex=\"0\">\n\t\t\t\t\t\t<i aria-hidden=\"true\" class=\"eicon-chevron-left\"><\/i>\t\t\t\t\t<\/div>\n\t\t\t\t\t<div class=\"elementor-swiper-button elementor-swiper-button-next\" role=\"button\" tabindex=\"0\">\n\t\t\t\t\t\t<i aria-hidden=\"true\" class=\"eicon-chevron-right\"><\/i>\t\t\t\t\t<\/div>\n\t\t\t\t\n\t\t\t\t\t\t\t\t\t<div class=\"swiper-pagination\"><\/div>\n\t\t\t\t\t\t\t\t\t<\/div>\n\t\t\t\t<\/div>\n\t\t\t\t<\/div>\n\t\t\t\t\t<\/div>\n\t\t<\/div>\n\t\t\t\t\t<\/div>\n\t\t<\/section>\n\t\t\t\t<section class=\"elementor-section elementor-top-section elementor-element elementor-element-9586213 elementor-section-boxed elementor-section-height-default elementor-section-height-default\" data-id=\"9586213\" data-element_type=\"section\">\n\t\t\t\t\t\t<div class=\"elementor-container elementor-column-gap-default\">\n\t\t\t\t\t<div class=\"elementor-column elementor-col-100 elementor-top-column elementor-element elementor-element-1cd14e5\" data-id=\"1cd14e5\" data-element_type=\"column\">\n\t\t\t<div class=\"elementor-widget-wrap elementor-element-populated\">\n\t\t\t\t\t\t<div class=\"elementor-element elementor-element-02ccbb1 elementor-widget elementor-widget-accordion\" data-id=\"02ccbb1\" data-element_type=\"widget\" data-widget_type=\"accordion.default\">\n\t\t\t\t<div class=\"elementor-widget-container\">\n\t\t\t<style>\/*! elementor - v3.21.0 - 18-04-2024 *\/\n.elementor-accordion{text-align:start}.elementor-accordion .elementor-accordion-item{border:1px solid #d5d8dc}.elementor-accordion .elementor-accordion-item+.elementor-accordion-item{border-top:none}.elementor-accordion .elementor-tab-title{margin:0;padding:15px 20px;font-weight:700;line-height:1;cursor:pointer;outline:none}.elementor-accordion .elementor-tab-title .elementor-accordion-icon{display:inline-block;width:1.5em}.elementor-accordion .elementor-tab-title .elementor-accordion-icon svg{width:1em;height:1em}.elementor-accordion .elementor-tab-title .elementor-accordion-icon.elementor-accordion-icon-right{float:right;text-align:right}.elementor-accordion .elementor-tab-title .elementor-accordion-icon.elementor-accordion-icon-left{float:left;text-align:left}.elementor-accordion .elementor-tab-title .elementor-accordion-icon .elementor-accordion-icon-closed{display:block}.elementor-accordion .elementor-tab-title .elementor-accordion-icon .elementor-accordion-icon-opened,.elementor-accordion .elementor-tab-title.elementor-active .elementor-accordion-icon-closed{display:none}.elementor-accordion .elementor-tab-title.elementor-active .elementor-accordion-icon-opened{display:block}.elementor-accordion .elementor-tab-content{display:none;padding:15px 20px;border-top:1px solid #d5d8dc}@media (max-width:767px){.elementor-accordion .elementor-tab-title{padding:12px 15px}.elementor-accordion .elementor-tab-title .elementor-accordion-icon{width:1.2em}.elementor-accordion .elementor-tab-content{padding:7px 15px}}.e-con-inner>.elementor-widget-accordion,.e-con>.elementor-widget-accordion{width:var(--container-widget-width);--flex-grow:var(--container-widget-flex-grow)}<\/style>\t\t<div class=\"elementor-accordion\">\n\t\t\t\t\t\t\t<div class=\"elementor-accordion-item\">\n\t\t\t\t\t<div id=\"elementor-tab-title-2931\" class=\"elementor-tab-title\" data-tab=\"1\" role=\"button\" aria-controls=\"elementor-tab-content-2931\" aria-expanded=\"false\">\n\t\t\t\t\t\t\t\t\t\t\t\t\t<span class=\"elementor-accordion-icon elementor-accordion-icon-left\" aria-hidden=\"true\">\n\t\t\t\t\t\t\t\t\t\t\t\t\t\t\t<span class=\"elementor-accordion-icon-closed\"><i class=\"fas fa-chevron-down\"><\/i><\/span>\n\t\t\t\t\t\t\t\t<span class=\"elementor-accordion-icon-opened\"><i class=\"fas fa-chevron-up\"><\/i><\/span>\n\t\t\t\t\t\t\t\t\t\t\t\t\t\t<\/span>\n\t\t\t\t\t\t\t\t\t\t\t\t<a class=\"elementor-accordion-title\" tabindex=\"0\">Lastnosti<\/a>\n\t\t\t\t\t<\/div>\n\t\t\t\t\t<div id=\"elementor-tab-content-2931\" class=\"elementor-tab-content elementor-clearfix\" data-tab=\"1\" role=\"region\" aria-labelledby=\"elementor-tab-title-2931\"><p>Material: akril<\/p><p>Barva: rjava, siva<\/p><p>Velikost: univerzalna<\/p><p>Vzdr\u017eevanje: Ro\u010dno pranje, su\u0161enje na zraku.<\/p><\/div>\n\t\t\t\t<\/div>\n\t\t\t\t\t\t\t\t<\/div>\n\t\t\t\t<\/div>\n\t\t\t\t<\/div>\n\t\t\t\t\t<\/div>\n\t\t<\/div>\n\t\t\t\t\t<\/div>\n\t\t<\/section>\n\t\t\t\t<\/div>\n\t\t","protected":false},"excerpt":{"rendered":"<p>Eleganca, udobje in toplina v\u00a0 enem<\/p>\n<ul>\n<li>Rjava ali siva barva<\/li>\n<li>Prejmete dva para rokavic<\/li>\n<\/ul>\n","protected":false},"featured_media":249026,"comment_status":"closed","ping_status":"closed","template":"","meta":[],"product_cat":[570,767,68,761],"product_tag":[786,787],"aioseo_notices":[],"_links":{"self":[{"href":"https:\/\/spinlama.com\/si\/wp-json\/wp\/v2\/product\/249050"}],"collection":[{"href":"https:\/\/spinlama.com\/si\/wp-json\/wp\/v2\/product"}],"about":[{"href":"https:\/\/spinlama.com\/si\/wp-json\/wp\/v2\/types\/product"}],"replies":[{"embeddable":true,"href":"https:\/\/spinlama.com\/si\/wp-json\/wp\/v2\/comments?post=249050"}],"version-history":[{"count":9,"href":"https:\/\/spinlama.com\/si\/wp-json\/wp\/v2\/product\/249050\/revisions"}],"predecessor-version":[{"id":249209,"href":"https:\/\/spinlama.com\/si\/wp-json\/wp\/v2\/product\/249050\/revisions\/249209"}],"wp:featuredmedia":[{"embeddable":true,"href":"https:\/\/spinlama.com\/si\/wp-json\/wp\/v2\/media\/249026"}],"wp:attachment":[{"href":"https:\/\/spinlama.com\/si\/wp-json\/wp\/v2\/media?parent=249050"}],"wp:term":[{"taxonomy":"product_cat","embeddable":true,"href":"https:\/\/spinlama.com\/si\/wp-json\/wp\/v2\/product_cat?post=249050"},{"taxonomy":"product_tag","embeddable":true,"href":"https:\/\/spinlama.com\/si\/wp-json\/wp\/v2\/product_tag?post=249050"}],"curies":[{"name":"wp","href":"https:\/\/api.w.org\/{rel}","templated":true}]}}