{"id":46728,"date":"2019-08-13T13:14:37","date_gmt":"2019-08-13T11:14:37","guid":{"rendered":"https:\/\/spinlama.com\/si\/?post_type=product&#038;p=46728"},"modified":"2021-09-02T11:26:12","modified_gmt":"2021-09-02T09:26:12","slug":"invisible-pushup-bra","status":"publish","type":"product","link":"https:\/\/spinlama.com\/si\/izdelek\/invisible-pushup-bra\/","title":{"rendered":"Invisible Push-Up Bra"},"content":{"rendered":"<p style=\"text-align: center\"><strong><span style=\"font-size: 105%\">Samostoje\u010di silikonski nedr\u010dek, neviden pod oprijetimi oblekicami in maj\u010dkami.<\/span><\/strong><\/p>\n<p style=\"text-align: center\"><img fetchpriority=\"high\" decoding=\"async\" class=\"alignnone wp-image-201540\" src=\"https:\/\/spinlama.com\/si\/wp-content\/uploads\/sites\/21\/2019\/08\/invisible-bra-07-1.jpg\" alt=\"\" width=\"500\" height=\"500\" srcset=\"https:\/\/spinlama.com\/si\/wp-content\/uploads\/sites\/21\/2019\/08\/invisible-bra-07-1.jpg 800w, https:\/\/spinlama.com\/si\/wp-content\/uploads\/sites\/21\/2019\/08\/invisible-bra-07-1-247x247.jpg 247w, https:\/\/spinlama.com\/si\/wp-content\/uploads\/sites\/21\/2019\/08\/invisible-bra-07-1-100x100.jpg 100w, https:\/\/spinlama.com\/si\/wp-content\/uploads\/sites\/21\/2019\/08\/invisible-bra-07-1-510x510.jpg 510w, https:\/\/spinlama.com\/si\/wp-content\/uploads\/sites\/21\/2019\/08\/invisible-bra-07-1-400x400.jpg 400w, https:\/\/spinlama.com\/si\/wp-content\/uploads\/sites\/21\/2019\/08\/invisible-bra-07-1-280x280.jpg 280w, https:\/\/spinlama.com\/si\/wp-content\/uploads\/sites\/21\/2019\/08\/invisible-bra-07-1-768x768.jpg 768w\" sizes=\"(max-width: 500px) 100vw, 500px\" \/><\/p>\n<p style=\"text-align: center\"><strong><span style=\"font-size: 105%\">Idealen za obla\u010dila z odprtim hrbtom ali globokim dekoltejem.<\/span><\/strong><\/p>\n<p style=\"text-align: center\"><img decoding=\"async\" class=\"alignnone wp-image-201545\" src=\"https:\/\/spinlama.com\/si\/wp-content\/uploads\/sites\/21\/2019\/08\/invisible-gif-02.gif\" alt=\"\" width=\"400\" height=\"400\" \/><\/p>\n<p style=\"text-align: center\"><strong><span style=\"font-size: 105%\">Izdelan iz ko\u017ei prijaznega materiala. Ne povzro\u010da bole\u010dine in rde\u010dice pri odstranjevanju nedr\u010dka.<\/span><\/strong><\/p>\n<p style=\"text-align: center\"><img decoding=\"async\" class=\"alignnone wp-image-201536\" src=\"https:\/\/spinlama.com\/si\/wp-content\/uploads\/sites\/21\/2019\/08\/invisible-bra-05-1.jpg\" alt=\"\" width=\"720\" height=\"616\" srcset=\"https:\/\/spinlama.com\/si\/wp-content\/uploads\/sites\/21\/2019\/08\/invisible-bra-05-1.jpg 1000w, https:\/\/spinlama.com\/si\/wp-content\/uploads\/sites\/21\/2019\/08\/invisible-bra-05-1-510x436.jpg 510w, https:\/\/spinlama.com\/si\/wp-content\/uploads\/sites\/21\/2019\/08\/invisible-bra-05-1-468x400.jpg 468w, https:\/\/spinlama.com\/si\/wp-content\/uploads\/sites\/21\/2019\/08\/invisible-bra-05-1-936x800.jpg 936w, https:\/\/spinlama.com\/si\/wp-content\/uploads\/sites\/21\/2019\/08\/invisible-bra-05-1-768x657.jpg 768w\" sizes=\"(max-width: 720px) 100vw, 720px\" \/><\/p>\n<p style=\"text-align: center\"><strong><span style=\"font-size: 105%\">Kakovosten in trpe\u017een, primeren za ve\u010dkratno uporabo.<\/span><\/strong><\/p>\n<p style=\"text-align: center\"><img loading=\"lazy\" decoding=\"async\" class=\"alignnone wp-image-50286\" src=\"https:\/\/spinlama.com\/si\/wp-content\/uploads\/sites\/21\/2019\/08\/invisible-push-up-bra.gif\" alt=\"\" width=\"400\" height=\"400\" srcset=\"https:\/\/spinlama.com\/si\/wp-content\/uploads\/sites\/21\/2019\/08\/invisible-push-up-bra.gif 250w, https:\/\/spinlama.com\/si\/wp-content\/uploads\/sites\/21\/2019\/08\/invisible-push-up-bra-247x247.gif 247w, https:\/\/spinlama.com\/si\/wp-content\/uploads\/sites\/21\/2019\/08\/invisible-push-up-bra-100x100.gif 100w\" sizes=\"(max-width: 400px) 100vw, 400px\" \/><\/p>\n<p style=\"text-align: center\"><strong><span style=\"font-size: 105%\">Push-up u\u010dinek za seksi in zapeljiv dekolte z globokim ali diskretnim izrezom.<\/span><\/strong><\/p>\n<p style=\"text-align: center\"><img loading=\"lazy\" decoding=\"async\" class=\"alignnone wp-image-201546\" src=\"https:\/\/spinlama.com\/si\/wp-content\/uploads\/sites\/21\/2019\/08\/invisible-gif.gif\" alt=\"\" width=\"400\" height=\"400\" \/><\/p>\n<p style=\"text-align: center\"><strong><span style=\"font-size: 105%\">Po potrebi ga lahko obre\u017eete in oblikujete.<\/span><\/strong><\/p>\n<p style=\"text-align: center\"><img loading=\"lazy\" decoding=\"async\" class=\"alignnone wp-image-54413\" src=\"https:\/\/spinlama.com\/si\/wp-content\/uploads\/sites\/21\/2019\/08\/invisible-bra-13.jpg\" alt=\"\" width=\"721\" height=\"388\" srcset=\"https:\/\/spinlama.com\/si\/wp-content\/uploads\/sites\/21\/2019\/08\/invisible-bra-13.jpg 743w, https:\/\/spinlama.com\/si\/wp-content\/uploads\/sites\/21\/2019\/08\/invisible-bra-13-510x275.jpg 510w\" sizes=\"(max-width: 721px) 100vw, 721px\" \/><\/p>\n<p style=\"text-align: center\"><strong><span style=\"font-size: 105%\">Ostane na mestu tudi pod kopalkami ali \u010de se mo\u010dno potite.<\/span><\/strong><\/p>\n<p style=\"text-align: center\"><img loading=\"lazy\" decoding=\"async\" class=\"alignnone wp-image-201547\" src=\"https:\/\/spinlama.com\/si\/wp-content\/uploads\/sites\/21\/2019\/08\/invisible-bra-06-1.jpg\" alt=\"\" width=\"500\" height=\"500\" srcset=\"https:\/\/spinlama.com\/si\/wp-content\/uploads\/sites\/21\/2019\/08\/invisible-bra-06-1.jpg 800w, https:\/\/spinlama.com\/si\/wp-content\/uploads\/sites\/21\/2019\/08\/invisible-bra-06-1-247x247.jpg 247w, https:\/\/spinlama.com\/si\/wp-content\/uploads\/sites\/21\/2019\/08\/invisible-bra-06-1-100x100.jpg 100w, https:\/\/spinlama.com\/si\/wp-content\/uploads\/sites\/21\/2019\/08\/invisible-bra-06-1-510x510.jpg 510w, https:\/\/spinlama.com\/si\/wp-content\/uploads\/sites\/21\/2019\/08\/invisible-bra-06-1-400x400.jpg 400w, https:\/\/spinlama.com\/si\/wp-content\/uploads\/sites\/21\/2019\/08\/invisible-bra-06-1-280x280.jpg 280w, https:\/\/spinlama.com\/si\/wp-content\/uploads\/sites\/21\/2019\/08\/invisible-bra-06-1-768x768.jpg 768w\" sizes=\"(max-width: 500px) 100vw, 500px\" \/><\/p>\n<p style=\"text-align: center\"><strong><span style=\"font-size: 105%\">Primeren za vse velikosti prsi (ustreza ko\u0161aricam od A do F).<\/span><\/strong><\/p>\n<p style=\"text-align: center\"><img loading=\"lazy\" decoding=\"async\" class=\"alignnone wp-image-50293\" src=\"https:\/\/spinlama.com\/si\/wp-content\/uploads\/sites\/21\/2019\/08\/invisible-bra_09.jpg\" alt=\"\" width=\"500\" height=\"500\" srcset=\"https:\/\/spinlama.com\/si\/wp-content\/uploads\/sites\/21\/2019\/08\/invisible-bra_09.jpg 800w, https:\/\/spinlama.com\/si\/wp-content\/uploads\/sites\/21\/2019\/08\/invisible-bra_09-247x247.jpg 247w, https:\/\/spinlama.com\/si\/wp-content\/uploads\/sites\/21\/2019\/08\/invisible-bra_09-100x100.jpg 100w, https:\/\/spinlama.com\/si\/wp-content\/uploads\/sites\/21\/2019\/08\/invisible-bra_09-510x510.jpg 510w, https:\/\/spinlama.com\/si\/wp-content\/uploads\/sites\/21\/2019\/08\/invisible-bra_09-280x280.jpg 280w, https:\/\/spinlama.com\/si\/wp-content\/uploads\/sites\/21\/2019\/08\/invisible-bra_09-400x400.jpg 400w, https:\/\/spinlama.com\/si\/wp-content\/uploads\/sites\/21\/2019\/08\/invisible-bra_09-768x768.jpg 768w\" sizes=\"(max-width: 500px) 100vw, 500px\" \/><\/p>\n<p style=\"text-align: center\"><strong><span style=\"font-size: 105%\">Odli\u010dna izbira za poro\u010dno ali ve\u010derno obleko.<\/span><\/strong><\/p>\n<p style=\"text-align: center\"><img loading=\"lazy\" decoding=\"async\" class=\"alignnone wp-image-201542\" src=\"https:\/\/spinlama.com\/si\/wp-content\/uploads\/sites\/21\/2019\/08\/invisible-bra-08b.jpg\" alt=\"\" width=\"720\" height=\"450\" srcset=\"https:\/\/spinlama.com\/si\/wp-content\/uploads\/sites\/21\/2019\/08\/invisible-bra-08b.jpg 800w, https:\/\/spinlama.com\/si\/wp-content\/uploads\/sites\/21\/2019\/08\/invisible-bra-08b-510x319.jpg 510w, https:\/\/spinlama.com\/si\/wp-content\/uploads\/sites\/21\/2019\/08\/invisible-bra-08b-640x400.jpg 640w, https:\/\/spinlama.com\/si\/wp-content\/uploads\/sites\/21\/2019\/08\/invisible-bra-08b-768x480.jpg 768w\" sizes=\"(max-width: 720px) 100vw, 720px\" \/><\/p>\n<p style=\"text-align: left\"><strong><span style=\"font-size: 100%\">Lastnosti:<\/span><\/strong><br \/>\n<span style=\"font-size: 100%\">\u2714\ufe0f samostoje\u010di push-up nedr\u010dek<\/span><br \/>\n<span style=\"font-size: 100%\">\u2714\ufe0f neviden pod obla\u010dili<\/span><br \/>\n<span style=\"font-size: 100%\">\u2714\ufe0f idealen za maj\u010dke in oblekice z odprtim hrbtom, kopalke, poro\u010dno obleko, ve\u010derno oblekico &#8230;<\/span><br \/>\n<span style=\"font-size: 100%\">\u2714\ufe0f push-up u\u010dinek za seksi in zapeljiv dekolte z globokim ali diskretnim izrezom<\/span><br \/>\n<span style=\"font-size: 100%\">\u2714\ufe0f dobro dr\u017ei tudi na potni ko\u017ei in pod kopalkami<\/span><br \/>\n<span style=\"font-size: 100%\">\u2714\ufe0f primeren za vse velikosti prsi<\/span><br \/>\n<span style=\"font-size: 100%\">\u2714\ufe0f ko\u017ei prijazen, samolepljivi silikon<\/span><br \/>\n<span style=\"font-size: 100%\">\u2714\ufe0f ne povzro\u010da bole\u010dine in rde\u010dice pri odstranjevanju<\/span><br \/>\n<span style=\"font-size: 100%\">\u2714\ufe0f za ve\u010dkratno uporabo<\/span><\/p>\n<p style=\"text-align: left\"><span style=\"font-size: 100%\"><strong>Material<\/strong>: poliester, silikon<\/span><\/p>\n<p style=\"text-align: center\"><span style=\"text-decoration: underline\"><strong><span style=\"font-size: 105%\">Z nakupom prejmete en par (dve blazinici)!<\/span><\/strong><\/span><\/p>\n<p style=\"text-align: center\"><img loading=\"lazy\" decoding=\"async\" class=\"alignnone wp-image-201543\" src=\"https:\/\/spinlama.com\/si\/wp-content\/uploads\/sites\/21\/2019\/08\/invisible-bra-beige-02.jpg\" alt=\"\" width=\"500\" height=\"500\" srcset=\"https:\/\/spinlama.com\/si\/wp-content\/uploads\/sites\/21\/2019\/08\/invisible-bra-beige-02.jpg 1000w, https:\/\/spinlama.com\/si\/wp-content\/uploads\/sites\/21\/2019\/08\/invisible-bra-beige-02-247x247.jpg 247w, https:\/\/spinlama.com\/si\/wp-content\/uploads\/sites\/21\/2019\/08\/invisible-bra-beige-02-100x100.jpg 100w, https:\/\/spinlama.com\/si\/wp-content\/uploads\/sites\/21\/2019\/08\/invisible-bra-beige-02-510x510.jpg 510w, https:\/\/spinlama.com\/si\/wp-content\/uploads\/sites\/21\/2019\/08\/invisible-bra-beige-02-400x400.jpg 400w, https:\/\/spinlama.com\/si\/wp-content\/uploads\/sites\/21\/2019\/08\/invisible-bra-beige-02-800x800.jpg 800w, https:\/\/spinlama.com\/si\/wp-content\/uploads\/sites\/21\/2019\/08\/invisible-bra-beige-02-280x280.jpg 280w, https:\/\/spinlama.com\/si\/wp-content\/uploads\/sites\/21\/2019\/08\/invisible-bra-beige-02-768x768.jpg 768w\" sizes=\"(max-width: 500px) 100vw, 500px\" \/> <img loading=\"lazy\" decoding=\"async\" class=\"alignnone wp-image-201544\" src=\"https:\/\/spinlama.com\/si\/wp-content\/uploads\/sites\/21\/2019\/08\/invisible-bra-black-02.jpg\" alt=\"\" width=\"500\" height=\"500\" srcset=\"https:\/\/spinlama.com\/si\/wp-content\/uploads\/sites\/21\/2019\/08\/invisible-bra-black-02.jpg 1200w, https:\/\/spinlama.com\/si\/wp-content\/uploads\/sites\/21\/2019\/08\/invisible-bra-black-02-247x247.jpg 247w, https:\/\/spinlama.com\/si\/wp-content\/uploads\/sites\/21\/2019\/08\/invisible-bra-black-02-100x100.jpg 100w, https:\/\/spinlama.com\/si\/wp-content\/uploads\/sites\/21\/2019\/08\/invisible-bra-black-02-510x510.jpg 510w, https:\/\/spinlama.com\/si\/wp-content\/uploads\/sites\/21\/2019\/08\/invisible-bra-black-02-400x400.jpg 400w, https:\/\/spinlama.com\/si\/wp-content\/uploads\/sites\/21\/2019\/08\/invisible-bra-black-02-800x800.jpg 800w, https:\/\/spinlama.com\/si\/wp-content\/uploads\/sites\/21\/2019\/08\/invisible-bra-black-02-280x280.jpg 280w, https:\/\/spinlama.com\/si\/wp-content\/uploads\/sites\/21\/2019\/08\/invisible-bra-black-02-768x768.jpg 768w\" sizes=\"(max-width: 500px) 100vw, 500px\" \/><\/p>\n<p style=\"text-align: center\"><span style=\"font-size: 105%\"><strong>Na voljo v \u010drni in be\u017e barvi ter v 3 razli\u010dnih velikostih:<\/strong><\/span><br \/>\n<span style=\"font-size: 105%\">S \u2013 9.5 cm<\/span><br \/>\n<span style=\"font-size: 105%\">M \u2013 11.5 cm<\/span><br \/>\n<span style=\"font-size: 105%\">L\/XL \u2013 13.5 cm<\/span><\/p>\n<p style=\"text-align: center\"><img loading=\"lazy\" decoding=\"async\" class=\"alignnone size-full wp-image-201539\" src=\"https:\/\/spinlama.com\/si\/wp-content\/uploads\/sites\/21\/2019\/08\/invisible-bra-04-3.jpg\" alt=\"\" width=\"720\" height=\"580\" srcset=\"https:\/\/spinlama.com\/si\/wp-content\/uploads\/sites\/21\/2019\/08\/invisible-bra-04-3.jpg 720w, https:\/\/spinlama.com\/si\/wp-content\/uploads\/sites\/21\/2019\/08\/invisible-bra-04-3-510x411.jpg 510w, https:\/\/spinlama.com\/si\/wp-content\/uploads\/sites\/21\/2019\/08\/invisible-bra-04-3-497x400.jpg 497w\" sizes=\"(max-width: 720px) 100vw, 720px\" \/><\/p>\n<hr \/>\n<p style=\"text-align: center\"><em>Vra\u010dilo izdelka ni mo\u017eno, \u010de je bil izdelek uporabljen in\/ali po\u0161kodovan, embala\u017ea odprta in\/ali po\u0161kodovana ali je bila z embala\u017ee\/izdelka odstranjena za\u0161\u010ditna nalepka. Strankam zato svetujemo, naj bodo pozorne pri pregledu izdelka!<\/em><\/p>\n<p style=\"text-align: center\">\n","protected":false},"excerpt":{"rendered":"<p><strong><span style=\"font-size: 120%\">Neviden nedr\u010dek s push-up u\u010dinkom, izdelan iz ko\u017ei prijaznega silikona. Idealen za maj\u010dke in oblekice z odprtim hrbtom in globokim dekoltejem.<\/span><\/strong><\/p>\n<p><span style=\"font-size: 120%\">Popolna oblika in podpora prsi!<\/span><\/p>\n","protected":false},"featured_media":68625,"comment_status":"closed","ping_status":"closed","template":"","meta":[],"product_cat":[68,568],"product_tag":[],"aioseo_notices":[],"_links":{"self":[{"href":"https:\/\/spinlama.com\/si\/wp-json\/wp\/v2\/product\/46728"}],"collection":[{"href":"https:\/\/spinlama.com\/si\/wp-json\/wp\/v2\/product"}],"about":[{"href":"https:\/\/spinlama.com\/si\/wp-json\/wp\/v2\/types\/product"}],"replies":[{"embeddable":true,"href":"https:\/\/spinlama.com\/si\/wp-json\/wp\/v2\/comments?post=46728"}],"version-history":[{"count":11,"href":"https:\/\/spinlama.com\/si\/wp-json\/wp\/v2\/product\/46728\/revisions"}],"predecessor-version":[{"id":47062,"href":"https:\/\/spinlama.com\/si\/wp-json\/wp\/v2\/product\/46728\/revisions\/47062"}],"wp:featuredmedia":[{"embeddable":true,"href":"https:\/\/spinlama.com\/si\/wp-json\/wp\/v2\/media\/68625"}],"wp:attachment":[{"href":"https:\/\/spinlama.com\/si\/wp-json\/wp\/v2\/media?parent=46728"}],"wp:term":[{"taxonomy":"product_cat","embeddable":true,"href":"https:\/\/spinlama.com\/si\/wp-json\/wp\/v2\/product_cat?post=46728"},{"taxonomy":"product_tag","embeddable":true,"href":"https:\/\/spinlama.com\/si\/wp-json\/wp\/v2\/product_tag?post=46728"}],"curies":[{"name":"wp","href":"https:\/\/api.w.org\/{rel}","templated":true}]}}