{"id":54518,"date":"2019-09-12T11:26:23","date_gmt":"2019-09-12T09:26:23","guid":{"rendered":"https:\/\/spinlama.com\/si\/?post_type=product&#038;p=54518"},"modified":"2021-12-14T13:53:36","modified_gmt":"2021-12-14T12:53:36","slug":"knot-remover","status":"publish","type":"product","link":"https:\/\/spinlama.com\/si\/izdelek\/knot-remover\/","title":{"rendered":"Krta\u010da za hi\u0161ne ljubljen\u010dke &#8211; Knot Remover"},"content":{"rendered":"<p style=\"text-align: center\"><span style=\"font-size: 110%\"><strong>Za red\u010denje dlake in odstranjevanje goste zimske dlake va\u0161ih hi\u0161nih ljubljen\u010dkov<\/strong> \u2013 <\/span><span style=\"font-size: 110%\">varno in nebole\u010de raz\u010de\u0161ite vozle, trdovratno zavozlano in prepleteno dlako.<\/span><\/p>\n<p style=\"text-align: center\"><img fetchpriority=\"high\" decoding=\"async\" class=\"alignnone wp-image-54535\" src=\"https:\/\/spinlama.com\/si\/wp-content\/uploads\/sites\/21\/2019\/09\/knotremover6-800x800.jpg\" alt=\"\" width=\"500\" height=\"500\" srcset=\"https:\/\/spinlama.com\/si\/wp-content\/uploads\/sites\/21\/2019\/09\/knotremover6-800x800.jpg 800w, https:\/\/spinlama.com\/si\/wp-content\/uploads\/sites\/21\/2019\/09\/knotremover6-247x247.jpg 247w, https:\/\/spinlama.com\/si\/wp-content\/uploads\/sites\/21\/2019\/09\/knotremover6-100x100.jpg 100w, https:\/\/spinlama.com\/si\/wp-content\/uploads\/sites\/21\/2019\/09\/knotremover6-510x510.jpg 510w, https:\/\/spinlama.com\/si\/wp-content\/uploads\/sites\/21\/2019\/09\/knotremover6-280x280.jpg 280w, https:\/\/spinlama.com\/si\/wp-content\/uploads\/sites\/21\/2019\/09\/knotremover6-400x400.jpg 400w, https:\/\/spinlama.com\/si\/wp-content\/uploads\/sites\/21\/2019\/09\/knotremover6-768x768.jpg 768w, https:\/\/spinlama.com\/si\/wp-content\/uploads\/sites\/21\/2019\/09\/knotremover6.jpg 1000w\" sizes=\"(max-width: 500px) 100vw, 500px\" \/><\/p>\n<p style=\"text-align: center\"><strong><span style=\"font-size: 110%\">Brez prask, po\u0161kodb in bole\u010din!<br \/>\n<\/span><\/strong><span style=\"font-size: 110%\">Visokokakovostne \u0161\u010detine iz nerjave\u010dega jekla so trpe\u017ene in enostavne za \u010di\u0161\u010denje. Notranja stran vsake zaobljene \u0161\u010detine je dovolj ostra, da prere\u017ee tudi najbolj zamotane dlake, kepice in vozle!<\/span><\/p>\n<p style=\"text-align: center\"><img decoding=\"async\" class=\"alignnone wp-image-54735\" src=\"https:\/\/spinlama.com\/si\/wp-content\/uploads\/sites\/21\/2019\/09\/knot-remover_02.gif\" alt=\"\" width=\"500\" height=\"500\" \/><\/p>\n<p style=\"text-align: center\"><strong><span style=\"font-size: 110%\">Varno in enostavno za uporabo!<br \/>\n<\/span><\/strong><span style=\"font-size: 110%\">Ergonomsko oblikovan, zaobljen in mehak ro\u010daj z nedrse\u010dim oprijemom zagotavlja popoln nadzor in udobje pri \u010desanju. Ro\u010daj ima na koncu tudi luknjico za obe\u0161anje.<\/span><\/p>\n<p style=\"text-align: center\"><img decoding=\"async\" class=\"alignnone wp-image-54533\" src=\"https:\/\/spinlama.com\/si\/wp-content\/uploads\/sites\/21\/2019\/09\/knotremover4-800x800.jpg\" alt=\"\" width=\"500\" height=\"500\" srcset=\"https:\/\/spinlama.com\/si\/wp-content\/uploads\/sites\/21\/2019\/09\/knotremover4-800x800.jpg 800w, https:\/\/spinlama.com\/si\/wp-content\/uploads\/sites\/21\/2019\/09\/knotremover4-247x247.jpg 247w, https:\/\/spinlama.com\/si\/wp-content\/uploads\/sites\/21\/2019\/09\/knotremover4-100x100.jpg 100w, https:\/\/spinlama.com\/si\/wp-content\/uploads\/sites\/21\/2019\/09\/knotremover4-510x510.jpg 510w, https:\/\/spinlama.com\/si\/wp-content\/uploads\/sites\/21\/2019\/09\/knotremover4-280x280.jpg 280w, https:\/\/spinlama.com\/si\/wp-content\/uploads\/sites\/21\/2019\/09\/knotremover4-400x400.jpg 400w, https:\/\/spinlama.com\/si\/wp-content\/uploads\/sites\/21\/2019\/09\/knotremover4-768x768.jpg 768w, https:\/\/spinlama.com\/si\/wp-content\/uploads\/sites\/21\/2019\/09\/knotremover4.jpg 1000w\" sizes=\"(max-width: 500px) 100vw, 500px\" \/><\/p>\n<p style=\"text-align: center\"><strong><span style=\"font-size: 110%\">Popoln pripomo\u010dek za pse, ma\u010dke in ostale hi\u0161ne ljubljen\u010dke s srednje dolgo, dolgo gosto ali kodrasto dlako.\u00a0<\/span><\/strong><\/p>\n<p style=\"text-align: center\"><img loading=\"lazy\" decoding=\"async\" class=\"alignnone wp-image-213912\" src=\"https:\/\/spinlama.com\/si\/wp-content\/uploads\/sites\/21\/2019\/09\/pet-heart-png.png\" alt=\"\" width=\"599\" height=\"246\" srcset=\"https:\/\/spinlama.com\/si\/wp-content\/uploads\/sites\/21\/2019\/09\/pet-heart-png.png 843w, https:\/\/spinlama.com\/si\/wp-content\/uploads\/sites\/21\/2019\/09\/pet-heart-png-510x209.png 510w, https:\/\/spinlama.com\/si\/wp-content\/uploads\/sites\/21\/2019\/09\/pet-heart-png-800x328.png 800w, https:\/\/spinlama.com\/si\/wp-content\/uploads\/sites\/21\/2019\/09\/pet-heart-png-768x315.png 768w\" sizes=\"(max-width: 599px) 100vw, 599px\" \/><\/p>\n<p style=\"text-align: center\"><strong><span style=\"font-size: 110%\">Ve\u010dnamenska uporaba!<\/span><\/strong><br \/>\n<span style=\"font-size: 110%\">Ta pripomo\u010dek za nego hi\u0161nih ljubljen\u010dkov lahko uporabljate\u00a0za odstranjevanje in raz\u010desavanje vozlov, odstranjevanje odmrle dlake in red\u010denje dlake.<\/span><\/p>\n<p style=\"text-align: center\"><img loading=\"lazy\" decoding=\"async\" class=\"alignnone wp-image-54738\" src=\"https:\/\/spinlama.com\/si\/wp-content\/uploads\/sites\/21\/2019\/09\/knot-remover_03.gif\" alt=\"\" width=\"500\" height=\"281\" \/><\/p>\n<p style=\"text-align: center\"><strong><span style=\"font-size: 110%\">\u00a0Primeren tako za vsakodnevno uporabo kot tudi za zanemarjeno in zavozlano dlako. <\/span><\/strong><span style=\"font-size: 110%\">Omogo\u010da izjemno enostavno in hitro odstranjevanje odmrle dlake, zato je idealen za lastnike, ki negi ko\u017euha svojega kosmatinca ne morejo posve\u010dati toliko \u010dasa.<\/span><\/p>\n<p style=\"text-align: center\"><img loading=\"lazy\" decoding=\"async\" class=\"alignnone wp-image-54736\" src=\"https:\/\/spinlama.com\/si\/wp-content\/uploads\/sites\/21\/2019\/09\/knot-remover_01.gif\" alt=\"\" width=\"500\" height=\"499\" \/><\/p>\n<p style=\"text-align: center\"><strong><span style=\"font-size: 110%\">Zaobljena rezila so na notranji strani dovolj ostra, da odstranijo vozle in odmrlo dlako.<\/span><\/strong><\/p>\n<p style=\"text-align: center\"><img loading=\"lazy\" decoding=\"async\" class=\"alignnone wp-image-54545\" src=\"https:\/\/spinlama.com\/si\/wp-content\/uploads\/sites\/21\/2019\/09\/knotremover7-800x800.jpg\" alt=\"\" width=\"500\" height=\"500\" srcset=\"https:\/\/spinlama.com\/si\/wp-content\/uploads\/sites\/21\/2019\/09\/knotremover7-800x800.jpg 800w, https:\/\/spinlama.com\/si\/wp-content\/uploads\/sites\/21\/2019\/09\/knotremover7-247x247.jpg 247w, https:\/\/spinlama.com\/si\/wp-content\/uploads\/sites\/21\/2019\/09\/knotremover7-100x100.jpg 100w, https:\/\/spinlama.com\/si\/wp-content\/uploads\/sites\/21\/2019\/09\/knotremover7-510x510.jpg 510w, https:\/\/spinlama.com\/si\/wp-content\/uploads\/sites\/21\/2019\/09\/knotremover7-280x280.jpg 280w, https:\/\/spinlama.com\/si\/wp-content\/uploads\/sites\/21\/2019\/09\/knotremover7-400x400.jpg 400w, https:\/\/spinlama.com\/si\/wp-content\/uploads\/sites\/21\/2019\/09\/knotremover7-768x768.jpg 768w, https:\/\/spinlama.com\/si\/wp-content\/uploads\/sites\/21\/2019\/09\/knotremover7.jpg 1000w\" sizes=\"(max-width: 500px) 100vw, 500px\" \/><\/p>\n<p style=\"text-align: center\"><strong><span style=\"font-size: 110%\">Z rednim \u010desanjem se bo odpadanje dlake zmanj\u0161alo, ta se ne bo vozlala, na otip bo mehkej\u0161a in ne\u017enej\u0161a.<\/span><\/strong><\/p>\n<p style=\"text-align: center\"><img loading=\"lazy\" decoding=\"async\" class=\"alignnone wp-image-54561\" src=\"https:\/\/spinlama.com\/si\/wp-content\/uploads\/sites\/21\/2019\/09\/knotremover11.jpg\" alt=\"\" width=\"500\" height=\"643\" srcset=\"https:\/\/spinlama.com\/si\/wp-content\/uploads\/sites\/21\/2019\/09\/knotremover11.jpg 519w, https:\/\/spinlama.com\/si\/wp-content\/uploads\/sites\/21\/2019\/09\/knotremover11-510x655.jpg 510w, https:\/\/spinlama.com\/si\/wp-content\/uploads\/sites\/21\/2019\/09\/knotremover11-311x400.jpg 311w\" sizes=\"(max-width: 500px) 100vw, 500px\" \/><\/p>\n<p style=\"text-align: center\"><span style=\"font-size: 110%\"><strong>Krta\u010da Knot Remover je idealna za nego vseh vrst dlak in ko\u017euha (srednje dolge in dolge dlake s podlanko)<\/strong>. Zlasti je primerna za \u017eivali, ki imajo zelo gosto dlako in na kateri hitro nastajajo majhne kepice dlak, ki se obi\u010dajno te\u017eko raz\u010de\u0161ejo.<\/span><\/p>\n<p style=\"text-align: center\"><img loading=\"lazy\" decoding=\"async\" class=\"alignnone wp-image-54530\" src=\"https:\/\/spinlama.com\/si\/wp-content\/uploads\/sites\/21\/2019\/09\/knotremover1-992x800.jpg\" alt=\"\" width=\"519\" height=\"419\" srcset=\"https:\/\/spinlama.com\/si\/wp-content\/uploads\/sites\/21\/2019\/09\/knotremover1-992x800.jpg 992w, https:\/\/spinlama.com\/si\/wp-content\/uploads\/sites\/21\/2019\/09\/knotremover1-510x411.jpg 510w, https:\/\/spinlama.com\/si\/wp-content\/uploads\/sites\/21\/2019\/09\/knotremover1-496x400.jpg 496w, https:\/\/spinlama.com\/si\/wp-content\/uploads\/sites\/21\/2019\/09\/knotremover1-768x620.jpg 768w, https:\/\/spinlama.com\/si\/wp-content\/uploads\/sites\/21\/2019\/09\/knotremover1.jpg 1024w\" sizes=\"(max-width: 519px) 100vw, 519px\" \/><\/p>\n<p style=\"text-align: center\"><strong><span style=\"font-size: 110%\">Pripomo\u010dek za u\u010dinkovito odstranjevanje odmrle dlake in vozlov. <\/span><\/strong><span style=\"font-size: 110%\">Poleg tega s ko\u017euha in dlake odli\u010dno odstranjuje tudi umazanijo, zasu\u0161eno blato ipd.<\/span><\/p>\n<p><img loading=\"lazy\" decoding=\"async\" class=\"aligncenter wp-image-54531\" src=\"https:\/\/spinlama.com\/si\/wp-content\/uploads\/sites\/21\/2019\/09\/knot-remover-1-1200x800.jpg\" alt=\"\" width=\"600\" height=\"400\" srcset=\"https:\/\/spinlama.com\/si\/wp-content\/uploads\/sites\/21\/2019\/09\/knot-remover-1-1200x800.jpg 1200w, https:\/\/spinlama.com\/si\/wp-content\/uploads\/sites\/21\/2019\/09\/knot-remover-1-scaled-510x340.jpg 510w, https:\/\/spinlama.com\/si\/wp-content\/uploads\/sites\/21\/2019\/09\/knot-remover-1-600x400.jpg 600w, https:\/\/spinlama.com\/si\/wp-content\/uploads\/sites\/21\/2019\/09\/knot-remover-1-768x512.jpg 768w, https:\/\/spinlama.com\/si\/wp-content\/uploads\/sites\/21\/2019\/09\/knot-remover-1-scaled.jpg 2048w\" sizes=\"(max-width: 600px) 100vw, 600px\" \/><\/p>\n<p style=\"text-align: center\"><strong><span style=\"font-size: 110%\">\u0160e posebej priporo\u010dljiva uporaba med sezonsko menjavo dlake (pomlad in jesen), <\/span><\/strong><span style=\"font-size: 110%\">ko je menjava dlake bolj intenzivna, kar za lastnike \u0161tirino\u017enih kosmatincev pomeni veliko dodatnega sesanja, brisanja, valj\u010dkanja\u00a0obla\u010dil, sede\u017eev in blazin.\u00a0<\/span><\/p>\n<p style=\"text-align: center\"><img loading=\"lazy\" decoding=\"async\" class=\"alignnone wp-image-54528\" src=\"https:\/\/spinlama.com\/si\/wp-content\/uploads\/sites\/21\/2019\/09\/knotremover_2-800x800.jpg\" alt=\"\" width=\"500\" height=\"500\" srcset=\"https:\/\/spinlama.com\/si\/wp-content\/uploads\/sites\/21\/2019\/09\/knotremover_2-800x800.jpg 800w, https:\/\/spinlama.com\/si\/wp-content\/uploads\/sites\/21\/2019\/09\/knotremover_2-247x247.jpg 247w, https:\/\/spinlama.com\/si\/wp-content\/uploads\/sites\/21\/2019\/09\/knotremover_2-100x100.jpg 100w, https:\/\/spinlama.com\/si\/wp-content\/uploads\/sites\/21\/2019\/09\/knotremover_2-510x510.jpg 510w, https:\/\/spinlama.com\/si\/wp-content\/uploads\/sites\/21\/2019\/09\/knotremover_2-280x280.jpg 280w, https:\/\/spinlama.com\/si\/wp-content\/uploads\/sites\/21\/2019\/09\/knotremover_2-400x400.jpg 400w, https:\/\/spinlama.com\/si\/wp-content\/uploads\/sites\/21\/2019\/09\/knotremover_2-768x768.jpg 768w, https:\/\/spinlama.com\/si\/wp-content\/uploads\/sites\/21\/2019\/09\/knotremover_2.jpg 1000w\" sizes=\"(max-width: 500px) 100vw, 500px\" \/><\/p>\n<p style=\"text-align: center\"><strong><span style=\"font-size: 110%\">Zaobljene \u0161\u010detine\u00a0so izjemno ne\u017ene in ne po\u0161kodujejo ko\u017ee. <\/span><\/strong><span style=\"font-size: 110%\">So posebej oblikovane tako, da pri va\u0161em ljubljen\u010dku ne vzbujajo ob\u010dutkov nelagodja, posledi\u010dno ga bo tako manj strah \u010desanja.<\/span><\/p>\n<p style=\"text-align: center\"><img loading=\"lazy\" decoding=\"async\" class=\"alignnone wp-image-54529\" src=\"https:\/\/spinlama.com\/si\/wp-content\/uploads\/sites\/21\/2019\/09\/knotremover0-800x800.jpg\" alt=\"\" width=\"500\" height=\"500\" srcset=\"https:\/\/spinlama.com\/si\/wp-content\/uploads\/sites\/21\/2019\/09\/knotremover0-800x800.jpg 800w, https:\/\/spinlama.com\/si\/wp-content\/uploads\/sites\/21\/2019\/09\/knotremover0-247x247.jpg 247w, https:\/\/spinlama.com\/si\/wp-content\/uploads\/sites\/21\/2019\/09\/knotremover0-100x100.jpg 100w, https:\/\/spinlama.com\/si\/wp-content\/uploads\/sites\/21\/2019\/09\/knotremover0-510x510.jpg 510w, https:\/\/spinlama.com\/si\/wp-content\/uploads\/sites\/21\/2019\/09\/knotremover0-280x280.jpg 280w, https:\/\/spinlama.com\/si\/wp-content\/uploads\/sites\/21\/2019\/09\/knotremover0-400x400.jpg 400w, https:\/\/spinlama.com\/si\/wp-content\/uploads\/sites\/21\/2019\/09\/knotremover0-768x768.jpg 768w, https:\/\/spinlama.com\/si\/wp-content\/uploads\/sites\/21\/2019\/09\/knotremover0.jpg 1000w\" sizes=\"(max-width: 500px) 100vw, 500px\" \/><\/p>\n<p><strong><span style=\"font-size: 105%\">Prednosti: <\/span><\/strong><br \/>\n<span style=\"font-size: 105%\">\u2714\ufe0f hitro in enostavno \u010desanje<\/span><br \/>\n<span style=\"font-size: 105%\">\u2714\ufe0f za vse hi\u0161ne ljubljen\u010dke s srednje dolgo, dolgo dlako in podlanko<\/span><br \/>\n<span style=\"font-size: 105%\">\u2714\ufe0f za notranje in zunanje \u017eivali<\/span><br \/>\n<span style=\"font-size: 105%\">\u2714\ufe0f odstrani vozle, kepice in odmrlo dlako<\/span><br \/>\n<span style=\"font-size: 105%\">\u2714\ufe0f ne po\u0161koduje \u017eivali<\/span><\/p>\n<p><strong><span style=\"font-size: 105%\">Lastnosti:<\/span><\/strong><br \/>\n<span style=\"font-size: 105%\">\u2022 Material: nerjave\u010de jeklo (\u0161\u010detine), silikon, plastika (ro\u010daj)<\/span><br \/>\n<span style=\"font-size: 105%\">\u2022 Barva: modro-siva<\/span><br \/>\n<span style=\"font-size: 105%\">\u2022 Velikost: MINI (z 11 \u0161\u010detinami) in MAKSI (s 16 \u0161\u010detinami)<\/span><\/p>\n","protected":false},"excerpt":{"rendered":"<p><strong><span style=\"font-size: 120%\">Najbolj\u0161i pripomo\u010dek za krta\u010denje in razvozlavanje dlake.<\/span><\/strong><\/p>\n<p><strong><span style=\"font-size: 115%\">Na voljo je v dveh velikostih:<\/span><\/strong><br \/>\n<span style=\"font-size: 115%\"><strong>MINI <\/strong>(z 11 \u0161\u010detinami) in <strong>MAKSI <\/strong>krta\u010da (s 16 \u0161\u010detinami).<\/span><\/p>\n","protected":false},"featured_media":54535,"comment_status":"closed","ping_status":"closed","template":"","meta":[],"product_cat":[570,68,569],"product_tag":[],"aioseo_notices":[],"_links":{"self":[{"href":"https:\/\/spinlama.com\/si\/wp-json\/wp\/v2\/product\/54518"}],"collection":[{"href":"https:\/\/spinlama.com\/si\/wp-json\/wp\/v2\/product"}],"about":[{"href":"https:\/\/spinlama.com\/si\/wp-json\/wp\/v2\/types\/product"}],"replies":[{"embeddable":true,"href":"https:\/\/spinlama.com\/si\/wp-json\/wp\/v2\/comments?post=54518"}],"version-history":[{"count":7,"href":"https:\/\/spinlama.com\/si\/wp-json\/wp\/v2\/product\/54518\/revisions"}],"predecessor-version":[{"id":228208,"href":"https:\/\/spinlama.com\/si\/wp-json\/wp\/v2\/product\/54518\/revisions\/228208"}],"wp:featuredmedia":[{"embeddable":true,"href":"https:\/\/spinlama.com\/si\/wp-json\/wp\/v2\/media\/54535"}],"wp:attachment":[{"href":"https:\/\/spinlama.com\/si\/wp-json\/wp\/v2\/media?parent=54518"}],"wp:term":[{"taxonomy":"product_cat","embeddable":true,"href":"https:\/\/spinlama.com\/si\/wp-json\/wp\/v2\/product_cat?post=54518"},{"taxonomy":"product_tag","embeddable":true,"href":"https:\/\/spinlama.com\/si\/wp-json\/wp\/v2\/product_tag?post=54518"}],"curies":[{"name":"wp","href":"https:\/\/api.w.org\/{rel}","templated":true}]}}