{"id":74453,"date":"2020-01-07T13:13:44","date_gmt":"2020-01-07T12:13:44","guid":{"rendered":"https:\/\/spinlama.com\/si\/?post_type=product&#038;p=74453"},"modified":"2021-09-02T10:58:46","modified_gmt":"2021-09-02T08:58:46","slug":"vivo-door-tape","status":"publish","type":"product","link":"https:\/\/spinlama.com\/si\/izdelek\/vivo-door-tape\/","title":{"rendered":"Vivo Door Tape \u2013 Vremenski trak za okna in vrata (5 m)"},"content":{"rendered":"<p style=\"text-align: center\"><strong><span style=\"font-size: 110%\">Vremenski trak Vivo Door Tape deluje kot tesnilo, ki prostor varuje pred vremenskimi vplivi, mrazom in prepihom ter ohranja toploto v prostoru.<\/span><\/strong><\/p>\n<p><img fetchpriority=\"high\" decoding=\"async\" class=\" wp-image-138039 aligncenter\" src=\"https:\/\/spinlama.com\/si\/wp-content\/uploads\/sites\/21\/2020\/01\/vivo-door-tape-01-gif.gif\" alt=\"\" width=\"500\" height=\"500\" \/><\/p>\n<p style=\"text-align: center\"><strong><span style=\"font-size: 110%\">Prav tako prepre\u010duje vstop prahu in insektom ter ubla\u017ei zvok in ropot, ki prihajata od zunaj.<\/span><\/strong><\/p>\n<p style=\"text-align: center\"><img decoding=\"async\" class=\"alignnone wp-image-138032\" src=\"https:\/\/spinlama.com\/si\/wp-content\/uploads\/sites\/21\/2020\/01\/vdt-3b.jpg\" alt=\"\" width=\"500\" height=\"500\" srcset=\"https:\/\/spinlama.com\/si\/wp-content\/uploads\/sites\/21\/2020\/01\/vdt-3b.jpg 800w, https:\/\/spinlama.com\/si\/wp-content\/uploads\/sites\/21\/2020\/01\/vdt-3b-247x247.jpg 247w, https:\/\/spinlama.com\/si\/wp-content\/uploads\/sites\/21\/2020\/01\/vdt-3b-100x100.jpg 100w, https:\/\/spinlama.com\/si\/wp-content\/uploads\/sites\/21\/2020\/01\/vdt-3b-510x510.jpg 510w, https:\/\/spinlama.com\/si\/wp-content\/uploads\/sites\/21\/2020\/01\/vdt-3b-400x400.jpg 400w, https:\/\/spinlama.com\/si\/wp-content\/uploads\/sites\/21\/2020\/01\/vdt-3b-280x280.jpg 280w, https:\/\/spinlama.com\/si\/wp-content\/uploads\/sites\/21\/2020\/01\/vdt-3b-768x768.jpg 768w\" sizes=\"(max-width: 500px) 100vw, 500px\" \/><\/p>\n<p style=\"text-align: center\"><span style=\"font-size: 110%\"><strong>Trak je primeren za namestitev na vrata in okna.<\/strong><\/span><\/p>\n<p style=\"text-align: center\"><img decoding=\"async\" class=\"alignnone wp-image-138038\" src=\"https:\/\/spinlama.com\/si\/wp-content\/uploads\/sites\/21\/2020\/01\/vdt-4.jpg\" alt=\"\" width=\"500\" height=\"500\" srcset=\"https:\/\/spinlama.com\/si\/wp-content\/uploads\/sites\/21\/2020\/01\/vdt-4.jpg 800w, https:\/\/spinlama.com\/si\/wp-content\/uploads\/sites\/21\/2020\/01\/vdt-4-247x247.jpg 247w, https:\/\/spinlama.com\/si\/wp-content\/uploads\/sites\/21\/2020\/01\/vdt-4-100x100.jpg 100w, https:\/\/spinlama.com\/si\/wp-content\/uploads\/sites\/21\/2020\/01\/vdt-4-510x510.jpg 510w, https:\/\/spinlama.com\/si\/wp-content\/uploads\/sites\/21\/2020\/01\/vdt-4-400x400.jpg 400w, https:\/\/spinlama.com\/si\/wp-content\/uploads\/sites\/21\/2020\/01\/vdt-4-280x280.jpg 280w, https:\/\/spinlama.com\/si\/wp-content\/uploads\/sites\/21\/2020\/01\/vdt-4-768x768.jpg 768w\" sizes=\"(max-width: 500px) 100vw, 500px\" \/><\/p>\n<p style=\"text-align: center\"><strong><span style=\"font-size: 110%\">Diskreten in neopazen<br \/>\n<\/span><\/strong><span style=\"font-size: 110%\">Prosojen trak je preprosta, elegantna in hitra re\u0161itev.<\/span><\/p>\n<p style=\"text-align: center\"><img loading=\"lazy\" decoding=\"async\" class=\"alignnone wp-image-138037\" src=\"https:\/\/spinlama.com\/si\/wp-content\/uploads\/sites\/21\/2020\/01\/vdt_1.jpg\" alt=\"\" width=\"500\" height=\"500\" srcset=\"https:\/\/spinlama.com\/si\/wp-content\/uploads\/sites\/21\/2020\/01\/vdt_1.jpg 800w, https:\/\/spinlama.com\/si\/wp-content\/uploads\/sites\/21\/2020\/01\/vdt_1-247x247.jpg 247w, https:\/\/spinlama.com\/si\/wp-content\/uploads\/sites\/21\/2020\/01\/vdt_1-100x100.jpg 100w, https:\/\/spinlama.com\/si\/wp-content\/uploads\/sites\/21\/2020\/01\/vdt_1-510x510.jpg 510w, https:\/\/spinlama.com\/si\/wp-content\/uploads\/sites\/21\/2020\/01\/vdt_1-400x400.jpg 400w, https:\/\/spinlama.com\/si\/wp-content\/uploads\/sites\/21\/2020\/01\/vdt_1-280x280.jpg 280w, https:\/\/spinlama.com\/si\/wp-content\/uploads\/sites\/21\/2020\/01\/vdt_1-768x768.jpg 768w\" sizes=\"(max-width: 500px) 100vw, 500px\" \/><\/p>\n<p style=\"text-align: center\"><strong><span style=\"font-size: 110%\">Fleksibilen, varen in brez neprijetnega vonja<\/span><\/strong><br \/>\n<span style=\"font-size: 110%\">Izdelan je iz trpe\u017enega materiala (vodotesne silikonske gume), ima mo\u010dno samolepilno podlogo z dolgotrajnim delovanjem in je odporen tudi na ekstremne vremenske razmere.<\/span><\/p>\n<p style=\"text-align: center\"><img loading=\"lazy\" decoding=\"async\" class=\"alignnone wp-image-138041\" src=\"https:\/\/spinlama.com\/si\/wp-content\/uploads\/sites\/21\/2020\/01\/vivo-door-tape-03-gif.gif\" alt=\"\" width=\"500\" height=\"500\" \/><\/p>\n<p style=\"text-align: center\"><span style=\"font-size: 110%\"><strong>Vsestransko uporaben<\/strong><br \/>\nPrimeren za steklena vrata (drsna ali navadna, z okvirjem ali brez), okna iz plastike, jekla ali aluminija, vrata omar, tu\u0161 kabin, pragove in \u0161e mnogo ve\u010d.<\/span><\/p>\n<p style=\"text-align: center\"><img loading=\"lazy\" decoding=\"async\" class=\"alignnone wp-image-138069\" src=\"https:\/\/spinlama.com\/si\/wp-content\/uploads\/sites\/21\/2020\/01\/vivo-door-tape-07.jpg\" alt=\"\" width=\"500\" height=\"500\" srcset=\"https:\/\/spinlama.com\/si\/wp-content\/uploads\/sites\/21\/2020\/01\/vivo-door-tape-07.jpg 1000w, https:\/\/spinlama.com\/si\/wp-content\/uploads\/sites\/21\/2020\/01\/vivo-door-tape-07-247x247.jpg 247w, https:\/\/spinlama.com\/si\/wp-content\/uploads\/sites\/21\/2020\/01\/vivo-door-tape-07-100x100.jpg 100w, https:\/\/spinlama.com\/si\/wp-content\/uploads\/sites\/21\/2020\/01\/vivo-door-tape-07-510x510.jpg 510w, https:\/\/spinlama.com\/si\/wp-content\/uploads\/sites\/21\/2020\/01\/vivo-door-tape-07-400x400.jpg 400w, https:\/\/spinlama.com\/si\/wp-content\/uploads\/sites\/21\/2020\/01\/vivo-door-tape-07-800x800.jpg 800w, https:\/\/spinlama.com\/si\/wp-content\/uploads\/sites\/21\/2020\/01\/vivo-door-tape-07-280x280.jpg 280w, https:\/\/spinlama.com\/si\/wp-content\/uploads\/sites\/21\/2020\/01\/vivo-door-tape-07-768x768.jpg 768w\" sizes=\"(max-width: 500px) 100vw, 500px\" \/><\/p>\n<p style=\"text-align: center\"><strong><span style=\"font-size: 110%\">Primeri namestitve na okna in vrata:<\/span><\/strong><\/p>\n<p style=\"text-align: center\"><img loading=\"lazy\" decoding=\"async\" class=\"alignnone wp-image-138071\" src=\"https:\/\/spinlama.com\/si\/wp-content\/uploads\/sites\/21\/2020\/01\/vivo-door-tape-04.jpg\" alt=\"\" width=\"500\" height=\"500\" srcset=\"https:\/\/spinlama.com\/si\/wp-content\/uploads\/sites\/21\/2020\/01\/vivo-door-tape-04.jpg 1000w, https:\/\/spinlama.com\/si\/wp-content\/uploads\/sites\/21\/2020\/01\/vivo-door-tape-04-247x247.jpg 247w, https:\/\/spinlama.com\/si\/wp-content\/uploads\/sites\/21\/2020\/01\/vivo-door-tape-04-100x100.jpg 100w, https:\/\/spinlama.com\/si\/wp-content\/uploads\/sites\/21\/2020\/01\/vivo-door-tape-04-510x510.jpg 510w, https:\/\/spinlama.com\/si\/wp-content\/uploads\/sites\/21\/2020\/01\/vivo-door-tape-04-400x400.jpg 400w, https:\/\/spinlama.com\/si\/wp-content\/uploads\/sites\/21\/2020\/01\/vivo-door-tape-04-800x800.jpg 800w, https:\/\/spinlama.com\/si\/wp-content\/uploads\/sites\/21\/2020\/01\/vivo-door-tape-04-280x280.jpg 280w, https:\/\/spinlama.com\/si\/wp-content\/uploads\/sites\/21\/2020\/01\/vivo-door-tape-04-768x768.jpg 768w\" sizes=\"(max-width: 500px) 100vw, 500px\" \/><\/p>\n<p style=\"text-align: center\"><strong><span style=\"font-size: 110%\">Preprosta uporaba<\/span><\/strong><br \/>\n<span style=\"font-size: 110%\">Pred uporabo o\u010distite povr\u0161ino &#8211; ta naj bo \u010dista in suha. Izmerite povr\u0161ino in trak odre\u017eite na \u017eeleno dol\u017eino ter ga pritrdite na rob vrat ali okna. Ker je trak izjemno tanek in mehak, ne bo vplival na uporabo ali zapiranje oken in vrat, kjer bo name\u0161\u010den. Trak za seboj ne pu\u0161\u010da lepljivih ostankov.<\/span><\/p>\n<p style=\"text-align: center\"><img loading=\"lazy\" decoding=\"async\" class=\"alignnone wp-image-138040\" src=\"https:\/\/spinlama.com\/si\/wp-content\/uploads\/sites\/21\/2020\/01\/vivo-door-tape-02-gif.gif\" alt=\"\" width=\"500\" height=\"281\" \/><\/p>\n<p><span style=\"font-size: 100%\"><strong>Prednosti in lastnosti:<\/strong><\/span><br \/>\n<span style=\"font-size: 100%\">\u2013 zadr\u017euje toploto v prostoru<\/span><br \/>\n<span style=\"font-size: 100%\">\u2013 dom \u0161\u010diti pred mrazom, prepihom, smradom in prahom<\/span><br \/>\n<span style=\"font-size: 100%\">\u2013 rahlo ubla\u017ei zunanji zvok in ropot<\/span><br \/>\n<span style=\"font-size: 100%\">\u2013 prepre\u010duje vstop majhnim \u017eivalcam in insektom<\/span><br \/>\n<span style=\"font-size: 100%\">\u2013 primeren za namestitev na vrata in okna (tudi za omare, tu\u0161 kabine, pragove ipd.)<\/span><br \/>\n<span style=\"font-size: 100%\">\u2013 pritrdite ga lahko na lesene, plasti\u010dne, steklene, jeklene ali aluminijaste povr\u0161ine<\/span><\/p>\n<p><span style=\"font-size: 100%\"><strong>Material:<\/strong> silikon<\/span><br \/>\n<span style=\"font-size: 100%\"><strong>Barva:<\/strong> transparentna<\/span><br \/>\n<span style=\"font-size: 100%\"><strong>Dol\u017eina:<\/strong> 5 m<\/span><br \/>\n<span style=\"font-size: 100%\"><strong>\u0160irina:<\/strong> 45 mm<\/span><\/p>\n<p style=\"text-align: center\"><img loading=\"lazy\" decoding=\"async\" class=\"alignnone wp-image-138036\" src=\"https:\/\/spinlama.com\/si\/wp-content\/uploads\/sites\/21\/2020\/01\/vivo-door-tape-01.jpg\" alt=\"\" width=\"500\" height=\"500\" srcset=\"https:\/\/spinlama.com\/si\/wp-content\/uploads\/sites\/21\/2020\/01\/vivo-door-tape-01.jpg 800w, https:\/\/spinlama.com\/si\/wp-content\/uploads\/sites\/21\/2020\/01\/vivo-door-tape-01-247x247.jpg 247w, https:\/\/spinlama.com\/si\/wp-content\/uploads\/sites\/21\/2020\/01\/vivo-door-tape-01-100x100.jpg 100w, https:\/\/spinlama.com\/si\/wp-content\/uploads\/sites\/21\/2020\/01\/vivo-door-tape-01-510x510.jpg 510w, https:\/\/spinlama.com\/si\/wp-content\/uploads\/sites\/21\/2020\/01\/vivo-door-tape-01-400x400.jpg 400w, https:\/\/spinlama.com\/si\/wp-content\/uploads\/sites\/21\/2020\/01\/vivo-door-tape-01-280x280.jpg 280w, https:\/\/spinlama.com\/si\/wp-content\/uploads\/sites\/21\/2020\/01\/vivo-door-tape-01-768x768.jpg 768w\" sizes=\"(max-width: 500px) 100vw, 500px\" \/><\/p>\n<p><span style=\"font-size: 100%\"><strong>V paketu prejmete:<br \/>\n<\/strong>1x trak Vivo Door Tape<\/span><\/p>\n<p style=\"text-align: center\"><img loading=\"lazy\" decoding=\"async\" class=\"alignnone wp-image-138034\" src=\"https:\/\/spinlama.com\/si\/wp-content\/uploads\/sites\/21\/2020\/01\/vivo-door-tape.jpg\" alt=\"\" width=\"499\" height=\"499\" srcset=\"https:\/\/spinlama.com\/si\/wp-content\/uploads\/sites\/21\/2020\/01\/vivo-door-tape.jpg 682w, https:\/\/spinlama.com\/si\/wp-content\/uploads\/sites\/21\/2020\/01\/vivo-door-tape-247x247.jpg 247w, https:\/\/spinlama.com\/si\/wp-content\/uploads\/sites\/21\/2020\/01\/vivo-door-tape-100x100.jpg 100w, https:\/\/spinlama.com\/si\/wp-content\/uploads\/sites\/21\/2020\/01\/vivo-door-tape-510x510.jpg 510w, https:\/\/spinlama.com\/si\/wp-content\/uploads\/sites\/21\/2020\/01\/vivo-door-tape-400x400.jpg 400w, https:\/\/spinlama.com\/si\/wp-content\/uploads\/sites\/21\/2020\/01\/vivo-door-tape-280x280.jpg 280w\" sizes=\"(max-width: 499px) 100vw, 499px\" \/><\/p>\n","protected":false},"excerpt":{"rendered":"<p><span style=\"font-size: 110%\"><strong>\u0160\u010diti pred vremenskimi vplivi, prepre\u010duje uhajanje toplote in prepu\u0161\u010danje vode, prepre\u010duje vstop prahu in insektom ter ubla\u017ei zvok in ropot, ki prihajata od zunaj.<\/strong><\/span><\/p>\n<p><span style=\"font-size: 105%\">Trak je primeren za namestitev na navadna ali drsna vrata in okna (iz lesa, plastike, jekla ali aluminija), vrata omar, tu\u0161 kabin ipd.<\/span><\/p>\n","protected":false},"featured_media":138091,"comment_status":"closed","ping_status":"closed","template":"","meta":[],"product_cat":[572,68],"product_tag":[326,325,323,321,322,320,324],"aioseo_notices":[],"_links":{"self":[{"href":"https:\/\/spinlama.com\/si\/wp-json\/wp\/v2\/product\/74453"}],"collection":[{"href":"https:\/\/spinlama.com\/si\/wp-json\/wp\/v2\/product"}],"about":[{"href":"https:\/\/spinlama.com\/si\/wp-json\/wp\/v2\/types\/product"}],"replies":[{"embeddable":true,"href":"https:\/\/spinlama.com\/si\/wp-json\/wp\/v2\/comments?post=74453"}],"version-history":[{"count":5,"href":"https:\/\/spinlama.com\/si\/wp-json\/wp\/v2\/product\/74453\/revisions"}],"predecessor-version":[{"id":138072,"href":"https:\/\/spinlama.com\/si\/wp-json\/wp\/v2\/product\/74453\/revisions\/138072"}],"wp:featuredmedia":[{"embeddable":true,"href":"https:\/\/spinlama.com\/si\/wp-json\/wp\/v2\/media\/138091"}],"wp:attachment":[{"href":"https:\/\/spinlama.com\/si\/wp-json\/wp\/v2\/media?parent=74453"}],"wp:term":[{"taxonomy":"product_cat","embeddable":true,"href":"https:\/\/spinlama.com\/si\/wp-json\/wp\/v2\/product_cat?post=74453"},{"taxonomy":"product_tag","embeddable":true,"href":"https:\/\/spinlama.com\/si\/wp-json\/wp\/v2\/product_tag?post=74453"}],"curies":[{"name":"wp","href":"https:\/\/api.w.org\/{rel}","templated":true}]}}