{"id":9127,"date":"2018-12-07T15:14:44","date_gmt":"2018-12-07T14:14:44","guid":{"rendered":"https:\/\/spinlama.com\/si\/?post_type=product&#038;p=9127"},"modified":"2023-09-08T12:03:30","modified_gmt":"2023-09-08T10:03:30","slug":"verizice","status":"publish","type":"product","link":"https:\/\/spinlama.com\/si\/izdelek\/verizice\/","title":{"rendered":"Veri\u017eica z obeskom, s Swarovski kristali, v darilni embala\u017ei"},"content":{"rendered":"<p style=\"text-align: center\"><strong><span style=\"font-size: 110%\">Elegantna in modna veri\u017eica za vsako prilo\u017enost.<\/span><\/strong><\/p>\n<p style=\"text-align: center\"><span style=\"font-size: 110%\"><img fetchpriority=\"high\" decoding=\"async\" src=\"https:\/\/spinlama.com\/si\/wp-content\/uploads\/sites\/21\/2018\/12\/nakit-swarovski-01.jpg\" alt=\"\" width=\"500\" height=\"500\" \/><\/span><\/p>\n<p style=\"text-align: center\"><strong><span style=\"font-size: 110%\">Idealno darilo za va\u0161o najdra\u017ejo.<\/span><\/strong><\/p>\n<p style=\"text-align: center\"><img decoding=\"async\" style=\"font-size: 110%\" src=\"https:\/\/spinlama.com\/si\/wp-content\/uploads\/sites\/21\/2018\/12\/carter-prstan.jpg\" alt=\"\" width=\"500\" height=\"500\" \/><\/p>\n<p style=\"text-align: center\"><strong><span style=\"font-size: 110%\">Presenetite svojo punco ali \u017eeno!<\/span><\/strong><\/p>\n<p><span style=\"font-size: 110%\"><img decoding=\"async\" class=\"aligncenter\" src=\"https:\/\/spinlama.com\/si\/wp-content\/uploads\/sites\/21\/2018\/12\/gift-02.jpg\" alt=\"\" width=\"500\" height=\"500\" \/><\/span><\/p>\n<p style=\"text-align: center\"><strong><span style=\"font-size: 110%\">Elegantno in modno, primerno za vse starosti.<\/span><\/strong><\/p>\n<p><span style=\"font-size: 110%\"><img loading=\"lazy\" decoding=\"async\" class=\"aligncenter\" src=\"https:\/\/spinlama.com\/si\/wp-content\/uploads\/sites\/21\/2018\/12\/gift-04.jpg\" alt=\"\" width=\"600\" height=\"400\" \/><\/span><\/p>\n<p style=\"text-align: center\"><strong><span style=\"font-size: 110%\">Na voljo so 4 razli\u010dni modeli veri\u017eic:<br \/>\n<img loading=\"lazy\" decoding=\"async\" class=\"alignnone size-medium wp-image-238140\" src=\"https:\/\/spinlama.com\/si\/wp-content\/uploads\/sites\/21\/2018\/12\/nakit_modeli-copy-800x800.jpg\" alt=\"\" width=\"800\" height=\"800\" srcset=\"https:\/\/spinlama.com\/si\/wp-content\/uploads\/sites\/21\/2018\/12\/nakit_modeli-copy-800x800.jpg 800w, https:\/\/spinlama.com\/si\/wp-content\/uploads\/sites\/21\/2018\/12\/nakit_modeli-copy-280x280.jpg 280w, https:\/\/spinlama.com\/si\/wp-content\/uploads\/sites\/21\/2018\/12\/nakit_modeli-copy-768x768.jpg 768w, https:\/\/spinlama.com\/si\/wp-content\/uploads\/sites\/21\/2018\/12\/nakit_modeli-copy-600x600.jpg 600w, https:\/\/spinlama.com\/si\/wp-content\/uploads\/sites\/21\/2018\/12\/nakit_modeli-copy-100x100.jpg 100w, https:\/\/spinlama.com\/si\/wp-content\/uploads\/sites\/21\/2018\/12\/nakit_modeli-copy.jpg 1000w\" sizes=\"(max-width: 800px) 100vw, 800px\" \/><br \/>\n<\/span><\/strong><\/p>\n<p>&nbsp;<\/p>\n<p><strong><span style=\"font-size: 105%\">Lastnosti:<\/span><\/strong><br \/>\n\u269c\ufe0f <span style=\"font-size: 105%\">Elegantna veri\u017eica z obeskom<\/span><br \/>\n\u269c\ufe0f <span style=\"font-size: 105%\">Idealno darilo za valentinovo, obletnico, rojstni dan in druge prilo\u017enosti<\/span><br \/>\n\u269c\ufe0f <span style=\"font-size: 105%\">Material:<\/span><br \/>\n<span style=\"font-size: 105%;padding-left: 25px\">Veri\u017eica: nerjave\u010de jeklo, prevle\u010deno z zlatom (belim ali rumenim, odvisno od modela veri\u017eice)<\/span><br \/>\n<span style=\"font-size: 105%;padding-left: 25px\">Obesek: kristal\u010dki Swarovski<\/span><br \/>\n\u269c\ufe0f\u00a0<span style=\"font-size: 105%\">Velikost veri\u017eice in obeska sta odvisna od modela:<\/span><br \/>\n<span style=\"font-size: 105%;padding-left: 25px\">Zlati in srebrni mo\u0161nji\u010dek: obesek: 2.2 x 1 cm, veri\u017eica: 40 + 5 cm<\/span><br \/>\n<span style=\"font-size: 105%;padding-left: 25px\">Prstan Carter: obesek: 2.1 x 0.75 cm, veri\u017eica; 40 + 5 cm<\/span><\/p>\n<p><strong><span style=\"font-size: 105%\">Z nakupom prejmete:<\/span><\/strong><br \/>\n<span style=\"font-size: 105%\">1x veri\u017eica z obeskom<\/span><br \/>\n<span style=\"font-size: 105%\">1x darilno pakiranje (\u0161katlica ali vre\u010dkica)<\/span><br \/>\n<span style=\"font-size: 105%\">1x potrdilo, da je nakit pridobljen od poobla\u0161\u010denega distributerja kristalov Swarovski Elements<\/span><\/p>\n<p style=\"text-align: center\"><img loading=\"lazy\" decoding=\"async\" class=\"alignnone wp-image-166563\" src=\"https:\/\/spinlama.com\/si\/wp-content\/uploads\/sites\/21\/2018\/12\/zlati-mosnjicek-z-400x400.jpg\" alt=\"\" width=\"500\" height=\"500\" srcset=\"https:\/\/spinlama.com\/si\/wp-content\/uploads\/sites\/21\/2018\/12\/zlati-mosnjicek-z-400x400.jpg 400w, https:\/\/spinlama.com\/si\/wp-content\/uploads\/sites\/21\/2018\/12\/zlati-mosnjicek-z-247x247.jpg 247w, https:\/\/spinlama.com\/si\/wp-content\/uploads\/sites\/21\/2018\/12\/zlati-mosnjicek-z-100x100.jpg 100w, https:\/\/spinlama.com\/si\/wp-content\/uploads\/sites\/21\/2018\/12\/zlati-mosnjicek-z-510x510.jpg 510w, https:\/\/spinlama.com\/si\/wp-content\/uploads\/sites\/21\/2018\/12\/zlati-mosnjicek-z-800x800.jpg 800w, https:\/\/spinlama.com\/si\/wp-content\/uploads\/sites\/21\/2018\/12\/zlati-mosnjicek-z-280x280.jpg 280w, https:\/\/spinlama.com\/si\/wp-content\/uploads\/sites\/21\/2018\/12\/zlati-mosnjicek-z-768x768.jpg 768w, https:\/\/spinlama.com\/si\/wp-content\/uploads\/sites\/21\/2018\/12\/zlati-mosnjicek-z.jpg 1000w\" sizes=\"(max-width: 500px) 100vw, 500px\" \/> <img loading=\"lazy\" decoding=\"async\" class=\"alignnone wp-image-166567\" src=\"https:\/\/spinlama.com\/si\/wp-content\/uploads\/sites\/21\/2018\/12\/carter-prstan-z-400x400.jpg\" alt=\"\" width=\"500\" height=\"500\" srcset=\"https:\/\/spinlama.com\/si\/wp-content\/uploads\/sites\/21\/2018\/12\/carter-prstan-z-400x400.jpg 400w, https:\/\/spinlama.com\/si\/wp-content\/uploads\/sites\/21\/2018\/12\/carter-prstan-z-247x247.jpg 247w, https:\/\/spinlama.com\/si\/wp-content\/uploads\/sites\/21\/2018\/12\/carter-prstan-z-100x100.jpg 100w, https:\/\/spinlama.com\/si\/wp-content\/uploads\/sites\/21\/2018\/12\/carter-prstan-z-510x510.jpg 510w, https:\/\/spinlama.com\/si\/wp-content\/uploads\/sites\/21\/2018\/12\/carter-prstan-z-800x800.jpg 800w, https:\/\/spinlama.com\/si\/wp-content\/uploads\/sites\/21\/2018\/12\/carter-prstan-z-280x280.jpg 280w, https:\/\/spinlama.com\/si\/wp-content\/uploads\/sites\/21\/2018\/12\/carter-prstan-z-768x768.jpg 768w, https:\/\/spinlama.com\/si\/wp-content\/uploads\/sites\/21\/2018\/12\/carter-prstan-z.jpg 1000w\" sizes=\"(max-width: 500px) 100vw, 500px\" \/> <img loading=\"lazy\" decoding=\"async\" class=\"alignnone wp-image-166568\" src=\"https:\/\/spinlama.com\/si\/wp-content\/uploads\/sites\/21\/2018\/12\/moon-and-back-400x400.jpg\" alt=\"\" width=\"500\" height=\"500\" srcset=\"https:\/\/spinlama.com\/si\/wp-content\/uploads\/sites\/21\/2018\/12\/moon-and-back-400x400.jpg 400w, https:\/\/spinlama.com\/si\/wp-content\/uploads\/sites\/21\/2018\/12\/moon-and-back-247x247.jpg 247w, https:\/\/spinlama.com\/si\/wp-content\/uploads\/sites\/21\/2018\/12\/moon-and-back-100x100.jpg 100w, https:\/\/spinlama.com\/si\/wp-content\/uploads\/sites\/21\/2018\/12\/moon-and-back-510x510.jpg 510w, https:\/\/spinlama.com\/si\/wp-content\/uploads\/sites\/21\/2018\/12\/moon-and-back-800x800.jpg 800w, https:\/\/spinlama.com\/si\/wp-content\/uploads\/sites\/21\/2018\/12\/moon-and-back-280x280.jpg 280w, https:\/\/spinlama.com\/si\/wp-content\/uploads\/sites\/21\/2018\/12\/moon-and-back-768x768.jpg 768w, https:\/\/spinlama.com\/si\/wp-content\/uploads\/sites\/21\/2018\/12\/moon-and-back.jpg 1000w\" sizes=\"(max-width: 500px) 100vw, 500px\" \/><\/p>\n","protected":false},"excerpt":{"rendered":"<p><strong><span style=\"font-size: 110%\">Svoji najdra\u017eji ali sebi podarite \u010dudovito veri\u017eico z obeskom, ki ga krasijo kristal\u010dki Swarovski Elements!<\/span><\/strong><\/p>\n<p><span style=\"font-size: 110%\">Na voljo obeski z razli\u010dnimi motivi. Veri\u017eica je izdelana iz nerjave\u010dega jekla.<\/span><\/p>\n","protected":false},"featured_media":166591,"comment_status":"closed","ping_status":"closed","template":"","meta":[],"product_cat":[570,68],"product_tag":[],"aioseo_notices":[],"_links":{"self":[{"href":"https:\/\/spinlama.com\/si\/wp-json\/wp\/v2\/product\/9127"}],"collection":[{"href":"https:\/\/spinlama.com\/si\/wp-json\/wp\/v2\/product"}],"about":[{"href":"https:\/\/spinlama.com\/si\/wp-json\/wp\/v2\/types\/product"}],"replies":[{"embeddable":true,"href":"https:\/\/spinlama.com\/si\/wp-json\/wp\/v2\/comments?post=9127"}],"version-history":[{"count":10,"href":"https:\/\/spinlama.com\/si\/wp-json\/wp\/v2\/product\/9127\/revisions"}],"predecessor-version":[{"id":238141,"href":"https:\/\/spinlama.com\/si\/wp-json\/wp\/v2\/product\/9127\/revisions\/238141"}],"wp:featuredmedia":[{"embeddable":true,"href":"https:\/\/spinlama.com\/si\/wp-json\/wp\/v2\/media\/166591"}],"wp:attachment":[{"href":"https:\/\/spinlama.com\/si\/wp-json\/wp\/v2\/media?parent=9127"}],"wp:term":[{"taxonomy":"product_cat","embeddable":true,"href":"https:\/\/spinlama.com\/si\/wp-json\/wp\/v2\/product_cat?post=9127"},{"taxonomy":"product_tag","embeddable":true,"href":"https:\/\/spinlama.com\/si\/wp-json\/wp\/v2\/product_tag?post=9127"}],"curies":[{"name":"wp","href":"https:\/\/api.w.org\/{rel}","templated":true}]}}