{"id":9598,"date":"2018-12-17T17:10:23","date_gmt":"2018-12-17T16:10:23","guid":{"rendered":"https:\/\/spinlama.com\/si\/?post_type=product&#038;p=9598"},"modified":"2024-08-20T10:45:49","modified_gmt":"2024-08-20T08:45:49","slug":"vivo-gloves","status":"publish","type":"product","link":"https:\/\/spinlama.com\/si\/izdelek\/vivo-gloves\/","title":{"rendered":"Kompresijske rokavice \u2013 Vivo Gloves"},"content":{"rendered":"<p style=\"text-align: center\">Kompresijske rokavice Vivo Gloves so izdelane iz visoko elasti\u010dnega materiala, ki tesno\u00a0<strong>objame prste, dlani in zapestje<\/strong>\u00a0ter tako ustvarja\u00a0<strong>blago stiskanje<\/strong>.<\/p>\n<p style=\"text-align: center\"><img fetchpriority=\"high\" decoding=\"async\" class=\"alignnone wp-image-231523 size-medium\" src=\"https:\/\/spinlama.com\/si\/wp-content\/uploads\/sites\/21\/2022\/01\/no-tat-400x400.jpg\" alt=\"\" width=\"400\" height=\"400\" srcset=\"https:\/\/spinlama.com\/si\/wp-content\/uploads\/sites\/21\/2022\/01\/no-tat-400x400.jpg 400w, https:\/\/spinlama.com\/si\/wp-content\/uploads\/sites\/21\/2022\/01\/no-tat-247x247.jpg 247w, https:\/\/spinlama.com\/si\/wp-content\/uploads\/sites\/21\/2022\/01\/no-tat-100x100.jpg 100w, https:\/\/spinlama.com\/si\/wp-content\/uploads\/sites\/21\/2022\/01\/no-tat-510x510.jpg 510w, https:\/\/spinlama.com\/si\/wp-content\/uploads\/sites\/21\/2022\/01\/no-tat-800x800.jpg 800w, https:\/\/spinlama.com\/si\/wp-content\/uploads\/sites\/21\/2022\/01\/no-tat-280x280.jpg 280w, https:\/\/spinlama.com\/si\/wp-content\/uploads\/sites\/21\/2022\/01\/no-tat-768x768.jpg 768w, https:\/\/spinlama.com\/si\/wp-content\/uploads\/sites\/21\/2022\/01\/no-tat.jpg 1080w\" sizes=\"(max-width: 400px) 100vw, 400px\" \/><\/p>\n<p>&nbsp;<\/p>\n<p style=\"text-align: center\"><span style=\"font-size: 105%\">Rokam <strong>dajejo prijeten ob\u010dutek in oporo.<\/strong><\/span><\/p>\n<p style=\"text-align: center\"><img decoding=\"async\" class=\"alignnone size-medium wp-image-231520\" src=\"https:\/\/spinlama.com\/si\/wp-content\/uploads\/sites\/21\/2021\/12\/no-tat-2-400x400.jpg\" alt=\"\" width=\"400\" height=\"400\" srcset=\"https:\/\/spinlama.com\/si\/wp-content\/uploads\/sites\/21\/2021\/12\/no-tat-2-400x400.jpg 400w, https:\/\/spinlama.com\/si\/wp-content\/uploads\/sites\/21\/2021\/12\/no-tat-2-247x247.jpg 247w, https:\/\/spinlama.com\/si\/wp-content\/uploads\/sites\/21\/2021\/12\/no-tat-2-100x100.jpg 100w, https:\/\/spinlama.com\/si\/wp-content\/uploads\/sites\/21\/2021\/12\/no-tat-2-510x510.jpg 510w, https:\/\/spinlama.com\/si\/wp-content\/uploads\/sites\/21\/2021\/12\/no-tat-2-800x800.jpg 800w, https:\/\/spinlama.com\/si\/wp-content\/uploads\/sites\/21\/2021\/12\/no-tat-2-280x280.jpg 280w, https:\/\/spinlama.com\/si\/wp-content\/uploads\/sites\/21\/2021\/12\/no-tat-2-768x768.jpg 768w, https:\/\/spinlama.com\/si\/wp-content\/uploads\/sites\/21\/2021\/12\/no-tat-2.jpg 1080w\" sizes=\"(max-width: 400px) 100vw, 400px\" \/><\/p>\n<p style=\"text-align: center\"><span style=\"font-size: 105%\">Rokavice Vivo Gloves so izdelane<strong> iz prijetnega in zra\u010dnega materiala<\/strong> (me\u0161anica bomba\u017ea, poliestra in elastana), tako da jih lahko uporabljate \u010dez cel dan. <strong>Kroj brez prstov<\/strong> omogo\u010da, da z rokavicami brez te\u017eav primete in dr\u017eite stvari, ne da bi vas pri tem motile med vsakdanjimi opravili, opravki, \u010di\u0161\u010denjem, delom na ra\u010dunalniku, uporabo telefona, kuhanjem ali sprehodom.<\/span><\/p>\n<p style=\"text-align: center\"><img decoding=\"async\" class=\"alignnone size-medium wp-image-230714\" src=\"https:\/\/spinlama.com\/si\/wp-content\/uploads\/sites\/21\/2021\/12\/vg-ls-02-400x400.jpg\" alt=\"\" width=\"400\" height=\"400\" srcset=\"https:\/\/spinlama.com\/si\/wp-content\/uploads\/sites\/21\/2021\/12\/vg-ls-02-400x400.jpg 400w, https:\/\/spinlama.com\/si\/wp-content\/uploads\/sites\/21\/2021\/12\/vg-ls-02-247x247.jpg 247w, https:\/\/spinlama.com\/si\/wp-content\/uploads\/sites\/21\/2021\/12\/vg-ls-02-100x100.jpg 100w, https:\/\/spinlama.com\/si\/wp-content\/uploads\/sites\/21\/2021\/12\/vg-ls-02-510x510.jpg 510w, https:\/\/spinlama.com\/si\/wp-content\/uploads\/sites\/21\/2021\/12\/vg-ls-02-800x800.jpg 800w, https:\/\/spinlama.com\/si\/wp-content\/uploads\/sites\/21\/2021\/12\/vg-ls-02-280x280.jpg 280w, https:\/\/spinlama.com\/si\/wp-content\/uploads\/sites\/21\/2021\/12\/vg-ls-02-768x768.jpg 768w, https:\/\/spinlama.com\/si\/wp-content\/uploads\/sites\/21\/2021\/12\/vg-ls-02.jpg 1080w\" sizes=\"(max-width: 400px) 100vw, 400px\" \/> <img loading=\"lazy\" decoding=\"async\" class=\"alignnone size-medium wp-image-230715\" src=\"https:\/\/spinlama.com\/si\/wp-content\/uploads\/sites\/21\/2021\/12\/vg-ls-03-400x400.jpg\" alt=\"\" width=\"400\" height=\"400\" srcset=\"https:\/\/spinlama.com\/si\/wp-content\/uploads\/sites\/21\/2021\/12\/vg-ls-03-400x400.jpg 400w, https:\/\/spinlama.com\/si\/wp-content\/uploads\/sites\/21\/2021\/12\/vg-ls-03-247x247.jpg 247w, https:\/\/spinlama.com\/si\/wp-content\/uploads\/sites\/21\/2021\/12\/vg-ls-03-100x100.jpg 100w, https:\/\/spinlama.com\/si\/wp-content\/uploads\/sites\/21\/2021\/12\/vg-ls-03-510x510.jpg 510w, https:\/\/spinlama.com\/si\/wp-content\/uploads\/sites\/21\/2021\/12\/vg-ls-03-800x800.jpg 800w, https:\/\/spinlama.com\/si\/wp-content\/uploads\/sites\/21\/2021\/12\/vg-ls-03-280x280.jpg 280w, https:\/\/spinlama.com\/si\/wp-content\/uploads\/sites\/21\/2021\/12\/vg-ls-03-768x768.jpg 768w, https:\/\/spinlama.com\/si\/wp-content\/uploads\/sites\/21\/2021\/12\/vg-ls-03.jpg 1080w\" sizes=\"(max-width: 400px) 100vw, 400px\" \/><\/p>\n<p style=\"text-align: center\"><span style=\"font-size: 105%\">Nosite jih lahko tudi kot <strong>za\u0161\u010dito pred mrazom, manj\u0161imi po\u0161kodbami med opravili<\/strong>, odli\u010dno pa se bodo obnesle tudi <strong>med fitnesom, tekom in drugimi fizi\u010dnimi aktivnostmi<\/strong>, saj zahvaljujo\u010d zra\u010dni tkanini <strong>ne povzro\u010dajo potenja<\/strong> in hitro odvajajo vlago.<\/span><\/p>\n<p style=\"text-align: center\"><img loading=\"lazy\" decoding=\"async\" class=\"alignnone size-medium wp-image-231527\" src=\"https:\/\/spinlama.com\/si\/wp-content\/uploads\/sites\/21\/2022\/01\/28-400x400.jpg\" alt=\"\" width=\"400\" height=\"400\" srcset=\"https:\/\/spinlama.com\/si\/wp-content\/uploads\/sites\/21\/2022\/01\/28-400x400.jpg 400w, https:\/\/spinlama.com\/si\/wp-content\/uploads\/sites\/21\/2022\/01\/28-247x247.jpg 247w, https:\/\/spinlama.com\/si\/wp-content\/uploads\/sites\/21\/2022\/01\/28-100x100.jpg 100w, https:\/\/spinlama.com\/si\/wp-content\/uploads\/sites\/21\/2022\/01\/28-510x510.jpg 510w, https:\/\/spinlama.com\/si\/wp-content\/uploads\/sites\/21\/2022\/01\/28-800x800.jpg 800w, https:\/\/spinlama.com\/si\/wp-content\/uploads\/sites\/21\/2022\/01\/28-280x280.jpg 280w, https:\/\/spinlama.com\/si\/wp-content\/uploads\/sites\/21\/2022\/01\/28-768x768.jpg 768w, https:\/\/spinlama.com\/si\/wp-content\/uploads\/sites\/21\/2022\/01\/28.jpg 1080w\" sizes=\"(max-width: 400px) 100vw, 400px\" \/><\/p>\n<p style=\"text-align: center\"><span style=\"font-size: 105%\">Ergonomsko oblikovane rokavice z diskretnimi \u0161ivi zagotavljajo popolno prileganje in<strong> ne motijo med no\u0161enjem<\/strong>. Rokavice v univerzalni, <strong>temno sivi barvi <\/strong>so primerne tako za \u017eenske kot za mo\u0161ke.<\/span><\/p>\n<p style=\"text-align: center\"><img loading=\"lazy\" decoding=\"async\" class=\"alignnone size-medium wp-image-230731\" src=\"https:\/\/spinlama.com\/si\/wp-content\/uploads\/sites\/21\/2021\/12\/19-400x400.jpg\" alt=\"\" width=\"400\" height=\"400\" srcset=\"https:\/\/spinlama.com\/si\/wp-content\/uploads\/sites\/21\/2021\/12\/19-400x400.jpg 400w, https:\/\/spinlama.com\/si\/wp-content\/uploads\/sites\/21\/2021\/12\/19-247x247.jpg 247w, https:\/\/spinlama.com\/si\/wp-content\/uploads\/sites\/21\/2021\/12\/19-100x100.jpg 100w, https:\/\/spinlama.com\/si\/wp-content\/uploads\/sites\/21\/2021\/12\/19-510x510.jpg 510w, https:\/\/spinlama.com\/si\/wp-content\/uploads\/sites\/21\/2021\/12\/19-800x800.jpg 800w, https:\/\/spinlama.com\/si\/wp-content\/uploads\/sites\/21\/2021\/12\/19-280x280.jpg 280w, https:\/\/spinlama.com\/si\/wp-content\/uploads\/sites\/21\/2021\/12\/19-768x768.jpg 768w, https:\/\/spinlama.com\/si\/wp-content\/uploads\/sites\/21\/2021\/12\/19.jpg 1080w\" sizes=\"(max-width: 400px) 100vw, 400px\" \/><\/p>\n<p style=\"text-align: center\"><span style=\"font-size: 105%\">Rokavice so <strong>na voljo v treh velikostih \u2013 S, M in L<\/strong>. S pomo\u010djo ravnila ali metra <strong>izmerite premer dlani \u010dez \u010dlenke<\/strong> ter izberite ustrezno velikost s pomo\u010djo spodnje tabele. Izbira prave velikosti je klju\u010dnega pomena, saj bo zgolj tako zagotovljeno optimalno prileganje!<\/span><\/p>\n<p style=\"text-align: center\"><img loading=\"lazy\" decoding=\"async\" class=\"alignnone size-medium wp-image-230762\" src=\"https:\/\/spinlama.com\/si\/wp-content\/uploads\/sites\/21\/2021\/12\/21-400x400.jpg\" alt=\"\" width=\"400\" height=\"400\" srcset=\"https:\/\/spinlama.com\/si\/wp-content\/uploads\/sites\/21\/2021\/12\/21-400x400.jpg 400w, https:\/\/spinlama.com\/si\/wp-content\/uploads\/sites\/21\/2021\/12\/21-247x247.jpg 247w, https:\/\/spinlama.com\/si\/wp-content\/uploads\/sites\/21\/2021\/12\/21-100x100.jpg 100w, https:\/\/spinlama.com\/si\/wp-content\/uploads\/sites\/21\/2021\/12\/21-510x510.jpg 510w, https:\/\/spinlama.com\/si\/wp-content\/uploads\/sites\/21\/2021\/12\/21-800x800.jpg 800w, https:\/\/spinlama.com\/si\/wp-content\/uploads\/sites\/21\/2021\/12\/21-280x280.jpg 280w, https:\/\/spinlama.com\/si\/wp-content\/uploads\/sites\/21\/2021\/12\/21-768x768.jpg 768w, https:\/\/spinlama.com\/si\/wp-content\/uploads\/sites\/21\/2021\/12\/21.jpg 1080w\" sizes=\"(max-width: 400px) 100vw, 400px\" \/><\/p>\n<p style=\"text-align: left\"><strong><span style=\"font-size: 100%\">Lastnosti:<\/span><\/strong><br \/>\n\u2714 Prijeten ob\u010dutek in udobje med no\u0161enjem<br \/>\n\u2714 Iz visoko elasti\u010dnega materiala, ki zagotavlja popolno prileganje<br \/>\n\u2714 Oblika brez prstov omogo\u010da svobodo med opravili<br \/>\n\u2714 Prijetna in zra\u010dna tkanina, ki ne povzro\u010da potenja<br \/>\n\u2714 Primerne za vsakodnevno uporabo<br \/>\n\u2714 \u0160\u010ditijo roke med telovadbo in fizi\u010dno aktivnostjo<\/p>\n<p><img loading=\"lazy\" decoding=\"async\" class=\"size-medium wp-image-230711 aligncenter\" src=\"https:\/\/spinlama.com\/si\/wp-content\/uploads\/sites\/21\/2021\/12\/vg-stock-02-400x400.jpg\" alt=\"\" width=\"400\" height=\"400\" srcset=\"https:\/\/spinlama.com\/si\/wp-content\/uploads\/sites\/21\/2021\/12\/vg-stock-02-400x400.jpg 400w, https:\/\/spinlama.com\/si\/wp-content\/uploads\/sites\/21\/2021\/12\/vg-stock-02-247x247.jpg 247w, https:\/\/spinlama.com\/si\/wp-content\/uploads\/sites\/21\/2021\/12\/vg-stock-02-100x100.jpg 100w, https:\/\/spinlama.com\/si\/wp-content\/uploads\/sites\/21\/2021\/12\/vg-stock-02-510x510.jpg 510w, https:\/\/spinlama.com\/si\/wp-content\/uploads\/sites\/21\/2021\/12\/vg-stock-02-800x800.jpg 800w, https:\/\/spinlama.com\/si\/wp-content\/uploads\/sites\/21\/2021\/12\/vg-stock-02-280x280.jpg 280w, https:\/\/spinlama.com\/si\/wp-content\/uploads\/sites\/21\/2021\/12\/vg-stock-02-768x768.jpg 768w, https:\/\/spinlama.com\/si\/wp-content\/uploads\/sites\/21\/2021\/12\/vg-stock-02.jpg 1080w\" sizes=\"(max-width: 400px) 100vw, 400px\" \/><\/p>\n<p>&nbsp;<\/p>\n<p>&nbsp;<\/p>\n<p><span style=\"font-size: 100%\"><strong>Material<\/strong>: 44% bomba\u017e, 44% poliester, 12% elastan<\/span><br \/>\n<span style=\"font-size: 100%\"><strong>Velikost<\/strong>: S, M, L (glede na premer dlani)<\/span><br \/>\n<span style=\"font-size: 100%\"><strong>Vzdr\u017eevanje<\/strong>: Pranje na 30 \u00b0C, su\u0161enje na zraku. Priporo\u010damo, da za pranje uporabite detergent za ob\u010dutljive tkanine. V kolikor imate mo\u017enost, izdelek operite v pralni vre\u010dki ali ro\u010dno.<\/span><\/p>\n<p><strong><span style=\"font-size: 100%\">Z nakupom prejmete:<\/span><\/strong><br \/>\n<span style=\"font-size: 100%\">1x par kompresijskih rokavic Vivo Gloves, v izbrani velikosti<\/span><\/p>\n<p style=\"text-align: center\"><img loading=\"lazy\" decoding=\"async\" class=\"alignnone size-medium wp-image-230746\" src=\"https:\/\/spinlama.com\/si\/wp-content\/uploads\/sites\/21\/2021\/12\/8-400x400.jpg\" alt=\"\" width=\"400\" height=\"400\" srcset=\"https:\/\/spinlama.com\/si\/wp-content\/uploads\/sites\/21\/2021\/12\/8-400x400.jpg 400w, https:\/\/spinlama.com\/si\/wp-content\/uploads\/sites\/21\/2021\/12\/8-247x247.jpg 247w, https:\/\/spinlama.com\/si\/wp-content\/uploads\/sites\/21\/2021\/12\/8-100x100.jpg 100w, https:\/\/spinlama.com\/si\/wp-content\/uploads\/sites\/21\/2021\/12\/8-510x510.jpg 510w, https:\/\/spinlama.com\/si\/wp-content\/uploads\/sites\/21\/2021\/12\/8-800x800.jpg 800w, https:\/\/spinlama.com\/si\/wp-content\/uploads\/sites\/21\/2021\/12\/8-280x280.jpg 280w, https:\/\/spinlama.com\/si\/wp-content\/uploads\/sites\/21\/2021\/12\/8-768x768.jpg 768w, https:\/\/spinlama.com\/si\/wp-content\/uploads\/sites\/21\/2021\/12\/8.jpg 1080w\" sizes=\"(max-width: 400px) 100vw, 400px\" \/> <img loading=\"lazy\" decoding=\"async\" class=\"alignnone size-medium wp-image-230747\" src=\"https:\/\/spinlama.com\/si\/wp-content\/uploads\/sites\/21\/2021\/12\/9-1-400x400.jpg\" alt=\"\" width=\"400\" height=\"400\" srcset=\"https:\/\/spinlama.com\/si\/wp-content\/uploads\/sites\/21\/2021\/12\/9-1-400x400.jpg 400w, https:\/\/spinlama.com\/si\/wp-content\/uploads\/sites\/21\/2021\/12\/9-1-247x247.jpg 247w, https:\/\/spinlama.com\/si\/wp-content\/uploads\/sites\/21\/2021\/12\/9-1-100x100.jpg 100w, https:\/\/spinlama.com\/si\/wp-content\/uploads\/sites\/21\/2021\/12\/9-1-510x510.jpg 510w, https:\/\/spinlama.com\/si\/wp-content\/uploads\/sites\/21\/2021\/12\/9-1-800x800.jpg 800w, https:\/\/spinlama.com\/si\/wp-content\/uploads\/sites\/21\/2021\/12\/9-1-280x280.jpg 280w, https:\/\/spinlama.com\/si\/wp-content\/uploads\/sites\/21\/2021\/12\/9-1-768x768.jpg 768w, https:\/\/spinlama.com\/si\/wp-content\/uploads\/sites\/21\/2021\/12\/9-1.jpg 1080w\" sizes=\"(max-width: 400px) 100vw, 400px\" \/> <img loading=\"lazy\" decoding=\"async\" class=\"alignnone size-medium wp-image-231525\" src=\"https:\/\/spinlama.com\/si\/wp-content\/uploads\/sites\/21\/2022\/01\/33-400x400.jpg\" alt=\"\" width=\"400\" height=\"400\" srcset=\"https:\/\/spinlama.com\/si\/wp-content\/uploads\/sites\/21\/2022\/01\/33-400x400.jpg 400w, https:\/\/spinlama.com\/si\/wp-content\/uploads\/sites\/21\/2022\/01\/33-247x247.jpg 247w, https:\/\/spinlama.com\/si\/wp-content\/uploads\/sites\/21\/2022\/01\/33-100x100.jpg 100w, https:\/\/spinlama.com\/si\/wp-content\/uploads\/sites\/21\/2022\/01\/33-510x510.jpg 510w, https:\/\/spinlama.com\/si\/wp-content\/uploads\/sites\/21\/2022\/01\/33-800x800.jpg 800w, https:\/\/spinlama.com\/si\/wp-content\/uploads\/sites\/21\/2022\/01\/33-280x280.jpg 280w, https:\/\/spinlama.com\/si\/wp-content\/uploads\/sites\/21\/2022\/01\/33-768x768.jpg 768w, https:\/\/spinlama.com\/si\/wp-content\/uploads\/sites\/21\/2022\/01\/33.jpg 1080w\" sizes=\"(max-width: 400px) 100vw, 400px\" \/> <img loading=\"lazy\" decoding=\"async\" class=\"alignnone size-medium wp-image-231526\" src=\"https:\/\/spinlama.com\/si\/wp-content\/uploads\/sites\/21\/2022\/01\/32-400x400.jpg\" alt=\"\" width=\"400\" height=\"400\" srcset=\"https:\/\/spinlama.com\/si\/wp-content\/uploads\/sites\/21\/2022\/01\/32-400x400.jpg 400w, https:\/\/spinlama.com\/si\/wp-content\/uploads\/sites\/21\/2022\/01\/32-247x247.jpg 247w, https:\/\/spinlama.com\/si\/wp-content\/uploads\/sites\/21\/2022\/01\/32-100x100.jpg 100w, https:\/\/spinlama.com\/si\/wp-content\/uploads\/sites\/21\/2022\/01\/32-510x510.jpg 510w, https:\/\/spinlama.com\/si\/wp-content\/uploads\/sites\/21\/2022\/01\/32-800x800.jpg 800w, https:\/\/spinlama.com\/si\/wp-content\/uploads\/sites\/21\/2022\/01\/32-280x280.jpg 280w, https:\/\/spinlama.com\/si\/wp-content\/uploads\/sites\/21\/2022\/01\/32-768x768.jpg 768w, https:\/\/spinlama.com\/si\/wp-content\/uploads\/sites\/21\/2022\/01\/32.jpg 1080w\" sizes=\"(max-width: 400px) 100vw, 400px\" \/><\/p>\n<p style=\"text-align: center\">\n","protected":false},"excerpt":{"rendered":"<p><span style=\"font-size: 110%\"><strong>Izjemno elasti\u010dne rokavice ne\u017eno stisnejo prste, dlani in zapestja ter tako ustvarijo blago kompresijo.<\/strong><\/span><\/p>\n<p><span style=\"font-size: 110%\">Izdelane so iz prijetnega in zra\u010dnega materiala, ki ne povzro\u010da potenja. Uporabljate jih lahko vsakodnevno, med notranjimi in zunanjimi opravili. Kroj brez prstov omogo\u010da, da brez te\u017eav primete, dr\u017eite in prena\u0161ate stvari, ne da bi vas rokavice pri tem ovirale.<\/span><\/p>\n<p><span style=\"font-size: 100%\">Rokavice so na voljo v 3 velikostih (glede na premer dlani \u010dez \u010dlenke).<\/span><\/p>\n","protected":false},"featured_media":231519,"comment_status":"closed","ping_status":"closed","template":"","meta":[],"product_cat":[68,568],"product_tag":[498,496,495,497],"aioseo_notices":[],"_links":{"self":[{"href":"https:\/\/spinlama.com\/si\/wp-json\/wp\/v2\/product\/9598"}],"collection":[{"href":"https:\/\/spinlama.com\/si\/wp-json\/wp\/v2\/product"}],"about":[{"href":"https:\/\/spinlama.com\/si\/wp-json\/wp\/v2\/types\/product"}],"replies":[{"embeddable":true,"href":"https:\/\/spinlama.com\/si\/wp-json\/wp\/v2\/comments?post=9598"}],"version-history":[{"count":12,"href":"https:\/\/spinlama.com\/si\/wp-json\/wp\/v2\/product\/9598\/revisions"}],"predecessor-version":[{"id":239478,"href":"https:\/\/spinlama.com\/si\/wp-json\/wp\/v2\/product\/9598\/revisions\/239478"}],"wp:featuredmedia":[{"embeddable":true,"href":"https:\/\/spinlama.com\/si\/wp-json\/wp\/v2\/media\/231519"}],"wp:attachment":[{"href":"https:\/\/spinlama.com\/si\/wp-json\/wp\/v2\/media?parent=9598"}],"wp:term":[{"taxonomy":"product_cat","embeddable":true,"href":"https:\/\/spinlama.com\/si\/wp-json\/wp\/v2\/product_cat?post=9598"},{"taxonomy":"product_tag","embeddable":true,"href":"https:\/\/spinlama.com\/si\/wp-json\/wp\/v2\/product_tag?post=9598"}],"curies":[{"name":"wp","href":"https:\/\/api.w.org\/{rel}","templated":true}]}}