{"id":126755,"date":"2020-11-26T12:42:55","date_gmt":"2020-11-26T11:42:55","guid":{"rendered":"https:\/\/vivozebra.sk\/?post_type=product&#038;p=126755"},"modified":"2022-02-25T12:18:10","modified_gmt":"2022-02-25T11:18:10","slug":"fitnes-set","status":"publish","type":"product","link":"https:\/\/spinlama.com\/sk\/v\u00fdrobok\/fitnes-set\/","title":{"rendered":"Fitnes Set \u2013 Sada na cvi\u010denie s gumen\u00fdmi popruhmi"},"content":{"rendered":"<p style=\"text-align: center\"><strong><span style=\"font-size: 110%\">Namiesto do posil\u0148ovne cho\u010fte do dom\u00e1cej posil\u0148ovne!<\/span><\/strong><br \/>\n<span style=\"font-size: 110%\">S\u00faprava na cvi\u010denie je ide\u00e1lna pre mu\u017eov a \u017eeny v\u0161etk\u00fdch vekov\u00fdch skup\u00edn, ktor\u00ed h\u013eadaj\u00fa efekt\u00edvny sp\u00f4sob cvi\u010denia na sp\u00e1lenie kal\u00f3ri\u00ed, posilnenie svalov a stratu tuku &#8211; priamo z domova!<\/span><\/p>\n<p style=\"text-align: center\"><img fetchpriority=\"high\" decoding=\"async\" class=\"alignnone wp-image-148307\" src=\"https:\/\/spinlama.com\/sk\/wp-content\/uploads\/sites\/5\/2020\/11\/fitness-set-01-gif.gif\" alt=\"\" width=\"500\" height=\"500\" \/><\/p>\n<p style=\"text-align: center\"><strong><span style=\"font-size: 110%\">Fitnes s\u00faprava na v\u0161etky cviky, ktor\u00e9 potrebujete!<\/span><\/strong><br \/>\n<span style=\"font-size: 110%\">S\u00faprava obsahuje 5 gumov\u00fdch na\u0165ahovac\u00edch popruhov, 2 polstrovan\u00e9 rukov\u00e4te, dr\u017eiak na dvere a 2 popruhy na \u010dlenky &#8211; v\u0161etko, \u010do potrebujete na precvi\u010denie cel\u00e9ho tela. Je to skvel\u00e1 alternat\u00edva k nepohodln\u00fdm \u010dink\u00e1m a tradi\u010dn\u00fdm cvi\u010debn\u00fdm strojom, ktor\u00e9 zvy\u010dajne zaberaj\u00fa ve\u013ea miesta. Pomocou \u0161ikovn\u00e9ho dr\u017eiaka na dvere m\u00f4\u017eete vykon\u00e1va\u0165 s\u00e9riu cvikov, ktor\u00e9 by boli bez \u0161pecializovan\u00e9ho pr\u00edstroja n\u00e1ro\u010dn\u00e9.<\/span><\/p>\n<p style=\"text-align: center\"><img decoding=\"async\" class=\"alignnone wp-image-148308\" src=\"https:\/\/spinlama.com\/sk\/wp-content\/uploads\/sites\/5\/2020\/11\/fitness-set-02-gif.gif\" alt=\"\" width=\"500\" height=\"500\" \/><\/p>\n<p style=\"text-align: center\"><strong><span style=\"font-size: 110%\">Cvi\u010denie v\u0161etk\u00fdch svalov\u00fdch skup\u00edn<\/span><\/strong><br \/>\n<span style=\"font-size: 110%\">S fitnes s\u00fapravou m\u00f4\u017eete vykon\u00e1va\u0165 \u0161irok\u00fa \u0161k\u00e1lu cvikov na cel\u00e9 telo a efekt\u00edvne posil\u0148ova\u0165 svaly hrudn\u00edka a brucha, biceps a triceps, stehn\u00e1 a m\u00e4kk\u00e9 svaly, zadok, plecia a chrb\u00e1t. S\u00faprava je skvel\u00fdm doplnkom k v\u00e1\u0161mu ob\u013e\u00faben\u00e9mu tr\u00e9ningu, stre\u010dingu, silov\u00e9mu tr\u00e9ningu, pilates alebo joge.<\/span><\/p>\n<p style=\"text-align: center\"><img decoding=\"async\" class=\"alignnone wp-image-126767\" src=\"https:\/\/spinlama.com\/sk\/wp-content\/uploads\/sites\/5\/2020\/11\/fitness-set-01.jpg\" alt=\"\" width=\"500\" height=\"500\" srcset=\"https:\/\/spinlama.com\/sk\/wp-content\/uploads\/sites\/30\/2020\/11\/fitness-set-01.jpg 650w, https:\/\/spinlama.com\/sk\/wp-content\/uploads\/sites\/30\/2020\/11\/fitness-set-01-100x100.jpg 100w, https:\/\/spinlama.com\/sk\/wp-content\/uploads\/sites\/30\/2020\/11\/fitness-set-01-510x510.jpg 510w, https:\/\/spinlama.com\/sk\/wp-content\/uploads\/sites\/30\/2020\/11\/fitness-set-01-400x400.jpg 400w, https:\/\/spinlama.com\/sk\/wp-content\/uploads\/sites\/30\/2020\/11\/fitness-set-01-280x280.jpg 280w\" sizes=\"(max-width: 500px) 100vw, 500px\" \/><\/p>\n<p style=\"text-align: center\"><strong><span style=\"font-size: 110%\">Kombin\u00e1ciou popruhov nastav\u00edte intenzitu cvi\u010denia<br \/>\n<\/span><\/strong><span style=\"font-size: 110%\">S\u00faprava obsahuje 5 popruhov r\u00f4znych farieb, ka\u017ed\u00e1 farba m\u00e1 svoju vlastn\u00fa obtia\u017enos\u0165 (odpor) &#8211; \u017elt\u00e1 (\u013eahk\u00e1, do 4,5 kg), zelen\u00e1 (stredne \u013eahk\u00e1, do 7 kg), \u010derven\u00e1 (stredne \u0165a\u017ek\u00e1, do 9 kg), modr\u00e1 (\u0165a\u017ek\u00e1, do 11 kg) a \u010dierna (ve\u013emi \u0165a\u017ek\u00e1, do 13,5 kg). Popruhy je tie\u017e mo\u017en\u00e9 navz\u00e1jom kombinova\u0165, \u010do u\u013eah\u010duje nastavenie intenzity tr\u00e9ningu pod\u013ea va\u0161ich potrieb. Celkov\u00fd odpor je cca 45 kg.<\/span><\/p>\n<p style=\"text-align: center\"><img loading=\"lazy\" decoding=\"async\" class=\"alignnone wp-image-126769\" src=\"https:\/\/spinlama.com\/sk\/wp-content\/uploads\/sites\/5\/2020\/11\/fitness-set-03-591x800.jpg\" alt=\"\" width=\"500\" height=\"677\" srcset=\"https:\/\/spinlama.com\/sk\/wp-content\/uploads\/sites\/30\/2020\/11\/fitness-set-03-591x800.jpg 591w, https:\/\/spinlama.com\/sk\/wp-content\/uploads\/sites\/30\/2020\/11\/fitness-set-03-510x691.jpg 510w, https:\/\/spinlama.com\/sk\/wp-content\/uploads\/sites\/30\/2020\/11\/fitness-set-03-295x400.jpg 295w, https:\/\/spinlama.com\/sk\/wp-content\/uploads\/sites\/30\/2020\/11\/fitness-set-03-768x1040.jpg 768w, https:\/\/spinlama.com\/sk\/wp-content\/uploads\/sites\/30\/2020\/11\/fitness-set-03.jpg 776w\" sizes=\"(max-width: 500px) 100vw, 500px\" \/><\/p>\n<p style=\"text-align: center\"><span style=\"font-size: 110%\"><strong>Pre za\u010diato\u010dn\u00edkov i sk\u00fasen\u00fdch \u0161portovcov<\/strong><br \/>\nS\u00faprava je vhodn\u00e1 pre ak\u00fako\u013evek \u00farove\u0148 fyzickej zdatnosti, preto\u017ee intenzitu tr\u00e9ningu \u013eahko nastav\u00edte v\u00fdmenou a kombin\u00e1ciou popruhov r\u00f4znych farieb. \u010ci u\u017e pravidelne \u0161portujete a chcete si tr\u00e9ning trochu okoreni\u0165, ste za\u010diato\u010dn\u00edci alebo pr\u00edle\u017eitostn\u00ed gymnasti, ktor\u00ed h\u013eadaj\u00fa efekt\u00edvnej\u0161ie sp\u00f4soby cvi\u010denia &#8211; v\u0161estrann\u00e1 s\u00faprava pon\u00faka pestr\u00fa \u0161k\u00e1lu cvikov a r\u00fdchle v\u00fdsledky.<\/span><\/p>\n<p><img loading=\"lazy\" decoding=\"async\" class=\"size-full wp-image-148309 aligncenter\" src=\"https:\/\/spinlama.com\/sk\/wp-content\/uploads\/sites\/5\/2020\/11\/fitness-set-03-gif.gif\" alt=\"\" width=\"500\" height=\"500\" \/><\/p>\n<p style=\"text-align: center\"><strong><span style=\"font-size: 110%\">Nem\u00e1te \u010das na fitnes? \u017diadny probl\u00e9m!<\/span><\/strong><br \/>\n<span style=\"font-size: 110%\">T\u00e1to cvi\u010debn\u00e1 s\u00faprava je ide\u00e1lnym rie\u0161en\u00edm, ak nem\u00e1te \u010das chodi\u0165 ka\u017ed\u00fd de\u0148 do telocvi\u010dne alebo nechcete plati\u0165 drah\u00e9 vstupenky do fitness centier.<\/span><\/p>\n<p><img loading=\"lazy\" decoding=\"async\" class=\"aligncenter\" src=\"https:\/\/spinlama.com\/sk\/wp-content\/uploads\/sites\/5\/2020\/11\/telovadni-set-04-600x400.jpg\" alt=\"\" width=\"600\" height=\"400\" \/><\/p>\n<p style=\"text-align: center\"><strong><span style=\"font-size: 110%\">Na denn\u00e9 cvi\u010denie kdeko\u013evek a kedyko\u013evek<\/span><\/strong><br \/>\n<span style=\"font-size: 110%\">Fitnes s\u00faprava je \u013eahk\u00e1, kompaktn\u00e1 a prenosn\u00e1. Doplnky vlo\u017ete do praktickej \u00falo\u017enej ta\u0161ky a zaba\u013ete ich do kufra alebo do auta, aby ste mohli cvi\u010di\u0165 v\u0161ade a kedyko\u013evek chcete &#8211; doma, vonku, cez prest\u00e1vku v pr\u00e1ci alebo na dovolenke.<\/span><\/p>\n<p style=\"text-align: center\"><img loading=\"lazy\" decoding=\"async\" class=\"alignnone wp-image-126768\" src=\"https:\/\/spinlama.com\/sk\/wp-content\/uploads\/sites\/5\/2020\/11\/fitness-set-02-800x800.jpg\" alt=\"\" width=\"500\" height=\"500\" srcset=\"https:\/\/spinlama.com\/sk\/wp-content\/uploads\/sites\/30\/2020\/11\/fitness-set-02-800x800.jpg 800w, https:\/\/spinlama.com\/sk\/wp-content\/uploads\/sites\/30\/2020\/11\/fitness-set-02-100x100.jpg 100w, https:\/\/spinlama.com\/sk\/wp-content\/uploads\/sites\/30\/2020\/11\/fitness-set-02-510x510.jpg 510w, https:\/\/spinlama.com\/sk\/wp-content\/uploads\/sites\/30\/2020\/11\/fitness-set-02-400x400.jpg 400w, https:\/\/spinlama.com\/sk\/wp-content\/uploads\/sites\/30\/2020\/11\/fitness-set-02-280x280.jpg 280w, https:\/\/spinlama.com\/sk\/wp-content\/uploads\/sites\/30\/2020\/11\/fitness-set-02-768x768.jpg 768w, https:\/\/spinlama.com\/sk\/wp-content\/uploads\/sites\/30\/2020\/11\/fitness-set-02.jpg 1000w\" sizes=\"(max-width: 500px) 100vw, 500px\" \/><\/p>\n<p style=\"text-align: center\"><strong><span style=\"font-size: 110%\">Odoln\u00e9 a kvalitn\u00e9 popruhy, ktor\u00e9 vydr\u017eia intenz\u00edvne ka\u017edodenn\u00e9 cvi\u010denie!<\/span><\/strong><br \/>\n<span style=\"font-size: 110%\">Popruhy s\u00fa vyroben\u00e9 z trv\u00e1cnej TPE gumy, ktor\u00e1 je odoln\u00e1 proti opotrebovaniu, nevysych\u00e1, netrh\u00e1 sa a nedeformuje sa. Ka\u017ed\u00fd popruh m\u00e1 na konci kovov\u00fd kr\u00fa\u017eok, ku ktor\u00e9mu s\u00fa pomocou odolnej kovovej karab\u00edny pripevnen\u00e9 rukov\u00e4te, dr\u017eiak na dvere alebo popruhy na \u010dlenky. Ku kovovej karab\u00edne m\u00f4\u017eete jednoducho prida\u0165 \u010fal\u0161ie popruhy. Rukov\u00e4te s\u00fa m\u00e4kk\u00e9 a sav\u00e9, potiahnut\u00e9 penov\u00fdm, proti\u0161mykov\u00fdm povlakom. Popruhy \u010dlenkov maj\u00fa zap\u00ednanie na such\u00fd zips, ktor\u00fd umo\u017e\u0148uje pevn\u00e9 a stabiln\u00e9 pripevnenie k \u010dlenku.<\/span><\/p>\n<p style=\"text-align: center\"><img loading=\"lazy\" decoding=\"async\" class=\"alignnone wp-image-126773\" src=\"https:\/\/spinlama.com\/sk\/wp-content\/uploads\/sites\/5\/2020\/11\/fitness-set-05-800x800.jpg\" alt=\"\" width=\"500\" height=\"500\" srcset=\"https:\/\/spinlama.com\/sk\/wp-content\/uploads\/sites\/30\/2020\/11\/fitness-set-05-800x800.jpg 800w, https:\/\/spinlama.com\/sk\/wp-content\/uploads\/sites\/30\/2020\/11\/fitness-set-05-100x100.jpg 100w, https:\/\/spinlama.com\/sk\/wp-content\/uploads\/sites\/30\/2020\/11\/fitness-set-05-510x510.jpg 510w, https:\/\/spinlama.com\/sk\/wp-content\/uploads\/sites\/30\/2020\/11\/fitness-set-05-400x400.jpg 400w, https:\/\/spinlama.com\/sk\/wp-content\/uploads\/sites\/30\/2020\/11\/fitness-set-05-280x280.jpg 280w, https:\/\/spinlama.com\/sk\/wp-content\/uploads\/sites\/30\/2020\/11\/fitness-set-05-768x768.jpg 768w, https:\/\/spinlama.com\/sk\/wp-content\/uploads\/sites\/30\/2020\/11\/fitness-set-05.jpg 1000w\" sizes=\"(max-width: 500px) 100vw, 500px\" \/><\/p>\n<p style=\"text-align: left\"><strong><span style=\"font-size: 105%\">Vlastnosti:<\/span><\/strong><br \/>\n<span style=\"font-size: 105%\">\u2013 11-dielna fitnes sada s gumov\u00fdmi popruhmi<\/span><br \/>\n<span style=\"font-size: 105%\">\u2013 popruhy sa l\u00ed\u0161ia farbou \/ obtia\u017enos\u0165ou<\/span><br \/>\n<span style=\"font-size: 105%\">\u2013 s praktick\u00fdm dr\u017eiakom na dvere, rukov\u00e4\u0165ami a popruhmi na \u010dlenky<\/span><br \/>\n<span style=\"font-size: 105%\">\u2013 skvel\u00e1 alternat\u00edva k z\u00e1va\u017eiam a tradi\u010dn\u00fdm tr\u00e9ningov\u00fdm strojom<br \/>\n\u2013<\/span><span style=\"font-size: 105%\">\u00a0vhodn\u00e9 pre mu\u017eov a \u017eeny, za\u010diato\u010dn\u00edkov i sk\u00fasen\u00fdch \u0161portovcov<br \/>\n\u2013<\/span><span style=\"font-size: 105%\">\u00a0\u013eahk\u00e9 nastavenie intenzity tr\u00e9ningu zmenou a kombin\u00e1ciou popruhov (m\u00f4\u017eete pou\u017ei\u0165 nieko\u013eko popruhov s\u00fa\u010dasne)<br \/>\n\u2013<\/span><span style=\"font-size: 105%\">\u00a0umo\u017e\u0148uje vykon\u00e1va\u0165 cviky pre v\u0161etky svalov\u00e9 skupiny<br \/>\n<\/span>\u2013<span style=\"font-size: 105%\">\u00a0skvel\u00fd doplnok k tr\u00e9ningu<br \/>\n\u2013<\/span><span style=\"font-size: 105%\">\u00a0kompaktn\u00e1 a prenosn\u00e1 s\u00faprava<br \/>\n\u2013<\/span><span style=\"font-size: 105%\"> s pohodlnou \u00falo\u017enou ta\u0161kou<\/span><\/p>\n<p style=\"text-align: center\"><img loading=\"lazy\" decoding=\"async\" class=\"alignnone wp-image-126774\" src=\"https:\/\/spinlama.com\/sk\/wp-content\/uploads\/sites\/5\/2020\/11\/fitness-set-08.jpg\" alt=\"\" width=\"500\" height=\"500\" srcset=\"https:\/\/spinlama.com\/sk\/wp-content\/uploads\/sites\/30\/2020\/11\/fitness-set-08.jpg 800w, https:\/\/spinlama.com\/sk\/wp-content\/uploads\/sites\/30\/2020\/11\/fitness-set-08-100x100.jpg 100w, https:\/\/spinlama.com\/sk\/wp-content\/uploads\/sites\/30\/2020\/11\/fitness-set-08-510x510.jpg 510w, https:\/\/spinlama.com\/sk\/wp-content\/uploads\/sites\/30\/2020\/11\/fitness-set-08-400x400.jpg 400w, https:\/\/spinlama.com\/sk\/wp-content\/uploads\/sites\/30\/2020\/11\/fitness-set-08-280x280.jpg 280w, https:\/\/spinlama.com\/sk\/wp-content\/uploads\/sites\/30\/2020\/11\/fitness-set-08-768x768.jpg 768w\" sizes=\"(max-width: 500px) 100vw, 500px\" \/><\/p>\n<p style=\"text-align: left\"><strong style=\"font-size: 14.4px\"><span style=\"font-size: 105%\">V balen\u00ed dostanete:<\/span><\/strong><span style=\"font-size: 105%\"><br \/>\n5x gumov\u00fd popruh<\/span><br \/>\n<span style=\"font-size: 105%\">2x popruh na \u010dlenok<\/span><br \/>\n<span style=\"font-size: 105%\">2x penov\u00e1 rukov\u00e4\u0165<\/span><br \/>\n<span style=\"font-size: 105%\">1x dr\u017eiak na dvere<\/span><br \/>\n<span style=\"font-size: 105%\">1x \u00falo\u017en\u00e1 a prenosn\u00e1 ta\u0161ka<img loading=\"lazy\" decoding=\"async\" class=\"aligncenter wp-image-126764\" src=\"https:\/\/spinlama.com\/sk\/wp-content\/uploads\/sites\/5\/2020\/11\/telovadni-set-09-800x355.jpg\" alt=\"\" width=\"902\" height=\"400\" srcset=\"https:\/\/spinlama.com\/sk\/wp-content\/uploads\/sites\/30\/2020\/11\/telovadni-set-09-800x355.jpg 800w, https:\/\/spinlama.com\/sk\/wp-content\/uploads\/sites\/30\/2020\/11\/telovadni-set-09-510x226.jpg 510w, https:\/\/spinlama.com\/sk\/wp-content\/uploads\/sites\/30\/2020\/11\/telovadni-set-09-1400x621.jpg 1400w, https:\/\/spinlama.com\/sk\/wp-content\/uploads\/sites\/30\/2020\/11\/telovadni-set-09-768x340.jpg 768w, https:\/\/spinlama.com\/sk\/wp-content\/uploads\/sites\/30\/2020\/11\/telovadni-set-09.jpg 1410w\" sizes=\"(max-width: 902px) 100vw, 902px\" \/><\/span><\/p>\n","protected":false},"excerpt":{"rendered":"<p><span style=\"font-size: 115%\"><strong>S fitnes s\u00fapravou m\u00f4\u017eete vykon\u00e1va\u0165 \u0161irok\u00fa \u0161k\u00e1lu cvikov na cel\u00e9 telo a efekt\u00edvne posil\u0148ova\u0165 svaly hrudn\u00edka a brucha, biceps a triceps, stehn\u00e1 a m\u00e4kk\u00e9 svaly, zadok, plecia a chrb\u00e1t.<\/strong><\/span><\/p>\n<p><span style=\"font-size: 110%\">S\u00faprava je tie\u017e ide\u00e1lna na ozvl\u00e1\u0161tnenie va\u0161ich ob\u013e\u00faben\u00fdch tr\u00e9ningov, stre\u010dingu, silov\u00e9ho tr\u00e9ningu, pilates, jogy a skvelou alternat\u00edvou k z\u00e1va\u017eiam a tradi\u010dn\u00fdm cvi\u010debn\u00fdm pom\u00f4ckam.<\/span><\/p>\n","protected":false},"featured_media":126758,"comment_status":"closed","ping_status":"closed","template":"","meta":[],"product_cat":[468],"product_tag":[429,428,425,424,427,430,431,426],"aioseo_notices":[],"_links":{"self":[{"href":"https:\/\/spinlama.com\/sk\/wp-json\/wp\/v2\/product\/126755"}],"collection":[{"href":"https:\/\/spinlama.com\/sk\/wp-json\/wp\/v2\/product"}],"about":[{"href":"https:\/\/spinlama.com\/sk\/wp-json\/wp\/v2\/types\/product"}],"replies":[{"embeddable":true,"href":"https:\/\/spinlama.com\/sk\/wp-json\/wp\/v2\/comments?post=126755"}],"version-history":[{"count":2,"href":"https:\/\/spinlama.com\/sk\/wp-json\/wp\/v2\/product\/126755\/revisions"}],"predecessor-version":[{"id":178170,"href":"https:\/\/spinlama.com\/sk\/wp-json\/wp\/v2\/product\/126755\/revisions\/178170"}],"wp:featuredmedia":[{"embeddable":true,"href":"https:\/\/spinlama.com\/sk\/wp-json\/wp\/v2\/media\/126758"}],"wp:attachment":[{"href":"https:\/\/spinlama.com\/sk\/wp-json\/wp\/v2\/media?parent=126755"}],"wp:term":[{"taxonomy":"product_cat","embeddable":true,"href":"https:\/\/spinlama.com\/sk\/wp-json\/wp\/v2\/product_cat?post=126755"},{"taxonomy":"product_tag","embeddable":true,"href":"https:\/\/spinlama.com\/sk\/wp-json\/wp\/v2\/product_tag?post=126755"}],"curies":[{"name":"wp","href":"https:\/\/api.w.org\/{rel}","templated":true}]}}